{"id":3761,"date":"2025-07-13T10:33:59","date_gmt":"2025-07-13T10:33:59","guid":{"rendered":"https:\/\/dearjewelry.ltd\/product\/prong-setting-9k-gold-earrings-tree-bark-style-9mm-8mm-7mm-size\/"},"modified":"2025-07-13T10:33:59","modified_gmt":"2025-07-13T10:33:59","slug":"prong-setting-9k-gold-earrings-tree-bark-style-9mm-8mm-7mm-size","status":"publish","type":"product","link":"https:\/\/dearjewelry.ltd\/es\/product\/prong-setting-9k-gold-earrings-tree-bark-style-9mm-8mm-7mm-size\/","title":{"rendered":"Pendientes de oro de 9k estilo corteza de \u00e1rbol 9mm 8mm 7mm Tama\u00f1o"},"content":{"rendered":"<h2>Pendientes de oro de 9k estilo corteza de \u00e1rbol 9mm 8mm 7mm Tama\u00f1o<\/h2>\n<p> Descripci\u00f3n<\/p>\n<table cellpadding=\"0\" cellspacing=\"0\" class=\"details_table\">\n<tbody>\n<tr>\n<th>Material:<\/th>\n<td>Pendiente de oro de 9 quilates<\/td>\n<th>Tipo de joya:<\/th>\n<td>Ear Cuff<\/td>\n<\/tr>\n<tr class=\"bg_gray\">\n<th>Corta:<\/th>\n<td>Piedra de luna talla pera<\/td>\n<th>Tipo de ajuste:<\/th>\n<td>Ajuste de las puntas<\/td>\n<\/tr>\n<tr>\n<th>Personal\u00edzalo:<\/th>\n<td>Disponible Personalizar<\/td>\n<th>Color:<\/th>\n<td>Oro blanco \/ Oro amarillo \/ Oro amarillo rosa<\/td>\n<\/tr>\n<tr class=\"bg_gray\">\n<th>Ocasi\u00f3n:<\/th>\n<td>Aniversario, Compromiso, Regalo, Fiesta, Boda<\/td>\n<th>Tipo de pendiente:<\/th>\n<td>Ear Cuff Earrings<\/td>\n<\/tr>\n<tr>\n<th>Special:<\/th>\n<td>Handmade Earring<\/td>\n<th>Tama\u00f1o:<\/th>\n<td>6MM, 7MM 8MM 9MM<\/td>\n<\/tr>\n<tr class=\"bg_gray\">\n<th colspan=\"1\">Luz alta:<\/th>\n<td colspan=\"3\">\n<h2 style='font-weight: bold;font-size: 14px'>Prong Setting 9k Gold Earrings<\/h2>\n<p>, <\/p>\n<h2 style='font-weight: bold;font-size: 14px'>9mm  9k Gold Earrings<\/h2>\n<\/td>\n<\/tr>\n<\/tbody>\n<\/table>\n<p><p><strong><span style=\"font-size:16px\">Descripci\u00f3n del producto:<\/span><\/strong><\/p>\n<p><strong>9K Gold Earring Solid Gold Handmade Ear Cuff Tree Bark Ear Cuff Earrings<\/strong><strong> <\/strong><\/p>\n<table border=\"1\" cellpadding=\"0\" cellspacing=\"0\" style=\"width: 576px\">\n<tbody>\n<tr>\n<td style=\"width: 126px\"><span style=\"font-size:16px\">N\u00ba de art\u00edculo<\/span><\/td>\n<td style=\"width: 443px\">KD258E<\/td>\n<\/tr>\n<tr>\n<td style=\"width: 126px\"><span style=\"font-size:16px\">Nombre del producto<\/span><\/td>\n<td style=\"width: 443px\">Ear Cuff Earrings<\/td>\n<\/tr>\n<tr>\n<td style=\"width: 126px\"><span style=\"font-size:16px\">Estilo<\/span><\/td>\n<td style=\"width: 443px\">Ear Cuff&nbsp;<\/td>\n<\/tr>\n<tr>\n<td style=\"width: 126px\"><span style=\"font-size:16px\">Material<\/span><\/td>\n<td style=\"width: 443px\"><span style=\"font-size:16px\">14K\/18K\/10K\/9K<\/span><\/td>\n<\/tr>\n<tr>\n<td style=\"width: 126px\"><span style=\"font-size:16px\">Tipo de configuraci\u00f3n<\/span><\/td>\n<td style=\"width: 443px\"><span style=\"font-size:16px\">Prong Hand setting<\/span><\/td>\n<\/tr>\n<tr>\n<td style=\"width: 126px\"><span style=\"font-size:16px\">G\u00e9nero<\/span><\/td>\n<td style=\"width: 443px\"><span style=\"font-size:16px\">Lady's, Yound girls<\/span><\/td>\n<\/tr>\n<tr>\n<td style=\"width: 126px\"><span style=\"font-size:16px\">Talla<\/span><\/td>\n<td style=\"width: 443px\">&nbsp;6MM, 7MM 8MM 9MM<\/td>\n<\/tr>\n<tr>\n<td style=\"width: 126px\">Special<span style=\"font-size:16px\">&nbsp;<\/span><\/td>\n<td style=\"width: 443px\"><span style=\"font-size: 16px\">Handmade Earring<\/span><\/td>\n<\/tr>\n<tr>\n<td style=\"width: 126px\"><span style=\"font-size:16px\">Jewelry Type<\/span><\/td>\n<td style=\"width: 443px\">Tree Bark Ear Cuff&nbsp;<\/td>\n<\/tr>\n<tr>\n<td style=\"width: 126px\"><span style=\"font-size:16px\">Ocasi\u00f3n<\/span><\/td>\n<td style=\"width: 443px\"><span style=\"font-size:16px\">Aniversario, Compromiso, Regalo, Fiesta, Boda<\/span><\/td>\n<\/tr>\n<tr>\n<td style=\"width: 126px\"><span style=\"font-size:16px\">Tama\u00f1o del anillo<\/span><\/td>\n<td style=\"width: 443px\"><span style=\"font-size:16px\">Cualquier tama\u00f1o disponible #4#5,#61TP57#8#9#10#11#12<\/span><\/td>\n<\/tr>\n<\/tbody>\n<\/table>\n<p>&nbsp;<\/p>\n<p>&nbsp;<\/p>\n<p><span style=\"font-size:16px\">Por qu\u00e9 elegirnos:<br \/>\n1: K-Gold cuenta con 21 a\u00f1os de experiencia en el sector de la joyer\u00eda y 17 a\u00f1os en producci\u00f3n.<br \/>\n2: Tambi\u00e9n nuestro equipo profesional de I + D para asegurar que nuestros productos se actualizan constantemente y por delante de la industria. As\u00ed que tenemos m\u00e1s de 3000 dise\u00f1os diferentes y m\u00e1s de 46 colecciones pueden satisfacer la demanda de diferentes mercados.<br \/>\n3: Para personalizar los art\u00edculos que usted puede conseguir CAD mismo d\u00eda o al d\u00eda siguiente para confirmar los datos antes del inicio del pedido.<br \/>\n4: El objetivo de K-gold es ofrecer a los clientes productos adecuados al precio adecuado y entregarlos a tiempo.<br \/>\n5: Tenemos un equipo de servicio al cliente de gran alcance que mantiene un ojo en todo el proceso de venta, ayudarle a cualquier pregunta, desde el dise\u00f1o CAD para entregar.<br \/>\nServicio de f\u00e1brica K-Gold:<br \/>\n<img decoding=\"async\" src=\"https:\/\/www.gold-jewellerys.com\/test\/gold-jewellerys.com\/photo\/pl36123473-remark.jpg\"><\/span><\/p>\n<p><span style=\"font-size:16px\"><img decoding=\"async\" src=\"https:\/\/www.gold-jewellerys.com\/test\/gold-jewellerys.com\/photo\/pl36123376-remark.jpg\"><\/span><\/p>\n<p>\n<span style=\"font-size:16px\"><img decoding=\"async\" src=\"https:\/\/www.gold-jewellerys.com\/test\/gold-jewellerys.com\/photo\/pl36123397-remark.jpg\"><br \/>\n<img decoding=\"async\" src=\"https:\/\/www.gold-jewellerys.com\/test\/gold-jewellerys.com\/photo\/pl36219389-remark.jpg\"><\/span><\/p>\n<p><span style=\"font-size:16px\"><img decoding=\"async\" src=\"https:\/\/www.gold-jewellerys.com\/test\/gold-jewellerys.com\/photo\/pl36219445-remark.jpg\"><\/span><\/p>\n<p><span style=\"font-size:16px\"><span style=\"font-family:arial,helvetica,sans-serif\">PREGUNTAS FRECUENTES:<\/span><\/span><\/p>\n<p><span style=\"font-size:16px\"><span style=\"font-family:arial,helvetica,sans-serif\">1: \u00bfC\u00f3mo env\u00edan la mercanc\u00eda y cu\u00e1nto tarda en llegar?<\/span><\/span><\/p>\n<p><span style=\"font-size:16px\"><span style=\"font-family:arial,helvetica,sans-serif\">Por lo general, el env\u00edo de las mercanc\u00edas por el aire expreso de entrega por Fedex, DHL, UPS, EMS ..., Y el tiempo de env\u00edo es de unos 3-5 d\u00edas.<\/span><\/span><\/p>\n<p>&nbsp;<\/p>\n<p><span style=\"font-size:16px\">Persona de contacto: Nancy lee<br \/>\nWhatsApp: +86-18520267369 \/ Tell:+8618520267369<br \/>\nCorreo electr\u00f3nico: nancy@gzkgold.com<br \/>\nP\u00e1gina web:<\/span><\/p>\n<p>&nbsp;<\/p>\n<p><span style=\"font-size:16px\">2: \u00bfPueden personalizar mi logotipo?<br \/>\nS\u00ed, absolutamente usted puede, por favor env\u00edenos su LOGOTIPO, estaremos libres de firmarlo. Para la joyer\u00eda de la marca siempre con el logotipo original,<\/span><\/p>\n<p><span style=\"font-size:16px\">y si necesitas algo en especial, d\u00edmelo.<\/span><\/p>\n<p>&nbsp;<\/p>\n<p><span style=\"font-size:16px\">3: \u00bfC\u00f3mo pago mi pedido?<\/span><\/p>\n<p><span style=\"font-size:16px\">Por favor d\u00edgame su orden entonces le diremos el precio del art\u00edculo, la tarifa de env\u00edo y la tarifa original de la caja y la cantidad total. Usted puede hacer el pago por Western Union \/ T\/T, o Payoneer, procesaremos y enviaremos hacia fuera su orden cuanto antes despu\u00e9s del pago hecho.<\/span><\/p>\n<p>&nbsp;<\/p>\n<p><span style=\"font-size:16px\">4:\u00bfPuedo obtener un certificado?<\/span><\/p>\n<p><span style=\"font-size:16px\">S\u00ed, no tienen el certificado si es necesario y el precio no incluye la tasa. El diamante no GIA certificado o sin ella s\u00f3lo<\/span><\/p>\n<p><span style=\"font-size:16px\">h\u00e1gamelo saber porque hay diferencia de precio .<\/span><\/p>\n<p>&nbsp;<\/p>\n<p><span style=\"font-size:16px\"><span style=\"font-family:arial,helvetica,sans-serif\">5. What&#039;s the deliver time?<\/span><\/span><\/p>\n<p><span style=\"font-size:16px\"><span style=\"font-family:arial,helvetica,sans-serif\">Para pedidos de art\u00edculos en stock, el plazo de entrega es de 2 d\u00edas laborables. Para la orden a granel generalmente 10-14 d\u00edas, tambi\u00e9n dependen de la cantidad espec\u00edfica de la orden.<\/span><\/span><\/p>\n<p>&nbsp;<\/p>\n<p><span style=\"font-size:16px\">6: \u00bfHacen joyas para compradores particulares o s\u00f3lo para mayoristas?<br \/>\nEn realidad estamos hacer toda la venta a quien la venta a en l\u00ednea o tener su propia tienda de dise\u00f1os originales , para la joyer\u00eda de marca permiti\u00f3 que el comprador personal tambi\u00e9n. Usted puede ordenar la joyer\u00eda fina de la marca de la calidad para su familia, amigos y usted mismo en los precios de f\u00e1brica. Incluso ser\u00e1 grande si usted es un revendedor de joyas. Proporcionaremos el env\u00edo libre y las cajas originales libres de la marca si usted puede pedir muchos art\u00edculos cada vez. M\u00e1s cantidad entonces mejor precio .<\/span><\/p>\n<p style=\"padding: 0px;border: 0px\">\n&nbsp;<\/p><\/p>","protected":false},"excerpt":{"rendered":"<br \/>\n<table class=\"tables data\" width=\"100%\" border=\"0\" cellpadding=\"0\" cellspacing=\"0\">\n<tbody>\n<tr>\n<th width=\"35%\">Lugar de origen:<\/th>\n<td>China<\/td>\n<\/tr>\n<tr>\n<th width=\"35%\">Marca:<\/th>\n<td>Joyas de oro K<\/td>\n<\/tr>\n<tr>\n<th width=\"35%\">Certificaci\u00f3n:<\/th>\n<td>Certificado de joyer\u00eda<\/td>\n<\/tr>\n<tr>\n<th width=\"35%\">N\u00famero de modelo:<\/th>\n<td>KD258E<\/td>\n<\/tr>\n<\/tbody>\n<\/table>\n<p>                                                                            <span class=\"title_s\">Condiciones de pago y env\u00edo:<\/span>                            <\/p>\n<table class=\"tables data\" width=\"100%\" border=\"0\" cellpadding=\"0\" cellspacing=\"0\">\n<tbody>\n<tr>\n<th width=\"35%\" nowrap=\"nowrap\">Cantidad m\u00ednima de pedido:<\/th>\n<td>3<\/td>\n<\/tr>\n<tr>\n<th width=\"35%\" nowrap=\"nowrap\">Precio:<\/th>\n<td>Negociable<\/td>\n<\/tr>\n<tr>\n<th width=\"35%\" nowrap=\"nowrap\">Detalles del embalaje:<\/th>\n<td>Bolsa PP gruesa est\u00e1ndar, la marca vendr\u00e1 con la marca Embalaje<\/td>\n<\/tr>\n<tr>\n<th width=\"35%\" nowrap=\"nowrap\">Plazo de entrega:<\/th>\n<td>5-15 d\u00edas laborables<\/td>\n<\/tr>\n<tr>\n<th width=\"35%\" nowrap=\"nowrap\">Condiciones de pago:<\/th>\n<td>T\/T, Western Union<\/td>\n<\/tr>\n<tr>\n<th width=\"35%\" nowrap=\"nowrap\">Capacidad de suministro:<\/th>\n<td>2000pcs\/Mes<\/td>\n<\/tr>\n<\/tbody>\n<\/table>","protected":false},"featured_media":3758,"comment_status":"closed","ping_status":"closed","template":"","meta":{"_gspb_post_css":""},"product_brand":[],"product_cat":[24],"product_tag":[],"class_list":{"0":"post-3761","1":"product","2":"type-product","3":"status-publish","4":"has-post-thumbnail","6":"product_cat-alexandrite-silver-jewelry","8":"first","9":"instock","10":"shipping-taxable","11":"product-type-simple"},"aioseo_notices":[],"_links":{"self":[{"href":"https:\/\/dearjewelry.ltd\/es\/wp-json\/wp\/v2\/product\/3761","targetHints":{"allow":["GET"]}}],"collection":[{"href":"https:\/\/dearjewelry.ltd\/es\/wp-json\/wp\/v2\/product"}],"about":[{"href":"https:\/\/dearjewelry.ltd\/es\/wp-json\/wp\/v2\/types\/product"}],"replies":[{"embeddable":true,"href":"https:\/\/dearjewelry.ltd\/es\/wp-json\/wp\/v2\/comments?post=3761"}],"wp:featuredmedia":[{"embeddable":true,"href":"https:\/\/dearjewelry.ltd\/es\/wp-json\/wp\/v2\/media\/3758"}],"wp:attachment":[{"href":"https:\/\/dearjewelry.ltd\/es\/wp-json\/wp\/v2\/media?parent=3761"}],"wp:term":[{"taxonomy":"product_brand","embeddable":true,"href":"https:\/\/dearjewelry.ltd\/es\/wp-json\/wp\/v2\/product_brand?post=3761"},{"taxonomy":"product_cat","embeddable":true,"href":"https:\/\/dearjewelry.ltd\/es\/wp-json\/wp\/v2\/product_cat?post=3761"},{"taxonomy":"product_tag","embeddable":true,"href":"https:\/\/dearjewelry.ltd\/es\/wp-json\/wp\/v2\/product_tag?post=3761"}],"curies":[{"name":"wp","href":"https:\/\/api.w.org\/{rel}","templated":true}]}}