{"id":3737,"date":"2025-07-13T10:33:50","date_gmt":"2025-07-13T10:33:50","guid":{"rendered":"https:\/\/dearjewelry.ltd\/product\/anniversary-gold-skull-earrings-3x5mm-prong-hand-setting-type-odm\/"},"modified":"2025-07-13T10:33:50","modified_gmt":"2025-07-13T10:33:50","slug":"anniversary-gold-skull-earrings-3x5mm-prong-hand-setting-type-odm","status":"publish","type":"product","link":"https:\/\/dearjewelry.ltd\/es\/product\/anniversary-gold-skull-earrings-3x5mm-prong-hand-setting-type-odm\/","title":{"rendered":"Aniversario Pendientes Calavera de Oro 3\u00d75MM Prong Engaste Manual Tipo ODM"},"content":{"rendered":"<h2>Aniversario Pendientes Calavera de Oro 3\u00d75MM Prong Engaste Manual Tipo ODM<\/h2>\n<p> Descripci\u00f3n<\/p>\n<table cellpadding=\"0\" cellspacing=\"0\" class=\"details_table\">\n<tbody>\n<tr>\n<th>Material:<\/th>\n<td>9K\/10K\/14K\/18K<\/td>\n<th>Forma:<\/th>\n<td>Skull Earrings<\/td>\n<\/tr>\n<tr class=\"bg_gray\">\n<th>Personal\u00edzalo:<\/th>\n<td>Disponible Personalizar<\/td>\n<th>Color:<\/th>\n<td>Oro blanco \/ Oro amarillo \/ Oro amarillo rosa<\/td>\n<\/tr>\n<tr>\n<th>Estilo:<\/th>\n<td>Moon  Earrings<\/td>\n<th>Muestra:<\/th>\n<td>Muestra disponible<\/td>\n<\/tr>\n<tr class=\"bg_gray\">\n<th>Tipo de pendientes:<\/th>\n<td>Pendientes<\/td>\n<th>Tama\u00f1o:<\/th>\n<td>About 3*5 MM<\/td>\n<\/tr>\n<tr>\n<th colspan=\"1\">Luz alta:<\/th>\n<td colspan=\"3\">\n<h2 style='font-weight: bold;font-size: 14px'>Gold Skull Earrings 5MM<\/h2>\n<p>, <\/p>\n<h2 style='font-weight: bold;font-size: 14px'>Gold Skull Earrings 3MM<\/h2>\n<p>, <\/p>\n<h2 style='font-weight: bold;font-size: 14px'>ODM Skull Gold Earrings<\/h2>\n<\/td>\n<\/tr>\n<\/tbody>\n<\/table>\n<p><p><strong><span style=\"font-size:16px\"><span style=\"font-family:arial,helvetica,sans-serif\">Descripci\u00f3n del producto:<\/span><\/span><\/strong><\/p>\n<p><strong>9K Gold Earring Skull Stud Earrings Solid K Gold Small Studs Earrings<\/strong><strong><span style=\"font-size:16px\"> <\/span><\/strong><\/p>\n<table border=\"1\" cellpadding=\"0\" cellspacing=\"0\" style=\"width: 576px\">\n<tbody>\n<tr>\n<td style=\"width: 126px\"><span style=\"font-size:16px\">N\u00ba de art\u00edculo<\/span><\/td>\n<td style=\"width: 443px\">KD223E<\/td>\n<\/tr>\n<tr>\n<td style=\"width: 126px\"><span style=\"font-size:16px\">Nombre del producto<\/span><\/td>\n<td style=\"width: 443px\"><span style=\"font-size:16px\">9K Gold Skull Earrings<\/span><\/td>\n<\/tr>\n<tr>\n<td style=\"width: 126px\"><span style=\"font-size:16px\">Estilo<\/span><\/td>\n<td style=\"width: 443px\"><span style=\"font-size:16px\">9K Gold Stud Earrings<\/span><\/td>\n<\/tr>\n<tr>\n<td style=\"width: 126px\"><span style=\"font-size:16px\">Material<\/span><\/td>\n<td style=\"width: 443px\"><span style=\"font-size:16px\">9K\/10K\/14K\/18K\/22K\/24K<\/span><\/td>\n<\/tr>\n<tr>\n<td style=\"width: 126px\"><span style=\"font-size:16px\">Tipo de configuraci\u00f3n<\/span><\/td>\n<td style=\"width: 443px\"><span style=\"font-size:16px\">Prong Hand setting<\/span><\/td>\n<\/tr>\n<tr>\n<td style=\"width: 126px\"><span style=\"font-size:16px\">G\u00e9nero<\/span><\/td>\n<td style=\"width: 443px\"><span style=\"font-size:16px\">Lady's, Yound girls<\/span><\/td>\n<\/tr>\n<tr>\n<td style=\"width: 126px\"><span style=\"font-size:16px\">Piedra diminuta<\/span><\/td>\n<td style=\"width: 443px\"><span style=\"font-size: 16px\">&nbsp;\/<\/span><\/td>\n<\/tr>\n<tr>\n<td style=\"width: 126px\"><span style=\"font-size:16px\">Piedra principal<\/span><\/td>\n<td style=\"width: 443px\"><span style=\"font-size:16px\">\/<\/span><\/td>\n<\/tr>\n<tr>\n<td style=\"width: 126px\"><span style=\"font-size:16px\">Dimensi\u00f3n<\/span><\/td>\n<td style=\"width: 443px\"><span style=\"font-size:16px\">&nbsp;about 3*5 MM<\/span><\/td>\n<\/tr>\n<tr>\n<td style=\"width: 126px\"><span style=\"font-size:16px\">Ocasi\u00f3n<\/span><\/td>\n<td style=\"width: 443px\"><span style=\"font-size:16px\">Aniversario, Compromiso, Regalo, Fiesta, Boda<\/span><\/td>\n<\/tr>\n<tr>\n<td style=\"width: 126px\">Estilo<\/td>\n<td style=\"width: 443px\">&nbsp;Unique Stud Earrings<\/td>\n<\/tr>\n<\/tbody>\n<\/table>\n<p>\n<span style=\"font-size:16px\"><strong><span style=\"font-family:arial,helvetica,sans-serif\">Detalle de la producci\u00f3n :<\/span><\/strong><\/span><br \/>\n<span style=\"font-size:16px\"><font face=\"arial, helvetica, sans-serif\">Size: About 3*5 MM&nbsp;<\/font><\/span><\/p>\n<p>\n<span style=\"font-size:16px\"><span style=\"font-family:arial,helvetica,sans-serif\">Por qu\u00e9 elegirnos:<\/span><br \/>\n<span style=\"font-family:arial,helvetica,sans-serif\">1: K-Gold cuenta con 21 a\u00f1os de experiencia en el sector de la joyer\u00eda y 17 a\u00f1os en producci\u00f3n.<\/span><br \/>\n<span style=\"font-family:arial,helvetica,sans-serif\">2: Tambi\u00e9n nuestro equipo profesional de I + D para asegurar que nuestros productos se actualizan constantemente y por delante de la industria. As\u00ed que tenemos m\u00e1s de 3000 dise\u00f1os diferentes y m\u00e1s de 46 colecciones pueden satisfacer la demanda de diferentes mercados.<\/span><br \/>\n<span style=\"font-family:arial,helvetica,sans-serif\">3: Para personalizar los art\u00edculos que usted puede conseguir CAD mismo d\u00eda o al d\u00eda siguiente para confirmar los datos antes del inicio del pedido.<\/span><br \/>\n<span style=\"font-family:arial,helvetica,sans-serif\">4: El objetivo de K-gold es ofrecer a los clientes productos adecuados al precio adecuado y entregarlos a tiempo.<\/span><br \/>\n<span style=\"font-family:arial,helvetica,sans-serif\">5: Tenemos un equipo de servicio al cliente de gran alcance que mantiene un ojo en todo el proceso de venta, ayudarle a cualquier pregunta, desde el dise\u00f1o CAD para entregar.<\/span><br \/>\n<span style=\"font-family:arial,helvetica,sans-serif\">Servicio de f\u00e1brica K-Gold:<\/span><\/span><\/p>\n<p><span style=\"font-size:16px\"><img decoding=\"async\" src=\"https:\/\/www.gold-jewellerys.com\/test\/gold-jewellerys.com\/photo\/pl36123376-remark.jpg\"><\/span><\/p>\n<p><span style=\"font-size:16px\"><img decoding=\"async\" src=\"https:\/\/www.gold-jewellerys.com\/test\/gold-jewellerys.com\/photo\/pl36219389-remark.jpg\"><\/span><\/p>\n<p><span style=\"font-size:16px\"><img decoding=\"async\" src=\"https:\/\/www.gold-jewellerys.com\/test\/gold-jewellerys.com\/photo\/pl36219445-remark.jpg\"><\/span><\/p>\n<p><span style=\"font-size:16px\">PREGUNTAS FRECUENTES:<\/span><\/p>\n<p><span style=\"font-size:16px\"><span style=\"font-family:arial,helvetica,sans-serif\">1: Are you factory or wholesaler or trading company? <\/span><\/span><\/p>\n<p><span style=\"font-size:16px\"><span style=\"font-family:arial,helvetica,sans-serif\">Somos un fabricante de joyer\u00eda tiene m\u00e1s de 17 a\u00f1os de experiencia.<\/span><\/span><\/p>\n<p>&nbsp;<\/p>\n<p><span style=\"font-size:16px\">Persona de contacto: Nancy lee<br \/>\nWhatsApp: +86-18520267369 \/ Tell:+8618520267369<br \/>\nCorreo electr\u00f3nico: nancy@gzkgold.com<br \/>\nP\u00e1gina web:<\/span><\/p>\n<p>&nbsp;<\/p>\n<p><span style=\"font-size:16px\"><span style=\"font-family:arial,helvetica,sans-serif\">2: \u00bfExisten dise\u00f1os personalizados, estampado de logotipos y OEM?<\/span><\/span><\/p>\n<p><span style=\"font-size:16px\"><span style=\"font-family:arial,helvetica,sans-serif\">S\u00ed, dise\u00f1os personalizados, estampado de logotipos y OEM son siempre bienvenidos<\/span><\/span><\/p>\n<p>&nbsp;<\/p>\n<p><span style=\"font-size:16px\">3: \u00bfC\u00f3mo pago mi pedido?<\/span><\/p>\n<p><span style=\"font-size:16px\">Por favor d\u00edgame su orden entonces le diremos el precio del art\u00edculo, la tarifa de env\u00edo y la tarifa original de la caja y la cantidad total. Usted puede hacer el pago por Western Union \/ T\/T, o Payoneer, procesaremos y enviaremos hacia fuera su orden cuanto antes despu\u00e9s del pago hecho.<\/span><\/p>\n<p>&nbsp;<\/p>\n<p><span style=\"font-size:16px\">4:\u00bfPuedo obtener un certificado?<\/span><\/p>\n<p><span style=\"font-size:16px\">S\u00ed, no tienen el certificado si es necesario y el precio no incluir\u00e1 la tasa. El diamante hay GIA certificado o sin ella s\u00f3lo h\u00e1gamelo saber porque hay diferencia de precio.<\/span><\/p>\n<p>&nbsp;<\/p>\n<p><span style=\"font-size:16px\">5. How about the package?<\/span><\/p>\n<p><span style=\"font-size:16px\">Por lo general, utilizamos la bolsa de PP para piezas individuales, si usted tiene cualquier otro paquete especial, como regalo o bolsa de terciopelo, que se cargar\u00e1 en el costo.<\/span><\/p>\n<p>&nbsp;<\/p>\n<p><span style=\"font-size:16px\">6: \u00bfHacen joyas para compradores particulares o s\u00f3lo para mayoristas?<br \/>\nEn realidad estamos hacer toda la venta a quien la venta a en l\u00ednea o tener su propia tienda de dise\u00f1os originales , para la joyer\u00eda de marca permiti\u00f3 que el comprador personal tambi\u00e9n. Usted puede ordenar la joyer\u00eda fina de la marca de la calidad para su familia, amigos y usted mismo en los precios de f\u00e1brica. Incluso ser\u00e1 grande si usted es un revendedor de joyas. Proporcionaremos el env\u00edo libre y las cajas originales libres de la marca si usted puede pedir muchos art\u00edculos cada vez. M\u00e1s cantidad entonces mejor precio .<\/span><\/p>\n<p style=\"padding: 0px;border: 0px\">\n&nbsp;<\/p><\/p>","protected":false},"excerpt":{"rendered":"<br \/>\n<table class=\"tables data\" width=\"100%\" border=\"0\" cellpadding=\"0\" cellspacing=\"0\">\n<tbody>\n<tr>\n<th width=\"35%\">Lugar de origen:<\/th>\n<td>China<\/td>\n<\/tr>\n<tr>\n<th width=\"35%\">Marca:<\/th>\n<td>Joyas de oro K<\/td>\n<\/tr>\n<tr>\n<th width=\"35%\">Certificaci\u00f3n:<\/th>\n<td>Certificado de joyer\u00eda<\/td>\n<\/tr>\n<tr>\n<th width=\"35%\">N\u00famero de modelo:<\/th>\n<td>KD223E<\/td>\n<\/tr>\n<\/tbody>\n<\/table>\n<p>                                                                            <span class=\"title_s\">Condiciones de pago y env\u00edo:<\/span>                            <\/p>\n<table class=\"tables data\" width=\"100%\" border=\"0\" cellpadding=\"0\" cellspacing=\"0\">\n<tbody>\n<tr>\n<th width=\"35%\" nowrap=\"nowrap\">Cantidad m\u00ednima de pedido:<\/th>\n<td>3<\/td>\n<\/tr>\n<tr>\n<th width=\"35%\" nowrap=\"nowrap\">Precio:<\/th>\n<td>Negociable<\/td>\n<\/tr>\n<tr>\n<th width=\"35%\" nowrap=\"nowrap\">Detalles del embalaje:<\/th>\n<td>Bolsa PP gruesa est\u00e1ndar, la marca vendr\u00e1 con la marca Embalaje<\/td>\n<\/tr>\n<tr>\n<th width=\"35%\" nowrap=\"nowrap\">Plazo de entrega:<\/th>\n<td>5-15 d\u00edas laborables<\/td>\n<\/tr>\n<tr>\n<th width=\"35%\" nowrap=\"nowrap\">Condiciones de pago:<\/th>\n<td>T\/T, Western Union<\/td>\n<\/tr>\n<tr>\n<th width=\"35%\" nowrap=\"nowrap\">Capacidad de suministro:<\/th>\n<td>2000pcs\/Mes<\/td>\n<\/tr>\n<\/tbody>\n<\/table>","protected":false},"featured_media":3732,"comment_status":"closed","ping_status":"closed","template":"","meta":{"_gspb_post_css":""},"product_brand":[],"product_cat":[24],"product_tag":[],"class_list":{"0":"post-3737","1":"product","2":"type-product","3":"status-publish","4":"has-post-thumbnail","6":"product_cat-alexandrite-silver-jewelry","8":"first","9":"instock","10":"shipping-taxable","11":"product-type-simple"},"aioseo_notices":[],"_links":{"self":[{"href":"https:\/\/dearjewelry.ltd\/es\/wp-json\/wp\/v2\/product\/3737","targetHints":{"allow":["GET"]}}],"collection":[{"href":"https:\/\/dearjewelry.ltd\/es\/wp-json\/wp\/v2\/product"}],"about":[{"href":"https:\/\/dearjewelry.ltd\/es\/wp-json\/wp\/v2\/types\/product"}],"replies":[{"embeddable":true,"href":"https:\/\/dearjewelry.ltd\/es\/wp-json\/wp\/v2\/comments?post=3737"}],"wp:featuredmedia":[{"embeddable":true,"href":"https:\/\/dearjewelry.ltd\/es\/wp-json\/wp\/v2\/media\/3732"}],"wp:attachment":[{"href":"https:\/\/dearjewelry.ltd\/es\/wp-json\/wp\/v2\/media?parent=3737"}],"wp:term":[{"taxonomy":"product_brand","embeddable":true,"href":"https:\/\/dearjewelry.ltd\/es\/wp-json\/wp\/v2\/product_brand?post=3737"},{"taxonomy":"product_cat","embeddable":true,"href":"https:\/\/dearjewelry.ltd\/es\/wp-json\/wp\/v2\/product_cat?post=3737"},{"taxonomy":"product_tag","embeddable":true,"href":"https:\/\/dearjewelry.ltd\/es\/wp-json\/wp\/v2\/product_tag?post=3737"}],"curies":[{"name":"wp","href":"https:\/\/api.w.org\/{rel}","templated":true}]}}