{"id":2471,"date":"2025-07-13T10:26:21","date_gmt":"2025-07-13T10:26:21","guid":{"rendered":"https:\/\/dearjewelry.ltd\/product\/7ct-8ct-18k-rose-gold-ring-engagement-and-wedding-ring-set-7-0mm-pear-cut\/"},"modified":"2025-07-13T10:26:21","modified_gmt":"2025-07-13T10:26:21","slug":"7ct-8ct-18k-anillo-de-oro-rosa-anillo-de-compromiso-y-boda-conjunto-7-0mm-corte-pera","status":"publish","type":"product","link":"https:\/\/dearjewelry.ltd\/es\/product\/7ct-8ct-18k-anillo-de-oro-rosa-anillo-de-compromiso-y-boda-conjunto-7-0mm-corte-pera\/","title":{"rendered":"7ct 8ct 18K Anillo de Oro Rosa , Anillo de compromiso y boda Set 7.0mm Pear Cut"},"content":{"rendered":"<h2>7ct 8ct 18K Anillo de Oro Rosa , Anillo de compromiso y boda Set 7.0mm Pear Cut<\/h2>\n<p> Descripci\u00f3n<\/p>\n<table cellpadding=\"0\" cellspacing=\"0\" class=\"details_table\">\n<tbody>\n<tr>\n<th>Tipo de metal:<\/th>\n<td>Oro<\/td>\n<th>Color del metal:<\/th>\n<td>Dos tonos<\/td>\n<\/tr>\n<tr class=\"bg_gray\">\n<th>Quilates de oro:<\/th>\n<td>18K<\/td>\n<th>Estilo del anillo:<\/th>\n<td>Anillo de compromiso<\/td>\n<\/tr>\n<tr>\n<th>Tama\u00f1o est\u00e1ndar del anillo:<\/th>\n<td>7.0<\/td>\n<th>Tipo de piedra:<\/th>\n<td>Diamante<\/td>\n<\/tr>\n<tr class=\"bg_gray\">\n<th>Clase Piedra:<\/th>\n<td>Natural<\/td>\n<th>Engaste de piedras:<\/th>\n<td>Ajuste de las puntas<\/td>\n<\/tr>\n<tr>\n<th>Ocasi\u00f3n:<\/th>\n<td>Aniversario, Compromiso, Regalo, Fiesta, Boda<\/td>\n<th>Color:<\/th>\n<td>Oro rosa<\/td>\n<\/tr>\n<tr class=\"bg_gray\">\n<th colspan=\"1\">Destaca:<\/th>\n<td colspan=\"3\">\n<h2 style='font-weight: bold;font-size: 14px'>Anillo de oro rosa de 18 quilates de 7,0 mm<\/h2>\n<p>, <\/p>\n<h2 style='font-weight: bold;font-size: 14px'>Anillo de oro rosa de 18 quilates 7ct<\/h2>\n<p>, <\/p>\n<h2 style='font-weight: bold;font-size: 14px'>7ct compromiso y anillo de boda conjunto<\/h2>\n<\/td>\n<\/tr>\n<\/tbody>\n<\/table>\n<p><p><span style=\"font-size:16px\"><span style=\"font-family:arial,helvetica,sans-serif\">Descripci\u00f3n del producto:<\/span><\/span><\/p>\n<p><strong><span style=\"font-size:16px\">18K Anillo de Oro Rosa Diamantes Anillos de Novia 7\/8 ct tw Joyer\u00eda de Boda Banda<\/span><\/strong><\/p>\n<table border=\"1\" cellpadding=\"0\" cellspacing=\"0\" style=\"width: 576px\">\n<tbody>\n<tr>\n<td style=\"width: 126px\"><span style=\"font-size:16px\">&nbsp;N\u00ba de art\u00edculo<\/span><\/td>\n<td style=\"width: 444px\"><span style=\"font-size:16px\">&nbsp;<\/span>KD217R<\/td>\n<\/tr>\n<tr>\n<td style=\"width: 126px\"><span style=\"font-size:16px\">&nbsp;Nombre del producto<\/span><\/td>\n<td style=\"width: 444px\"><span style=\"font-size:16px\">&nbsp;Anillo de oro rosa de 18 quilates<\/span><\/td>\n<\/tr>\n<tr>\n<td style=\"width: 126px\"><span style=\"font-size:16px\">&nbsp;Estilo<\/span><\/td>\n<td style=\"width: 444px\"><span style=\"font-size:16px\">&nbsp;Joyas con diamantes<\/span><\/td>\n<\/tr>\n<tr>\n<td style=\"width: 126px\"><span style=\"font-size:16px\">&nbsp;Material<\/span><\/td>\n<td style=\"width: 444px\"><span style=\"font-size:16px\">&nbsp;Oro 14K\/18K<\/span><\/td>\n<\/tr>\n<tr>\n<td style=\"width: 126px\"><span style=\"font-size:16px\">&nbsp;Tipo de configuraci\u00f3n<\/span><\/td>\n<td style=\"width: 444px\"><span style=\"font-size:16px\">&nbsp;Clavija com\u00fan<\/span><\/td>\n<\/tr>\n<tr>\n<td style=\"width: 126px\"><span style=\"font-size:16px\">&nbsp;G\u00e9nero<\/span><\/td>\n<td style=\"width: 444px\"><span style=\"font-size:16px\">&nbsp;Mujer,Se\u00f1oras,Pareja,Jovencitas<\/span><\/td>\n<\/tr>\n<tr>\n<td style=\"width: 126px\"><span style=\"font-size:16px\">&nbsp;Piedra diminuta<\/span><\/td>\n<td style=\"width: 444px\"><span style=\"font-size:16px\">&nbsp;Diamante aut\u00e9ntico\/Diamante de laboratorio\/Mosianita\/Todas las gemas<\/span><\/td>\n<\/tr>\n<tr>\n<td style=\"width: 126px\"><span style=\"font-size:16px\">&nbsp;Piedra principal<\/span><\/td>\n<td style=\"width: 444px\"><span style=\"font-size:16px\">&nbsp;Diamante real<\/span><\/td>\n<\/tr>\n<tr>\n<td style=\"width: 126px\"><span style=\"font-size:16px\">&nbsp;Dimensi\u00f3n<\/span><\/td>\n<td style=\"width: 444px\"><span style=\"font-size:16px\">&nbsp;7.0<\/span><span style=\"font-size:16px\">mm Corte Pera<\/span><\/td>\n<\/tr>\n<tr>\n<td style=\"width: 126px\"><span style=\"font-size:16px\">&nbsp;Ocasi\u00f3n<\/span><\/td>\n<td style=\"width: 444px\"><span style=\"font-size:16px\">&nbsp;Aniversario, Compromiso, Regalo, Fiesta, Boda<\/span><\/td>\n<\/tr>\n<tr>\n<td style=\"width: 126px\"><span style=\"font-size:16px\">&nbsp;Tama\u00f1o del anillo<\/span><\/td>\n<td style=\"width: 444px\"><span style=\"font-size:16px\">&nbsp;Cualquier tama\u00f1o disponible #4, #5, #6, #7, #8, #9, #10, #11, #12<\/span><\/td>\n<\/tr>\n<\/tbody>\n<\/table>\n<p>&nbsp;<\/p>\n<p><span style=\"font-size:16px\">Ver especificaciones adicionales:<\/span><\/p>\n<p><span style=\"font-size:16px\">PIEDRA(S):<br \/>\nPeso total (CT. T.W.): 7\/8<br \/>\nT.W. de la piedra central : 1\/3<br \/>\nColor: I<br \/>\nClaridad: I1<br \/>\nForma de la piedra: Pera<br \/>\nRango de quilates de la piedra: 1\/2 a 1<br \/>\nTipo de piedra 2: Diamante<br \/>\nPiedra 2 Forma: Redonda<br \/>\nEngaste: Engastado<br \/>\nTama\u00f1o est\u00e1ndar del anillo: 7.0<\/span><\/p>\n<p>&nbsp;<\/p>\n<p>&nbsp;<\/p>\n<p>\n<span style=\"font-size:16px\"><span style=\"font-family:arial,helvetica,sans-serif\">Por qu\u00e9 elegirnos:<\/span><br \/>\n<span style=\"font-family:arial,helvetica,sans-serif\">1: K-Gold cuenta con 21 a\u00f1os de experiencia en el sector de la joyer\u00eda y 17 a\u00f1os en producci\u00f3n.<\/span><br \/>\n<span style=\"font-family:arial,helvetica,sans-serif\">2: Tambi\u00e9n nuestro equipo profesional de I + D para asegurar que nuestros productos se actualizan constantemente y por delante de la industria. As\u00ed que tenemos m\u00e1s de 3000 dise\u00f1os diferentes y m\u00e1s de 46 colecciones pueden satisfacer la demanda de diferentes mercados.<\/span><br \/>\n<span style=\"font-family:arial,helvetica,sans-serif\">3: Para personalizar los art\u00edculos que usted puede conseguir CAD mismo d\u00eda o al d\u00eda siguiente para confirmar los datos antes del inicio del pedido.<\/span><br \/>\n<span style=\"font-family:arial,helvetica,sans-serif\">4: El objetivo de K-gold es ofrecer a los clientes productos adecuados al precio adecuado y entregarlos a tiempo.<\/span><br \/>\n<span style=\"font-family:arial,helvetica,sans-serif\">5: Contamos con un potente equipo de atenci\u00f3n al cliente que vigila todo el proceso de venta, le ayuda con cualquier duda, desde el dise\u00f1o CAD hasta la entrega.<\/span><br \/>\n<span style=\"font-family:arial,helvetica,sans-serif\">Servicio de f\u00e1brica K-Gold:<\/span><\/span><br \/>\n<img decoding=\"async\" src=\"https:\/\/www.gold-jewellerys.com\/test\/gold-jewellerys.com\/photo\/pl36123473-remark.jpg\"><\/p>\n<p>\n<img decoding=\"async\" src=\"https:\/\/www.gold-jewellerys.com\/test\/gold-jewellerys.com\/photo\/pl36123394-remark.jpg\"><\/p>\n<p>&nbsp;<\/p>\n<p>&nbsp;<\/p>\n<p>PREGUNTAS FRECUENTES:<\/p>\n<p>1: P: \u00bfC\u00f3mo podemos obtener el precio?<\/p>\n<p>&nbsp; &nbsp; R: Le invitamos a ponerse en contacto con nosotros en whatsapp. Apenas env\u00edenos las im\u00e1genes de los art\u00edculos usted quiere entonces que le diremos los precios cuanto antes.<\/p>\n<p>&nbsp;<\/p>\n<p>2: P: \u00bfPueden personalizar mi logotipo?<br \/>\n&nbsp; &nbsp; A: S\u00ed, absolutamente usted puede, por favor env\u00edenos su LOGO, nosotros liberar\u00e1 para firmarlo. Para la joyer\u00eda de la marca siempre con el logotipo orginal,<\/p>\n<p>y si necesitas algo en especial, d\u00edmelo.<\/p>\n<p>&nbsp;<\/p>\n<p>3: P: \u00bfC\u00f3mo pago mi pedido?<\/p>\n<p>&nbsp; &nbsp; A: Por favor d\u00edgame su orden entonces le diremos el precio del art\u00edculo, tarifa del env\u00edo y tarifa original de la caja y cantidad total. Usted puede hacer el pago por Western Union \/ T\/T, o Payoneer, procesaremos y enviaremos hacia fuera su orden cuanto antes despu\u00e9s del pago hecho.<\/p>\n<p>&nbsp;<\/p>\n<p>4: P: \u00bfPuedo obtener un certificado?<\/p>\n<p>&nbsp; &nbsp; R: S\u00ed, no tienen el certificado si es necesario y el precio no incluye la tasa. El diamante no GIA certificado o sin ella s\u00f3lo<\/p>\n<p>h\u00e1gamelo saber porque hay diferencia de precio .<\/p>\n<p>&nbsp;<\/p>\n<p>5: P: \u00bfPuedo estampar mi propio logotipo en el anillo?<\/p>\n<p>&nbsp; &nbsp; R: S\u00ed, normalmente podemos estamparle el logotipo de forma gratuita.<\/p>\n<p>&nbsp;<\/p>\n<p>6: P: \u00bfC\u00f3mo debo limpiar mis joyas?<\/p>\n<p>&nbsp; &nbsp; R: Para una limpieza ligera, recomendamos utilizar un jab\u00f3n suave para vajilla y agua tibia, o una toallita de joyer\u00eda de marca.<\/p>\n<p style=\"padding: 0px;border: 0px\">\n&nbsp;<\/p><\/p>","protected":false},"excerpt":{"rendered":"<br \/>\n<table class=\"tables data\" width=\"100%\" border=\"0\" cellpadding=\"0\" cellspacing=\"0\">\n<tbody>\n<tr>\n<th width=\"35%\">Lugar de origen:<\/th>\n<td>China<\/td>\n<\/tr>\n<tr>\n<th width=\"35%\">Marca:<\/th>\n<td>Joyas de oro K<\/td>\n<\/tr>\n<tr>\n<th width=\"35%\">Certificaci\u00f3n:<\/th>\n<td>Certificado de joyer\u00eda<\/td>\n<\/tr>\n<tr>\n<th width=\"35%\">N\u00famero de modelo:<\/th>\n<td>KD217R<\/td>\n<\/tr>\n<\/tbody>\n<\/table>\n<p>                                                                            <span class=\"title_s\">Condiciones de pago y env\u00edo:<\/span>                            <\/p>\n<table class=\"tables data\" width=\"100%\" border=\"0\" cellpadding=\"0\" cellspacing=\"0\">\n<tbody>\n<tr>\n<th width=\"35%\" nowrap=\"nowrap\">Cantidad m\u00ednima de pedido:<\/th>\n<td>3<\/td>\n<\/tr>\n<tr>\n<th width=\"35%\" nowrap=\"nowrap\">Precio:<\/th>\n<td>Negociable<\/td>\n<\/tr>\n<tr>\n<th width=\"35%\" nowrap=\"nowrap\">Detalles del embalaje:<\/th>\n<td>Bolsa PP gruesa est\u00e1ndar, la marca vendr\u00e1 con la marca Embalaje<\/td>\n<\/tr>\n<tr>\n<th width=\"35%\" nowrap=\"nowrap\">Plazo de entrega:<\/th>\n<td>5-15 d\u00edas laborables<\/td>\n<\/tr>\n<tr>\n<th width=\"35%\" nowrap=\"nowrap\">Condiciones de pago:<\/th>\n<td>T\/T, Western Union<\/td>\n<\/tr>\n<tr>\n<th width=\"35%\" nowrap=\"nowrap\">Capacidad de suministro:<\/th>\n<td>2000pcs\/Mes<\/td>\n<\/tr>\n<\/tbody>\n<\/table>\n<p>                                                                                                                                \", \"countrycode\": \"BE\"}\");' class=\"btn contact_btn\" style=\"display: inline-block;background:#ff771c url(\/images\/css-sprite.png) -260px -214px;color:#fff;padding:0 13px 0 33px;width:auto;height:25px;line-height:26px;border:0;font-size:13px;border-radius:4px;font-weight:bold;text-decoration:none;\"&gt;<\/p>","protected":false},"featured_media":2468,"comment_status":"closed","ping_status":"closed","template":"","meta":{"_gspb_post_css":""},"product_brand":[],"product_cat":[21],"product_tag":[],"class_list":{"0":"post-2471","1":"product","2":"type-product","3":"status-publish","4":"has-post-thumbnail","6":"product_cat-sea-life-jewelry","8":"first","9":"instock","10":"shipping-taxable","11":"product-type-simple"},"aioseo_notices":[],"_links":{"self":[{"href":"https:\/\/dearjewelry.ltd\/es\/wp-json\/wp\/v2\/product\/2471","targetHints":{"allow":["GET"]}}],"collection":[{"href":"https:\/\/dearjewelry.ltd\/es\/wp-json\/wp\/v2\/product"}],"about":[{"href":"https:\/\/dearjewelry.ltd\/es\/wp-json\/wp\/v2\/types\/product"}],"replies":[{"embeddable":true,"href":"https:\/\/dearjewelry.ltd\/es\/wp-json\/wp\/v2\/comments?post=2471"}],"wp:featuredmedia":[{"embeddable":true,"href":"https:\/\/dearjewelry.ltd\/es\/wp-json\/wp\/v2\/media\/2468"}],"wp:attachment":[{"href":"https:\/\/dearjewelry.ltd\/es\/wp-json\/wp\/v2\/media?parent=2471"}],"wp:term":[{"taxonomy":"product_brand","embeddable":true,"href":"https:\/\/dearjewelry.ltd\/es\/wp-json\/wp\/v2\/product_brand?post=2471"},{"taxonomy":"product_cat","embeddable":true,"href":"https:\/\/dearjewelry.ltd\/es\/wp-json\/wp\/v2\/product_cat?post=2471"},{"taxonomy":"product_tag","embeddable":true,"href":"https:\/\/dearjewelry.ltd\/es\/wp-json\/wp\/v2\/product_tag?post=2471"}],"curies":[{"name":"wp","href":"https:\/\/api.w.org\/{rel}","templated":true}]}}