{"id":2460,"date":"2025-07-13T10:26:16","date_gmt":"2025-07-13T10:26:16","guid":{"rendered":"https:\/\/dearjewelry.ltd\/product\/oem-cushion-cut-halo-wedding-ring-set-with-66pcs-1-2ct-diamond\/"},"modified":"2025-07-13T10:26:16","modified_gmt":"2025-07-13T10:26:16","slug":"oem-cushion-cut-halo-wedding-ring-set-with-66pcs-1-2ct-diamond","status":"publish","type":"product","link":"https:\/\/dearjewelry.ltd\/es\/product\/oem-cushion-cut-halo-wedding-ring-set-with-66pcs-1-2ct-diamond\/","title":{"rendered":"OEM Cushion Cut Halo Alianza de Boda con 66pcs 1.2ct Diamante"},"content":{"rendered":"<h2>OEM Cushion Cut Halo Alianza de Boda con 66pcs 1.2ct Diamante<\/h2>\n<p> Descripci\u00f3n<\/p>\n<table cellpadding=\"0\" cellspacing=\"0\" class=\"details_table\">\n<tbody>\n<tr>\n<th>Logotipo:<\/th>\n<td>Accept Customer&#8217;s Logo,laser Any Logo You Need,available,Custom Logo,Welcome<\/td>\n<th>G\u00e9nero:<\/th>\n<td>Mujer,Unisex,Ni\u00f1o<\/td>\n<\/tr>\n<tr class=\"bg_gray\">\n<th>Corte de piedra principal:<\/th>\n<td>Corte de coj\u00edn<\/td>\n<th>Jewelry Main Material:<\/th>\n<td>Oro de 18 quilates<\/td>\n<\/tr>\n<tr>\n<th>Piedra principal:<\/th>\n<td>Diamante natural\/diamante de laboratorio<\/td>\n<th>Forma:<\/th>\n<td>Corte de coj\u00edn<\/td>\n<\/tr>\n<tr class=\"bg_gray\">\n<th>Entorno:<\/th>\n<td>Ajuste de garras<\/td>\n<th>Personal\u00edzalo:<\/th>\n<td>Disponible Personalizar<\/td>\n<\/tr>\n<tr>\n<th>Color oro:<\/th>\n<td>Oro blanco \/ Oro amarillo \/ Oro rosa<\/td>\n<th>Ocasi\u00f3n:<\/th>\n<td>Aniversario, Compromiso, Regalo, Fiesta, Boda<\/td>\n<\/tr>\n<tr class=\"bg_gray\">\n<th colspan=\"1\">Luz alta:<\/th>\n<td colspan=\"3\">\n<h2 style='font-weight: bold;font-size: 14px'>1.2ct Cushion Cut Halo Wedding Ring Set<\/h2>\n<p>, <\/p>\n<h2 style='font-weight: bold;font-size: 14px'>OEM Cushion Cut Halo Wedding Ring Set<\/h2>\n<p>, <\/p>\n<h2 style='font-weight: bold;font-size: 14px'>66pcs Cushion Cut Wedding Ring Set<\/h2>\n<\/td>\n<\/tr>\n<\/tbody>\n<\/table>\n<p><p><span style=\"font-size:16px\"><span style=\"font-family:arial,helvetica,sans-serif\">Descripci\u00f3n del producto:<\/span><\/span><\/p>\n<p><span style=\"font-size:16px\"><strong>18K Rose Gold Ring Diamond Cushion Cut Halo Wedding Rings Set Gorgeous Jewelry<\/strong><\/span><\/p>\n<table border=\"1\" cellpadding=\"0\" cellspacing=\"0\" style=\"width: 576px\">\n<tbody>\n<tr>\n<td style=\"width: 126px\"><span style=\"font-size:16px\"><span style=\"font-family:arial,helvetica,sans-serif\">N\u00ba de art\u00edculo<\/span><\/span><\/td>\n<td style=\"width: 444px\"><span style=\"font-size:16px\"><span style=\"font-family:arial,helvetica,sans-serif\">&nbsp;KD188R<\/span><\/span><\/td>\n<\/tr>\n<tr>\n<td style=\"width: 126px\"><span style=\"font-size:16px\"><span style=\"font-family:arial,helvetica,sans-serif\">Nombre del producto<\/span><\/span><\/td>\n<td style=\"width: 444px\"><span style=\"font-size:16px\"><span style=\"font-family:arial,helvetica,sans-serif\">&nbsp;<\/span>Anillo de oro rosa de 18 quilates<\/span><\/td>\n<\/tr>\n<tr>\n<td style=\"width: 126px\"><span style=\"font-size:16px\"><span style=\"font-family:arial,helvetica,sans-serif\">Estilo<\/span><\/span><\/td>\n<td style=\"width: 444px\"><span style=\"font-size:16px\"><span style=\"font-family:arial,helvetica,sans-serif\">&nbsp;A medida<\/span><\/span><\/td>\n<\/tr>\n<tr>\n<td style=\"width: 126px\"><span style=\"font-size:16px\"><span style=\"font-family:arial,helvetica,sans-serif\">Material<\/span><\/span><\/td>\n<td style=\"width: 444px\"><span style=\"font-size:16px\"><span style=\"font-family:arial,helvetica,sans-serif\">&nbsp;Oro de 18 quilates<\/span><\/span><\/td>\n<\/tr>\n<tr>\n<td style=\"width: 126px\"><span style=\"font-size:16px\"><span style=\"font-family:arial,helvetica,sans-serif\">Tipo de configuraci\u00f3n<\/span><\/span><\/td>\n<td style=\"width: 444px\"><span style=\"font-size:16px\"><span style=\"font-family:arial,helvetica,sans-serif\">&nbsp;Ajuste de las puntas<\/span><\/span><\/td>\n<\/tr>\n<tr>\n<td style=\"width: 126px\"><span style=\"font-size:16px\"><span style=\"font-family:arial,helvetica,sans-serif\">G\u00e9nero<\/span><\/span><\/td>\n<td style=\"width: 444px\"><span style=\"font-size:16px\"><span style=\"font-family:arial,helvetica,sans-serif\">&nbsp;Mujer,Se\u00f1oras,Pareja,Jovencitas<\/span><\/span><\/td>\n<\/tr>\n<tr>\n<td style=\"width: 126px\"><span style=\"font-size:16px\"><span style=\"font-family:arial,helvetica,sans-serif\">Piedra diminuta<\/span><\/span><\/td>\n<td style=\"width: 444px\"><span style=\"font-size:16px\"><span style=\"font-family:arial,helvetica,sans-serif\">&nbsp;Diamante natural\/Diamante de laboratorio\/Mosianita\/Todas las gemas<\/span><\/span><\/td>\n<\/tr>\n<tr>\n<td style=\"width: 126px\"><span style=\"font-size:16px\"><span style=\"font-family:arial,helvetica,sans-serif\">Piedra principal<\/span><\/span><\/td>\n<td style=\"width: 444px\"><span style=\"font-size:16px\"><span style=\"font-family:arial,helvetica,sans-serif\">&nbsp;Diamante natural<\/span><\/span><\/td>\n<\/tr>\n<tr>\n<td style=\"width: 126px\"><span style=\"font-size:16px\"><span style=\"font-family:arial,helvetica,sans-serif\">Dimensi\u00f3n<\/span><\/span><\/td>\n<td style=\"width: 444px\"><span style=\"font-size:16px\"><span style=\"font-family:arial,helvetica,sans-serif\">&nbsp;Cusion Cut<\/span><\/span><\/td>\n<\/tr>\n<tr>\n<td style=\"width: 126px\"><span style=\"font-size:16px\"><span style=\"font-family:arial,helvetica,sans-serif\">Ocasi\u00f3n<\/span><\/span><\/td>\n<td style=\"width: 444px\"><span style=\"font-size:16px\"><span style=\"font-family:arial,helvetica,sans-serif\">&nbsp;Aniversario, Compromiso, Regalo, Fiesta, Boda<\/span><\/span><\/td>\n<\/tr>\n<tr>\n<td style=\"width: 126px\"><span style=\"font-size:16px\"><span style=\"font-family:arial,helvetica,sans-serif\">Tama\u00f1o del anillo<\/span><\/span><\/td>\n<td style=\"width: 444px\"><span style=\"font-size:16px\"><span style=\"font-family:arial,helvetica,sans-serif\">&nbsp;Any size available #4,#5,#6,#7,#8,#9,#10,#11,#12<\/span><\/span><\/td>\n<\/tr>\n<\/tbody>\n<\/table>\n<p>&nbsp;<\/p>\n<p><span style=\"font-size:16px\"><span style=\"font-family:arial,helvetica,sans-serif\">Detalle de la producci\u00f3n:<\/span><\/span><\/p>\n<p><span style=\"font-family:arial,helvetica,sans-serif\"><span style=\"font-size:16px\">Informaci\u00f3n sobre Tiny Diamond:<br \/>\nNumber of Diamonds: 66pcs<br \/>\nTotal Carat Weight:4.6ct<br \/>\nColor medio: G-H<br \/>\nAverage Clarity: SI1\/SI2\/VS1 Customize Request<br \/>\nAverage Cut: Extremely good<br \/>\nTipo de engaste: Engastado<\/span><\/span><\/p>\n<p>\n<span style=\"font-family:arial,helvetica,sans-serif\"><span style=\"font-size:16px\">Main Stone Information: Natural diamond\/Lab Diamond<br \/>\nTotal Carat Weight: 1.2ct diamond<br \/>\nSize: CT 8*7 MM for main stone<\/span><\/span><\/p>\n<p>&nbsp;<\/p>\n<p>\n<span style=\"font-size:16px\"><span style=\"font-family:arial,helvetica,sans-serif\">Por qu\u00e9 elegirnos:<br \/>\n1: K-Gold cuenta con 21 a\u00f1os de experiencia en el sector de la joyer\u00eda y 17 a\u00f1os en producci\u00f3n.<br \/>\n2: Tambi\u00e9n nuestro equipo profesional de I + D para asegurar que nuestros productos se actualizan constantemente y por delante de la industria. As\u00ed que tenemos m\u00e1s de 3000 dise\u00f1os diferentes y m\u00e1s de 46 colecciones pueden satisfacer la demanda de diferentes mercados.<br \/>\n3: Para personalizar los art\u00edculos que usted puede conseguir CAD mismo d\u00eda o al d\u00eda siguiente para confirmar los datos antes del inicio del pedido.<br \/>\n4: El objetivo de K-gold es ofrecer a los clientes productos adecuados al precio adecuado y entregarlos a tiempo.<br \/>\n5: Tenemos un equipo de servicio al cliente de gran alcance que mantiene un ojo en todo el proceso de venta, ayudarle a cualquier pregunta, desde el dise\u00f1o CAD para entregar.<br \/>\nServicio de f\u00e1brica K-Gold:<\/span><\/span><br \/>\n<img decoding=\"async\" src=\"https:\/\/www.gold-jewellerys.com\/test\/gold-jewellerys.com\/photo\/pl36123473-remark.jpg\"><\/p>\n<p><img decoding=\"async\" src=\"https:\/\/www.gold-jewellerys.com\/test\/gold-jewellerys.com\/photo\/pl36123376-remark.jpg\"><\/p>\n<p>&nbsp;<\/p>\n<p>&nbsp;<\/p>\n<p>PREGUNTAS FRECUENTES:<\/p>\n<p>1: P: \u00bfC\u00f3mo puede verse afectada la fecha de entrega de los pedidos personalizados?<\/p>\n<p>&nbsp; &nbsp; R: La mayor\u00eda de los pedidos se env\u00edan a tiempo. En raras ocasiones, la entrega de los art\u00edculos puede retrasarse ligeramente. Puede ponerse en contacto con nuestro equipo de atenci\u00f3n al cliente por tel\u00e9fono o chat para conocer la fecha de entrega estimada.<\/p>\n<p>&nbsp;<\/p>\n<p>2: Q: Do you offer custom jewelry? Can I customize a jewelry piece?<br \/>\n&nbsp; &nbsp; A: Yes, you can send your design and we will make it for you (additional fees may apply). All our designs can be made of any metal, size, carat&nbsp; &nbsp; &nbsp; weight, and any stone you need can be made.<\/p>\n<p>&nbsp;<\/p>\n<p>3: P: \u00bfC\u00f3mo pago mi pedido?<\/p>\n<p>&nbsp; &nbsp; A: Please tell me your order then we will tell you the item price, shipping fee and original box fee and total amount. You can make payment by&nbsp; &nbsp; &nbsp; &nbsp;Western Union \/ T\/T , Or Payoneer, We will process and ship out your order asap after payment made.<\/p>\n<p>&nbsp;<\/p>\n<p>4: P: \u00bfPuedo obtener un certificado?<\/p>\n<p>&nbsp; &nbsp; R: S\u00ed, no tienen el certificado si es necesario y el precio no incluye la tasa. El diamante no GIA certificado o sin ella s\u00f3lo<\/p>\n<p>&nbsp; &nbsp;h\u00e1gamelo saber porque hay diferencia de precio .<\/p>\n<p>&nbsp;<\/p>\n<p>5. P: \u00bfDurante cu\u00e1nto tiempo puedo recibir mi mercanc\u00eda?<\/p>\n<p>&nbsp; &nbsp; A: Orden siempre procesando despu\u00e9s del dep\u00f3sito sobre su orden. Haciendo tiempo 2-10 d\u00edas laborables dependiendo de la mano de obra de dise\u00f1o.<\/p>\n<p>&nbsp; &nbsp; dificultad, m\u00e1s 3-7 d\u00edas de tiempo de env\u00edo m\u00e9todo de env\u00edo expreso a todos fo el mundo.<\/p>\n<p>&nbsp;<\/p>\n<p>6: Q: Do you make jewellry for personal buyer or only for wholesaler?<br \/>\n&nbsp; &nbsp; A: Actually we are make the whole sale to who sale to online or have your own shop for original designs , for the brand jewelry allowed the&nbsp; &nbsp; &nbsp; &nbsp; &nbsp; &nbsp; personal buyer too. You can order fine quality brand jewelry for your family, friends and yourself at factory prices. Even it will be great if you are&nbsp; &nbsp; &nbsp; a jewelry re-seller. We will provide free shipping and free original brand boxes if you can order many items each time. More quantity then best&nbsp; &nbsp; &nbsp; &nbsp; price .<\/p>\n<p style=\"padding: 0px;border: 0px\">\n&nbsp;<\/p><\/p>","protected":false},"excerpt":{"rendered":"<br \/>\n<table class=\"tables data\" width=\"100%\" border=\"0\" cellpadding=\"0\" cellspacing=\"0\">\n<tbody>\n<tr>\n<th width=\"35%\">Lugar de origen:<\/th>\n<td>China<\/td>\n<\/tr>\n<tr>\n<th width=\"35%\">Marca:<\/th>\n<td>Joyas de oro K<\/td>\n<\/tr>\n<tr>\n<th width=\"35%\">Certificaci\u00f3n:<\/th>\n<td>Certificado de joyer\u00eda<\/td>\n<\/tr>\n<tr>\n<th width=\"35%\">N\u00famero de modelo:<\/th>\n<td>KD188R<\/td>\n<\/tr>\n<\/tbody>\n<\/table>\n<p>                                                                            <span class=\"title_s\">Condiciones de pago y env\u00edo:<\/span>                            <\/p>\n<table class=\"tables data\" width=\"100%\" border=\"0\" cellpadding=\"0\" cellspacing=\"0\">\n<tbody>\n<tr>\n<th width=\"35%\" nowrap=\"nowrap\">Cantidad m\u00ednima de pedido:<\/th>\n<td>3<\/td>\n<\/tr>\n<tr>\n<th width=\"35%\" nowrap=\"nowrap\">Precio:<\/th>\n<td>Negociable<\/td>\n<\/tr>\n<tr>\n<th width=\"35%\" nowrap=\"nowrap\">Detalles del embalaje:<\/th>\n<td>Bolsa PP gruesa est\u00e1ndar, la marca vendr\u00e1 con la marca Embalaje<\/td>\n<\/tr>\n<tr>\n<th width=\"35%\" nowrap=\"nowrap\">Plazo de entrega:<\/th>\n<td>5-15 d\u00edas laborables<\/td>\n<\/tr>\n<tr>\n<th width=\"35%\" nowrap=\"nowrap\">Condiciones de pago:<\/th>\n<td>T\/T, Western Union<\/td>\n<\/tr>\n<tr>\n<th width=\"35%\" nowrap=\"nowrap\">Capacidad de suministro:<\/th>\n<td>2000pcs\/Mes<\/td>\n<\/tr>\n<\/tbody>\n<\/table>","protected":false},"featured_media":2456,"comment_status":"closed","ping_status":"closed","template":"","meta":{"_gspb_post_css":""},"product_brand":[],"product_cat":[21],"product_tag":[],"class_list":{"0":"post-2460","1":"product","2":"type-product","3":"status-publish","4":"has-post-thumbnail","6":"product_cat-sea-life-jewelry","8":"first","9":"instock","10":"shipping-taxable","11":"product-type-simple"},"aioseo_notices":[],"_links":{"self":[{"href":"https:\/\/dearjewelry.ltd\/es\/wp-json\/wp\/v2\/product\/2460","targetHints":{"allow":["GET"]}}],"collection":[{"href":"https:\/\/dearjewelry.ltd\/es\/wp-json\/wp\/v2\/product"}],"about":[{"href":"https:\/\/dearjewelry.ltd\/es\/wp-json\/wp\/v2\/types\/product"}],"replies":[{"embeddable":true,"href":"https:\/\/dearjewelry.ltd\/es\/wp-json\/wp\/v2\/comments?post=2460"}],"wp:featuredmedia":[{"embeddable":true,"href":"https:\/\/dearjewelry.ltd\/es\/wp-json\/wp\/v2\/media\/2456"}],"wp:attachment":[{"href":"https:\/\/dearjewelry.ltd\/es\/wp-json\/wp\/v2\/media?parent=2460"}],"wp:term":[{"taxonomy":"product_brand","embeddable":true,"href":"https:\/\/dearjewelry.ltd\/es\/wp-json\/wp\/v2\/product_brand?post=2460"},{"taxonomy":"product_cat","embeddable":true,"href":"https:\/\/dearjewelry.ltd\/es\/wp-json\/wp\/v2\/product_cat?post=2460"},{"taxonomy":"product_tag","embeddable":true,"href":"https:\/\/dearjewelry.ltd\/es\/wp-json\/wp\/v2\/product_tag?post=2460"}],"curies":[{"name":"wp","href":"https:\/\/api.w.org\/{rel}","templated":true}]}}