{"id":2448,"date":"2025-07-13T10:26:11","date_gmt":"2025-07-13T10:26:11","guid":{"rendered":"https:\/\/dearjewelry.ltd\/product\/oem-oval-diamond-engagement-ring-round-white-gold-ring-7-19x5-15x3-17mm-size\/"},"modified":"2025-07-13T10:26:12","modified_gmt":"2025-07-13T10:26:12","slug":"oem-oval-diamond-engagement-ring-round-white-gold-ring-7-19x5-15x3-17mm-size","status":"publish","type":"product","link":"https:\/\/dearjewelry.ltd\/es\/product\/oem-oval-diamond-engagement-ring-round-white-gold-ring-7-19x5-15x3-17mm-size\/","title":{"rendered":"OEM Oval Anillo de compromiso de diamantes , Ronda Anillo de Oro Blanco 7.19\u00d75.15\u00d73.17mm tama\u00f1o"},"content":{"rendered":"<h2>OEM Oval Anillo de compromiso de diamantes , Ronda Anillo de Oro Blanco 7.19\u00d75.15\u00d73.17mm tama\u00f1o<\/h2>\n<p> Descripci\u00f3n<\/p>\n<table cellpadding=\"0\" cellspacing=\"0\" class=\"details_table\">\n<tbody>\n<tr>\n<th>Tipo de joya:<\/th>\n<td>K Gold Rings<\/td>\n<th>Ocasi\u00f3n:<\/th>\n<td>Gift,Engagement,Party,Anniversary,Wedding<\/td>\n<\/tr>\n<tr class=\"bg_gray\">\n<th>Tipo de anillos:<\/th>\n<td>Engagement Bands Or Rings,Gemstone Rings,Eternity Band Rings,Anniversary Ring<\/td>\n<th>Piedra principal:<\/th>\n<td>Diamante<\/td>\n<\/tr>\n<tr>\n<th>Corte de piedra principal:<\/th>\n<td>Oval Brilliant Cut<\/td>\n<th>Forma:<\/th>\n<td>Oval Brilliant Cut<\/td>\n<\/tr>\n<tr class=\"bg_gray\">\n<th>Entorno:<\/th>\n<td>Fijaci\u00f3n com\u00fan<\/td>\n<th>Color oro:<\/th>\n<td>Oro blanco \/ Oro amarillo \/ Oro rosa<\/td>\n<\/tr>\n<tr>\n<th>G\u00e9nero:<\/th>\n<td>Mujer,Unisex,Ni\u00f1o<\/td>\n<th>Oem\/odm:<\/th>\n<td>Welcome,Available,Yes,Accepted,Acceptable<\/td>\n<\/tr>\n<tr class=\"bg_gray\">\n<th colspan=\"1\">Luz alta:<\/th>\n<td colspan=\"3\">\n<h2 style='font-weight: bold;font-size: 14px'>OEM Oval Diamond Engagement Ring<\/h2>\n<p>, <\/p>\n<h2 style='font-weight: bold;font-size: 14px'>3.17mm Oval Diamond Engagement Ring<\/h2>\n<p>, <\/p>\n<h2 style='font-weight: bold;font-size: 14px'>5.15mm Round White Gold Ring<\/h2>\n<\/td>\n<\/tr>\n<\/tbody>\n<\/table>\n<p><p><span style=\"font-size:16px\"><span style=\"font-family:arial,helvetica,sans-serif\">Descripci\u00f3n del producto:<\/span><\/span><\/p>\n<p><span style=\"font-size:16px\"><strong>18K Rose Gold Ring Oval Diamond Engagement Ring Custom Vivid Fantastic Jewelry<\/strong><\/span><\/p>\n<table border=\"1\" cellpadding=\"0\" cellspacing=\"0\" style=\"width: 576px\">\n<tbody>\n<tr>\n<td style=\"width: 126px\"><span style=\"font-size:16px\">N\u00ba de art\u00edculo<\/span><\/td>\n<td style=\"width: 444px\"><span style=\"font-size:16px\">&nbsp;KD053R<\/span><\/td>\n<\/tr>\n<tr>\n<td style=\"width: 126px\"><span style=\"font-size:16px\">Nombre del producto<\/span><\/td>\n<td style=\"width: 444px\"><span style=\"font-size:16px\">&nbsp;<span style=\"font-family:arial,helvetica,sans-serif\">Oro rosa de 18 quilates<\/span><\/span><\/td>\n<\/tr>\n<tr>\n<td style=\"width: 126px\"><span style=\"font-size:16px\">Estilo<\/span><\/td>\n<td style=\"width: 444px\"><span style=\"font-size:16px\">&nbsp;A medida<\/span><\/td>\n<\/tr>\n<tr>\n<td style=\"width: 126px\"><span style=\"font-size:16px\">Material<\/span><\/td>\n<td style=\"width: 444px\"><span style=\"font-size:16px\">&nbsp;Oro<\/span><\/td>\n<\/tr>\n<tr>\n<td style=\"width: 126px\"><span style=\"font-size:16px\">Tipo de configuraci\u00f3n<\/span><\/td>\n<td style=\"width: 444px\"><span style=\"font-size:16px\">&nbsp;Fijaci\u00f3n com\u00fan<\/span><\/td>\n<\/tr>\n<tr>\n<td style=\"width: 126px\"><span style=\"font-size:16px\">G\u00e9nero<\/span><\/td>\n<td style=\"width: 444px\"><span style=\"font-size:16px\">&nbsp;Mujer,Se\u00f1oras,Pareja,Jovencitas<\/span><\/td>\n<\/tr>\n<tr>\n<td style=\"width: 126px\"><span style=\"font-size:16px\">Piedra diminuta<\/span><\/td>\n<td style=\"width: 444px\"><span style=\"font-size:16px\">&nbsp;Diamante natural F-H SI1\/SI2\/VS1\/Lab Diamond \/ Mossianite<\/span><\/td>\n<\/tr>\n<tr>\n<td style=\"width: 126px\"><span style=\"font-size:16px\">Piedra principal<\/span><\/td>\n<td style=\"width: 444px\"><span style=\"font-size:16px\">&nbsp;Diamante natural\/Diamante de laboratorio\/Mosianita\/Todas las gemas<\/span><\/td>\n<\/tr>\n<tr>\n<td style=\"width: 126px\"><span style=\"font-size:16px\">Dimensi\u00f3n<\/span><\/td>\n<td style=\"width: 444px\"><span style=\"font-size:16px\">&nbsp;<\/span><span style=\"font-family: arial, helvetica, sans-serif;font-size: 16px\">7.19X5.15X3.17MM<\/span><span style=\"font-size:16px\">&nbsp;Talla brillante redonda<\/span><\/td>\n<\/tr>\n<tr>\n<td style=\"width: 126px\"><span style=\"font-size:16px\">Ocasi\u00f3n<\/span><\/td>\n<td style=\"width: 444px\"><span style=\"font-size:16px\">&nbsp;Aniversario, Compromiso, Regalo, Fiesta, Boda<\/span><\/td>\n<\/tr>\n<tr>\n<td style=\"width: 126px\"><span style=\"font-size:16px\">Tama\u00f1o del anillo<\/span><\/td>\n<td style=\"width: 444px\"><span style=\"font-size:16px\">&nbsp;Cualquier tama\u00f1o disponible #4, #5, #6, #7, #8, #9, #10, #11, #12<\/span><\/td>\n<\/tr>\n<\/tbody>\n<\/table>\n<p>&nbsp;<\/p>\n<p><span style=\"font-size:16px\"><span style=\"font-family:arial,helvetica,sans-serif\">Detalle de la producci\u00f3n:<\/span><\/span><\/p>\n<p><span style=\"font-size:16px\">Informaci\u00f3n sobre el diamante:<\/span><\/p>\n<p><span style=\"font-family:arial,helvetica,sans-serif\"><span style=\"font-size:16px\">DIA<br \/>\nOV: 7.19X5.15X3.17MM &times;1(Prong)<br \/>\nMQ: 4.0&times;2.OMM X2(Prong)<br \/>\nRD: 2.2MM X4(Prong)<br \/>\n18KW: 2.6g <\/span><\/span><\/p>\n<p>\n<span style=\"font-size:16px\"><span style=\"font-family:arial,helvetica,sans-serif\">Por qu\u00e9 elegirnos:<\/span><br \/>\n<span style=\"font-family:arial,helvetica,sans-serif\">1: K-Gold cuenta con 21 a\u00f1os de experiencia en el sector de la joyer\u00eda y 17 a\u00f1os en producci\u00f3n.<\/span><br \/>\n<span style=\"font-family:arial,helvetica,sans-serif\">2: Tambi\u00e9n nuestro equipo profesional de I + D para asegurar que nuestros productos se actualizan constantemente y por delante de la industria. As\u00ed que tenemos m\u00e1s de 3000 dise\u00f1os diferentes y m\u00e1s de 46 colecciones pueden satisfacer la demanda de diferentes mercados.<\/span><br \/>\n<span style=\"font-family:arial,helvetica,sans-serif\">3: Para personalizar los art\u00edculos que usted puede conseguir CAD mismo d\u00eda o al d\u00eda siguiente para confirmar los datos antes del inicio del pedido.<\/span><br \/>\n<span style=\"font-family:arial,helvetica,sans-serif\">4: El objetivo de K-gold es ofrecer a los clientes productos adecuados al precio adecuado y entregarlos a tiempo.<\/span><br \/>\n<span style=\"font-family:arial,helvetica,sans-serif\">5: Tenemos un equipo de servicio al cliente de gran alcance que mantiene un ojo en todo el proceso de venta, ayudarle a cualquier pregunta, desde el dise\u00f1o CAD para entregar.<\/span><br \/>\n<span style=\"font-family:arial,helvetica,sans-serif\">Servicio de f\u00e1brica K-Gold:<\/span><\/span><br \/>\n&nbsp;<\/p>\n<p><img decoding=\"async\" src=\"https:\/\/www.gold-jewellerys.com\/test\/gold-jewellerys.com\/photo\/pl36219389-remark.jpg\"><br \/>\n&nbsp;<\/p>\n<p><img decoding=\"async\" src=\"https:\/\/www.gold-jewellerys.com\/test\/gold-jewellerys.com\/photo\/pl36219445-remark.jpg\"><\/p>\n<p>PREGUNTAS FRECUENTES:<\/p>\n<p>1: P: \u00bfC\u00f3mo podemos obtener el precio?<\/p>\n<p>&nbsp; &nbsp; R: Le invitamos a ponerse en contacto con nosotros en whatsapp. Apenas env\u00edenos las im\u00e1genes de los art\u00edculos usted quiere entonces que le diremos los precios cuanto antes.<\/p>\n<p>&nbsp;<\/p>\n<p>2: P: \u00bfPueden personalizar mi logotipo?<br \/>\n&nbsp; &nbsp; A: S\u00ed, absolutamente usted puede, por favor env\u00edenos su LOGO, nosotros liberar\u00e1 para firmarlo. Para la joyer\u00eda de la marca siempre con el logotipo orginal,<\/p>\n<p>&nbsp; &nbsp; y si necesitas algo en especial, d\u00edmelo.<\/p>\n<p>&nbsp;<\/p>\n<p>3: P: \u00bfC\u00f3mo pago mi pedido?<\/p>\n<p>&nbsp; &nbsp; A: Por favor d\u00edgame su orden entonces le diremos el precio del art\u00edculo, tarifa del env\u00edo y tarifa original de la caja y cantidad total. Usted puede hacer el pago por Western Union \/ T\/T, o Payoneer, procesaremos y enviaremos hacia fuera su orden cuanto antes despu\u00e9s del pago hecho.<\/p>\n<p>&nbsp;<\/p>\n<p>4: P: \u00bfPuedo obtener un certificado?<\/p>\n<p>&nbsp; &nbsp; R: S\u00ed, no tienen el certificado si es necesario y el precio no incluye la tasa. El diamante no GIA certificado o sin ella s\u00f3lo<\/p>\n<p>&nbsp; &nbsp; h\u00e1gamelo saber porque hay diferencia de precio .<\/p>\n<p>&nbsp;<\/p>\n<p>5. Q: What&#039;s the deliver time?<\/p>\n<p>&nbsp; &nbsp; A: For order aim at stock items, it will be finished within 2 working days. For bulk order generally 10-14 days, also depend on the specific order&nbsp; &nbsp; &nbsp; quantity.<\/p>\n<p>&nbsp;<\/p>\n<p>6. Q: Can you do semi mount jewelry ?<\/p>\n<p>&nbsp; &nbsp; A: Yes, sure, we have customer every month have more than 60 pcs for semi mout items,If you have stones ship to us help to set also are&nbsp; &nbsp; &nbsp; &nbsp; &nbsp; &nbsp; availabe or you can set yourselft.<\/p><\/p>","protected":false},"excerpt":{"rendered":"<br \/>\n<table class=\"tables data\" width=\"100%\" border=\"0\" cellpadding=\"0\" cellspacing=\"0\">\n<tbody>\n<tr>\n<th width=\"35%\">Lugar de origen:<\/th>\n<td>China<\/td>\n<\/tr>\n<tr>\n<th width=\"35%\">Marca:<\/th>\n<td>Joyas de oro K<\/td>\n<\/tr>\n<tr>\n<th width=\"35%\">Certificaci\u00f3n:<\/th>\n<td>Certificado de joyer\u00eda<\/td>\n<\/tr>\n<tr>\n<th width=\"35%\">N\u00famero de modelo:<\/th>\n<td>KD053R<\/td>\n<\/tr>\n<\/tbody>\n<\/table>\n<p>                                                                            <span class=\"title_s\">Condiciones de pago y env\u00edo:<\/span>                            <\/p>\n<table class=\"tables data\" width=\"100%\" border=\"0\" cellpadding=\"0\" cellspacing=\"0\">\n<tbody>\n<tr>\n<th width=\"35%\" nowrap=\"nowrap\">Cantidad m\u00ednima de pedido:<\/th>\n<td>3<\/td>\n<\/tr>\n<tr>\n<th width=\"35%\" nowrap=\"nowrap\">Precio:<\/th>\n<td>Negociable<\/td>\n<\/tr>\n<tr>\n<th width=\"35%\" nowrap=\"nowrap\">Detalles del embalaje:<\/th>\n<td>Bolsa PP gruesa est\u00e1ndar, la marca vendr\u00e1 con la marca Embalaje<\/td>\n<\/tr>\n<tr>\n<th width=\"35%\" nowrap=\"nowrap\">Plazo de entrega:<\/th>\n<td>5-15 d\u00edas laborables<\/td>\n<\/tr>\n<tr>\n<th width=\"35%\" nowrap=\"nowrap\">Condiciones de pago:<\/th>\n<td>T\/T, Western Union<\/td>\n<\/tr>\n<tr>\n<th width=\"35%\" nowrap=\"nowrap\">Capacidad de suministro:<\/th>\n<td>2000pcs\/Mes<\/td>\n<\/tr>\n<\/tbody>\n<\/table>","protected":false},"featured_media":2444,"comment_status":"closed","ping_status":"closed","template":"","meta":{"_gspb_post_css":""},"product_brand":[],"product_cat":[21],"product_tag":[],"class_list":{"0":"post-2448","1":"product","2":"type-product","3":"status-publish","4":"has-post-thumbnail","6":"product_cat-sea-life-jewelry","8":"first","9":"instock","10":"shipping-taxable","11":"product-type-simple"},"aioseo_notices":[],"_links":{"self":[{"href":"https:\/\/dearjewelry.ltd\/es\/wp-json\/wp\/v2\/product\/2448","targetHints":{"allow":["GET"]}}],"collection":[{"href":"https:\/\/dearjewelry.ltd\/es\/wp-json\/wp\/v2\/product"}],"about":[{"href":"https:\/\/dearjewelry.ltd\/es\/wp-json\/wp\/v2\/types\/product"}],"replies":[{"embeddable":true,"href":"https:\/\/dearjewelry.ltd\/es\/wp-json\/wp\/v2\/comments?post=2448"}],"wp:featuredmedia":[{"embeddable":true,"href":"https:\/\/dearjewelry.ltd\/es\/wp-json\/wp\/v2\/media\/2444"}],"wp:attachment":[{"href":"https:\/\/dearjewelry.ltd\/es\/wp-json\/wp\/v2\/media?parent=2448"}],"wp:term":[{"taxonomy":"product_brand","embeddable":true,"href":"https:\/\/dearjewelry.ltd\/es\/wp-json\/wp\/v2\/product_brand?post=2448"},{"taxonomy":"product_cat","embeddable":true,"href":"https:\/\/dearjewelry.ltd\/es\/wp-json\/wp\/v2\/product_cat?post=2448"},{"taxonomy":"product_tag","embeddable":true,"href":"https:\/\/dearjewelry.ltd\/es\/wp-json\/wp\/v2\/product_tag?post=2448"}],"curies":[{"name":"wp","href":"https:\/\/api.w.org\/{rel}","templated":true}]}}