{"id":1506,"date":"2025-07-13T04:41:22","date_gmt":"2025-07-13T04:41:22","guid":{"rendered":"https:\/\/dearjewelry.ltd\/product\/0-12ct-tiny-14k-yellow-gold-jewelry-yellow-gold-diamond-wedding-bands-ex-cut-odm\/"},"modified":"2025-07-13T04:41:22","modified_gmt":"2025-07-13T04:41:22","slug":"0-12ct-tiny-14k-yellow-gold-jewelry-alianzas-de-oro-amarillo-diamante-talla-ex-odm","status":"publish","type":"product","link":"https:\/\/dearjewelry.ltd\/es\/product\/0-12ct-tiny-14k-yellow-gold-jewelry-alianzas-de-oro-amarillo-diamante-talla-ex-odm\/","title":{"rendered":"0.12ct Tiny 14K Joyas de Oro Amarillo , Oro Amarillo Diamante Alianzas de Boda EX Cut ODM"},"content":{"rendered":"<h2>0.12ct Tiny 14K Joyas de Oro Amarillo , Oro Amarillo Diamante Alianzas de Boda EX Cut ODM<\/h2>\n<p> Descripci\u00f3n<\/p>\n<table cellpadding=\"0\" cellspacing=\"0\" class=\"details_table\">\n<tbody>\n<tr>\n<th>Material:<\/th>\n<td>14K Yellow Solid Gold<\/td>\n<th>Tipo de joya:<\/th>\n<td>Anillo de banda<\/td>\n<\/tr>\n<tr class=\"bg_gray\">\n<th>Piedra:<\/th>\n<td>Diamante<\/td>\n<th>Nombre del producto:<\/th>\n<td>Anillo de oro amarillo de 14 quilates<\/td>\n<\/tr>\n<tr>\n<th>Tipo de ajuste:<\/th>\n<td>Ajuste de garras<\/td>\n<th>Ocasi\u00f3n:<\/th>\n<td>Anniversary, Engagement, Wedding, Gift<\/td>\n<\/tr>\n<tr class=\"bg_gray\">\n<th>Tama\u00f1o del anillo:<\/th>\n<td>#5 #6 #7 #8 # 9# #10 And Customized<\/td>\n<th>Corta:<\/th>\n<td>EX<\/td>\n<\/tr>\n<tr>\n<th>Grado de color:<\/th>\n<td>G-H<\/td>\n<th>Grado de claridad:<\/th>\n<td>VS 1<\/td>\n<\/tr>\n<tr class=\"bg_gray\">\n<th colspan=\"1\">Luz alta:<\/th>\n<td colspan=\"3\">\n<h2 style='font-weight: bold;font-size: 14px'>EX 0.12ct 14K Yellow Gold Jewelry<\/h2>\n<p>, <\/p>\n<h2 style='font-weight: bold;font-size: 14px'>EX 14K Yellow Gold Jewelry 0.12ct<\/h2>\n<p>, <\/p>\n<h2 style='font-weight: bold;font-size: 14px'>ODM Yellow Gold Diamond Wedding Bands<\/h2>\n<\/td>\n<\/tr>\n<\/tbody>\n<\/table>\n<p><p><span style=\"font-size:16px\"><strong><span style=\"font-family:arial,helvetica,sans-serif\">Descripci\u00f3n del producto:<\/span><\/strong><\/span><\/p>\n<p>&nbsp;<\/p>\n<p><span style=\"font-size:16px\"><strong>0.12ct Tiny Diamond Band Ring Pave Half Gemstones in Yellow Solid Gold<\/strong> <\/span><\/p>\n<p>&nbsp;<\/p>\n<p><span style=\"font-size:16px\"><strong>Detalles del producto:&nbsp;<\/strong><\/span><\/p>\n<table border=\"1\" cellpadding=\"0\" cellspacing=\"0\" style=\"width: 576px\">\n<tbody>\n<tr>\n<td style=\"width: 125px\"><span style=\"font-size:16px\">N\u00ba de art\u00edculo<\/span><\/td>\n<td style=\"width: 445px\"><span style=\"font-size:16px\">KD7573R<\/span><\/td>\n<\/tr>\n<tr>\n<td style=\"width: 125px\"><span style=\"font-size:16px\">Nombre del producto<\/span><\/td>\n<td style=\"width: 445px\"><span style=\"font-size:16px\">Anillo de oro amarillo de 14 quilates<\/span><\/td>\n<\/tr>\n<tr>\n<td style=\"width: 125px\"><span style=\"font-size:16px\">Estilo<\/span><\/td>\n<td style=\"width: 445px\"><span style=\"font-size:16px\">Estilo de moda&nbsp;<\/span><\/td>\n<\/tr>\n<tr>\n<td style=\"width: 125px\"><span style=\"font-size:16px\">Material<\/span><\/td>\n<td style=\"width: 445px\"><span style=\"font-size:16px\">Oro amarillo de 14 quilates<\/span><\/td>\n<\/tr>\n<tr>\n<td style=\"width: 125px\"><span style=\"font-size:16px\">Tipo de configuraci\u00f3n<\/span><\/td>\n<td style=\"width: 445px\"><span style=\"font-size:16px\">Ajuste de la garra<\/span><\/td>\n<\/tr>\n<tr>\n<td style=\"width: 125px\"><span style=\"font-size:16px\">G\u00e9nero<\/span><\/td>\n<td style=\"width: 445px\"><span style=\"font-size:16px\">Mujeres y hombres<\/span><\/td>\n<\/tr>\n<tr>\n<td style=\"width: 125px\"><span style=\"font-size:16px\">Diamante<\/span><\/td>\n<td style=\"width: 445px\"><span style=\"font-size:16px\">Didamond natural&nbsp;<\/span><\/td>\n<\/tr>\n<tr>\n<td style=\"width: 125px\"><span style=\"font-size:16px\">Claridad y color<\/span><\/td>\n<td style=\"width: 445px\"><span style=\"font-size:16px\">G-H VS1 0.12ct<\/span><\/td>\n<\/tr>\n<tr>\n<td style=\"width: 125px\"><span style=\"font-size:16px\">Tama\u00f1o del anillo<\/span><\/td>\n<td style=\"width: 445px\"><span style=\"font-size:16px\">#5 #6 #7 #8 #9 #10, Disponible a medida&nbsp;<\/span><\/td>\n<\/tr>\n<tr>\n<td style=\"width: 125px\"><span style=\"font-size:16px\">Ocasi\u00f3n<\/span><\/td>\n<td style=\"width: 445px\"><span style=\"font-size:16px\">Aniversario, Compromiso, Regalo, Boda<\/span><\/td>\n<\/tr>\n<\/tbody>\n<\/table>\n<p>&nbsp;<\/p>\n<p><span style=\"font-size:16px\"><strong><span style=\"font-family:arial,helvetica,sans-serif\"><span>Mostrar producto:<\/span><\/span><\/strong><\/span><\/p>\n<p><span style=\"font-size:16px\"><img decoding=\"async\" src=\"https:\/\/www.gold-jewellerys.com\/test\/domaindemo-52949.tmp\/photo\/pl36600198-remark.jpg\"><\/span><\/p>\n<p><span style=\"font-size:16px\"><strong>Detalle de la producci\u00f3n :<\/strong><\/span><\/p>\n<p><span style=\"font-size:16px\">Este fino anillo de diamantes cuenta con un diamante central certificado por el GIA.<\/span><\/p>\n<p><span style=\"font-size:16px\">-100% Diamantes naturales de origen \u00e9tico.<br \/>\n-100% White &amp; Sparkly (Lleno de vida.)<br \/>\n-100% Ojo Limpio y sin inclusiones visibles a simple vista.<\/span><\/p>\n<p><span style=\"font-size:16px\">-Nuestras piedras NO son brumosas ni lechosas en absoluto.<\/span><\/p>\n<p>&nbsp;<\/p>\n<p><span style=\"font-size:16px\"><span style=\"font-family:arial,helvetica,sans-serif\">1: 1-1\/2 Carat Diamond Ring<\/span><\/span><\/p>\n<p><span style=\"font-size:16px\"><span style=\"font-family:arial,helvetica,sans-serif\">2: C\u00f3digo de clasificaci\u00f3n del color del diamante: G-H<\/span><\/span><\/p>\n<p><span style=\"font-size:16px\"><span style=\"font-family:arial,helvetica,sans-serif\">3: Diamond Clarity Rating Code: VS1<\/span><\/span><\/p>\n<p><span style=\"font-size:16px\"><span style=\"font-family:arial,helvetica,sans-serif\">4: Forma del diamante: Redondo&nbsp;<\/span><\/span><\/p>\n<p><span style=\"font-size:16px\"><span style=\"font-family:arial,helvetica,sans-serif\">5: Engastado en oro amarillo de 14 quilates&nbsp;<\/span><\/span><\/p>\n<p><span style=\"font-size:16px\"><span style=\"font-family:arial,helvetica,sans-serif\"><span style=\"font-family:arial,helvetica,sans-serif\">6: La foto puede haber sido ampliada y\/o mejorada.<\/span><\/span><\/span><\/p>\n<p><span style=\"font-size:16px\"><span style=\"font-family:arial,helvetica,sans-serif\">7: All gemstone carat weights (ct. t.w.), if mentioned, are approximate ; variance may be .05 carat.<\/span><\/span><\/p>\n<p><span style=\"font-size:16px\"><span style=\"font-family:arial,helvetica,sans-serif\">8: All the items we are promise polish very well , we always offer high quality and good service to customer.<\/span><\/span><\/p>\n<p>&nbsp;<\/p>\n<p><span style=\"font-size:16px\"><strong>Por qu\u00e9 elegirnos:<\/strong><\/span><\/p>\n<p><span style=\"font-size:16px\">1: K-Gold cuenta con 21 a\u00f1os de experiencia en el sector de la joyer\u00eda y 17 a\u00f1os en producci\u00f3n.<\/span><\/p>\n<p><span style=\"font-size:16px\">2: Tambi\u00e9n nuestro equipo profesional de I + D para asegurar que nuestros productos se actualizan constantemente y por delante de la industria. As\u00ed que tenemos m\u00e1s de 3000 dise\u00f1os diferentes y m\u00e1s de 46 colecciones pueden satisfacer la demanda de diferentes mercados.<\/span><\/p>\n<p><span style=\"font-size:16px\">3: Para personalizar los art\u00edculos que usted puede conseguir CAD mismo d\u00eda o al d\u00eda siguiente para confirmar los datos antes del inicio del pedido.<\/span><\/p>\n<p><span style=\"font-size:16px\">4: El objetivo de K-gold es ofrecer a los clientes productos adecuados al precio adecuado y entregarlos a tiempo.<\/span><\/p>\n<p><span style=\"font-size:16px\">5: We have a powerful customer service team that keeps an eye on the entire sales process , help you any questions,from design CAD to deliver.<\/span><\/p>\n<p><strong><span style=\"font-size:16px\">Servicio de f\u00e1brica K-Gold:<\/span><\/strong><\/p>\n<p><span style=\"font-size:16px\"><img decoding=\"async\" src=\"https:\/\/www.gold-jewellerys.com\/test\/domaindemo-52949.tmp\/photo\/pl36123473-remark.jpg\"><\/span><\/p>\n<p><span style=\"font-size:16px\"><img decoding=\"async\" src=\"https:\/\/www.gold-jewellerys.com\/test\/domaindemo-52949.tmp\/photo\/pl36230799-remark.jpg\"><\/span><\/p>\n<p><span style=\"font-size:16px\"><strong>PREGUNTAS FRECUENTES:<\/strong><\/span><\/p>\n<p><span style=\"font-size:16px\">1: \u00bfC\u00f3mo podemos obtener el precio?<\/span><\/p>\n<p><span style=\"font-size:16px\">Le invitamos a ponerse en contacto con nosotros en whatsapp. Apenas env\u00edenos las im\u00e1genes de los art\u00edculos usted quiere entonces le diremos los precios cuanto antes.<\/span><\/p>\n<p>&nbsp;<\/p>\n<p><span style=\"font-size:16px\">Persona de contacto: Cherry Lee<br \/>\nWhatsApp: +86-18520267369 \/ Tell:+8618520267369<br \/>\nCorreo electr\u00f3nico:<br \/>\nP\u00e1gina web:<\/span><\/p>\n<p>&nbsp;<\/p>\n<p><span style=\"font-size:16px\">2: \u00bfPueden personalizar mi logotipo?<br \/>\nS\u00ed, absolutamente usted puede, por favor env\u00edenos su LOGOTIPO, estaremos libres de firmarlo. Para la joyer\u00eda de la marca siempre con el logotipo original,<\/span><\/p>\n<p><span style=\"font-size:16px\">y si necesitas algo en especial, d\u00edmelo.<\/span><\/p>\n<p>&nbsp;<\/p>\n<p><span style=\"font-size:16px\">3: It is solid gold?<\/span><\/p>\n<p><span style=\"font-size:16px\">Yes, it is solid gold in 14K\/18K , we also can make yellow gold,rose gold and white gold.<\/span><\/p>\n<p>&nbsp;<\/p>\n<p><span style=\"font-size:16px\">4: Can I&nbsp;have a certificate ?<\/span><\/p>\n<p><span style=\"font-size:16px\">S\u00ed, no tienen el certificado si es necesario y el precio no incluir\u00e1 la tasa. El diamante hay GIA certificado o sin ella s\u00f3lo h\u00e1gamelo saber porque hay diferencia de precio.<\/span><\/p>\n<p>&nbsp;<\/p>\n<p><span style=\"font-size:16px\">5:&nbsp;What&#039;s your payment way?<\/span><\/p>\n<p><span style=\"font-size:16px\">You can pay by T\/T,Western Union,Paypal. 30% deposit , 70% balance paid before shipment.<\/span><\/p>\n<p>&nbsp;<\/p>\n<p><span style=\"font-size:16px\">6: What&#039;s your MOQ?<\/span><\/p>\n<p><span style=\"font-size:16px\">Nuestro MOQ es 3pcs cada dise\u00f1os.<\/span><\/p><\/p>","protected":false},"excerpt":{"rendered":"<br \/>\n<table class=\"tables data\" width=\"100%\" border=\"0\" cellpadding=\"0\" cellspacing=\"0\">\n<tbody>\n<tr>\n<th width=\"35%\">Lugar de origen:<\/th>\n<td>China<\/td>\n<\/tr>\n<tr>\n<th width=\"35%\">Marca:<\/th>\n<td>Joyas de oro K<\/td>\n<\/tr>\n<tr>\n<th width=\"35%\">Certificaci\u00f3n:<\/th>\n<td>Certificado de joyer\u00eda<\/td>\n<\/tr>\n<tr>\n<th width=\"35%\">N\u00famero de modelo:<\/th>\n<td>KD7573R<\/td>\n<\/tr>\n<\/tbody>\n<\/table>\n<p>                                                                            <span class=\"title_s\">Condiciones de pago y env\u00edo:<\/span>                            <\/p>\n<table class=\"tables data\" width=\"100%\" border=\"0\" cellpadding=\"0\" cellspacing=\"0\">\n<tbody>\n<tr>\n<th width=\"35%\" nowrap=\"nowrap\">Cantidad m\u00ednima de pedido:<\/th>\n<td>3<\/td>\n<\/tr>\n<tr>\n<th width=\"35%\" nowrap=\"nowrap\">Precio:<\/th>\n<td>Negociable<\/td>\n<\/tr>\n<tr>\n<th width=\"35%\" nowrap=\"nowrap\">Detalles del embalaje:<\/th>\n<td>Bolsa PP gruesa est\u00e1ndar<\/td>\n<\/tr>\n<tr>\n<th width=\"35%\" nowrap=\"nowrap\">Plazo de entrega:<\/th>\n<td>5-15 d\u00edas laborables<\/td>\n<\/tr>\n<tr>\n<th width=\"35%\" nowrap=\"nowrap\">Condiciones de pago:<\/th>\n<td>T\/T, Western Union<\/td>\n<\/tr>\n<tr>\n<th width=\"35%\" nowrap=\"nowrap\">Capacidad de suministro:<\/th>\n<td>2000pcs\/Mes<\/td>\n<\/tr>\n<\/tbody>\n<\/table>","protected":false},"featured_media":1504,"comment_status":"closed","ping_status":"closed","template":"","meta":{"_gspb_post_css":""},"product_brand":[],"product_cat":[16],"product_tag":[],"class_list":{"0":"post-1506","1":"product","2":"type-product","3":"status-publish","4":"has-post-thumbnail","6":"product_cat-solid-gold-jewellery","8":"first","9":"instock","10":"shipping-taxable","11":"product-type-simple"},"aioseo_notices":[],"_links":{"self":[{"href":"https:\/\/dearjewelry.ltd\/es\/wp-json\/wp\/v2\/product\/1506","targetHints":{"allow":["GET"]}}],"collection":[{"href":"https:\/\/dearjewelry.ltd\/es\/wp-json\/wp\/v2\/product"}],"about":[{"href":"https:\/\/dearjewelry.ltd\/es\/wp-json\/wp\/v2\/types\/product"}],"replies":[{"embeddable":true,"href":"https:\/\/dearjewelry.ltd\/es\/wp-json\/wp\/v2\/comments?post=1506"}],"wp:featuredmedia":[{"embeddable":true,"href":"https:\/\/dearjewelry.ltd\/es\/wp-json\/wp\/v2\/media\/1504"}],"wp:attachment":[{"href":"https:\/\/dearjewelry.ltd\/es\/wp-json\/wp\/v2\/media?parent=1506"}],"wp:term":[{"taxonomy":"product_brand","embeddable":true,"href":"https:\/\/dearjewelry.ltd\/es\/wp-json\/wp\/v2\/product_brand?post=1506"},{"taxonomy":"product_cat","embeddable":true,"href":"https:\/\/dearjewelry.ltd\/es\/wp-json\/wp\/v2\/product_cat?post=1506"},{"taxonomy":"product_tag","embeddable":true,"href":"https:\/\/dearjewelry.ltd\/es\/wp-json\/wp\/v2\/product_tag?post=1506"}],"curies":[{"name":"wp","href":"https:\/\/api.w.org\/{rel}","templated":true}]}}