{"id":1424,"date":"2025-07-13T04:40:46","date_gmt":"2025-07-13T04:40:46","guid":{"rendered":"https:\/\/dearjewelry.ltd\/product\/full-diamond-14k-yellow-gold-jewelry-ring-0-35ct-1-5mm-4-3mm-band-size\/"},"modified":"2025-07-13T04:40:46","modified_gmt":"2025-07-13T04:40:46","slug":"full-diamond-14k-yellow-gold-jewelry-ring-0-35ct-1-5mm-4-3mm-band-size","status":"publish","type":"product","link":"https:\/\/dearjewelry.ltd\/es\/product\/full-diamond-14k-yellow-gold-jewelry-ring-0-35ct-1-5mm-4-3mm-band-size\/","title":{"rendered":"Anillo de joyer\u00eda de oro amarillo de 14 quilates con diamante completo 0,35 ct 1,5 mm-4,3 mm Tama\u00f1o de la banda"},"content":{"rendered":"<h2>Anillo de joyer\u00eda de oro amarillo de 14 quilates con diamante completo 0,35 ct 1,5 mm-4,3 mm Tama\u00f1o de la banda<\/h2>\n<p> Descripci\u00f3n<\/p>\n<table cellpadding=\"0\" cellspacing=\"0\" class=\"details_table\">\n<tbody>\n<tr>\n<th>Piedra:<\/th>\n<td>Diamante<\/td>\n<th>Tama\u00f1o de la piedra:<\/th>\n<td>2mm\/1,5mm\/1,3mm1mm<\/td>\n<\/tr>\n<tr class=\"bg_gray\">\n<th>Natural\/Creado en laboratorio:<\/th>\n<td>Natural<\/td>\n<th>Material:<\/th>\n<td>Oro amarillo de 14 quilates<\/td>\n<\/tr>\n<tr>\n<th>Tipo de ajuste:<\/th>\n<td>Ajuste de garras<\/td>\n<th>Tama\u00f1o de la banda:<\/th>\n<td>1,5 mm-4,3 mm<\/td>\n<\/tr>\n<tr class=\"bg_gray\">\n<th>Corta:<\/th>\n<td>Talla brillante redonda<\/td>\n<th>Grado de claridad:<\/th>\n<td>VS1<\/td>\n<\/tr>\n<tr>\n<th>Grado de color:<\/th>\n<td>G-H<\/td>\n<th>Peso del diamante:<\/th>\n<td>0,35 ct<\/td>\n<\/tr>\n<tr class=\"bg_gray\">\n<th colspan=\"1\">Luz alta:<\/th>\n<td colspan=\"3\">\n<h2 style='font-weight: bold;font-size: 14px'>0.35ct 14K Joyas de Oro Amarillo<\/h2>\n<p>, <\/p>\n<h2 style='font-weight: bold;font-size: 14px'>Joyas de oro amarillo de 14 quilates de 4,3 mm<\/h2>\n<p>, <\/p>\n<h2 style='font-weight: bold;font-size: 14px'>Anillo de oro amarillo de 14 quilates de 1,5 mm<\/h2>\n<\/td>\n<\/tr>\n<\/tbody>\n<\/table>\n<p><p><span style=\"font-size:16px\"><strong><span style=\"font-family:arial,helvetica,sans-serif\">Descripci\u00f3n del producto:<\/span><\/strong><\/span><\/p>\n<p>&nbsp;<\/p>\n<p><strong>Anillo de compromiso de oro amarillo de 14 quilates con diamantes en pav\u00e9<\/strong><\/p>\n<p>&nbsp;<\/p>\n<p><span style=\"font-size:16px\"><strong>Detalles del producto:&nbsp;<\/strong><\/span><\/p>\n<table border=\"1\" cellpadding=\"0\" cellspacing=\"0\" style=\"width: 576px\">\n<tbody>\n<tr>\n<td style=\"width: 136px\"><span style=\"font-size:16px\">N\u00ba de art\u00edculo<\/span><\/td>\n<td style=\"width: 434px\">\n<p><span style=\"font-size:16px\">KD7600R<\/span><\/p>\n<\/td>\n<\/tr>\n<tr>\n<td style=\"width: 136px\"><span style=\"font-size:16px\">Nombre del producto<\/span><\/td>\n<td style=\"width: 434px\"><span style=\"font-size:16px\">Anillo de oro amarillo de 14 quilates<\/span><\/td>\n<\/tr>\n<tr>\n<td style=\"width: 136px\"><span style=\"font-size:16px\">Piedra<\/span><\/td>\n<td style=\"width: 434px\"><span style=\"font-size:16px\">Didamond natural <\/span><\/td>\n<\/tr>\n<tr>\n<td style=\"width: 136px\"><span style=\"font-size:16px\">Material<\/span><\/td>\n<td style=\"width: 434px\"><span style=\"font-size:16px\">Oro de 14 quilates<\/span><\/td>\n<\/tr>\n<tr>\n<td style=\"width: 136px\"><span style=\"font-size:16px\">Corte<\/span><\/td>\n<td style=\"width: 434px\"><span style=\"font-size:16px\">Corte redondo<\/span><\/td>\n<\/tr>\n<tr>\n<td style=\"width: 136px\"><span style=\"font-size:16px\">Tama\u00f1o de la piedra<\/span><\/td>\n<td style=\"width: 434px\"><span style=\"font-size:16px\">2mm\/1,5mm\/1,3mm1mm<\/span><\/td>\n<\/tr>\n<tr>\n<td style=\"width: 136px\"><span style=\"font-size:16px\">Estilo<\/span><\/td>\n<td style=\"width: 434px\"><span style=\"font-size:16px\">Anillo de compromiso<\/span><\/td>\n<\/tr>\n<tr>\n<td style=\"width: 136px\"><span style=\"font-size:16px\">Claridad y color<\/span><\/td>\n<td style=\"width: 434px\"><span style=\"font-size:16px\">G-H VS1<\/span><\/td>\n<\/tr>\n<tr>\n<td style=\"width: 136px\"><span style=\"font-size:16px\">Configuraci\u00f3n<\/span><\/td>\n<td style=\"width: 434px\"><span style=\"font-size:16px\">Ajuste de la garra<\/span><\/td>\n<\/tr>\n<tr>\n<td style=\"width: 136px\"><span style=\"font-size:16px\">Peso del diamante<\/span><\/td>\n<td style=\"width: 434px\"><span style=\"font-size:16px\">0,35 ct<\/span><\/td>\n<\/tr>\n<\/tbody>\n<\/table>\n<p>&nbsp;<\/p>\n<p><span style=\"font-size:16px\"><strong><span style=\"font-family:arial,helvetica,sans-serif\"><span>Mostrar producto:<\/span><\/span><\/strong><\/span><\/p>\n<p><span style=\"font-size:16px\"><img decoding=\"async\" src=\"https:\/\/www.gold-jewellerys.com\/test\/gold-jewellerys.com\/photo\/pl36958926-remark.jpg\"><\/span><\/p>\n<p><span style=\"font-size:16px\"><strong>Detalle de la producci\u00f3n :<\/strong><\/span><\/p>\n<p><span style=\"font-size:16px\">Este anillo de diamantes finos banda delicada cuenta con un GIA certificado de diamante central.<\/span><\/p>\n<p><span style=\"font-size:16px\">-100% Ojo Limpio y sin inclusi\u00f3n visible a simple vista.<\/span><\/p>\n<p><span style=\"font-size:16px\">-100% Diamante natural.<\/span><\/p>\n<p><span style=\"font-size:16px\">-100% Blanco y brillante (Lleno de vida) .<\/span><\/p>\n<p><span style=\"font-size:16px\">-Nuestras piedras NO son brumosas ni lechosas en absoluto.<\/span><\/p>\n<p>&nbsp;<\/p>\n<p><span style=\"font-size:16px\"><span style=\"font-family:arial,helvetica,sans-serif\">1: Anillo de diamantes de quilates<\/span><\/span><\/p>\n<p><span style=\"font-size:16px\"><span style=\"font-family: arial, helvetica, sans-serif\">2: Claridad del diamante&nbsp;<\/span>Clasificaci\u00f3n&nbsp;<span style=\"font-family: arial, helvetica, sans-serif\">: VS1<\/span><\/span><\/p>\n<p><span style=\"font-size:16px\"><span style=\"font-family:arial,helvetica,sans-serif\">3: Color del diamante <\/span>Clasificaci\u00f3n <span style=\"font-family:arial,helvetica,sans-serif\">: G-H<\/span><\/span><\/p>\n<p><span style=\"font-size:16px\"><span style=\"font-family:arial,helvetica,sans-serif\">4: Talla de diamante: Talla Redonda<\/span><\/span><\/p>\n<p><span style=\"font-size:16px\"><span style=\"font-family:arial,helvetica,sans-serif\">5: Material : Oro de 14 quilates&nbsp;<\/span><\/span><\/p>\n<p><span style=\"font-size:16px\"><span style=\"font-family: arial, helvetica, sans-serif\">6: Todos los pesos en quilates (ct.) de las piedras preciosas, si se mencionan, son aproximados; la variaci\u00f3n puede ser de 0,05 quilates.<\/span><\/span><\/p>\n<p><span style=\"font-size:16px\"><span style=\"font-family: arial, helvetica, sans-serif\">7: Las fotos pueden haber sido ampliadas y\/o mejoradas.<\/span><\/span><\/p>\n<p>&nbsp;<\/p>\n<p><span style=\"font-size:16px\"><strong>Por qu\u00e9 elegirnos:<\/strong><\/span><\/p>\n<p><span style=\"font-size:16px\">1: K-Gold cuenta con 21 a\u00f1os de experiencia en el sector de la joyer\u00eda y 17 a\u00f1os en producci\u00f3n.<\/span><\/p>\n<p><span style=\"font-size:16px\">2: El objetivo de K-gold es proporcionar a los clientes productos adecuados al precio adecuado y entregarlos a tiempo.<\/span><\/p>\n<p><span style=\"font-size:16px\">3: Para personalizar los art\u00edculos que usted puede conseguir CAD mismo d\u00eda o al d\u00eda siguiente para confirmar los datos antes del inicio del pedido.<\/span><\/p>\n<p><span style=\"font-size:16px\">4: Tambi\u00e9n nuestro equipo profesional de I + D para asegurar que nuestros productos se actualizan constantemente y por delante de la industria. As\u00ed que tenemos m\u00e1s de 3000 dise\u00f1os diferentes y m\u00e1s de 46 colecciones pueden satisfacer la petici\u00f3n de diferentes mercados.<\/span><\/p>\n<p><span style=\"font-size:16px\">5: Tenemos un equipo de servicio al cliente de gran alcance que mantiene un ojo en todo el proceso de venta, ayudarle a cualquier pregunta, desde el dise\u00f1o CAD para entregar.<\/span><\/p>\n<p>&nbsp;<\/p>\n<p><span style=\"font-size:16px\"><strong>Servicio de f\u00e1brica K-Gold:<\/strong><\/span><\/p>\n<p><span style=\"font-size:16px\"><img decoding=\"async\" alt=\"Diamante Completo 14K Anillo de Joyer\u00eda de Oro Amarillo 0.35ct 1.5mm-4.3mm Tama\u00f1o de la Banda 1\" src=\"https:\/\/www.gold-jewellerys.com\/photo\/gold-jewellerys\/editor\/20211217161551_67835.jpg\"><img decoding=\"async\" alt=\"Anillo de joyer\u00eda de oro amarillo de 14 quilates con diamante completo 0,35 ct 1,5 mm-4,3 mm Tama\u00f1o de la banda 2\" src=\"https:\/\/www.gold-jewellerys.com\/photo\/gold-jewellerys\/editor\/20211215171304_67724.jpg\"><\/span><\/p>\n<p>&nbsp;<\/p>\n<p><span style=\"font-size:16px\"><strong>PREGUNTAS FRECUENTES:<\/strong><\/span><\/p>\n<p><span style=\"font-size:16px\">1: \u00bfC\u00f3mo podemos obtener el precio?<\/span><\/p>\n<p><span style=\"font-size:16px\">Le invitamos a ponerse en contacto con nosotros en whatsapp. S\u00f3lo tiene que enviarnos las fotos de los art\u00edculos que desea entonces le diremos los precios tan pronto como sea posible.<\/span><\/p>\n<p>&nbsp;<\/p>\n<p><span style=\"font-size:16px\">Persona de contacto: Cherry Lee<br \/>\nWhatsApp: +86-18520267369 \/ Tell:+8618520267369<br \/>\nCorreo electr\u00f3nico:<br \/>\nP\u00e1gina web:<\/span><\/p>\n<p>&nbsp;<\/p>\n<p><span style=\"font-size:16px\">2: \u00bfCu\u00e1l es el plazo de entrega?<\/span><\/p>\n<p><span style=\"font-size:16px\">Para pedidos de art\u00edculos en stock, el plazo de entrega es de 2 d\u00edas laborables. Para la orden a granel generalmente 10-14 d\u00edas, tambi\u00e9n dependen de la cantidad espec\u00edfica de la orden.<\/span><\/p>\n<p>&nbsp;<\/p>\n<p><span style=\"font-size:16px\">3: \u00bfQu\u00e9 es el sello grabado en el interior?<\/span><\/p>\n<p><span style=\"font-size:16px\">El sello es original nombre de la joyer\u00eda de la marca.<\/span><\/p>\n<p>&nbsp;<\/p>\n<p><span style=\"font-size:16px\">4: \u00bfEl MOQ es para un estilo o para un tama\u00f1o de anillo?<\/span><\/p>\n<p><span style=\"font-size:16px\">El MOQ es para un estilo, y se puede separar el MOQ en diferentes tama\u00f1os de anillo.<\/span><\/p>\n<p>&nbsp;<\/p>\n<p><span style=\"font-size:16px\">5: \u00bfEs usted una f\u00e1brica, un mayorista o una empresa comercial?<\/span><\/p>\n<p><span style=\"font-size:16px\">Enviamos generalmente por DHL\/Fedex\/EMS\/UPS y as\u00ed sucesivamente, el tiempo de env\u00edo es de aproximadamente 2 ~ 7days.<\/span><\/p>\n<p>&nbsp;<\/p>\n<p><span style=\"font-size:16px\"><span style=\"font-family:arial,helvetica,sans-serif\">6: <\/span>\u00bfEs posible comprar uno?<span style=\"font-family:arial,helvetica,sans-serif\"> <\/span><\/span><\/p>\n<p><span style=\"font-size:16px\">Somos un fabricante de joyer\u00eda tiene m\u00e1s de 17 a\u00f1os de experiencia.<\/span><\/p><\/p>","protected":false},"excerpt":{"rendered":"<br \/>\n<table class=\"tables data\" width=\"100%\" border=\"0\" cellpadding=\"0\" cellspacing=\"0\">\n<tbody>\n<tr>\n<th width=\"35%\">Lugar de origen:<\/th>\n<td>China<\/td>\n<\/tr>\n<tr>\n<th width=\"35%\">Marca:<\/th>\n<td>Joyas de oro K<\/td>\n<\/tr>\n<tr>\n<th width=\"35%\">Certificaci\u00f3n:<\/th>\n<td>Certificado de joyer\u00eda<\/td>\n<\/tr>\n<tr>\n<th width=\"35%\">N\u00famero de modelo:<\/th>\n<td>KD7600R<\/td>\n<\/tr>\n<\/tbody>\n<\/table>\n<p>                                                                            <span class=\"title_s\">Condiciones de pago y env\u00edo:<\/span>                            <\/p>\n<table class=\"tables data\" width=\"100%\" border=\"0\" cellpadding=\"0\" cellspacing=\"0\">\n<tbody>\n<tr>\n<th width=\"35%\" nowrap=\"nowrap\">Cantidad m\u00ednima de pedido:<\/th>\n<td>3<\/td>\n<\/tr>\n<tr>\n<th width=\"35%\" nowrap=\"nowrap\">Precio:<\/th>\n<td>Negociable<\/td>\n<\/tr>\n<tr>\n<th width=\"35%\" nowrap=\"nowrap\">Detalles del embalaje:<\/th>\n<td>Bolsa PP gruesa est\u00e1ndar<\/td>\n<\/tr>\n<tr>\n<th width=\"35%\" nowrap=\"nowrap\">Plazo de entrega:<\/th>\n<td>5-15 d\u00edas laborables<\/td>\n<\/tr>\n<tr>\n<th width=\"35%\" nowrap=\"nowrap\">Condiciones de pago:<\/th>\n<td>T\/T, Western Union<\/td>\n<\/tr>\n<tr>\n<th width=\"35%\" nowrap=\"nowrap\">Capacidad de suministro:<\/th>\n<td>2000pcs\/Mes<\/td>\n<\/tr>\n<\/tbody>\n<\/table>","protected":false},"featured_media":1422,"comment_status":"closed","ping_status":"closed","template":"","meta":{"_gspb_post_css":""},"product_brand":[],"product_cat":[16],"product_tag":[],"class_list":{"0":"post-1424","1":"product","2":"type-product","3":"status-publish","4":"has-post-thumbnail","6":"product_cat-solid-gold-jewellery","8":"first","9":"instock","10":"shipping-taxable","11":"product-type-simple"},"aioseo_notices":[],"_links":{"self":[{"href":"https:\/\/dearjewelry.ltd\/es\/wp-json\/wp\/v2\/product\/1424","targetHints":{"allow":["GET"]}}],"collection":[{"href":"https:\/\/dearjewelry.ltd\/es\/wp-json\/wp\/v2\/product"}],"about":[{"href":"https:\/\/dearjewelry.ltd\/es\/wp-json\/wp\/v2\/types\/product"}],"replies":[{"embeddable":true,"href":"https:\/\/dearjewelry.ltd\/es\/wp-json\/wp\/v2\/comments?post=1424"}],"wp:featuredmedia":[{"embeddable":true,"href":"https:\/\/dearjewelry.ltd\/es\/wp-json\/wp\/v2\/media\/1422"}],"wp:attachment":[{"href":"https:\/\/dearjewelry.ltd\/es\/wp-json\/wp\/v2\/media?parent=1424"}],"wp:term":[{"taxonomy":"product_brand","embeddable":true,"href":"https:\/\/dearjewelry.ltd\/es\/wp-json\/wp\/v2\/product_brand?post=1424"},{"taxonomy":"product_cat","embeddable":true,"href":"https:\/\/dearjewelry.ltd\/es\/wp-json\/wp\/v2\/product_cat?post=1424"},{"taxonomy":"product_tag","embeddable":true,"href":"https:\/\/dearjewelry.ltd\/es\/wp-json\/wp\/v2\/product_tag?post=1424"}],"curies":[{"name":"wp","href":"https:\/\/api.w.org\/{rel}","templated":true}]}}