{"id":1420,"date":"2025-07-13T04:40:45","date_gmt":"2025-07-13T04:40:45","guid":{"rendered":"https:\/\/dearjewelry.ltd\/product\/pave-full-diamond-14k-yellow-gold-jewelry-0-67ct-g-h-vs1-clarity\/"},"modified":"2025-07-13T04:40:45","modified_gmt":"2025-07-13T04:40:45","slug":"pave-diamante-completo-14k-joyas-de-oro-amarillo-0-67ct-g-h-vs1-claridad","status":"publish","type":"product","link":"https:\/\/dearjewelry.ltd\/es\/product\/pave-diamante-completo-14k-joyas-de-oro-amarillo-0-67ct-g-h-vs1-claridad\/","title":{"rendered":"Pave Diamante Completo 14K Joyer\u00eda de Oro Amarillo 0.67ct G-H VS1 Claridad"},"content":{"rendered":"<h2>Pave Diamante Completo 14K Joyer\u00eda de Oro Amarillo 0.67ct G-H VS1 Claridad<\/h2>\n<p> Descripci\u00f3n<\/p>\n<table cellpadding=\"0\" cellspacing=\"0\" class=\"details_table\">\n<tbody>\n<tr>\n<th>Material:<\/th>\n<td>Oro de 14 quilates<\/td>\n<th>Tipo de joya:<\/th>\n<td>Anillo Dainty Band<\/td>\n<\/tr>\n<tr class=\"bg_gray\">\n<th>Piedra:<\/th>\n<td>Diamante real G-H VS1<\/td>\n<th>Nombre del producto:<\/th>\n<td>Anillo de oro amarillo de 14 quilates<\/td>\n<\/tr>\n<tr>\n<th>Tipo de ajuste:<\/th>\n<td>Ajuste de garras<\/td>\n<th>Ocasi\u00f3n:<\/th>\n<td>Aniversario, Compromiso, Regalo, Fiesta, Boda<\/td>\n<\/tr>\n<tr class=\"bg_gray\">\n<th>Tama\u00f1o del anillo:<\/th>\n<td>#5 #6 #7 #8 # 9#personalizado<\/td>\n<th>Corta:<\/th>\n<td>Excelente<\/td>\n<\/tr>\n<tr>\n<th>Natural\/Creado en laboratorio:<\/th>\n<td>Natural<\/td>\n<th>Forma:<\/th>\n<td>Redondo<\/td>\n<\/tr>\n<tr class=\"bg_gray\">\n<th colspan=\"1\">Luz alta:<\/th>\n<td colspan=\"3\">\n<h2 style='font-weight: bold;font-size: 14px'>G-H VS1 14K Joyas de Oro Amarillo<\/h2>\n<p>, <\/p>\n<h2 style='font-weight: bold;font-size: 14px'>0.67ct 14K Joyas de Oro Amarillo<\/h2>\n<\/td>\n<\/tr>\n<\/tbody>\n<\/table>\n<p><p><strong><span style=\"font-size:16px\"><span style=\"font-family:arial,helvetica,sans-serif\">Descripci\u00f3n del producto:<\/span><\/span><\/strong><\/p>\n<p>&nbsp;<\/p>\n<p><strong><span style=\"font-size:16px\"><span style=\"font-family:arial,helvetica,sans-serif\">Personalizar joyer\u00eda fina Pave completo anillo de diamantes Dainty Band en 14k de oro amarillo<\/span> <\/span><\/strong><\/p>\n<p>&nbsp;<\/p>\n<p><strong><span style=\"font-size:16px\">Detalles del producto:&nbsp;<\/span><\/strong><\/p>\n<table border=\"1\" cellpadding=\"0\" cellspacing=\"0\" style=\"width: 576px\">\n<tbody>\n<tr>\n<td style=\"width: 125px\"><span style=\"font-size:16px\">N\u00ba de art\u00edculo<\/span><\/td>\n<td style=\"width: 445px\"><span style=\"font-size:16px\">DR7607R<\/span><\/td>\n<\/tr>\n<tr>\n<td style=\"width: 125px\"><span style=\"font-size:16px\">Nombre del producto<\/span><\/td>\n<td style=\"width: 445px\"><span style=\"font-size:16px\">Anillo de oro amarillo de 14 quilates<\/span><\/td>\n<\/tr>\n<tr>\n<td style=\"width: 125px\"><span style=\"font-size:16px\">Estilo<\/span><\/td>\n<td style=\"width: 445px\"><span style=\"font-size:16px\">Estilo cl\u00e1sico&nbsp;<\/span><\/td>\n<\/tr>\n<tr>\n<td style=\"width: 125px\"><span style=\"font-size:16px\">Material<\/span><\/td>\n<td style=\"width: 445px\"><span style=\"font-size:16px\">Oro amarillo de 14 quilates<\/span><\/td>\n<\/tr>\n<tr>\n<td style=\"width: 125px\"><span style=\"font-size:16px\">Tipo de configuraci\u00f3n<\/span><\/td>\n<td style=\"width: 445px\"><span style=\"font-size:16px\">Ajuste de la garra<\/span><\/td>\n<\/tr>\n<tr>\n<td style=\"width: 125px\"><span style=\"font-size:16px\">G\u00e9nero<\/span><\/td>\n<td style=\"width: 445px\"><span style=\"font-size:16px\">Mujeres<\/span><\/td>\n<\/tr>\n<tr>\n<td style=\"width: 125px\"><span style=\"font-size:16px\">Diamante<\/span><\/td>\n<td style=\"width: 445px\"><span style=\"font-size:16px\">Didamond natural&nbsp;<\/span><\/td>\n<\/tr>\n<tr>\n<td style=\"width: 125px\"><span style=\"font-size:16px\">Claridad y color<\/span><\/td>\n<td style=\"width: 445px\"><span style=\"font-size:16px\">G-H VS1 0.67ct<\/span><\/td>\n<\/tr>\n<tr>\n<td style=\"width: 125px\"><span style=\"font-size:16px\">Tama\u00f1o del anillo<\/span><\/td>\n<td style=\"width: 445px\"><span style=\"font-size:16px\">#5 #6 #7 #8 #9, disponible a medida&nbsp;<\/span><\/td>\n<\/tr>\n<tr>\n<td style=\"width: 125px\"><span style=\"font-size:16px\">Ocasi\u00f3n<\/span><\/td>\n<td style=\"width: 445px\"><span style=\"font-size:16px\">Aniversario, Compromiso, Regalo, Fiesta, Boda<\/span><\/td>\n<\/tr>\n<\/tbody>\n<\/table>\n<p>&nbsp;<\/p>\n<p><strong><span style=\"font-size:16px\"><span style=\"font-family:arial,helvetica,sans-serif\"><span>Mostrar producto:<\/span><\/span><\/span><\/strong><\/p>\n<p><span style=\"font-size:16px\"><img decoding=\"async\" src=\"https:\/\/www.gold-jewellerys.com\/test\/gold-jewellerys.com\/photo\/pl36230892-remark.jpg\"><\/span><\/p>\n<p><strong><span style=\"font-size:16px\">Detalle de la producci\u00f3n :<\/span><\/strong><\/p>\n<p><span style=\"font-size:16px\">Este fino anillo de diamantes cuenta con un diamante central certificado por el GIA.<\/span><\/p>\n<p><span style=\"font-size:16px\">-100% Diamantes naturales de origen \u00e9tico.<br \/>\n-100% White &amp; Sparkly (Lleno de vida.)<br \/>\n-100% Ojo Limpio y sin inclusiones visibles a simple vista.<\/span><\/p>\n<p><span style=\"font-size:16px\">-Nuestras piedras NO son brumosas ni lechosas en absoluto.<\/span><\/p>\n<p>&nbsp;<\/p>\n<p><span style=\"font-size:16px\"><span style=\"font-family:arial,helvetica,sans-serif\">1:Anillo de diamantes de 1-1\/2 quilates<\/span><\/span><\/p>\n<p><span style=\"font-size:16px\"><span style=\"font-family:arial,helvetica,sans-serif\">2:C\u00f3digo de clasificaci\u00f3n del color del diamante: G-H<\/span><\/span><\/p>\n<p><span style=\"font-size:16px\"><span style=\"font-family:arial,helvetica,sans-serif\">3: C\u00f3digo de clasificaci\u00f3n de la claridad del diamante: VS1<\/span><\/span><\/p>\n<p><span style=\"font-size:16px\"><span style=\"font-family:arial,helvetica,sans-serif\">4: Forma del diamante: Redondo&nbsp;<\/span><\/span><\/p>\n<p><span style=\"font-size:16px\"><span style=\"font-family:arial,helvetica,sans-serif\">5: Engastado en oro amarillo de 14 quilates&nbsp;<\/span><\/span><\/p>\n<p><span style=\"font-size:16px\"><span style=\"font-family:arial,helvetica,sans-serif\"><span style=\"font-family:arial,helvetica,sans-serif\">6: La foto puede haber sido ampliada y\/o mejorada.<\/span><\/span><\/span><\/p>\n<p><span style=\"font-size:16px\"><span style=\"font-family:arial,helvetica,sans-serif\">7: Todos los pesos en quilates de las piedras preciosas (ct. t.w.), si se mencionan, son aproximados; la variaci\u00f3n puede ser de 0,05 quilates.<\/span><\/span><\/p>\n<p><span style=\"font-size:16px\"><span style=\"font-family:arial,helvetica,sans-serif\">8: Todos los art\u00edculos que somos promesa pulir muy bien, siempre ofrecemos alta calidad y buen servicio al cliente.<\/span><\/span><\/p>\n<p>&nbsp;<\/p>\n<p><strong><span style=\"font-size:16px\">Por qu\u00e9 elegirnos:<\/span><\/strong><\/p>\n<p><span style=\"font-size:16px\">1: K-Gold cuenta con 21 a\u00f1os de experiencia en el sector de la joyer\u00eda y 17 a\u00f1os en producci\u00f3n.<\/span><\/p>\n<p><span style=\"font-size:16px\">2: Tambi\u00e9n nuestro equipo profesional de I + D para asegurar que nuestros productos se actualizan constantemente y por delante de la industria. As\u00ed que tenemos m\u00e1s de 3000 dise\u00f1os diferentes y m\u00e1s de 46 colecciones pueden satisfacer la demanda de diferentes mercados.<\/span><\/p>\n<p><span style=\"font-size:16px\">3: Para personalizar los art\u00edculos que usted puede conseguir CAD mismo d\u00eda o al d\u00eda siguiente para confirmar los datos antes del inicio del pedido.<\/span><\/p>\n<p><span style=\"font-size:16px\">4: El objetivo de K-gold es ofrecer a los clientes productos adecuados al precio adecuado y entregarlos a tiempo.<\/span><\/p>\n<p><span style=\"font-size:16px\">5: Tenemos un equipo de servicio al cliente de gran alcance que mantiene un ojo en todo el proceso de venta, ayudarle a cualquier pregunta, desde el dise\u00f1o CAD para entregar.<\/span><\/p>\n<p><span style=\"font-size:16px\">Servicio de f\u00e1brica K-Gold:<\/span><\/p>\n<p><span style=\"font-size:16px\"><img decoding=\"async\" src=\"https:\/\/www.gold-jewellerys.com\/test\/gold-jewellerys.com\/photo\/pl36123473-remark.jpg\"><\/span><\/p>\n<p><span style=\"font-size:16px\"><img decoding=\"async\" src=\"https:\/\/www.gold-jewellerys.com\/test\/gold-jewellerys.com\/photo\/pl36219389-remark.jpg\"><\/span><\/p>\n<p><strong><span style=\"font-size:16px\">PREGUNTAS FRECUENTES:<\/span><\/strong><\/p>\n<p><span style=\"font-size:16px\">1: \u00bfC\u00f3mo podemos obtener el precio?<\/span><\/p>\n<p><span style=\"font-size:16px\">Le invitamos a ponerse en contacto con nosotros en whatsapp. Apenas env\u00edenos las im\u00e1genes de los art\u00edculos usted quiere entonces le diremos los precios cuanto antes.<\/span><\/p>\n<p>&nbsp;<\/p>\n<p><span style=\"font-size:16px\">Persona de contacto: Cherry Lee<br \/>\nWhatsApp: +86-18520267369 \/ Tell:+8618520267369<br \/>\nCorreo electr\u00f3nico:<br \/>\nP\u00e1gina web:<\/span><\/p>\n<p>&nbsp;<\/p>\n<p><span style=\"font-size:16px\">2: \u00bfPueden personalizar mi logotipo?<\/span><\/p>\n<p><span style=\"font-size:16px\">S\u00ed, normalmente podemos estamparle el logotipo gratis, s\u00f3lo tiene que enviarnos el archivo o la foto.<\/span><\/p>\n<p>&nbsp;<\/p>\n<p><span style=\"font-size:16px\">3: \u00bfC\u00f3mo pago mi pedido?<\/span><\/p>\n<p><span style=\"font-size:16px\">Por favor d\u00edgame su orden entonces le diremos el precio del art\u00edculo, la tarifa de env\u00edo y la tarifa original de la caja y la cantidad total. Usted puede hacer el pago por Western Union \/ T\/T, o Payoneer, procesaremos y enviaremos hacia fuera su orden cuanto antes despu\u00e9s del pago hecho.<\/span><\/p>\n<p>&nbsp;<\/p>\n<p><span style=\"font-size:16px\">4:\u00bfPuedo obtener un certificado?<\/span><\/p>\n<p><span style=\"font-size:16px\">S\u00ed, no tienen el certificado si es necesario y el precio no incluir\u00e1 la tasa. El diamante hay GIA certificado o sin ella s\u00f3lo h\u00e1gamelo saber porque hay diferencia de precio.<\/span><\/p>\n<p>&nbsp;<\/p>\n<p><span style=\"font-size:16px\">5: \u00bfEn cu\u00e1nto tiempo puedo recibir mi mercanc\u00eda?<\/span><\/p>\n<p><span style=\"font-size:16px\">Orden siempre procesando despu\u00e9s del dep\u00f3sito sobre su pedido. Haciendo tiempo 2-10 d\u00edas laborables dependiendo de la mano de obra de dise\u00f1o.<\/span><\/p>\n<p><span style=\"font-size:16px\">dificultad, m\u00e1s 2-7 d\u00edas de tiempo de env\u00edo m\u00e9todo de env\u00edo expreso a todos fo el mundo.<\/span><\/p>\n<p>&nbsp;<\/p>\n<p><span style=\"font-size:16px\"><span style=\"font-family:arial,helvetica,sans-serif\">6: \u00bfEs usted una f\u00e1brica, un mayorista o una empresa comercial?<\/span><\/span><\/p>\n<p><span style=\"font-size:16px\"><span style=\"font-family:arial,helvetica,sans-serif\">Somos un fabricante de joyer\u00eda tiene m\u00e1s de 17 a\u00f1os de experiencia.<\/span><\/span><\/p><\/p>","protected":false},"excerpt":{"rendered":"<br \/>\n<table class=\"tables data\" width=\"100%\" border=\"0\" cellpadding=\"0\" cellspacing=\"0\">\n<tbody>\n<tr>\n<th width=\"35%\">Lugar de origen:<\/th>\n<td>China<\/td>\n<\/tr>\n<tr>\n<th width=\"35%\">Marca:<\/th>\n<td>Joyas de oro K<\/td>\n<\/tr>\n<tr>\n<th width=\"35%\">Certificaci\u00f3n:<\/th>\n<td>Certificado de joyer\u00eda<\/td>\n<\/tr>\n<tr>\n<th width=\"35%\">N\u00famero de modelo:<\/th>\n<td>DR7607R<\/td>\n<\/tr>\n<\/tbody>\n<\/table>\n<p>                                                                            <span class=\"title_s\">Condiciones de pago y env\u00edo:<\/span>                            <\/p>\n<table class=\"tables data\" width=\"100%\" border=\"0\" cellpadding=\"0\" cellspacing=\"0\">\n<tbody>\n<tr>\n<th width=\"35%\" nowrap=\"nowrap\">Cantidad m\u00ednima de pedido:<\/th>\n<td>3<\/td>\n<\/tr>\n<tr>\n<th width=\"35%\" nowrap=\"nowrap\">Precio:<\/th>\n<td>Negociable<\/td>\n<\/tr>\n<tr>\n<th width=\"35%\" nowrap=\"nowrap\">Detalles del embalaje:<\/th>\n<td>Bolsa PP gruesa est\u00e1ndar<\/td>\n<\/tr>\n<tr>\n<th width=\"35%\" nowrap=\"nowrap\">Plazo de entrega:<\/th>\n<td>5-15 d\u00edas laborables<\/td>\n<\/tr>\n<tr>\n<th width=\"35%\" nowrap=\"nowrap\">Condiciones de pago:<\/th>\n<td>T\/T, Western Union<\/td>\n<\/tr>\n<tr>\n<th width=\"35%\" nowrap=\"nowrap\">Capacidad de suministro:<\/th>\n<td>2000pcs\/Mes<\/td>\n<\/tr>\n<\/tbody>\n<\/table>","protected":false},"featured_media":1417,"comment_status":"closed","ping_status":"closed","template":"","meta":{"_gspb_post_css":""},"product_brand":[],"product_cat":[16],"product_tag":[],"class_list":{"0":"post-1420","1":"product","2":"type-product","3":"status-publish","4":"has-post-thumbnail","6":"product_cat-solid-gold-jewellery","8":"first","9":"instock","10":"shipping-taxable","11":"product-type-simple"},"aioseo_notices":[],"_links":{"self":[{"href":"https:\/\/dearjewelry.ltd\/es\/wp-json\/wp\/v2\/product\/1420","targetHints":{"allow":["GET"]}}],"collection":[{"href":"https:\/\/dearjewelry.ltd\/es\/wp-json\/wp\/v2\/product"}],"about":[{"href":"https:\/\/dearjewelry.ltd\/es\/wp-json\/wp\/v2\/types\/product"}],"replies":[{"embeddable":true,"href":"https:\/\/dearjewelry.ltd\/es\/wp-json\/wp\/v2\/comments?post=1420"}],"wp:featuredmedia":[{"embeddable":true,"href":"https:\/\/dearjewelry.ltd\/es\/wp-json\/wp\/v2\/media\/1417"}],"wp:attachment":[{"href":"https:\/\/dearjewelry.ltd\/es\/wp-json\/wp\/v2\/media?parent=1420"}],"wp:term":[{"taxonomy":"product_brand","embeddable":true,"href":"https:\/\/dearjewelry.ltd\/es\/wp-json\/wp\/v2\/product_brand?post=1420"},{"taxonomy":"product_cat","embeddable":true,"href":"https:\/\/dearjewelry.ltd\/es\/wp-json\/wp\/v2\/product_cat?post=1420"},{"taxonomy":"product_tag","embeddable":true,"href":"https:\/\/dearjewelry.ltd\/es\/wp-json\/wp\/v2\/product_tag?post=1420"}],"curies":[{"name":"wp","href":"https:\/\/api.w.org\/{rel}","templated":true}]}}