{"id":1383,"date":"2025-07-13T04:40:29","date_gmt":"2025-07-13T04:40:29","guid":{"rendered":"https:\/\/dearjewelry.ltd\/product\/oem-2-84ct-18k-yellow-gold-engagement-ring-32pcs-92pcs-3-20g-weight\/"},"modified":"2025-07-13T04:40:29","modified_gmt":"2025-07-13T04:40:29","slug":"oem-2-84ct-18k-anillo-de-compromiso-de-oro-amarillo-32pcs-92pcs-3-20g-de-peso","status":"publish","type":"product","link":"https:\/\/dearjewelry.ltd\/es\/product\/oem-2-84ct-18k-anillo-de-compromiso-de-oro-amarillo-32pcs-92pcs-3-20g-de-peso\/","title":{"rendered":"OEM 2.84ct 18k Anillo de Compromiso de Oro Amarillo 32pcs 92pcs 3.20g Peso"},"content":{"rendered":"<h2>OEM 2.84ct 18k Anillo de Compromiso de Oro Amarillo 32pcs 92pcs 3.20g Peso<\/h2>\n<p> Descripci\u00f3n<\/p>\n<table cellpadding=\"0\" cellspacing=\"0\" class=\"details_table\">\n<tbody>\n<tr>\n<th>Material:<\/th>\n<td>Oro macizo de 18 quilates<\/td>\n<th>Tipo de joya:<\/th>\n<td>Anillo giratorio de oro<\/td>\n<\/tr>\n<tr class=\"bg_gray\">\n<th>G\u00e9nero:<\/th>\n<td>Mujer, Unisex, Ni\u00f1o<\/td>\n<th>Quilates de oro:<\/th>\n<td>Oro de 18 quilates<\/td>\n<\/tr>\n<tr>\n<th>Tama\u00f1o:<\/th>\n<td>US# 5~ #12<\/td>\n<th>Nombre del producto:<\/th>\n<td>Anillo giratorio<\/td>\n<\/tr>\n<tr class=\"bg_gray\">\n<th>Anchura:<\/th>\n<td>4 mm<\/td>\n<th>Ocasi\u00f3n:<\/th>\n<td>Aniversario, Fiesta, Regalo, Compromiso, Cumplea\u00f1os<\/td>\n<\/tr>\n<tr>\n<th>Joyas de oro:<\/th>\n<td>Joyas de la marca Dimonds<\/td>\n<th>Peso del diamante:<\/th>\n<td>2,84ct Total<\/td>\n<\/tr>\n<tr class=\"bg_gray\">\n<th colspan=\"1\">Luz alta:<\/th>\n<td colspan=\"3\">\n<h2 style='font-weight: bold;font-size: 14px'>OEM 18k Anillo de compromiso de oro amarillo<\/h2>\n<p>, <\/p>\n<h2 style='font-weight: bold;font-size: 14px'>32pcs 18k Anillo de compromiso de oro amarillo<\/h2>\n<p>, <\/p>\n<h2 style='font-weight: bold;font-size: 14px'>2.84ct 92pcs Anillo de Oro Amarillo 18k<\/h2>\n<\/td>\n<\/tr>\n<\/tbody>\n<\/table>\n<p><p><strong>Descripci\u00f3n del producto:<\/strong><\/p>\n<p>&nbsp;<\/p>\n<p>Anillo giratorio de oro amarillo de 18 quilates Joyer\u00eda de oro macizo con diamantes naturales Joyer\u00eda de marca<\/p>\n<p>&nbsp;<\/p>\n<p><strong>Detalles del producto:&nbsp;<\/strong><\/p>\n<p>&nbsp;<\/p>\n<table border=\"1\" cellpadding=\"0\" cellspacing=\"0\" style=\"width: 651px\">\n<tbody>\n<tr>\n<td style=\"width: 145px\"><span style=\"font-size:14px\">N\u00ba de art\u00edculo<\/span><\/td>\n<td style=\"width: 501px\">KD010R<\/td>\n<\/tr>\n<tr>\n<td style=\"width: 145px\"><span style=\"font-size:14px\">Nombre del producto<\/span><\/td>\n<td style=\"width: 501px\">Anillo giratorio de oro<\/td>\n<\/tr>\n<tr>\n<td style=\"width: 145px\"><span style=\"font-size:14px\">Estilo<\/span><\/td>\n<td style=\"width: 501px\">Popular&nbsp;<\/td>\n<\/tr>\n<tr>\n<td style=\"width: 145px\"><span style=\"font-size:14px\">Material<\/span><\/td>\n<td style=\"width: 501px\"><span style=\"font-size:14px\">Oro amarillo de 18 quilates&nbsp;<\/span><\/td>\n<\/tr>\n<tr>\n<td style=\"width: 145px\"><span style=\"font-size:14px\">Tipo de configuraci\u00f3n<\/span><\/td>\n<td style=\"width: 501px\">Entorno Baze<\/td>\n<\/tr>\n<tr>\n<td style=\"width: 145px\"><span style=\"font-size:14px\">G\u00e9nero<\/span><\/td>\n<td style=\"width: 501px\"><span style=\"font-size:14px\">Mujeres<\/span><\/td>\n<\/tr>\n<tr>\n<td style=\"width: 145px\">Ancho<\/td>\n<td style=\"width: 501px\">4 mm<\/td>\n<\/tr>\n<tr>\n<td style=\"width: 145px\"><span style=\"font-size:14px\">Tama\u00f1o del brazalete :&nbsp;<\/span><\/td>\n<td style=\"width: 501px\"><span style=\"font-size:14px\">&nbsp;<\/span>US#5~12<\/td>\n<\/tr>\n<tr>\n<td style=\"width: 145px\"><span style=\"font-size:14px\">Personal\u00edzalo:&nbsp;<\/span><\/td>\n<td style=\"width: 501px\"><span style=\"font-size:14px\">Anillo de oro de 18 quilates<\/span><\/td>\n<\/tr>\n<tr>\n<td style=\"width: 145px\"><span style=\"font-size:14px\">Ocasi\u00f3n<\/span><\/td>\n<td style=\"width: 501px\"><span style=\"font-size:14px\">Aniversario, Compromiso, Regalo, Fiesta, Boda<\/span><\/td>\n<\/tr>\n<\/tbody>\n<\/table>\n<p>\n<span style=\", Arial, sans-serif\">1: El <\/span>Anillo giratorio de oro&nbsp;<span style=\", Arial, sans-serif\">hacer de 4 mm de ancho,&nbsp;<\/span>Dia 2.75mm=32pcs=1.92ct, 1.3mm=92pcs=0.92ct<\/p>\n<p style=\"padding: 0px;border: 0px;font-family: arial\">2: C\u00f3digo de clasificaci\u00f3n del color del diamante: F-H<\/p>\n<p style=\"padding: 0px;border: 0px;font-family: arial\">3: C\u00f3digo de clasificaci\u00f3n de la claridad del diamante: Si1<\/p>\n<p style=\"padding: 0px;border: 0px;font-family: arial\">4: Forma del diamante: Redondo<\/p>\n<p style=\"padding: 0px;border: 0px;font-family: arial\">5:&nbsp;<span style=\", Arial, sans-serif\">Aproximadamente<\/span> peso: 3,20 g<\/p>\n<p style=\"padding: 0px;border: 0px;font-family: arial\">5: Engastado en oro amarillo de 18 quilates<\/p>\n<p style=\"padding: 0px;border: 0px;font-family: arial\">6: Foto tomar por tel\u00e9fono, los elementos reales de la calidad m\u00e1s brillo.<\/p>\n<p style=\"padding: 0px;border: 0px;font-family: arial\">7: Casi todas las piedras preciosas han sido tratadas para realzar su belleza y requieren cuidados especiales.<\/p>\n<p style=\"padding: 0px;border: 0px;font-family: arial\">&nbsp;<\/p>\n<p><strong><span>Mostrar producto:<\/span><\/strong><\/p>\n<p>&nbsp;<\/p>\n<p><img decoding=\"async\" src=\"https:\/\/www.gold-jewellerys.com\/test\/gold-jewellerys.com\/photo\/pl36927307-remark.jpg\"><\/p>\n<p>&nbsp;<\/p>\n<p><strong>Por qu\u00e9 elegirnos:<\/strong><\/p>\n<p>1: K-Gold cuenta con 21 a\u00f1os de experiencia en el sector de la joyer\u00eda y 17 a\u00f1os en producci\u00f3n.<\/p>\n<p>2: Tambi\u00e9n nuestro equipo profesional de I + D para asegurar que nuestros productos se actualizan constantemente y por delante de la industria. As\u00ed que tenemos m\u00e1s de 30000 dise\u00f1os diferentes y m\u00e1s de 46 colecciones pueden cumplir de solicitud de mercado diferentes.<\/p>\n<p>3: Para personalizar los art\u00edculos que usted puede conseguir CAD mismo d\u00eda o al d\u00eda siguiente para confirmar los datos antes del inicio del pedido.<\/p>\n<p>4: El objetivo de K-gold es ofrecer a los clientes productos adecuados al precio adecuado y entregarlos a tiempo.<\/p>\n<p>&nbsp; Contamos con un potente equipo de atenci\u00f3n al cliente que est\u00e1 pendiente de todo el proceso de venta, para ayudarle ante cualquier duda,<\/p>\n<p>&nbsp; desde el dise\u00f1o CAD hasta la entrega.<\/p>\n<p>&nbsp;<\/p>\n<p><strong>K-Gold Factory Show:&nbsp;<\/strong><\/p>\n<p>&nbsp;<\/p>\n<p><img decoding=\"async\" src=\"https:\/\/www.gold-jewellerys.com\/test\/gold-jewellerys.com\/photo\/pl36123473-remark.jpg\"><\/p>\n<p><img decoding=\"async\" src=\"https:\/\/www.gold-jewellerys.com\/test\/gold-jewellerys.com\/photo\/pl36123376-remark.jpg\"><\/p>\n<p><img decoding=\"async\" src=\"https:\/\/www.gold-jewellerys.com\/test\/gold-jewellerys.com\/photo\/pl36314865-remark.jpg\"><\/p>\n<p><img decoding=\"async\" src=\"https:\/\/www.gold-jewellerys.com\/test\/gold-jewellerys.com\/photo\/pl36219445-remark.jpg\"><\/p>\n<p>&nbsp;<\/p>\n<p>PREGUNTAS FRECUENTES:<\/p>\n<p>1: \u00bfC\u00f3mo podemos obtener el precio?<\/p>\n<p>Le invitamos a ponerse en contacto con nosotros en whatsapp. Apenas env\u00edenos las im\u00e1genes de los art\u00edculos usted quiere entonces le diremos los precios cuanto antes.<\/p>\n<p>&nbsp;<\/p>\n<p>Persona de contacto: Cherry Lee<br \/>\nWhatsApp: +86-18520267369 \/ Tell:+8618520267369<br \/>\nCorreo electr\u00f3nico:<br \/>\nP\u00e1gina web:<\/p>\n<p>&nbsp;<\/p>\n<p>2: \u00bfQu\u00e9 es el sello grabado en el interior?<br \/>\nEl sello es original nombre de la joyer\u00eda de la marca.<\/p>\n<p>&nbsp;<\/p>\n<p>3: \u00bfC\u00f3mo pago mi pedido?<\/p>\n<p>Por favor d\u00edgame su orden entonces le diremos el precio del art\u00edculo, la tarifa de env\u00edo y la tarifa original de la caja y la cantidad total. Usted puede hacer el pago por Western Union \/ T\/T, o Payoneer, procesaremos y enviaremos hacia fuera su orden cuanto antes despu\u00e9s del pago hecho.<\/p>\n<p>&nbsp;<\/p>\n<p>4:\u00bfOfrecen certificaciones?<\/p>\n<p>S\u00ed, no tienen el certificado si es necesario y el precio no incluye la tasa. El diamante no GIA certificado o sin ella s\u00f3lo<\/p>\n<p>h\u00e1gamelo saber porque hay diferencia de precio .<\/p>\n<p>&nbsp;<\/p>\n<p>5. \u00bfCu\u00e1nto tardar\u00e1n la producci\u00f3n y el plazo de entrega?&nbsp;<\/p>\n<p>La fecha de producci\u00f3n es de unos 7~15 d\u00edas, y el tiempo de env\u00edo es de unos 3~5 d\u00edas.<\/p>\n<p>&nbsp;<\/p>\n<p>6: \u00bfPara qu\u00e9 sirve el diamante?<\/p>\n<p>Solemos utilizar el color F-H y el grado Si1.<\/p>\n<p>&nbsp;<\/p>\n<p>7.\u00bfQu\u00e9 tipo de materiales utiliza?<\/p>\n<p>Ofrecemos oro macizo (9K, 10K, 14K,18K).<\/p>\n<p>&nbsp;<\/p>\n<p>8. \u00bfCu\u00e1les son las condiciones de pago?<\/p>\n<p>Usted puede pagar 30% dep\u00f3sito first.And el saldo debe ser pagado antes de la entrega.<\/p>\n<p>&nbsp;<\/p>\n<p>9. \u00bfCu\u00e1l es el MOQ?<\/p>\n<p>El MOQ es 1pcs por estilo, si usted puede hacer 3pcs por estilo, el precio ser\u00e1 m\u00e1s mejor.<\/p>\n<p>&nbsp;<\/p>\n<p>10. \u00bfFabrica joyas para compradores particulares o s\u00f3lo para mayoristas?<\/p>\n<p>En realidad estamos hacer toda la venta a quien la venta a en l\u00ednea o tener su propia tienda de dise\u00f1os originales , para la joyer\u00eda de marca permiti\u00f3 que el comprador personal tambi\u00e9n. Usted puede ordenar la joyer\u00eda fina de la marca de la calidad para su familia, amigos y usted mismo en los precios de f\u00e1brica. Incluso ser\u00e1 grande si usted es un revendedor de joyas. Proporcionaremos el env\u00edo libre y las cajas originales libres de la marca si usted puede pedir muchos art\u00edculos cada vez. M\u00e1s cantidad entonces mejor precio .<\/p><\/p>","protected":false},"excerpt":{"rendered":"<br \/>\n<table class=\"tables data\" width=\"100%\" border=\"0\" cellpadding=\"0\" cellspacing=\"0\">\n<tbody>\n<tr>\n<th width=\"35%\">Lugar de origen:<\/th>\n<td>China<\/td>\n<\/tr>\n<tr>\n<th width=\"35%\">Marca:<\/th>\n<td>Marca de lujo<\/td>\n<\/tr>\n<tr>\n<th width=\"35%\">Certificaci\u00f3n:<\/th>\n<td>Certificado Diamante de Oro<\/td>\n<\/tr>\n<tr>\n<th width=\"35%\">N\u00famero de modelo:<\/th>\n<td>KD010R<\/td>\n<\/tr>\n<\/tbody>\n<\/table>\n<p>                                                                            <span class=\"title_s\">Condiciones de pago y env\u00edo:<\/span>                            <\/p>\n<table class=\"tables data\" width=\"100%\" border=\"0\" cellpadding=\"0\" cellspacing=\"0\">\n<tbody>\n<tr>\n<th width=\"35%\" nowrap=\"nowrap\">Cantidad m\u00ednima de pedido:<\/th>\n<td>1<\/td>\n<\/tr>\n<tr>\n<th width=\"35%\" nowrap=\"nowrap\">Precio:<\/th>\n<td>Negociable<\/td>\n<\/tr>\n<tr>\n<th width=\"35%\" nowrap=\"nowrap\">Detalles del embalaje:<\/th>\n<td>Embalaje en caja de regalo original de la marca<\/td>\n<\/tr>\n<tr>\n<th width=\"35%\" nowrap=\"nowrap\">Plazo de entrega:<\/th>\n<td>5-15 d\u00edas laborables<\/td>\n<\/tr>\n<tr>\n<th width=\"35%\" nowrap=\"nowrap\">Condiciones de pago:<\/th>\n<td>T\/T, Western Union<\/td>\n<\/tr>\n<tr>\n<th width=\"35%\" nowrap=\"nowrap\">Capacidad de suministro:<\/th>\n<td>1000pcs\/Mes<\/td>\n<\/tr>\n<\/tbody>\n<\/table>","protected":false},"featured_media":1382,"comment_status":"closed","ping_status":"closed","template":"","meta":{"_gspb_post_css":""},"product_brand":[],"product_cat":[16],"product_tag":[],"class_list":{"0":"post-1383","1":"product","2":"type-product","3":"status-publish","4":"has-post-thumbnail","6":"product_cat-solid-gold-jewellery","8":"first","9":"instock","10":"shipping-taxable","11":"product-type-simple"},"aioseo_notices":[],"_links":{"self":[{"href":"https:\/\/dearjewelry.ltd\/es\/wp-json\/wp\/v2\/product\/1383","targetHints":{"allow":["GET"]}}],"collection":[{"href":"https:\/\/dearjewelry.ltd\/es\/wp-json\/wp\/v2\/product"}],"about":[{"href":"https:\/\/dearjewelry.ltd\/es\/wp-json\/wp\/v2\/types\/product"}],"replies":[{"embeddable":true,"href":"https:\/\/dearjewelry.ltd\/es\/wp-json\/wp\/v2\/comments?post=1383"}],"wp:featuredmedia":[{"embeddable":true,"href":"https:\/\/dearjewelry.ltd\/es\/wp-json\/wp\/v2\/media\/1382"}],"wp:attachment":[{"href":"https:\/\/dearjewelry.ltd\/es\/wp-json\/wp\/v2\/media?parent=1383"}],"wp:term":[{"taxonomy":"product_brand","embeddable":true,"href":"https:\/\/dearjewelry.ltd\/es\/wp-json\/wp\/v2\/product_brand?post=1383"},{"taxonomy":"product_cat","embeddable":true,"href":"https:\/\/dearjewelry.ltd\/es\/wp-json\/wp\/v2\/product_cat?post=1383"},{"taxonomy":"product_tag","embeddable":true,"href":"https:\/\/dearjewelry.ltd\/es\/wp-json\/wp\/v2\/product_tag?post=1383"}],"curies":[{"name":"wp","href":"https:\/\/api.w.org\/{rel}","templated":true}]}}