{"id":1352,"date":"2025-07-13T04:40:15","date_gmt":"2025-07-13T04:40:15","guid":{"rendered":"https:\/\/dearjewelry.ltd\/product\/odm-turquoise-circle-earrings-dia-9-65mm-18k-turquoise-earrings-2-37g-weight\/"},"modified":"2025-07-13T04:40:15","modified_gmt":"2025-07-13T04:40:15","slug":"odm-turquoise-circle-earrings-dia-9-65mm-18k-turquoise-earrings-2-37g-weight","status":"publish","type":"product","link":"https:\/\/dearjewelry.ltd\/es\/product\/odm-turquoise-circle-earrings-dia-9-65mm-18k-turquoise-earrings-2-37g-weight\/","title":{"rendered":"ODM Turquoise Circle Earrings , Dia 9.65mm 18k Turquoise Earrings 2.37g Weight"},"content":{"rendered":"<h2>ODM Turquoise Circle Earrings , Dia 9.65mm 18k Turquoise Earrings 2.37g Weight<\/h2>\n<p> Descripci\u00f3n<\/p>\n<table cellpadding=\"0\" cellspacing=\"0\" class=\"details_table\">\n<tbody>\n<tr>\n<th>Material:<\/th>\n<td>Oro blanco de 18 quilates<\/td>\n<th>Tipo de joya:<\/th>\n<td>Turquoise Circle Earrings<\/td>\n<\/tr>\n<tr class=\"bg_gray\">\n<th>G\u00e9nero:<\/th>\n<td>Gold Circles Earrings<\/td>\n<th>A medida:<\/th>\n<td>Customize Your Brand Design Jewelry<\/td>\n<\/tr>\n<tr>\n<th>Piedra:<\/th>\n<td>Turquoise<\/td>\n<th>Nombre del producto:<\/th>\n<td>18K Turquoise Circles Earrings<\/td>\n<\/tr>\n<tr class=\"bg_gray\">\n<th>Estilo:<\/th>\n<td>18K Gold Stud Earrings<\/td>\n<th>Ocasi\u00f3n:<\/th>\n<td>Anniversary, Engagement, Gift, Birthday<\/td>\n<\/tr>\n<tr>\n<th>Color:<\/th>\n<td>18K White Gold Earrings<\/td>\n<th>Fine Jewelry:<\/th>\n<td>Turquoise Gold Earrings<\/td>\n<\/tr>\n<tr class=\"bg_gray\">\n<th colspan=\"1\">Luz alta:<\/th>\n<td colspan=\"3\">\n<h2 style='font-weight: bold;font-size: 14px'>ODM Turquoise Circle Earrings<\/h2>\n<p>, <\/p>\n<h2 style='font-weight: bold;font-size: 14px'>9.65mm Turquoise Circle Earrings<\/h2>\n<p>, <\/p>\n<h2 style='font-weight: bold;font-size: 14px'>2.37g 18k Turquoise Earrings<\/h2>\n<\/td>\n<\/tr>\n<\/tbody>\n<\/table>\n<p><p><span style=\"font-size:16px\"><span style=\"font-family:arial,helvetica,sans-serif\"><b>Descripci\u00f3n del producto:<\/b><\/span><\/span><br \/>&nbsp;<br \/><span style=\"font-size:16px\"><span style=\"font-family:arial,helvetica,sans-serif\">Turquoise Circle Earrings in 18k White Gold 9.65 mm Diameter Each<\/span><\/span><br \/>&nbsp;<br \/><span style=\"font-size:16px\"><span style=\"font-family:arial,helvetica,sans-serif\"><b>Detalles del producto:&nbsp;<\/b><\/span><\/span><br \/>&nbsp;<\/p>\n<table border=\"1\" cellpadding=\"0\" cellspacing=\"0\" style=\"width: 651px\">\n<tr>\n<td style=\"width: 145px\"><span style=\"font-size:16px\"><span style=\"font-family:arial,helvetica,sans-serif\">N\u00ba de art\u00edculo<\/span><\/span><\/td>\n<td style=\"width: 501px\"><span style=\"font-size:16px\"><span style=\"font-family:arial,helvetica,sans-serif\">KD263E<\/span><\/span><\/td>\n<\/tr>\n<tr>\n<td style=\"width: 145px\"><span style=\"font-size:16px\"><span style=\"font-family:arial,helvetica,sans-serif\">Nombre del producto<\/span><\/span><\/td>\n<td style=\"width: 501px\"><span style=\"font-size:16px\"><span style=\"font-family:arial,helvetica,sans-serif\">18K Gold Turquoise Circles Earrings<\/span><\/span><\/td>\n<\/tr>\n<tr>\n<td style=\"width: 145px\"><span style=\"font-size:16px\"><span style=\"font-family:arial,helvetica,sans-serif\">Estilo<\/span><\/span><\/td>\n<td style=\"width: 501px\"><span style=\"font-size:16px\"><span style=\"font-family:arial,helvetica,sans-serif\">Popular&nbsp;<\/span><\/span><\/td>\n<\/tr>\n<tr>\n<td style=\"width: 145px\"><span style=\"font-size:16px\"><span style=\"font-family:arial,helvetica,sans-serif\">Material<\/span><\/span><\/td>\n<td style=\"width: 501px\"><span style=\"font-size:16px\"><span style=\"font-family:arial,helvetica,sans-serif\">Oro blanco de 18 quilates&nbsp;<\/span><\/span><\/td>\n<\/tr>\n<tr>\n<td style=\"width: 145px\"><span style=\"font-size:16px\"><span style=\"font-family:arial,helvetica,sans-serif\">Tipo de configuraci\u00f3n<\/span><\/span><\/td>\n<td style=\"width: 501px\"><span style=\"font-size:16px\"><span style=\"font-family:arial,helvetica,sans-serif\">Ajuste de Baze<\/span><\/span><\/td>\n<\/tr>\n<tr>\n<td style=\"width: 145px\"><span style=\"font-size:16px\"><span style=\"font-family:arial,helvetica,sans-serif\">G\u00e9nero<\/span><\/span><\/td>\n<td style=\"width: 501px\"><span style=\"font-size:16px\"><span style=\"font-family:arial,helvetica,sans-serif\">Mujeres<\/span><\/span><\/td>\n<\/tr>\n<tr>\n<td style=\"width: 145px\"><span style=\"font-size:16px\"><span style=\"font-family:arial,helvetica,sans-serif\">Diamante<\/span><\/span><\/td>\n<td style=\"width: 501px\"><span style=\"font-size:16px\"><span style=\"font-family:arial,helvetica,sans-serif\">Turquoise<\/span><\/span><\/td>\n<\/tr>\n<tr>\n<td style=\"width: 145px\"><span style=\"font-size:16px\"><span style=\"font-family:arial,helvetica,sans-serif\">Pendientes Tama\u00f1o :&nbsp;<\/span><\/span><\/td>\n<td style=\"width: 501px\"><span style=\"font-size:16px\"><span style=\"font-family:arial,helvetica,sans-serif\">9.65 mm<\/span><\/span><\/td>\n<\/tr>\n<tr>\n<td style=\"width: 145px\"><span style=\"font-size:16px\"><span style=\"font-family:arial,helvetica,sans-serif\">Personal\u00edzalo:&nbsp;<\/span><\/span><\/td>\n<td style=\"width: 501px\">\n<p><span style=\"font-size:16px\"><span style=\"font-family:arial,helvetica,sans-serif\">18K Gold&nbsp;Earrings<\/span><\/span><\/p>\n<\/td>\n<\/tr>\n<tr>\n<td style=\"width: 145px\"><span style=\"font-size:16px\"><span style=\"font-family:arial,helvetica,sans-serif\">Ocasi\u00f3n<\/span><\/span><\/td>\n<td style=\"width: 501px\"><span style=\"font-size:16px\"><span style=\"font-family:arial,helvetica,sans-serif\">Aniversario, Compromiso, Regalo, Fiesta, Boda<\/span><\/span><\/td>\n<\/tr>\n<\/table>\n<p><span style=\"font-size:16px\"><span style=\"font-family:arial,helvetica,sans-serif\"><span>1: El <\/span>Turquoise Circles Earrings<span> hacer de&nbsp;<\/span>9.65 mm<span> Wide Size<\/span><\/span><\/span><\/p>\n<p style=\"padding: 0px;border: 0px;font-family: arial\"><span style=\"font-size:16px\"><span style=\"font-family:arial,helvetica,sans-serif\">2:&nbsp;<span>Aproximadamente<\/span> weight: 2.37g<\/span><\/span><\/p>\n<p style=\"padding: 0px;border: 0px;font-family: arial\"><span style=\"font-size:16px\"><span style=\"font-family:arial,helvetica,sans-serif\">3: Set in 18K White&nbsp;gold<\/span><\/span><\/p>\n<p style=\"padding: 0px;border: 0px;font-family: arial\"><span style=\"font-size:16px\"><span style=\"font-family:arial,helvetica,sans-serif\">4: Foto tomar por tel\u00e9fono, los elementos reales de la calidad m\u00e1s brillo.<\/span><\/span><\/p>\n<p style=\"padding: 0px;border: 0px;font-family: arial\"><span style=\"font-size:16px\"><span style=\"font-family:arial,helvetica,sans-serif\">5: Casi todas las piedras preciosas han sido tratadas para realzar su belleza y requieren cuidados especiales.<\/span><\/span><\/p>\n<p style=\"padding: 0px;border: 0px;font-family: arial\">&nbsp;<br \/><span style=\"font-size:16px\"><span style=\"font-family:arial,helvetica,sans-serif\"><b><span>Mostrar producto:<\/span><\/b><\/span><\/span><br \/>&nbsp;<br \/><span style=\"font-size:16px\"><span style=\"font-family:arial,helvetica,sans-serif\"><img decoding=\"async\" src=\"https:\/\/www.gold-jewellerys.com\/test\/gold-jewellerys.com\/photo\/pl37815198-remark.jpg\"><img decoding=\"async\" src=\"https:\/\/www.gold-jewellerys.com\/test\/gold-jewellerys.com\/photo\/pl37815196-remark.jpg\"><img decoding=\"async\" src=\"https:\/\/www.gold-jewellerys.com\/test\/gold-jewellerys.com\/photo\/pl37815195-remark.jpg\"><img decoding=\"async\" src=\"https:\/\/www.gold-jewellerys.com\/test\/gold-jewellerys.com\/photo\/pl37815199-remark.jpg\"><\/span><\/span><br \/>&nbsp;<br \/><span style=\"font-size:16px\"><span style=\"font-family:arial,helvetica,sans-serif\"><b>Por qu\u00e9 elegirnos:<\/b><\/span><\/span><br \/><span style=\"font-size:16px\"><span style=\"font-family:arial,helvetica,sans-serif\">1: K-Gold cuenta con 21 a\u00f1os de experiencia en el sector de la joyer\u00eda y 17 a\u00f1os en producci\u00f3n.<\/span><\/span><br \/><span style=\"font-size:16px\"><span style=\"font-family:arial,helvetica,sans-serif\">2: Tambi\u00e9n nuestro equipo profesional de I + D para asegurar que nuestros productos se actualizan constantemente y por delante de la industria. As\u00ed que tenemos m\u00e1s de 30000 dise\u00f1os diferentes y m\u00e1s de 46 colecciones pueden cumplir de solicitud de mercado diferentes.<\/span><\/span><br \/><span style=\"font-size:16px\"><span style=\"font-family:arial,helvetica,sans-serif\">3: Para personalizar los art\u00edculos que usted puede conseguir CAD mismo d\u00eda o al d\u00eda siguiente para confirmar los datos antes del inicio del pedido.<\/span><\/span><br \/><span style=\"font-size:16px\"><span style=\"font-family:arial,helvetica,sans-serif\">4: El objetivo de K-gold es ofrecer a los clientes productos adecuados al precio adecuado y entregarlos a tiempo.<\/span><\/span><br \/><span style=\"font-size:16px\"><span style=\"font-family:arial,helvetica,sans-serif\">&nbsp; Contamos con un potente equipo de atenci\u00f3n al cliente que est\u00e1 pendiente de todo el proceso de venta, para ayudarle ante cualquier duda,<\/span><\/span><br \/><span style=\"font-size:16px\"><span style=\"font-family:arial,helvetica,sans-serif\">&nbsp; desde el dise\u00f1o CAD hasta la entrega.<\/span><\/span><br \/>&nbsp;<br \/><span style=\"font-size:16px\"><span style=\"font-family:arial,helvetica,sans-serif\"><b>K-Gold Factory Show:&nbsp;<\/b><\/span><\/span><br \/>&nbsp;<br \/><span style=\"font-size:16px\"><span style=\"font-family:arial,helvetica,sans-serif\"><img decoding=\"async\" src=\"https:\/\/www.gold-jewellerys.com\/test\/gold-jewellerys.com\/photo\/pl36123473-remark.jpg\"><\/span><\/span><br \/>&nbsp;<br \/><span style=\"font-size:16px\"><span style=\"font-family:arial,helvetica,sans-serif\"><img decoding=\"async\" src=\"https:\/\/www.gold-jewellerys.com\/test\/gold-jewellerys.com\/photo\/pl36906274-remark.jpg\"><\/span><\/span><br \/>&nbsp;<br \/>&nbsp;<br \/><span style=\"font-size:16px\"><span style=\"font-family:arial,helvetica,sans-serif\">PREGUNTAS FRECUENTES:<\/span><\/span><br \/><span style=\"font-size:16px\"><span style=\"font-family:arial,helvetica,sans-serif\">1: \u00bfC\u00f3mo podemos obtener el precio?<\/span><\/span><br \/><span style=\"font-size:16px\"><span style=\"font-family:arial,helvetica,sans-serif\">Le invitamos a ponerse en contacto con nosotros en whatsapp. Apenas env\u00edenos las im\u00e1genes de los art\u00edculos usted quiere entonces le diremos los precios cuanto antes.<\/span><\/span><br \/>&nbsp;<br \/><span style=\"font-size:16px\"><span style=\"font-family:arial,helvetica,sans-serif\">Persona de contacto: Cherry Lee<br \/>WhatsApp: +86-18520267369 \/ Tell:+8618520267369<\/span><\/span><br \/>&nbsp;<br \/><span style=\"font-size:16px\"><span style=\"font-family:arial,helvetica,sans-serif\">2: \u00bfCu\u00e1l es el MOQ?<\/span><\/span><br \/><span style=\"font-size:16px\"><span style=\"font-family:arial,helvetica,sans-serif\">El MOQ es 1pcs por estilo, si usted puede hacer 3pcs por estilo, el precio ser\u00e1 m\u00e1s mejor.<\/span><\/span><br \/>&nbsp;<br \/><span style=\"font-size:16px\"><span style=\"font-family:arial,helvetica,sans-serif\">3.&nbsp;How long will take for the production?<\/span><\/span><br \/><span style=\"font-size:16px\"><span style=\"font-family:arial,helvetica,sans-serif\">The production date is about 7~15 days.<\/span><\/span><br \/>&nbsp;<br \/><span style=\"font-size:16px\"><span style=\"font-family:arial,helvetica,sans-serif\">3: \u00bfQu\u00e9 es el sello grabado en el interior?<br \/>El sello es original nombre de la joyer\u00eda de la marca. Tambi\u00e9n podemos a\u00f1adir su propio logotipo en los art\u00edculos<\/span><\/span><br \/>&nbsp;<br \/><span style=\"font-size:16px\"><span style=\"font-family:arial,helvetica,sans-serif\">4: \u00bfCu\u00e1les son las condiciones de pago?<\/span><\/span><br \/><span style=\"font-size:16px\"><span style=\"font-family:arial,helvetica,sans-serif\">Usted puede pagar 30% dep\u00f3sito first.And el saldo debe ser pagado antes de la entrega.<\/span><\/span><br \/>&nbsp;<br \/><span style=\"font-size:16px\"><span style=\"font-family:arial,helvetica,sans-serif\">5. Do you make jewellry for personal buyer or only for wholesaler?<\/span><\/span><br \/><span style=\"font-size:16px\"><span style=\"font-family:arial,helvetica,sans-serif\">En realidad estamos hacer toda la venta a quien la venta a en l\u00ednea o tener su propia tienda de dise\u00f1os originales , para la joyer\u00eda de marca permiti\u00f3 que el comprador personal tambi\u00e9n. Usted puede ordenar la joyer\u00eda fina de la marca de la calidad para su familia, amigos y usted mismo en los precios de f\u00e1brica. Incluso ser\u00e1 grande si usted es un revendedor de joyas.<\/span><\/span><\/p><\/p>","protected":false},"excerpt":{"rendered":"<br \/>\n<table class=\"tables data\" width=\"100%\" border=\"0\" cellpadding=\"0\" cellspacing=\"0\">\n<tbody>\n<tr>\n<th width=\"35%\">Lugar de origen:<\/th>\n<td>China<\/td>\n<\/tr>\n<tr>\n<th width=\"35%\">Marca:<\/th>\n<td>Marca de lujo<\/td>\n<\/tr>\n<tr>\n<th width=\"35%\">Certificaci\u00f3n:<\/th>\n<td>Certificado de oro<\/td>\n<\/tr>\n<tr>\n<th width=\"35%\">N\u00famero de modelo:<\/th>\n<td>KD263E<\/td>\n<\/tr>\n<\/tbody>\n<\/table>\n<p>                                                                            <span class=\"title_s\">Condiciones de pago y env\u00edo:<\/span>                            <\/p>\n<table class=\"tables data\" width=\"100%\" border=\"0\" cellpadding=\"0\" cellspacing=\"0\">\n<tbody>\n<tr>\n<th width=\"35%\" nowrap=\"nowrap\">Cantidad m\u00ednima de pedido:<\/th>\n<td>1<\/td>\n<\/tr>\n<tr>\n<th width=\"35%\" nowrap=\"nowrap\">Precio:<\/th>\n<td>Negociable<\/td>\n<\/tr>\n<tr>\n<th width=\"35%\" nowrap=\"nowrap\">Detalles del embalaje:<\/th>\n<td>Embalaje en caja de regalo original de la marca<\/td>\n<\/tr>\n<tr>\n<th width=\"35%\" nowrap=\"nowrap\">Plazo de entrega:<\/th>\n<td>5-15 d\u00edas laborables<\/td>\n<\/tr>\n<tr>\n<th width=\"35%\" nowrap=\"nowrap\">Condiciones de pago:<\/th>\n<td>T\/T, Western Union<\/td>\n<\/tr>\n<tr>\n<th width=\"35%\" nowrap=\"nowrap\">Capacidad de suministro:<\/th>\n<td>1000pcs\/Mes<\/td>\n<\/tr>\n<\/tbody>\n<\/table>","protected":false},"featured_media":1347,"comment_status":"closed","ping_status":"closed","template":"","meta":{"_gspb_post_css":""},"product_brand":[],"product_cat":[16],"product_tag":[],"class_list":{"0":"post-1352","1":"product","2":"type-product","3":"status-publish","4":"has-post-thumbnail","6":"product_cat-solid-gold-jewellery","8":"first","9":"instock","10":"shipping-taxable","11":"product-type-simple"},"aioseo_notices":[],"_links":{"self":[{"href":"https:\/\/dearjewelry.ltd\/es\/wp-json\/wp\/v2\/product\/1352","targetHints":{"allow":["GET"]}}],"collection":[{"href":"https:\/\/dearjewelry.ltd\/es\/wp-json\/wp\/v2\/product"}],"about":[{"href":"https:\/\/dearjewelry.ltd\/es\/wp-json\/wp\/v2\/types\/product"}],"replies":[{"embeddable":true,"href":"https:\/\/dearjewelry.ltd\/es\/wp-json\/wp\/v2\/comments?post=1352"}],"wp:featuredmedia":[{"embeddable":true,"href":"https:\/\/dearjewelry.ltd\/es\/wp-json\/wp\/v2\/media\/1347"}],"wp:attachment":[{"href":"https:\/\/dearjewelry.ltd\/es\/wp-json\/wp\/v2\/media?parent=1352"}],"wp:term":[{"taxonomy":"product_brand","embeddable":true,"href":"https:\/\/dearjewelry.ltd\/es\/wp-json\/wp\/v2\/product_brand?post=1352"},{"taxonomy":"product_cat","embeddable":true,"href":"https:\/\/dearjewelry.ltd\/es\/wp-json\/wp\/v2\/product_cat?post=1352"},{"taxonomy":"product_tag","embeddable":true,"href":"https:\/\/dearjewelry.ltd\/es\/wp-json\/wp\/v2\/product_tag?post=1352"}],"curies":[{"name":"wp","href":"https:\/\/api.w.org\/{rel}","templated":true}]}}