{"id":1257,"date":"2025-07-13T04:39:36","date_gmt":"2025-07-13T04:39:36","guid":{"rendered":"https:\/\/dearjewelry.ltd\/product\/3-26g-weight-18k-solid-gold-jewellery-ring-0-4ct-for-engagement-wedding-odm\/"},"modified":"2025-07-13T04:39:36","modified_gmt":"2025-07-13T04:39:36","slug":"3-26g-weight-18k-solid-gold-jewellery-ring-0-4ct-for-engagement-wedding-odm","status":"publish","type":"product","link":"https:\/\/dearjewelry.ltd\/es\/product\/3-26g-weight-18k-solid-gold-jewellery-ring-0-4ct-for-engagement-wedding-odm\/","title":{"rendered":"3.26g peso 18K anillo de oro macizo de joyer\u00eda 0.4ct para la boda de compromiso ODM"},"content":{"rendered":"<h2>3.26g peso 18K anillo de oro macizo de joyer\u00eda 0.4ct para la boda de compromiso ODM<\/h2>\n<p> Descripci\u00f3n<\/p>\n<table cellpadding=\"0\" cellspacing=\"0\" class=\"details_table\">\n<tbody>\n<tr>\n<th>Material:<\/th>\n<td>Solid Yellow Gold<\/td>\n<th>Tipo de joya:<\/th>\n<td>Gold Couples Ring<\/td>\n<\/tr>\n<tr class=\"bg_gray\">\n<th>G\u00e9nero:<\/th>\n<td>Women, Man<\/td>\n<th>Oro macizo:<\/th>\n<td>Anillo de pareja 18K<\/td>\n<\/tr>\n<tr>\n<th>Tama\u00f1o:<\/th>\n<td>US#5\/6\/7\/8\/9\/10\/11\/12\/13\/14\/15<\/td>\n<th>Nombre del producto:<\/th>\n<td>Dimonds Brand Ring<\/td>\n<\/tr>\n<tr class=\"bg_gray\">\n<th>Anillos:<\/th>\n<td>Oro amarillo de 18 quilates<\/td>\n<th>Ocasi\u00f3n:<\/th>\n<td>Anniversary, Wedding,Gift<\/td>\n<\/tr>\n<tr>\n<th>Joyas de oro:<\/th>\n<td>18K Gold Engagement Ring<\/td>\n<th>Engagment Ring:<\/th>\n<td>18K Solid Gold Ring<\/td>\n<\/tr>\n<tr class=\"bg_gray\">\n<th colspan=\"1\">Luz alta:<\/th>\n<td colspan=\"3\">\n<h2 style='font-weight: bold;font-size: 14px'>3.26g 18K Solid Gold Jewellery<\/h2>\n<p>, <\/p>\n<h2 style='font-weight: bold;font-size: 14px'>0.4ct 18K Solid Gold Jewellery<\/h2>\n<p>, <\/p>\n<h2 style='font-weight: bold;font-size: 14px'>ODM 18K Solid Gold Ring<\/h2>\n<\/td>\n<\/tr>\n<\/tbody>\n<\/table>\n<p><p><span style=\"font-size:16px\"><span style=\"font-family:arial,helvetica,sans-serif\"><b>Descripci\u00f3n del producto:<\/b><\/span><\/span><br \/>\n&nbsp;<br \/>\n<span style=\"font-size:16px\"><span style=\"font-family:arial,helvetica,sans-serif\">Solid Yellow Gold Couples Ring 18K Solid Gold Jewellery Engagement Wedding Dimonds Brand Ring<\/span><\/span><br \/>\n&nbsp;<br \/>\n<span style=\"font-size:16px\"><span style=\"font-family:arial,helvetica,sans-serif\"><b>Detalles del producto:&nbsp;<\/b><\/span><\/span><br \/>\n&nbsp;<\/p>\n<table border=\"1\" cellpadding=\"0\" cellspacing=\"0\" style=\"width: 651px\">\n<tbody>\n<tr>\n<td style=\"width: 145px\"><span style=\"font-size:16px\"><span style=\"font-family:arial,helvetica,sans-serif\">N\u00ba de art\u00edculo<\/span><\/span><\/td>\n<td style=\"width: 501px\"><span style=\"font-size:16px\"><span style=\"font-family:arial,helvetica,sans-serif\">KD014R<\/span><\/span><\/td>\n<\/tr>\n<tr>\n<td style=\"width: 145px\"><span style=\"font-size:16px\"><span style=\"font-family:arial,helvetica,sans-serif\">Nombre del producto<\/span><\/span><\/td>\n<td style=\"width: 501px\"><span style=\"font-size:16px\"><span style=\"font-family:arial,helvetica,sans-serif\">Gold Couples Ring<\/span><\/span><\/td>\n<\/tr>\n<tr>\n<td style=\"width: 145px\"><span style=\"font-size:16px\"><span style=\"font-family:arial,helvetica,sans-serif\">Estilo<\/span><\/span><\/td>\n<td style=\"width: 501px\"><span style=\"font-size:16px\"><span style=\"font-family:arial,helvetica,sans-serif\">Popular \/ Fashion<\/span><\/span><\/td>\n<\/tr>\n<tr>\n<td style=\"width: 145px\"><span style=\"font-size:16px\"><span style=\"font-family:arial,helvetica,sans-serif\">Material<\/span><\/span><\/td>\n<td style=\"width: 501px\"><span style=\"font-size:16px\"><span style=\"font-family:arial,helvetica,sans-serif\">Oro amarillo de 18 quilates&nbsp;<\/span><\/span><\/td>\n<\/tr>\n<tr>\n<td style=\"width: 145px\"><span style=\"font-size:16px\"><span style=\"font-family:arial,helvetica,sans-serif\">Tipo de configuraci\u00f3n<\/span><\/span><\/td>\n<td style=\"width: 501px\"><span style=\"font-size:16px\"><span style=\"font-family:arial,helvetica,sans-serif\">Ajuste de las puntas<\/span><\/span><\/td>\n<\/tr>\n<tr>\n<td style=\"width: 145px\"><span style=\"font-size:16px\"><span style=\"font-family:arial,helvetica,sans-serif\">G\u00e9nero<\/span><\/span><\/td>\n<td style=\"width: 501px\"><span style=\"font-size:16px\"><span style=\"font-family:arial,helvetica,sans-serif\">Mujer\/Hombre<\/span><\/span><\/td>\n<\/tr>\n<tr>\n<td style=\"width: 145px\"><span style=\"font-size:16px\"><span style=\"font-family:arial,helvetica,sans-serif\">Ancho<\/span><\/span><\/td>\n<td style=\"width: 501px\"><span style=\"font-size:16px\"><span style=\"font-family:arial,helvetica,sans-serif\">4mm~6mm<\/span><\/span><\/td>\n<\/tr>\n<tr>\n<td style=\"width: 145px\"><span style=\"font-size:16px\"><span style=\"font-family:arial,helvetica,sans-serif\">Tama\u00f1o del brazalete :&nbsp;<\/span><\/span><\/td>\n<td style=\"width: 501px\"><span style=\"font-size:16px\"><span style=\"font-family:arial,helvetica,sans-serif\">&nbsp;US#5~16<\/span><\/span><\/td>\n<\/tr>\n<tr>\n<td style=\"width: 145px\"><span style=\"font-size:16px\"><span style=\"font-family:arial,helvetica,sans-serif\">Personal\u00edzalo:&nbsp;<\/span><\/span><\/td>\n<td style=\"width: 501px\"><span style=\"font-size:16px\"><span style=\"font-family:arial,helvetica,sans-serif\">Anillo de oro de 18 quilates<\/span><\/span><\/td>\n<\/tr>\n<tr>\n<td style=\"width: 145px\"><span style=\"font-size:16px\"><span style=\"font-family:arial,helvetica,sans-serif\">Ocasi\u00f3n<\/span><\/span><\/td>\n<td style=\"width: 501px\"><span style=\"font-size:16px\"><span style=\"font-family:arial,helvetica,sans-serif\">Aniversario, Compromiso, Regalo, Fiesta, Boda<\/span><\/span><\/td>\n<\/tr>\n<\/tbody>\n<\/table>\n<p>\n<span style=\"font-size:16px\"><span style=\"font-family:arial,helvetica,sans-serif\"><span>1: The 18K&nbsp;<\/span>Gold Couples Ring&nbsp;<span>make of&nbsp;4mm~6mm&nbsp;Wide, Dia Weight : 0.4ct Total<\/span><\/span><\/span><\/p>\n<p style=\"padding: 0px;border: 0px;font-family: arial\"><span style=\"font-size:16px\"><span style=\"font-family:arial,helvetica,sans-serif\">2: C\u00f3digo de clasificaci\u00f3n del color del diamante: F-H<\/span><\/span><\/p>\n<p style=\"padding: 0px;border: 0px;font-family: arial\"><span style=\"font-size:16px\"><span style=\"font-family:arial,helvetica,sans-serif\">3: C\u00f3digo de clasificaci\u00f3n de la claridad del diamante: Si1<\/span><\/span><\/p>\n<p style=\"padding: 0px;border: 0px;font-family: arial\"><span style=\"font-size:16px\"><span style=\"font-family:arial,helvetica,sans-serif\">4: Forma del diamante: Redondo<\/span><\/span><\/p>\n<p style=\"padding: 0px;border: 0px;font-family: arial\"><span style=\"font-size:16px\"><span style=\"font-family:arial,helvetica,sans-serif\">5:&nbsp;<span>Aproximadamente<\/span> weight: 3.26g<\/span><\/span><\/p>\n<p style=\"padding: 0px;border: 0px;font-family: arial\"><span style=\"font-size:16px\"><span style=\"font-family:arial,helvetica,sans-serif\">5: Set in 18K Yellow Gold<\/span><\/span><\/p>\n<p style=\"padding: 0px;border: 0px;font-family: arial\"><span style=\"font-size:16px\"><span style=\"font-family:arial,helvetica,sans-serif\">6: Foto tomar por tel\u00e9fono, los elementos reales de la calidad m\u00e1s brillo.<\/span><\/span><\/p>\n<p style=\"padding: 0px;border: 0px;font-family: arial\"><span style=\"font-size:16px\"><span style=\"font-family:arial,helvetica,sans-serif\">7: Casi todas las piedras preciosas han sido tratadas para realzar su belleza y requieren cuidados especiales.<\/span><\/span><\/p>\n<p style=\"padding: 0px;border: 0px;font-family: arial\">&nbsp;<br \/>\n<span style=\"font-size:16px\"><span style=\"font-family:arial,helvetica,sans-serif\"><b><span>Mostrar producto:<\/span><\/b><\/span><\/span><br \/>\n&nbsp;<br \/>\n<span style=\"font-size:16px\"><span style=\"font-family:arial,helvetica,sans-serif\"><img decoding=\"async\" src=\"https:\/\/www.gold-jewellerys.com\/test\/gold-jewellerys.com\/photo\/pl36950021-remark.jpg\"><\/span><\/span><br \/>\n&nbsp;<br \/>\n<span style=\"font-size:16px\"><span style=\"font-family:arial,helvetica,sans-serif\"><b>Por qu\u00e9 elegirnos:<\/b><\/span><\/span><br \/>\n<span style=\"font-size:16px\"><span style=\"font-family:arial,helvetica,sans-serif\">1: K-Gold cuenta con 21 a\u00f1os de experiencia en el sector de la joyer\u00eda y 17 a\u00f1os en producci\u00f3n.<\/span><\/span><br \/>\n<span style=\"font-size:16px\"><span style=\"font-family:arial,helvetica,sans-serif\">2: Tambi\u00e9n nuestro equipo profesional de I + D para asegurar que nuestros productos se actualizan constantemente y por delante de la industria. As\u00ed que tenemos m\u00e1s de 30000 dise\u00f1os diferentes y m\u00e1s de 46 colecciones pueden cumplir de solicitud de mercado diferentes.<\/span><\/span><br \/>\n<span style=\"font-size:16px\"><span style=\"font-family:arial,helvetica,sans-serif\">3: Para personalizar los art\u00edculos que usted puede conseguir CAD mismo d\u00eda o al d\u00eda siguiente para confirmar los datos antes del inicio del pedido.<\/span><\/span><br \/>\n<span style=\"font-size:16px\"><span style=\"font-family:arial,helvetica,sans-serif\">4: El objetivo de K-gold es ofrecer a los clientes productos adecuados al precio adecuado y entregarlos a tiempo.<\/span><\/span><br \/>\n<span style=\"font-size:16px\"><span style=\"font-family:arial,helvetica,sans-serif\">&nbsp; Contamos con un potente equipo de atenci\u00f3n al cliente que est\u00e1 pendiente de todo el proceso de venta, para ayudarle ante cualquier duda,<\/span><\/span><br \/>\n<span style=\"font-size:16px\"><span style=\"font-family:arial,helvetica,sans-serif\">&nbsp; desde el dise\u00f1o CAD hasta la entrega.<\/span><\/span><br \/>\n&nbsp;<br \/>\n<span style=\"font-size:16px\"><span style=\"font-family:arial,helvetica,sans-serif\"><b>K-Gold Factory Show:&nbsp;<\/b><\/span><\/span><br \/>\n&nbsp;<br \/>\n<span style=\"font-size:16px\"><span style=\"font-family:arial,helvetica,sans-serif\"><img decoding=\"async\" src=\"https:\/\/www.gold-jewellerys.com\/test\/gold-jewellerys.com\/photo\/pl36123473-remark.jpg\"><\/span><\/span><br \/>\n&nbsp;<br \/>\n<span style=\"font-size:16px\"><span style=\"font-family:arial,helvetica,sans-serif\"><img decoding=\"async\" src=\"https:\/\/www.gold-jewellerys.com\/test\/gold-jewellerys.com\/photo\/pl36316208-remark.jpg\"><\/span><\/span><br \/>\n&nbsp;<br \/>\n<span style=\"font-size:16px\"><span style=\"font-family:arial,helvetica,sans-serif\">PREGUNTAS FRECUENTES:<\/span><\/span><br \/>\n<span style=\"font-size:16px\"><span style=\"font-family:arial,helvetica,sans-serif\">1: \u00bfC\u00f3mo podemos obtener el precio?<\/span><\/span><br \/>\n<span style=\"font-size:16px\"><span style=\"font-family:arial,helvetica,sans-serif\">Le invitamos a ponerse en contacto con nosotros en whatsapp. Apenas env\u00edenos las im\u00e1genes de los art\u00edculos usted quiere entonces le diremos los precios cuanto antes.<\/span><\/span><br \/>\n&nbsp;<br \/>\n<span style=\"font-size:16px\"><span style=\"font-family:arial,helvetica,sans-serif\">Persona de contacto: Cherry Lee<br \/>\nWhatsApp: +86-18520267369 \/ Tell:+8618520267369<br \/>\nCorreo electr\u00f3nico:<br \/>\nP\u00e1gina web:<\/span><\/span><br \/>\n&nbsp;<br \/>\n<span style=\"font-size:16px\"><span style=\"font-family:arial,helvetica,sans-serif\">2: \u00bfCu\u00e1l es el MOQ?<br \/>\nEl MOQ es 1pcs por estilo, si usted puede hacer 3pcs por estilo, el precio ser\u00e1 m\u00e1s mejor...<\/span><\/span><br \/>\n&nbsp;<br \/>\n<span style=\"font-size:16px\"><span style=\"font-family:arial,helvetica,sans-serif\">3: \u00bfOfrecen certificaciones?<\/span><\/span><br \/>\n<span style=\"font-size:16px\"><span style=\"font-family:arial,helvetica,sans-serif\">s\u00ed, podemos ofrecer certificaciones GIA, GRA. .<\/span><\/span><br \/>\n&nbsp;<br \/>\n<span style=\"font-size:16px\"><span style=\"font-family:arial,helvetica,sans-serif\">4. is it the original stamp name&nbsp;?&nbsp;<\/span><\/span><br \/>\n<span style=\"font-size:16px\"><span style=\"font-family:arial,helvetica,sans-serif\">Yes, the stamp is original brand jewelry name.<\/span><\/span><br \/>\n&nbsp;<br \/>\n<span style=\"font-size:16px\"><span style=\"font-family:arial,helvetica,sans-serif\">5.&nbsp;Can you do 1:1 same as the original brand jewelry designs?<\/span><\/span><br \/>\n<span style=\"font-size:16px\"><span style=\"font-family:arial,helvetica,sans-serif\">S\u00ed, todas las joyas de marca se hacen 1:1 igual que los dise\u00f1os originales.<\/span><\/span><\/p><\/p>","protected":false},"excerpt":{"rendered":"<br \/>\n<table class=\"tables data\" width=\"100%\" border=\"0\" cellpadding=\"0\" cellspacing=\"0\">\n<tbody>\n<tr>\n<th width=\"35%\">Lugar de origen:<\/th>\n<td>China<\/td>\n<\/tr>\n<tr>\n<th width=\"35%\">Marca:<\/th>\n<td>Marca de lujo<\/td>\n<\/tr>\n<tr>\n<th width=\"35%\">Certificaci\u00f3n:<\/th>\n<td>Certificado Diamante de Oro<\/td>\n<\/tr>\n<tr>\n<th width=\"35%\">N\u00famero de modelo:<\/th>\n<td>KD014R<\/td>\n<\/tr>\n<\/tbody>\n<\/table>\n<p>                                                                            <span class=\"title_s\">Condiciones de pago y env\u00edo:<\/span>                            <\/p>\n<table class=\"tables data\" width=\"100%\" border=\"0\" cellpadding=\"0\" cellspacing=\"0\">\n<tbody>\n<tr>\n<th width=\"35%\" nowrap=\"nowrap\">Cantidad m\u00ednima de pedido:<\/th>\n<td>1<\/td>\n<\/tr>\n<tr>\n<th width=\"35%\" nowrap=\"nowrap\">Precio:<\/th>\n<td>Negociable<\/td>\n<\/tr>\n<tr>\n<th width=\"35%\" nowrap=\"nowrap\">Detalles del embalaje:<\/th>\n<td>Embalaje en caja de regalo original de la marca<\/td>\n<\/tr>\n<tr>\n<th width=\"35%\" nowrap=\"nowrap\">Plazo de entrega:<\/th>\n<td>5-15 d\u00edas laborables<\/td>\n<\/tr>\n<tr>\n<th width=\"35%\" nowrap=\"nowrap\">Condiciones de pago:<\/th>\n<td>T\/T, Western Union<\/td>\n<\/tr>\n<tr>\n<th width=\"35%\" nowrap=\"nowrap\">Capacidad de suministro:<\/th>\n<td>1000pcs\/Mes<\/td>\n<\/tr>\n<\/tbody>\n<\/table>","protected":false},"featured_media":1256,"comment_status":"closed","ping_status":"closed","template":"","meta":{"_gspb_post_css":""},"product_brand":[],"product_cat":[16],"product_tag":[],"class_list":{"0":"post-1257","1":"product","2":"type-product","3":"status-publish","4":"has-post-thumbnail","6":"product_cat-solid-gold-jewellery","8":"first","9":"instock","10":"shipping-taxable","11":"product-type-simple"},"aioseo_notices":[],"_links":{"self":[{"href":"https:\/\/dearjewelry.ltd\/es\/wp-json\/wp\/v2\/product\/1257","targetHints":{"allow":["GET"]}}],"collection":[{"href":"https:\/\/dearjewelry.ltd\/es\/wp-json\/wp\/v2\/product"}],"about":[{"href":"https:\/\/dearjewelry.ltd\/es\/wp-json\/wp\/v2\/types\/product"}],"replies":[{"embeddable":true,"href":"https:\/\/dearjewelry.ltd\/es\/wp-json\/wp\/v2\/comments?post=1257"}],"wp:featuredmedia":[{"embeddable":true,"href":"https:\/\/dearjewelry.ltd\/es\/wp-json\/wp\/v2\/media\/1256"}],"wp:attachment":[{"href":"https:\/\/dearjewelry.ltd\/es\/wp-json\/wp\/v2\/media?parent=1257"}],"wp:term":[{"taxonomy":"product_brand","embeddable":true,"href":"https:\/\/dearjewelry.ltd\/es\/wp-json\/wp\/v2\/product_brand?post=1257"},{"taxonomy":"product_cat","embeddable":true,"href":"https:\/\/dearjewelry.ltd\/es\/wp-json\/wp\/v2\/product_cat?post=1257"},{"taxonomy":"product_tag","embeddable":true,"href":"https:\/\/dearjewelry.ltd\/es\/wp-json\/wp\/v2\/product_tag?post=1257"}],"curies":[{"name":"wp","href":"https:\/\/api.w.org\/{rel}","templated":true}]}}