{"id":1227,"date":"2025-07-13T04:39:22","date_gmt":"2025-07-13T04:39:22","guid":{"rendered":"https:\/\/dearjewelry.ltd\/product\/14k-white-gold-oval-cut-moonstone-engagement-women-anniversary-ring-with-cz-rings\/"},"modified":"2025-07-13T04:39:22","modified_gmt":"2025-07-13T04:39:22","slug":"14k-oro-blanco-corte-ovalado-piedra-lunar-compromiso-mujeres-anillo-de-aniversario-con-anillos-de-cz","status":"publish","type":"product","link":"https:\/\/dearjewelry.ltd\/es\/product\/14k-oro-blanco-corte-ovalado-piedra-lunar-compromiso-mujeres-anillo-de-aniversario-con-anillos-de-cz\/","title":{"rendered":"14K Oro Blanco Oval Cut Moonstone Compromiso Mujeres Anillo de Aniversario con CZ Anillos"},"content":{"rendered":"<h2>14K Oro Blanco Oval Cut Moonstone Compromiso Mujeres Anillo de Aniversario con CZ Anillos<\/h2>\n<p> Descripci\u00f3n<\/p>\n<table cellpadding=\"0\" cellspacing=\"0\" class=\"details_table\">\n<tbody>\n<tr>\n<th>Material:<\/th>\n<td>Oro blanco de 14 quilates<\/td>\n<th>Tipo de joya:<\/th>\n<td>Anillo talla oval<\/td>\n<\/tr>\n<tr class=\"bg_gray\">\n<th>Piedra:<\/th>\n<td>Anillo de piedra lunar natural<\/td>\n<th>Nombre del producto:<\/th>\n<td>Anillo de oro rosa con piedra de luna<\/td>\n<\/tr>\n<tr>\n<th>Tipo de ajuste:<\/th>\n<td>Ajuste de las puntas<\/td>\n<th>Ocasi\u00f3n:<\/th>\n<td>Aniversario, Compromiso, Regalo, Fiesta, Boda<\/td>\n<\/tr>\n<tr class=\"bg_gray\">\n<th>Corta:<\/th>\n<td>Piedra de luna talla oval<\/td>\n<th>Natural\/Creado en laboratorio:<\/th>\n<td>Piedra lunar arco iris<\/td>\n<\/tr>\n<tr>\n<th colspan=\"1\">Destaca:<\/th>\n<td colspan=\"3\">\n<h2 style='font-weight: bold;font-size: 14px'>Certificado de Joyer\u00eda Mujeres Anillo de Aniversario<\/h2>\n<p>, <\/p>\n<h2 style='font-weight: bold;font-size: 14px'>Anillo Aniversario Mujer Piedra Lunar Arco Iris<\/h2>\n<p>, <\/p>\n<h2 style='font-weight: bold;font-size: 14px'>0.19ct Joyas de oro macizo<\/h2>\n<\/td>\n<\/tr>\n<\/tbody>\n<\/table>\n<p><p><span style=\"font-size:14px\"><span style=\"font-family:arial,helvetica,sans-serif\">Descripci\u00f3n del producto:<\/span><\/span><\/p>\n<p><strong>14K Oro Blanco Oval Cut Moonstone With CZ Rings Engagement Women Anniversary Ring<\/strong><\/p>\n<p>Detalles del producto:&nbsp;<\/p>\n<table border=\"1\" cellpadding=\"0\" cellspacing=\"0\" style=\"width: 576px\">\n<tbody>\n<tr>\n<td style=\"width: 125px\">N\u00ba de art\u00edculo<\/td>\n<td style=\"width: 445px\">DR10789R<\/td>\n<\/tr>\n<tr>\n<td style=\"width: 125px\">Nombre del producto<\/td>\n<td style=\"width: 445px\">Anillo de oro blanco de 14 quilates con piedra de luna<\/td>\n<\/tr>\n<tr>\n<td style=\"width: 125px\">Estilo<\/td>\n<td style=\"width: 445px\">Estilo cl\u00e1sico&nbsp;<\/td>\n<\/tr>\n<tr>\n<td style=\"width: 125px\">Material<\/td>\n<td style=\"width: 445px\">Oro blanco de 14 quilates<\/td>\n<\/tr>\n<tr>\n<td style=\"width: 125px\">Tipo de configuraci\u00f3n<\/td>\n<td style=\"width: 445px\">Engaste del bisel<\/td>\n<\/tr>\n<tr>\n<td style=\"width: 125px\">G\u00e9nero<\/td>\n<td style=\"width: 445px\">Mujeres<\/td>\n<\/tr>\n<tr>\n<td style=\"width: 125px\">Diamante<\/td>\n<td style=\"width: 445px\">Diamante natural<\/td>\n<\/tr>\n<tr>\n<td style=\"width: 125px\">Claridad y color<\/td>\n<td style=\"width: 445px\">G-H VS1 0.19ct<\/td>\n<\/tr>\n<tr>\n<td style=\"width: 125px\">Longitud de la cadena<\/td>\n<td style=\"width: 445px\">14'',16'',18'',20'' Disponible a medida&nbsp;<\/td>\n<\/tr>\n<tr>\n<td style=\"width: 125px\">Ocasi\u00f3n<\/td>\n<td style=\"width: 445px\">Aniversario, Compromiso, Regalo, Fiesta, Boda<\/td>\n<\/tr>\n<\/tbody>\n<\/table>\n<p>&nbsp;<\/p>\n<p><span style=\"font-family:arial,helvetica,sans-serif\"><span>Mostrar producto:<\/span><\/span><\/p>\n<p><img decoding=\"async\" src=\"https:\/\/www.gold-jewellerys.com\/test\/gold-jewellerys.com\/photo\/pl133791261-remark.jpg\"><img decoding=\"async\" src=\"https:\/\/www.gold-jewellerys.com\/test\/gold-jewellerys.com\/photo\/pl133791250-remark.jpg\"><\/p>\n<p>Detalle de la producci\u00f3n :<\/p>\n<p>Anillo de piedra lunar natural<\/p>\n<p>-100% Diamantes naturales de origen \u00e9tico.<br \/>\n-100% White &amp; Sparkly (Lleno de vida.)<br \/>\n-100% Ojo Limpio y sin inclusiones visibles a simple vista.<\/p>\n<p>-Nuestras piedras NO son brumosas ni lechosas en absoluto.<\/p>\n<p>&nbsp;<\/p>\n<p><span style=\"font-size:14px\"><span style=\"font-family:arial,helvetica,sans-serif\">1:Anillo de diamantes de 1-1\/2 quilates<\/span><\/span><\/p>\n<p><span style=\"font-size:14px\"><span style=\"font-family:arial,helvetica,sans-serif\">2: C\u00f3digo de clasificaci\u00f3n del color del diamante: G-H<\/span><\/span><\/p>\n<p><span style=\"font-size:14px\"><span style=\"font-family:arial,helvetica,sans-serif\">3: C\u00f3digo de clasificaci\u00f3n de la claridad del diamante: VS1<\/span><\/span><\/p>\n<p><span style=\"font-size:14px\"><span style=\"font-family:arial,helvetica,sans-serif\">4: Forma del diamante: Redondo&nbsp;<\/span><\/span><\/p>\n<p><span style=\"font-size:14px\"><span style=\"font-family:arial,helvetica,sans-serif\">5: Engastado en oro blanco de 14 quilates&nbsp;<\/span><\/span><\/p>\n<p><span style=\"font-size:14px\"><span style=\"font-family:arial,helvetica,sans-serif\"><span style=\"font-size:14px\"><span style=\"font-family:arial,helvetica,sans-serif\">6: La foto puede haber sido ampliada y\/o mejorada.<\/span><\/span><\/span><\/span><\/p>\n<p><span style=\"font-size:14px\"><span style=\"font-family:arial,helvetica,sans-serif\">7: Todos los pesos en quilates de las piedras preciosas (ct. t.w.), si se mencionan, son aproximados; la variaci\u00f3n puede ser de 0,05 quilates.<\/span><\/span><\/p>\n<p><span style=\"font-size:14px\"><span style=\"font-family:arial,helvetica,sans-serif\">8: Todos los art\u00edculos que somos promesa pulir muy bien, siempre ofrecemos alta calidad y buen servicio al cliente.<\/span><\/span><\/p>\n<p>&nbsp;<\/p>\n<p>Por qu\u00e9 elegirnos:<\/p>\n<p>1: K-Gold cuenta con 21 a\u00f1os de experiencia en el sector de la joyer\u00eda y 17 a\u00f1os en producci\u00f3n.<\/p>\n<p>2: Tambi\u00e9n nuestro equipo profesional de I + D para asegurar que nuestros productos se actualizan constantemente y por delante de la industria. As\u00ed que tenemos m\u00e1s de 3000 dise\u00f1os diferentes y m\u00e1s de 46 colecciones pueden satisfacer la demanda de diferentes mercados.<\/p>\n<p>3: Para personalizar los art\u00edculos que usted puede conseguir CAD mismo d\u00eda o al d\u00eda siguiente para confirmar los datos antes del inicio del pedido.<\/p>\n<p>4: El objetivo de K-gold es ofrecer a los clientes productos adecuados al precio adecuado y entregarlos a tiempo.<\/p>\n<p>5: Tenemos un equipo de servicio al cliente de gran alcance que mantiene un ojo en todo el proceso de venta, ayudarle a cualquier pregunta, desde el dise\u00f1o CAD para entregar.<\/p>\n<p>Servicio de f\u00e1brica K-Gold:<\/p>\n<p><img decoding=\"async\" src=\"https:\/\/www.gold-jewellerys.com\/test\/gold-jewellerys.com\/photo\/pl36123473-remark.jpg\"><\/p>\n<p><img decoding=\"async\" src=\"https:\/\/www.gold-jewellerys.com\/test\/gold-jewellerys.com\/photo\/pl36123376-remark.jpg\"><\/p>\n<p><img decoding=\"async\" src=\"https:\/\/www.gold-jewellerys.com\/test\/gold-jewellerys.com\/photo\/pl36153526-remark.jpg\"><\/p>\n<p><img decoding=\"async\" src=\"https:\/\/www.gold-jewellerys.com\/test\/gold-jewellerys.com\/photo\/pl36123397-remark.jpg\"><\/p>\n<p><img decoding=\"async\" src=\"https:\/\/www.gold-jewellerys.com\/test\/gold-jewellerys.com\/photo\/pl36219389-remark.jpg\"><\/p>\n<p><img decoding=\"async\" src=\"https:\/\/www.gold-jewellerys.com\/test\/gold-jewellerys.com\/photo\/pl36230799-remark.jpg\"><\/p>\n<p>&nbsp;<\/p>\n<p><img decoding=\"async\" src=\"https:\/\/www.gold-jewellerys.com\/test\/gold-jewellerys.com\/photo\/pl36219445-remark.jpg\"><\/p>\n<p>PREGUNTAS FRECUENTES:<\/p>\n<p>1: \u00bfC\u00f3mo podemos obtener el precio?<\/p>\n<p>Le invitamos a ponerse en contacto con nosotros en whatsapp. Apenas env\u00edenos las im\u00e1genes de los art\u00edculos usted quiere entonces le diremos los precios cuanto antes.<\/p>\n<p>&nbsp;<\/p>\n<p>Persona de contacto: Cherry Lee<br \/>\nWhatsApp: +86-18520267369 \/ Tell:+8618520267369<br \/>\nCorreo electr\u00f3nico:<br \/>\nP\u00e1gina web:<\/p>\n<p>&nbsp;<\/p>\n<p>2: \u00bfPueden personalizar mi logotipo?<br \/>\nS\u00ed, absolutamente usted puede, por favor env\u00edenos su LOGOTIPO, estaremos libres de firmarlo. Para la joyer\u00eda de la marca siempre con el logotipo original,<\/p>\n<p>y si necesitas algo en especial, d\u00edmelo.<\/p>\n<p>&nbsp;<\/p>\n<p>3: \u00bfC\u00f3mo pago mi pedido?<\/p>\n<p>Por favor d\u00edgame su orden entonces le diremos el precio del art\u00edculo, la tarifa de env\u00edo y la tarifa original de la caja y la cantidad total. Usted puede hacer el pago por Western Union \/ T\/T, o Payoneer, procesaremos y enviaremos hacia fuera su orden cuanto antes despu\u00e9s del pago hecho.<\/p>\n<p>&nbsp;<\/p>\n<p>4: \u00bfPuedo obtener un certificado?<\/p>\n<p>S\u00ed, no tienen el certificado si es necesario y el precio no incluye la tasa. El diamante no GIA certificado o sin ella s\u00f3lo<\/p>\n<p>h\u00e1gamelo saber porque hay diferencia de precio .<\/p>\n<p>&nbsp;<\/p>\n<p>5. \u00bfCu\u00e1nto tiempo puedo recibir mi mercanc\u00eda?<\/p>\n<p>Orden siempre procesando despu\u00e9s del dep\u00f3sito sobre su pedido. Haciendo tiempo 2-10 d\u00edas laborables dependiendo de la mano de obra de dise\u00f1o.<\/p>\n<p>dificultad, m\u00e1s 3-7 d\u00edas de tiempo de env\u00edo m\u00e9todo de env\u00edo expreso a todos fo el mundo.<\/p>\n<p>&nbsp;<\/p>\n<p>6: \u00bfHacen joyas para compradores particulares o s\u00f3lo para mayoristas?<br \/>\nEn realidad estamos hacer toda la venta a quien la venta a en l\u00ednea o tener su propia tienda de dise\u00f1os originales , para la joyer\u00eda de marca permiti\u00f3 que el comprador personal tambi\u00e9n. Usted puede ordenar la joyer\u00eda fina de la marca de la calidad para su familia, amigos y usted mismo en los precios de f\u00e1brica. Incluso ser\u00e1 grande si usted es un revendedor de joyas. Proporcionaremos el env\u00edo libre y las cajas originales libres de la marca si usted puede pedir muchos art\u00edculos cada vez. M\u00e1s cantidad entonces mejor precio .<\/p><\/p>","protected":false},"excerpt":{"rendered":"<br \/>\n<table class=\"tables data\" width=\"100%\" border=\"0\" cellpadding=\"0\" cellspacing=\"0\">\n<tbody>\n<tr>\n<th width=\"35%\">Lugar de origen:<\/th>\n<td>China<\/td>\n<\/tr>\n<tr>\n<th width=\"35%\">Marca:<\/th>\n<td>Joyas de oro K<\/td>\n<\/tr>\n<tr>\n<th width=\"35%\">Certificaci\u00f3n:<\/th>\n<td>Certificado de joyer\u00eda<\/td>\n<\/tr>\n<tr>\n<th width=\"35%\">N\u00famero de modelo:<\/th>\n<td>DR10789R<\/td>\n<\/tr>\n<\/tbody>\n<\/table>\n<p>                                                                            <span class=\"title_s\">Condiciones de pago y env\u00edo:<\/span>                            <\/p>\n<table class=\"tables data\" width=\"100%\" border=\"0\" cellpadding=\"0\" cellspacing=\"0\">\n<tbody>\n<tr>\n<th width=\"35%\" nowrap=\"nowrap\">Cantidad m\u00ednima de pedido:<\/th>\n<td>1<\/td>\n<\/tr>\n<tr>\n<th width=\"35%\" nowrap=\"nowrap\">Precio:<\/th>\n<td>Negociable<\/td>\n<\/tr>\n<tr>\n<th width=\"35%\" nowrap=\"nowrap\">Detalles del embalaje:<\/th>\n<td>Bolsa PP gruesa est\u00e1ndar<\/td>\n<\/tr>\n<tr>\n<th width=\"35%\" nowrap=\"nowrap\">Plazo de entrega:<\/th>\n<td>5-15 d\u00edas laborables<\/td>\n<\/tr>\n<tr>\n<th width=\"35%\" nowrap=\"nowrap\">Condiciones de pago:<\/th>\n<td>T\/T, Western Union<\/td>\n<\/tr>\n<tr>\n<th width=\"35%\" nowrap=\"nowrap\">Capacidad de suministro:<\/th>\n<td>2000pcs\/Mes<\/td>\n<\/tr>\n<\/tbody>\n<\/table>\n<p>                                                                                                                                \", \"countrycode\": \"US\"}\");' class=\"btn contact_btn\" style=\"display: inline-block;background:#ff771c url(\/images\/css-sprite.png) -260px -214px;color:#fff;padding:0 13px 0 33px;width:auto;height:25px;line-height:26px;border:0;font-size:13px;border-radius:4px;font-weight:bold;text-decoration:none;\"&gt;<\/p>","protected":false},"featured_media":1221,"comment_status":"closed","ping_status":"closed","template":"","meta":{"_gspb_post_css":""},"product_brand":[],"product_cat":[16],"product_tag":[],"class_list":{"0":"post-1227","1":"product","2":"type-product","3":"status-publish","4":"has-post-thumbnail","6":"product_cat-solid-gold-jewellery","8":"first","9":"instock","10":"shipping-taxable","11":"product-type-simple"},"aioseo_notices":[],"_links":{"self":[{"href":"https:\/\/dearjewelry.ltd\/es\/wp-json\/wp\/v2\/product\/1227","targetHints":{"allow":["GET"]}}],"collection":[{"href":"https:\/\/dearjewelry.ltd\/es\/wp-json\/wp\/v2\/product"}],"about":[{"href":"https:\/\/dearjewelry.ltd\/es\/wp-json\/wp\/v2\/types\/product"}],"replies":[{"embeddable":true,"href":"https:\/\/dearjewelry.ltd\/es\/wp-json\/wp\/v2\/comments?post=1227"}],"wp:featuredmedia":[{"embeddable":true,"href":"https:\/\/dearjewelry.ltd\/es\/wp-json\/wp\/v2\/media\/1221"}],"wp:attachment":[{"href":"https:\/\/dearjewelry.ltd\/es\/wp-json\/wp\/v2\/media?parent=1227"}],"wp:term":[{"taxonomy":"product_brand","embeddable":true,"href":"https:\/\/dearjewelry.ltd\/es\/wp-json\/wp\/v2\/product_brand?post=1227"},{"taxonomy":"product_cat","embeddable":true,"href":"https:\/\/dearjewelry.ltd\/es\/wp-json\/wp\/v2\/product_cat?post=1227"},{"taxonomy":"product_tag","embeddable":true,"href":"https:\/\/dearjewelry.ltd\/es\/wp-json\/wp\/v2\/product_tag?post=1227"}],"curies":[{"name":"wp","href":"https:\/\/api.w.org\/{rel}","templated":true}]}}