{"id":1186,"date":"2025-07-13T04:39:07","date_gmt":"2025-07-13T04:39:07","guid":{"rendered":"https:\/\/dearjewelry.ltd\/product\/0-1ct-rd3-0mm-promise-engagement-and-wedding-ring-set-3-21g-weight\/"},"modified":"2025-07-13T04:39:07","modified_gmt":"2025-07-13T04:39:07","slug":"0-1ct-rd3-0mm-promise-engagement-and-wedding-ring-set-3-21g-weight","status":"publish","type":"product","link":"https:\/\/dearjewelry.ltd\/es\/product\/0-1ct-rd3-0mm-promise-engagement-and-wedding-ring-set-3-21g-weight\/","title":{"rendered":"0.1ct RD3.0MM Promesa de compromiso y anillo de boda Set 3.21g Peso"},"content":{"rendered":"<h2>0.1ct RD3.0MM Promesa de compromiso y anillo de boda Set 3.21g Peso<\/h2>\n<p> Descripci\u00f3n<\/p>\n<table cellpadding=\"0\" cellspacing=\"0\" class=\"details_table\">\n<tbody>\n<tr>\n<th>Material:<\/th>\n<td>Joyas de oro 9K\/10K\/14K\/18K<\/td>\n<th>Piedra principal:<\/th>\n<td>Diamante de laboratorio CVD\/HPHT<\/td>\n<\/tr>\n<tr class=\"bg_gray\">\n<th>Lugar de origen:<\/th>\n<td>China (continental)<\/td>\n<th>Corte de piedra:<\/th>\n<td>Corte redondo<\/td>\n<\/tr>\n<tr>\n<th>Estilo de moda:<\/th>\n<td>Joyer\u00eda natural<\/td>\n<th>Peso:<\/th>\n<td>Alrededor de 3,21 g<\/td>\n<\/tr>\n<tr class=\"bg_gray\">\n<th>Personal\u00edzalo:<\/th>\n<td>Joyas de oro personalizadas<\/td>\n<th>Color chapado:<\/th>\n<td>Oro blanco<\/td>\n<\/tr>\n<tr>\n<th>Ocasi\u00f3n del compromiso:<\/th>\n<td>Regalo, Fiesta, Boda<\/td>\n<th>Tama\u00f1o:<\/th>\n<td>RD3.0MM=0.1ct<\/td>\n<\/tr>\n<tr class=\"bg_gray\">\n<th colspan=\"1\">Luz alta:<\/th>\n<td colspan=\"3\">\n<h2 style='font-weight: bold;font-size: 14px'>0.1ct Promise And Engagement Ring Set<\/h2>\n<p>, <\/p>\n<h2 style='font-weight: bold;font-size: 14px'>RD3.0MM Promise And Engagement Ring Set<\/h2>\n<p>, <\/p>\n<h2 style='font-weight: bold;font-size: 14px'>3.21g Promise Ring Set<\/h2>\n<\/td>\n<\/tr>\n<\/tbody>\n<\/table>\n<p><p><span style=\"font-size:16px\"><strong>Descripci\u00f3n del producto:&nbsp;<\/strong><\/span><\/p>\n<p><span style=\"font-size:16px\"><strong>14K Solid Gold Jewellery Natural Diamond 0.8ct Square Brilliant Promise Ring Set<\/strong><\/span><\/p>\n<table border=\"1\" cellpadding=\"0\" cellspacing=\"0\" style=\"width: 576px\">\n<tbody>\n<tr>\n<td style=\"width: 126px\"><span style=\"font-size:16px\">N\u00ba de art\u00edculo<\/span><\/td>\n<td style=\"width: 442px\">KD125R<\/td>\n<\/tr>\n<tr>\n<td style=\"width: 126px\"><span style=\"font-size:16px\">Nombre del producto<\/span><\/td>\n<td style=\"width: 442px\"><span style=\"font-size:16px\">Joyas personalizadas de oro macizo de 14 quilates<\/span><\/td>\n<\/tr>\n<tr>\n<td style=\"width: 126px\"><span style=\"font-size:16px\">Estilo<\/span><\/td>\n<td style=\"width: 442px\"><span style=\"font-size:16px\">Estilo cl\u00e1sico&nbsp;<\/span><\/td>\n<\/tr>\n<tr>\n<td style=\"width: 126px\"><span style=\"font-size:16px\">Material<\/span><\/td>\n<td style=\"width: 442px\"><span style=\"font-size:16px\">Oro blanco de 14 quilates<\/span><\/td>\n<\/tr>\n<tr>\n<td style=\"width: 126px\"><span style=\"font-size:16px\">Tipo de configuraci\u00f3n<\/span><\/td>\n<td style=\"width: 442px\"><span style=\"font-size:16px\">Ajuste manual<\/span><\/td>\n<\/tr>\n<tr>\n<td style=\"width: 126px\"><span style=\"font-size:16px\">G\u00e9nero<\/span><\/td>\n<td style=\"width: 442px\">Ni\u00f1os, Hombres, Unisex, Mujeres<\/td>\n<\/tr>\n<tr>\n<td style=\"width: 126px\"><span style=\"font-size:16px\">Piedra diminuta<\/span><\/td>\n<td style=\"width: 442px\"><span style=\"font-size:16px\">10pcs Diamante Natural<\/span><\/td>\n<\/tr>\n<tr>\n<td style=\"width: 126px\"><span style=\"font-size:16px\">Piedra principal<\/span><\/td>\n<td style=\"width: 442px\"><span style=\"font-size:16px\">Diamante natural\/Diamante de laboratorio\/Mosianita<\/span><\/td>\n<\/tr>\n<tr>\n<td style=\"width: 126px\"><span style=\"font-size:16px\">Piedra principal Tama\u00f1o<\/span><\/td>\n<td style=\"width: 442px\"><span style=\"font-family:arial,helvetica,sans-serif\">RD3.0MM=0.1ct<\/span><\/td>\n<\/tr>\n<tr>\n<td style=\"width: 126px\"><span style=\"font-size:16px\">Color<\/span><\/td>\n<td style=\"width: 442px\"><span style=\"font-size:16px\">Seg\u00fan su petici\u00f3n<\/span><\/td>\n<\/tr>\n<tr>\n<td style=\"width: 126px\"><span style=\"font-size:16px\">Tama\u00f1o del anillo<\/span><\/td>\n<td style=\"width: 442px\"><span style=\"font-size:16px\">Caliente venta tama\u00f1o # 4 - # 12, cualquier tama\u00f1o es factible.<\/span><\/td>\n<\/tr>\n<\/tbody>\n<\/table>\n<p>&nbsp;<\/p>\n<p><span style=\"font-size:16px\"><strong>Detalle de la producci\u00f3n:<\/strong><br \/>\nInformaci\u00f3n sobre Tiny Diamond:<br \/>\nNumber of Diamonds: 61pcs<br \/>\nTotal Carat Weight: 1.22ct<br \/>\nColor medio: G-H<br \/>\nClaridad media: SI1\/SI2\/VS1 Personalizar Solicitar<br \/>\nCorte medio: <span>Muy bueno<\/span><\/span><\/p>\n<p><span style=\"font-size:16px\">Tipo de engaste: Engastado<\/span><\/p>\n<p>\n<span style=\"font-size:16px\">Informaci\u00f3n de la piedra principal: Diamante natural\/Lab Diamond<br \/>\nPeso total en quilates:&nbsp;<\/span><span style=\"font-family: arial, helvetica, sans-serif\">0.1ct<\/span><span style=\"font-size:16px\">&nbsp;diamante<\/span><\/p>\n<p><font style=\"font-size: 16px\">Tama\u00f1o:&nbsp;<\/font><span style=\"font-family: arial, helvetica, sans-serif\">RD3.0MM<\/span><span style=\"font-size: 16px\">&nbsp;para la piedra principal<\/span><font style=\"font-size: 16px\"> <\/font><\/p>\n<p>&nbsp;<\/p>\n<p>&nbsp;<\/p>\n<p><strong style=\"font-size: 16px\">Por qu\u00e9 elegirnos:<\/strong><br \/>\n<span style=\"font-size: 16px\">1: Somos fabricantes profesionales de joyas.&nbsp;<\/span><br \/>\n<span style=\"font-size: 16px\">2: Tambi\u00e9n nuestro equipo profesional de I + D para asegurar que nuestros productos se actualizan constantemente y por delante de la industria. As\u00ed que tenemos m\u00e1s de 3000 dise\u00f1os diferentes y m\u00e1s de 46 colecciones pueden satisfacer la demanda de diferentes mercados.<\/span><br \/>\n<span style=\"font-size: 16px\">3: Para personalizar los art\u00edculos que usted puede conseguir CAD mismo d\u00eda o al d\u00eda siguiente para confirmar los datos antes del inicio del pedido.<\/span><br \/>\n<span style=\"font-size:16px\">4: Disponemos de tecnolog\u00eda exclusiva para grabar cualquier motivo en cualquier gema fina.<br \/>\n5: Contamos con un potente equipo de atenci\u00f3n al cliente que vigila todo el proceso de venta, para ayudarle en caso de duda.<\/span><\/p>\n<p>&nbsp;<\/p>\n<p><span style=\"font-size:16px\">Servicio de f\u00e1brica K-Gold:<br \/>\n<img decoding=\"async\" src=\"https:\/\/www.gold-jewellerys.com\/test\/domaindemo-52949.tmp\/photo\/pl36219389-remark.jpg\"><br \/>\n<img decoding=\"async\" src=\"https:\/\/www.gold-jewellerys.com\/test\/domaindemo-52949.tmp\/photo\/pl36230799-remark.jpg\"><\/span><\/p>\n<p>&nbsp;<\/p>\n<p><span style=\"font-size:16px\">Preguntas frecuentes:<\/span><\/p>\n<p><span style=\"font-size:16px\">1: \u00bfC\u00f3mo podemos obtener el precio?<\/span><\/p>\n<p><span style=\"font-size:16px\">Le invitamos a ponerse en contacto con nosotros en whatsapp. Apenas env\u00edenos las im\u00e1genes de los art\u00edculos usted quiere entonces le diremos los precios cuanto antes.<\/span><\/p>\n<p>&nbsp;<\/p>\n<p><span style=\"font-size:16px\">Contacto: Nancy lee<br \/>\nWhatsApp: +86-18520267369 \/ Tell:+8618520267369<br \/>\nCorreo electr\u00f3nico: nancy@gzkgold.com<\/span><\/p>\n<p>&nbsp;<\/p>\n<p><span style=\"font-size:16px\">2: \u00bfPueden dise\u00f1ar sus propias joyas y mi logotipo?<\/span><\/p>\n<p style=\"font-size: 12px;line-height: inherit;padding: 0px;border: 0px;font-family: Arial;vertical-align: baseline\"><span style=\"font-size:16px\"><span>Claro que s\u00ed, nuestro dise\u00f1ador de acuerdo a su imagen o ideas para dibujar \/ imagen de dise\u00f1o. El producto arreglar\u00e1 la producci\u00f3n cuando usted confirma.<\/span><\/span><\/p>\n<p>&nbsp;<\/p>\n<p><span style=\"font-size:16px\">3: \u00bfC\u00f3mo pago mi pedido?<\/span><\/p>\n<p><span style=\"font-size:16px\">Por favor d\u00edgame su orden entonces le diremos el precio del art\u00edculo, la tarifa de env\u00edo y la tarifa original de la caja y la cantidad total. Usted puede hacer el pago por Western Union \/ T\/T, o Payoneer, procesaremos y enviaremos hacia fuera su orden cuanto antes despu\u00e9s del pago hecho.<\/span><\/p>\n<p>&nbsp;<\/p>\n<p><span style=\"font-size:16px\">4: \u00bfC\u00f3mo env\u00edan los productos?<\/span><\/p>\n<p style=\"padding: 0px;border: 0px;font-family: arial\"><span style=\"font-size:16px\">Por mar, por aire, por mensajer\u00eda, TNT, DHL, Fedex, UPS, etc. Depende de usted.<\/span><\/p>\n<p>&nbsp;<\/p>\n<p><span style=\"font-size:16px\"><span style=\"font-family:arial,helvetica,sans-serif\">5: Why buy from us instead of buying from other suppliers?<br \/>\nWe have 17 years of production experience; a wide variety of products with high quality; enthusiastic and stylish teamwork; customization can be processed according to needs; safe and exquisite packaging and fast transportation, with the best service<\/span><\/span><\/p>\n<p>&nbsp;<\/p>\n<p><span style=\"font-size:16px\"><span style=\"font-family:arial,helvetica,sans-serif\">6:&nbsp;how can we guarantee quality?<br \/>\nAlways a pre-production sample before mass production;<br \/>\nAlways final Inspection before shipment;<\/span><\/span><\/p><\/p>","protected":false},"excerpt":{"rendered":"<br \/>\n<table class=\"tables data\" width=\"100%\" border=\"0\" cellpadding=\"0\" cellspacing=\"0\">\n<tbody>\n<tr>\n<th width=\"35%\">Lugar de origen:<\/th>\n<td>China<\/td>\n<\/tr>\n<tr>\n<th width=\"35%\">Marca:<\/th>\n<td>Joyas de oro K<\/td>\n<\/tr>\n<tr>\n<th width=\"35%\">Certificaci\u00f3n:<\/th>\n<td>Certificado de joyer\u00eda<\/td>\n<\/tr>\n<tr>\n<th width=\"35%\">N\u00famero de modelo:<\/th>\n<td>KD125R<\/td>\n<\/tr>\n<\/tbody>\n<\/table>\n<p>                                                                            <span class=\"title_s\">Condiciones de pago y env\u00edo:<\/span>                            <\/p>\n<table class=\"tables data\" width=\"100%\" border=\"0\" cellpadding=\"0\" cellspacing=\"0\">\n<tbody>\n<tr>\n<th width=\"35%\" nowrap=\"nowrap\">Cantidad m\u00ednima de pedido:<\/th>\n<td>1<\/td>\n<\/tr>\n<tr>\n<th width=\"35%\" nowrap=\"nowrap\">Precio:<\/th>\n<td>Negociable<\/td>\n<\/tr>\n<tr>\n<th width=\"35%\" nowrap=\"nowrap\">Detalles del embalaje:<\/th>\n<td>Bolsa PP gruesa est\u00e1ndar, la marca vendr\u00e1 con la marca Embalaje<\/td>\n<\/tr>\n<tr>\n<th width=\"35%\" nowrap=\"nowrap\">Plazo de entrega:<\/th>\n<td>5-15 d\u00edas laborables<\/td>\n<\/tr>\n<tr>\n<th width=\"35%\" nowrap=\"nowrap\">Condiciones de pago:<\/th>\n<td>T\/T, Western Union<\/td>\n<\/tr>\n<tr>\n<th width=\"35%\" nowrap=\"nowrap\">Capacidad de suministro:<\/th>\n<td>2000pcs\/Mes<\/td>\n<\/tr>\n<\/tbody>\n<\/table>","protected":false},"featured_media":1181,"comment_status":"closed","ping_status":"closed","template":"","meta":{"_gspb_post_css":""},"product_brand":[],"product_cat":[16],"product_tag":[],"class_list":{"0":"post-1186","1":"product","2":"type-product","3":"status-publish","4":"has-post-thumbnail","6":"product_cat-solid-gold-jewellery","8":"first","9":"instock","10":"shipping-taxable","11":"product-type-simple"},"aioseo_notices":[],"_links":{"self":[{"href":"https:\/\/dearjewelry.ltd\/es\/wp-json\/wp\/v2\/product\/1186","targetHints":{"allow":["GET"]}}],"collection":[{"href":"https:\/\/dearjewelry.ltd\/es\/wp-json\/wp\/v2\/product"}],"about":[{"href":"https:\/\/dearjewelry.ltd\/es\/wp-json\/wp\/v2\/types\/product"}],"replies":[{"embeddable":true,"href":"https:\/\/dearjewelry.ltd\/es\/wp-json\/wp\/v2\/comments?post=1186"}],"wp:featuredmedia":[{"embeddable":true,"href":"https:\/\/dearjewelry.ltd\/es\/wp-json\/wp\/v2\/media\/1181"}],"wp:attachment":[{"href":"https:\/\/dearjewelry.ltd\/es\/wp-json\/wp\/v2\/media?parent=1186"}],"wp:term":[{"taxonomy":"product_brand","embeddable":true,"href":"https:\/\/dearjewelry.ltd\/es\/wp-json\/wp\/v2\/product_brand?post=1186"},{"taxonomy":"product_cat","embeddable":true,"href":"https:\/\/dearjewelry.ltd\/es\/wp-json\/wp\/v2\/product_cat?post=1186"},{"taxonomy":"product_tag","embeddable":true,"href":"https:\/\/dearjewelry.ltd\/es\/wp-json\/wp\/v2\/product_tag?post=1186"}],"curies":[{"name":"wp","href":"https:\/\/api.w.org\/{rel}","templated":true}]}}