{"id":1075,"date":"2025-07-13T04:38:23","date_gmt":"2025-07-13T04:38:23","guid":{"rendered":"https:\/\/dearjewelry.ltd\/product\/0-8ct-14k-solid-gold-jewellery-rose-gold-engagement-ring-set-ra5-6x4-5mm\/"},"modified":"2025-07-13T04:38:23","modified_gmt":"2025-07-13T04:38:23","slug":"0-8ct-14k-solid-gold-jewellery-rose-gold-engagement-ring-set-ra5-6x4-5mm","status":"publish","type":"product","link":"https:\/\/dearjewelry.ltd\/es\/product\/0-8ct-14k-solid-gold-jewellery-rose-gold-engagement-ring-set-ra5-6x4-5mm\/","title":{"rendered":"0.8ct 14K Joyas de oro macizo , anillo de compromiso de oro rosa RA5.6\u00d74.5MM"},"content":{"rendered":"<h2>0.8ct 14K Joyas de oro macizo , anillo de compromiso de oro rosa RA5.6\u00d74.5MM<\/h2>\n<p> Descripci\u00f3n<\/p>\n<table cellpadding=\"0\" cellspacing=\"0\" class=\"details_table\">\n<tbody>\n<tr>\n<th>Material:<\/th>\n<td>Joyas de oro 9K\/10K\/14K\/18K<\/td>\n<th>Piedra principal:<\/th>\n<td>Diamond Engagement Ring<\/td>\n<\/tr>\n<tr class=\"bg_gray\">\n<th>Lugar de origen:<\/th>\n<td>China (continental)<\/td>\n<th>Estilo de moda:<\/th>\n<td>Joyer\u00eda natural<\/td>\n<\/tr>\n<tr>\n<th>Peso:<\/th>\n<td>About 3.12g<\/td>\n<th>Personal\u00edzalo:<\/th>\n<td>Joyas de oro personalizadas<\/td>\n<\/tr>\n<tr class=\"bg_gray\">\n<th>Color chapado:<\/th>\n<td>Oro rosa<\/td>\n<th>Ocasi\u00f3n del compromiso:<\/th>\n<td>Regalo, Fiesta, Boda<\/td>\n<\/tr>\n<tr>\n<th>Tama\u00f1o:<\/th>\n<td>RA5.6*4.5MM<\/td>\n<\/tr>\n<tr class=\"bg_gray\">\n<th colspan=\"1\">Luz alta:<\/th>\n<td colspan=\"3\">\n<h2 style='font-weight: bold;font-size: 14px'>0.8ct 14K Solid Gold Jewellery<\/h2>\n<p>, <\/p>\n<h2 style='font-weight: bold;font-size: 14px'>4.5MM 14K Solid Gold Jewellery<\/h2>\n<p>, <\/p>\n<h2 style='font-weight: bold;font-size: 14px'>5.6mm Rose Gold Engagement Ring Set<\/h2>\n<\/td>\n<\/tr>\n<\/tbody>\n<\/table>\n<p><p><span style=\"font-size:16px\"><strong><span style=\"font-family:arial,helvetica,sans-serif\">Descripci\u00f3n del producto:&nbsp;<\/span><\/strong><\/span><\/p>\n<p><span style=\"font-size:16px\"><strong>14K Rose Solid Gold Natural Diamond Ring Set Dainty Gemstones Engagement Ring<\/strong><\/span><\/p>\n<table border=\"1\" cellpadding=\"0\" cellspacing=\"0\" style=\"width: 576px\">\n<tbody>\n<tr>\n<td style=\"width: 126px\"><span style=\"font-size:16px\">N\u00ba de art\u00edculo<\/span><\/td>\n<td style=\"width: 444px\"><span style=\"font-size:16px\">KD029R<\/span><\/td>\n<\/tr>\n<tr>\n<td style=\"width: 126px\"><span style=\"font-size:16px\">Nombre del producto<\/span><\/td>\n<td style=\"width: 444px\"><span style=\"font-size:16px\">Joyas personalizadas de oro macizo de 14 quilates<\/span><\/td>\n<\/tr>\n<tr>\n<td style=\"width: 126px\"><span style=\"font-size:16px\">Estilo<\/span><\/td>\n<td style=\"width: 444px\"><span style=\"font-size:16px\">Estilo de moda&nbsp;<\/span><\/td>\n<\/tr>\n<tr>\n<td style=\"width: 126px\"><span style=\"font-size:16px\">Material<\/span><\/td>\n<td style=\"width: 444px\"><span style=\"font-size:16px\">Oro blanco de 14 quilates<\/span><\/td>\n<\/tr>\n<tr>\n<td style=\"width: 126px\"><span style=\"font-size:16px\">Tipo de configuraci\u00f3n<\/span><\/td>\n<td style=\"width: 444px\"><span style=\"font-size:16px\">Ajuste manual<\/span><\/td>\n<\/tr>\n<tr>\n<td style=\"width: 126px\"><span style=\"font-size:16px\">G\u00e9nero<\/span><\/td>\n<td style=\"width: 444px\">Ni\u00f1os, Hombres, Unisex, Mujeres<\/td>\n<\/tr>\n<tr>\n<td style=\"width: 126px\"><span style=\"font-size:16px\">Piedra diminuta<\/span><\/td>\n<td style=\"width: 444px\"><span style=\"font-size:16px\">70pcs Natural Diamond<\/span><\/td>\n<\/tr>\n<tr>\n<td style=\"width: 126px\"><span style=\"font-size:16px\">Piedra principal<\/span><\/td>\n<td style=\"width: 444px\"><span style=\"font-size:16px\">Diamante natural\/Diamante de laboratorio\/Mosianita<\/span><\/td>\n<\/tr>\n<tr>\n<td style=\"width: 126px\"><span style=\"font-size:16px\">Piedra principal Tama\u00f1o<\/span><\/td>\n<td style=\"width: 444px\">RA5.6*4.5MMMM<\/td>\n<\/tr>\n<tr>\n<td style=\"width: 126px\"><span style=\"font-size:16px\">Color<\/span><\/td>\n<td style=\"width: 444px\"><span style=\"font-size:16px\">Seg\u00fan su petici\u00f3n<\/span><\/td>\n<\/tr>\n<tr>\n<td style=\"width: 126px\"><span style=\"font-size:16px\">Tama\u00f1o del anillo<\/span><\/td>\n<td style=\"width: 444px\"><span style=\"font-size:16px\">Caliente venta tama\u00f1o # 4 - # 12, cualquier tama\u00f1o es factible.<\/span><\/td>\n<\/tr>\n<\/tbody>\n<\/table>\n<p>&nbsp;<\/p>\n<p><span style=\"font-size:16px\"><strong><span style=\"font-family:arial,helvetica,sans-serif\">Detalle de la producci\u00f3n:<\/span><\/strong><br \/>\n<span style=\"font-family:arial,helvetica,sans-serif\">Informaci\u00f3n sobre Tiny Diamond:<\/span><br \/>\n<span style=\"font-family:arial,helvetica,sans-serif\">Number of Diamonds: 78pcs<\/span><br \/>\n<span style=\"font-family:arial,helvetica,sans-serif\">Total Carat Weight: 4.68ct<\/span><br \/>\n<span style=\"font-family:arial,helvetica,sans-serif\">Color medio: G-H<\/span><br \/>\n<span style=\"font-family:arial,helvetica,sans-serif\">Average Clarity: SI1\/SI2\/VS1&nbsp;<\/span>Customize&nbsp;Request<br \/>\n<span style=\"font-family:arial,helvetica,sans-serif\">Corte medio: <span>Muy bueno<\/span><\/span><\/span><\/p>\n<p><span style=\"font-size:16px\"><span style=\"font-family:arial,helvetica,sans-serif\">Tipo de engaste: Engastado<\/span><\/span><\/p>\n<p>\n<span style=\"font-size:16px\"><span style=\"font-family:arial,helvetica,sans-serif\">Informaci\u00f3n sobre la piedra principal:&nbsp;<\/span>Diamante natural\/Diamante de laboratorio<br \/>\n<span style=\"font-family:arial,helvetica,sans-serif\">Peso total en quilates: 0,8 quilates&nbsp;<\/span>diamante<\/span><\/p>\n<p><font face=\"arial, helvetica, sans-serif\" style=\"font-size: 16px\">Tama\u00f1o:&nbsp;<\/font>RA5.6*4.5MM<span style=\"font-size: 16px\">&nbsp;para la piedra principal<\/span><font face=\"arial, helvetica, sans-serif\" style=\"font-size: 16px\"> <\/font><\/p>\n<p>&nbsp;<\/p>\n<p>&nbsp;<\/p>\n<p><strong style=\"font-size: 16px\"><span style=\"font-family:arial,helvetica,sans-serif\">Por qu\u00e9 elegirnos:<\/span><\/strong><\/p>\n<p><span style=\"font-size:16px\">1: We professional make natural gemstone jewelry for brands over 15 years, we can make international brand level workmanship.<br \/>\n2: We have our own gemstone mines, only use high quality gemstone to make jewelry, and we have absolute advantage in price for the same quality jewelry, which is why we can cooperate with brand jewelry wholesalers in many countries for more than 15 years.<br \/>\n3: We have exclusive technology to engrave any patterns on any fine gem.<br \/>\n4: Our exclusive high tech silver jewelry anti-oxidation technology is leading the jewelry industry.<\/span><\/p>\n<p>&nbsp;<\/p>\n<p><span style=\"font-size:16px\"><span style=\"font-family:arial,helvetica,sans-serif\">Servicio de f\u00e1brica K-Gold:<\/span><br \/>\n<img decoding=\"async\" src=\"https:\/\/www.gold-jewellerys.com\/test\/domaindemo-52949.tmp\/photo\/pl36219389-remark.jpg\"><br \/>\n<img decoding=\"async\" src=\"https:\/\/www.gold-jewellerys.com\/test\/domaindemo-52949.tmp\/photo\/pl36230799-remark.jpg\"><\/span><\/p>\n<p>&nbsp;<\/p>\n<p><span style=\"font-size:16px\">Preguntas frecuentes:<\/span><\/p>\n<p><span style=\"font-size:16px\">1: \u00bfC\u00f3mo podemos obtener el precio?<\/span><\/p>\n<p><span style=\"font-size:16px\">Le invitamos a ponerse en contacto con nosotros en whatsapp. Apenas env\u00edenos las im\u00e1genes de los art\u00edculos usted quiere entonces le diremos los precios cuanto antes.<\/span><\/p>\n<p>&nbsp;<\/p>\n<p><span style=\"font-size:16px\">Contacto: Nancy lee<br \/>\nWhatsApp: +86-18520267369 \/ Tell:+8618520267369<br \/>\nCorreo electr\u00f3nico: nancy@gzkgold.com<\/span><\/p>\n<p>&nbsp;<\/p>\n<p><span style=\"font-size:16px\">2: <\/span>Can you design own jewelry ? and my Logo ?<\/p>\n<p style=\"font-size: 12px;line-height: inherit;padding: 0px;border: 0px;font-family: Arial;vertical-align: baseline\"><span style=\"margin: 0px;padding: 0px;border: 0px;font-style: inherit;font-variant: inherit;font-weight: inherit;font-size: inherit;line-height: 18px;font-family: inherit;vertical-align: baseline\"><span style=\"font-weight: 700\"><span style=\"margin: 0px;padding: 0px;border: 0px;font-style: inherit;font-variant: inherit;font-weight: inherit;font-size: 16px;line-height: 24px;font-family: inherit;vertical-align: baseline\"><span style=\"margin: 0px;padding: 0px;border: 0px;font-variant: inherit;font-weight: 400;line-height: 24px;font-family: Arial, Helvetica;vertical-align: baseline\">Yes, our designer have more than 15 years experience on jewelry area,<\/span><\/span><\/span><\/span><span style=\"margin: 0px;padding: 0px;border: 0px;font-style: inherit;font-variant: inherit;font-weight: inherit;font-size: inherit;line-height: 18px;font-family: inherit;vertical-align: baseline\"><span style=\"font-weight: 700\"><span style=\"margin: 0px;padding: 0px;border: 0px;font-style: inherit;font-variant: inherit;font-weight: inherit;font-size: 16px;line-height: 24px;font-family: inherit;vertical-align: baseline\"><span style=\"margin: 0px;padding: 0px;border: 0px;font-variant: inherit;font-weight: 400;line-height: 24px;font-family: Arial, Helvetica;vertical-align: baseline\">Just send your photos or idea we can design CAD for you confirmed before production,<\/span><\/span><\/span><\/span><span style=\"margin: 0px;padding: 0px;border: 0px;font-style: inherit;font-variant: inherit;font-weight: inherit;font-size: inherit;line-height: 18px;font-family: inherit;vertical-align: baseline\"><span style=\"font-weight: 700\"><span style=\"margin: 0px;padding: 0px;border: 0px;font-style: inherit;font-variant: inherit;font-weight: inherit;font-size: 16px;line-height: 24px;font-family: inherit;vertical-align: baseline\"><span style=\"margin: 0px;padding: 0px;border: 0px;font-variant: inherit;font-weight: 400;line-height: 24px;font-family: Arial, Helvetica;vertical-align: baseline\">make sure 100% of you want. and also we can free to sign up your logo.<\/span><\/span><\/span><\/span><\/p>\n<p>&nbsp;<\/p>\n<p><span style=\"font-family:arial,helvetica,sans-serif\"><span style=\"font-size:16px\">3: Can I see a sample?<\/span><\/span><\/p>\n<p><span style=\"font-family:arial,helvetica,sans-serif\"><span style=\"font-size:16px\">If course you can, but retail is not our intention,we will charge sample cost and express fee. <\/span><\/span><\/p>\n<p>&nbsp;<\/p>\n<p><span style=\"font-size:16px\">4: <\/span>How do you ship the products?<\/p>\n<p><span style=\"font-family:arial,helvetica,sans-serif\"><span style=\"font-size:16px\">By<\/span><\/span>&nbsp;Sea ,By Air ,By courier, TNT , DHL, Fedex, UPS Etc. It is up to you .<\/p>\n<p>&nbsp;<\/p>\n<p><span style=\"font-size:16px\">5: How may the delivery date for customized orders be affected?<\/span><\/p>\n<p><span style=\"font-size:16px\">La mayor\u00eda de los pedidos se env\u00edan a tiempo. En raras ocasiones, la entrega de los art\u00edculos puede retrasarse ligeramente. Puede ponerse en contacto con nuestro equipo de atenci\u00f3n al cliente por tel\u00e9fono o chat para conocer la fecha de entrega estimada.<\/span><\/p>\n<p>&nbsp;<\/p>\n<p><span style=\"font-size:16px\">6: How long can received my goods?<\/span><\/p>\n<p><span style=\"font-size:16px\">Orders are always processed after your order is deposited. Production time is 2-10 working days, depending on the difficulty of design process, plus 3-7 days of transportation time, express transportation to all parts of the world.<\/span><\/p><\/p>","protected":false},"excerpt":{"rendered":"<br \/>\n<table class=\"tables data\" width=\"100%\" border=\"0\" cellpadding=\"0\" cellspacing=\"0\">\n<tbody>\n<tr>\n<th width=\"35%\">Lugar de origen:<\/th>\n<td>China<\/td>\n<\/tr>\n<tr>\n<th width=\"35%\">Marca:<\/th>\n<td>Joyas de oro K<\/td>\n<\/tr>\n<tr>\n<th width=\"35%\">Certificaci\u00f3n:<\/th>\n<td>Certificado de joyer\u00eda<\/td>\n<\/tr>\n<tr>\n<th width=\"35%\">N\u00famero de modelo:<\/th>\n<td>KD029R<\/td>\n<\/tr>\n<\/tbody>\n<\/table>\n<p>                                                                            <span class=\"title_s\">Condiciones de pago y env\u00edo:<\/span>                            <\/p>\n<table class=\"tables data\" width=\"100%\" border=\"0\" cellpadding=\"0\" cellspacing=\"0\">\n<tbody>\n<tr>\n<th width=\"35%\" nowrap=\"nowrap\">Cantidad m\u00ednima de pedido:<\/th>\n<td>1<\/td>\n<\/tr>\n<tr>\n<th width=\"35%\" nowrap=\"nowrap\">Precio:<\/th>\n<td>Negociable<\/td>\n<\/tr>\n<tr>\n<th width=\"35%\" nowrap=\"nowrap\">Detalles del embalaje:<\/th>\n<td>Bolsa PP gruesa est\u00e1ndar, la marca vendr\u00e1 con la marca Embalaje<\/td>\n<\/tr>\n<tr>\n<th width=\"35%\" nowrap=\"nowrap\">Plazo de entrega:<\/th>\n<td>5-15 d\u00edas laborables<\/td>\n<\/tr>\n<tr>\n<th width=\"35%\" nowrap=\"nowrap\">Condiciones de pago:<\/th>\n<td>T\/T, Western Union<\/td>\n<\/tr>\n<tr>\n<th width=\"35%\" nowrap=\"nowrap\">Capacidad de suministro:<\/th>\n<td>2000pcs\/Mes<\/td>\n<\/tr>\n<\/tbody>\n<\/table>","protected":false},"featured_media":1070,"comment_status":"closed","ping_status":"closed","template":"","meta":{"_gspb_post_css":""},"product_brand":[],"product_cat":[16],"product_tag":[],"class_list":{"0":"post-1075","1":"product","2":"type-product","3":"status-publish","4":"has-post-thumbnail","6":"product_cat-solid-gold-jewellery","8":"first","9":"instock","10":"shipping-taxable","11":"product-type-simple"},"aioseo_notices":[],"_links":{"self":[{"href":"https:\/\/dearjewelry.ltd\/es\/wp-json\/wp\/v2\/product\/1075","targetHints":{"allow":["GET"]}}],"collection":[{"href":"https:\/\/dearjewelry.ltd\/es\/wp-json\/wp\/v2\/product"}],"about":[{"href":"https:\/\/dearjewelry.ltd\/es\/wp-json\/wp\/v2\/types\/product"}],"replies":[{"embeddable":true,"href":"https:\/\/dearjewelry.ltd\/es\/wp-json\/wp\/v2\/comments?post=1075"}],"wp:featuredmedia":[{"embeddable":true,"href":"https:\/\/dearjewelry.ltd\/es\/wp-json\/wp\/v2\/media\/1070"}],"wp:attachment":[{"href":"https:\/\/dearjewelry.ltd\/es\/wp-json\/wp\/v2\/media?parent=1075"}],"wp:term":[{"taxonomy":"product_brand","embeddable":true,"href":"https:\/\/dearjewelry.ltd\/es\/wp-json\/wp\/v2\/product_brand?post=1075"},{"taxonomy":"product_cat","embeddable":true,"href":"https:\/\/dearjewelry.ltd\/es\/wp-json\/wp\/v2\/product_cat?post=1075"},{"taxonomy":"product_tag","embeddable":true,"href":"https:\/\/dearjewelry.ltd\/es\/wp-json\/wp\/v2\/product_tag?post=1075"}],"curies":[{"name":"wp","href":"https:\/\/api.w.org\/{rel}","templated":true}]}}