{"id":1022,"date":"2025-07-12T21:42:22","date_gmt":"2025-07-12T21:42:22","guid":{"rendered":"https:\/\/dearjewelry.ltd\/product\/0-58ct-6x4mm-solitaire-stone-14k-solid-gold-jewellery-diamond-wedding-ring\/"},"modified":"2025-07-12T21:42:22","modified_gmt":"2025-07-12T21:42:22","slug":"0-58ct-6x4mm-solitaire-stone-14k-solid-gold-jewellery-diamond-wedding-ring","status":"publish","type":"product","link":"https:\/\/dearjewelry.ltd\/es\/product\/0-58ct-6x4mm-solitaire-stone-14k-solid-gold-jewellery-diamond-wedding-ring\/","title":{"rendered":"0.58ct 6x4MM Piedra Solitaria 14K Oro Macizo Joyer\u00eda Anillo de Boda de Diamantes"},"content":{"rendered":"<h2>0.58ct 6x4MM Piedra Solitaria 14K Oro Macizo Joyer\u00eda Anillo de Boda de Diamantes<\/h2>\n<p> Descripci\u00f3n<\/p>\n<table cellpadding=\"0\" cellspacing=\"0\" class=\"details_table\">\n<tbody>\n<tr>\n<th>Material:<\/th>\n<td>Oro amarillo de 14 quilates<\/td>\n<th>Piedra:<\/th>\n<td>Solitaire Stone Ring<\/td>\n<\/tr>\n<tr class=\"bg_gray\">\n<th>Piedra principal:<\/th>\n<td>Natural Diamond\/Lab Diamond\/Gem Stone<\/td>\n<th>Corta:<\/th>\n<td>Diamante talla redonda<\/td>\n<\/tr>\n<tr>\n<th>Forma:<\/th>\n<td>Diamond Halo Ring<\/td>\n<th>Tipo de ajuste:<\/th>\n<td>Ajuste de las puntas<\/td>\n<\/tr>\n<tr class=\"bg_gray\">\n<th>Tama\u00f1o:<\/th>\n<td>Customized Size<\/td>\n<th>Color:<\/th>\n<td>Yellow Gold\/ White Gold\/Rose Gold<\/td>\n<\/tr>\n<tr>\n<th>Ocasi\u00f3n:<\/th>\n<td>Aniversario, Compromiso, Regalo, Fiesta, Boda<\/td>\n<th>Tama\u00f1o de la piedra principal:<\/th>\n<td>EM6*4MM<\/td>\n<\/tr>\n<tr class=\"bg_gray\">\n<th colspan=\"1\">Destaca:<\/th>\n<td colspan=\"3\">\n<h2 style='font-weight: bold;font-size: 14px'>0.58ct 14K Solid Gold Jewellery<\/h2>\n<p>, <\/p>\n<h2 style='font-weight: bold;font-size: 14px'>Solitaire 14K Solid Gold Jewellery 0.58ct<\/h2>\n<p>, <\/p>\n<h2 style='font-weight: bold;font-size: 14px'>0.58ct 6x4MM solitaire stone ring<\/h2>\n<\/td>\n<\/tr>\n<\/tbody>\n<\/table>\n<p><p><strong><span style=\"font-size:16px\"><span style=\"font-family:arial,helvetica,sans-serif\">Descripci\u00f3n del producto:<\/span><\/span><\/strong><\/p>\n<p><span style=\"font-family:arial,helvetica,sans-serif\"><span style=\"font-size:16px\"><strong>14K Solid Yellow Gold Emeralad Cut 0.58ct Solitaire Stone Diamond Wedding Ring<\/strong><\/span><\/span><\/p>\n<table border=\"1\" cellpadding=\"0\" cellspacing=\"0\" style=\"width: 576px\">\n<tbody>\n<tr>\n<td style=\"width: 126px\">N\u00ba de art\u00edculo<\/td>\n<td style=\"width: 444px\">KD123R<\/td>\n<\/tr>\n<tr>\n<td style=\"width: 126px\">Nombre del producto<\/td>\n<td style=\"width: 444px\">Joyas personalizadas de oro macizo de 14 quilates<\/td>\n<\/tr>\n<tr>\n<td style=\"width: 126px\">Estilo<\/td>\n<td style=\"width: 444px\">Estilo cl\u00e1sico&nbsp;<\/td>\n<\/tr>\n<tr>\n<td style=\"width: 126px\">Material<\/td>\n<td style=\"width: 444px\">Oro amarillo de 14 quilates<\/td>\n<\/tr>\n<tr>\n<td style=\"width: 126px\">Tipo de configuraci\u00f3n<\/td>\n<td style=\"width: 444px\">Prong Hand setting<\/td>\n<\/tr>\n<tr>\n<td style=\"width: 126px\">G\u00e9nero<\/td>\n<td style=\"width: 444px\">Mujeres<\/td>\n<\/tr>\n<tr>\n<td style=\"width: 126px\">Piedra diminuta<\/td>\n<td style=\"width: 444px\">Diamante natural&nbsp;<\/td>\n<\/tr>\n<tr>\n<td style=\"width: 126px\">Piedra principal<\/td>\n<td style=\"width: 444px\">Diamante natural\/Diamante de laboratorio\/Mosianita\/Todas las gemas como la aguamarina<\/td>\n<\/tr>\n<tr>\n<td style=\"width: 126px\">Dimensi\u00f3n<\/td>\n<td style=\"width: 444px\">EM6*4MM for main stone<\/td>\n<\/tr>\n<tr>\n<td style=\"width: 126px\">Tama\u00f1o del anillo<\/td>\n<td style=\"width: 444px\">Cualquier tama\u00f1o disponible #4#5,#61TP57#8#9#10#11#12<\/td>\n<\/tr>\n<\/tbody>\n<\/table>\n<p>&nbsp;<\/p>\n<p><span style=\"font-size:16px\"><strong><span style=\"font-family:arial,helvetica,sans-serif\">Detalle de la producci\u00f3n :<\/span><\/strong><\/span><br \/>\n<span style=\"font-size:14px\"><span style=\"font-family:arial,helvetica,sans-serif\">Informaci\u00f3n sobre Tiny Diamond:<\/span><\/span><br \/>\n<span style=\"font-size:14px\"><span style=\"font-family:arial,helvetica,sans-serif\">Number of Diamonds: 1pcs<\/span><\/span><br \/>\n<span style=\"font-size:14px\"><span style=\"font-family:arial,helvetica,sans-serif\">Total Carat Weight: 0.58ct<\/span><\/span><br \/>\n<span style=\"font-size:14px\"><span style=\"font-family:arial,helvetica,sans-serif\">Color medio: G-H<\/span><\/span><br \/>\n<span style=\"font-size:14px\"><span style=\"font-family:arial,helvetica,sans-serif\">Average Clarity: SI1\/SI2\/VS1&nbsp;<\/span><\/span>Customize&nbsp;Request<br \/>\n<span style=\"font-size:14px\"><span style=\"font-family:arial,helvetica,sans-serif\">Corte medio: Excelente<\/span><\/span><br \/>\n<span style=\"font-size:14px\"><span style=\"font-family:arial,helvetica,sans-serif\">Tipo de engaste: Engastado<\/span><\/span><\/p>\n<p>\n<span style=\"font-size:14px\"><span style=\"font-family:arial,helvetica,sans-serif\">Informaci\u00f3n sobre la piedra principal:&nbsp;<\/span><\/span>Diamante natural\/diamante de laboratorio\/piedra preciosa<br \/>\n<span style=\"font-size:14px\"><span style=\"font-family:arial,helvetica,sans-serif\">Total Carat Weight: 0.58ct <\/span><\/span>diamante<\/p>\n<p><font face=\"arial, helvetica, sans-serif\">Tama\u00f1o:&nbsp;<\/font>EM6*4MMfor main stone<font face=\"arial, helvetica, sans-serif\"> <\/font><\/p>\n<p>&nbsp;<\/p>\n<p>&nbsp;<\/p>\n<p>Why choose us:<br \/>\n1: K-Gold has about 21 years of experience in the jewelry field<br \/>\n2: There is also our professional R&amp;D team to ensure that our products are constantly updated and ahead of the industry. So we have more than 3000 different designs and more than 46 series to meet different market needs.<br \/>\n3: We have a strong customer service team, focusing on the entire sales process, from design CAD to delivery, to help you solve any problems.<br \/>\n4: For customized items, you can obtain CAD on the day or the next day before the order starts to confirm the data.<\/p>\n<p>&nbsp;<\/p>\n<p>K-Gold factory service:<br \/>\n<img decoding=\"async\" src=\"https:\/\/www.gold-jewellerys.com\/test\/gold-jewellerys.com\/photo\/pl36123473-remark.jpg\"><\/p>\n<p><img decoding=\"async\" src=\"https:\/\/www.gold-jewellerys.com\/test\/gold-jewellerys.com\/photo\/pl36153524-remark.jpg\"><br \/>\n<img decoding=\"async\" src=\"https:\/\/www.gold-jewellerys.com\/test\/gold-jewellerys.com\/photo\/pl36123397-remark.jpg\"><br \/>\n&nbsp;<\/p>\n<p>PREGUNTAS FRECUENTES:<\/p>\n<p>1: \u00bfC\u00f3mo podemos obtener el precio?<\/p>\n<p>Le invitamos a ponerse en contacto con nosotros en whatsapp. Apenas env\u00edenos las im\u00e1genes de los art\u00edculos usted quiere entonces le diremos los precios cuanto antes.<\/p>\n<p>&nbsp;<\/p>\n<p>Persona de contacto: Nancy lee<br \/>\nWhatsApp: +86-18520267369 \/ Tell:+8618520267369<br \/>\nCorreo electr\u00f3nico: nancy@gzkgold.com<br \/>\nP\u00e1gina web:<\/p>\n<p>&nbsp;<\/p>\n<p>2: How about the quality of your jewelry ?<br \/>\nWe have a strict quality control system to insure the products we produce can meet your standard. Having cooperated with many famous enterprises, we are expert in customized area. Please contact us if you need more information.<\/p>\n<p>&nbsp;<\/p>\n<p>3: how can we guarantee quality?<br \/>\nAlways a pre-production sample before mass production;Always final Inspection before shipment;<\/p>\n<p>&nbsp;<\/p>\n<p>4:\u00bfPuedo obtener un certificado?<\/p>\n<p>S\u00ed, no tienen el certificado si es necesario y el precio no incluye la tasa. El diamante no GIA certificado o sin ella s\u00f3lo<\/p>\n<p>h\u00e1gamelo saber porque hay diferencia de precio .<\/p>\n<p>&nbsp;<\/p>\n<p>5: Do you have any MOQ for customorder?<br \/>\nYes, we do have a MOQ for custom designs. It depends on the specific designs.So please contact us for more&nbsp;details.<\/p>\n<p>&nbsp;<\/p>\n<p>6: Where is your Company located? How can I visit there?<br \/>\nOur company is located in Guangzhou China. Welcome to visit our company and factory!<\/p><\/p>","protected":false},"excerpt":{"rendered":"<br \/>\n<table class=\"tables data\" width=\"100%\" border=\"0\" cellpadding=\"0\" cellspacing=\"0\">\n<tbody>\n<tr>\n<th width=\"35%\">Lugar de origen:<\/th>\n<td>China<\/td>\n<\/tr>\n<tr>\n<th width=\"35%\">Marca:<\/th>\n<td>Joyas de oro K<\/td>\n<\/tr>\n<tr>\n<th width=\"35%\">Certificaci\u00f3n:<\/th>\n<td>Certificado de joyer\u00eda<\/td>\n<\/tr>\n<tr>\n<th width=\"35%\">N\u00famero de modelo:<\/th>\n<td>KKD123R<\/td>\n<\/tr>\n<\/tbody>\n<\/table>\n<p>                                                                            <span class=\"title_s\">Condiciones de pago y env\u00edo:<\/span>                            <\/p>\n<table class=\"tables data\" width=\"100%\" border=\"0\" cellpadding=\"0\" cellspacing=\"0\">\n<tbody>\n<tr>\n<th width=\"35%\" nowrap=\"nowrap\">Cantidad m\u00ednima de pedido:<\/th>\n<td>3<\/td>\n<\/tr>\n<tr>\n<th width=\"35%\" nowrap=\"nowrap\">Precio:<\/th>\n<td>Negociable<\/td>\n<\/tr>\n<tr>\n<th width=\"35%\" nowrap=\"nowrap\">Detalles del embalaje:<\/th>\n<td>Bolsa PP gruesa est\u00e1ndar, la marca vendr\u00e1 con la marca Embalaje<\/td>\n<\/tr>\n<tr>\n<th width=\"35%\" nowrap=\"nowrap\">Plazo de entrega:<\/th>\n<td>5-15 d\u00edas laborables<\/td>\n<\/tr>\n<tr>\n<th width=\"35%\" nowrap=\"nowrap\">Condiciones de pago:<\/th>\n<td>T\/T, Western Union<\/td>\n<\/tr>\n<tr>\n<th width=\"35%\" nowrap=\"nowrap\">Capacidad de suministro:<\/th>\n<td>2000pcs\/Mes<\/td>\n<\/tr>\n<\/tbody>\n<\/table>","protected":false},"featured_media":1017,"comment_status":"closed","ping_status":"closed","template":"","meta":{"_gspb_post_css":""},"product_brand":[],"product_cat":[16],"product_tag":[],"class_list":{"0":"post-1022","1":"product","2":"type-product","3":"status-publish","4":"has-post-thumbnail","6":"product_cat-solid-gold-jewellery","8":"first","9":"instock","10":"shipping-taxable","11":"product-type-simple"},"aioseo_notices":[],"_links":{"self":[{"href":"https:\/\/dearjewelry.ltd\/es\/wp-json\/wp\/v2\/product\/1022","targetHints":{"allow":["GET"]}}],"collection":[{"href":"https:\/\/dearjewelry.ltd\/es\/wp-json\/wp\/v2\/product"}],"about":[{"href":"https:\/\/dearjewelry.ltd\/es\/wp-json\/wp\/v2\/types\/product"}],"replies":[{"embeddable":true,"href":"https:\/\/dearjewelry.ltd\/es\/wp-json\/wp\/v2\/comments?post=1022"}],"wp:featuredmedia":[{"embeddable":true,"href":"https:\/\/dearjewelry.ltd\/es\/wp-json\/wp\/v2\/media\/1017"}],"wp:attachment":[{"href":"https:\/\/dearjewelry.ltd\/es\/wp-json\/wp\/v2\/media?parent=1022"}],"wp:term":[{"taxonomy":"product_brand","embeddable":true,"href":"https:\/\/dearjewelry.ltd\/es\/wp-json\/wp\/v2\/product_brand?post=1022"},{"taxonomy":"product_cat","embeddable":true,"href":"https:\/\/dearjewelry.ltd\/es\/wp-json\/wp\/v2\/product_cat?post=1022"},{"taxonomy":"product_tag","embeddable":true,"href":"https:\/\/dearjewelry.ltd\/es\/wp-json\/wp\/v2\/product_tag?post=1022"}],"curies":[{"name":"wp","href":"https:\/\/api.w.org\/{rel}","templated":true}]}}