{"id":7196,"date":"2025-07-17T08:04:03","date_gmt":"2025-07-17T08:04:03","guid":{"rendered":"https:\/\/dearjewelry.ltd\/?page_id=7196"},"modified":"2025-07-17T08:23:30","modified_gmt":"2025-07-17T08:23:30","slug":"visita-a-la-fabrica","status":"publish","type":"page","link":"https:\/\/dearjewelry.ltd\/es\/visita-a-la-fabrica\/","title":{"rendered":"Visita a la f\u00e1brica"},"content":{"rendered":"<div class=\"wp-block-greenshift-blocks-row gspb_row gspb_row-id-gsbp-13c7b18\" id=\"gspb_row-id-gsbp-13c7b18\"><div class=\"gspb_row__content\"> \n<div class=\"wp-block-greenshift-blocks-row-column gspb_row__col--12 gspb_col-id-gsbp-0abbe6f\" id=\"gspb_col-id-gsbp-0abbe6f\">\n<p>L\u00ednea de producci\u00f3n<\/p>\n\n\n\n<figure class=\"wp-block-image\"><img decoding=\"async\" src=\"https:\/\/www.gold-jewellerys.com\/test\/gold-jewellerys.com\/photo\/pl36123378-remark.jpg\" alt=\"Guangzhou K Gold Jewelry Co., Ltd. l\u00ednea de producci\u00f3n de la f\u00e1brica 0\"\/><\/figure>\n\n\n\n<figure class=\"wp-block-image\"><img decoding=\"async\" src=\"https:\/\/www.gold-jewellerys.com\/test\/gold-jewellerys.com\/photo\/pl36123375-remark.jpg\" alt=\"Guangzhou K Gold Jewelry Co., Ltd. l\u00ednea de producci\u00f3n de la f\u00e1brica 1\"\/><\/figure>\n\n\n\n<figure class=\"wp-block-image\"><img decoding=\"async\" src=\"https:\/\/www.gold-jewellerys.com\/test\/gold-jewellerys.com\/photo\/pl36314862-remark.jpg\" alt=\"Guangzhou K Gold Jewelry Co., Ltd. l\u00ednea de producci\u00f3n de la f\u00e1brica 2\"\/><\/figure>\n\n\n\n<figure class=\"wp-block-image\"><img decoding=\"async\" src=\"https:\/\/www.gold-jewellerys.com\/test\/gold-jewellerys.com\/photo\/pl36153528-remark.jpg\" alt=\"Guangzhou K Gold Jewelry Co., Ltd. l\u00ednea de producci\u00f3n de la f\u00e1brica 3\"\/><\/figure>\n\n\n\n<figure class=\"wp-block-image\"><img decoding=\"async\" src=\"https:\/\/www.gold-jewellerys.com\/test\/gold-jewellerys.com\/photo\/pl36314864-remark.jpg\" alt=\"Guangzhou K Gold Jewelry Co., Ltd. l\u00ednea de producci\u00f3n de la f\u00e1brica 4\"\/><\/figure>\n\n\n\n<figure class=\"wp-block-image\"><img decoding=\"async\" src=\"https:\/\/www.gold-jewellerys.com\/test\/gold-jewellerys.com\/photo\/pl36153520-remark.jpg\" alt=\"Guangzhou K Gold Jewelry Co., Ltd. l\u00ednea de producci\u00f3n de la f\u00e1brica 0\"\/><\/figure>\n\n\n\n<figure class=\"wp-block-image\"><img decoding=\"async\" src=\"https:\/\/www.gold-jewellerys.com\/test\/gold-jewellerys.com\/photo\/pl36153526-remark.jpg\" alt=\"Guangzhou K Gold Jewelry Co., Ltd. l\u00ednea de producci\u00f3n de la f\u00e1brica 1\"\/><\/figure>\n\n\n\n<figure class=\"wp-block-image\"><img decoding=\"async\" src=\"https:\/\/www.gold-jewellerys.com\/test\/gold-jewellerys.com\/photo\/pl36153524-remark.jpg\" alt=\"Guangzhou K Gold Jewelry Co., Ltd. l\u00ednea de producci\u00f3n de la f\u00e1brica 2\"\/><\/figure>\n\n\n\n<p>I+D<\/p>\n\n\n\n<figure class=\"wp-block-image size-full\"><img loading=\"lazy\" decoding=\"async\" width=\"680\" height=\"485\" src=\"https:\/\/dearjewelry.ltd\/wp-content\/uploads\/2025\/07\/pl36123397-remark.jpg\" alt=\"\" class=\"wp-image-7197\" srcset=\"https:\/\/dearjewelry.ltd\/wp-content\/uploads\/2025\/07\/pl36123397-remark.jpg 680w, https:\/\/dearjewelry.ltd\/wp-content\/uploads\/2025\/07\/pl36123397-remark-300x214.jpg 300w, https:\/\/dearjewelry.ltd\/wp-content\/uploads\/2025\/07\/pl36123397-remark-18x12.jpg 18w\" sizes=\"auto, (max-width: 680px) 100vw, 680px\" \/><\/figure>\n\n\n\n<figure class=\"wp-block-image\"><img decoding=\"async\" src=\"https:\/\/www.gold-jewellerys.com\/test\/gold-jewellerys.com\/photo\/pl36123389-remark.jpg\" alt=\"Guangzhou K Gold Jewelry Co., Ltd. l\u00ednea de producci\u00f3n de la f\u00e1brica 1\"\/><\/figure>\n\n\n\n<figure class=\"wp-block-image\"><img decoding=\"async\" src=\"https:\/\/www.gold-jewellerys.com\/test\/gold-jewellerys.com\/photo\/pl36123388-remark.jpg\" alt=\"Guangzhou K Gold Jewelry Co., Ltd. l\u00ednea de producci\u00f3n de la f\u00e1brica 2\"\/><\/figure>\n<\/div>\n <\/div><\/div>","protected":false},"excerpt":{"rendered":"","protected":false},"author":1,"featured_media":0,"parent":0,"menu_order":0,"comment_status":"closed","ping_status":"closed","template":"","meta":{"_gspb_post_css":"#gspb_row-id-gsbp-13c7b18{justify-content:space-between;margin-top:0;margin-bottom:0;display:flex;flex-wrap:wrap;background-color:var(--wp--preset--color--palette-color-8, var(--theme-palette-color-8, #ffffff))}#gspb_row-id-gsbp-13c7b18>.gspb_row__content{display:flex;justify-content:space-between;margin:0 auto;width:100%;flex-wrap:wrap}.gspb_row{position:relative}div[id^=gspb_col-id]{box-sizing:border-box;position:relative;padding:var(--gs-row-column-padding, 15px min(3vw, 20px))}body.gspb-bodyfront #gspb_row-id-gsbp-13c7b18>.gspb_row__content{width:var(--theme-container-width, 1200px);max-width:var(--theme-normal-container-max-width, 1200px)}#gspb_col-id-gsbp-0abbe6f.gspb_row__col--12{width:100%}@media (max-width:575.98px){#gspb_col-id-gsbp-0abbe6f.gspb_row__col--12{width:100%}}","footnotes":""},"class_list":["post-7196","page","type-page","status-publish","hentry"],"blocksy_meta":{"has_hero_section":"disabled","page_structure_type":"type-2","styles_descriptor":{"styles":{"desktop":"","tablet":"","mobile":""},"google_fonts":[],"version":6}},"aioseo_notices":[],"_links":{"self":[{"href":"https:\/\/dearjewelry.ltd\/es\/wp-json\/wp\/v2\/pages\/7196","targetHints":{"allow":["GET"]}}],"collection":[{"href":"https:\/\/dearjewelry.ltd\/es\/wp-json\/wp\/v2\/pages"}],"about":[{"href":"https:\/\/dearjewelry.ltd\/es\/wp-json\/wp\/v2\/types\/page"}],"author":[{"embeddable":true,"href":"https:\/\/dearjewelry.ltd\/es\/wp-json\/wp\/v2\/users\/1"}],"replies":[{"embeddable":true,"href":"https:\/\/dearjewelry.ltd\/es\/wp-json\/wp\/v2\/comments?post=7196"}],"version-history":[{"count":6,"href":"https:\/\/dearjewelry.ltd\/es\/wp-json\/wp\/v2\/pages\/7196\/revisions"}],"predecessor-version":[{"id":7208,"href":"https:\/\/dearjewelry.ltd\/es\/wp-json\/wp\/v2\/pages\/7196\/revisions\/7208"}],"wp:attachment":[{"href":"https:\/\/dearjewelry.ltd\/es\/wp-json\/wp\/v2\/media?parent=7196"}],"curies":[{"name":"wp","href":"https:\/\/api.w.org\/{rel}","templated":true}]}}