{"id":7013,"date":"2025-07-13T10:55:09","date_gmt":"2025-07-13T10:55:09","guid":{"rendered":"https:\/\/dearjewelry.ltd\/product\/textured-owl-charm-bead-pendant-in-14k-gold-with-rhodium-plating-for-women\/"},"modified":"2025-07-13T10:55:09","modified_gmt":"2025-07-13T10:55:09","slug":"texturierter-eulenanhanger-aus-14k-gold-mit-rhodinierung-fur-frauen","status":"publish","type":"product","link":"https:\/\/dearjewelry.ltd\/de\/produkt\/texturierter-eulenanhanger-aus-14k-gold-mit-rhodinierung-fur-frauen\/","title":{"rendered":"Texturierte Eule Charm Bead Anh\u00e4nger in 14K Gold mit Rhodium-Plating f\u00fcr Frauen"},"content":{"rendered":"<h2>Texturierte Eule Charm Bead Anh\u00e4nger in 14K Gold mit Rhodium-Plating f\u00fcr Frauen<\/h2>\n<p> Beschreibung<\/p>\n<table cellpadding=\"0\" cellspacing=\"0\" class=\"details_table\">\n<tbody>\n<tr>\n<th>Material:<\/th>\n<td>Sterling Silber<\/td>\n<th>Piercing-Typ:<\/th>\n<td>Tintenfisch Taucher Tropischer Urlaub Nautischer Oktopus Dangle Charm Bead<\/td>\n<\/tr>\n<tr class=\"bg_gray\">\n<th>Unfall:<\/th>\n<td>Jahrestag, Geschenk, Partei, junge M\u00e4dchen, junge Menschen Schmuck<\/td>\n<th>K\u00f6rperteil:<\/th>\n<td>Anh\u00e4nger<\/td>\n<\/tr>\n<tr>\n<th>Anpassen:<\/th>\n<td>Akzeptieren Sie jeden Edelstein oder Gr\u00f6\u00dfe Anpassen<\/td>\n<th>Diamanten:<\/th>\n<td>1,5-2,5 mm Alle verf\u00fcgbar<\/td>\n<\/tr>\n<tr class=\"bg_gray\">\n<th>Diamanten Reinheit:<\/th>\n<td>Vs1-SI2<\/td>\n<th>Die Dicke:<\/th>\n<td>0,6 mm<\/td>\n<\/tr>\n<\/tbody>\n<\/table>\n<p><p><span style=\"font-size:16px\"><span style=\"font-family:arial,helvetica,sans-serif\"><strong>Beschreibung des Produkts:<\/strong><\/span><\/span><\/p>\n<p><span style=\"font-size:16px\"><strong>Texturierte Eule Charm Bead Anh\u00e4nger in 14K Gold mit Rhodium-Plating f\u00fcr Frauen<\/strong><\/span><\/p>\n<table border=\"1\" cellpadding=\"0\" cellspacing=\"0\" style=\"width: 600px\">\n<tbody>\n<tr>\n<td style=\"width: 126px\">Artikel Nr.<\/td>\n<td style=\"width: 466px\">KD484P<\/td>\n<\/tr>\n<tr>\n<td style=\"width: 126px\">Produktname<\/td>\n<td style=\"width: 466px\">Texturierter Eulen-Charm-Perlen-Anh\u00e4nger<\/td>\n<\/tr>\n<tr>\n<td style=\"width: 126px\">Stil<\/td>\n<td style=\"width: 466px\">Fancy Piercing \/ Beliebt<\/td>\n<\/tr>\n<tr>\n<td style=\"width: 126px\">Material<\/td>\n<td style=\"width: 466px\">Sterling Silber<\/td>\n<\/tr>\n<tr>\n<td style=\"width: 126px\">Geschlecht<\/td>\n<td style=\"width: 466px\">Junge Menschen\/ M\u00e4dchen&nbsp;<\/td>\n<\/tr>\n<tr>\n<td style=\"width: 126px\">Dicke<\/td>\n<td style=\"width: 466px\">0,6 mm<\/td>\n<\/tr>\n<tr>\n<td style=\"width: 126px\">MOQ&nbsp;<\/td>\n<td style=\"width: 466px\">3 St\u00fcck<\/td>\n<\/tr>\n<tr>\n<td style=\"width: 126px\">Anlass<\/td>\n<td style=\"width: 466px\">Jahrestag, Geschenk, Party, t\u00e4gliche Kleidung<\/td>\n<\/tr>\n<tr>\n<td style=\"width: 126px\">Diamanten<\/td>\n<td style=\"width: 466px\">1,5-2,5mm alle verf\u00fcgbar, Vs1-SI2<\/td>\n<\/tr>\n<\/tbody>\n<\/table>\n<p><span style=\"font-size:16px\"><strong>Vorteil:<\/strong><\/span><\/p>\n<p><span style=\"font-size: 14px\">1<font face=\"arial, helvetica, sans-serif\">. Perfektes Geschenk f\u00fcr Ihre Familie und Ihre Freunde am Muttertag, Geburtstag, Hochzeit, Jahrestage, Valentinstag oder Weihnachten.<\/font><\/span><\/p>\n<p><span style=\"font-family:arial,helvetica,sans-serif\"><span style=\"font-size:14px\">2. Hypoallergen und langlebig, aus 18K massivem Gold, solide Kreis Scharnier Hoop, ohne scharfe Kante wirklich.<\/span><\/span><\/p>\n<p><span style=\"font-family:arial,helvetica,sans-serif\"><span style=\"font-size:14px\">3. Bitte w\u00e4hlen Sie sorgf\u00e4ltig die am besten geeignete Spurweite und Durchmessergr\u00f6\u00dfe entsprechend der vorgeschlagenen Gr\u00f6\u00dfe und Ihrer Erfahrung vor der Bestellung.<\/span><\/span><\/p>\n<p><span style=\"font-family:arial,helvetica,sans-serif\"><span style=\"font-size:14px\">4: Qualit\u00e4t Luxus 14k\/18K Gold K\u00f6rperschmuck in der China gemacht. Handgefertigt im Haus von unseren qualifizierten Juwelieren; dieses St\u00fcck ist auf Bestellung gefertigt und kann von 12 bis 15 Werktagen zu versenden.<\/span><\/span><\/p>\n<p><span style=\"font-family:arial,helvetica,sans-serif\"><span style=\"font-size:14px\">5: Gestalten Sie Ihren eigenen Nasenring aus massivem Gold mit nat\u00fcrlichen Diamanten f\u00fcr das perfekte K\u00f6rperschmuck-Nasen-Accessoire. Die Post-Stile sind in einer Nase Knochen, Nasenloch Schraube f\u00fcr entweder rechts oder links sowie eine gerade Fischschwanz, jede Gr\u00f6\u00dfe jeder Edelstein alle verf\u00fcgbar sind.<\/span><\/span><\/p>\n<p><strong><span style=\"font-family:arial,helvetica,sans-serif\">Produkte anzeigen:<\/span><\/strong><\/p>\n<p><img decoding=\"async\" src=\"https:\/\/www.gold-jewellerys.com\/test\/gold-jewellerys.com\/photo\/pl149333542-remark.jpg\"><img decoding=\"async\" src=\"https:\/\/www.gold-jewellerys.com\/test\/gold-jewellerys.com\/photo\/pl149333541-remark.jpg\"><img decoding=\"async\" src=\"https:\/\/www.gold-jewellerys.com\/test\/gold-jewellerys.com\/photo\/pl149333538-remark.jpg\"><br \/>\n<strong><span style=\"font-size:16px\"><span style=\"font-family:arial,helvetica,sans-serif\">Warum uns w\u00e4hlen:<\/span><\/span><\/strong><br \/>\n1: K-Gold hat etwa 21 Jahre Erfahrung im Schmuckbereich und 17 Jahre Produktionserfahrung.<br \/>\n2: Auch unser professionelles F &amp; E-Team, um sicherzustellen, dass unsere Produkte st\u00e4ndig aktualisiert werden und vor der Industrie. So haben wir mehr als 3000 verschiedene Entw\u00fcrfe und mehr dann 46 Sammlungen k\u00f6nnen von verschiedenen Marktanforderung treffen.<br \/>\n3: F\u00fcr kundenspezifische Artikel k\u00f6nnen Sie CAD am gleichen Tag oder am n\u00e4chsten Tag erhalten, um die Daten vor der Bestellung zu best\u00e4tigen.<br \/>\n4: Das Ziel von K-gold ist es, den Kunden die richtigen Produkte zum richtigen Preis anzubieten und rechtzeitig zu liefern.<br \/>\n5: Wir haben ein leistungsf\u00e4higes Kundendienstteam, das den gesamten Verkaufsprozess im Auge beh\u00e4lt und Ihnen bei allen Fragen hilft, vom CAD-Entwurf bis zur Lieferung.<br \/>\nK-Gold Werksdienst:<br \/>\n<img decoding=\"async\" src=\"https:\/\/www.gold-jewellerys.com\/test\/gold-jewellerys.com\/photo\/pl36906275-remark.jpg\"><img decoding=\"async\" src=\"https:\/\/www.gold-jewellerys.com\/test\/gold-jewellerys.com\/photo\/pl36314862-remark.jpg\"><\/p>\n<p>Q1: Wie k\u00f6nnen wir den Preis erfahren?<\/p>\n<p>A: Wir begr\u00fc\u00dfen Sie, um uns auf whatsapp zu kontaktieren. Senden Sie uns einfach die Bilder der Elemente, die Sie wollen, dann werden wir Ihnen die Preise so schnell wie m\u00f6glich sagen.<\/p>\n<p>&nbsp;Ansprechpartnerin: Nancy lee<br \/>\n&nbsp;WhatsApp: +86-18520267369 \/ Tell:+8618520267369<br \/>\n&nbsp;E-Mail: nancy@gzkgold.com<br \/>\n&nbsp;Website:<\/p>\n<p>&nbsp;<\/p>\n<p>Q2: Kann ich meine eigenen Designs anpassen?<br \/>\nA: Willkommen, um Ihren eigenen Schmuck oder Ihre Marke zu entwerfen, stellen Sie Ihre Design-Fotos und Details k\u00f6nnen wir CAD f\u00fcr Sie vor der Produktion zu zeichnen.<\/p>\n<p>&nbsp;<\/p>\n<p>Q3: Was \u00fcber die Produktion Vorlaufzeit?<\/p>\n<p>A: Nachdem das Design und die Steindetails best\u00e4tigt wurden, dauert die Produktion ca. 12-15 Arbeitstage.<\/p>\n<p>&nbsp;<\/p>\n<p>F4: Kann ich ein Zertifikat erhalten?<\/p>\n<p>A: Ja, es gibt die zertifizierte, wenn Sie brauchen und Preis wird nicht die Geb\u00fchr enthalten. Der Diamant dort GIA-zertifiziert oder ohne es nur<\/p>\n<p>Lassen Sie es mich wissen, denn es gibt Preisunterschiede.<\/p>\n<p>&nbsp;<\/p>\n<p>Q5. F: Kann ich 9K oder 10K Gold anstelle von 18K bestellen?<\/p>\n<p>A: Ja, sicher k\u00f6nnen Sie, die MOQ nur 5 St\u00fcck f\u00fcr 9K oder 10k Schmuck<\/p>\n<p>&nbsp;<\/p>\n<p>F6: Stellen Sie Schmuck f\u00fcr private K\u00e4ufer oder nur f\u00fcr Gro\u00dfh\u00e4ndler her?<br \/>\nA: Eigentlich sind wir den gesamten Verkauf zu machen, die online zu verkaufen oder haben Sie Ihr eigenes Gesch\u00e4ft f\u00fcr Original-Designs, f\u00fcr die Marke Schmuck erlaubt den pers\u00f6nlichen K\u00e4ufer zu. Sie k\u00f6nnen feine Qualit\u00e4t Markenschmuck f\u00fcr Ihre Familie, Freunde und sich selbst zu Fabrikpreisen zu bestellen. Auch wird es gro\u00df sein, wenn Sie ein Schmuck Wiederverk\u00e4ufer sind. Wir bieten kostenlosen Versand und kostenlose Original-Marken-Boxen, wenn Sie viele Artikel jedes Mal bestellen k\u00f6nnen. Mehr Menge dann besten Preis.<\/p><\/p>","protected":false},"excerpt":{"rendered":"<br \/>\n<table class=\"tables data\" width=\"100%\" border=\"0\" cellpadding=\"0\" cellspacing=\"0\">\n<tbody>\n<tr>\n<th width=\"35%\">Ort der Herkunft:<\/th>\n<td>China<\/td>\n<\/tr>\n<tr>\n<th width=\"35%\">Markenname:<\/th>\n<td>K-Gold-Schmuck<\/td>\n<\/tr>\n<tr>\n<th width=\"35%\">Zertifizierung:<\/th>\n<td>Schmuck-Zertifikat<\/td>\n<\/tr>\n<tr>\n<th width=\"35%\">Modellnummer:<\/th>\n<td>KD484P<\/td>\n<\/tr>\n<\/tbody>\n<\/table>\n<p>                                                                            <span class=\"title_s\">Zahlungs- und Versandbedingungen:<\/span>                            <\/p>\n<table class=\"tables data\" width=\"100%\" border=\"0\" cellpadding=\"0\" cellspacing=\"0\">\n<tbody>\n<tr>\n<th width=\"35%\" nowrap=\"nowrap\">Mindestbestellmenge:<\/th>\n<td>3<\/td>\n<\/tr>\n<tr>\n<th width=\"35%\" nowrap=\"nowrap\">Preis:<\/th>\n<td>Verhandlungsf\u00e4hig<\/td>\n<\/tr>\n<tr>\n<th width=\"35%\" nowrap=\"nowrap\">Einzelheiten zur Verpackung:<\/th>\n<td>Standard dicke PP Tasche, Marke wird mit Marke kommen Verpackung<\/td>\n<\/tr>\n<tr>\n<th width=\"35%\" nowrap=\"nowrap\">Lieferzeiten:<\/th>\n<td>5-15 Arbeitstage<\/td>\n<\/tr>\n<tr>\n<th width=\"35%\" nowrap=\"nowrap\">Zahlungsbedingungen:<\/th>\n<td>T\/T, Western Union<\/td>\n<\/tr>\n<tr>\n<th width=\"35%\" nowrap=\"nowrap\">Lieferf\u00e4higkeit:<\/th>\n<td>2000St\u00fcck\/Monat<\/td>\n<\/tr>\n<\/tbody>\n<\/table>","protected":false},"featured_media":7007,"comment_status":"closed","ping_status":"closed","template":"","meta":{"_gspb_post_css":""},"product_brand":[],"product_cat":[30],"product_tag":[],"class_list":{"0":"post-7013","1":"product","2":"type-product","3":"status-publish","4":"has-post-thumbnail","6":"product_cat-silver-bead-charms","8":"first","9":"instock","10":"shipping-taxable","11":"product-type-simple"},"aioseo_notices":[],"_links":{"self":[{"href":"https:\/\/dearjewelry.ltd\/de\/wp-json\/wp\/v2\/product\/7013","targetHints":{"allow":["GET"]}}],"collection":[{"href":"https:\/\/dearjewelry.ltd\/de\/wp-json\/wp\/v2\/product"}],"about":[{"href":"https:\/\/dearjewelry.ltd\/de\/wp-json\/wp\/v2\/types\/product"}],"replies":[{"embeddable":true,"href":"https:\/\/dearjewelry.ltd\/de\/wp-json\/wp\/v2\/comments?post=7013"}],"wp:featuredmedia":[{"embeddable":true,"href":"https:\/\/dearjewelry.ltd\/de\/wp-json\/wp\/v2\/media\/7007"}],"wp:attachment":[{"href":"https:\/\/dearjewelry.ltd\/de\/wp-json\/wp\/v2\/media?parent=7013"}],"wp:term":[{"taxonomy":"product_brand","embeddable":true,"href":"https:\/\/dearjewelry.ltd\/de\/wp-json\/wp\/v2\/product_brand?post=7013"},{"taxonomy":"product_cat","embeddable":true,"href":"https:\/\/dearjewelry.ltd\/de\/wp-json\/wp\/v2\/product_cat?post=7013"},{"taxonomy":"product_tag","embeddable":true,"href":"https:\/\/dearjewelry.ltd\/de\/wp-json\/wp\/v2\/product_tag?post=7013"}],"curies":[{"name":"wp","href":"https:\/\/api.w.org\/{rel}","templated":true}]}}