{"id":6701,"date":"2025-07-13T10:53:18","date_gmt":"2025-07-13T10:53:18","guid":{"rendered":"https:\/\/dearjewelry.ltd\/product\/solid-18k-gold-nose-piercing-moon-sun-shape-with-0-06ct-si2-natural-diamonds-odm\/"},"modified":"2025-07-13T10:53:18","modified_gmt":"2025-07-13T10:53:18","slug":"massiv-18k-gold-nasenpiercing-mond-sonne-form-mit-0-06ct-si2-naturlichen-diamanten-odm","status":"publish","type":"product","link":"https:\/\/dearjewelry.ltd\/de\/produkt\/massiv-18k-gold-nasenpiercing-mond-sonne-form-mit-0-06ct-si2-naturlichen-diamanten-odm\/","title":{"rendered":"Massive 18K Gold Nasenpiercing Mond-Sonne Form mit 0,06ct SI2 nat\u00fcrlichen Diamanten ODM"},"content":{"rendered":"<h2>Massive 18K Gold Nasenpiercing Mond-Sonne Form mit 0,06ct SI2 nat\u00fcrlichen Diamanten ODM<\/h2>\n<p> Beschreibung<\/p>\n<table cellpadding=\"0\" cellspacing=\"0\" class=\"details_table\">\n<tbody>\n<tr>\n<th>Material:<\/th>\n<td>Massives 18k Gelbgold<\/td>\n<th>Anpassen:<\/th>\n<td>Annehmen Anpassen<\/td>\n<\/tr>\n<tr class=\"bg_gray\">\n<th>Anlass:<\/th>\n<td>Ring f\u00fcr den t\u00e4glichen Gebrauch, Geschenk<\/td>\n<th>K\u00f6rperteil:<\/th>\n<td>Ohr, Nase, Tragus<\/td>\n<\/tr>\n<tr>\n<th>Stil:<\/th>\n<td>18K Nose Hopp Ring<\/td>\n<th>Innendurchmesser:<\/th>\n<td>8-12mm<\/td>\n<\/tr>\n<tr class=\"bg_gray\">\n<th>Diamanten Gewicht:<\/th>\n<td>0,06ct<\/td>\n<\/tr>\n<tr>\n<th colspan=\"1\">H\u00f6hepunkt:<\/th>\n<td colspan=\"3\">\n<h2 style='font-weight: bold;font-size: 14px'>18K Gold Nasenpiercing 0,06ct<\/h2>\n<p>, <\/p>\n<h2 style='font-weight: bold;font-size: 14px'>SI2 Diamanten 18K Gold Nasenpiercing<\/h2>\n<p>, <\/p>\n<h2 style='font-weight: bold;font-size: 14px'>ODM Massiv Gold Nasenpiercing<\/h2>\n<\/td>\n<\/tr>\n<\/tbody>\n<\/table>\n<p><p><span style=\"font-size:16px\"><span style=\"font-family:arial,helvetica,sans-serif\"><strong>Beschreibung des Produkts:<\/strong><\/span><\/span><\/p>\n<p><strong><span style=\"font-size:16px\">Solide 18kt Gold Mond Sonne Nase Hoop Ring mit nat\u00fcrlichen Diamanten Piercing-Schmuck<\/span><\/strong> <span style=\"font-size:16px\"><span style=\"font-family:arial,helvetica,sans-serif\"><strong> <\/strong><\/span><\/span><\/p>\n<table border=\"1\" cellpadding=\"0\" cellspacing=\"0\" style=\"width: 639px\">\n<tbody>\n<tr>\n<td style=\"width: 126px\">Artikel Nr.<\/td>\n<td style=\"width: 504px\">KD101CE<\/td>\n<\/tr>\n<tr>\n<td style=\"width: 126px\">Produktname<\/td>\n<td style=\"width: 504px\">18K Gelbgold Nasenring&nbsp;<\/td>\n<\/tr>\n<tr>\n<td style=\"width: 126px\">Stil<\/td>\n<td style=\"width: 504px\">18K Body Periceing-Schmuck<\/td>\n<\/tr>\n<tr>\n<td style=\"width: 126px\">Material<\/td>\n<td style=\"width: 504px\">18K Massiv Gold<\/td>\n<\/tr>\n<tr>\n<td style=\"width: 126px\">Geschlecht<\/td>\n<td style=\"width: 504px\">Junge Leute, Unisex, Frau, Mann<\/td>\n<\/tr>\n<tr>\n<td style=\"width: 126px\">Hauptstein<\/td>\n<td style=\"width: 504px\">Nasenring<\/td>\n<\/tr>\n<tr>\n<td style=\"width: 126px\">Innere Dimension<\/td>\n<td style=\"width: 504px\">\n<p>8mm-12mm<\/p>\n<\/td>\n<\/tr>\n<tr>\n<td style=\"width: 126px\">Anlass<\/td>\n<td style=\"width: 504px\">Jahrestag, Geschenk, Party, t\u00e4gliche Kleidung<\/td>\n<\/tr>\n<tr>\n<td style=\"width: 126px\">Diamanten&nbsp;<\/td>\n<td style=\"width: 504px\">0,06ct<\/td>\n<\/tr>\n<tr>\n<td style=\"width: 126px\">Klarheit der Diamanten<\/td>\n<td style=\"width: 504px\">SI2<\/td>\n<\/tr>\n<\/tbody>\n<\/table>\n<p><span style=\"font-size:16px\"><strong>Vorteil:&nbsp;<\/strong><\/span><\/p>\n<p><span style=\"font-family:arial,helvetica,sans-serif\">1. Hergestellt mit 18k massivem Gold und Diamant. Hergestellt, um ein Leben lang zu halten, stark und langlebig! Alle Metalle, die wir verwenden, sind bleifrei, nickelfrei und hypoallergen.<\/span><\/p>\n<p><span style=\"font-family:arial,helvetica,sans-serif\">2. Perfektes Geschenk f\u00fcr Ihre Familie und Ihre Freunde am Muttertag, Geburtstag, Hochzeit, Jahrestage, Valentinstag oder Weihnachten.<\/span><\/p>\n<p><span style=\"font-family:arial,helvetica,sans-serif\">3: Der Ring verf\u00fcgt \u00fcber ein klappbares Segment, das das Einsetzen und Entfernen erleichtert. Und du wirst diese Funktion lieben, denn er passt gut zu mehreren Piercings, einschlie\u00dflich Tragus, Helix und Septum. Das ist eine Menge fantastischer Eigenschaften in einem Ring verpackt.&nbsp;<\/span><\/p>\n<p><span style=\"font-family:arial,helvetica,sans-serif\">4: Wir k\u00f6nnen jede Gr\u00f6\u00dfe nach Ihren W\u00fcnschen herstellen.<\/span><\/p>\n<p>\n<strong style=\"font-size: 16px\"><span style=\"font-family:arial,helvetica,sans-serif\">Warum uns w\u00e4hlen:<\/span><\/strong><\/p>\n<p><span style=\"font-family:arial,helvetica,sans-serif\"><span style=\"font-size:14px\">1: K-Gold Jewelry Co. Ltd wurde 2005 gegr\u00fcndet und ist einer der professionellsten Schmuckhersteller in China. Derzeit sind die wichtigsten Produkte K Karat-Gold (9K Gold, 10KGold, 14KGold 18KGold) nat\u00fcrliche Diamanten (Differenz Grad mit GIA-Zertifizierung), Moissanit und Lab-Diamant mit Unterschied Zertifizierung, Mehr andere nat\u00fcrliche Edelstein feinen Schmuck, auch Silber mit 9K Gold.<\/span><\/span><\/p>\n<p><span style=\"font-family:arial,helvetica,sans-serif\"><span style=\"font-size:14px\">2:Es gibt etwa 21 Jahre Erfahrung im Schmuckbereich und 17 Jahre Produktionserfahrung.<\/span><\/span><\/p>\n<p><span style=\"font-family:arial,helvetica,sans-serif\"><span style=\"font-size:14px\">3: Unser professionelles Forschungs- und Entwicklungsteam sorgt daf\u00fcr, dass unsere Produkte st\u00e4ndig aktualisiert werden und der Branche voraus sind. So haben wir mehr als 30000 verschiedene Entw\u00fcrfe und mehr dann 46 Sammlungen k\u00f6nnen von verschiedenen Marktanforderung erf\u00fcllen. F\u00fcr benutzerdefinierte Elemente k\u00f6nnen Sie CAD am selben Tag oder am n\u00e4chsten Tag erhalten, um die Daten vor der Bestellung Start best\u00e4tigt.<\/span><\/span><\/p>\n<p><strong><span style=\"font-size:14px\"><span style=\"font-family:arial,helvetica,sans-serif\">K-Gold Werksdienst:<\/span><\/span><\/strong><\/p>\n<p><img decoding=\"async\" src=\"https:\/\/www.gold-jewellerys.com\/test\/gold-jewellerys.com\/photo\/pl36314862-remark.jpg\"><\/p>\n<p><img decoding=\"async\" src=\"https:\/\/www.gold-jewellerys.com\/test\/gold-jewellerys.com\/photo\/pl36311264-remark.jpg\"><br \/>\n&nbsp;<\/p>\n<p><span style=\"font-size:16px\"><strong>FAQ:<\/strong><\/span><\/p>\n<p>Q1: Wie k\u00f6nnen wir den Preis erfahren?<\/p>\n<p>Wir begr\u00fc\u00dfen Sie, um uns auf whatsapp zu kontaktieren. Schicken Sie uns einfach die Bilder der Elemente, die Sie wollen, dann werden wir Ihnen die Preise so schnell wie m\u00f6glich.<\/p>\n<p>Ansprechpartnerin: Nancy lee<br \/>\nWhatsApp: +86-18520267369 \/ Tell:+8618520267369<br \/>\nE-Mail: nancy@gzkgold.com<br \/>\nWebsite:<\/p>\n<p>Q2: Wie k\u00f6nnen wir den Preis senken, wenn wir das gleiche Design beibehalten?<\/p>\n<p>A: Sie k\u00f6nnen zu Moissanit-Diamanten oder Lab-Diamanten wechseln.<\/p>\n<p>&nbsp;<\/p>\n<p>Q3:Kann ich 9K oder 10K Gold statt 18K bestellen?<\/p>\n<p>A: Ja, sicher k\u00f6nnen Sie, die MOQ nur 5 St\u00fcck f\u00fcr 9K oder 10k Schmuck<\/p>\n<p>&nbsp;<\/p>\n<p>F4: Kann ich ein Zertifikat erhalten?<\/p>\n<p>Ja, es gibt die zertifizierte, wenn Sie brauchen und Preis wird nicht die Geb\u00fchr enthalten. Der Diamant dort GIA-zertifiziert oder ohne es nur<\/p>\n<p>Lassen Sie es mich wissen, denn es gibt Preisunterschiede.<\/p>\n<p>&nbsp;<\/p>\n<p>Q5. Wie lange kann ich meine Waren erhalten?<\/p>\n<p>Bestellung immer nach der Anzahlung \u00fcber Ihre Bestellung bearbeiten. Herstellungszeit 2-10 Arbeitstage je nach Entwurfsausf\u00fchrung<\/p>\n<p>Schwierigkeit, plus 3-7 Tage Versandzeit Expressversandmethode in alle fo der Welt.<\/p>\n<p>&nbsp;<\/p>\n<p>F6: Stellen Sie Schmuck f\u00fcr private K\u00e4ufer oder nur f\u00fcr Gro\u00dfh\u00e4ndler her?<br \/>\nEigentlich sind wir den gesamten Verkauf zu machen, die online zu verkaufen oder haben Sie Ihr eigenes Gesch\u00e4ft f\u00fcr Original-Designs, f\u00fcr die Marke Schmuck erlaubt den pers\u00f6nlichen K\u00e4ufer zu. Sie k\u00f6nnen feine Qualit\u00e4t Markenschmuck f\u00fcr Ihre Familie, Freunde und sich selbst zu Fabrikpreisen zu bestellen. Auch wird es gro\u00df sein, wenn Sie ein Schmuck Wiederverk\u00e4ufer sind. Wir bieten kostenlosen Versand und kostenlose Original-Marke-Boxen, wenn Sie viele Artikel jedes Mal bestellen k\u00f6nnen. Mehr Menge dann besten Preis.<\/p><\/p>","protected":false},"excerpt":{"rendered":"<br \/>\n<table class=\"tables data\" width=\"100%\" border=\"0\" cellpadding=\"0\" cellspacing=\"0\">\n<tbody>\n<tr>\n<th width=\"35%\">Ort der Herkunft:<\/th>\n<td>China<\/td>\n<\/tr>\n<tr>\n<th width=\"35%\">Markenname:<\/th>\n<td>K-Gold-Schmuck<\/td>\n<\/tr>\n<tr>\n<th width=\"35%\">Zertifizierung:<\/th>\n<td>Schmuck-Zertifikat<\/td>\n<\/tr>\n<tr>\n<th width=\"35%\">Modellnummer:<\/th>\n<td>KD101CE<\/td>\n<\/tr>\n<\/tbody>\n<\/table>\n<p>                                                                            <span class=\"title_s\">Zahlungs- und Versandbedingungen:<\/span>                            <\/p>\n<table class=\"tables data\" width=\"100%\" border=\"0\" cellpadding=\"0\" cellspacing=\"0\">\n<tbody>\n<tr>\n<th width=\"35%\" nowrap=\"nowrap\">Mindestbestellmenge:<\/th>\n<td>3<\/td>\n<\/tr>\n<tr>\n<th width=\"35%\" nowrap=\"nowrap\">Preis:<\/th>\n<td>Verhandlungsf\u00e4hig<\/td>\n<\/tr>\n<tr>\n<th width=\"35%\" nowrap=\"nowrap\">Einzelheiten zur Verpackung:<\/th>\n<td>Standard dicke PP Tasche, Marke wird mit Marke kommen Verpackung<\/td>\n<\/tr>\n<tr>\n<th width=\"35%\" nowrap=\"nowrap\">Lieferzeiten:<\/th>\n<td>5-15 Arbeitstage<\/td>\n<\/tr>\n<tr>\n<th width=\"35%\" nowrap=\"nowrap\">Zahlungsbedingungen:<\/th>\n<td>T\/T, Western Union, D\/P, L\/C, D\/A<\/td>\n<\/tr>\n<tr>\n<th width=\"35%\" nowrap=\"nowrap\">Lieferf\u00e4higkeit:<\/th>\n<td>2000St\u00fcck\/Monat<\/td>\n<\/tr>\n<\/tbody>\n<\/table>","protected":false},"featured_media":6697,"comment_status":"closed","ping_status":"closed","template":"","meta":{"_gspb_post_css":""},"product_brand":[],"product_cat":[30],"product_tag":[],"class_list":{"0":"post-6701","1":"product","2":"type-product","3":"status-publish","4":"has-post-thumbnail","6":"product_cat-silver-bead-charms","8":"first","9":"instock","10":"shipping-taxable","11":"product-type-simple"},"aioseo_notices":[],"_links":{"self":[{"href":"https:\/\/dearjewelry.ltd\/de\/wp-json\/wp\/v2\/product\/6701","targetHints":{"allow":["GET"]}}],"collection":[{"href":"https:\/\/dearjewelry.ltd\/de\/wp-json\/wp\/v2\/product"}],"about":[{"href":"https:\/\/dearjewelry.ltd\/de\/wp-json\/wp\/v2\/types\/product"}],"replies":[{"embeddable":true,"href":"https:\/\/dearjewelry.ltd\/de\/wp-json\/wp\/v2\/comments?post=6701"}],"wp:featuredmedia":[{"embeddable":true,"href":"https:\/\/dearjewelry.ltd\/de\/wp-json\/wp\/v2\/media\/6697"}],"wp:attachment":[{"href":"https:\/\/dearjewelry.ltd\/de\/wp-json\/wp\/v2\/media?parent=6701"}],"wp:term":[{"taxonomy":"product_brand","embeddable":true,"href":"https:\/\/dearjewelry.ltd\/de\/wp-json\/wp\/v2\/product_brand?post=6701"},{"taxonomy":"product_cat","embeddable":true,"href":"https:\/\/dearjewelry.ltd\/de\/wp-json\/wp\/v2\/product_cat?post=6701"},{"taxonomy":"product_tag","embeddable":true,"href":"https:\/\/dearjewelry.ltd\/de\/wp-json\/wp\/v2\/product_tag?post=6701"}],"curies":[{"name":"wp","href":"https:\/\/api.w.org\/{rel}","templated":true}]}}