{"id":6695,"date":"2025-07-13T10:53:16","date_gmt":"2025-07-13T10:53:16","guid":{"rendered":"https:\/\/dearjewelry.ltd\/product\/hoop-18k-gold-nose-piercing-with-natural-opal-inner-diameter-8-12mm\/"},"modified":"2025-07-13T10:53:16","modified_gmt":"2025-07-13T10:53:16","slug":"reif-18k-gold-nasenpiercing-mit-naturlichen-opal-innendurchmesser-8-12mm","status":"publish","type":"product","link":"https:\/\/dearjewelry.ltd\/de\/produkt\/reif-18k-gold-nasenpiercing-mit-naturlichen-opal-innendurchmesser-8-12mm\/","title":{"rendered":"Hoop 18K Gold Nasenpiercing mit nat\u00fcrlichen Opal Innendurchmesser 8-12mm"},"content":{"rendered":"<h2>Hoop 18K Gold Nasenpiercing mit nat\u00fcrlichen Opal Innendurchmesser 8-12mm<\/h2>\n<p> Beschreibung<\/p>\n<table cellpadding=\"0\" cellspacing=\"0\" class=\"details_table\">\n<tbody>\n<tr>\n<th>Piercing-Typ:<\/th>\n<td>Nasenpiercing K\u00f6rperschmuck<\/td>\n<th>Stil:<\/th>\n<td>18K Nose Hopp Ring<\/td>\n<\/tr>\n<tr class=\"bg_gray\">\n<th>Innendurchmesser:<\/th>\n<td>8-12mm<\/td>\n<th>Material:<\/th>\n<td>Massiv 18k Gold<\/td>\n<\/tr>\n<tr>\n<th>Anpassen:<\/th>\n<td>Annehmen Anpassen<\/td>\n<th>Anlass:<\/th>\n<td>Ring f\u00fcr den t\u00e4glichen Gebrauch, Geschenk<\/td>\n<\/tr>\n<tr class=\"bg_gray\">\n<th>Geschlecht:<\/th>\n<td>Damen, M\u00e4dchen, Junge<\/td>\n<th>K\u00f6rperteil:<\/th>\n<td>Ohr, Nase, Tragus<\/td>\n<\/tr>\n<tr>\n<th colspan=\"1\">Helles Licht:<\/th>\n<td colspan=\"3\">\n<h2 style='font-weight: bold;font-size: 14px'>18K Gold Nasenpiercing 8mm<\/h2>\n<p>, <\/p>\n<h2 style='font-weight: bold;font-size: 14px'>18K Gold Nasenpiercing 12mm<\/h2>\n<p>, <\/p>\n<h2 style='font-weight: bold;font-size: 14px'>Nat\u00fcrlicher Opal Hoop Nasenpiercing<\/h2>\n<\/td>\n<\/tr>\n<\/tbody>\n<\/table>\n<p><p><span style=\"font-size:16px\"><span style=\"font-family:arial,helvetica,sans-serif\"><strong>Beschreibung des Produkts:<\/strong><\/span><\/span><\/p>\n<p><span style=\"font-size:16px\"><span style=\"font-family:arial,helvetica,sans-serif\"><strong>18K Body Piercing Innendurchmesser 8-12mm Nose Hoop Ring mit nat\u00fcrlichen Opal <\/strong><\/span><\/span><\/p>\n<table border=\"1\" cellpadding=\"0\" cellspacing=\"0\" style=\"width: 595px\">\n<tbody>\n<tr>\n<td style=\"width: 126px\"><span style=\"font-size:14px\"><span style=\"font-family:arial,helvetica,sans-serif\">Artikel Nr.<\/span><\/span><\/td>\n<td style=\"width: 460px\"><span style=\"font-size:14px\"><span style=\"font-family:arial,helvetica,sans-serif\">KD100CE<\/span><\/span><\/td>\n<\/tr>\n<tr>\n<td style=\"width: 126px\"><span style=\"font-size:14px\"><span style=\"font-family:arial,helvetica,sans-serif\">Produktname<\/span><\/span><\/td>\n<td style=\"width: 460px\"><span style=\"font-size:14px\"><span style=\"font-family:arial,helvetica,sans-serif\">18K Body Nose Hoop Ring&nbsp;<\/span><\/span><\/td>\n<\/tr>\n<tr>\n<td style=\"width: 126px\"><span style=\"font-size:14px\"><span style=\"font-family:arial,helvetica,sans-serif\">Stil<\/span><\/span><\/td>\n<td style=\"width: 460px\"><span style=\"font-size:14px\"><span style=\"font-family:arial,helvetica,sans-serif\">18K Body Periceing-Schmuck<\/span><\/span><\/td>\n<\/tr>\n<tr>\n<td style=\"width: 126px\"><span style=\"font-size:14px\"><span style=\"font-family:arial,helvetica,sans-serif\">Material<\/span><\/span><\/td>\n<td style=\"width: 460px\"><span style=\"font-size:14px\"><span style=\"font-family:arial,helvetica,sans-serif\">18K Massiv Gold<\/span><\/span><\/td>\n<\/tr>\n<tr>\n<td style=\"width: 126px\"><span style=\"font-size:14px\"><span style=\"font-family:arial,helvetica,sans-serif\">Geschlecht<\/span><\/span><\/td>\n<td style=\"width: 460px\"><span style=\"font-size:14px\"><span style=\"font-family:arial,helvetica,sans-serif\">Junge Leute, Unisex, Frau, Mann<\/span><\/span><\/td>\n<\/tr>\n<tr>\n<td style=\"width: 126px\"><span style=\"font-size:14px\"><span style=\"font-family:arial,helvetica,sans-serif\">Hauptstein<\/span><\/span><\/td>\n<td style=\"width: 460px\"><span style=\"font-size:14px\"><span style=\"font-family:arial,helvetica,sans-serif\">Nasenring<\/span><\/span><\/td>\n<\/tr>\n<tr>\n<td style=\"width: 126px\"><span style=\"font-size:14px\"><span style=\"font-family:arial,helvetica,sans-serif\">Innere Dimension<\/span><\/span><\/td>\n<td style=\"width: 460px\">\n<p><font face=\"arial, helvetica, sans-serif\">8mm-12mm<\/font><\/p>\n<\/td>\n<\/tr>\n<tr>\n<td style=\"width: 126px\"><span style=\"font-size:14px\"><span style=\"font-family:arial,helvetica,sans-serif\">Anlass<\/span><\/span><\/td>\n<td style=\"width: 460px\"><span style=\"font-size:14px\"><span style=\"font-family:arial,helvetica,sans-serif\">Jahrestag, Geschenk, Party, t\u00e4gliche Kleidung<\/span><\/span><\/td>\n<\/tr>\n<tr>\n<td style=\"width: 126px\"><font face=\"arial, helvetica, sans-serif\">Opal Stein<\/font><\/td>\n<td style=\"width: 460px\">2mm&nbsp;<\/td>\n<\/tr>\n<\/tbody>\n<\/table>\n<p>&nbsp;<\/p>\n<p><span style=\"font-size:16px\"><strong>Vorteil:&nbsp;<\/strong><\/span><\/p>\n<p><span style=\"font-size:14px\">1. Hergestellt mit 18k massivem Gold und Diamant. Hergestellt, um ein Leben lang zu halten, stark und langlebig! Alle Metalle, die wir verwenden, sind bleifrei, nickelfrei und hypoallergen.<\/span><\/p>\n<p><span style=\"font-size:14px\">2. Perfektes Geschenk f\u00fcr Ihre Familie und Ihre Freunde am Muttertag, Geburtstag, Hochzeit, Jahrestage, Valentinstag oder Weihnachten.<\/span><\/p>\n<p><span style=\"font-size:14px\">3: Der Ring verf\u00fcgt \u00fcber ein klappbares Segment, das das Einsetzen und Entfernen erleichtert. Und du wirst diese Funktion lieben, denn er passt gut zu mehreren Piercings, einschlie\u00dflich Tragus, Helix und Septum. Das ist eine Menge fantastischer Eigenschaften in einem Ring verpackt!<\/span><\/p>\n<p>\n<strong style=\"font-size: 16px\"><span style=\"font-family:arial,helvetica,sans-serif\">Warum uns w\u00e4hlen:<\/span><\/strong><\/p>\n<p><span style=\"font-size:14px\">1: K-Gold hat etwa 21 Jahre Erfahrung im Schmuckbereich und 17 Jahre Produktionserfahrung.<br \/>\n2: Auch unser professionelles F &amp; E-Team, um sicherzustellen, dass unsere Produkte st\u00e4ndig aktualisiert werden und vor der Industrie. So haben wir mehr als 3000 verschiedene Entw\u00fcrfe und mehr dann 46 Sammlungen k\u00f6nnen von verschiedenen Marktanforderung treffen.<br \/>\n3: F\u00fcr kundenspezifische Artikel k\u00f6nnen Sie CAD am gleichen Tag oder am n\u00e4chsten Tag erhalten, um die Daten vor der Bestellung zu best\u00e4tigen.<br \/>\n4: Das Ziel von K-gold ist es, den Kunden die richtigen Produkte zum richtigen Preis anzubieten und rechtzeitig zu liefern.<br \/>\n5: Wir haben ein leistungsf\u00e4higes Kundendienstteam, das den gesamten Verkaufsprozess im Auge beh\u00e4lt und Ihnen bei allen Fragen hilft, vom CAD-Entwurf bis zur Lieferung.<\/span><\/p>\n<p>&nbsp;<\/p>\n<p><span style=\"font-size:16px\"><span style=\"font-family:arial,helvetica,sans-serif\">K-Gold Werksdienst:<\/span><\/span><\/p>\n<p><span style=\"font-size:16px\"><img decoding=\"async\" src=\"https:\/\/www.gold-jewellerys.com\/test\/gold-jewellerys.com\/photo\/pl36906272-remark.jpg\"><img decoding=\"async\" src=\"https:\/\/www.gold-jewellerys.com\/test\/gold-jewellerys.com\/photo\/pl36906276-remark.jpg\"><\/span><br \/>\n&nbsp;<\/p>\n<p><span style=\"font-size:16px\"><strong>FAQ:<\/strong><\/span><\/p>\n<p><span style=\"font-family:arial,helvetica,sans-serif\"><span style=\"font-size:14px\">Q1: Wie k\u00f6nnen wir den Preis erfahren?<\/span><\/span><\/p>\n<p><span style=\"font-family:arial,helvetica,sans-serif\"><span style=\"font-size:14px\">Wir begr\u00fc\u00dfen Sie, um uns auf whatsapp zu kontaktieren. Schicken Sie uns einfach die Bilder der Elemente, die Sie wollen, dann werden wir Ihnen die Preise so schnell wie m\u00f6glich.<\/span><\/span><\/p>\n<p><span style=\"font-family:arial,helvetica,sans-serif\"><span style=\"font-size:14px\">Ansprechpartnerin: Nancy lee<br \/>\nWhatsApp: +86-18520267369 \/ Tell:+8618520267369<br \/>\nE-Mail: nancy@gzkgold.com<br \/>\nWebsite:<\/span><\/span><\/p>\n<p>&nbsp;<\/p>\n<p><span style=\"font-family:arial,helvetica,sans-serif\"><span style=\"font-size:14px\">Q2: K\u00f6nnen Sie mein Logo anpassen?<\/span><\/span><\/p>\n<p><span style=\"font-family:arial,helvetica,sans-serif\"><span style=\"font-size:14px\">Sie sind willkommen, Ihre eigenen Schmuck oder Ihre Marke zu entwerfen, stellen Sie Ihre Design-Fotos und Details k\u00f6nnen wir CAD f\u00fcr Sie vor der Produktion zu zeichnen.<\/span><\/span><\/p>\n<p>&nbsp;<\/p>\n<p><span style=\"font-family:arial,helvetica,sans-serif\"><span style=\"font-size:14px\">Q3:Kann ich 9K oder 10K Gold statt 18K bestellen?<\/span><\/span><\/p>\n<p><span style=\"font-family:arial,helvetica,sans-serif\"><span style=\"font-size:14px\">A: Ja, sicher k\u00f6nnen Sie, die MOQ nur 5 St\u00fcck f\u00fcr 9K oder 10k Schmuck <\/span><\/span><\/p>\n<p>&nbsp;<\/p>\n<p><span style=\"font-family:arial,helvetica,sans-serif\"><span style=\"font-size:14px\">Q4:Kann ich ein Zertifikat erhalten?<\/span><\/span><\/p>\n<p><span style=\"font-family:arial,helvetica,sans-serif\"><span style=\"font-size:14px\">Ja, es gibt die zertifizierte, wenn Sie brauchen und Preis wird nicht die Geb\u00fchr enthalten. Der Diamant dort GIA-zertifiziert oder ohne es nur<\/span><\/span><\/p>\n<p><span style=\"font-family:arial,helvetica,sans-serif\"><span style=\"font-size:14px\">Lassen Sie es mich wissen, denn es gibt Preisunterschiede.<\/span><\/span><\/p>\n<p>&nbsp;<\/p>\n<p><span style=\"font-family:arial,helvetica,sans-serif\"><span style=\"font-size:14px\">Q5. Wie lange kann ich meine Waren erhalten?<\/span><\/span><\/p>\n<p><span style=\"font-family:arial,helvetica,sans-serif\"><span style=\"font-size:14px\">Bestellung immer nach der Anzahlung \u00fcber Ihre Bestellung bearbeiten. Herstellungszeit 2-10 Arbeitstage je nach Entwurfsausf\u00fchrung<\/span><\/span><\/p>\n<p><span style=\"font-family:arial,helvetica,sans-serif\"><span style=\"font-size:14px\">Schwierigkeit, plus 3-7 Tage Versandzeit Expressversandmethode in alle fo der Welt.<\/span><\/span><\/p>\n<p>&nbsp;<\/p>\n<p><span style=\"font-family:arial,helvetica,sans-serif\"><span style=\"font-size:14px\">F6: Stellen Sie Schmuck f\u00fcr private K\u00e4ufer oder nur f\u00fcr Gro\u00dfh\u00e4ndler her?<br \/>\nEigentlich sind wir den gesamten Verkauf zu machen, die online zu verkaufen oder haben Sie Ihr eigenes Gesch\u00e4ft f\u00fcr Original-Designs, f\u00fcr die Marke Schmuck erlaubt den pers\u00f6nlichen K\u00e4ufer zu. Sie k\u00f6nnen feine Qualit\u00e4t Markenschmuck f\u00fcr Ihre Familie, Freunde und sich selbst zu Fabrikpreisen zu bestellen. Auch wird es gro\u00df sein, wenn Sie ein Schmuck Wiederverk\u00e4ufer sind. Wir bieten kostenlosen Versand und kostenlose Original-Marke-Boxen, wenn Sie viele Artikel jedes Mal bestellen k\u00f6nnen. Mehr Menge dann besten Preis.<\/span><\/span><\/p><\/p>","protected":false},"excerpt":{"rendered":"<br \/>\n<table class=\"tables data\" width=\"100%\" border=\"0\" cellpadding=\"0\" cellspacing=\"0\">\n<tbody>\n<tr>\n<th width=\"35%\">Ort der Herkunft:<\/th>\n<td>China<\/td>\n<\/tr>\n<tr>\n<th width=\"35%\">Markenname:<\/th>\n<td>K-Gold-Schmuck<\/td>\n<\/tr>\n<tr>\n<th width=\"35%\">Zertifizierung:<\/th>\n<td>Schmuck-Zertifikat<\/td>\n<\/tr>\n<tr>\n<th width=\"35%\">Modellnummer:<\/th>\n<td>KD100CE<\/td>\n<\/tr>\n<\/tbody>\n<\/table>\n<p>                                                                            <span class=\"title_s\">Zahlungs- und Versandbedingungen:<\/span>                            <\/p>\n<table class=\"tables data\" width=\"100%\" border=\"0\" cellpadding=\"0\" cellspacing=\"0\">\n<tbody>\n<tr>\n<th width=\"35%\" nowrap=\"nowrap\">Mindestbestellmenge:<\/th>\n<td>3<\/td>\n<\/tr>\n<tr>\n<th width=\"35%\" nowrap=\"nowrap\">Preis:<\/th>\n<td>Verhandlungsf\u00e4hig<\/td>\n<\/tr>\n<tr>\n<th width=\"35%\" nowrap=\"nowrap\">Einzelheiten zur Verpackung:<\/th>\n<td>Standard dicke PP Tasche, Marke wird mit Marke kommen Verpackung<\/td>\n<\/tr>\n<tr>\n<th width=\"35%\" nowrap=\"nowrap\">Lieferzeiten:<\/th>\n<td>5-15 Arbeitstage<\/td>\n<\/tr>\n<tr>\n<th width=\"35%\" nowrap=\"nowrap\">Zahlungsbedingungen:<\/th>\n<td>T\/T, Western Union, D\/P, L\/C, D\/A<\/td>\n<\/tr>\n<tr>\n<th width=\"35%\" nowrap=\"nowrap\">Lieferf\u00e4higkeit:<\/th>\n<td>2000St\u00fcck\/Monat<\/td>\n<\/tr>\n<\/tbody>\n<\/table>","protected":false},"featured_media":6691,"comment_status":"closed","ping_status":"closed","template":"","meta":{"_gspb_post_css":""},"product_brand":[],"product_cat":[30],"product_tag":[],"class_list":{"0":"post-6695","1":"product","2":"type-product","3":"status-publish","4":"has-post-thumbnail","6":"product_cat-silver-bead-charms","8":"first","9":"instock","10":"shipping-taxable","11":"product-type-simple"},"aioseo_notices":[],"_links":{"self":[{"href":"https:\/\/dearjewelry.ltd\/de\/wp-json\/wp\/v2\/product\/6695","targetHints":{"allow":["GET"]}}],"collection":[{"href":"https:\/\/dearjewelry.ltd\/de\/wp-json\/wp\/v2\/product"}],"about":[{"href":"https:\/\/dearjewelry.ltd\/de\/wp-json\/wp\/v2\/types\/product"}],"replies":[{"embeddable":true,"href":"https:\/\/dearjewelry.ltd\/de\/wp-json\/wp\/v2\/comments?post=6695"}],"wp:featuredmedia":[{"embeddable":true,"href":"https:\/\/dearjewelry.ltd\/de\/wp-json\/wp\/v2\/media\/6691"}],"wp:attachment":[{"href":"https:\/\/dearjewelry.ltd\/de\/wp-json\/wp\/v2\/media?parent=6695"}],"wp:term":[{"taxonomy":"product_brand","embeddable":true,"href":"https:\/\/dearjewelry.ltd\/de\/wp-json\/wp\/v2\/product_brand?post=6695"},{"taxonomy":"product_cat","embeddable":true,"href":"https:\/\/dearjewelry.ltd\/de\/wp-json\/wp\/v2\/product_cat?post=6695"},{"taxonomy":"product_tag","embeddable":true,"href":"https:\/\/dearjewelry.ltd\/de\/wp-json\/wp\/v2\/product_tag?post=6695"}],"curies":[{"name":"wp","href":"https:\/\/api.w.org\/{rel}","templated":true}]}}