{"id":6689,"date":"2025-07-13T10:53:13","date_gmt":"2025-07-13T10:53:13","guid":{"rendered":"https:\/\/dearjewelry.ltd\/product\/l-shape-18k-gold-nose-piercing-button-style-for-women-6mm-5mm-length\/"},"modified":"2025-07-13T10:53:13","modified_gmt":"2025-07-13T10:53:13","slug":"l-shape-18k-gold-nose-piercing-button-style-for-women-6mm-5mm-length","status":"publish","type":"product","link":"https:\/\/dearjewelry.ltd\/de\/produkt\/l-shape-18k-gold-nose-piercing-button-style-for-women-6mm-5mm-length\/","title":{"rendered":"L Form 18K Gold Nasenpiercing Button Style f\u00fcr Frauen 6mm + 5mm L\u00e4nge"},"content":{"rendered":"<h2>L Form 18K Gold Nasenpiercing Button Style f\u00fcr Frauen 6mm + 5mm L\u00e4nge<\/h2>\n<p> Beschreibung<\/p>\n<table cellpadding=\"0\" cellspacing=\"0\" class=\"details_table\">\n<tbody>\n<tr>\n<th>Material:<\/th>\n<td>Solid 14k\/18k Yellow Gold<\/td>\n<th>Piercing-Typ:<\/th>\n<td>Nose Piercing Ring<\/td>\n<\/tr>\n<tr class=\"bg_gray\">\n<th>Unfall:<\/th>\n<td>Jahrestag, Geschenk, Partei, junge M\u00e4dchen, junge Menschen Schmuck<\/td>\n<th>Die Dicke:<\/th>\n<td>0,6 mm<\/td>\n<\/tr>\n<tr>\n<th>K\u00f6rperteil:<\/th>\n<td>Nase,Tragus<\/td>\n<th>MOQ:<\/th>\n<td>5pcs<\/td>\n<\/tr>\n<tr class=\"bg_gray\">\n<th colspan=\"1\">Helles Licht:<\/th>\n<td colspan=\"3\">\n<h2 style='font-weight: bold;font-size: 14px'>L Shape 18K Gold Nose Piercing<\/h2>\n<p>, <\/p>\n<h2 style='font-weight: bold;font-size: 14px'>18K Gold Nose Piercing Button Style<\/h2>\n<p>, <\/p>\n<h2 style='font-weight: bold;font-size: 14px'>6mm Button Nose Piercing<\/h2>\n<\/td>\n<\/tr>\n<\/tbody>\n<\/table>\n<p><p><strong>Beschreibung des Produkts:<\/strong><\/p>\n<p><strong>18k Yellow Nose Ring Piercing Jewelry Plain Button Style L-Shape For Women<\/strong><\/p>\n<table border=\"1\" cellpadding=\"0\" cellspacing=\"0\" style=\"width: 600px\">\n<tbody>\n<tr>\n<td style=\"width: 126px\">Artikel Nr.<\/td>\n<td style=\"width: 466px\">KD099CE<\/td>\n<\/tr>\n<tr>\n<td style=\"width: 126px\">Produktname<\/td>\n<td style=\"width: 466px\">18K button style nose ring<\/td>\n<\/tr>\n<tr>\n<td style=\"width: 126px\">Stil<\/td>\n<td style=\"width: 466px\">Fancy Piercing<\/td>\n<\/tr>\n<tr>\n<td style=\"width: 126px\">Material<\/td>\n<td style=\"width: 466px\">18K Massiv Gold<\/td>\n<\/tr>\n<tr>\n<td style=\"width: 126px\">Geschlecht<\/td>\n<td style=\"width: 466px\">Junge Menschen\/ M\u00e4dchen<\/td>\n<\/tr>\n<tr>\n<td style=\"width: 126px\">Dicke<\/td>\n<td style=\"width: 466px\">0,6 mm<\/td>\n<\/tr>\n<tr>\n<td style=\"width: 126px\">MOQ&nbsp;<\/td>\n<td style=\"width: 466px\">5 pcs<\/td>\n<\/tr>\n<tr>\n<td style=\"width: 126px\">L\u00e4nge:<\/td>\n<td style=\"width: 466px\">6mm+5mm<\/td>\n<\/tr>\n<tr>\n<td style=\"width: 126px\">Anlass<\/td>\n<td style=\"width: 466px\">Jahrestag, Geschenk, Party, t\u00e4gliche Kleidung<\/td>\n<\/tr>\n<\/tbody>\n<\/table>\n<p><span style=\"font-size:16px\"><strong>Vorteil:<\/strong><\/span><\/p>\n<p><span style=\"font-family:arial,helvetica,sans-serif\"><span style=\"font-size:14px\">1. Speak the language of love as you slip on the 9K Yellow Gold L-Shape Nose Stud. Made of 9K Solid Yellow Gold, this L-shaped stud is perfect&nbsp; &nbsp; &nbsp;to accent your facial contours.<\/span><\/span><\/p>\n<p><span style=\"font-family:arial,helvetica,sans-serif\"><span style=\"font-size:14px\">2. Perfektes Geschenk f\u00fcr Ihre Familie und Ihre Freunde am Muttertag, Geburtstag, Hochzeit, Jahrestage, Valentinstag oder Weihnachten.<\/span><\/span><\/p>\n<p><span style=\"font-family:arial,helvetica,sans-serif\"><span style=\"font-size:14px\">3.&nbsp;Hypoallergenic and Durable, Made of 18K Solid Gold, Solid Circle Hinged Hoop, Without Sharp Edge Really.<\/span><\/span><\/p>\n<p><span style=\"font-family:arial,helvetica,sans-serif\"><span style=\"font-size:14px\">4.&nbsp;Please Carefully Select the Most Suitable Gauge &amp; Diameter Size According to Suggested Size and Your Experience Before Ordering.<\/span><\/span><\/p>\n<p><strong><span style=\"font-family:arial,helvetica,sans-serif\">Produkte anzeigen:<\/span><\/strong><\/p>\n<p><img decoding=\"async\" src=\"https:\/\/www.gold-jewellerys.com\/test\/gold-jewellerys.com\/photo\/pl36958694-remark.jpg\"><\/p>\n<p><img decoding=\"async\" src=\"https:\/\/www.gold-jewellerys.com\/test\/gold-jewellerys.com\/photo\/pl36946748-remark.jpg\"><\/p>\n<p><img decoding=\"async\" src=\"https:\/\/www.gold-jewellerys.com\/test\/gold-jewellerys.com\/photo\/pl36958707-remark.jpg\"><br \/>\n<strong><span style=\"font-size:16px\"><span style=\"font-family:arial,helvetica,sans-serif\">Warum uns w\u00e4hlen:<\/span><\/span><\/strong><br \/>\n1: K-Gold hat etwa 21 Jahre Erfahrung im Schmuckbereich und 17 Jahre Produktionserfahrung.<br \/>\n2: Auch unser professionelles F &amp; E-Team, um sicherzustellen, dass unsere Produkte st\u00e4ndig aktualisiert werden und vor der Industrie. So haben wir mehr als 3000 verschiedene Entw\u00fcrfe und mehr dann 46 Sammlungen k\u00f6nnen von verschiedenen Marktanforderung treffen.<br \/>\n3: F\u00fcr kundenspezifische Artikel k\u00f6nnen Sie CAD am gleichen Tag oder am n\u00e4chsten Tag erhalten, um die Daten vor der Bestellung zu best\u00e4tigen.<br \/>\n4: Das Ziel von K-gold ist es, den Kunden die richtigen Produkte zum richtigen Preis anzubieten und rechtzeitig zu liefern.<br \/>\n5: Wir haben ein leistungsf\u00e4higes Kundendienstteam, das den gesamten Verkaufsprozess im Auge beh\u00e4lt und Ihnen bei allen Fragen hilft, vom CAD-Entwurf bis zur Lieferung.<br \/>\nK-Gold Werksdienst:<br \/>\n<img decoding=\"async\" src=\"https:\/\/www.gold-jewellerys.com\/test\/gold-jewellerys.com\/photo\/pl36906271-remark.jpg\"><img decoding=\"async\" src=\"https:\/\/www.gold-jewellerys.com\/test\/gold-jewellerys.com\/photo\/pl36906276-remark.jpg\"><\/p>\n<p><span style=\"font-size:14px\"><span style=\"font-family:arial,helvetica,sans-serif\">Q1: Wie k\u00f6nnen wir den Preis erfahren?<\/span><\/span><\/p>\n<p><span style=\"font-size:14px\"><span style=\"font-family:arial,helvetica,sans-serif\">A: Wir begr\u00fc\u00dfen Sie, um uns auf whatsapp zu kontaktieren. Senden Sie uns einfach die Bilder der Elemente, die Sie wollen, dann werden wir Ihnen die Preise so schnell wie m\u00f6glich sagen.<\/span><\/span><\/p>\n<p><span style=\"font-size:14px\"><span style=\"font-family:arial,helvetica,sans-serif\">&nbsp;Ansprechpartnerin: Nancy lee<br \/>\n&nbsp;WhatsApp: +86-18520267369 \/ Tell:+8618520267369<br \/>\n&nbsp;E-Mail: nancy@gzkgold.com<br \/>\n&nbsp;Website:<\/span><\/span><\/p>\n<p>&nbsp;<\/p>\n<p><span style=\"font-family:arial,helvetica,sans-serif\"><span style=\"font-size:14px\">Q2: K\u00f6nnen Sie mein Logo anpassen?<br \/>\nA: Ja, absolut k\u00f6nnen Sie, bitte senden Sie uns Ihr LOGO, wir werden frei, es zu unterzeichnen. F\u00fcr Markenschmuck immer mit Orginal-Logo,<\/span><\/span><\/p>\n<p><span style=\"font-family:arial,helvetica,sans-serif\"><span style=\"font-size:14px\">und wenn Sie etwas Besonderes brauchen, lassen Sie es mich einfach wissen.<\/span><\/span><\/p>\n<p>&nbsp;<\/p>\n<p><span style=\"font-family:arial,helvetica,sans-serif\"><span style=\"font-size:14px\">Q3: Was \u00fcber die Produktion Vorlaufzeit?<\/span><\/span><\/p>\n<p><span style=\"font-family:arial,helvetica,sans-serif\"><span style=\"font-size:14px\">A: Nachdem das Design und die Steindetails best\u00e4tigt wurden, dauert die Produktion ca. 12-15 Arbeitstage.<\/span><\/span><\/p>\n<p>&nbsp;<\/p>\n<p><span style=\"font-family:arial,helvetica,sans-serif\"><span style=\"font-size:14px\">F4: Kann ich ein Zertifikat erhalten?<\/span><\/span><\/p>\n<p><span style=\"font-family:arial,helvetica,sans-serif\"><span style=\"font-size:14px\">A: Ja, es gibt die zertifizierte, wenn Sie brauchen und Preis wird nicht die Geb\u00fchr enthalten. Der Diamant dort GIA-zertifiziert oder ohne es nur<\/span><\/span><\/p>\n<p><span style=\"font-family:arial,helvetica,sans-serif\"><span style=\"font-size:14px\">Lassen Sie es mich wissen, denn es gibt Preisunterschiede.<\/span><\/span><\/p>\n<p>&nbsp;<\/p>\n<p><span style=\"font-family:arial,helvetica,sans-serif\"><span style=\"font-size:14px\">Q5. F: Kann ich 9K oder 10K Gold anstelle von 18K bestellen?<\/span><\/span><\/p>\n<p><span style=\"font-family:arial,helvetica,sans-serif\"><span style=\"font-size:14px\">A: Ja, sicher k\u00f6nnen Sie, die MOQ nur 5 St\u00fcck f\u00fcr 9K oder 10k Schmuck <\/span><\/span><\/p>\n<p>&nbsp;<\/p>\n<p><span style=\"font-family:arial,helvetica,sans-serif\"><span style=\"font-size:14px\">F6: Stellen Sie Schmuck f\u00fcr private K\u00e4ufer oder nur f\u00fcr Gro\u00dfh\u00e4ndler her?<br \/>\nA: Eigentlich sind wir den gesamten Verkauf zu machen, die online zu verkaufen oder haben Sie Ihr eigenes Gesch\u00e4ft f\u00fcr Original-Designs, f\u00fcr die Marke Schmuck erlaubt den pers\u00f6nlichen K\u00e4ufer zu. Sie k\u00f6nnen feine Qualit\u00e4t Markenschmuck f\u00fcr Ihre Familie, Freunde und sich selbst zu Fabrikpreisen zu bestellen. Auch wird es gro\u00df sein, wenn Sie ein Schmuck Wiederverk\u00e4ufer sind. Wir bieten kostenlosen Versand und kostenlose Original-Marken-Boxen, wenn Sie viele Artikel jedes Mal bestellen k\u00f6nnen. Mehr Menge dann bester Preis<\/span><\/span> .<\/p><\/p>","protected":false},"excerpt":{"rendered":"<br \/>\n<table class=\"tables data\" width=\"100%\" border=\"0\" cellpadding=\"0\" cellspacing=\"0\">\n<tbody>\n<tr>\n<th width=\"35%\">Ort der Herkunft:<\/th>\n<td>China<\/td>\n<\/tr>\n<tr>\n<th width=\"35%\">Markenname:<\/th>\n<td>K-Gold-Schmuck<\/td>\n<\/tr>\n<tr>\n<th width=\"35%\">Zertifizierung:<\/th>\n<td>Schmuck-Zertifikat<\/td>\n<\/tr>\n<tr>\n<th width=\"35%\">Modellnummer:<\/th>\n<td>KD099CE<\/td>\n<\/tr>\n<\/tbody>\n<\/table>\n<p>                                                                            <span class=\"title_s\">Zahlungs- und Versandbedingungen:<\/span>                            <\/p>\n<table class=\"tables data\" width=\"100%\" border=\"0\" cellpadding=\"0\" cellspacing=\"0\">\n<tbody>\n<tr>\n<th width=\"35%\" nowrap=\"nowrap\">Mindestbestellmenge:<\/th>\n<td>3<\/td>\n<\/tr>\n<tr>\n<th width=\"35%\" nowrap=\"nowrap\">Preis:<\/th>\n<td>Verhandlungsf\u00e4hig<\/td>\n<\/tr>\n<tr>\n<th width=\"35%\" nowrap=\"nowrap\">Einzelheiten zur Verpackung:<\/th>\n<td>Standard dicke PP Tasche, Marke wird mit Marke kommen Verpackung<\/td>\n<\/tr>\n<tr>\n<th width=\"35%\" nowrap=\"nowrap\">Lieferzeiten:<\/th>\n<td>5-15 Arbeitstage<\/td>\n<\/tr>\n<tr>\n<th width=\"35%\" nowrap=\"nowrap\">Zahlungsbedingungen:<\/th>\n<td>T\/T, Western Union<\/td>\n<\/tr>\n<tr>\n<th width=\"35%\" nowrap=\"nowrap\">Lieferf\u00e4higkeit:<\/th>\n<td>2000St\u00fcck\/Monat<\/td>\n<\/tr>\n<\/tbody>\n<\/table>","protected":false},"featured_media":6685,"comment_status":"closed","ping_status":"closed","template":"","meta":{"_gspb_post_css":""},"product_brand":[],"product_cat":[30],"product_tag":[],"class_list":{"0":"post-6689","1":"product","2":"type-product","3":"status-publish","4":"has-post-thumbnail","6":"product_cat-silver-bead-charms","8":"first","9":"instock","10":"shipping-taxable","11":"product-type-simple"},"aioseo_notices":[],"_links":{"self":[{"href":"https:\/\/dearjewelry.ltd\/de\/wp-json\/wp\/v2\/product\/6689","targetHints":{"allow":["GET"]}}],"collection":[{"href":"https:\/\/dearjewelry.ltd\/de\/wp-json\/wp\/v2\/product"}],"about":[{"href":"https:\/\/dearjewelry.ltd\/de\/wp-json\/wp\/v2\/types\/product"}],"replies":[{"embeddable":true,"href":"https:\/\/dearjewelry.ltd\/de\/wp-json\/wp\/v2\/comments?post=6689"}],"wp:featuredmedia":[{"embeddable":true,"href":"https:\/\/dearjewelry.ltd\/de\/wp-json\/wp\/v2\/media\/6685"}],"wp:attachment":[{"href":"https:\/\/dearjewelry.ltd\/de\/wp-json\/wp\/v2\/media?parent=6689"}],"wp:term":[{"taxonomy":"product_brand","embeddable":true,"href":"https:\/\/dearjewelry.ltd\/de\/wp-json\/wp\/v2\/product_brand?post=6689"},{"taxonomy":"product_cat","embeddable":true,"href":"https:\/\/dearjewelry.ltd\/de\/wp-json\/wp\/v2\/product_cat?post=6689"},{"taxonomy":"product_tag","embeddable":true,"href":"https:\/\/dearjewelry.ltd\/de\/wp-json\/wp\/v2\/product_tag?post=6689"}],"curies":[{"name":"wp","href":"https:\/\/api.w.org\/{rel}","templated":true}]}}