{"id":6659,"date":"2025-07-13T10:53:01","date_gmt":"2025-07-13T10:53:01","guid":{"rendered":"https:\/\/dearjewelry.ltd\/product\/3mm-plain-star-18k-gold-nose-piercing-l-shape-0-6mm-thickness\/"},"modified":"2025-07-13T10:53:01","modified_gmt":"2025-07-13T10:53:01","slug":"3mm-glatter-stern-18k-gold-nasenpiercing-l-form-0-6mm-dicke","status":"publish","type":"product","link":"https:\/\/dearjewelry.ltd\/de\/produkt\/3mm-glatter-stern-18k-gold-nasenpiercing-l-form-0-6mm-dicke\/","title":{"rendered":"3mm Plain Star 18K Gold Nasenpiercing L Form 0.6mm Dicke"},"content":{"rendered":"<h2>3mm Plain Star 18K Gold Nasenpiercing L Form 0.6mm Dicke<\/h2>\n<p> Beschreibung<\/p>\n<table cellpadding=\"0\" cellspacing=\"0\" class=\"details_table\">\n<tbody>\n<tr>\n<th>Material:<\/th>\n<td>Massiv 14k\/ 18k Gelbgold<\/td>\n<th>MOQ:<\/th>\n<td>3 St\u00fcck<\/td>\n<\/tr>\n<tr class=\"bg_gray\">\n<th>K\u00f6rperteil:<\/th>\n<td>Nase,Tragus<\/td>\n<th>Schmuck Typ:<\/th>\n<td>18k Gelb Einfacher Stern Nasenstecker<\/td>\n<\/tr>\n<tr>\n<th>Stern Gr\u00f6\u00dfe:<\/th>\n<td>3mm<\/td>\n<th>Die Dicke:<\/th>\n<td>0,6 mm<\/td>\n<\/tr>\n<tr class=\"bg_gray\">\n<th colspan=\"1\">Helles Licht:<\/th>\n<td colspan=\"3\">\n<h2 style='font-weight: bold;font-size: 14px'>3mm 18K Gold Nasenpiercing<\/h2>\n<p>, <\/p>\n<h2 style='font-weight: bold;font-size: 14px'>Einfacher Stern 18K Gold Nasenpiercing<\/h2>\n<p>, <\/p>\n<h2 style='font-weight: bold;font-size: 14px'>0,6mm Stern Nasenpiercing<\/h2>\n<\/td>\n<\/tr>\n<\/tbody>\n<\/table>\n<p><p><span style=\"font-size:16px\"><strong>Beschreibung des Produkts:<\/strong><\/span><\/p>\n<p><span style=\"font-size:16px\">3mm Plain Star 18k Soild Yellow L-Shape Nose Stud Body Piercing Schmuck<\/span><\/p>\n<table border=\"1\" cellpadding=\"0\" cellspacing=\"0\" style=\"width: 539px\">\n<tbody>\n<tr>\n<td style=\"width: 126px\"><span style=\"font-size:14px\"><span style=\"font-family:arial,helvetica,sans-serif\">Artikel Nr.<\/span><\/span><\/td>\n<td style=\"width: 404px\">KD092CE<\/td>\n<\/tr>\n<tr>\n<td style=\"width: 126px\"><span style=\"font-size:14px\"><span style=\"font-family:arial,helvetica,sans-serif\">Produktname<\/span><\/span><\/td>\n<td style=\"width: 404px\"><span style=\"font-size:14px\"><span style=\"font-family:arial,helvetica,sans-serif\">18k gelb Plain Stern Nasenstecker<\/span><\/span><\/td>\n<\/tr>\n<tr>\n<td style=\"width: 126px\"><span style=\"font-size:14px\"><span style=\"font-family:arial,helvetica,sans-serif\">Stil<\/span><\/span><\/td>\n<td style=\"width: 404px\"><font face=\"arial, helvetica, sans-serif\">Beliebt\/Trendy<\/font><\/td>\n<\/tr>\n<tr>\n<td style=\"width: 126px\"><span style=\"font-size:14px\"><span style=\"font-family:arial,helvetica,sans-serif\">Material<\/span><\/span><\/td>\n<td style=\"width: 404px\"><span style=\"font-size:14px\"><span style=\"font-family:arial,helvetica,sans-serif\">18k Gelb Massivgold<\/span><\/span><\/td>\n<\/tr>\n<tr>\n<td style=\"width: 126px\"><span style=\"font-size:14px\"><span style=\"font-family:arial,helvetica,sans-serif\">Geschlecht<\/span><\/span><\/td>\n<td style=\"width: 404px\"><span style=\"font-size:14px\"><span style=\"font-family:arial,helvetica,sans-serif\">Frauen, Damen, M\u00e4dchen<\/span><\/span><\/td>\n<\/tr>\n<tr>\n<td style=\"width: 126px\"><span style=\"font-size:14px\"><span style=\"font-family:arial,helvetica,sans-serif\">Sterngr\u00f6\u00dfe<\/span><\/span><\/td>\n<td style=\"width: 404px\">\n<p><font face=\"arial, helvetica, sans-serif\">3mm<\/font><\/p>\n<\/td>\n<\/tr>\n<tr>\n<td style=\"width: 126px\"><font face=\"arial, helvetica, sans-serif\">Metall<\/font><\/td>\n<td style=\"width: 404px\"><font face=\"arial, helvetica, sans-serif\">9k\/10k\/14k\/18k&nbsp;<\/font><\/td>\n<\/tr>\n<tr>\n<td style=\"width: 126px\"><span style=\"font-size:14px\"><span style=\"font-family:arial,helvetica,sans-serif\">Lieferung&nbsp;<\/span><\/span><\/td>\n<td style=\"width: 404px\">\n<p><span style=\"font-size:14px\"><span style=\"font-family:arial,helvetica,sans-serif\">12-15 Arbeitstage<\/span><\/span><\/p>\n<\/td>\n<\/tr>\n<\/tbody>\n<\/table>\n<p><span style=\"font-family:arial,helvetica,sans-serif\"><span style=\"font-size:14px\">1: Anfangsgr\u00f6\u00dfe: 3mm<\/span><\/span><\/p>\n<p><span style=\"font-family:arial,helvetica,sans-serif\"><span style=\"font-size:14px\">2: Dicke: 0,6 mm<\/span><\/span><\/p>\n<p><span style=\"font-family:arial,helvetica,sans-serif\"><span style=\"font-size:14px\">2: L\u00e4nge: 6mm\/3mm<\/span><\/span><\/p>\n<p><span style=\"font-family:arial,helvetica,sans-serif\"><span style=\"font-size:14px\">3: Metall: 18k Gelbgold.kann auch 9k\/10k\/14k usw. tun.<\/span><\/span><\/p>\n<p><span style=\"font-family:arial,helvetica,sans-serif\"><span style=\"font-size:14px\">4: 18K K\u00f6rper Nasenpiercing-Schmuck \/ Preis nach St\u00fcck.<\/span><\/span><\/p>\n<p><strong><span style=\"font-family:arial,helvetica,sans-serif\">Vorteil: <\/span><\/strong><\/p>\n<p><span style=\"font-family:arial,helvetica,sans-serif\">Wir haben eine der am meisten gelobten 14k\/18K Gold Nasenpins Kollektion. Wenn Sie bei uns einkaufen, k\u00f6nnen Sie sich auf die Qualit\u00e4t und den Preis verlassen. Wir haben ein sch\u00f6nes Sortiment von 14k\/18k Kugelkopfnadeln, 14K Schraubnadeln, 14K\/18k Diamantnadeln, 14K\/18k L-f\u00f6rmige Nasenstifte und 14k Nasenstifte.<\/span><\/p>\n<p>&nbsp;<\/p>\n<p><span style=\"font-size:14px\"><span style=\"font-family:arial,helvetica,sans-serif\">Warum uns w\u00e4hlen:<\/span><\/span><\/p>\n<p>K-Gold Jewelry Co. Ltd. wurde 2005 gegr\u00fcndet und ist einer der professionellsten Schmuckhersteller in China. Derzeit sind die wichtigsten Produkte K Karat-Gold (9K Gold, 10KGold, 14KGold 18KGold) nat\u00fcrliche Diamanten (Differenz Grad mit GIA-Zertifizierung), Moissanit und Lab-Diamant mit Unterschied Zertifizierung, Mehr andere nat\u00fcrliche Edelstein feinen Schmuck, auch Silber mit 9K Gold.<\/p>\n<p>Sie verf\u00fcgen \u00fcber 21 Jahre Erfahrung im Schmuckbereich und 17 Jahre Produktionserfahrung.<\/p>\n<p>Unser professionelles Forschungs- und Entwicklungsteam sorgt daf\u00fcr, dass unsere Produkte st\u00e4ndig aktualisiert werden und der Branche voraus sind. So haben wir mehr als 30000 verschiedene Designs und mehr als 46 Kollektionen k\u00f6nnen von verschiedenen Marktanfragen erf\u00fcllen. F\u00fcr benutzerdefinierte Elemente k\u00f6nnen Sie CAD am selben Tag oder am n\u00e4chsten Tag erhalten, um die Daten vor der Bestellung Start best\u00e4tigt.<\/p>\n<p>&nbsp;<\/p>\n<p><strong><span style=\"font-size:14px\"><span style=\"font-family:arial,helvetica,sans-serif\">Produkte anzeigen:<\/span><\/span><\/strong><\/p>\n<p><img decoding=\"async\" src=\"https:\/\/www.gold-jewellerys.com\/test\/gold-jewellerys.com\/photo\/pl36956302-remark.jpg\"><img decoding=\"async\" src=\"https:\/\/www.gold-jewellerys.com\/test\/gold-jewellerys.com\/photo\/pl36956301-remark.jpg\"><img decoding=\"async\" src=\"https:\/\/www.gold-jewellerys.com\/test\/gold-jewellerys.com\/photo\/pl36955373-remark.jpg\"><\/p>\n<p><span style=\"font-size:14px\"><span style=\"font-family:arial,helvetica,sans-serif\">FAQ:<\/span><\/span><\/p>\n<p><span style=\"font-size:14px\"><span style=\"font-family:arial,helvetica,sans-serif\">Q1: Wie k\u00f6nnen wir den Preis erfahren?<\/span><\/span><\/p>\n<p><span style=\"font-size:14px\"><span style=\"font-family:arial,helvetica,sans-serif\">A: Wir begr\u00fc\u00dfen Sie, um uns auf whatsapp zu kontaktieren. Senden Sie uns einfach die Bilder der Elemente, die Sie wollen, dann werden wir Ihnen die Preise so schnell wie m\u00f6glich sagen.<\/span><\/span><\/p>\n<p>&nbsp;<\/p>\n<p><span style=\"font-size:14px\"><span style=\"font-family:arial,helvetica,sans-serif\">Q2: K\u00f6nnen Sie mein Logo anpassen?<br \/>\nA: Ja, absolut k\u00f6nnen Sie, bitte senden Sie uns Ihr LOGO, wir werden frei, es zu unterzeichnen. F\u00fcr Markenschmuck immer mit Orginal-Logo,<\/span><\/span><\/p>\n<p><span style=\"font-size:14px\"><span style=\"font-family:arial,helvetica,sans-serif\">und wenn Sie etwas Besonderes brauchen, lassen Sie es mich einfach wissen.<\/span><\/span><\/p>\n<p>&nbsp;<\/p>\n<p><span style=\"font-size:14px\"><span style=\"font-family:arial,helvetica,sans-serif\">Q3: Q:Was ist mit der Qualit\u00e4t Ihrer Diamanten?<\/span><\/span><\/p>\n<p><span style=\"font-size:14px\"><span style=\"font-family:arial,helvetica,sans-serif\">A: Wir haben immer VS, SI G-H nat\u00fcrliche Diamanten verwendet, wenn Sie zu VVS \u00e4ndern wollen, sind auch verf\u00fcgbar, wir k\u00f6nnen Ihnen den genauen Preis nach Ihrer Anfrage anbieten.<\/span><\/span><\/p>\n<p>&nbsp;<\/p>\n<p><span style=\"font-size:14px\"><span style=\"font-family:arial,helvetica,sans-serif\">Q4. Was ist, wenn ich defekte Artikel erhalten habe? <\/span><\/span><\/p>\n<p><span style=\"font-size:14px\"><span style=\"font-family:arial,helvetica,sans-serif\">A: Wir stellen sicher, dass jedes einzelne Element sollte gut gepr\u00fcft werden, bevor versendet, werden wir kompensieren oder Erstattung f\u00fcr Sie, wenn durch Express-Lieferung besch\u00e4digt wurde.<\/span><\/span><\/p>\n<p>&nbsp;<\/p>\n<p><span style=\"font-size:14px\"><span style=\"font-family:arial,helvetica,sans-serif\">F5:Kann ich 9K oder 10K Gold anstelle von 18K bestellen?<\/span><\/span><\/p>\n<p><span style=\"font-size:14px\"><span style=\"font-family:arial,helvetica,sans-serif\">A: Ja, sicher k\u00f6nnen Sie, die MOQ nur 5 St\u00fcck f\u00fcr 9K oder 10k Schmuck<\/span><\/span><\/p>\n<p>&nbsp;<\/p>\n<p><span style=\"font-size:14px\"><span style=\"font-family:arial,helvetica,sans-serif\">F6: Stellen Sie Schmuck f\u00fcr private K\u00e4ufer oder nur f\u00fcr Gro\u00dfh\u00e4ndler her?<br \/>\nA: Eigentlich sind wir den gesamten Verkauf zu machen, die online zu verkaufen oder haben Sie Ihr eigenes Gesch\u00e4ft f\u00fcr Original-Designs, f\u00fcr die Marke Schmuck erlaubt den pers\u00f6nlichen K\u00e4ufer zu. Sie k\u00f6nnen feine Qualit\u00e4t Markenschmuck f\u00fcr Ihre Familie, Freunde und sich selbst zu Fabrikpreisen zu bestellen. Auch wird es gro\u00df sein, wenn Sie ein Schmuck Wiederverk\u00e4ufer sind. Wir bieten kostenlosen Versand und kostenlose Original-Marke-Boxen, wenn Sie viele Artikel jedes Mal bestellen k\u00f6nnen. Mehr Menge dann bester Preis.<\/span><\/span><\/p>\n<p>&nbsp;<\/p>\n<p><span style=\"font-family:arial,helvetica,sans-serif\"><span style=\"font-size:14px\">Ansprechpartnerin: Nancy lee<br style=\"font-size: 16px\" \/><br \/>\nWhatsApp: +86-18520267369 \/ Tell:+8618520267369<br style=\"font-size: 16px\" \/><br \/>\nE-Mail: nancy@gzkgold.com<br style=\"font-size: 16px\" \/><br \/>\nWebsite:<\/span><\/span><\/p><\/p>","protected":false},"excerpt":{"rendered":"<br \/>\n<table class=\"tables data\" width=\"100%\" border=\"0\" cellpadding=\"0\" cellspacing=\"0\">\n<tbody>\n<tr>\n<th width=\"35%\">Ort der Herkunft:<\/th>\n<td>China<\/td>\n<\/tr>\n<tr>\n<th width=\"35%\">Markenname:<\/th>\n<td>K-Gold-Schmuck<\/td>\n<\/tr>\n<tr>\n<th width=\"35%\">Zertifizierung:<\/th>\n<td>Schmuck-Zertifikat<\/td>\n<\/tr>\n<tr>\n<th width=\"35%\">Modellnummer:<\/th>\n<td>KD092CE<\/td>\n<\/tr>\n<\/tbody>\n<\/table>\n<p>                                                                            <span class=\"title_s\">Zahlungs- und Versandbedingungen:<\/span>                            <\/p>\n<table class=\"tables data\" width=\"100%\" border=\"0\" cellpadding=\"0\" cellspacing=\"0\">\n<tbody>\n<tr>\n<th width=\"35%\" nowrap=\"nowrap\">Mindestbestellmenge:<\/th>\n<td>3<\/td>\n<\/tr>\n<tr>\n<th width=\"35%\" nowrap=\"nowrap\">Preis:<\/th>\n<td>Verhandlungsf\u00e4hig<\/td>\n<\/tr>\n<tr>\n<th width=\"35%\" nowrap=\"nowrap\">Einzelheiten zur Verpackung:<\/th>\n<td>Standard dicke PP Tasche, Marke wird mit Marke kommen Verpackung<\/td>\n<\/tr>\n<tr>\n<th width=\"35%\" nowrap=\"nowrap\">Lieferzeiten:<\/th>\n<td>5-15 Arbeitstage<\/td>\n<\/tr>\n<tr>\n<th width=\"35%\" nowrap=\"nowrap\">Zahlungsbedingungen:<\/th>\n<td>T\/T, Western Union, D\/P, D\/A, L\/C, MoneyGram<\/td>\n<\/tr>\n<tr>\n<th width=\"35%\" nowrap=\"nowrap\">Lieferf\u00e4higkeit:<\/th>\n<td>2000St\u00fcck\/Monat<\/td>\n<\/tr>\n<\/tbody>\n<\/table>","protected":false},"featured_media":6655,"comment_status":"closed","ping_status":"closed","template":"","meta":{"_gspb_post_css":""},"product_brand":[],"product_cat":[30],"product_tag":[],"class_list":{"0":"post-6659","1":"product","2":"type-product","3":"status-publish","4":"has-post-thumbnail","6":"product_cat-silver-bead-charms","8":"first","9":"instock","10":"shipping-taxable","11":"product-type-simple"},"aioseo_notices":[],"_links":{"self":[{"href":"https:\/\/dearjewelry.ltd\/de\/wp-json\/wp\/v2\/product\/6659","targetHints":{"allow":["GET"]}}],"collection":[{"href":"https:\/\/dearjewelry.ltd\/de\/wp-json\/wp\/v2\/product"}],"about":[{"href":"https:\/\/dearjewelry.ltd\/de\/wp-json\/wp\/v2\/types\/product"}],"replies":[{"embeddable":true,"href":"https:\/\/dearjewelry.ltd\/de\/wp-json\/wp\/v2\/comments?post=6659"}],"wp:featuredmedia":[{"embeddable":true,"href":"https:\/\/dearjewelry.ltd\/de\/wp-json\/wp\/v2\/media\/6655"}],"wp:attachment":[{"href":"https:\/\/dearjewelry.ltd\/de\/wp-json\/wp\/v2\/media?parent=6659"}],"wp:term":[{"taxonomy":"product_brand","embeddable":true,"href":"https:\/\/dearjewelry.ltd\/de\/wp-json\/wp\/v2\/product_brand?post=6659"},{"taxonomy":"product_cat","embeddable":true,"href":"https:\/\/dearjewelry.ltd\/de\/wp-json\/wp\/v2\/product_cat?post=6659"},{"taxonomy":"product_tag","embeddable":true,"href":"https:\/\/dearjewelry.ltd\/de\/wp-json\/wp\/v2\/product_tag?post=6659"}],"curies":[{"name":"wp","href":"https:\/\/api.w.org\/{rel}","templated":true}]}}