{"id":6623,"date":"2025-07-13T10:52:45","date_gmt":"2025-07-13T10:52:45","guid":{"rendered":"https:\/\/dearjewelry.ltd\/product\/thickness-0-6mm-18k-gold-nose-piercing-with-2mm-round-stone\/"},"modified":"2025-07-13T10:52:45","modified_gmt":"2025-07-13T10:52:45","slug":"dicke-0-6mm-18k-gold-nasenpiercing-mit-2mm-rundem-stein","status":"publish","type":"product","link":"https:\/\/dearjewelry.ltd\/de\/produkt\/dicke-0-6mm-18k-gold-nasenpiercing-mit-2mm-rundem-stein\/","title":{"rendered":"Dicke 0.6mm 18K Gold Nasenpiercing mit 2mm Rundstein"},"content":{"rendered":"<h2>Dicke 0.6mm 18K Gold Nasenpiercing mit 2mm Rundstein<\/h2>\n<p> Beschreibung<\/p>\n<table cellpadding=\"0\" cellspacing=\"0\" class=\"details_table\">\n<tbody>\n<tr>\n<th>Material:<\/th>\n<td>Solide 9K\/10K\/14K\/18K<\/td>\n<th>Durchmesser:<\/th>\n<td>8mm<\/td>\n<\/tr>\n<tr class=\"bg_gray\">\n<th>Stein Gr\u00f6\u00dfe:<\/th>\n<td>2mm Rund<\/td>\n<th>Steinfarbe:<\/th>\n<td>Blauer Opal\/violetter Opal\/gr\u00fcner Opal<\/td>\n<\/tr>\n<tr>\n<th>Opal Anzahl:<\/th>\n<td>3 St\u00fcck<\/td>\n<th>Glatte Kugel Gr\u00f6\u00dfe:<\/th>\n<td>1,5 mm<\/td>\n<\/tr>\n<tr class=\"bg_gray\">\n<th>MOQ:<\/th>\n<td>3 St\u00fcck<\/td>\n<th>Lieferung:<\/th>\n<td>12~15 Gesch\u00e4ftstage<\/td>\n<\/tr>\n<tr>\n<th colspan=\"1\">Helles Licht:<\/th>\n<td colspan=\"3\">\n<h2 style='font-weight: bold;font-size: 14px'>0,6mm 18K Gold Nasenpiercing<\/h2>\n<p>, <\/p>\n<h2 style='font-weight: bold;font-size: 14px'>2mm 18K Gold Nasenpiercing<\/h2>\n<\/td>\n<\/tr>\n<\/tbody>\n<\/table>\n<p><p><span style=\"font-size:16px\"><strong><span style=\"font-family:arial,helvetica,sans-serif\">Beschreibung des Produkts:<\/span><\/strong><\/span><\/p>\n<p><strong><span style=\"font-size:16px\"><span style=\"font-family:arial,helvetica,sans-serif\">18K Gelbgold Blau Opal Steine mit Blatt Hoop Nose Piercing Ring<\/span><\/span><\/strong><strong><span style=\"font-family:arial,helvetica,sans-serif\"><span style=\"font-size:16px\"> <\/span><\/span><\/strong><\/p>\n<table border=\"1\" cellpadding=\"0\" cellspacing=\"0\" style=\"width: 626px\">\n<tbody>\n<tr>\n<td style=\"width: 126px\"><span style=\"font-size:16px\">Artikel Nr.<\/span><\/td>\n<td style=\"width: 491px\">KD086CE<\/td>\n<\/tr>\n<tr>\n<td style=\"width: 126px\"><span style=\"font-size:16px\">Produktname<\/span><\/td>\n<td style=\"width: 491px\"><span style=\"font-size:16px\">Piercing Nase Hoope Ring mit Blatt<\/span><\/td>\n<\/tr>\n<tr>\n<td style=\"width: 126px\"><span style=\"font-size:16px\">Material<\/span><\/td>\n<td style=\"width: 491px\"><span style=\"font-size:16px\">Massives 18k Gelbgold<\/span><\/td>\n<\/tr>\n<tr>\n<td style=\"width: 126px\"><span style=\"font-size:16px\">Geschlecht<\/span><\/td>\n<td style=\"width: 491px\"><span style=\"font-size: 16px\">M\u00e4dchen\/Damen<\/span><\/td>\n<\/tr>\n<tr>\n<td style=\"width: 126px\">Dicke<\/td>\n<td style=\"width: 491px\">\n<p>0,6 mm<\/p>\n<\/td>\n<\/tr>\n<tr>\n<td style=\"width: 126px\"><span style=\"font-size: 16px\">Gr\u00f6\u00dfe der Steine<\/span><\/td>\n<td style=\"width: 491px\"><span style=\"font-size: 16px\">2mm<\/span><\/td>\n<\/tr>\n<tr>\n<td style=\"width: 126px\">Steinfarbe<\/td>\n<td style=\"width: 491px\">Blauer Opal\/gr\u00fcner Opal\/violetter Opal\/wei\u00df usw.<\/td>\n<\/tr>\n<tr>\n<td style=\"width: 126px\"><span style=\"font-size: 16px\">Anlass<\/span><\/td>\n<td style=\"width: 491px\">\n<p>Partygeschenk, Verlobung, Jahrestag<\/p>\n<\/td>\n<\/tr>\n<\/tbody>\n<\/table>\n<p>&nbsp;<\/p>\n<p><strong><span style=\"font-size:14px\">Sie k\u00f6nnen mehrere verschiedene Farben w\u00e4hlen:<\/span><\/strong><\/p>\n<p><img decoding=\"async\" src=\"https:\/\/www.gold-jewellerys.com\/test\/gold-jewellerys.com\/photo\/pl36952236-remark.jpg\"><\/p>\n<p><span style=\"font-size:14px\"><strong>Vorteil:&nbsp;<\/strong><\/span><\/p>\n<p><span style=\"font-size:14px\"><span style=\"font-family: arial, helvetica, sans-serif\">Nasennadeln sind schon seit langer Zeit beliebt. Schon in der Antike wurden Nasenpins als Teil des Nasenloch- oder Nasenschmucks verwendet. \u00dcber alle Kontinente und Kulturen hinweg wurden Nasenpiercings von M\u00e4nnern und Frauen getragen. Auch heute noch vermitteln Nasenpiercings wie Nose Pins ein Gef\u00fchl von Stil. Abgesehen davon, dass sie ein stilvolles Aussehen vermitteln, haben diese Accessoires auch eine kulturelle Bedeutung f\u00fcr sie. Sie betonen den zentralen Teil des Gesichts und stehen gleichzeitig f\u00fcr geistige Freiheit und ein gewisses Ma\u00df an Verspieltheit. Bei K Gold Jewelry bieten wir Ihnen eine einzigartige Plattform, auf der Sie verwegenen K\u00f6rperschmuck in verschiedenen Designs finden k\u00f6nnen, einschlie\u00dflich einer Kollektion von atemberaubenden Nasensteckern zu den besten Preisen der Branche. Vertrauen Sie auf unsere K\u00f6rperschmuck-Kollektion, um Ihrer Pers\u00f6nlichkeit einen gewissen Grad an Mystik zu verleihen. Das Beste am Tragen von Nasenschmuck ist, dass Sie Ihr Aussehen verbessern k\u00f6nnen, ohne teure Marken zu kaufen. K Gold ist ein umfassendes Angebot an Piercings aus hautvertr\u00e4glichen Materialien wie 9K, 10k, 14k und 925er Sterling Silber vergoldet, wundersch\u00f6n in Stollen und Anstecknadeln verarbeitet, die viel besser sind als alles andere, was Sie in diesem Segment gesehen haben. W\u00e4hrend wir weiterhin innovativ sind, wird unser Angebot an Piercing-Optionen mit dem Versprechen von Kreativit\u00e4t zu einem erschwinglichen Preis geliefert.<\/span><\/span><\/p>\n<p><span style=\"font-size:14px\"><font face=\"arial, helvetica, sans-serif\">Nehmen Sie Kontakt mit uns auf, damit wir Ihnen bei der Herstellung Ihrer perfekten Artikel helfen k\u00f6nnen.<\/font><\/span><\/p>\n<p>&nbsp;<\/p>\n<p><span style=\"font-size:14px\">Warum uns w\u00e4hlen:<br \/>\n1: K-Gold hat etwa 21 Jahre Erfahrung im Schmuckbereich und 17 Jahre Produktionserfahrung.<br \/>\n2: Auch unser professionelles F &amp; E-Team, um sicherzustellen, dass unsere Produkte st\u00e4ndig aktualisiert werden und vor der Industrie. So haben wir mehr als 3000 verschiedene Entw\u00fcrfe und mehr dann 46 Sammlungen k\u00f6nnen von verschiedenen Marktanforderung treffen.<br \/>\n3: F\u00fcr kundenspezifische Artikel k\u00f6nnen Sie CAD am gleichen Tag oder am n\u00e4chsten Tag erhalten, um die Daten vor der Bestellung zu best\u00e4tigen.<br \/>\n4: Das Ziel von K-gold ist es, den Kunden die richtigen Produkte zum richtigen Preis anzubieten und rechtzeitig zu liefern.<br \/>\n5: Wir haben ein leistungsf\u00e4higes Kundendienstteam, das den gesamten Verkaufsprozess im Auge beh\u00e4lt und Ihnen bei allen Fragen hilft, vom CAD-Entwurf bis zur Lieferung.<\/span><br \/>\n&nbsp;<\/p>\n<p><span style=\"font-size:16px\"><span style=\"font-family:arial,helvetica,sans-serif\">Produkte anzeigen:<\/span><\/span><\/p>\n<p><img decoding=\"async\" src=\"https:\/\/www.gold-jewellerys.com\/test\/gold-jewellerys.com\/photo\/pl36946678-remark.jpg\"><img decoding=\"async\" src=\"https:\/\/www.gold-jewellerys.com\/test\/gold-jewellerys.com\/photo\/pl36946677-remark.jpg\"><img decoding=\"async\" src=\"https:\/\/www.gold-jewellerys.com\/test\/gold-jewellerys.com\/photo\/pl36946679-remark.jpg\"><\/p>\n<p><span style=\"font-family: arial, helvetica, sans-serif\">Ansprechpartnerin: Nancy lee<\/span><br style=\"font-family: arial, helvetica, sans-serif;font-size: 16px\" \/><br \/>\n<span style=\"font-family: arial, helvetica, sans-serif\">WhatsApp: +86-18520267369 \/ Tell:+8618520267369<\/span><br style=\"font-family: arial, helvetica, sans-serif;font-size: 16px\" \/><br \/>\n<span style=\"font-family: arial, helvetica, sans-serif\">E-Mail: nancy@gzkgold.com<\/span><br style=\"font-family: arial, helvetica, sans-serif;font-size: 16px\" \/><br \/>\n<span style=\"font-family: arial, helvetica, sans-serif\">Website:<\/span><\/p>\n<p>&nbsp;<\/p>\n<p><span style=\"font-family:arial,helvetica,sans-serif\"><span style=\"font-size:14px\">FAQ:<\/span><\/span><\/p>\n<p><span style=\"font-family:arial,helvetica,sans-serif\"><span style=\"font-size:14px\">1: Wie k\u00f6nnen wir den Preis erfahren?<\/span><\/span><\/p>\n<p><span style=\"font-family:arial,helvetica,sans-serif\"><span style=\"font-size:14px\">Wir begr\u00fc\u00dfen Sie, um uns auf whatsapp zu kontaktieren. Schicken Sie uns einfach die Bilder der Elemente, die Sie wollen, dann werden wir Ihnen die Preise so schnell wie m\u00f6glich.<\/span><\/span><\/p>\n<p>&nbsp;<\/p>\n<p><span style=\"font-family:arial,helvetica,sans-serif\"><span style=\"font-size:14px\">2: K\u00f6nnen Sie mein Logo anpassen?<br \/>\nJa, auf jeden Fall k\u00f6nnen Sie, Bitte senden Sie uns Ihr LOGO, wir werden frei, es zu unterzeichnen. F\u00fcr Markenschmuck immer mit Orginal-Logo,<\/span><\/span><\/p>\n<p><span style=\"font-family:arial,helvetica,sans-serif\"><span style=\"font-size:14px\">und wenn Sie etwas Besonderes brauchen, lassen Sie es mich einfach wissen.<\/span><\/span><\/p>\n<p>&nbsp;<\/p>\n<p><span style=\"font-family:arial,helvetica,sans-serif\"><span style=\"font-size:14px\">3: Wie kann ich meine Bestellung bezahlen?<\/span><\/span><\/p>\n<p><span style=\"font-family:arial,helvetica,sans-serif\"><span style=\"font-size:14px\">Bitte sagen Sie mir Ihre Bestellung, dann werden wir Ihnen sagen, das Element Preis, Versandkosten und Original-Box Geb\u00fchr und Gesamtbetrag. Sie k\u00f6nnen die Zahlung per Western Union \/ T\/T, oder Payoneer machen, werden wir verarbeiten und versenden Sie Ihre Bestellung so schnell wie m\u00f6glich nach Zahlung gemacht.<\/span><\/span><\/p>\n<p>&nbsp;<\/p>\n<p><span style=\"font-family:arial,helvetica,sans-serif\"><span style=\"font-size:14px\">4. Wie lange kann ich meine Waren erhalten?<\/span><\/span><\/p>\n<p><span style=\"font-family:arial,helvetica,sans-serif\"><span style=\"font-size:14px\">Bestellung immer nach der Anzahlung \u00fcber Ihre Bestellung bearbeiten. Herstellungszeit 2-10 Arbeitstage je nach Entwurfsausf\u00fchrung<\/span><\/span><\/p>\n<p><span style=\"font-family:arial,helvetica,sans-serif\"><span style=\"font-size:14px\">Schwierigkeit, plus 3-7 Tage Versandzeit Expressversandmethode in alle fo der Welt.<\/span><\/span><\/p>\n<p>&nbsp;<\/p>\n<p><span style=\"font-family:arial,helvetica,sans-serif\"><span style=\"font-size:14px\">5: Stellen Sie Schmuck f\u00fcr Privatkunden oder nur f\u00fcr Gro\u00dfh\u00e4ndler her?<br \/>\nEigentlich sind wir den gesamten Verkauf zu machen, die online zu verkaufen oder haben Sie Ihr eigenes Gesch\u00e4ft f\u00fcr Original-Designs, f\u00fcr die Marke Schmuck erlaubt den pers\u00f6nlichen K\u00e4ufer zu. Sie k\u00f6nnen feine Qualit\u00e4t Markenschmuck f\u00fcr Ihre Familie, Freunde und sich selbst zu Fabrikpreisen zu bestellen. Auch wird es gro\u00df sein, wenn Sie ein Schmuck Wiederverk\u00e4ufer sind. Wir bieten kostenlosen Versand und kostenlose Original-Marke-Boxen, wenn Sie viele Artikel jedes Mal bestellen k\u00f6nnen. Mehr Menge dann besten Preis.<\/span><\/span><\/p><\/p>","protected":false},"excerpt":{"rendered":"<br \/>\n<table class=\"tables data\" width=\"100%\" border=\"0\" cellpadding=\"0\" cellspacing=\"0\">\n<tbody>\n<tr>\n<th width=\"35%\">Ort der Herkunft:<\/th>\n<td>China<\/td>\n<\/tr>\n<tr>\n<th width=\"35%\">Markenname:<\/th>\n<td>K-Gold-Schmuck<\/td>\n<\/tr>\n<tr>\n<th width=\"35%\">Zertifizierung:<\/th>\n<td>Schmuck-Zertifikat<\/td>\n<\/tr>\n<tr>\n<th width=\"35%\">Modellnummer:<\/th>\n<td>KD094CE<\/td>\n<\/tr>\n<\/tbody>\n<\/table>\n<p>                                                                            <span class=\"title_s\">Zahlungs- und Versandbedingungen:<\/span>                            <\/p>\n<table class=\"tables data\" width=\"100%\" border=\"0\" cellpadding=\"0\" cellspacing=\"0\">\n<tbody>\n<tr>\n<th width=\"35%\" nowrap=\"nowrap\">Mindestbestellmenge:<\/th>\n<td>5<\/td>\n<\/tr>\n<tr>\n<th width=\"35%\" nowrap=\"nowrap\">Preis:<\/th>\n<td>Verhandlungsf\u00e4hig<\/td>\n<\/tr>\n<tr>\n<th width=\"35%\" nowrap=\"nowrap\">Einzelheiten zur Verpackung:<\/th>\n<td>Standard dicke PP Tasche, Marke wird mit Marke kommen Verpackung<\/td>\n<\/tr>\n<tr>\n<th width=\"35%\" nowrap=\"nowrap\">Lieferzeiten:<\/th>\n<td>5-15 Arbeitstage<\/td>\n<\/tr>\n<tr>\n<th width=\"35%\" nowrap=\"nowrap\">Zahlungsbedingungen:<\/th>\n<td>T\/T, Western Union, D\/P, D\/A, L\/C, MoneyGram<\/td>\n<\/tr>\n<tr>\n<th width=\"35%\" nowrap=\"nowrap\">Lieferf\u00e4higkeit:<\/th>\n<td>2000St\u00fcck\/Monat<\/td>\n<\/tr>\n<\/tbody>\n<\/table>","protected":false},"featured_media":6619,"comment_status":"closed","ping_status":"closed","template":"","meta":{"_gspb_post_css":""},"product_brand":[],"product_cat":[30],"product_tag":[],"class_list":{"0":"post-6623","1":"product","2":"type-product","3":"status-publish","4":"has-post-thumbnail","6":"product_cat-silver-bead-charms","8":"first","9":"instock","10":"shipping-taxable","11":"product-type-simple"},"aioseo_notices":[],"_links":{"self":[{"href":"https:\/\/dearjewelry.ltd\/de\/wp-json\/wp\/v2\/product\/6623","targetHints":{"allow":["GET"]}}],"collection":[{"href":"https:\/\/dearjewelry.ltd\/de\/wp-json\/wp\/v2\/product"}],"about":[{"href":"https:\/\/dearjewelry.ltd\/de\/wp-json\/wp\/v2\/types\/product"}],"replies":[{"embeddable":true,"href":"https:\/\/dearjewelry.ltd\/de\/wp-json\/wp\/v2\/comments?post=6623"}],"wp:featuredmedia":[{"embeddable":true,"href":"https:\/\/dearjewelry.ltd\/de\/wp-json\/wp\/v2\/media\/6619"}],"wp:attachment":[{"href":"https:\/\/dearjewelry.ltd\/de\/wp-json\/wp\/v2\/media?parent=6623"}],"wp:term":[{"taxonomy":"product_brand","embeddable":true,"href":"https:\/\/dearjewelry.ltd\/de\/wp-json\/wp\/v2\/product_brand?post=6623"},{"taxonomy":"product_cat","embeddable":true,"href":"https:\/\/dearjewelry.ltd\/de\/wp-json\/wp\/v2\/product_cat?post=6623"},{"taxonomy":"product_tag","embeddable":true,"href":"https:\/\/dearjewelry.ltd\/de\/wp-json\/wp\/v2\/product_tag?post=6623"}],"curies":[{"name":"wp","href":"https:\/\/api.w.org\/{rel}","templated":true}]}}