{"id":6098,"date":"2025-07-13T10:49:19","date_gmt":"2025-07-13T10:49:19","guid":{"rendered":"https:\/\/dearjewelry.ltd\/product\/retro-fret-or-greek-key-design-square-opal-ring-for-women\/"},"modified":"2025-07-13T10:49:19","modified_gmt":"2025-07-13T10:49:19","slug":"retro-bund-oder-griechischer-schlussel-design-quadratischen-opal-ring-fur-frauen","status":"publish","type":"product","link":"https:\/\/dearjewelry.ltd\/de\/produkt\/retro-bund-oder-griechischer-schlussel-design-quadratischen-opal-ring-fur-frauen\/","title":{"rendered":"Retro Fret oder griechischen Schl\u00fcssel Design Quadrat Opal Ring f\u00fcr Frauen"},"content":{"rendered":"<h2>Retro Fret oder griechischen Schl\u00fcssel Design Quadrat Opal Ring f\u00fcr Frauen<\/h2>\n<p> Beschreibung<\/p>\n<table cellpadding=\"0\" cellspacing=\"0\" class=\"details_table\">\n<tbody>\n<tr>\n<th>Material:<\/th>\n<td>Sterling Silber<\/td>\n<th>Schmuck Typ:<\/th>\n<td>Blauer Opal Ring<\/td>\n<\/tr>\n<tr class=\"bg_gray\">\n<th>Die Form:<\/th>\n<td>Andere<\/td>\n<th>Einstellung Typ:<\/th>\n<td>Handeinstellung<\/td>\n<\/tr>\n<tr>\n<th>Anlass:<\/th>\n<td>Verlobung, Geschenk, Party, Hochzeit, Jahrestag,<\/td>\n<th>Hauptstein:<\/th>\n<td>Blauer Opal<\/td>\n<\/tr>\n<tr class=\"bg_gray\">\n<th>Farbe:<\/th>\n<td>Blau<\/td>\n<\/tr>\n<tr>\n<th colspan=\"1\">Helles Licht:<\/th>\n<td colspan=\"3\">\n<h2 style='font-weight: bold;font-size: 14px'>1.25ct Griechischer Opal-Schmuck<\/h2>\n<p>, <\/p>\n<h2 style='font-weight: bold;font-size: 14px'>Bund Quadratischer Opal Ring<\/h2>\n<\/td>\n<\/tr>\n<\/tbody>\n<\/table>\n<p><p><span style=\"font-size:16px\"><strong>Hochwertige nat\u00fcrliche griechischen blauen Opal Stein Verlobungsring f\u00fcr Geschenke mit 925 Sterling Silber<\/strong><\/span><\/p>\n<table border=\"1\" cellpadding=\"0\" cellspacing=\"0\" style=\"width: 579px\">\n<tbody>\n<tr>\n<td style=\"width: 147px\">Artikel Nr.<\/td>\n<td style=\"width: 423px\">KD764R<\/td>\n<\/tr>\n<tr>\n<td style=\"width: 147px\">Produktname<\/td>\n<td style=\"width: 423px\">Verlobungsring mit blauem Opalstein<\/td>\n<\/tr>\n<tr>\n<td style=\"width: 147px\">Stil<\/td>\n<td style=\"width: 423px\">Opal Ring<\/td>\n<\/tr>\n<tr>\n<td style=\"width: 147px\">Material<\/td>\n<td style=\"width: 423px\">Sterling Splitter<\/td>\n<\/tr>\n<tr>\n<td style=\"width: 147px\">Einstellung Typ<\/td>\n<td style=\"width: 423px\">Prong Handfassung<\/td>\n<\/tr>\n<tr>\n<td style=\"width: 147px\">Geschlecht<\/td>\n<td style=\"width: 423px\">Frauen<\/td>\n<\/tr>\n<tr>\n<td style=\"width: 147px\">Stein<\/td>\n<td style=\"width: 423px\">\n<p>Blauer Opal<\/p>\n<\/td>\n<\/tr>\n<tr>\n<td style=\"width: 147px\">Anlass<\/td>\n<td style=\"width: 423px\">Jahrestag, Verlobung, Geschenk, Party, Hochzeit<\/td>\n<\/tr>\n<\/tbody>\n<\/table>\n<p><span style=\"font-family:arial,helvetica,sans-serif\">Angaben zur Produktion :<br \/>\nSeite Stein Informationen: SQ 4x4St. 2St.<br \/>\nDurchschnittlicher Schnitt : Ausgezeichnet<br \/>\nFassung Typ : Zackenfassung<\/span><\/p>\n<p>&nbsp;<\/p>\n<p><span style=\"font-family:arial,helvetica,sans-serif\">Informationen zum Hauptstein: Anpassen verf\u00fcgbar\/Kunde zur Verf\u00fcgung stellen<br \/>\nKarat Gesamtgewicht: 1,25~+ct<\/span><\/p>\n<p><span style=\"font-family:arial,helvetica,sans-serif\">Hauptstein: SQ66MM<\/span><\/p>\n<p>&nbsp;<\/p>\n<p>18-kar\u00e4tiges Gold besteht aus 75%-Gold, das ist mehr als der Goldgehalt von 10- oder 14-kar\u00e4tigen Goldringen. In der Regel finden Sie keine Ringe, die mehr als 18k enthalten, da reines Gold verformbar ist und sehr leicht verkratzt. Unsere Diamant-Halbfassungen aus 18-kar\u00e4tigem Gold sind perfekt f\u00fcr diejenigen, die einen hohen Goldgehalt bevorzugen, der nicht so leicht anl\u00e4uft. Wir bieten diese atemberaubenden Halbfassungen in Wei\u00df-, Ros\u00e9- und Gelbgold an.<\/p>\n<p>&nbsp;<\/p>\n<p><img decoding=\"async\" src=\"https:\/\/www.gold-jewellerys.com\/test\/gold-jewellerys.com\/photo\/pl148988524-remark.jpg\"><img decoding=\"async\" src=\"https:\/\/www.gold-jewellerys.com\/test\/gold-jewellerys.com\/photo\/pl148988523-remark.jpg\"><\/p>\n<p><span style=\"font-family:arial,helvetica,sans-serif\">Warum uns w\u00e4hlen:<br \/>\n1: K-Gold hat etwa 21 Jahre Erfahrung im Schmuckbereich und 17 Jahre Produktionserfahrung.<br \/>\n2: Auch unser professionelles F &amp; E-Team, um sicherzustellen, dass unsere Produkte st\u00e4ndig aktualisiert werden und vor der Industrie. So haben wir mehr als 3000 verschiedene Entw\u00fcrfe und mehr dann 46 Sammlungen k\u00f6nnen von verschiedenen Marktanforderung treffen.<br \/>\n3: F\u00fcr kundenspezifische Artikel k\u00f6nnen Sie CAD am gleichen Tag oder am n\u00e4chsten Tag erhalten, um die Daten vor der Bestellung zu best\u00e4tigen.<br \/>\n4: Das Ziel von K-gold ist es, den Kunden die richtigen Produkte zum richtigen Preis anzubieten und rechtzeitig zu liefern.<br \/>\n5: Wir haben ein leistungsf\u00e4higes Kundendienstteam, das den gesamten Verkaufsprozess im Auge beh\u00e4lt und Ihnen bei allen Fragen hilft, vom CAD-Entwurf bis zur Lieferung.<br \/>\nK-Gold Werksdienst:<\/span><\/p>\n<p>&nbsp;<\/p>\n<p><span style=\"font-family:arial,helvetica,sans-serif\">K Goldproduktionsprozess :&nbsp;<\/span><\/p>\n<p><span style=\"font-family:arial,helvetica,sans-serif\"><img decoding=\"async\" src=\"https:\/\/www.gold-jewellerys.com\/test\/gold-jewellerys.com\/photo\/pl36314863-remark.jpg\"><img decoding=\"async\" src=\"https:\/\/www.gold-jewellerys.com\/test\/gold-jewellerys.com\/photo\/pl36314865-remark.jpg\"><\/span><\/p>\n<p>&nbsp;<\/p>\n<p>&nbsp;<\/p>\n<p><span style=\"font-size:14px\">Ansprechpartnerin: Nancy lee<br \/>\nWhatsApp: +86-18520267369 \/ Tell:+8618520267369<br \/>\nE-Mail: nancy@gzkgold.com<br \/>\nWebsite:<\/span><\/p>\n<p>&nbsp;<\/p>\n<p>FAQ:<\/p>\n<p>Q1: Wie steht es um die Qualit\u00e4t Ihrer Diamanten?<\/p>\n<p>A: Wir haben immer VS, SI G-H nat\u00fcrliche Diamanten verwendet, wenn Sie zu VVS \u00e4ndern wollen, sind auch verf\u00fcgbar, wir k\u00f6nnen Ihnen den genauen Preis nach Ihrer Anfrage anbieten.<\/p>\n<p>&nbsp;<\/p>\n<p>Q2: K\u00f6nnen Sie mein Logo anpassen?<br \/>\nA: Ja, absolut k\u00f6nnen Sie, bitte senden Sie uns Ihr LOGO, wir werden frei, es zu unterzeichnen. F\u00fcr Markenschmuck immer mit Orginal-Logo,<\/p>\n<p>und wenn Sie etwas Besonderes brauchen, lassen Sie es mich einfach wissen.<\/p>\n<p>&nbsp;<\/p>\n<p>Q3: Wie k\u00f6nnen wir den Preis senken, wenn wir das gleiche Design beibehalten?<\/p>\n<p>A: Sie k\u00f6nnen auf Moissanit-Diamanten oder Lab-Diamanten wechseln, oder 9K\/10K machen, um den Preis zu senken.<\/p>\n<p>&nbsp;<\/p>\n<p>A: Bitte sagen Sie mir Ihre Bestellung, dann werden wir Ihnen sagen, das Element Preis, Versandkosten und Original-Box Geb\u00fchr und Gesamtbetrag. Sie k\u00f6nnen die Zahlung per Western Union \/ T\/T, oder Payoneer machen, werden wir verarbeiten und versenden Sie Ihre Bestellung so schnell wie m\u00f6glich nach Zahlung gemacht.<\/p>\n<p>&nbsp;<\/p>\n<p>F4: Kann ich ein Zertifikat erhalten?<\/p>\n<p>A: Ja, es gibt die zertifizierte, wenn Sie brauchen und Preis wird nicht die Geb\u00fchr enthalten. Der Diamant dort GIA-zertifiziert oder ohne es nur<\/p>\n<p>Lassen Sie es mich wissen, denn es gibt Preisunterschiede.<\/p>\n<p>&nbsp;<\/p>\n<p>Q5. Wie lange kann ich meine Waren erhalten?<\/p>\n<p>A: Bestellung wird immer nach der Anzahlung \u00fcber Ihre Bestellung bearbeitet. Making Zeit 2-10 Arbeitstage je nach Design Verarbeitung<\/p>\n<p>Schwierigkeit, plus 3-7 Tage Versandzeit Expressversandmethode in alle fo der Welt.<\/p>\n<p>&nbsp;<\/p>\n<p>F6: Stellen Sie Schmuck f\u00fcr private K\u00e4ufer oder nur f\u00fcr Gro\u00dfh\u00e4ndler her?<br \/>\nA: Eigentlich sind wir den gesamten Verkauf zu machen, die online zu verkaufen oder haben Sie Ihr eigenes Gesch\u00e4ft f\u00fcr Original-Designs, f\u00fcr die Marke Schmuck erlaubt den pers\u00f6nlichen K\u00e4ufer zu. Sie k\u00f6nnen feine Qualit\u00e4t Markenschmuck f\u00fcr Ihre Familie, Freunde und sich selbst zu Fabrikpreisen zu bestellen. Auch wird es gro\u00df sein, wenn Sie ein Schmuck Wiederverk\u00e4ufer sind. Wir bieten kostenlosen Versand und kostenlose Original-Marke-Boxen, wenn Sie viele Artikel jedes Mal bestellen k\u00f6nnen. Mehr Menge dann bester Preis.&nbsp;<\/p><\/p>","protected":false},"excerpt":{"rendered":"<br \/>\n<table class=\"tables data\" width=\"100%\" border=\"0\" cellpadding=\"0\" cellspacing=\"0\">\n<tbody>\n<tr>\n<th width=\"35%\">Ort der Herkunft:<\/th>\n<td>China<\/td>\n<\/tr>\n<tr>\n<th width=\"35%\">Markenname:<\/th>\n<td>K-Gold-Schmuck<\/td>\n<\/tr>\n<tr>\n<th width=\"35%\">Zertifizierung:<\/th>\n<td>Schmuck-Zertifikat<\/td>\n<\/tr>\n<tr>\n<th width=\"35%\">Modellnummer:<\/th>\n<td>KD764R<\/td>\n<\/tr>\n<\/tbody>\n<\/table>\n<p>                                                                            <span class=\"title_s\">Zahlungs- und Versandbedingungen:<\/span>                            <\/p>\n<table class=\"tables data\" width=\"100%\" border=\"0\" cellpadding=\"0\" cellspacing=\"0\">\n<tbody>\n<tr>\n<th width=\"35%\" nowrap=\"nowrap\">Mindestbestellmenge:<\/th>\n<td>3<\/td>\n<\/tr>\n<tr>\n<th width=\"35%\" nowrap=\"nowrap\">Preis:<\/th>\n<td>Verhandlungsf\u00e4hig<\/td>\n<\/tr>\n<tr>\n<th width=\"35%\" nowrap=\"nowrap\">Einzelheiten zur Verpackung:<\/th>\n<td>Standard dicke PP Tasche, Marke wird mit Marke kommen Verpackung<\/td>\n<\/tr>\n<tr>\n<th width=\"35%\" nowrap=\"nowrap\">Lieferzeiten:<\/th>\n<td>5-15 Arbeitstage<\/td>\n<\/tr>\n<tr>\n<th width=\"35%\" nowrap=\"nowrap\">Zahlungsbedingungen:<\/th>\n<td>T\/T, Western Union<\/td>\n<\/tr>\n<tr>\n<th width=\"35%\" nowrap=\"nowrap\">Lieferf\u00e4higkeit:<\/th>\n<td>2000St\u00fcck\/Monat<\/td>\n<\/tr>\n<\/tbody>\n<\/table>","protected":false},"featured_media":6093,"comment_status":"closed","ping_status":"closed","template":"","meta":{"_gspb_post_css":""},"product_brand":[],"product_cat":[29],"product_tag":[],"class_list":{"0":"post-6098","1":"product","2":"type-product","3":"status-publish","4":"has-post-thumbnail","6":"product_cat-greek-opal-jewelry","8":"first","9":"instock","10":"shipping-taxable","11":"product-type-simple"},"aioseo_notices":[],"_links":{"self":[{"href":"https:\/\/dearjewelry.ltd\/de\/wp-json\/wp\/v2\/product\/6098","targetHints":{"allow":["GET"]}}],"collection":[{"href":"https:\/\/dearjewelry.ltd\/de\/wp-json\/wp\/v2\/product"}],"about":[{"href":"https:\/\/dearjewelry.ltd\/de\/wp-json\/wp\/v2\/types\/product"}],"replies":[{"embeddable":true,"href":"https:\/\/dearjewelry.ltd\/de\/wp-json\/wp\/v2\/comments?post=6098"}],"wp:featuredmedia":[{"embeddable":true,"href":"https:\/\/dearjewelry.ltd\/de\/wp-json\/wp\/v2\/media\/6093"}],"wp:attachment":[{"href":"https:\/\/dearjewelry.ltd\/de\/wp-json\/wp\/v2\/media?parent=6098"}],"wp:term":[{"taxonomy":"product_brand","embeddable":true,"href":"https:\/\/dearjewelry.ltd\/de\/wp-json\/wp\/v2\/product_brand?post=6098"},{"taxonomy":"product_cat","embeddable":true,"href":"https:\/\/dearjewelry.ltd\/de\/wp-json\/wp\/v2\/product_cat?post=6098"},{"taxonomy":"product_tag","embeddable":true,"href":"https:\/\/dearjewelry.ltd\/de\/wp-json\/wp\/v2\/product_tag?post=6098"}],"curies":[{"name":"wp","href":"https:\/\/api.w.org\/{rel}","templated":true}]}}