{"id":6036,"date":"2025-07-13T10:48:55","date_gmt":"2025-07-13T10:48:55","guid":{"rendered":"https:\/\/dearjewelry.ltd\/product\/oem-semi-mount-ring-settings-0-18ct-1-5mm-natural-diamond-ring\/"},"modified":"2025-07-13T10:48:55","modified_gmt":"2025-07-13T10:48:55","slug":"oem-semi-mount-ring-einstellungen-0-18ct-1-5mm-naturlichen-diamant-ring","status":"publish","type":"product","link":"https:\/\/dearjewelry.ltd\/de\/produkt\/oem-semi-mount-ring-einstellungen-0-18ct-1-5mm-naturlichen-diamant-ring\/","title":{"rendered":"OEM Semi Mount Ring Einstellungen, 0,18ct 1,5mm nat\u00fcrlichen Diamant-Ring"},"content":{"rendered":"<h2>OEM Semi Mount Ring Einstellungen, 0,18ct 1,5mm nat\u00fcrlichen Diamant-Ring<\/h2>\n<p> Beschreibung<\/p>\n<table cellpadding=\"0\" cellspacing=\"0\" class=\"details_table\">\n<tbody>\n<tr>\n<th>Material:<\/th>\n<td>18K Wei\u00dfgold<\/td>\n<th>Schmuck Typ:<\/th>\n<td>18k Semi Mount Ring Set<\/td>\n<\/tr>\n<tr class=\"bg_gray\">\n<th>Farbe:<\/th>\n<td>18K Wei\u00dfgold<\/td>\n<th>Diamant-Reinheit:<\/th>\n<td>Vs1-Si2<\/td>\n<\/tr>\n<tr>\n<th>Farbe des Diamanten:<\/th>\n<td>F-H<\/td>\n<th>Ringgr\u00f6\u00dfe:<\/th>\n<td>Jede Gr\u00f6\u00dfe ist verf\u00fcgbar #4~#12<\/td>\n<\/tr>\n<tr class=\"bg_gray\">\n<th>MOQ:<\/th>\n<td>2 St\u00fcck<\/td>\n<th>Anpassen:<\/th>\n<td>Verf\u00fcgbar Anpassen<\/td>\n<\/tr>\n<tr>\n<th colspan=\"1\">Helles Licht:<\/th>\n<td colspan=\"3\">\n<h2 style='font-weight: bold;font-size: 14px'>OEM Semi Mount Ring Einstellungen<\/h2>\n<p>, <\/p>\n<h2 style='font-weight: bold;font-size: 14px'>1.5mm Semi Mount Ring Einstellungen<\/h2>\n<p>, <\/p>\n<h2 style='font-weight: bold;font-size: 14px'>0,18ct nat\u00fcrlicher Diamantring<\/h2>\n<\/td>\n<\/tr>\n<\/tbody>\n<\/table>\n<p><p><strong><span style=\"font-size:16px\"><span style=\"font-family:arial,helvetica,sans-serif\">0,18ct Nat\u00fcrlicher Diamant Semi Mount Bend Ring Set in 18k Wei\u00dfgold<\/span><\/span><\/strong><\/p>\n<table border=\"1\" cellpadding=\"0\" cellspacing=\"0\" style=\"width: 533px\">\n<tbody>\n<tr>\n<td style=\"width: 151px\"><span style=\"font-size:14px\">Artikel Nr.<\/span><\/td>\n<td style=\"width: 373px\"><span style=\"font-size:14px\">K3588R<\/span><\/td>\n<\/tr>\n<tr>\n<td style=\"width: 151px\"><span style=\"font-size:14px\">Produktname<\/span><\/td>\n<td style=\"width: 373px\"><span style=\"font-size:14px\">18k Wei\u00dfgold Semi Mount Ring&nbsp;<\/span><\/td>\n<\/tr>\n<tr>\n<td style=\"width: 151px\"><span style=\"font-size:14px\">Material<\/span><\/td>\n<td style=\"width: 373px\"><span style=\"font-size:14px\">Massiver 18k Wei\u00dfgold Ring<\/span><\/td>\n<\/tr>\n<tr>\n<td style=\"width: 151px\"><span style=\"font-size:14px\">Einstellung Typ<\/span><\/td>\n<td style=\"width: 373px\"><span style=\"font-size:14px\">Prong Handfassung<\/span><\/td>\n<\/tr>\n<tr>\n<td style=\"width: 151px\"><span style=\"font-size:14px\">Geschlecht<\/span><\/td>\n<td style=\"width: 373px\"><span style=\"font-size:14px\">Damen\/ Frauen<\/span><\/td>\n<\/tr>\n<tr>\n<td style=\"width: 151px\"><span style=\"font-size:14px\"><span style=\", Helvetica, Arial, sans-serif\">Diamanten Reinheit<\/span><\/span><\/td>\n<td style=\"width: 373px\"><span style=\"font-size:14px\">Nat\u00fcrlicher Diamant VS1-SI1<\/span><\/td>\n<\/tr>\n<tr>\n<td style=\"width: 151px\"><span style=\"font-size:14px\">Anzahl der Diamanten<\/span><\/td>\n<td style=\"width: 373px\"><span style=\"font-size:14px\">Durchmesser 1,5 mm 34 St\u00fcck 0,18ct<\/span><\/td>\n<\/tr>\n<tr>\n<td style=\"width: 151px\"><span style=\"font-size:14px\">Anlass<\/span><\/td>\n<td style=\"width: 373px\"><span style=\"font-size:14px\">Jahrestag, Verlobung, Geschenk, Party, Hochzeit<\/span><\/td>\n<\/tr>\n<tr>\n<td style=\"width: 151px\"><span style=\"font-size:14px\">Ringgr\u00f6\u00dfe<\/span><\/td>\n<td style=\"width: 373px\"><span style=\"font-size:14px\">Jede Gr\u00f6\u00dfe ist verf\u00fcgbar #4~#12, entsprechend Ihrer Anfrage<\/span><\/td>\n<\/tr>\n<\/tbody>\n<\/table>\n<p><span style=\"font-size:14px\">1: Durchmesser 1,5 mm 34 St\u00fcck 0,18ct<br \/>\n2: Diamant-Farbbewertungscode: F-H<br \/>\n3: Diamant Reinheitsgrad Code:Vs1-Si2<br \/>\n4: Diamantform: Rund<br \/>\n5: Fassung in 18k Wei\u00dfgold<br \/>\n6: Foto mit dem Telefon nehmen, die realen Elemente der Qualit\u00e4t mehr Glanz.<br \/>\n7: Fast alle Edelsteine wurden behandelt, um ihre Sch\u00f6nheit zu steigern, und erfordern besondere Pflege.<\/span><\/p>\n<p>&nbsp;<\/p>\n<p>\u00dcber diesen Artikel:<\/p>\n<p><span style=\"font-size:14px\"><span style=\"font-family:arial,helvetica,sans-serif\">1:&nbsp;<\/span><\/span><span style=\"font-size:14px\"><span style=\"font-family:arial,helvetica,sans-serif\">Hochwertig poliert&nbsp;<\/span><\/span><\/p>\n<p><span style=\"font-size:14px\"><span style=\"font-family:arial,helvetica,sans-serif\">2: Gl\u00e4nzender Diamant&nbsp;<\/span><\/span><\/p>\n<p><span style=\"font-size:14px\"><span style=\"font-family:arial,helvetica,sans-serif\">3: \u00dcber Metall Kann 10k, 14k, 18k usw. machen&nbsp;<\/span><\/span><\/p>\n<p><span style=\"font-size:14px\">4: \u00dcber die wichtigsten Steine, wenn Sie Schiff zu uns k\u00f6nnen wir helfen, es zu setzen ist in Ordnung, und andernfalls versenden wir nur die Fassungen, dann werden Sie von selbst gesetzt.<\/span><\/p>\n<p>&nbsp;<\/p>\n<p><strong><span style=\"font-family: arial, helvetica, sans-serif\">Warum wir?<\/span><\/strong><\/p>\n<p><span style=\"font-size:14px\">K-Gold Jewelry Co. Ltd. wurde 2005 gegr\u00fcndet und ist einer der professionellsten Schmuckhersteller in China. Derzeit sind die wichtigsten Produkte K Karat-Gold (9K Gold, 10KGold, 14KGold 18KGold) nat\u00fcrliche Diamanten (Differenz Grad mit GIA-Zertifizierung), Moissanit und Lab-Diamant mit Unterschied Zertifizierung, Mehr andere nat\u00fcrliche Edelstein feinen Schmuck, auch Silber mit 9K Gold.<\/span><\/p>\n<p><span style=\"font-size:14px\">Es gibt etwa 21 Jahre Erfahrung im Schmuckbereich und 17 Jahre Produktionserfahrung.<\/span><\/p>\n<p>&nbsp;<\/p>\n<p><span style=\"font-size:14px\">Das Ziel von K-gold ist es, den Kunden die richtigen Produkte zum richtigen Preis anzubieten und rechtzeitig zu liefern. wir haben ein leistungsf\u00e4higes Kundenservice-Team, das den gesamten Verkaufsprozess im Auge beh\u00e4lt und Ihnen bei allen Fragen hilft, vom CAD-Design bis zur Lieferung.<\/span><\/p>\n<p>&nbsp;<\/p>\n<p><strong><span style=\"font-size:16px\">&nbsp;K Gold-Verfahren:&nbsp;<\/span><\/strong><\/p>\n<p><img decoding=\"async\" src=\"https:\/\/www.gold-jewellerys.com\/test\/gold-jewellerys.com\/photo\/pl36932971-remark.jpg\"><img decoding=\"async\" src=\"https:\/\/www.gold-jewellerys.com\/test\/gold-jewellerys.com\/photo\/pl36932970-remark.jpg\"><img decoding=\"async\" src=\"https:\/\/www.gold-jewellerys.com\/test\/gold-jewellerys.com\/photo\/pl36906272-remark.jpg\"><\/p>\n<p>&nbsp;<\/p>\n<p><span style=\"font-size:14px\">Ansprechpartnerin: Nancy lee<br \/>\nWhatsApp: +86-18520267369 \/ Tell:+8618520267369<br \/>\nE-Mail: nancy@gzkgold.com<br \/>\nWebsite:<\/span><\/p>\n<p>&nbsp;<\/p>\n<p>FAQ:<\/p>\n<p>Q1: Wie steht es um die Qualit\u00e4t Ihrer Diamanten?<\/p>\n<p>A: Wir haben immer VS, SI G-H nat\u00fcrliche Diamanten verwendet, wenn Sie zu VVS \u00e4ndern wollen, sind auch verf\u00fcgbar, wir k\u00f6nnen Ihnen den genauen Preis nach Ihrer Anfrage anbieten.<\/p>\n<p>&nbsp;<\/p>\n<p>Q2: K\u00f6nnen Sie mein Logo anpassen?<br \/>\nA: Ja, absolut k\u00f6nnen Sie, bitte senden Sie uns Ihr LOGO, wir werden frei, es zu unterzeichnen. F\u00fcr Markenschmuck immer mit Orginal-Logo,<\/p>\n<p>und wenn Sie etwas Besonderes brauchen, lassen Sie es mich einfach wissen.<\/p>\n<p>&nbsp;<\/p>\n<p>F3: Kann ich 9K oder 10K Gold anstelle von 18K bestellen?<\/p>\n<p>A: Ja, sicher k\u00f6nnen Sie, die MOQ nur 5 St\u00fcck f\u00fcr 9K oder 10k Schmuck.<\/p>\n<p>&nbsp;<\/p>\n<p>F4: Kann ich ein Zertifikat erhalten?<\/p>\n<p>A: Ja, es gibt die zertifizierte, wenn Sie brauchen und Preis wird nicht die Geb\u00fchr enthalten. Der Diamant dort GIA-zertifiziert oder ohne es nur<\/p>\n<p>Lassen Sie es mich wissen, denn es gibt Preisunterschiede.<\/p>\n<p>&nbsp;<\/p>\n<p>Q5. Wie lange kann ich meine Waren erhalten?<\/p>\n<p>A: Bestellung wird immer nach der Anzahlung \u00fcber Ihre Bestellung bearbeitet. Making Zeit 2-10 Arbeitstage je nach Design Verarbeitung<\/p>\n<p>Schwierigkeit, plus 3-7 Tage Versandzeit Expressversandmethode in alle fo der Welt.<\/p>\n<p>&nbsp;<\/p>\n<p>Q6: Kann ich einen besseren Preis bekommen, wenn ich Gro\u00dfabnehmer bin?<\/p>\n<p>A5: Wir k\u00f6nnen Ihnen einen zus\u00e4tzlichen Rabatt anbieten, der von Ihrer Bestellung abh\u00e4ngt. F\u00fcr mehr Detailpreis bitte eine Anfrage stellen.<\/p><\/p>","protected":false},"excerpt":{"rendered":"<br \/>\n<table class=\"tables data\" width=\"100%\" border=\"0\" cellpadding=\"0\" cellspacing=\"0\">\n<tbody>\n<tr>\n<th width=\"35%\">Ort der Herkunft:<\/th>\n<td>China<\/td>\n<\/tr>\n<tr>\n<th width=\"35%\">Markenname:<\/th>\n<td>K-Gold-Schmuck<\/td>\n<\/tr>\n<tr>\n<th width=\"35%\">Zertifizierung:<\/th>\n<td>Gold-Diamant-Zertifikat<\/td>\n<\/tr>\n<tr>\n<th width=\"35%\">Modellnummer:<\/th>\n<td>K3588R<\/td>\n<\/tr>\n<\/tbody>\n<\/table>\n<p>                                                                            <span class=\"title_s\">Zahlungs- und Versandbedingungen:<\/span>                            <\/p>\n<table class=\"tables data\" width=\"100%\" border=\"0\" cellpadding=\"0\" cellspacing=\"0\">\n<tbody>\n<tr>\n<th width=\"35%\" nowrap=\"nowrap\">Mindestbestellmenge:<\/th>\n<td>2<\/td>\n<\/tr>\n<tr>\n<th width=\"35%\" nowrap=\"nowrap\">Preis:<\/th>\n<td>Verhandlungsf\u00e4hig<\/td>\n<\/tr>\n<tr>\n<th width=\"35%\" nowrap=\"nowrap\">Einzelheiten zur Verpackung:<\/th>\n<td>Standard dicke PP Tasche, Marke wird mit Marke kommen Verpackung<\/td>\n<\/tr>\n<tr>\n<th width=\"35%\" nowrap=\"nowrap\">Lieferzeiten:<\/th>\n<td>5-15 Arbeitstage<\/td>\n<\/tr>\n<tr>\n<th width=\"35%\" nowrap=\"nowrap\">Zahlungsbedingungen:<\/th>\n<td>T\/T, Western Union<\/td>\n<\/tr>\n<tr>\n<th width=\"35%\" nowrap=\"nowrap\">Lieferf\u00e4higkeit:<\/th>\n<td>2000St\u00fcck\/Monat<\/td>\n<\/tr>\n<\/tbody>\n<\/table>","protected":false},"featured_media":6032,"comment_status":"closed","ping_status":"closed","template":"","meta":{"_gspb_post_css":""},"product_brand":[],"product_cat":[29],"product_tag":[],"class_list":{"0":"post-6036","1":"product","2":"type-product","3":"status-publish","4":"has-post-thumbnail","6":"product_cat-greek-opal-jewelry","8":"first","9":"instock","10":"shipping-taxable","11":"product-type-simple"},"aioseo_notices":[],"_links":{"self":[{"href":"https:\/\/dearjewelry.ltd\/de\/wp-json\/wp\/v2\/product\/6036","targetHints":{"allow":["GET"]}}],"collection":[{"href":"https:\/\/dearjewelry.ltd\/de\/wp-json\/wp\/v2\/product"}],"about":[{"href":"https:\/\/dearjewelry.ltd\/de\/wp-json\/wp\/v2\/types\/product"}],"replies":[{"embeddable":true,"href":"https:\/\/dearjewelry.ltd\/de\/wp-json\/wp\/v2\/comments?post=6036"}],"wp:featuredmedia":[{"embeddable":true,"href":"https:\/\/dearjewelry.ltd\/de\/wp-json\/wp\/v2\/media\/6032"}],"wp:attachment":[{"href":"https:\/\/dearjewelry.ltd\/de\/wp-json\/wp\/v2\/media?parent=6036"}],"wp:term":[{"taxonomy":"product_brand","embeddable":true,"href":"https:\/\/dearjewelry.ltd\/de\/wp-json\/wp\/v2\/product_brand?post=6036"},{"taxonomy":"product_cat","embeddable":true,"href":"https:\/\/dearjewelry.ltd\/de\/wp-json\/wp\/v2\/product_cat?post=6036"},{"taxonomy":"product_tag","embeddable":true,"href":"https:\/\/dearjewelry.ltd\/de\/wp-json\/wp\/v2\/product_tag?post=6036"}],"curies":[{"name":"wp","href":"https:\/\/api.w.org\/{rel}","templated":true}]}}