{"id":6023,"date":"2025-07-13T10:48:50","date_gmt":"2025-07-13T10:48:50","guid":{"rendered":"https:\/\/dearjewelry.ltd\/product\/oval-shape-semi-mount-jewelry-pendant-10x14mm-2-7g-weight-prong-setting-type\/"},"modified":"2025-07-13T10:48:50","modified_gmt":"2025-07-13T10:48:50","slug":"ovale-form-halbmontierter-schmuckanhanger-10x14mm-2-7g-gewicht-zackenfassung-typ","status":"publish","type":"product","link":"https:\/\/dearjewelry.ltd\/de\/produkt\/ovale-form-halbmontierter-schmuckanhanger-10x14mm-2-7g-gewicht-zackenfassung-typ\/","title":{"rendered":"Oval Form Semi Mount Schmuck Anh\u00e4nger 10\u00d714mm 2.7g Gewicht Prong Einstellung Typ"},"content":{"rendered":"<h2>Oval Form Semi Mount Schmuck Anh\u00e4nger 10\u00d714mm 2.7g Gewicht Prong Einstellung Typ<\/h2>\n<p> Beschreibung<\/p>\n<table cellpadding=\"0\" cellspacing=\"0\" class=\"details_table\">\n<tbody>\n<tr>\n<th>Material:<\/th>\n<td>14K\/18K Rose Gold<\/td>\n<th>Klarheit:<\/th>\n<td>Vs1-SI1<\/td>\n<\/tr>\n<tr class=\"bg_gray\">\n<th>Diamantenschliff:<\/th>\n<td>Rund<\/td>\n<th>Hauptstein Gr\u00f6\u00dfe:<\/th>\n<td>OV 10*14<\/td>\n<\/tr>\n<tr>\n<th>Farbe:<\/th>\n<td>Rose Gold<\/td>\n<th>Produktname:<\/th>\n<td>14k Rose Gold Semi Mount Anh\u00e4nger<\/td>\n<\/tr>\n<tr class=\"bg_gray\">\n<th>Gewicht:<\/th>\n<td>2.7g<\/td>\n<th>Satztyp:<\/th>\n<td>Zinkeneinstellung<\/td>\n<\/tr>\n<tr>\n<th colspan=\"1\">Helles Licht:<\/th>\n<td colspan=\"3\">\n<h2 style='font-weight: bold;font-size: 14px'>Semi Mount Schmuck 10mm<\/h2>\n<p>, <\/p>\n<h2 style='font-weight: bold;font-size: 14px'>Semi Mount Schmuck 14mm<\/h2>\n<p>, <\/p>\n<h2 style='font-weight: bold;font-size: 14px'>2,7g Semi Mount Anh\u00e4nger<\/h2>\n<\/td>\n<\/tr>\n<\/tbody>\n<\/table>\n<p><p><strong><span style=\"font-size:16px\">Ovale Form10*14mm echter Diamant 14K Rose Gold Semi Mount Anh\u00e4nger<\/span><\/strong><span style=\"font-size:16px\"><span style=\"font-family:arial,helvetica,sans-serif\"> <\/span><\/span><\/p>\n<table border=\"1\" cellpadding=\"0\" cellspacing=\"0\" style=\"width: 552px\">\n<tbody>\n<tr>\n<td style=\"width: 151px\">Artikel Nr.<\/td>\n<td style=\"width: 392px\">K3575P<\/td>\n<\/tr>\n<tr>\n<td style=\"width: 151px\">Produktname<\/td>\n<td style=\"width: 392px\">14K Rose Gold Semi Mount Anh\u00e4nger<\/td>\n<\/tr>\n<tr>\n<td style=\"width: 151px\">Stil<\/td>\n<td style=\"width: 392px\">Semi Mount Diamant Anh\u00e4nger<\/td>\n<\/tr>\n<tr>\n<td style=\"width: 151px\">Material<\/td>\n<td style=\"width: 392px\">&nbsp;14K Rose Gold&nbsp;<\/td>\n<\/tr>\n<tr>\n<td style=\"width: 151px\">Einstellung Typ<\/td>\n<td style=\"width: 392px\">Prong Handfassung<\/td>\n<\/tr>\n<tr>\n<td style=\"width: 151px\">Geschlecht<\/td>\n<td style=\"width: 392px\">Frauen\/M\u00e4dchen<\/td>\n<\/tr>\n<tr>\n<td style=\"width: 151px\"><span style=\", Helvetica, Arial, sans-serif\">Diamanten Reinheit<\/span><\/td>\n<td style=\"width: 392px\">Nat\u00fcrlicher Diamant VS1-SI1<\/td>\n<\/tr>\n<tr>\n<td style=\"width: 151px\">Anlass<\/td>\n<td style=\"width: 392px\">Jahrestag, Verlobung, Geschenk, Party, Hochzeit<\/td>\n<\/tr>\n<tr>\n<td style=\"width: 151px\">Diamanten Nummer<\/td>\n<td style=\"width: 392px\">Durchmesser 100 St\u00fcck 0,40ct<\/td>\n<\/tr>\n<\/tbody>\n<\/table>\n<p>Angaben zur Produktion :<\/p>\n<p>Winziger Diamant Informationen: 0.8~1.0mm&nbsp;<br \/>\nAnzahl der Diamanten: 100 St\u00fcck<br \/>\nKaratgewicht gesamt: 0,40ct<br \/>\nDurchschnittliche Farbe: D\/F<br \/>\nDurchschnittliche Reinheit:VS1-SI1<br \/>\nDurchschnittlicher Schnitt : Ausgezeichnet<br \/>\nFassung Typ : Zackenfassung<\/p>\n<p>&nbsp;<\/p>\n<p>Gr\u00f6\u00dfe des Hauptsteins: Oval 10*14mm, kann auch alle Gr\u00f6\u00dfen nach Ihrer Anfrage machen.<\/p>\n<p>&nbsp;<\/p>\n<p>Zeit der Herstellung: 12~15 Arbeitstage f\u00fcr die Herstellung, um die Qualit\u00e4t zu gew\u00e4hrleisten. und 4~8 Tage f\u00fcr die Lieferung.<\/p>\n<p>Der angegebene Preis gilt f\u00fcr eine Fassung, die einen einkar\u00e4tigen Stein in 14 Karat Gold aufnehmen kann.<\/p>\n<p>Bitte fragen Sie uns nach dem Preis f\u00fcr die Fassung in Platin oder h\u00f6herwertigem Gold oder nach einem gr\u00f6\u00dferen Mittelstein.<\/p>\n<p>&nbsp;<\/p>\n<p><span style=\"font-size:14px\"><strong>Warum wir?<\/strong><br \/>\n1: K-Gold hat etwa 21 Jahre Erfahrung im Schmuckbereich und 17 Jahre Produktionserfahrung.<br \/>\n2: Auch unser professionelles F &amp; E-Team, um sicherzustellen, dass unsere Produkte st\u00e4ndig aktualisiert werden und vor der Industrie. So haben wir mehr als 3000 verschiedene Entw\u00fcrfe und mehr dann 46 Sammlungen k\u00f6nnen von verschiedenen Marktanforderung treffen.<br \/>\n3: F\u00fcr kundenspezifische Artikel k\u00f6nnen Sie CAD am gleichen Tag oder am n\u00e4chsten Tag erhalten, um die Daten vor der Bestellung zu best\u00e4tigen.<br \/>\n4: Das Ziel von K-gold ist es, den Kunden die richtigen Produkte zum richtigen Preis anzubieten und rechtzeitig zu liefern.<br \/>\n5: Wir haben ein leistungsf\u00e4higes Kundendienstteam, das den gesamten Verkaufsprozess im Auge beh\u00e4lt und Ihnen bei allen Fragen hilft, vom CAD-Entwurf bis zur Lieferung.<\/span><\/p>\n<p>\n<font face=\"arial, helvetica, sans-serif\">Produkte zeigen:<\/font><\/p>\n<p><img decoding=\"async\" src=\"https:\/\/www.gold-jewellerys.com\/test\/gold-jewellerys.com\/photo\/pl36925790-remark.jpg\"><img decoding=\"async\" src=\"https:\/\/www.gold-jewellerys.com\/test\/gold-jewellerys.com\/photo\/pl36925791-remark.jpg\"><\/p>\n<p><img decoding=\"async\" src=\"https:\/\/www.gold-jewellerys.com\/test\/gold-jewellerys.com\/photo\/pl36316208-remark.jpg\"><\/p>\n<p>&nbsp;<\/p>\n<p><span style=\"font-size:14px\">Ansprechpartnerin: Nancy lee<br \/>\nWhatsApp: +86-18520267369 \/ Tell:+8618520267369<br \/>\nE-Mail: nancy@gzkgold.com<br \/>\nWebsite:<\/span><\/p>\n<p>&nbsp;<\/p>\n<p>FAQ:<\/p>\n<p>Q1: Wie steht es um die Qualit\u00e4t Ihrer Diamanten?<\/p>\n<p>A: Wir haben immer VS, SI G-H nat\u00fcrliche Diamanten verwendet, wenn Sie zu VVS \u00e4ndern wollen, sind auch verf\u00fcgbar, wir k\u00f6nnen Ihnen den genauen Preis nach Ihrer Anfrage anbieten.<\/p>\n<p>&nbsp;<\/p>\n<p>Q2: K\u00f6nnen Sie mein Logo anpassen?<br \/>\nA: Ja, absolut k\u00f6nnen Sie, bitte senden Sie uns Ihr LOGO, wir werden frei, es zu unterzeichnen. F\u00fcr Markenschmuck immer mit Orginal-Logo,<\/p>\n<p>und wenn Sie etwas Besonderes brauchen, lassen Sie es mich einfach wissen.<\/p>\n<p>&nbsp;<\/p>\n<p>F3: Kann ich 9K oder 10K Gold anstelle von 18K bestellen?<\/p>\n<p>A: Ja, sicher k\u00f6nnen Sie, die MOQ nur 5 St\u00fcck f\u00fcr 9K oder 10k Schmuck.<\/p>\n<p>&nbsp;<\/p>\n<p>F4: Kann ich ein Zertifikat erhalten?<\/p>\n<p>A: Ja, es gibt die zertifizierte, wenn Sie brauchen und Preis wird nicht die Geb\u00fchr enthalten. Der Diamant dort GIA-zertifiziert oder ohne es nur<\/p>\n<p>Lassen Sie es mich wissen, denn es gibt Preisunterschiede.<\/p>\n<p>&nbsp;<\/p>\n<p>Q5. Wie lange kann ich meine Waren erhalten?<\/p>\n<p>A: Bestellung wird immer nach der Anzahlung \u00fcber Ihre Bestellung bearbeitet. Making Zeit 2-10 Arbeitstage je nach Design Verarbeitung<\/p>\n<p>Schwierigkeit, plus 3-7 Tage Versandzeit Expressversandmethode in alle fo der Welt.<\/p>\n<p>&nbsp;<\/p>\n<p>F6: Stellen Sie Schmuck f\u00fcr private K\u00e4ufer oder nur f\u00fcr Gro\u00dfh\u00e4ndler her?<br \/>\nA: Eigentlich sind wir den gesamten Verkauf zu machen, die online zu verkaufen oder haben Sie Ihr eigenes Gesch\u00e4ft f\u00fcr Original-Designs, f\u00fcr die Marke Schmuck erlaubt den pers\u00f6nlichen K\u00e4ufer zu. Sie k\u00f6nnen feine Qualit\u00e4t Markenschmuck f\u00fcr Ihre Familie, Freunde und sich selbst zu Fabrikpreisen zu bestellen. Auch wird es gro\u00df sein, wenn Sie ein Schmuck Wiederverk\u00e4ufer sind. Wir bieten kostenlosen Versand und kostenlose Original-Marke-Boxen, wenn Sie viele Artikel jedes Mal bestellen k\u00f6nnen. Mehr Menge dann besten Preis.<\/p><\/p>","protected":false},"excerpt":{"rendered":"<br \/>\n<table class=\"tables data\" width=\"100%\" border=\"0\" cellpadding=\"0\" cellspacing=\"0\">\n<tbody>\n<tr>\n<th width=\"35%\">Ort der Herkunft:<\/th>\n<td>China<\/td>\n<\/tr>\n<tr>\n<th width=\"35%\">Markenname:<\/th>\n<td>K-Gold-Schmuck<\/td>\n<\/tr>\n<tr>\n<th width=\"35%\">Zertifizierung:<\/th>\n<td>Schmuck-Zertifikat<\/td>\n<\/tr>\n<tr>\n<th width=\"35%\">Modellnummer:<\/th>\n<td>K3575P<\/td>\n<\/tr>\n<\/tbody>\n<\/table>\n<p>                                                                            <span class=\"title_s\">Zahlungs- und Versandbedingungen:<\/span>                            <\/p>\n<table class=\"tables data\" width=\"100%\" border=\"0\" cellpadding=\"0\" cellspacing=\"0\">\n<tbody>\n<tr>\n<th width=\"35%\" nowrap=\"nowrap\">Mindestbestellmenge:<\/th>\n<td>3<\/td>\n<\/tr>\n<tr>\n<th width=\"35%\" nowrap=\"nowrap\">Preis:<\/th>\n<td>Verhandlungsf\u00e4hig<\/td>\n<\/tr>\n<tr>\n<th width=\"35%\" nowrap=\"nowrap\">Einzelheiten zur Verpackung:<\/th>\n<td>Standard dicke PP Tasche, Marke wird mit Marke kommen Verpackung<\/td>\n<\/tr>\n<tr>\n<th width=\"35%\" nowrap=\"nowrap\">Lieferzeiten:<\/th>\n<td>5-15 Arbeitstage<\/td>\n<\/tr>\n<tr>\n<th width=\"35%\" nowrap=\"nowrap\">Zahlungsbedingungen:<\/th>\n<td>T\/T, Western Union<\/td>\n<\/tr>\n<tr>\n<th width=\"35%\" nowrap=\"nowrap\">Lieferf\u00e4higkeit:<\/th>\n<td>2000St\u00fcck\/Monat<\/td>\n<\/tr>\n<\/tbody>\n<\/table>","protected":false},"featured_media":6019,"comment_status":"closed","ping_status":"closed","template":"","meta":{"_gspb_post_css":""},"product_brand":[],"product_cat":[29],"product_tag":[],"class_list":{"0":"post-6023","1":"product","2":"type-product","3":"status-publish","4":"has-post-thumbnail","6":"product_cat-greek-opal-jewelry","8":"first","9":"instock","10":"shipping-taxable","11":"product-type-simple"},"aioseo_notices":[],"_links":{"self":[{"href":"https:\/\/dearjewelry.ltd\/de\/wp-json\/wp\/v2\/product\/6023","targetHints":{"allow":["GET"]}}],"collection":[{"href":"https:\/\/dearjewelry.ltd\/de\/wp-json\/wp\/v2\/product"}],"about":[{"href":"https:\/\/dearjewelry.ltd\/de\/wp-json\/wp\/v2\/types\/product"}],"replies":[{"embeddable":true,"href":"https:\/\/dearjewelry.ltd\/de\/wp-json\/wp\/v2\/comments?post=6023"}],"wp:featuredmedia":[{"embeddable":true,"href":"https:\/\/dearjewelry.ltd\/de\/wp-json\/wp\/v2\/media\/6019"}],"wp:attachment":[{"href":"https:\/\/dearjewelry.ltd\/de\/wp-json\/wp\/v2\/media?parent=6023"}],"wp:term":[{"taxonomy":"product_brand","embeddable":true,"href":"https:\/\/dearjewelry.ltd\/de\/wp-json\/wp\/v2\/product_brand?post=6023"},{"taxonomy":"product_cat","embeddable":true,"href":"https:\/\/dearjewelry.ltd\/de\/wp-json\/wp\/v2\/product_cat?post=6023"},{"taxonomy":"product_tag","embeddable":true,"href":"https:\/\/dearjewelry.ltd\/de\/wp-json\/wp\/v2\/product_tag?post=6023"}],"curies":[{"name":"wp","href":"https:\/\/api.w.org\/{rel}","templated":true}]}}