{"id":6005,"date":"2025-07-13T10:48:42","date_gmt":"2025-07-13T10:48:42","guid":{"rendered":"https:\/\/dearjewelry.ltd\/product\/18k-yellow-gold-semi-mount-jewelry-pendant-0-43-carat-ctw-with-vs1-diamond\/"},"modified":"2025-07-13T10:48:42","modified_gmt":"2025-07-13T10:48:42","slug":"18k-gelbgold-semi-mount-schmuck-anhanger-0-43-karat-ctw-mit-vs1-diamant","status":"publish","type":"product","link":"https:\/\/dearjewelry.ltd\/de\/produkt\/18k-gelbgold-semi-mount-schmuck-anhanger-0-43-karat-ctw-mit-vs1-diamant\/","title":{"rendered":"18K Gelbgold Semi Mount Schmuck Anh\u00e4nger 0,43 Karat (Ctw) mit Vs1 Diamant"},"content":{"rendered":"<h2>18K Gelbgold Semi Mount Schmuck Anh\u00e4nger 0,43 Karat (Ctw) mit Vs1 Diamant<\/h2>\n<p> Beschreibung<\/p>\n<table cellpadding=\"0\" cellspacing=\"0\" class=\"details_table\">\n<tbody>\n<tr>\n<th>Metail:<\/th>\n<td>18K Gelbgold<\/td>\n<th>Diamanten Schliff:<\/th>\n<td>Ausgezeichneter Schnitt<\/td>\n<\/tr>\n<tr class=\"bg_gray\">\n<th>Diamanten Durchschnitt:<\/th>\n<td>Vs-SI1<\/td>\n<th>Zertifikat:<\/th>\n<td>Schmuck-Zertifikat<\/td>\n<\/tr>\n<tr>\n<th>Gr\u00f6\u00dfe des Anh\u00e4ngers:<\/th>\n<td>19.22MM H\u00f6he<\/td>\n<th>Ma\u00dfe des Anh\u00e4ngers:<\/th>\n<td>11,55 mm breit<\/td>\n<\/tr>\n<tr class=\"bg_gray\">\n<th>Hauptstein:<\/th>\n<td>Nach Kundenwunsch<\/td>\n<th>Gewicht des Anh\u00e4ngers:<\/th>\n<td>2.9g<\/td>\n<\/tr>\n<tr>\n<th colspan=\"1\">H\u00f6hepunkt:<\/th>\n<td colspan=\"3\">\n<h2 style='font-weight: bold;font-size: 14px'>Semi Mount Schmuck 0.43Karat<\/h2>\n<p>, <\/p>\n<h2 style='font-weight: bold;font-size: 14px'>18K Gelbgold Semi Mount-Schmuck<\/h2>\n<p>, <\/p>\n<h2 style='font-weight: bold;font-size: 14px'>Vs1 Diamant Semi Mount Anh\u00e4nger<\/h2>\n<\/td>\n<\/tr>\n<\/tbody>\n<\/table>\n<p><p><span style=\"font-size:16px\"><strong>0,43 Karat (Ctw) 18K Gelbgold Vs1 Diamant Semi Mount Damen Anh\u00e4nger<\/strong><\/span> <span style=\"font-size:16px\"><span style=\"font-family:arial,helvetica,sans-serif\"> <\/span><\/span><\/p>\n<table border=\"1\" cellpadding=\"0\" cellspacing=\"0\" style=\"width: 558px\">\n<tbody>\n<tr>\n<td style=\"width: 151px\">Artikel Nr.<\/td>\n<td style=\"width: 398px\">K3580P<\/td>\n<\/tr>\n<tr>\n<td style=\"width: 151px\">Produktname<\/td>\n<td style=\"width: 398px\">18K Gelbgold Halbmount-Anh\u00e4nger<\/td>\n<\/tr>\n<tr>\n<td style=\"width: 151px\">Material<\/td>\n<td style=\"width: 398px\">18K Gelbgold&nbsp;<\/td>\n<\/tr>\n<tr>\n<td style=\"width: 151px\">Einstellung Typ<\/td>\n<td style=\"width: 398px\">Prong Handfassung<\/td>\n<\/tr>\n<tr>\n<td style=\"width: 151px\">Geschlecht<\/td>\n<td style=\"width: 398px\">Damen<\/td>\n<\/tr>\n<tr>\n<td style=\"width: 151px\"><span style=\", Helvetica, Arial, sans-serif\">Diamanten Reinheit<\/span><\/td>\n<td style=\"width: 398px\">Nat\u00fcrlicher Diamant VS1-SI1<\/td>\n<\/tr>\n<tr>\n<td style=\"width: 151px\">Hauptstein<\/td>\n<td style=\"width: 398px\">Akzeptieren Sie anpassen \/ Kundenangebot zur Verf\u00fcgung, Kissen 5 * 5 mm<\/td>\n<\/tr>\n<tr>\n<td style=\"width: 151px\">Winziger Stein<\/td>\n<td style=\"width: 398px\">Durchmesser 33 St\u00fcck 0,43ct<\/td>\n<\/tr>\n<tr>\n<td style=\"width: 151px\">Anlass<\/td>\n<td style=\"width: 398px\">Jahrestag, Verlobung, Geschenk, Party, Hochzeit<\/td>\n<\/tr>\n<\/tbody>\n<\/table>\n<p>&nbsp;<\/p>\n<p>Angaben zur Produktion :<\/p>\n<p>Anh\u00e4nger misst 19.22MM H\u00f6he<\/p>\n<p>Anh\u00e4nger Ma\u00dfnahmen 11.55MM breit<\/p>\n<p>Gewicht: 2,9 Gramm<\/p>\n<p>&nbsp;<\/p>\n<p>Winziger Diamant Informationen: 1,5 mm&nbsp;<br \/>\nAnzahl der Diamanten : 33 St\u00fcck<br \/>\nKaratgewicht gesamt: 0,43ct<br \/>\nDurchschnittliche Farbe: D\/F<br \/>\nDurchschnittliche Reinheit: VS-S1<br \/>\nDurchschnittlicher Schnitt : Ausgezeichnet<br \/>\nFassung Typ : Zackenfassung<\/p>\n<p>&nbsp;<\/p>\n<p>Diese Halbfassung wird auf Bestellung gefertigt. Wir nehmen Bestellungen f\u00fcr ma\u00dfgefertigte Schmuckst\u00fccke nach Ihren Angaben an. Sie wird nach den Ma\u00dfen Ihres Edelsteins gestaltet.<\/p>\n<p>Metall-Optionen: 14K Gold, 18K Gold, Pt900-Pt950 Platin<\/p>\n<p>&nbsp;<\/p>\n<p>Gr\u00f6\u00dfe: Alle Gr\u00f6\u00dfen<\/p>\n<p>Herstellungszeit: 13 Arbeitstage f\u00fcr die Herstellung und 3 Tage f\u00fcr die Lieferung.<\/p>\n<p>Der angegebene Preis entspricht der tats\u00e4chlichen Anfrage des Kunden, lassen Sie uns bitte Ihre speziellen Details wissen,<\/p>\n<p>Wir werden den besten Preis f\u00fcr Sie ermitteln.&nbsp;<\/p>\n<p>&nbsp;<\/p>\n<p><span style=\"font-size:16px\"><strong><span style=\"font-family:arial,helvetica,sans-serif\">K-Gold Werksdienst:<\/span><\/strong><\/span><\/p>\n<p><img decoding=\"async\" src=\"https:\/\/www.gold-jewellerys.com\/test\/gold-jewellerys.com\/photo\/pl36153526-remark.jpg\"><img decoding=\"async\" src=\"https:\/\/www.gold-jewellerys.com\/test\/gold-jewellerys.com\/photo\/pl36123393-remark.jpg\"><\/p>\n<p>&nbsp;<\/p>\n<p><span style=\"font-size:14px\">Ansprechpartnerin: Nancy lee<br \/>\nWhatsApp: +86-18520267369 \/ Tell:+8618520267369<br \/>\nE-Mail: nancy@gzkgold.com<br \/>\nWebsite:<\/span><\/p>\n<p>&nbsp;<\/p>\n<p>FAQ:<\/p>\n<p>Q1: Wie steht es um die Qualit\u00e4t Ihrer Diamanten?<\/p>\n<p>A: Wir haben immer VS, SI G-H nat\u00fcrliche Diamanten verwendet, wenn Sie zu VVS \u00e4ndern wollen, sind auch verf\u00fcgbar, wir k\u00f6nnen Ihnen den genauen Preis nach Ihrer Anfrage anbieten.<\/p>\n<p>&nbsp;<\/p>\n<p>Q2: K\u00f6nnen Sie mein Logo anpassen?<br \/>\nA: Ja, absolut k\u00f6nnen Sie, bitte senden Sie uns Ihr LOGO, wir werden frei, es zu unterzeichnen. F\u00fcr Markenschmuck immer mit Orginal-Logo,<\/p>\n<p>und wenn Sie etwas Besonderes brauchen, lassen Sie es mich einfach wissen.<\/p>\n<p>&nbsp;<\/p>\n<p>F3: Kann ich 9K oder 10K Gold anstelle von 18K bestellen?<\/p>\n<p>A: Ja, sicher k\u00f6nnen Sie, die MOQ nur 5 St\u00fcck f\u00fcr 9K oder 10k Schmuck.<\/p>\n<p>&nbsp;<\/p>\n<p>F4: Kann ich ein Zertifikat erhalten?<\/p>\n<p>A: Ja, es gibt die zertifizierte, wenn Sie brauchen und Preis wird nicht die Geb\u00fchr enthalten. Der Diamant dort GIA-zertifiziert oder ohne es nur<\/p>\n<p>Lassen Sie es mich wissen, denn es gibt Preisunterschiede.<\/p>\n<p>&nbsp;<\/p>\n<p>Q5. Wie lange kann ich meine Waren erhalten?<\/p>\n<p>A: Bestellung wird immer nach der Anzahlung \u00fcber Ihre Bestellung bearbeitet. Making Zeit 2-10 Arbeitstage je nach Design Verarbeitung<\/p>\n<p>Schwierigkeit, plus 3-7 Tage Versandzeit Expressversandmethode in alle fo der Welt.<\/p>\n<p>&nbsp;<\/p>\n<p>F6: Stellen Sie Schmuck f\u00fcr private K\u00e4ufer oder nur f\u00fcr Gro\u00dfh\u00e4ndler her?<br \/>\nA: Eigentlich sind wir den gesamten Verkauf zu machen, die online zu verkaufen oder haben Sie Ihr eigenes Gesch\u00e4ft f\u00fcr Original-Designs, f\u00fcr die Marke Schmuck erlaubt den pers\u00f6nlichen K\u00e4ufer zu. Sie k\u00f6nnen feine Qualit\u00e4t Markenschmuck f\u00fcr Ihre Familie, Freunde und sich selbst zu Fabrikpreisen zu bestellen. Auch wird es gro\u00df sein, wenn Sie ein Schmuck Wiederverk\u00e4ufer sind. Wir bieten kostenlosen Versand und kostenlose Original-Marken-Boxen, wenn Sie viele Artikel jedes Mal bestellen k\u00f6nnen. Mehr Menge dann bester Preis&nbsp;<\/p>\n<p>&nbsp;<\/p>\n<p><strong><span style=\"font-family:arial,helvetica,sans-serif\"><span style=\"font-size:16px\">K Gold guter Service:<\/span><\/span><\/strong><\/p>\n<p>Das Ziel von K-gold ist es, den Kunden die richtigen Produkte zum richtigen Preis anzubieten und rechtzeitig zu liefern. wir haben ein leistungsf\u00e4higes Kundenservice-Team, das den gesamten Verkaufsprozess im Auge beh\u00e4lt und Ihnen bei allen Fragen hilft, vom CAD-Design bis zur Lieferung.<\/p><\/p>","protected":false},"excerpt":{"rendered":"<br \/>\n<table class=\"tables data\" width=\"100%\" border=\"0\" cellpadding=\"0\" cellspacing=\"0\">\n<tbody>\n<tr>\n<th width=\"35%\">Ort der Herkunft:<\/th>\n<td>China<\/td>\n<\/tr>\n<tr>\n<th width=\"35%\">Markenname:<\/th>\n<td>K-Gold-Schmuck<\/td>\n<\/tr>\n<tr>\n<th width=\"35%\">Zertifizierung:<\/th>\n<td>Schmuck-Zertifikat<\/td>\n<\/tr>\n<tr>\n<th width=\"35%\">Modellnummer:<\/th>\n<td>K3580P<\/td>\n<\/tr>\n<\/tbody>\n<\/table>\n<p>                                                                            <span class=\"title_s\">Zahlungs- und Versandbedingungen:<\/span>                            <\/p>\n<table class=\"tables data\" width=\"100%\" border=\"0\" cellpadding=\"0\" cellspacing=\"0\">\n<tbody>\n<tr>\n<th width=\"35%\" nowrap=\"nowrap\">Mindestbestellmenge:<\/th>\n<td>2<\/td>\n<\/tr>\n<tr>\n<th width=\"35%\" nowrap=\"nowrap\">Preis:<\/th>\n<td>Verhandlungsf\u00e4hig<\/td>\n<\/tr>\n<tr>\n<th width=\"35%\" nowrap=\"nowrap\">Einzelheiten zur Verpackung:<\/th>\n<td>Standard dicke PP Tasche, Marke wird mit Marke kommen Verpackung<\/td>\n<\/tr>\n<tr>\n<th width=\"35%\" nowrap=\"nowrap\">Lieferzeiten:<\/th>\n<td>5-15 Arbeitstage<\/td>\n<\/tr>\n<tr>\n<th width=\"35%\" nowrap=\"nowrap\">Zahlungsbedingungen:<\/th>\n<td>T\/T, Western Union<\/td>\n<\/tr>\n<tr>\n<th width=\"35%\" nowrap=\"nowrap\">Lieferf\u00e4higkeit:<\/th>\n<td>2000St\u00fcck\/Monat<\/td>\n<\/tr>\n<\/tbody>\n<\/table>\n<p>                                                                                                                                \", \"countrycode\": \"US\"}\");' class=\"btn contact_btn\" style=\"display: inline-block;background:#ff771c url(\/images\/css-sprite.png) -260px -214px;color:#fff;padding:0 13px 0 33px;width:auto;height:25px;line-height:26px;border:0;font-size:13px;border-radius:4px;font-weight:bold;text-decoration:none;\"&gt;<\/p>","protected":false},"featured_media":6001,"comment_status":"closed","ping_status":"closed","template":"","meta":{"_gspb_post_css":""},"product_brand":[],"product_cat":[29],"product_tag":[],"class_list":{"0":"post-6005","1":"product","2":"type-product","3":"status-publish","4":"has-post-thumbnail","6":"product_cat-greek-opal-jewelry","8":"first","9":"instock","10":"shipping-taxable","11":"product-type-simple"},"aioseo_notices":[],"_links":{"self":[{"href":"https:\/\/dearjewelry.ltd\/de\/wp-json\/wp\/v2\/product\/6005","targetHints":{"allow":["GET"]}}],"collection":[{"href":"https:\/\/dearjewelry.ltd\/de\/wp-json\/wp\/v2\/product"}],"about":[{"href":"https:\/\/dearjewelry.ltd\/de\/wp-json\/wp\/v2\/types\/product"}],"replies":[{"embeddable":true,"href":"https:\/\/dearjewelry.ltd\/de\/wp-json\/wp\/v2\/comments?post=6005"}],"wp:featuredmedia":[{"embeddable":true,"href":"https:\/\/dearjewelry.ltd\/de\/wp-json\/wp\/v2\/media\/6001"}],"wp:attachment":[{"href":"https:\/\/dearjewelry.ltd\/de\/wp-json\/wp\/v2\/media?parent=6005"}],"wp:term":[{"taxonomy":"product_brand","embeddable":true,"href":"https:\/\/dearjewelry.ltd\/de\/wp-json\/wp\/v2\/product_brand?post=6005"},{"taxonomy":"product_cat","embeddable":true,"href":"https:\/\/dearjewelry.ltd\/de\/wp-json\/wp\/v2\/product_cat?post=6005"},{"taxonomy":"product_tag","embeddable":true,"href":"https:\/\/dearjewelry.ltd\/de\/wp-json\/wp\/v2\/product_tag?post=6005"}],"curies":[{"name":"wp","href":"https:\/\/api.w.org\/{rel}","templated":true}]}}