{"id":5993,"date":"2025-07-13T10:48:37","date_gmt":"2025-07-13T10:48:37","guid":{"rendered":"https:\/\/dearjewelry.ltd\/product\/0-9ct-oval-semi-mount-jewelry-ring18k-white-gold-material-prong-setting-type\/"},"modified":"2025-07-13T10:48:37","modified_gmt":"2025-07-13T10:48:37","slug":"0-9ct-oval-semi-mount-schmuck-ring18k-weisgold-material-zackenfassung-typ","status":"publish","type":"product","link":"https:\/\/dearjewelry.ltd\/de\/produkt\/0-9ct-oval-semi-mount-schmuck-ring18k-weisgold-material-zackenfassung-typ\/","title":{"rendered":"0,9ct Oval Semi Mount Schmuck Ring18K Wei\u00dfgold Material Zackenfassung Typ"},"content":{"rendered":"<h2>0,9ct Oval Semi Mount Schmuck Ring18K Wei\u00dfgold Material Zackenfassung Typ<\/h2>\n<p> Beschreibung<\/p>\n<table cellpadding=\"0\" cellspacing=\"0\" class=\"details_table\">\n<tbody>\n<tr>\n<th>Schmuck Typ:<\/th>\n<td>Diamant-Halbmonitore<\/td>\n<th>Einstellung Typ:<\/th>\n<td>Zinkeneinstellung<\/td>\n<\/tr>\n<tr class=\"bg_gray\">\n<th>Material:<\/th>\n<td>14K Wei\u00dfgold\/18K Gold<\/td>\n<th>Diamanten Schliff:<\/th>\n<td>Ausgezeichneter Schnitt<\/td>\n<\/tr>\n<tr>\n<th>Ringgr\u00f6\u00dfe:<\/th>\n<td>Jede Gr\u00f6\u00dfe ist verf\u00fcgbar #4~#12<\/td>\n<th>Hauptstein Schliff:<\/th>\n<td>Oval<\/td>\n<\/tr>\n<tr class=\"bg_gray\">\n<th>Diamanten Durchschnitt:<\/th>\n<td>Vs-SI1<\/td>\n<th>Zertifikat:<\/th>\n<td>Schmuck-Zertifikat<\/td>\n<\/tr>\n<tr>\n<th colspan=\"1\">Helles Licht:<\/th>\n<td colspan=\"3\">\n<h2 style='font-weight: bold;font-size: 14px'>Semi Mount Schmuck 0,9ct<\/h2>\n<p>, <\/p>\n<h2 style='font-weight: bold;font-size: 14px'>18K Wei\u00dfgold Semi Mount-Schmuck<\/h2>\n<p>, <\/p>\n<h2 style='font-weight: bold;font-size: 14px'>Ring mit Zackenfassung aus 18K Wei\u00dfgold<\/h2>\n<\/td>\n<\/tr>\n<\/tbody>\n<\/table>\n<p><p><span style=\"font-size:16px\"><span style=\"font-family:arial,helvetica,sans-serif\">0,9ct Vs nat\u00fcrliche Diamanten Oval Ring in 18K Wei\u00dfgold Semi Mount Schmuck <\/span><\/span><\/p>\n<table border=\"1\" cellpadding=\"0\" cellspacing=\"0\" style=\"width: 558px\">\n<tbody>\n<tr>\n<td style=\"width: 151px\">Artikel Nr.<\/td>\n<td style=\"width: 398px\">K3568R<\/td>\n<\/tr>\n<tr>\n<td style=\"width: 151px\">Produktname<\/td>\n<td style=\"width: 398px\">18K Wei\u00dfgold Halbmond Oval Ring<\/td>\n<\/tr>\n<tr>\n<td style=\"width: 151px\">Stil<\/td>\n<td style=\"width: 398px\">Semi Mount Verlobungsring<\/td>\n<\/tr>\n<tr>\n<td style=\"width: 151px\">Material<\/td>\n<td style=\"width: 398px\">18K Wei\u00dfgold&nbsp;<\/td>\n<\/tr>\n<tr>\n<td style=\"width: 151px\">Einstellung Typ<\/td>\n<td style=\"width: 398px\">Prong Handfassung<\/td>\n<\/tr>\n<tr>\n<td style=\"width: 151px\">Geschlecht<\/td>\n<td style=\"width: 398px\">Frauen<\/td>\n<\/tr>\n<tr>\n<td style=\"width: 151px\"><span style=\", Helvetica, Arial, sans-serif\">Diamanten Reinheit<\/span><\/td>\n<td style=\"width: 398px\">Nat\u00fcrlicher Diamant VS1-SI1<\/td>\n<\/tr>\n<tr>\n<td style=\"width: 151px\">Hauptstein<\/td>\n<td style=\"width: 398px\">Akzeptieren Sie anpassen \/ Kundenangebot zur Verf\u00fcgung, Ov 7 * 9MM<\/td>\n<\/tr>\n<tr>\n<td style=\"width: 151px\">Winziger Stein<\/td>\n<td style=\"width: 398px\">Durchmesser 40 St\u00fcck 0,9ct<\/td>\n<\/tr>\n<tr>\n<td style=\"width: 151px\">Anlass<\/td>\n<td style=\"width: 398px\">Jahrestag, Verlobung, Geschenk, Party, Hochzeit<\/td>\n<\/tr>\n<tr>\n<td style=\"width: 151px\">Ringgr\u00f6\u00dfe<\/td>\n<td style=\"width: 398px\">Jede Gr\u00f6\u00dfe erh\u00e4ltlich #4#5,#6#7#8#9#10#11#12<\/td>\n<\/tr>\n<\/tbody>\n<\/table>\n<p>&nbsp;<\/p>\n<p>Angaben zur Produktion :<\/p>\n<p>Informationen zum Hauptstein: Individuell verf\u00fcgbar \/ Kundenangebot<br \/>\nKaratgewicht gesamt:1,5+ct<\/p>\n<p>Manin Stein Gr\u00f6\u00dfe: Ov 7*9 mm<\/p>\n<p>&nbsp;<\/p>\n<p>Winziger Diamant Informationen: 1,5 mm&nbsp;<br \/>\nAnzahl der Diamanten: 40 St\u00fcck<br \/>\nKaratgewicht gesamt: 0,52ct<br \/>\nDurchschnittliche Farbe: D\/F<br \/>\nDurchschnittliche Reinheit: VS-S1<br \/>\nDurchschnittlicher Schnitt : Ausgezeichnet<br \/>\nFassung Typ : Zackenfassung<\/p>\n<p>&nbsp;<\/p>\n<p>Diese Diamant-Halbfassungen kommen mit diamantbesetzten Sch\u00e4ften und dramatischen Mittelsteinen gro\u00df heraus. Diese Kollektion bietet viele verschiedene Halo-Optionen, einige sogar mit einem doppelten Halo. Ein atemberaubender Halo-Ring weist Baguette- und runde Diamanten auf, die als Pflaster oder im Kanal in den Schaft eingesetzt sind. Der umgebende Halo ist ebenfalls mit wundersch\u00f6nen runden wei\u00dfen Diamanten besetzt. Ein doppelter Halo sitzt auf einem anderen Ring mit einem geteilten Schaft, der mit runden wei\u00dfen Diamanten besetzt ist. Die Filigranit\u00e4t des Rings verleiht ihm ein k\u00fcnstlerisches Flair und macht ihn zu einem wirklich einzigartigen St\u00fcck.<\/p>\n<p>&nbsp;<\/p>\n<p><span style=\"font-size:14px\"><span style=\"font-family:arial,helvetica,sans-serif\">Warum uns w\u00e4hlen:<\/span><\/span><br \/>\n<span style=\"font-size:14px\"><span style=\"font-family:arial,helvetica,sans-serif\">1: K-Gold hat etwa 21 Jahre Erfahrung im Schmuckbereich und 17 Jahre Produktionserfahrung.<\/span><\/span><br \/>\n<span style=\"font-size:14px\"><span style=\"font-family:arial,helvetica,sans-serif\">2: Auch unser professionelles F &amp; E-Team, um sicherzustellen, dass unsere Produkte st\u00e4ndig aktualisiert werden und vor der Industrie. So haben wir mehr als 3000 verschiedene Entw\u00fcrfe und mehr dann 46 Sammlungen k\u00f6nnen von verschiedenen Marktanforderung treffen.<\/span><\/span><br \/>\n<span style=\"font-size:14px\"><span style=\"font-family:arial,helvetica,sans-serif\">3: F\u00fcr kundenspezifische Artikel k\u00f6nnen Sie CAD am gleichen Tag oder am n\u00e4chsten Tag erhalten, um die Daten vor der Bestellung zu best\u00e4tigen.<\/span><\/span><br \/>\n<span style=\"font-size:14px\"><span style=\"font-family:arial,helvetica,sans-serif\">4: Das Ziel von K-gold ist es, den Kunden die richtigen Produkte zum richtigen Preis anzubieten und rechtzeitig zu liefern.<\/span><\/span><br \/>\n<span style=\"font-size:14px\"><span style=\"font-family:arial,helvetica,sans-serif\">5: Wir haben ein leistungsf\u00e4higes Kundendienstteam, das den gesamten Verkaufsprozess im Auge beh\u00e4lt und Ihnen bei allen Fragen hilft, vom CAD-Entwurf bis zur Lieferung.<\/span><\/span><br \/>\n<span style=\"font-size:14px\"><span style=\"font-family:arial,helvetica,sans-serif\">K-Gold Werksdienst:<\/span><\/span><\/p>\n<p><img decoding=\"async\" src=\"https:\/\/www.gold-jewellerys.com\/test\/gold-jewellerys.com\/photo\/pl36314863-remark.jpg\"><img decoding=\"async\" src=\"https:\/\/www.gold-jewellerys.com\/test\/gold-jewellerys.com\/photo\/pl36230797-remark.jpg\"><\/p>\n<p>&nbsp;<\/p>\n<p><span style=\"font-size:14px\">Ansprechpartnerin: Nancy lee<br \/>\nWhatsApp: +86-18520267369 \/ Tell:+8618520267369<br \/>\nE-Mail: nancy@gzkgold.com<br \/>\nWebsite:<\/span><\/p>\n<p>&nbsp;<\/p>\n<p>FAQ:<\/p>\n<p>Q1: Wie steht es um die Qualit\u00e4t Ihrer Diamanten?<\/p>\n<p>A: Wir haben immer VS, SI G-H nat\u00fcrliche Diamanten verwendet, wenn Sie zu VVS \u00e4ndern wollen, sind auch verf\u00fcgbar, wir k\u00f6nnen Ihnen den genauen Preis nach Ihrer Anfrage anbieten.<\/p>\n<p>&nbsp;<\/p>\n<p>Q2: K\u00f6nnen Sie mein Logo anpassen?<br \/>\nA: Ja, absolut k\u00f6nnen Sie, bitte senden Sie uns Ihr LOGO, wir werden frei, es zu unterzeichnen. F\u00fcr Markenschmuck immer mit Orginal-Logo,<\/p>\n<p>und wenn Sie etwas Besonderes brauchen, lassen Sie es mich einfach wissen.<\/p>\n<p>&nbsp;<\/p>\n<p>F3: Kann ich 9K oder 10K Gold anstelle von 18K bestellen?<\/p>\n<p>A: Ja, sicher k\u00f6nnen Sie, die MOQ nur 5 St\u00fcck f\u00fcr 9K oder 10k Schmuck.<\/p>\n<p>&nbsp;<\/p>\n<p>F4: Kann ich ein Zertifikat erhalten?<\/p>\n<p>A: Ja, es gibt die zertifizierte, wenn Sie brauchen und Preis wird nicht die Geb\u00fchr enthalten. Der Diamant dort GIA-zertifiziert oder ohne es nur<\/p>\n<p>Lassen Sie es mich wissen, denn es gibt Preisunterschiede.<\/p>\n<p>&nbsp;<\/p>\n<p>Q5. Wie lange kann ich meine Waren erhalten?<\/p>\n<p>A: Bestellung wird immer nach der Anzahlung \u00fcber Ihre Bestellung bearbeitet. Making Zeit 2-10 Arbeitstage je nach Design Verarbeitung<\/p>\n<p>Schwierigkeit, plus 3-7 Tage Versandzeit Expressversandmethode in alle fo der Welt.<\/p>\n<p>&nbsp;<\/p>\n<p>F6: Stellen Sie Schmuck f\u00fcr private K\u00e4ufer oder nur f\u00fcr Gro\u00dfh\u00e4ndler her?<br \/>\nA: Eigentlich sind wir den gesamten Verkauf zu machen, die online zu verkaufen oder haben Sie Ihr eigenes Gesch\u00e4ft f\u00fcr Original-Designs, f\u00fcr die Marke Schmuck erlaubt den pers\u00f6nlichen K\u00e4ufer zu. Sie k\u00f6nnen feine Qualit\u00e4t Markenschmuck f\u00fcr Ihre Familie, Freunde und sich selbst zu Fabrikpreisen zu bestellen. Auch wird es gro\u00df sein, wenn Sie ein Schmuck Wiederverk\u00e4ufer sind. Wir bieten kostenlosen Versand und kostenlose Original-Marke-Boxen, wenn Sie viele Artikel jedes Mal bestellen k\u00f6nnen. Mehr Menge dann besten Preis.<\/p><\/p>","protected":false},"excerpt":{"rendered":"<br \/>\n<table class=\"tables data\" width=\"100%\" border=\"0\" cellpadding=\"0\" cellspacing=\"0\">\n<tbody>\n<tr>\n<th width=\"35%\">Ort der Herkunft:<\/th>\n<td>China<\/td>\n<\/tr>\n<tr>\n<th width=\"35%\">Markenname:<\/th>\n<td>K-Gold-Schmuck<\/td>\n<\/tr>\n<tr>\n<th width=\"35%\">Zertifizierung:<\/th>\n<td>Schmuck-Zertifikat<\/td>\n<\/tr>\n<tr>\n<th width=\"35%\">Modellnummer:<\/th>\n<td>K3568R<\/td>\n<\/tr>\n<\/tbody>\n<\/table>\n<p>                                                                            <span class=\"title_s\">Zahlungs- und Versandbedingungen:<\/span>                            <\/p>\n<table class=\"tables data\" width=\"100%\" border=\"0\" cellpadding=\"0\" cellspacing=\"0\">\n<tbody>\n<tr>\n<th width=\"35%\" nowrap=\"nowrap\">Mindestbestellmenge:<\/th>\n<td>2<\/td>\n<\/tr>\n<tr>\n<th width=\"35%\" nowrap=\"nowrap\">Preis:<\/th>\n<td>Verhandlungsf\u00e4hig<\/td>\n<\/tr>\n<tr>\n<th width=\"35%\" nowrap=\"nowrap\">Einzelheiten zur Verpackung:<\/th>\n<td>Standard dicke PP Tasche, Marke wird mit Marke kommen Verpackung<\/td>\n<\/tr>\n<tr>\n<th width=\"35%\" nowrap=\"nowrap\">Lieferzeiten:<\/th>\n<td>5-15 Arbeitstage<\/td>\n<\/tr>\n<tr>\n<th width=\"35%\" nowrap=\"nowrap\">Zahlungsbedingungen:<\/th>\n<td>T\/T, Western Union<\/td>\n<\/tr>\n<tr>\n<th width=\"35%\" nowrap=\"nowrap\">Lieferf\u00e4higkeit:<\/th>\n<td>2000St\u00fcck\/Monat<\/td>\n<\/tr>\n<\/tbody>\n<\/table>","protected":false},"featured_media":5989,"comment_status":"closed","ping_status":"closed","template":"","meta":{"_gspb_post_css":""},"product_brand":[],"product_cat":[29],"product_tag":[],"class_list":{"0":"post-5993","1":"product","2":"type-product","3":"status-publish","4":"has-post-thumbnail","6":"product_cat-greek-opal-jewelry","8":"first","9":"instock","10":"shipping-taxable","11":"product-type-simple"},"aioseo_notices":[],"_links":{"self":[{"href":"https:\/\/dearjewelry.ltd\/de\/wp-json\/wp\/v2\/product\/5993","targetHints":{"allow":["GET"]}}],"collection":[{"href":"https:\/\/dearjewelry.ltd\/de\/wp-json\/wp\/v2\/product"}],"about":[{"href":"https:\/\/dearjewelry.ltd\/de\/wp-json\/wp\/v2\/types\/product"}],"replies":[{"embeddable":true,"href":"https:\/\/dearjewelry.ltd\/de\/wp-json\/wp\/v2\/comments?post=5993"}],"wp:featuredmedia":[{"embeddable":true,"href":"https:\/\/dearjewelry.ltd\/de\/wp-json\/wp\/v2\/media\/5989"}],"wp:attachment":[{"href":"https:\/\/dearjewelry.ltd\/de\/wp-json\/wp\/v2\/media?parent=5993"}],"wp:term":[{"taxonomy":"product_brand","embeddable":true,"href":"https:\/\/dearjewelry.ltd\/de\/wp-json\/wp\/v2\/product_brand?post=5993"},{"taxonomy":"product_cat","embeddable":true,"href":"https:\/\/dearjewelry.ltd\/de\/wp-json\/wp\/v2\/product_cat?post=5993"},{"taxonomy":"product_tag","embeddable":true,"href":"https:\/\/dearjewelry.ltd\/de\/wp-json\/wp\/v2\/product_tag?post=5993"}],"curies":[{"name":"wp","href":"https:\/\/api.w.org\/{rel}","templated":true}]}}