{"id":5567,"date":"2025-07-13T10:45:47","date_gmt":"2025-07-13T10:45:47","guid":{"rendered":"https:\/\/dearjewelry.ltd\/product\/0-54ct-gold-star-diamond-ring-1-3mm-18k-gold-engagement-ring-for-women-girl\/"},"modified":"2025-07-13T10:45:47","modified_gmt":"2025-07-13T10:45:47","slug":"0-54ct-gold-stern-diamantring-1-3mm-18k-gold-verlobungsring-fur-frauen-madchen","status":"publish","type":"product","link":"https:\/\/dearjewelry.ltd\/de\/produkt\/0-54ct-gold-stern-diamantring-1-3mm-18k-gold-verlobungsring-fur-frauen-madchen\/","title":{"rendered":"0,54ct Gold Star Diamond Ring, 1,3mm 18k Gold Verlobungsring f\u00fcr Frauen M\u00e4dchen"},"content":{"rendered":"<h2>0,54ct Gold Star Diamond Ring, 1,3mm 18k Gold Verlobungsring f\u00fcr Frauen M\u00e4dchen<\/h2>\n<p> Beschreibung<\/p>\n<table cellpadding=\"0\" cellspacing=\"0\" class=\"details_table\">\n<tbody>\n<tr>\n<th>Material:<\/th>\n<td>18K Gold<\/td>\n<th>Stein Gr\u00f6\u00dfe:<\/th>\n<td>RD 1,3 mm<\/td>\n<\/tr>\n<tr class=\"bg_gray\">\n<th>Stein Gewicht:<\/th>\n<td>Etwa 0,54ct<\/td>\n<th>Ringgr\u00f6\u00dfe:<\/th>\n<td>#5 #6 #7 #8 #9 #10,anpassen<\/td>\n<\/tr>\n<tr>\n<th>Geschlecht:<\/th>\n<td>Frauen, Kinder<\/td>\n<th>Steinform:<\/th>\n<td>Runde Form<\/td>\n<\/tr>\n<tr class=\"bg_gray\">\n<th>Zahlungsbedingungen:<\/th>\n<td>Western Union\/TT\/Paypal<\/td>\n<th>Ort der Herkunft:<\/th>\n<td>China<\/td>\n<\/tr>\n<tr>\n<th colspan=\"1\">H\u00f6hepunkt:<\/th>\n<td colspan=\"3\">\n<h2 style='font-weight: bold;font-size: 14px'>0,54ct Gold Star Diamond Ring<\/h2>\n<p>, <\/p>\n<h2 style='font-weight: bold;font-size: 14px'>1,3mm Gold Stern Diamant Ring<\/h2>\n<\/td>\n<\/tr>\n<\/tbody>\n<\/table>\n<p><p><span style=\"font-size:16px\"><strong><span style=\"font-family:arial,helvetica,sans-serif\">Beschreibung des Produkts:<\/span><\/strong><\/span><\/p>\n<p><span style=\"font-size:16px\"><span style=\"font-family:arial,helvetica,sans-serif\"><strong>Real Diamond Jewellery 18k Gold Star Diamond Ring f\u00fcr Frauen M\u00e4dchen<\/strong><\/span><\/span><\/p>\n<p>&nbsp;<\/p>\n<p><strong><span style=\"font-size:16px\">Einzelheiten zum Produkt:&nbsp;<\/span><\/strong><\/p>\n<table border=\"1\" cellpadding=\"0\" cellspacing=\"0\" style=\"width: 651px\">\n<tbody>\n<tr>\n<td style=\"width: 162px\"><span style=\"font-size:16px\">Artikel Nr.<\/span><\/td>\n<td style=\"width: 484px\"><span style=\"font-size:16px\">KD184R<\/span><\/td>\n<\/tr>\n<tr>\n<td style=\"width: 162px\"><span style=\"font-size:16px\">Produktname<\/span><\/td>\n<td style=\"width: 484px\"><span style=\"font-size:16px\">Diamantring<\/span><\/td>\n<\/tr>\n<tr>\n<td style=\"width: 162px\"><span style=\"font-size:16px\">Stil<\/span><\/td>\n<td style=\"width: 484px\"><span style=\"font-size:16px\">Mode<\/span><\/td>\n<\/tr>\n<tr>\n<td style=\"width: 162px\"><span style=\"font-size:16px\">Material<\/span><\/td>\n<td style=\"width: 484px\"><span style=\"font-size:16px\">14K Gold<\/span><\/td>\n<\/tr>\n<tr>\n<td style=\"width: 162px\"><span style=\"font-size:16px\">Einstellung Typ<\/span><\/td>\n<td style=\"width: 484px\"><span style=\"font-size:16px\">Einstellung der Zinken<\/span><\/td>\n<\/tr>\n<tr>\n<td style=\"width: 162px\"><span style=\"font-size:16px\">Geschlecht<\/span><\/td>\n<td style=\"width: 484px\"><span style=\"font-size:16px\">Unisex, Frauen, Kinder<\/span><\/td>\n<\/tr>\n<tr>\n<td style=\"width: 162px\"><span style=\"font-size:16px\">Winziger Diamant<\/span><\/td>\n<td style=\"width: 484px\"><span style=\"font-size:16px\">Diamant<\/span><\/td>\n<\/tr>\n<tr>\n<td style=\"width: 162px\"><span style=\"font-size:16px\">Hauptstein<\/span><\/td>\n<td style=\"width: 484px\"><span style=\"font-size: 16px\">Diamant<\/span><\/td>\n<\/tr>\n<tr>\n<td style=\"width: 162px\"><span style=\"font-size:16px\">Ringgr\u00f6\u00dfe<\/span><\/td>\n<td style=\"width: 484px\"><span style=\"font-size:16px\">#5 #6 #7 #8 #9 #10, kundenspezifisch<\/span><\/td>\n<\/tr>\n<tr>\n<td style=\"width: 162px\"><span style=\"font-size:16px\">Anlass<\/span><\/td>\n<td style=\"width: 484px\"><span style=\"font-size:16px\">Verlobung, Hochzeit<\/span><\/td>\n<\/tr>\n<\/tbody>\n<\/table>\n<p>&nbsp;<\/p>\n<p><span style=\"font-size:16px\"><strong><span style=\"font-family:arial,helvetica,sans-serif\"><span>Produkt anzeigen:<\/span><\/span><\/strong><\/span><\/p>\n<p><img decoding=\"async\" alt=\"0,54ct Gold Star Diamond Ring, 1,3mm 18k Gold Verlobungsring f\u00fcr Frauen M\u00e4dchen 0\" src=\"https:\/\/www.gold-jewellerys.com\/photo\/gold-jewellerys\/editor\/20211221161750_37575.jpg\"><\/p>\n<p>&nbsp;<\/p>\n<p>&nbsp;<\/p>\n<p><span style=\"font-size:16px\"><strong>Warum uns w\u00e4hlen:<\/strong><\/span><\/p>\n<p><span style=\"font-size:16px\">1: K-Gold hat etwa 21 Jahre Erfahrung im Schmuckbereich und 17 Jahre Produktionserfahrung.<\/span><\/p>\n<p><span style=\"font-size:16px\">2: Auch unser professionelles F &amp; E-Team, um sicherzustellen, dass unsere Produkte st\u00e4ndig aktualisiert werden und vor der Industrie. So haben wir mehr als 3000 verschiedene Entw\u00fcrfe und mehr dann 46 Sammlungen k\u00f6nnen von verschiedenen Marktanforderung treffen.<\/span><\/p>\n<p><span style=\"font-size:16px\">3: F\u00fcr kundenspezifische Artikel k\u00f6nnen Sie CAD am gleichen Tag oder am n\u00e4chsten Tag erhalten, um die Daten vor der Bestellung zu best\u00e4tigen.<\/span><\/p>\n<p><span style=\"font-size:16px\">4: Das Ziel von K-gold ist es, den Kunden die richtigen Produkte zum richtigen Preis anzubieten und rechtzeitig zu liefern.<\/span><\/p>\n<p><span style=\"font-size:16px\">5: Wir verf\u00fcgen \u00fcber ein leistungsf\u00e4higes Kundendienstteam, das den gesamten Verkaufsprozess im Auge beh\u00e4lt und Ihnen bei allen Fragen hilft, vom CAD-Entwurf bis zur Lieferung.<\/span><\/p>\n<p>&nbsp;<\/p>\n<p><strong><span style=\"font-size:16px\">K-Gold Factory Show:&nbsp;<\/span><\/strong><\/p>\n<p><img decoding=\"async\" src=\"https:\/\/www.gold-jewellerys.com\/test\/gold-jewellerys.com\/photo\/pl36123473-remark.jpg\"><\/p>\n<p>&nbsp;<\/p>\n<p>&nbsp;<\/p>\n<p>&nbsp;<\/p>\n<p>&nbsp;<\/p>\n<p><img decoding=\"async\" src=\"https:\/\/www.gold-jewellerys.com\/test\/gold-jewellerys.com\/photo\/pl36123397-remark.jpg\"><\/p>\n<p>&nbsp;<\/p>\n<p>&nbsp;<\/p>\n<p><span style=\"font-size:16px\"><strong>FAQ:<\/strong><\/span><\/p>\n<p><span style=\"font-size:16px\">1: Wie k\u00f6nnen wir den Preis erfahren?<\/span><\/p>\n<p><span style=\"font-size:16px\">Wir begr\u00fc\u00dfen Sie, um uns auf whatsapp zu kontaktieren. Schicken Sie uns einfach die Bilder der Elemente, die Sie wollen, dann werden wir Ihnen die Preise so schnell wie m\u00f6glich.<\/span><\/p>\n<p>&nbsp;<\/p>\n<p><span style=\"font-size:16px\">Ansprechpartnerin: Cherry Lee<br \/>\nWhatsApp: +86-18520267369 \/ Tell:+8618520267369<br \/>\nE-Mail:<br \/>\nWebsite:<\/span><\/p>\n<p>&nbsp;<\/p>\n<p><span style=\"font-size:16px\">2: <span style=\"font-family:arial,helvetica,sans-serif\">Welcher Diamantschliff ist der beste?<\/span><\/span><\/p>\n<p><span style=\"font-size:16px\"><span style=\"font-family:arial,helvetica,sans-serif\">Runder Brillant-Diamant.<\/span><\/span><span style=\"font-size:16px\"> <\/span><\/p>\n<p>&nbsp;<\/p>\n<p><span style=\"font-size:16px\">3: Kann ich einen Rabatt bekommen?<\/span><\/p>\n<p><span style=\"font-size:16px\">Ja, f\u00fcr Gro\u00dfauftr\u00e4ge und Stammkunden gew\u00e4hren wir angemessene Rabatte.<\/span><\/p>\n<p>&nbsp;<\/p>\n<p><span style=\"font-size:16px\">4: <\/span> <span style=\"font-size:16px\">Ist 100% echtes 14K Gold?<\/span><\/p>\n<p><span style=\"font-size:16px\">Ja, es ist echtes 14K Gold.<\/span><\/p>\n<p>&nbsp;<\/p>\n<p><span style=\"font-size:16px\"><span style=\"font-family:arial,helvetica,sans-serif\">5:<\/span>&nbsp;L\u00e4sst sich 18-kar\u00e4tiges Gold abnutzen?<\/span><\/p>\n<p><span style=\"font-size:16px\">Massives 18-kar\u00e4tiges Gold verblasst nicht. Die Farbe bleibt im Laufe der Zeit konsistent.<\/span><\/p>\n<p>&nbsp;<\/p>\n<p><span style=\"font-size:16px\">6:<span style=\"font-family:arial,helvetica,sans-serif\"> <\/span><span style=\"font-family:arial,helvetica,sans-serif\">Kann ich meinen Diamanten zu Ihnen schicken und Sie k\u00f6nnen den Ring f\u00fcr mich anfertigen? <\/span><\/span><\/p>\n<p><span style=\"font-size:16px\"><span style=\"font-family:arial,helvetica,sans-serif\">Ja, Sie k\u00f6nnen uns Ihre Diamanten schicken, dann k\u00f6nnen wir Ihnen den Ring entsprechend der Gr\u00f6\u00dfe Ihres Steins anfertigen.<\/span><\/span><\/p><\/p>","protected":false},"excerpt":{"rendered":"<br \/>\n<table class=\"tables data\" width=\"100%\" border=\"0\" cellpadding=\"0\" cellspacing=\"0\">\n<tbody>\n<tr>\n<th width=\"35%\">Ort der Herkunft:<\/th>\n<td>China<\/td>\n<\/tr>\n<tr>\n<th width=\"35%\">Markenname:<\/th>\n<td>K-Gold-Schmuck<\/td>\n<\/tr>\n<tr>\n<th width=\"35%\">Zertifizierung:<\/th>\n<td>Gold-Diamant-Zertifikat<\/td>\n<\/tr>\n<tr>\n<th width=\"35%\">Modellnummer:<\/th>\n<td>KD184R<\/td>\n<\/tr>\n<\/tbody>\n<\/table>\n<p>                                                                            <span class=\"title_s\">Zahlungs- und Versandbedingungen:<\/span>                            <\/p>\n<table class=\"tables data\" width=\"100%\" border=\"0\" cellpadding=\"0\" cellspacing=\"0\">\n<tbody>\n<tr>\n<th width=\"35%\" nowrap=\"nowrap\">Mindestbestellmenge:<\/th>\n<td>3<\/td>\n<\/tr>\n<tr>\n<th width=\"35%\" nowrap=\"nowrap\">Preis:<\/th>\n<td>Verhandlungsf\u00e4hig<\/td>\n<\/tr>\n<tr>\n<th width=\"35%\" nowrap=\"nowrap\">Einzelheiten zur Verpackung:<\/th>\n<td>Standardm\u00e4\u00dfig dicker PP-Beutel<\/td>\n<\/tr>\n<tr>\n<th width=\"35%\" nowrap=\"nowrap\">Lieferzeiten:<\/th>\n<td>5-15 Arbeitstage<\/td>\n<\/tr>\n<tr>\n<th width=\"35%\" nowrap=\"nowrap\">Zahlungsbedingungen:<\/th>\n<td>T\/T, Western Union<\/td>\n<\/tr>\n<tr>\n<th width=\"35%\" nowrap=\"nowrap\">Lieferf\u00e4higkeit:<\/th>\n<td>1000St\u00fcck\/Monat<\/td>\n<\/tr>\n<\/tbody>\n<\/table>\n<p>                                                                                                                                \", \"countrycode\": \"US\"}\");' class=\"btn contact_btn\" style=\"display: inline-block;background:#ff771c url(\/images\/css-sprite.png) -260px -214px;color:#fff;padding:0 13px 0 33px;width:auto;height:25px;line-height:26px;border:0;font-size:13px;border-radius:4px;font-weight:bold;text-decoration:none;\"&gt;<\/p>","protected":false},"featured_media":5563,"comment_status":"closed","ping_status":"closed","template":"","meta":{"_gspb_post_css":""},"product_brand":[],"product_cat":[26],"product_tag":[],"class_list":{"0":"post-5567","1":"product","2":"type-product","3":"status-publish","4":"has-post-thumbnail","6":"product_cat-diamond-lab-diamond-moissanite-jewelry","8":"first","9":"instock","10":"shipping-taxable","11":"product-type-simple"},"aioseo_notices":[],"_links":{"self":[{"href":"https:\/\/dearjewelry.ltd\/de\/wp-json\/wp\/v2\/product\/5567","targetHints":{"allow":["GET"]}}],"collection":[{"href":"https:\/\/dearjewelry.ltd\/de\/wp-json\/wp\/v2\/product"}],"about":[{"href":"https:\/\/dearjewelry.ltd\/de\/wp-json\/wp\/v2\/types\/product"}],"replies":[{"embeddable":true,"href":"https:\/\/dearjewelry.ltd\/de\/wp-json\/wp\/v2\/comments?post=5567"}],"wp:featuredmedia":[{"embeddable":true,"href":"https:\/\/dearjewelry.ltd\/de\/wp-json\/wp\/v2\/media\/5563"}],"wp:attachment":[{"href":"https:\/\/dearjewelry.ltd\/de\/wp-json\/wp\/v2\/media?parent=5567"}],"wp:term":[{"taxonomy":"product_brand","embeddable":true,"href":"https:\/\/dearjewelry.ltd\/de\/wp-json\/wp\/v2\/product_brand?post=5567"},{"taxonomy":"product_cat","embeddable":true,"href":"https:\/\/dearjewelry.ltd\/de\/wp-json\/wp\/v2\/product_cat?post=5567"},{"taxonomy":"product_tag","embeddable":true,"href":"https:\/\/dearjewelry.ltd\/de\/wp-json\/wp\/v2\/product_tag?post=5567"}],"curies":[{"name":"wp","href":"https:\/\/api.w.org\/{rel}","templated":true}]}}