{"id":5543,"date":"2025-07-13T10:45:37","date_gmt":"2025-07-13T10:45:37","guid":{"rendered":"https:\/\/dearjewelry.ltd\/product\/morganite-real-diamond-jewellery-ring-princess-cut-6x6mm-size\/"},"modified":"2025-07-13T10:45:37","modified_gmt":"2025-07-13T10:45:37","slug":"morganite-real-diamond-jewellery-ring-princess-cut-6x6mm-size","status":"publish","type":"product","link":"https:\/\/dearjewelry.ltd\/de\/produkt\/morganite-real-diamond-jewellery-ring-princess-cut-6x6mm-size\/","title":{"rendered":"Morganit Echtdiamant-Schmuckring Prinzessinnenschliff 6\u00d76mm Gr\u00f6\u00dfe"},"content":{"rendered":"<h2>Morganit Echtdiamant-Schmuckring Prinzessinnenschliff 6\u00d76mm Gr\u00f6\u00dfe<\/h2>\n<p> Beschreibung<\/p>\n<table cellpadding=\"0\" cellspacing=\"0\" class=\"details_table\">\n<tbody>\n<tr>\n<th>Hauptstein:<\/th>\n<td>Morganit<\/td>\n<th>Hauptstein Gr\u00f6\u00dfe:<\/th>\n<td>SC 6*6mm<\/td>\n<\/tr>\n<tr class=\"bg_gray\">\n<th>Schnitt:<\/th>\n<td>Prinzessinnenschliff<\/td>\n<th>Zahlungsbedingungen:<\/th>\n<td>Paypal\/Western Union\/TT<\/td>\n<\/tr>\n<tr>\n<th>Material:<\/th>\n<td>14K\/18K Gold<\/td>\n<th>Art:<\/th>\n<td>Einstellung der Klaue<\/td>\n<\/tr>\n<tr class=\"bg_gray\">\n<th>Ma\u00dfgeschneidert:<\/th>\n<td>Akzeptieren Anpassen des Designs<\/td>\n<th>Steinfarbe:<\/th>\n<td>Rosa<\/td>\n<\/tr>\n<tr>\n<th colspan=\"1\">Helles Licht:<\/th>\n<td colspan=\"3\">\n<h2 style='font-weight: bold;font-size: 14px'>Morganite Real Diamond Jewellery<\/h2>\n<p>, <\/p>\n<h2 style='font-weight: bold;font-size: 14px'>Princess Cut 6mm Real Diamond Jewellery<\/h2>\n<\/td>\n<\/tr>\n<\/tbody>\n<\/table>\n<p><p><span style=\"font-size:16px\"><strong><span style=\"font-family:arial,helvetica,sans-serif\">Beschreibung des Produkts:<\/span><\/strong><\/span><\/p>\n<p><span style=\"font-size:16px\"><span style=\"font-family:arial,helvetica,sans-serif\"><strong>Echter Diamantschmuck<\/strong><\/span><\/span> <span style=\"font-size:16px\"><span style=\"font-family:arial,helvetica,sans-serif\"><strong> Rose Gold Princess Cut Morganite Ring Diamond Ring<\/strong><\/span><\/span><\/p>\n<p>&nbsp;<\/p>\n<p><strong><span style=\"font-size:16px\">Einzelheiten zum Produkt:&nbsp;<\/span><\/strong><\/p>\n<table border=\"1\" cellpadding=\"0\" cellspacing=\"0\" style=\"width: 651px\">\n<tbody>\n<tr>\n<td style=\"width: 162px\"><span style=\"font-size:16px\">Artikel Nr.<\/span><\/td>\n<td style=\"width: 484px\"><span style=\"font-size:16px\">KD174R<\/span><\/td>\n<\/tr>\n<tr>\n<td style=\"width: 162px\"><span style=\"font-size:16px\">Produktname<\/span><\/td>\n<td style=\"width: 484px\"><span style=\"font-size:16px\">Morganite Ring<\/span><\/td>\n<\/tr>\n<tr>\n<td style=\"width: 162px\"><span style=\"font-size:16px\">Stil<\/span><\/td>\n<td style=\"width: 484px\"><span style=\"font-size:16px\">Mode-Stil&nbsp;<\/span><\/td>\n<\/tr>\n<tr>\n<td style=\"width: 162px\"><span style=\"font-size:16px\">Material<\/span><\/td>\n<td style=\"width: 484px\"><span style=\"font-size:16px\">14K Rose Gold&nbsp;<\/span><\/td>\n<\/tr>\n<tr>\n<td style=\"width: 162px\"><span style=\"font-size:16px\">Einstellung Typ<\/span><\/td>\n<td style=\"width: 484px\"><span style=\"font-size:16px\">Einstellung der Klaue<\/span><\/td>\n<\/tr>\n<tr>\n<td style=\"width: 162px\"><span style=\"font-size:16px\">Geschlecht<\/span><\/td>\n<td style=\"width: 484px\"><span style=\"font-size:16px\">Frauen<\/span><\/td>\n<\/tr>\n<tr>\n<td style=\"width: 162px\"><span style=\"font-size:16px\">Winziger Diamant<\/span><\/td>\n<td style=\"width: 484px\"><span style=\"font-size:16px\">Echter Didamond<\/span><\/td>\n<\/tr>\n<tr>\n<td style=\"width: 162px\"><span style=\"font-size:16px\">Hauptstein<\/span><\/td>\n<td style=\"width: 484px\"><span style=\"font-size:16px\">Morganit<\/span><\/td>\n<\/tr>\n<tr>\n<td style=\"width: 162px\"><span style=\"font-size:16px\">Ringgr\u00f6\u00dfe<\/span><\/td>\n<td style=\"width: 484px\"><span style=\"font-size:16px\">#5 #6 #7 #8 #9, kundenspezifisch verf\u00fcgbar&nbsp;<\/span><\/td>\n<\/tr>\n<tr>\n<td style=\"width: 162px\"><span style=\"font-size:16px\">Anlass<\/span><\/td>\n<td style=\"width: 484px\"><span style=\"font-size:16px\">Jahrestag, Verlobung, Hochzeit<\/span><\/td>\n<\/tr>\n<\/tbody>\n<\/table>\n<p>&nbsp;<\/p>\n<p><span style=\"font-size:16px\"><strong><span style=\"font-family:arial,helvetica,sans-serif\"><span>Produkt anzeigen:<\/span><\/span><\/strong><\/span><\/p>\n<p><img decoding=\"async\" alt=\"Morganite Real Diamond Jewellery Ring Princess Cut 6&times;6mm Size 0\" src=\"https:\/\/www.gold-jewellerys.com\/photo\/gold-jewellerys\/editor\/20211220153118_86301.jpg\"><\/p>\n<p>&nbsp;<\/p>\n<p>&nbsp;<\/p>\n<p><span style=\"font-size:16px\"><strong>Warum uns w\u00e4hlen:<\/strong><\/span><\/p>\n<p><span style=\"font-size:16px\">1: K-Gold hat etwa 21 Jahre Erfahrung im Schmuckbereich und 17 Jahre Produktionserfahrung.<\/span><\/p>\n<p><span style=\"font-size:16px\">2: Auch unser professionelles F &amp; E-Team, um sicherzustellen, dass unsere Produkte st\u00e4ndig aktualisiert werden und vor der Industrie. So haben wir mehr als 3000 verschiedene Entw\u00fcrfe und mehr dann 46 Sammlungen k\u00f6nnen von verschiedenen Marktanforderung treffen.<\/span><\/p>\n<p><span style=\"font-size:16px\">3: F\u00fcr kundenspezifische Artikel k\u00f6nnen Sie CAD am gleichen Tag oder am n\u00e4chsten Tag erhalten, um die Daten vor der Bestellung zu best\u00e4tigen.<\/span><\/p>\n<p><span style=\"font-size:16px\">4: Das Ziel von K-gold ist es, den Kunden die richtigen Produkte zum richtigen Preis anzubieten und rechtzeitig zu liefern.<\/span><\/p>\n<p><span style=\"font-size:16px\">5: Wir verf\u00fcgen \u00fcber ein leistungsf\u00e4higes Kundendienstteam, das den gesamten Verkaufsprozess im Auge beh\u00e4lt und Ihnen bei allen Fragen hilft, vom CAD-Entwurf bis zur Lieferung.<\/span><\/p>\n<p>&nbsp;<\/p>\n<p><strong><span style=\"font-size:16px\">K-Gold Factory Show:&nbsp;<\/span><\/strong><\/p>\n<p><img decoding=\"async\" src=\"https:\/\/www.gold-jewellerys.com\/test\/gold-jewellerys.com\/photo\/pl36123473-remark.jpg\"><\/p>\n<p>&nbsp;<\/p>\n<p>&nbsp;<\/p>\n<p>&nbsp;<\/p>\n<p>&nbsp;<\/p>\n<p><img decoding=\"async\" src=\"https:\/\/www.gold-jewellerys.com\/test\/gold-jewellerys.com\/photo\/pl36123397-remark.jpg\"><\/p>\n<p>&nbsp;<\/p>\n<p>&nbsp;<\/p>\n<p><span style=\"font-size:16px\"><strong>FAQ:<\/strong><\/span><\/p>\n<p><span style=\"font-size:16px\">1: Wie k\u00f6nnen wir den Preis erfahren?<\/span><\/p>\n<p><span style=\"font-size:16px\">Wir begr\u00fc\u00dfen Sie, um uns auf whatsapp zu kontaktieren. Schicken Sie uns einfach die Bilder der Elemente, die Sie wollen, dann werden wir Ihnen die Preise so schnell wie m\u00f6glich.<\/span><\/p>\n<p>&nbsp;<\/p>\n<p><span style=\"font-size:16px\">Ansprechpartnerin: Cherry Lee<br \/>\nWhatsApp: +86-18520267369 \/ Tell:+8618520267369<br \/>\nE-Mail:<br \/>\nWebsite:<\/span><\/p>\n<p>&nbsp;<\/p>\n<p><span style=\"font-size:16px\">2: K\u00f6nnen Sie mein Logo anpassen?<br \/>\nJa, auf jeden Fall k\u00f6nnen Sie, Bitte senden Sie uns Ihr LOGO, wir werden frei, es zu unterzeichnen. F\u00fcr Markenschmuck immer mit Orginal-Logo,<\/span><\/p>\n<p><span style=\"font-size:16px\">und wenn Sie etwas Besonderes brauchen, lassen Sie es mich einfach wissen.<\/span><\/p>\n<p>&nbsp;<\/p>\n<p><span style=\"font-size:16px\">3: K\u00f6nnte ich einen Rabatt bekommen?<\/span><\/p>\n<p><span style=\"font-size:16px\">Ja, f\u00fcr Gro\u00dfauftr\u00e4ge und Stammkunden gew\u00e4hren wir angemessene Rabatte.<\/span><\/p>\n<p>&nbsp;<\/p>\n<p><span style=\"font-size:16px\">4: Was ist mit dem Paket?<\/span><\/p>\n<p><span style=\"font-size:16px\">In der Regel verwenden Opp Tasche f\u00fcr einzelne St\u00fccke, Verpackung Box ist auch verf\u00fcgbar. und plus Blase verpacken, um die Ware zu sch\u00fctzen.<\/span><\/p>\n<p>&nbsp;<\/p>\n<p><span style=\"font-size:16px\"><span style=\"font-family:arial,helvetica,sans-serif\">5:<\/span> Wie sieht es in Ihrem Betrieb mit der Qualit\u00e4tskontrolle aus?<\/span><\/p>\n<p><span style=\"font-size:16px\">QC legt stets gro\u00dfen Wert auf die Qualit\u00e4tskontrolle von Anfang bis Ende. <\/span><\/p>\n<p>&nbsp;<\/p>\n<p><span style=\"font-size:16px\">6:<span style=\"font-family:arial,helvetica,sans-serif\"> Was sind die verschiedenen Schliffe von Diamanten? <\/span><\/span><\/p>\n<p><span style=\"font-size:16px\"><span style=\"font-family:arial,helvetica,sans-serif\">Runder Brillantschliff; Prinzessinnenschliff; Kissenschliff; Ovalschliff; Smaragdschliff; Birnenschliff; Strahlenschliff; Marquise; Herzschliff usw.<\/span><\/span><\/p><\/p>","protected":false},"excerpt":{"rendered":"<br \/>\n<table class=\"tables data\" width=\"100%\" border=\"0\" cellpadding=\"0\" cellspacing=\"0\">\n<tbody>\n<tr>\n<th width=\"35%\">Ort der Herkunft:<\/th>\n<td>China<\/td>\n<\/tr>\n<tr>\n<th width=\"35%\">Markenname:<\/th>\n<td>K-Gold-Schmuck<\/td>\n<\/tr>\n<tr>\n<th width=\"35%\">Zertifizierung:<\/th>\n<td>Gold-Diamant-Zertifikat<\/td>\n<\/tr>\n<tr>\n<th width=\"35%\">Modellnummer:<\/th>\n<td>KD174R<\/td>\n<\/tr>\n<\/tbody>\n<\/table>\n<p>                                                                            <span class=\"title_s\">Zahlungs- und Versandbedingungen:<\/span>                            <\/p>\n<table class=\"tables data\" width=\"100%\" border=\"0\" cellpadding=\"0\" cellspacing=\"0\">\n<tbody>\n<tr>\n<th width=\"35%\" nowrap=\"nowrap\">Mindestbestellmenge:<\/th>\n<td>3<\/td>\n<\/tr>\n<tr>\n<th width=\"35%\" nowrap=\"nowrap\">Preis:<\/th>\n<td>Verhandlungsf\u00e4hig<\/td>\n<\/tr>\n<tr>\n<th width=\"35%\" nowrap=\"nowrap\">Einzelheiten zur Verpackung:<\/th>\n<td>Standardm\u00e4\u00dfig dicker PP-Beutel<\/td>\n<\/tr>\n<tr>\n<th width=\"35%\" nowrap=\"nowrap\">Lieferzeiten:<\/th>\n<td>5-15 Arbeitstage<\/td>\n<\/tr>\n<tr>\n<th width=\"35%\" nowrap=\"nowrap\">Zahlungsbedingungen:<\/th>\n<td>T\/T, Western Union<\/td>\n<\/tr>\n<tr>\n<th width=\"35%\" nowrap=\"nowrap\">Lieferf\u00e4higkeit:<\/th>\n<td>1000St\u00fcck\/Monat<\/td>\n<\/tr>\n<\/tbody>\n<\/table>","protected":false},"featured_media":5539,"comment_status":"closed","ping_status":"closed","template":"","meta":{"_gspb_post_css":""},"product_brand":[],"product_cat":[26],"product_tag":[],"class_list":{"0":"post-5543","1":"product","2":"type-product","3":"status-publish","4":"has-post-thumbnail","6":"product_cat-diamond-lab-diamond-moissanite-jewelry","8":"first","9":"instock","10":"shipping-taxable","11":"product-type-simple"},"aioseo_notices":[],"_links":{"self":[{"href":"https:\/\/dearjewelry.ltd\/de\/wp-json\/wp\/v2\/product\/5543","targetHints":{"allow":["GET"]}}],"collection":[{"href":"https:\/\/dearjewelry.ltd\/de\/wp-json\/wp\/v2\/product"}],"about":[{"href":"https:\/\/dearjewelry.ltd\/de\/wp-json\/wp\/v2\/types\/product"}],"replies":[{"embeddable":true,"href":"https:\/\/dearjewelry.ltd\/de\/wp-json\/wp\/v2\/comments?post=5543"}],"wp:featuredmedia":[{"embeddable":true,"href":"https:\/\/dearjewelry.ltd\/de\/wp-json\/wp\/v2\/media\/5539"}],"wp:attachment":[{"href":"https:\/\/dearjewelry.ltd\/de\/wp-json\/wp\/v2\/media?parent=5543"}],"wp:term":[{"taxonomy":"product_brand","embeddable":true,"href":"https:\/\/dearjewelry.ltd\/de\/wp-json\/wp\/v2\/product_brand?post=5543"},{"taxonomy":"product_cat","embeddable":true,"href":"https:\/\/dearjewelry.ltd\/de\/wp-json\/wp\/v2\/product_cat?post=5543"},{"taxonomy":"product_tag","embeddable":true,"href":"https:\/\/dearjewelry.ltd\/de\/wp-json\/wp\/v2\/product_tag?post=5543"}],"curies":[{"name":"wp","href":"https:\/\/api.w.org\/{rel}","templated":true}]}}