{"id":5351,"date":"2025-07-13T10:44:18","date_gmt":"2025-07-13T10:44:18","guid":{"rendered":"https:\/\/dearjewelry.ltd\/product\/solitaire-set-diamond-engagement-wedding-rings-with-1-0ct-6-5mm-natural-diamond\/"},"modified":"2025-07-13T10:44:18","modified_gmt":"2025-07-13T10:44:18","slug":"solitaire-set-diamond-engagement-wedding-rings-with-1-0ct-6-5mm-natural-diamond","status":"publish","type":"product","link":"https:\/\/dearjewelry.ltd\/de\/produkt\/solitaire-set-diamond-engagement-wedding-rings-with-1-0ct-6-5mm-natural-diamond\/","title":{"rendered":"Solitaire Set Diamant Verlobungsringe mit 1.0CT 6.5mm Naturdiamant"},"content":{"rendered":"<h2>Solitaire Set Diamant Verlobungsringe mit 1.0CT 6.5mm Naturdiamant<\/h2>\n<p> Beschreibung<\/p>\n<table cellpadding=\"0\" cellspacing=\"0\" class=\"details_table\">\n<tbody>\n<tr>\n<th>Brand Style:<\/th>\n<td>OEM Jewelry<\/td>\n<th>Schmuck Stil:<\/th>\n<td>Yellow Gold Ring Set<\/td>\n<\/tr>\n<tr class=\"bg_gray\">\n<th>Form-Muster:<\/th>\n<td>Ehering-Set<\/td>\n<th>Halo CZ Ring Sets:<\/th>\n<td>Ehering-Schmuck<\/td>\n<\/tr>\n<tr>\n<th>Geschlecht:<\/th>\n<td>M\u00e4dchen, Frauen<\/td>\n<th>Ringe Typ:<\/th>\n<td>Ehering-Set<\/td>\n<\/tr>\n<tr class=\"bg_gray\">\n<th>Band Jeweley:<\/th>\n<td>Ehering Band<\/td>\n<th>Styel:<\/th>\n<td>Engagement Bridal Ring Set<\/td>\n<\/tr>\n<tr>\n<th colspan=\"1\">H\u00f6hepunkt:<\/th>\n<td colspan=\"3\">\n<h2 style='font-weight: bold;font-size: 14px'>Diamond Engagement Wedding Rings 1.0CT<\/h2>\n<p>, <\/p>\n<h2 style='font-weight: bold;font-size: 14px'>6,5 mm Diamant Verlobungsringe Trauringe<\/h2>\n<\/td>\n<\/tr>\n<\/tbody>\n<\/table>\n<p><p><span style=\"font-size:14px\"><span style=\"font-family:arial,helvetica,sans-serif\">Beschreibung des Produkts:<\/span><\/span><\/p>\n<p><strong>Solitaire Set Diamond Engagement Bridal Wedding Rings Set Women Wedding Bands Jewelry<\/strong><\/p>\n<table border=\"1\" cellpadding=\"0\" cellspacing=\"0\" style=\"width: 576px\">\n<tbody>\n<tr>\n<td style=\"width: 126px\">Artikel Nr.<\/td>\n<td style=\"width: 442px\">KD157R<\/td>\n<\/tr>\n<tr>\n<td style=\"width: 126px\">Produktname<\/td>\n<td style=\"width: 442px\">Ehering-Set<\/td>\n<\/tr>\n<tr>\n<td style=\"width: 126px\">Stil<\/td>\n<td style=\"width: 442px\">Hochzeit\/Verlobung<\/td>\n<\/tr>\n<tr>\n<td style=\"width: 126px\">Material<\/td>\n<td style=\"width: 442px\">18K Wei\u00dfgold<\/td>\n<\/tr>\n<tr>\n<td style=\"width: 126px\">Einstellung Typ<\/td>\n<td style=\"width: 442px\">Zinkeneinstellung<\/td>\n<\/tr>\n<tr>\n<td style=\"width: 126px\">Geschlecht<\/td>\n<td style=\"width: 442px\">Frauen,Paar<\/td>\n<\/tr>\n<tr>\n<td style=\"width: 126px\">Winziger Stein<\/td>\n<td style=\"width: 442px\">SI1\/SI2<\/td>\n<\/tr>\n<tr>\n<td style=\"width: 126px\">Hauptstein<\/td>\n<td style=\"width: 442px\">Nat\u00fcrlicher Diamant<\/td>\n<\/tr>\n<tr>\n<td style=\"width: 126px\">Abmessung1.0CT<\/td>\n<td style=\"width: 442px\">6.5MM=1.0ct<\/td>\n<\/tr>\n<tr>\n<td style=\"width: 126px\">Anlass<\/td>\n<td style=\"width: 442px\">Verlobung, Hochzeit<\/td>\n<\/tr>\n<tr>\n<td style=\"width: 126px\">Ringgr\u00f6\u00dfe<\/td>\n<td style=\"width: 442px\">Jede Gr\u00f6\u00dfe erh\u00e4ltlich #4#5,#6#7#8#9#10#11#12<\/td>\n<\/tr>\n<\/tbody>\n<\/table>\n<p>&nbsp;<\/p>\n<p>\n<span style=\"font-size:14px\"><span style=\"font-family:arial,helvetica,sans-serif\">Informationen zum Hauptstein:&nbsp;<\/span><\/span>Nat\u00fcrlicher Diamant<br \/>\n<span style=\"font-size:14px\"><span style=\"font-family:arial,helvetica,sans-serif\">Karat Gesamtgewicht: <\/span><\/span>1.0CT<\/p>\n<p><span style=\"font-family: arial, helvetica, sans-serif\">Hauptstein&nbsp;<\/span><font face=\"arial, helvetica, sans-serif\">Gr\u00f6\u00dfe:&nbsp;<\/font>RD6.5<\/p>\n<p>Schneiden: Rundschnitt<\/p>\n<p>\n<span style=\"font-size:14px\"><span style=\"font-family:arial,helvetica,sans-serif\">Warum uns w\u00e4hlen:<\/span><\/span><br \/>\n<span style=\"font-size:14px\"><span style=\"font-family:arial,helvetica,sans-serif\">1: K-Gold hat etwa 21 Jahre Erfahrung im Schmuckbereich und 17 Jahre Produktionserfahrung.<\/span><\/span><br \/>\n<span style=\"font-size:14px\"><span style=\"font-family:arial,helvetica,sans-serif\">2: Auch unser professionelles F &amp; E-Team, um sicherzustellen, dass unsere Produkte st\u00e4ndig aktualisiert werden und vor der Industrie. So haben wir mehr als 3000 verschiedene Entw\u00fcrfe und mehr dann 46 Sammlungen k\u00f6nnen von verschiedenen Marktanforderung treffen.<\/span><\/span><br \/>\n<span style=\"font-size:14px\"><span style=\"font-family:arial,helvetica,sans-serif\">3: F\u00fcr kundenspezifische Artikel k\u00f6nnen Sie CAD am gleichen Tag oder am n\u00e4chsten Tag erhalten, um die Daten vor der Bestellung zu best\u00e4tigen.<\/span><\/span><br \/>\n<span style=\"font-size:14px\"><span style=\"font-family:arial,helvetica,sans-serif\">4: Das Ziel von K-gold ist es, den Kunden die richtigen Produkte zum richtigen Preis anzubieten und rechtzeitig zu liefern.<\/span><\/span><br \/>\n<span style=\"font-size:14px\"><span style=\"font-family:arial,helvetica,sans-serif\">5: Wir haben ein leistungsf\u00e4higes Kundendienstteam, das den gesamten Verkaufsprozess im Auge beh\u00e4lt und Ihnen bei allen Fragen hilft, vom CAD-Entwurf bis zur Lieferung.<\/span><\/span><br \/>\n<span style=\"font-size:14px\"><span style=\"font-family:arial,helvetica,sans-serif\">K-Gold Werksdienst:<\/span><\/span><br \/>\n<img decoding=\"async\" src=\"https:\/\/www.gold-jewellerys.com\/test\/gold-jewellerys.com\/photo\/pl36123473-remark.jpg\"><\/p>\n<p><img decoding=\"async\" src=\"https:\/\/www.gold-jewellerys.com\/test\/gold-jewellerys.com\/photo\/pl36219389-remark.jpg\"><br \/>\n<img decoding=\"async\" src=\"https:\/\/www.gold-jewellerys.com\/test\/gold-jewellerys.com\/photo\/pl36230799-remark.jpg\"><\/p>\n<p>&nbsp;<\/p>\n<p>FAQ:<\/p>\n<p>1: What material do you have?<\/p>\n<p>Wir haben 9K Gold\/10K Gold\/14K Gold\/18K Gold\/22K Gold.<\/p>\n<p>&nbsp;<\/p>\n<p>2: Which is better 14k or 18k?<\/p>\n<p>Each has its own advantages and the price for 14k gold is more affordable than 18k.<\/p>\n<p>&nbsp;<\/p>\n<p>3: Wie lange dauert die Vorbereitung einer Bestellung?<\/p>\n<p>Wir brauchen immer Produktion und die Vorbereitungszeit betr\u00e4gt etwa 10-15 Tage.<\/p>\n<p>&nbsp;<\/p>\n<p>4: Sind Sie Hersteller oder ein Handelsunternehmen?<\/p>\n<p>Ja, wir sind auch Hersteller und Exporteur von reinem Gold.<\/p>\n<p>&nbsp;<\/p>\n<p>5. Wie lange kann ich meine Waren erhalten?<\/p>\n<p>Ungef\u00e4hr 7-15 Tage k\u00f6nnen fertig sein.<\/p>\n<p>&nbsp;<\/p>\n<p>6: Sind Sie eine Fabrik oder ein Handelsunternehmen?<\/p>\n<p>Wir sind professionelle Hersteller und haben mehr als 17 Jahre Erfahrung in der Schmuckproduktion.<\/p>\n<p style=\"padding: 0px;border: 0px\">&nbsp;<\/p><\/p>","protected":false},"excerpt":{"rendered":"<br \/>\n<table class=\"tables data\" width=\"100%\" border=\"0\" cellpadding=\"0\" cellspacing=\"0\">\n<tbody>\n<tr>\n<th width=\"35%\">Ort der Herkunft:<\/th>\n<td>China<\/td>\n<\/tr>\n<tr>\n<th width=\"35%\">Markenname:<\/th>\n<td>K-Gold-Schmuck<\/td>\n<\/tr>\n<tr>\n<th width=\"35%\">Zertifizierung:<\/th>\n<td>Schmuck-Zertifikat<\/td>\n<\/tr>\n<tr>\n<th width=\"35%\">Modellnummer:<\/th>\n<td>KD157R<\/td>\n<\/tr>\n<\/tbody>\n<\/table>\n<p>                                                                            <span class=\"title_s\">Zahlungs- und Versandbedingungen:<\/span>                            <\/p>\n<table class=\"tables data\" width=\"100%\" border=\"0\" cellpadding=\"0\" cellspacing=\"0\">\n<tbody>\n<tr>\n<th width=\"35%\" nowrap=\"nowrap\">Mindestbestellmenge:<\/th>\n<td>3<\/td>\n<\/tr>\n<tr>\n<th width=\"35%\" nowrap=\"nowrap\">Preis:<\/th>\n<td>Verhandlungsf\u00e4hig<\/td>\n<\/tr>\n<tr>\n<th width=\"35%\" nowrap=\"nowrap\">Einzelheiten zur Verpackung:<\/th>\n<td>Standard dicke PP Tasche, Marke wird mit Marke kommen Verpackung<\/td>\n<\/tr>\n<tr>\n<th width=\"35%\" nowrap=\"nowrap\">Lieferzeiten:<\/th>\n<td>5-15 Arbeitstage<\/td>\n<\/tr>\n<tr>\n<th width=\"35%\" nowrap=\"nowrap\">Zahlungsbedingungen:<\/th>\n<td>T\/T, Western Union<\/td>\n<\/tr>\n<tr>\n<th width=\"35%\" nowrap=\"nowrap\">Lieferf\u00e4higkeit:<\/th>\n<td>2000St\u00fcck\/Monat<\/td>\n<\/tr>\n<\/tbody>\n<\/table>\n<p>                                                                                                                                \", \"countrycode\": \"US\"}\");' class=\"btn contact_btn\" style=\"display: inline-block;background:#ff771c url(\/images\/css-sprite.png) -260px -214px;color:#fff;padding:0 13px 0 33px;width:auto;height:25px;line-height:26px;border:0;font-size:13px;border-radius:4px;font-weight:bold;text-decoration:none;\"&gt;<\/p>","protected":false},"featured_media":5347,"comment_status":"closed","ping_status":"closed","template":"","meta":{"_gspb_post_css":""},"product_brand":[],"product_cat":[26],"product_tag":[],"class_list":{"0":"post-5351","1":"product","2":"type-product","3":"status-publish","4":"has-post-thumbnail","6":"product_cat-diamond-lab-diamond-moissanite-jewelry","8":"first","9":"instock","10":"shipping-taxable","11":"product-type-simple"},"aioseo_notices":[],"_links":{"self":[{"href":"https:\/\/dearjewelry.ltd\/de\/wp-json\/wp\/v2\/product\/5351","targetHints":{"allow":["GET"]}}],"collection":[{"href":"https:\/\/dearjewelry.ltd\/de\/wp-json\/wp\/v2\/product"}],"about":[{"href":"https:\/\/dearjewelry.ltd\/de\/wp-json\/wp\/v2\/types\/product"}],"replies":[{"embeddable":true,"href":"https:\/\/dearjewelry.ltd\/de\/wp-json\/wp\/v2\/comments?post=5351"}],"wp:featuredmedia":[{"embeddable":true,"href":"https:\/\/dearjewelry.ltd\/de\/wp-json\/wp\/v2\/media\/5347"}],"wp:attachment":[{"href":"https:\/\/dearjewelry.ltd\/de\/wp-json\/wp\/v2\/media?parent=5351"}],"wp:term":[{"taxonomy":"product_brand","embeddable":true,"href":"https:\/\/dearjewelry.ltd\/de\/wp-json\/wp\/v2\/product_brand?post=5351"},{"taxonomy":"product_cat","embeddable":true,"href":"https:\/\/dearjewelry.ltd\/de\/wp-json\/wp\/v2\/product_cat?post=5351"},{"taxonomy":"product_tag","embeddable":true,"href":"https:\/\/dearjewelry.ltd\/de\/wp-json\/wp\/v2\/product_tag?post=5351"}],"curies":[{"name":"wp","href":"https:\/\/api.w.org\/{rel}","templated":true}]}}