{"id":5254,"date":"2025-07-13T10:43:36","date_gmt":"2025-07-13T10:43:36","guid":{"rendered":"https:\/\/dearjewelry.ltd\/product\/oem-odm-natural-diamond-wedding-rings-halo-style-promise-rings-6-5mm-dimension\/"},"modified":"2025-07-13T10:43:36","modified_gmt":"2025-07-13T10:43:36","slug":"oem-odm-naturlichen-diamanten-eheringe-halo-stil-versprechen-ringe-6-5mm-dimension","status":"publish","type":"product","link":"https:\/\/dearjewelry.ltd\/de\/produkt\/oem-odm-naturlichen-diamanten-eheringe-halo-stil-versprechen-ringe-6-5mm-dimension\/","title":{"rendered":"OEM ODM nat\u00fcrlichen Diamanten Eheringe, Halo Style Promise Ringe 6,5 mm Dimension"},"content":{"rendered":"<h2>OEM ODM nat\u00fcrlichen Diamanten Eheringe, Halo Style Promise Ringe 6,5 mm Dimension<\/h2>\n<p> Beschreibung<\/p>\n<table cellpadding=\"0\" cellspacing=\"0\" class=\"details_table\">\n<tbody>\n<tr>\n<th>Material:<\/th>\n<td>18K Gold 14K Gold 10K Gold<\/td>\n<th>Ring:<\/th>\n<td>Verlobungsring-Sets<\/td>\n<\/tr>\n<tr class=\"bg_gray\">\n<th>Steinsorte:<\/th>\n<td>Nat\u00fcrlicher Diamant F-H, SI1\/SI2\/VS1<\/td>\n<th>Hauptstein:<\/th>\n<td>Naturdiamant\/Labordiamant<\/td>\n<\/tr>\n<tr>\n<th>Hauptsteinschnitt:<\/th>\n<td>Runder Brillantschliff<\/td>\n<th>Die Form:<\/th>\n<td>Runder Brillantschliff und runder Brillantschliff<\/td>\n<\/tr>\n<tr class=\"bg_gray\">\n<th>Einstellung:<\/th>\n<td>Prong-Fassung und Pave-Fassung<\/td>\n<th>Anpassen:<\/th>\n<td>Verf\u00fcgbar Anpassen<\/td>\n<\/tr>\n<tr>\n<th>Gold Farbe:<\/th>\n<td>Wei\u00dfgold \/ Gelbgold \/ Ros\u00e9gold<\/td>\n<th>Anlass:<\/th>\n<td>Jahrestag, Verlobung, Geschenk, Party, Hochzeit<\/td>\n<\/tr>\n<tr class=\"bg_gray\">\n<th colspan=\"1\">Helles Licht:<\/th>\n<td colspan=\"3\">\n<h2 style='font-weight: bold;font-size: 14px'>ODM Nat\u00fcrliche Diamant Eheringe<\/h2>\n<p>, <\/p>\n<h2 style='font-weight: bold;font-size: 14px'>OEM Nat\u00fcrliche Diamant Eheringe<\/h2>\n<p>, <\/p>\n<h2 style='font-weight: bold;font-size: 14px'>Halo Style Versprechen Ringe 6.5mm<\/h2>\n<\/td>\n<\/tr>\n<\/tbody>\n<\/table>\n<p><p><span style=\"font-size:14px\"><span style=\"font-family:arial,helvetica,sans-serif\">Beschreibung des Produkts:<\/span><\/span><\/p>\n<p><strong><span style=\"font-size:16px\">Hochwertige drei Kreis nat\u00fcrliche Diamant Hochzeit Band Engagement Versprechen Halo Ringe Set Frauen Geschenk<\/span><\/strong><\/p>\n<table border=\"1\" cellpadding=\"0\" cellspacing=\"0\" style=\"width: 576px\">\n<tbody>\n<tr>\n<td style=\"width: 126px\">Artikel Nr.<\/td>\n<td style=\"width: 444px\">KD20454R<\/td>\n<\/tr>\n<tr>\n<td style=\"width: 126px\">Produktname<\/td>\n<td style=\"width: 444px\">Verlobungsring-Sets<\/td>\n<\/tr>\n<tr>\n<td style=\"width: 126px\">Stil<\/td>\n<td style=\"width: 444px\">Luxus<\/td>\n<\/tr>\n<tr>\n<td style=\"width: 126px\">Material<\/td>\n<td style=\"width: 444px\">Massiv Gold 14K\/18K\/10K\/9K\/Sterling Silber&nbsp;<\/td>\n<\/tr>\n<tr>\n<td style=\"width: 126px\">Einstellung Typ<\/td>\n<td style=\"width: 444px\">Prong Handfassung<\/td>\n<\/tr>\n<tr>\n<td style=\"width: 126px\">Geschlecht<\/td>\n<td style=\"width: 444px\">Frauen,Damen,Paare,Junge M\u00e4dchen<\/td>\n<\/tr>\n<tr>\n<td style=\"width: 126px\">Winziger Stein<\/td>\n<td style=\"width: 444px\">Nat\u00fcrlicher Diamant F-H SI1\/SI2\/VS1\/Labordiamant \/ Mossianit<\/td>\n<\/tr>\n<tr>\n<td style=\"width: 126px\">Hauptstein<\/td>\n<td style=\"width: 444px\">Nat\u00fcrlicher Diamant\/Labordiamant\/Mossianit\/Alle Edelsteine wie Aquamarin<\/td>\n<\/tr>\n<tr>\n<td style=\"width: 126px\">Dimension<\/td>\n<td style=\"width: 444px\">6,5 mm runder Brillantschliff<\/td>\n<\/tr>\n<tr>\n<td style=\"width: 126px\">Anlass<\/td>\n<td style=\"width: 444px\">Jahrestag, Verlobung, Geschenk, Party, Hochzeit<\/td>\n<\/tr>\n<tr>\n<td style=\"width: 126px\">Ringgr\u00f6\u00dfe<\/td>\n<td style=\"width: 444px\">Jede Gr\u00f6\u00dfe erh\u00e4ltlich #4#5,#6#7#8#9#10#11#12<\/td>\n<\/tr>\n<\/tbody>\n<\/table>\n<p>&nbsp;<\/p>\n<p><span style=\"font-size:14px\"><span style=\"font-family:arial,helvetica,sans-serif\">Angaben zur Produktion :<\/span><\/span><br \/>\n<span style=\"font-size:14px\"><span style=\"font-family:arial,helvetica,sans-serif\">Tiny Diamond Informationen:<\/span><\/span><br \/>\n<span style=\"font-size:14px\"><span style=\"font-family:arial,helvetica,sans-serif\">Anzahl der Diamanten: <\/span><\/span>3.0=2pcs=0.2ct,1.3=88pcs=0.88ct<br \/>\n<span style=\"font-size:14px\"><span style=\"font-family:arial,helvetica,sans-serif\">Karatgewicht gesamt: 1,08ct<\/span><\/span><br \/>\n<span style=\"font-size:14px\"><span style=\"font-family:arial,helvetica,sans-serif\">Durchschnittliche Farbe: VS1\/SI1\/SI2<\/span><\/span><br \/>\n<span style=\"font-size:14px\"><span style=\"font-family:arial,helvetica,sans-serif\">Durchschnittliche Klarheit: F-H oder&nbsp;<\/span><\/span>Anpassen nach Kundenwunsch<br \/>\n<span style=\"font-size:14px\"><span style=\"font-family:arial,helvetica,sans-serif\">Durchschnittlicher Schnitt:&nbsp;<\/span><\/span>Runder Brillantschliff<br \/>\n<span style=\"font-size:14px\"><span style=\"font-family:arial,helvetica,sans-serif\">Fassung Typ: Prong-Fassung<\/span><\/span><\/p>\n<p>\n<span style=\"font-size:14px\"><span style=\"font-family:arial,helvetica,sans-serif\">Informationen zum Hauptstein:&nbsp;<\/span><\/span>Nat\u00fcrlicher Diamant<br \/>\n<span style=\"font-size:14px\"><span style=\"font-family:arial,helvetica,sans-serif\">Karat Gesamtgewicht: <\/span><\/span>1St\u00fcck=1,0ct<\/p>\n<p><span style=\"font-family: arial, helvetica, sans-serif\">Hauptstein&nbsp;<\/span><font face=\"arial, helvetica, sans-serif\">Gr\u00f6\u00dfe: 6.5MM<\/font><\/p>\n<p>Schliff: Runder Brillantschliff<\/p>\n<p>\n<span style=\"font-size:14px\"><span style=\"font-family:arial,helvetica,sans-serif\">Warum uns w\u00e4hlen:<\/span><\/span><br \/>\n<span style=\"font-size:14px\"><span style=\"font-family:arial,helvetica,sans-serif\">1: K-Gold hat etwa 21 Jahre Erfahrung im Schmuckbereich und 17 Jahre Produktionserfahrung.<\/span><\/span><br \/>\n<span style=\"font-size:14px\"><span style=\"font-family:arial,helvetica,sans-serif\">2: Auch unser professionelles F &amp; E-Team, um sicherzustellen, dass unsere Produkte st\u00e4ndig aktualisiert werden und vor der Industrie. So haben wir mehr als 3000 verschiedene Entw\u00fcrfe und mehr dann 46 Sammlungen k\u00f6nnen von verschiedenen Marktanforderung treffen.<\/span><\/span><br \/>\n<span style=\"font-size:14px\"><span style=\"font-family:arial,helvetica,sans-serif\">3: F\u00fcr kundenspezifische Artikel k\u00f6nnen Sie CAD am gleichen Tag oder am n\u00e4chsten Tag erhalten, um die Daten vor der Bestellung zu best\u00e4tigen.<\/span><\/span><br \/>\n<span style=\"font-size:14px\"><span style=\"font-family:arial,helvetica,sans-serif\">4: Das Ziel von K-gold ist es, den Kunden die richtigen Produkte zum richtigen Preis anzubieten und rechtzeitig zu liefern.<\/span><\/span><br \/>\n<span style=\"font-size:14px\"><span style=\"font-family:arial,helvetica,sans-serif\">5: Wir haben ein leistungsf\u00e4higes Kundendienstteam, das den gesamten Verkaufsprozess im Auge beh\u00e4lt und Ihnen bei allen Fragen hilft, vom CAD-Entwurf bis zur Lieferung.<\/span><\/span><br \/>\n<span style=\"font-size:14px\"><span style=\"font-family:arial,helvetica,sans-serif\">K-Gold Werksdienst:<\/span><\/span><br \/>\n<img decoding=\"async\" src=\"https:\/\/www.gold-jewellerys.com\/test\/gold-jewellerys.com\/photo\/pl36123473-remark.jpg\"><\/p>\n<p><img decoding=\"async\" src=\"https:\/\/www.gold-jewellerys.com\/test\/gold-jewellerys.com\/photo\/pl36123376-remark.jpg\"><\/p>\n<p><img decoding=\"async\" src=\"https:\/\/www.gold-jewellerys.com\/test\/gold-jewellerys.com\/photo\/pl36153524-remark.jpg\"><br \/>\n<img decoding=\"async\" src=\"https:\/\/www.gold-jewellerys.com\/test\/gold-jewellerys.com\/photo\/pl36123397-remark.jpg\"><br \/>\n<img decoding=\"async\" src=\"https:\/\/www.gold-jewellerys.com\/test\/gold-jewellerys.com\/photo\/pl36219389-remark.jpg\"><br \/>\n<img decoding=\"async\" src=\"https:\/\/www.gold-jewellerys.com\/test\/gold-jewellerys.com\/photo\/pl36230799-remark.jpg\"><\/p>\n<p><img decoding=\"async\" src=\"https:\/\/www.gold-jewellerys.com\/test\/gold-jewellerys.com\/photo\/pl36219445-remark.jpg\"><\/p>\n<p>FAQ:<\/p>\n<p>1: Wie k\u00f6nnen wir den Preis erfahren?<\/p>\n<p>Wir begr\u00fc\u00dfen Sie, um uns auf whatsapp zu kontaktieren. Schicken Sie uns einfach die Bilder der Elemente, die Sie wollen, dann werden wir Ihnen die Preise so schnell wie m\u00f6glich.<\/p>\n<p>&nbsp;<\/p>\n<p>Ansprechpartnerin: Nancy lee<br \/>\nWhatsApp: +86-18520267369 \/ Tell:+8618520267369<br \/>\nE-Mail: nancy@gzkgold.com<br \/>\nWebsite:<\/p>\n<p>&nbsp;<\/p>\n<p>2: K\u00f6nnen Sie mein Logo anpassen?<br \/>\nJa, auf jeden Fall k\u00f6nnen Sie, Bitte senden Sie uns Ihr LOGO, wir werden frei, es zu unterzeichnen. F\u00fcr Markenschmuck immer mit Orginal-Logo,<\/p>\n<p>und wenn Sie etwas Besonderes brauchen, lassen Sie es mich einfach wissen.<\/p>\n<p>&nbsp;<\/p>\n<p>3: Wie kann ich meine Bestellung bezahlen?<\/p>\n<p>Bitte sagen Sie mir Ihre Bestellung, dann werden wir Ihnen sagen, das Element Preis, Versandkosten und Original-Box Geb\u00fchr und Gesamtbetrag. Sie k\u00f6nnen die Zahlung per Western Union \/ T\/T, oder Payoneer machen, werden wir verarbeiten und versenden Sie Ihre Bestellung so schnell wie m\u00f6glich nach Zahlung gemacht.<\/p>\n<p>&nbsp;<\/p>\n<p>4: Kann ich eine Bescheinigung erhalten?<\/p>\n<p>Ja, es gibt die zertifizierte, wenn Sie brauchen und Preis wird nicht die Geb\u00fchr enthalten. Der Diamant dort GIA-zertifiziert oder ohne es nur<\/p>\n<p>Lassen Sie es mich wissen, denn es gibt Preisunterschiede.<\/p>\n<p>&nbsp;<\/p>\n<p>5. Wie lange kann ich meine Waren erhalten?<\/p>\n<p>Bestellung immer nach der Anzahlung \u00fcber Ihre Bestellung bearbeiten. Herstellungszeit 2-10 Arbeitstage je nach Entwurfsausf\u00fchrung<\/p>\n<p>Schwierigkeit, plus 3-7 Tage Versandzeit Expressversandmethode in alle fo der Welt.<\/p>\n<p>&nbsp;<\/p>\n<p>6: Stellen Sie Schmuck f\u00fcr Privatkunden oder nur f\u00fcr Gro\u00dfh\u00e4ndler her?<br \/>\nEigentlich sind wir den gesamten Verkauf zu machen, die online zu verkaufen oder haben Sie Ihr eigenes Gesch\u00e4ft f\u00fcr Original-Designs, f\u00fcr die Marke Schmuck erlaubt den pers\u00f6nlichen K\u00e4ufer zu. Sie k\u00f6nnen feine Qualit\u00e4t Markenschmuck f\u00fcr Ihre Familie, Freunde und sich selbst zu Fabrikpreisen zu bestellen. Auch wird es gro\u00df sein, wenn Sie ein Schmuck Wiederverk\u00e4ufer sind. Wir bieten kostenlosen Versand und kostenlose Original-Marke-Boxen, wenn Sie viele Artikel jedes Mal bestellen k\u00f6nnen. Mehr Menge dann besten Preis.<\/p>\n<p style=\"padding: 0px;border: 0px\">\n&nbsp;<\/p><\/p>","protected":false},"excerpt":{"rendered":"<br \/>\n<table class=\"tables data\" width=\"100%\" border=\"0\" cellpadding=\"0\" cellspacing=\"0\">\n<tbody>\n<tr>\n<th width=\"35%\">Ort der Herkunft:<\/th>\n<td>China<\/td>\n<\/tr>\n<tr>\n<th width=\"35%\">Markenname:<\/th>\n<td>K-Gold-Schmuck<\/td>\n<\/tr>\n<tr>\n<th width=\"35%\">Zertifizierung:<\/th>\n<td>Schmuck-Zertifikat<\/td>\n<\/tr>\n<tr>\n<th width=\"35%\">Modellnummer:<\/th>\n<td>KD20454R<\/td>\n<\/tr>\n<\/tbody>\n<\/table>\n<p>                                                                            <span class=\"title_s\">Zahlungs- und Versandbedingungen:<\/span>                            <\/p>\n<table class=\"tables data\" width=\"100%\" border=\"0\" cellpadding=\"0\" cellspacing=\"0\">\n<tbody>\n<tr>\n<th width=\"35%\" nowrap=\"nowrap\">Mindestbestellmenge:<\/th>\n<td>3<\/td>\n<\/tr>\n<tr>\n<th width=\"35%\" nowrap=\"nowrap\">Preis:<\/th>\n<td>Verhandlungsf\u00e4hig<\/td>\n<\/tr>\n<tr>\n<th width=\"35%\" nowrap=\"nowrap\">Einzelheiten zur Verpackung:<\/th>\n<td>Standard dicke PP Tasche, Marke wird mit Marke kommen Verpackung<\/td>\n<\/tr>\n<tr>\n<th width=\"35%\" nowrap=\"nowrap\">Lieferzeiten:<\/th>\n<td>5-15 Arbeitstage<\/td>\n<\/tr>\n<tr>\n<th width=\"35%\" nowrap=\"nowrap\">Zahlungsbedingungen:<\/th>\n<td>T\/T, Western Union<\/td>\n<\/tr>\n<tr>\n<th width=\"35%\" nowrap=\"nowrap\">Lieferf\u00e4higkeit:<\/th>\n<td>2000St\u00fcck\/Monat<\/td>\n<\/tr>\n<\/tbody>\n<\/table>","protected":false},"featured_media":5248,"comment_status":"closed","ping_status":"closed","template":"","meta":{"_gspb_post_css":""},"product_brand":[],"product_cat":[26],"product_tag":[],"class_list":{"0":"post-5254","1":"product","2":"type-product","3":"status-publish","4":"has-post-thumbnail","6":"product_cat-diamond-lab-diamond-moissanite-jewelry","8":"first","9":"instock","10":"shipping-taxable","11":"product-type-simple"},"aioseo_notices":[],"_links":{"self":[{"href":"https:\/\/dearjewelry.ltd\/de\/wp-json\/wp\/v2\/product\/5254","targetHints":{"allow":["GET"]}}],"collection":[{"href":"https:\/\/dearjewelry.ltd\/de\/wp-json\/wp\/v2\/product"}],"about":[{"href":"https:\/\/dearjewelry.ltd\/de\/wp-json\/wp\/v2\/types\/product"}],"replies":[{"embeddable":true,"href":"https:\/\/dearjewelry.ltd\/de\/wp-json\/wp\/v2\/comments?post=5254"}],"wp:featuredmedia":[{"embeddable":true,"href":"https:\/\/dearjewelry.ltd\/de\/wp-json\/wp\/v2\/media\/5248"}],"wp:attachment":[{"href":"https:\/\/dearjewelry.ltd\/de\/wp-json\/wp\/v2\/media?parent=5254"}],"wp:term":[{"taxonomy":"product_brand","embeddable":true,"href":"https:\/\/dearjewelry.ltd\/de\/wp-json\/wp\/v2\/product_brand?post=5254"},{"taxonomy":"product_cat","embeddable":true,"href":"https:\/\/dearjewelry.ltd\/de\/wp-json\/wp\/v2\/product_cat?post=5254"},{"taxonomy":"product_tag","embeddable":true,"href":"https:\/\/dearjewelry.ltd\/de\/wp-json\/wp\/v2\/product_tag?post=5254"}],"curies":[{"name":"wp","href":"https:\/\/api.w.org\/{rel}","templated":true}]}}