{"id":5222,"date":"2025-07-13T10:43:22","date_gmt":"2025-07-13T10:43:22","guid":{"rendered":"https:\/\/dearjewelry.ltd\/product\/oval-cut-black-and-white-diamond-accents-milgrain-5-stone-engagement-ring-1-5-carat\/"},"modified":"2025-07-13T10:43:22","modified_gmt":"2025-07-13T10:43:22","slug":"oval-geschnittene-schwarze-und-weise-diamanten-akzente-milgrain-5-stein-verlobungsring-1-5-karat","status":"publish","type":"product","link":"https:\/\/dearjewelry.ltd\/de\/produkt\/oval-geschnittene-schwarze-und-weise-diamanten-akzente-milgrain-5-stein-verlobungsring-1-5-karat\/","title":{"rendered":"Oval Cut Schwarz und Wei\u00df Diamant Akzente Milgrain 5 Stein Verlobungsring 1,5 Karat"},"content":{"rendered":"<h2>Oval Cut Schwarz und Wei\u00df Diamant Akzente Milgrain 5 Stein Verlobungsring 1,5 Karat<\/h2>\n<p> Beschreibung<\/p>\n<table cellpadding=\"0\" cellspacing=\"0\" class=\"details_table\">\n<tbody>\n<tr>\n<th>Material:<\/th>\n<td>18K Gold<\/td>\n<th>Schmuck Typ:<\/th>\n<td>Verlobungsring<\/td>\n<\/tr>\n<tr class=\"bg_gray\">\n<th>Geschlecht:<\/th>\n<td>Frauen<\/td>\n<th>Ma\u00dfgeschneidert:<\/th>\n<td>Accept Customize Ihre Marke und Ihr Design<\/td>\n<\/tr>\n<tr>\n<th>Winziger Stein:<\/th>\n<td>Echter Diamant G-H VS1<\/td>\n<th>Produktname:<\/th>\n<td>18K Gold Diamantring<\/td>\n<\/tr>\n<tr class=\"bg_gray\">\n<th>Einstellung Typ:<\/th>\n<td>Einstellung der Klaue<\/td>\n<th>Anlass:<\/th>\n<td>Jahrestag, Verlobung, Geschenk, Party, Hochzeit<\/td>\n<\/tr>\n<tr>\n<th>Hauptstein:<\/th>\n<td>Mossianit-Diamant<\/td>\n<th>Ringgr\u00f6\u00dfe:<\/th>\n<td>5 6 7 8 9#angepasst<\/td>\n<\/tr>\n<tr class=\"bg_gray\">\n<th colspan=\"1\">Helles Licht:<\/th>\n<td colspan=\"3\">\n<h2 style='font-weight: bold;font-size: 14px'>Verlobungsring mit 5 Steinen im Ovalschliff<\/h2>\n<p>, <\/p>\n<h2 style='font-weight: bold;font-size: 14px'>Milgrain 5 Stein Verlobungsring<\/h2>\n<p>, <\/p>\n<h2 style='font-weight: bold;font-size: 14px'>1,5 Karat Diamant-Verlobungsring<\/h2>\n<\/td>\n<\/tr>\n<\/tbody>\n<\/table>\n<p><p><span style=\"font-size:16px\"><strong><span style=\"font-family:arial,helvetica,sans-serif\">Beschreibung des Produkts:<\/span><\/strong><\/span><\/p>\n<p><span style=\"font-size:20px\"><strong>1,5 Karat Ovalschliff Schwarzer Diamant und wei\u00dfer Diamant Akzente Milgrain 5 Stein Verlobungsring in Wei\u00dfgold <\/strong><\/span><\/p>\n<p>&nbsp;<\/p>\n<p><span style=\"font-size:16px\"><strong>Einzelheiten zum Produkt:&nbsp;<\/strong><\/span><\/p>\n<table border=\"1\" cellpadding=\"0\" cellspacing=\"0\" style=\"width: 651px\">\n<tbody>\n<tr>\n<td style=\"width: 162px\"><span style=\"font-size:16px\">Artikel Nr.<\/span><\/td>\n<td style=\"width: 484px\"><span style=\"font-size:16px\">K43622R<\/span><\/td>\n<\/tr>\n<tr>\n<td style=\"width: 162px\"><span style=\"font-size:16px\">Produktname<\/span><\/td>\n<td style=\"width: 484px\"><span style=\"font-size:16px\">Wei\u00dfgold-Diamantring<\/span><\/td>\n<\/tr>\n<tr>\n<td style=\"width: 162px\"><span style=\"font-size:16px\">Stil<\/span><\/td>\n<td style=\"width: 484px\"><span style=\"font-size:16px\">&nbsp;Klassischer Stil&nbsp;<\/span><\/td>\n<\/tr>\n<tr>\n<td style=\"width: 162px\"><span style=\"font-size:16px\">Material<\/span><\/td>\n<td style=\"width: 484px\"><span style=\"font-size:16px\">Wei\u00dfgold&nbsp;<\/span><\/td>\n<\/tr>\n<tr>\n<td style=\"width: 162px\"><span style=\"font-size:16px\">Einstellung Typ<\/span><\/td>\n<td style=\"width: 484px\"><span style=\"font-size:16px\">Einstellung der Klaue<\/span><\/td>\n<\/tr>\n<tr>\n<td style=\"width: 162px\"><span style=\"font-size:16px\">Geschlecht<\/span><\/td>\n<td style=\"width: 484px\"><span style=\"font-size:16px\">Frauen<\/span><\/td>\n<\/tr>\n<tr>\n<td style=\"width: 162px\"><span style=\"font-size:16px\">Winziger Diamant<\/span><\/td>\n<td style=\"width: 484px\"><span style=\"font-size:16px\">Echter Didamond (G-H,VS1,0.51ct)<\/span><\/td>\n<\/tr>\n<tr>\n<td style=\"width: 162px\"><span style=\"font-size:16px\">Hauptstein<\/span><\/td>\n<td style=\"width: 484px\"><span style=\"font-size:16px\">Mossianit-Diamant 2,5ct<\/span><\/td>\n<\/tr>\n<tr>\n<td style=\"width: 162px\"><span style=\"font-size:16px\">Ringgr\u00f6\u00dfe<\/span><\/td>\n<td style=\"width: 484px\"><span style=\"font-size:16px\">#5 #6 #7 #8 #9, kundenspezifisch verf\u00fcgbar&nbsp;<\/span><\/td>\n<\/tr>\n<tr>\n<td style=\"width: 162px\"><span style=\"font-size:16px\">Anlass<\/span><\/td>\n<td style=\"width: 484px\"><span style=\"font-size:16px\">Jahrestag, Verlobung, Geschenk, Party, Hochzeit<\/span><\/td>\n<\/tr>\n<\/tbody>\n<\/table>\n<p>&nbsp;<\/p>\n<p><strong><span style=\"font-size:16px\"><span style=\"font-family:arial,helvetica,sans-serif\"><span>Produkt anzeigen:<\/span><\/span><\/span><\/strong><\/p>\n<p>&nbsp;<\/p>\n<p><img decoding=\"async\" src=\"https:\/\/www.gold-jewellerys.com\/photo\/gold-jewellerys\/editor\/20221031173230_47806.jpg\"><\/p>\n<p><span style=\"font-size:16px\"><strong>Herstellung :<\/strong><\/span><\/p>\n<p><span style=\"font-size:16px\">18K Diamant Gold Verlobungsring, aus echtem Diamant mit18k Ros\u00e9gold,<\/span><\/p>\n<p><span style=\"font-size:16px\">Winzige Diamanten (G-H,VS1 0.51ct), 5 6 7 8 9# nach Ihren W\u00fcnschen angepasst jede Gr\u00f6\u00dfe.<\/span><\/p>\n<p><span style=\"font-size:16px\">Die reale Qualit\u00e4t gl\u00e4nzender als die Bilder, K Gold Jewelry bieten immer hohe Qualit\u00e4t f\u00fcr Kunden.&nbsp;<\/span><\/p>\n<p>&nbsp;<\/p>\n<p><span style=\"font-size:16px\"><span style=\"font-family:arial,helvetica,sans-serif\">1:1-1\/2 Karat Diamantring<\/span><\/span><\/p>\n<p><span style=\"font-size:16px\"><span style=\"font-family:arial,helvetica,sans-serif\">2: Diamant-Farbbewertungscode: G-H<\/span><\/span><\/p>\n<p><span style=\"font-size:16px\"><span style=\"font-family:arial,helvetica,sans-serif\">3: Diamant Reinheitsgrad Code:VS1<\/span><\/span><\/p>\n<p><span style=\"font-size:16px\"><span style=\"font-family:arial,helvetica,sans-serif\">4: Diamantform: Rund&nbsp;<\/span><\/span><\/p>\n<p><span style=\"font-size:16px\"><span style=\"font-family:arial,helvetica,sans-serif\">5: Fassung aus 18 Karat Ros\u00e9gold<\/span><\/span><\/p>\n<p><span style=\"font-size:16px\"><span style=\"font-family:arial,helvetica,sans-serif\"><span style=\"font-family:arial,helvetica,sans-serif\">6: Das Foto kann vergr\u00f6\u00dfert und\/oder verbessert worden sein.<\/span><\/span><\/span><\/p>\n<p><span style=\"font-size:16px\"><span style=\"font-family:arial,helvetica,sans-serif\">7: Fast alle Edelsteine wurden behandelt, um ihre Sch\u00f6nheit zu steigern, und erfordern besondere Pflege.<\/span><\/span><\/p>\n<p><span style=\"font-size:16px\"><span style=\"font-family:arial,helvetica,sans-serif\">8: Alle Edelstein-Karat-Gewichte (ct. t.w.), wenn erw\u00e4hnt, sind ungef\u00e4hre Angaben; die Abweichung kann 0,05 Karat betragen.<\/span><\/span><\/p>\n<p>&nbsp;<\/p>\n<p><span style=\"font-size:16px\"><strong>Warum uns w\u00e4hlen:<\/strong><\/span><\/p>\n<p><span style=\"font-size:16px\">1: K-Gold hat etwa 21 Jahre Erfahrung im Schmuckbereich und 17 Jahre Produktionserfahrung.<\/span><\/p>\n<p><span style=\"font-size:16px\">2: Auch unser professionelles F &amp; E-Team, um sicherzustellen, dass unsere Produkte st\u00e4ndig aktualisiert werden und vor der Industrie. So haben wir mehr als 3000 verschiedene Entw\u00fcrfe und mehr dann 46 Sammlungen k\u00f6nnen von verschiedenen Marktanforderung treffen.<\/span><\/p>\n<p><span style=\"font-size:16px\">3: F\u00fcr kundenspezifische Artikel k\u00f6nnen Sie CAD am gleichen Tag oder am n\u00e4chsten Tag erhalten, um die Daten vor der Bestellung zu best\u00e4tigen.<\/span><\/p>\n<p><span style=\"font-size:16px\">4: Das Ziel von K-gold ist es, den Kunden die richtigen Produkte zum richtigen Preis anzubieten und rechtzeitig zu liefern.<\/span><\/p>\n<p><span style=\"font-size:16px\">5: Wir haben ein leistungsf\u00e4higes Kundendienstteam, das den gesamten Verkaufsprozess im Auge beh\u00e4lt und Ihnen bei allen Fragen hilft, vom CAD-Entwurf bis zur Lieferung.<\/span><\/p>\n<p>&nbsp;<\/p>\n<p><span style=\"font-size:16px\"><strong>K-Gold Factory Show:<\/strong><\/span>&nbsp;<\/p>\n<p><img decoding=\"async\" src=\"https:\/\/www.gold-jewellerys.com\/test\/gold-jewellerys.com\/photo\/pl36123473-remark.jpg\"><\/p>\n<p>&nbsp;<\/p>\n<p>&nbsp;<\/p>\n<p><img decoding=\"async\" src=\"https:\/\/www.gold-jewellerys.com\/test\/gold-jewellerys.com\/photo\/pl36123397-remark.jpg\"><\/p>\n<p>&nbsp;<\/p>\n<p>&nbsp;<\/p>\n<p><strong><span style=\"font-size:16px\">FAQ:<\/span><\/strong><\/p>\n<p><span style=\"font-size:16px\">1: Wie k\u00f6nnen wir den Preis erfahren?<\/span><\/p>\n<p><span style=\"font-size:16px\">Wir begr\u00fc\u00dfen Sie, um uns auf whatsapp zu kontaktieren. Schicken Sie uns einfach die Bilder der Elemente, die Sie wollen, dann werden wir Ihnen die Preise so schnell wie m\u00f6glich.<\/span><\/p>\n<p>&nbsp;<\/p>\n<p><span style=\"font-size:16px\">Ansprechpartnerin: Cherry Lee<br \/>\nWhatsApp: +86-18520267369 \/ Tell:+8618520267369<br \/>\nE-Mail:<br \/>\nWebsite:<\/span><\/p>\n<p>&nbsp;<\/p>\n<p><span style=\"font-size:16px\">2: K\u00f6nnen Sie mein Logo anpassen?<br \/>\nJa, auf jeden Fall k\u00f6nnen Sie, Bitte senden Sie uns Ihr LOGO, wir werden frei, es zu unterzeichnen. F\u00fcr Markenschmuck immer mit Orginal-Logo,<\/span><\/p>\n<p><span style=\"font-size:16px\">und wenn Sie etwas Besonderes brauchen, lassen Sie es mich einfach wissen.<\/span><\/p>\n<p>&nbsp;<\/p>\n<p><span style=\"font-size:16px\">3: Wie kann ich meine Bestellung bezahlen?<\/span><\/p>\n<p><span style=\"font-size:16px\">Bitte sagen Sie mir Ihre Bestellung, dann werden wir Ihnen sagen, das Element Preis, Versandkosten und Original-Box Geb\u00fchr und Gesamtbetrag. Sie k\u00f6nnen die Zahlung per Western Union \/ T\/T, oder Payoneer machen, werden wir verarbeiten und versenden Sie Ihre Bestellung so schnell wie m\u00f6glich nach Zahlung gemacht.<\/span><\/p>\n<p>&nbsp;<\/p>\n<p><span style=\"font-size:16px\">4: Kann ich eine Bescheinigung erhalten?<\/span><\/p>\n<p><span style=\"font-size:16px\">Ja, es gibt die zertifizierte, wenn Sie brauchen und Preis wird nicht die Geb\u00fchr enthalten. Der Diamant dort GIA-zertifiziert oder ohne es nur<\/span><\/p>\n<p><span style=\"font-size:16px\">Lassen Sie es mich wissen, denn es gibt Preisunterschiede.<\/span><\/p>\n<p>&nbsp;<\/p>\n<p><span style=\"font-size:16px\">5: Wie lange kann ich meine Waren erhalten?<\/span><\/p>\n<p><span style=\"font-size:16px\">Bestellung immer nach der Anzahlung \u00fcber Ihre Bestellung bearbeiten. Herstellungszeit 2-10 Arbeitstage je nach Entwurfsausf\u00fchrung<\/span><\/p>\n<p><span style=\"font-size:16px\">Schwierigkeit, plus 3-7 Tage Versandzeit Expressversandmethode in alle fo der Welt.<\/span><\/p>\n<p>&nbsp;<\/p>\n<p><span style=\"font-size:16px\">6: Stellen Sie Schmuck f\u00fcr Privatkunden oder nur f\u00fcr Gro\u00dfh\u00e4ndler her?<br \/>\nEigentlich sind wir den gesamten Verkauf zu machen, die online zu verkaufen oder haben Sie Ihr eigenes Gesch\u00e4ft f\u00fcr Original-Designs, f\u00fcr die Marke Schmuck erlaubt den pers\u00f6nlichen K\u00e4ufer zu. Sie k\u00f6nnen feine Qualit\u00e4t Markenschmuck f\u00fcr Ihre Familie, Freunde und sich selbst zu Fabrikpreisen zu bestellen. Auch wird es gro\u00df sein, wenn Sie ein Schmuck Wiederverk\u00e4ufer sind. Wir bieten kostenlosen Versand und kostenlose Original-Marke-Boxen, wenn Sie viele Artikel jedes Mal bestellen k\u00f6nnen. Mehr Menge dann besten Preis.<\/span><\/p><\/p>","protected":false},"excerpt":{"rendered":"<br \/>\n<table class=\"tables data\" width=\"100%\" border=\"0\" cellpadding=\"0\" cellspacing=\"0\">\n<tbody>\n<tr>\n<th width=\"35%\">Ort der Herkunft:<\/th>\n<td>China<\/td>\n<\/tr>\n<tr>\n<th width=\"35%\">Markenname:<\/th>\n<td>K-Gold-Schmuck<\/td>\n<\/tr>\n<tr>\n<th width=\"35%\">Zertifizierung:<\/th>\n<td>Gold-Diamant-Zertifikat<\/td>\n<\/tr>\n<tr>\n<th width=\"35%\">Modellnummer:<\/th>\n<td>K43622R<\/td>\n<\/tr>\n<\/tbody>\n<\/table>\n<p>                                                                            <span class=\"title_s\">Zahlungs- und Versandbedingungen:<\/span>                            <\/p>\n<table class=\"tables data\" width=\"100%\" border=\"0\" cellpadding=\"0\" cellspacing=\"0\">\n<tbody>\n<tr>\n<th width=\"35%\" nowrap=\"nowrap\">Mindestbestellmenge:<\/th>\n<td>3<\/td>\n<\/tr>\n<tr>\n<th width=\"35%\" nowrap=\"nowrap\">Preis:<\/th>\n<td>Verhandlungsf\u00e4hig<\/td>\n<\/tr>\n<tr>\n<th width=\"35%\" nowrap=\"nowrap\">Einzelheiten zur Verpackung:<\/th>\n<td>Standardm\u00e4\u00dfig dicker PP-Beutel<\/td>\n<\/tr>\n<tr>\n<th width=\"35%\" nowrap=\"nowrap\">Lieferzeiten:<\/th>\n<td>5-15 Arbeitstage<\/td>\n<\/tr>\n<tr>\n<th width=\"35%\" nowrap=\"nowrap\">Zahlungsbedingungen:<\/th>\n<td>T\/T, Western Union<\/td>\n<\/tr>\n<tr>\n<th width=\"35%\" nowrap=\"nowrap\">Lieferf\u00e4higkeit:<\/th>\n<td>1000St\u00fcck\/Monat<\/td>\n<\/tr>\n<\/tbody>\n<\/table>","protected":false},"featured_media":5221,"comment_status":"closed","ping_status":"closed","template":"","meta":{"_gspb_post_css":""},"product_brand":[],"product_cat":[26],"product_tag":[],"class_list":{"0":"post-5222","1":"product","2":"type-product","3":"status-publish","4":"has-post-thumbnail","6":"product_cat-diamond-lab-diamond-moissanite-jewelry","8":"first","9":"instock","10":"shipping-taxable","11":"product-type-simple"},"aioseo_notices":[],"_links":{"self":[{"href":"https:\/\/dearjewelry.ltd\/de\/wp-json\/wp\/v2\/product\/5222","targetHints":{"allow":["GET"]}}],"collection":[{"href":"https:\/\/dearjewelry.ltd\/de\/wp-json\/wp\/v2\/product"}],"about":[{"href":"https:\/\/dearjewelry.ltd\/de\/wp-json\/wp\/v2\/types\/product"}],"replies":[{"embeddable":true,"href":"https:\/\/dearjewelry.ltd\/de\/wp-json\/wp\/v2\/comments?post=5222"}],"wp:featuredmedia":[{"embeddable":true,"href":"https:\/\/dearjewelry.ltd\/de\/wp-json\/wp\/v2\/media\/5221"}],"wp:attachment":[{"href":"https:\/\/dearjewelry.ltd\/de\/wp-json\/wp\/v2\/media?parent=5222"}],"wp:term":[{"taxonomy":"product_brand","embeddable":true,"href":"https:\/\/dearjewelry.ltd\/de\/wp-json\/wp\/v2\/product_brand?post=5222"},{"taxonomy":"product_cat","embeddable":true,"href":"https:\/\/dearjewelry.ltd\/de\/wp-json\/wp\/v2\/product_cat?post=5222"},{"taxonomy":"product_tag","embeddable":true,"href":"https:\/\/dearjewelry.ltd\/de\/wp-json\/wp\/v2\/product_tag?post=5222"}],"curies":[{"name":"wp","href":"https:\/\/api.w.org\/{rel}","templated":true}]}}