{"id":5209,"date":"2025-07-13T10:43:16","date_gmt":"2025-07-13T10:43:16","guid":{"rendered":"https:\/\/dearjewelry.ltd\/product\/rd-4mm-round-natural-diamond-ring-claw-setting-18k-gold-wedding-band\/"},"modified":"2025-07-13T10:43:16","modified_gmt":"2025-07-13T10:43:16","slug":"rd-4mm-runder-naturlicher-diamant-ring-krallenfassung-18k-gold-ehering","status":"publish","type":"product","link":"https:\/\/dearjewelry.ltd\/de\/produkt\/rd-4mm-runder-naturlicher-diamant-ring-krallenfassung-18k-gold-ehering\/","title":{"rendered":"RD 4mm runder nat\u00fcrlicher Diamantring, Klaueneinstellung 18k Gold Hochzeitsband"},"content":{"rendered":"<h2>RD 4mm runder nat\u00fcrlicher Diamantring, Klaueneinstellung 18k Gold Hochzeitsband<\/h2>\n<p> Beschreibung<\/p>\n<table cellpadding=\"0\" cellspacing=\"0\" class=\"details_table\">\n<tbody>\n<tr>\n<th>Hauptstein Gr\u00f6\u00dfe:<\/th>\n<td>RD 4mm<\/td>\n<th>Stil:<\/th>\n<td>Mode<\/td>\n<\/tr>\n<tr class=\"bg_gray\">\n<th>Schnitt:<\/th>\n<td>Rundschnitt<\/td>\n<th>Hauptstein:<\/th>\n<td>Diamant<\/td>\n<\/tr>\n<tr>\n<th>Material:<\/th>\n<td>9K\/14K\/18K Gold<\/td>\n<th>Art:<\/th>\n<td>Einstellung der Klaue<\/td>\n<\/tr>\n<tr class=\"bg_gray\">\n<th>Ma\u00dfgeschneidert:<\/th>\n<td>Akzeptieren Anpassen des Designs<\/td>\n<th>Anlass:<\/th>\n<td>Hochzeit,Verlobung<\/td>\n<\/tr>\n<tr>\n<th colspan=\"1\">Helles Licht:<\/th>\n<td colspan=\"3\">\n<h2 style='font-weight: bold;font-size: 14px'>OEM Gelbgold Ehering<\/h2>\n<p>, <\/p>\n<h2 style='font-weight: bold;font-size: 14px'>RD 4mm 18k Gold Ehering<\/h2>\n<p>, <\/p>\n<h2 style='font-weight: bold;font-size: 14px'>Si1 Grad nat\u00fcrlicher Diamant Ring<\/h2>\n<\/td>\n<\/tr>\n<\/tbody>\n<\/table>\n<p><p><span style=\"font-size:16px\"><strong><span style=\"font-family:arial,helvetica,sans-serif\">Beschreibung des Produkts:<\/span><\/strong><\/span><\/p>\n<p><strong><span style=\"font-size:16px\">Gelbgold Ehering Runder nat\u00fcrlicher Diamantring 18k Gold Ehering Diamantring<\/span><\/strong><\/p>\n<p>&nbsp;<\/p>\n<p><strong><span style=\"font-size:16px\">Einzelheiten zum Produkt:&nbsp;<\/span><\/strong><\/p>\n<table border=\"1\" cellpadding=\"0\" cellspacing=\"0\" style=\"width: 651px\">\n<tbody>\n<tr>\n<td style=\"width: 162px\"><span style=\"font-size:16px\">Artikel Nr.<\/span><\/td>\n<td style=\"width: 484px\"><span style=\"font-size:16px\"><span>K43471R<\/span><\/span><\/td>\n<\/tr>\n<tr>\n<td style=\"width: 162px\"><span style=\"font-size:16px\">Produktname<\/span><\/td>\n<td style=\"width: 484px\"><span style=\"font-size:16px\">Diamantring<\/span><\/td>\n<\/tr>\n<tr>\n<td style=\"width: 162px\"><span style=\"font-size:16px\">Stil<\/span><\/td>\n<td style=\"width: 484px\"><span style=\"font-size:16px\">Mode-Stil&nbsp;<\/span><\/td>\n<\/tr>\n<tr>\n<td style=\"width: 162px\"><span style=\"font-size:16px\">Material<\/span><\/td>\n<td style=\"width: 484px\"><span style=\"font-size:16px\">14K Gold&nbsp;<\/span><\/td>\n<\/tr>\n<tr>\n<td style=\"width: 162px\"><span style=\"font-size:16px\">Einstellung Typ<\/span><\/td>\n<td style=\"width: 484px\"><span style=\"font-size:16px\">Einstellung der Klaue<\/span><\/td>\n<\/tr>\n<tr>\n<td style=\"width: 162px\"><span style=\"font-size:16px\">Geschlecht<\/span><\/td>\n<td style=\"width: 484px\"><span style=\"font-size:16px\">Frauen<\/span><\/td>\n<\/tr>\n<tr>\n<td style=\"width: 162px\"><span style=\"font-size:16px\">Winziger Diamant<\/span><\/td>\n<td style=\"width: 484px\"><span style=\"font-size:16px\">Echter Didamond<\/span><\/td>\n<\/tr>\n<tr>\n<td style=\"width: 162px\"><span style=\"font-size:16px\">Hauptstein<\/span><\/td>\n<td style=\"width: 484px\"><span style=\"font-size:16px\">Diamant<\/span><\/td>\n<\/tr>\n<tr>\n<td style=\"width: 162px\"><span style=\"font-size:16px\">Ringgr\u00f6\u00dfe<\/span><\/td>\n<td style=\"width: 484px\"><span style=\"font-size:16px\">#5 #6 #7 #8 #9, kundenspezifisch verf\u00fcgbar&nbsp;<\/span><\/td>\n<\/tr>\n<tr>\n<td style=\"width: 162px\"><span style=\"font-size:16px\">Anlass<\/span><\/td>\n<td style=\"width: 484px\"><span style=\"font-size:16px\">Jahrestag, Verlobung, Hochzeit<\/span><\/td>\n<\/tr>\n<\/tbody>\n<\/table>\n<p>&nbsp;<\/p>\n<p><span style=\"font-size:16px\"><strong><span style=\"font-family:arial,helvetica,sans-serif\"><span>Produkt anzeigen:<\/span><\/span><\/strong><\/span><\/p>\n<p><img decoding=\"async\" src=\"https:\/\/www.gold-jewellerys.com\/test\/gold-jewellerys.com\/photo\/pl139101284-remark.jpg\"><\/p>\n<p>&nbsp;<\/p>\n<p>&nbsp;<\/p>\n<p><span style=\"font-size:16px\"><strong>Warum uns w\u00e4hlen:<\/strong><\/span><\/p>\n<p><span style=\"font-size:16px\">1: K-Gold hat etwa 21 Jahre Erfahrung im Schmuckbereich und 17 Jahre Produktionserfahrung.<\/span><\/p>\n<p><span style=\"font-size:16px\">2: Auch unser professionelles F &amp; E-Team, um sicherzustellen, dass unsere Produkte st\u00e4ndig aktualisiert werden und vor der Industrie. So haben wir mehr als 3000 verschiedene Entw\u00fcrfe und mehr dann 46 Sammlungen k\u00f6nnen von verschiedenen Marktanforderung treffen.<\/span><\/p>\n<p><span style=\"font-size:16px\">3: F\u00fcr kundenspezifische Artikel k\u00f6nnen Sie CAD am gleichen Tag oder am n\u00e4chsten Tag erhalten, um die Daten vor der Bestellung zu best\u00e4tigen.<\/span><\/p>\n<p><span style=\"font-size:16px\">4: Das Ziel von K-gold ist es, den Kunden die richtigen Produkte zum richtigen Preis anzubieten und rechtzeitig zu liefern.<\/span><\/p>\n<p><span style=\"font-size:16px\">5: Wir verf\u00fcgen \u00fcber ein leistungsf\u00e4higes Kundendienstteam, das den gesamten Verkaufsprozess im Auge beh\u00e4lt und Ihnen bei allen Fragen hilft, vom CAD-Entwurf bis zur Lieferung.<\/span><\/p>\n<p>&nbsp;<\/p>\n<p><strong><span style=\"font-size:16px\">K-Gold Factory Show:&nbsp;<\/span><\/strong><\/p>\n<p><img decoding=\"async\" src=\"https:\/\/www.gold-jewellerys.com\/test\/gold-jewellerys.com\/photo\/pl36123473-remark.jpg\"><\/p>\n<p>&nbsp;<\/p>\n<p>&nbsp;<\/p>\n<p>&nbsp;<\/p>\n<p>&nbsp;<\/p>\n<p><img decoding=\"async\" src=\"https:\/\/www.gold-jewellerys.com\/test\/gold-jewellerys.com\/photo\/pl36123397-remark.jpg\"><\/p>\n<p>&nbsp;<\/p>\n<p>&nbsp;<\/p>\n<p><span style=\"font-size:16px\"><strong>FAQ:<\/strong><\/span><\/p>\n<p><span style=\"font-size:16px\">1: Wie k\u00f6nnen wir den Preis erfahren?<\/span><\/p>\n<p><span style=\"font-size:16px\">Wir begr\u00fc\u00dfen Sie, um uns auf whatsapp zu kontaktieren. Schicken Sie uns einfach die Bilder der Elemente, die Sie wollen, dann werden wir Ihnen die Preise so schnell wie m\u00f6glich.<\/span><\/p>\n<p>&nbsp;<\/p>\n<p><span style=\"font-size:16px\">Ansprechpartnerin: Cherry Lee<br \/>\nWhatsApp: +86-18520267369 \/ Tell:+8618520267369<br \/>\nE-Mail:<br \/>\nWebsite:<\/span><\/p>\n<p>&nbsp;<\/p>\n<p><span style=\"font-size:16px\">2: K\u00f6nnen Sie mein Logo anpassen?<br \/>\nJa, auf jeden Fall k\u00f6nnen Sie, Bitte senden Sie uns Ihr LOGO, wir werden frei, es zu unterzeichnen. F\u00fcr Markenschmuck immer mit Orginal-Logo,<\/span><\/p>\n<p><span style=\"font-size:16px\">und wenn Sie etwas Besonderes brauchen, lassen Sie es mich einfach wissen.<\/span><\/p>\n<p>&nbsp;<\/p>\n<p><span style=\"font-size:16px\">3: <span style=\"font-family:arial,helvetica,sans-serif\">Wie sind die Zahlungsbedingungen?<\/span><\/span><\/p>\n<p><span style=\"font-family:arial,helvetica,sans-serif\"><span style=\"font-size:16px\">Sie k\u00f6nnen 30% Anzahlung first.And der Restbetrag sollte vor der Auslieferung bezahlt werden.<\/span><\/span><\/p>\n<p>&nbsp;<\/p>\n<p><span style=\"font-size:16px\">4: Was ist mit dem Paket?<\/span><\/p>\n<p><span style=\"font-size:16px\">In der Regel verwenden Opp Tasche f\u00fcr einzelne St\u00fccke, Verpackung Box ist auch verf\u00fcgbar. und plus Blase verpacken, um die Ware zu sch\u00fctzen.<\/span><\/p>\n<p>&nbsp;<\/p>\n<p><span style=\"font-size:16px\"><span style=\"font-family:arial,helvetica,sans-serif\">5: Wozu der Diamant?<\/span><\/span><\/p>\n<p><span style=\"font-size:16px\"><span style=\"font-family:arial,helvetica,sans-serif\">Wir verwenden in der Regel die Sorten F-H Color und Si1.<\/span><\/span><\/p>\n<p>&nbsp;<\/p>\n<p><span style=\"font-size:16px\">6: Bieten Sie individuellen Schmuck an? Kann ich ein Schmuckst\u00fcck individuell gestalten? <\/span><\/p>\n<p><span style=\"font-size:16px\">Ja, Sie k\u00f6nnen uns Ihr Design schicken und wir fertigen es f\u00fcr Sie an (zus\u00e4tzliche Geb\u00fchren k\u00f6nnen anfallen). Alle unsere Entw\u00fcrfe k\u00f6nnen aus jedem Metall, jeder Gr\u00f6\u00dfe, jedem Karatgewicht und jedem Stein, den Sie ben\u00f6tigen, angefertigt werden.<\/span><\/p><\/p>","protected":false},"excerpt":{"rendered":"<br \/>\n<table class=\"tables data\" width=\"100%\" border=\"0\" cellpadding=\"0\" cellspacing=\"0\">\n<tbody>\n<tr>\n<th width=\"35%\">Ort der Herkunft:<\/th>\n<td>China<\/td>\n<\/tr>\n<tr>\n<th width=\"35%\">Markenname:<\/th>\n<td>K-Gold-Schmuck<\/td>\n<\/tr>\n<tr>\n<th width=\"35%\">Zertifizierung:<\/th>\n<td>Gold-Diamant-Zertifikat<\/td>\n<\/tr>\n<tr>\n<th width=\"35%\">Modellnummer:<\/th>\n<td>K43471R<\/td>\n<\/tr>\n<\/tbody>\n<\/table>\n<p>                                                                            <span class=\"title_s\">Zahlungs- und Versandbedingungen:<\/span>                            <\/p>\n<table class=\"tables data\" width=\"100%\" border=\"0\" cellpadding=\"0\" cellspacing=\"0\">\n<tbody>\n<tr>\n<th width=\"35%\" nowrap=\"nowrap\">Mindestbestellmenge:<\/th>\n<td>3<\/td>\n<\/tr>\n<tr>\n<th width=\"35%\" nowrap=\"nowrap\">Preis:<\/th>\n<td>Verhandlungsf\u00e4hig<\/td>\n<\/tr>\n<tr>\n<th width=\"35%\" nowrap=\"nowrap\">Einzelheiten zur Verpackung:<\/th>\n<td>Standardm\u00e4\u00dfig dicker PP-Beutel<\/td>\n<\/tr>\n<tr>\n<th width=\"35%\" nowrap=\"nowrap\">Lieferzeiten:<\/th>\n<td>5-15 Arbeitstage<\/td>\n<\/tr>\n<tr>\n<th width=\"35%\" nowrap=\"nowrap\">Zahlungsbedingungen:<\/th>\n<td>T\/T, Western Union<\/td>\n<\/tr>\n<tr>\n<th width=\"35%\" nowrap=\"nowrap\">Lieferf\u00e4higkeit:<\/th>\n<td>1000St\u00fcck\/Monat<\/td>\n<\/tr>\n<\/tbody>\n<\/table>","protected":false},"featured_media":5205,"comment_status":"closed","ping_status":"closed","template":"","meta":{"_gspb_post_css":""},"product_brand":[],"product_cat":[26],"product_tag":[],"class_list":{"0":"post-5209","1":"product","2":"type-product","3":"status-publish","4":"has-post-thumbnail","6":"product_cat-diamond-lab-diamond-moissanite-jewelry","8":"first","9":"instock","10":"shipping-taxable","11":"product-type-simple"},"aioseo_notices":[],"_links":{"self":[{"href":"https:\/\/dearjewelry.ltd\/de\/wp-json\/wp\/v2\/product\/5209","targetHints":{"allow":["GET"]}}],"collection":[{"href":"https:\/\/dearjewelry.ltd\/de\/wp-json\/wp\/v2\/product"}],"about":[{"href":"https:\/\/dearjewelry.ltd\/de\/wp-json\/wp\/v2\/types\/product"}],"replies":[{"embeddable":true,"href":"https:\/\/dearjewelry.ltd\/de\/wp-json\/wp\/v2\/comments?post=5209"}],"wp:featuredmedia":[{"embeddable":true,"href":"https:\/\/dearjewelry.ltd\/de\/wp-json\/wp\/v2\/media\/5205"}],"wp:attachment":[{"href":"https:\/\/dearjewelry.ltd\/de\/wp-json\/wp\/v2\/media?parent=5209"}],"wp:term":[{"taxonomy":"product_brand","embeddable":true,"href":"https:\/\/dearjewelry.ltd\/de\/wp-json\/wp\/v2\/product_brand?post=5209"},{"taxonomy":"product_cat","embeddable":true,"href":"https:\/\/dearjewelry.ltd\/de\/wp-json\/wp\/v2\/product_cat?post=5209"},{"taxonomy":"product_tag","embeddable":true,"href":"https:\/\/dearjewelry.ltd\/de\/wp-json\/wp\/v2\/product_tag?post=5209"}],"curies":[{"name":"wp","href":"https:\/\/api.w.org\/{rel}","templated":true}]}}