{"id":5191,"date":"2025-07-13T10:43:10","date_gmt":"2025-07-13T10:43:10","guid":{"rendered":"https:\/\/dearjewelry.ltd\/product\/14k-roose-gold-lab-grown-moissanite-ring-dia-rd6mm-0-8ct-for-wedding\/"},"modified":"2025-07-13T10:43:10","modified_gmt":"2025-07-13T10:43:10","slug":"14k-roose-gold-labor-gewachsen-moissanite-ring-dia-rd6mm-0-8ct-fur-hochzeit","status":"publish","type":"product","link":"https:\/\/dearjewelry.ltd\/de\/produkt\/14k-roose-gold-labor-gewachsen-moissanite-ring-dia-rd6mm-0-8ct-fur-hochzeit\/","title":{"rendered":"14K Roose Gold Lab Grown Moissanite Ring Dia RD6mm 0.8ct f\u00fcr Hochzeit"},"content":{"rendered":"<h2>14K Roose Gold Lab Grown Moissanite Ring Dia RD6mm 0.8ct f\u00fcr Hochzeit<\/h2>\n<p> Beschreibung<\/p>\n<table cellpadding=\"0\" cellspacing=\"0\" class=\"details_table\">\n<tbody>\n<tr>\n<th>Material:<\/th>\n<td>9K Gold\/10K Gold\/14K Gold\/18K Gold<\/td>\n<th>Schmuck Typ:<\/th>\n<td>Mode Ring<\/td>\n<\/tr>\n<tr class=\"bg_gray\">\n<th>Hauptstein:<\/th>\n<td>1,0ct Mossianit<\/td>\n<th>Schnitt:<\/th>\n<td>Rundschnitt<\/td>\n<\/tr>\n<tr>\n<th>Farbe des Mittelsteins:<\/th>\n<td>Wei\u00df<\/td>\n<th>Einstellung Typ:<\/th>\n<td>Einstellung der Klaue<\/td>\n<\/tr>\n<tr class=\"bg_gray\">\n<th>Farbe:<\/th>\n<td>Wei\u00dfgold\/Gelbgold\/Rosengelbgold<\/td>\n<th>Bezahlung:<\/th>\n<td>T\/T, Paypal, Western Union<\/td>\n<\/tr>\n<tr>\n<th>Edelstein-Typ:<\/th>\n<td>Wei\u00dfer Moissanit<\/td>\n<\/tr>\n<tr class=\"bg_gray\">\n<th colspan=\"1\">H\u00f6hepunkt:<\/th>\n<td colspan=\"3\">\n<h2 style='font-weight: bold;font-size: 14px'>Laborgewachsener Moissanit Ring RD6mm<\/h2>\n<p>, <\/p>\n<h2 style='font-weight: bold;font-size: 14px'>0,8ct Labor gez\u00fcchteter Moissanit Ring<\/h2>\n<\/td>\n<\/tr>\n<\/tbody>\n<\/table>\n<p><p><span style=\"font-size:16px\"><strong><span style=\"font-family:arial,helvetica,sans-serif\">Beschreibung des Produkts:<\/span><\/strong><\/span><\/p>\n<p><span style=\"font-size:16px\">14K Roose Gold Schmuck Rund Schliff Wei\u00df Moissanite Frauen Ring<\/span><\/p>\n<table border=\"1\" cellpadding=\"0\" cellspacing=\"0\" style=\"width: 576px\">\n<tbody>\n<tr>\n<td style=\"width: 126px\"><span style=\"font-size:16px\">Artikel Nr.<\/span><\/td>\n<td style=\"width: 444px\"><span style=\"font-size:16px\">KD245R<\/span><\/td>\n<\/tr>\n<tr>\n<td style=\"width: 126px\"><span style=\"font-size:16px\">Produktname<\/span><\/td>\n<td style=\"width: 444px\"><span style=\"font-size:16px\">1.0ct Rundschliff Diamantring<\/span><\/td>\n<\/tr>\n<tr>\n<td style=\"width: 126px\"><span style=\"font-size:16px\">Stil<\/span><\/td>\n<td style=\"width: 444px\"><span style=\"font-size:16px\">Modern<\/span><\/td>\n<\/tr>\n<tr>\n<td style=\"width: 126px\"><span style=\"font-size:16px\">Material<\/span><\/td>\n<td style=\"width: 444px\"><span style=\"font-size:16px\">9K\/10K\/14K\/18K Gold<\/span><\/td>\n<\/tr>\n<tr>\n<td style=\"width: 126px\"><span style=\"font-size:16px\">Einstellung Typ<\/span><\/td>\n<td style=\"width: 444px\"><span style=\"font-size:16px\">Prong Handfassung<\/span><\/td>\n<\/tr>\n<tr>\n<td style=\"width: 126px\"><span style=\"font-size:16px\">Geschlecht<\/span><\/td>\n<td style=\"width: 444px\"><span style=\"font-size:16px\">Frauen<\/span><\/td>\n<\/tr>\n<tr>\n<td style=\"width: 126px\"><span style=\"font-size:16px\">Steinfarbe<\/span><\/td>\n<td style=\"width: 444px\"><span style=\"font-size:16px\">Wei\u00df<\/span><\/td>\n<\/tr>\n<tr>\n<td style=\"width: 126px\"><span style=\"font-size:16px\">Hauptstein<\/span><\/td>\n<td style=\"width: 444px\"><span style=\"font-size:16px\">Mossianit<\/span><\/td>\n<\/tr>\n<tr>\n<td style=\"width: 126px\"><span style=\"font-size:16px\">Dimension<\/span><\/td>\n<td style=\"width: 444px\"><span style=\"font-size:16px\">Durchmesser RD6mm=1St\u00fcck=0,8ct<\/span><\/td>\n<\/tr>\n<tr>\n<td style=\"width: 126px\"><span style=\"font-size:16px\">Anlass<\/span><\/td>\n<td style=\"width: 444px\"><span style=\"font-size:16px\">Hochzeit<\/span><\/td>\n<\/tr>\n<tr>\n<td style=\"width: 126px\"><span style=\"font-size:16px\">Ringgr\u00f6\u00dfe<\/span><\/td>\n<td style=\"width: 444px\"><span style=\"font-size:16px\">Jede Gr\u00f6\u00dfe erh\u00e4ltlich #4#5,#6#7#8#9#10#11#12<\/span><\/td>\n<\/tr>\n<\/tbody>\n<\/table>\n<p>&nbsp;<\/p>\n<p>\n<span style=\"font-size:16px\"><span style=\"font-family:arial,helvetica,sans-serif\">Warum uns w\u00e4hlen:<\/span><br \/>\n<span style=\"font-family:arial,helvetica,sans-serif\">1: K-Gold hat etwa 21 Jahre Erfahrung im Schmuckbereich und 17 Jahre Produktionserfahrung.<\/span><br \/>\n<span style=\"font-family:arial,helvetica,sans-serif\">2: Auch unser professionelles F &amp; E-Team, um sicherzustellen, dass unsere Produkte st\u00e4ndig aktualisiert werden und vor der Industrie. So haben wir mehr als 3000 verschiedene Entw\u00fcrfe und mehr dann 46 Sammlungen k\u00f6nnen von verschiedenen Marktanforderung treffen.<\/span><br \/>\n<span style=\"font-family:arial,helvetica,sans-serif\">3: F\u00fcr kundenspezifische Artikel k\u00f6nnen Sie CAD am gleichen Tag oder am n\u00e4chsten Tag erhalten, um die Daten vor der Bestellung zu best\u00e4tigen.<\/span><br \/>\n<span style=\"font-family:arial,helvetica,sans-serif\">4: Das Ziel von K-gold ist es, den Kunden die richtigen Produkte zum richtigen Preis anzubieten und rechtzeitig zu liefern.<\/span><br \/>\n<span style=\"font-family:arial,helvetica,sans-serif\">5: Wir haben ein leistungsf\u00e4higes Kundendienstteam, das den gesamten Verkaufsprozess im Auge beh\u00e4lt und Ihnen bei allen Fragen hilft, vom CAD-Entwurf bis zur Lieferung.<\/span><\/span><\/p>\n<p>\n<span style=\"font-size:16px\"><span style=\"font-family:arial,helvetica,sans-serif\">K-Gold Werksdienst:<\/span><br \/>\n<img decoding=\"async\" src=\"https:\/\/www.gold-jewellerys.com\/test\/gold-jewellerys.com\/photo\/pl36219389-remark.jpg\"><br \/>\n<img decoding=\"async\" src=\"https:\/\/www.gold-jewellerys.com\/test\/gold-jewellerys.com\/photo\/pl36230799-remark.jpg\"><\/span><\/p>\n<p><span style=\"font-size:16px\">FAQ:<\/span><\/p>\n<p><span style=\"font-size:16px\">1: Wie k\u00f6nnen wir den Preis erfahren?<\/span><\/p>\n<p><span style=\"font-size:16px\">Wir begr\u00fc\u00dfen Sie, um uns auf whatsapp zu kontaktieren. Schicken Sie uns einfach die Bilder der Elemente, die Sie wollen, dann werden wir Ihnen die Preise so schnell wie m\u00f6glich.<\/span><\/p>\n<p>&nbsp;<\/p>\n<p><span style=\"font-size:16px\">Ansprechpartnerin: Nancy lee<br \/>\nWhatsApp: +86-18520267369 \/ Tell:+8618520267369<br \/>\nE-Mail: nancy@gzkgold.com<br \/>\nWebsite:<\/span><\/p>\n<p>&nbsp;<\/p>\n<p><span style=\"font-size:16px\">2: K\u00f6nnen Sie mein Logo anpassen?<br \/>\nJa, auf jeden Fall k\u00f6nnen Sie, Bitte senden Sie uns Ihr LOGO, wir werden frei, es zu unterzeichnen. F\u00fcr Markenschmuck immer mit Orginal-Logo,<\/span><\/p>\n<p><span style=\"font-size:16px\">und wenn Sie etwas Besonderes brauchen, lassen Sie es mich einfach wissen.<\/span><\/p>\n<p>&nbsp;<\/p>\n<p><span style=\"font-size:16px\">3: Die MOQ ist f\u00fcr einen Stil oder f\u00fcr eine Ringgr\u00f6\u00dfe?<\/span><\/p>\n<p><span style=\"font-size:16px\">Die MOQ ist f\u00fcr ein Modell, und Sie k\u00f6nnen die MOQ in verschiedene Ringgr\u00f6\u00dfen aufteilen.<\/span><\/p>\n<p>&nbsp;<\/p>\n<p><span style=\"font-size:16px\">4: Kann ich 9K oder 10K Gold anstelle von 18K bestellen?<\/span><\/p>\n<p><span style=\"font-size:16px\">Ja, sicher k\u00f6nnen Sie, die MOQ nur 5 St\u00fcck f\u00fcr 9K oder 10k Schmuck.<\/span><\/p><\/p>","protected":false},"excerpt":{"rendered":"<br \/>\n<table class=\"tables data\" width=\"100%\" border=\"0\" cellpadding=\"0\" cellspacing=\"0\">\n<tbody>\n<tr>\n<th width=\"35%\">Ort der Herkunft:<\/th>\n<td>China<\/td>\n<\/tr>\n<tr>\n<th width=\"35%\">Markenname:<\/th>\n<td>K-Gold-Schmuck<\/td>\n<\/tr>\n<tr>\n<th width=\"35%\">Zertifizierung:<\/th>\n<td>Schmuck-Zertifikat<\/td>\n<\/tr>\n<tr>\n<th width=\"35%\">Modellnummer:<\/th>\n<td>KD245R<\/td>\n<\/tr>\n<\/tbody>\n<\/table>\n<p>                                                                            <span class=\"title_s\">Zahlungs- und Versandbedingungen:<\/span>                            <\/p>\n<table class=\"tables data\" width=\"100%\" border=\"0\" cellpadding=\"0\" cellspacing=\"0\">\n<tbody>\n<tr>\n<th width=\"35%\" nowrap=\"nowrap\">Mindestbestellmenge:<\/th>\n<td>3<\/td>\n<\/tr>\n<tr>\n<th width=\"35%\" nowrap=\"nowrap\">Preis:<\/th>\n<td>Verhandlungsf\u00e4hig<\/td>\n<\/tr>\n<tr>\n<th width=\"35%\" nowrap=\"nowrap\">Einzelheiten zur Verpackung:<\/th>\n<td>Standard dicke PP Tasche, Marke wird mit Marke kommen Verpackung<\/td>\n<\/tr>\n<tr>\n<th width=\"35%\" nowrap=\"nowrap\">Lieferzeiten:<\/th>\n<td>5-15 Arbeitstage<\/td>\n<\/tr>\n<tr>\n<th width=\"35%\" nowrap=\"nowrap\">Zahlungsbedingungen:<\/th>\n<td>T\/T, Western Union<\/td>\n<\/tr>\n<tr>\n<th width=\"35%\" nowrap=\"nowrap\">Lieferf\u00e4higkeit:<\/th>\n<td>2000St\u00fcck\/Monat<\/td>\n<\/tr>\n<\/tbody>\n<\/table>","protected":false},"featured_media":5187,"comment_status":"closed","ping_status":"closed","template":"","meta":{"_gspb_post_css":""},"product_brand":[],"product_cat":[26],"product_tag":[],"class_list":{"0":"post-5191","1":"product","2":"type-product","3":"status-publish","4":"has-post-thumbnail","6":"product_cat-diamond-lab-diamond-moissanite-jewelry","8":"first","9":"instock","10":"shipping-taxable","11":"product-type-simple"},"aioseo_notices":[],"_links":{"self":[{"href":"https:\/\/dearjewelry.ltd\/de\/wp-json\/wp\/v2\/product\/5191","targetHints":{"allow":["GET"]}}],"collection":[{"href":"https:\/\/dearjewelry.ltd\/de\/wp-json\/wp\/v2\/product"}],"about":[{"href":"https:\/\/dearjewelry.ltd\/de\/wp-json\/wp\/v2\/types\/product"}],"replies":[{"embeddable":true,"href":"https:\/\/dearjewelry.ltd\/de\/wp-json\/wp\/v2\/comments?post=5191"}],"wp:featuredmedia":[{"embeddable":true,"href":"https:\/\/dearjewelry.ltd\/de\/wp-json\/wp\/v2\/media\/5187"}],"wp:attachment":[{"href":"https:\/\/dearjewelry.ltd\/de\/wp-json\/wp\/v2\/media?parent=5191"}],"wp:term":[{"taxonomy":"product_brand","embeddable":true,"href":"https:\/\/dearjewelry.ltd\/de\/wp-json\/wp\/v2\/product_brand?post=5191"},{"taxonomy":"product_cat","embeddable":true,"href":"https:\/\/dearjewelry.ltd\/de\/wp-json\/wp\/v2\/product_cat?post=5191"},{"taxonomy":"product_tag","embeddable":true,"href":"https:\/\/dearjewelry.ltd\/de\/wp-json\/wp\/v2\/product_tag?post=5191"}],"curies":[{"name":"wp","href":"https:\/\/api.w.org\/{rel}","templated":true}]}}