{"id":4554,"date":"2025-07-13T10:38:57","date_gmt":"2025-07-13T10:38:57","guid":{"rendered":"https:\/\/dearjewelry.ltd\/product\/925-silver-jewelry-moissanite-ring-rose-gold-gray-moissanite-engagement-ring-set-marquise-cut-bridal-ring\/"},"modified":"2025-07-13T10:38:57","modified_gmt":"2025-07-13T10:38:57","slug":"925-silberschmuck-moissanit-ring-rosegold-grau-moissanit-verlobungsring-set-marquise-schliff-brautring","status":"publish","type":"product","link":"https:\/\/dearjewelry.ltd\/de\/produkt\/925-silberschmuck-moissanit-ring-rosegold-grau-moissanit-verlobungsring-set-marquise-schliff-brautring\/","title":{"rendered":"925 Silber Schmuck Moissanit Ring Rose Gold Grau Moissanit Verlobungsring Set Marquise Cut Bridal Ring"},"content":{"rendered":"<h2>925 Silber Schmuck Moissanit Ring Rose Gold Grau Moissanit Verlobungsring Set Marquise Cut Bridal Ring<\/h2>\n<p> Beschreibung<\/p>\n<table cellpadding=\"0\" cellspacing=\"0\" class=\"details_table\">\n<tbody>\n<tr>\n<th>Hauptstein:<\/th>\n<td>Moissanit<\/td>\n<th>Material:<\/th>\n<td>Moissanit Ring<\/td>\n<\/tr>\n<tr class=\"bg_gray\">\n<th>Farbe:<\/th>\n<td>Gelbgold<\/td>\n<th>Stil:<\/th>\n<td>Modern<\/td>\n<\/tr>\n<tr>\n<th>Anpassen:<\/th>\n<td>Verf\u00fcgbar Anpassen<\/td>\n<th>Anlass:<\/th>\n<td>Jahrestag, Verlobung, Geschenk, Partei, WeddiNaturalng<\/td>\n<\/tr>\n<tr class=\"bg_gray\">\n<th>Schnitt:<\/th>\n<td>Rund<\/td>\n<\/tr>\n<\/tbody>\n<\/table>\n<p><p><span style=\"font-size:16px\"><strong>Beschreibung des Produkts:<\/strong><\/span><\/p>\n<p><span style=\"font-size:16px\"><strong>925 Silber Schmuck Moissanit Ring Rose Gold Grau Moissanit Verlobungsring Set Marquise Cut Bridal Ring<\/strong><\/span><\/p>\n<p><span style=\"font-size:16px\"><strong>Einzelheiten zum Produkt:&nbsp;<\/strong><\/span><\/p>\n<table border=\"1\" cellpadding=\"0\" cellspacing=\"0\" style=\"width: 576px\">\n<tbody>\n<tr>\n<td style=\"width: 123px\"><span style=\"font-size:16px\">Artikel Nr.<\/span><\/td>\n<td style=\"width: 445px\">DR17504R<\/td>\n<\/tr>\n<tr>\n<td style=\"width: 123px\"><span style=\"font-size:16px\">Produktname<\/span><\/td>\n<td style=\"width: 445px\">Moissanit Ring<\/td>\n<\/tr>\n<tr>\n<td style=\"width: 123px\"><span style=\"font-size:16px\">Stil<\/span><\/td>\n<td style=\"width: 445px\">\n<p><span style=\"font-size:16px\">Mode-Stil&nbsp;<\/span><\/p>\n<\/td>\n<\/tr>\n<tr>\n<td style=\"width: 123px\"><span style=\"font-size:16px\">Material<\/span><\/td>\n<td style=\"width: 445px\">Moissanit&nbsp;<\/td>\n<\/tr>\n<tr>\n<td style=\"width: 123px\"><span style=\"font-size:16px\">Einstellung Typ<\/span><\/td>\n<td style=\"width: 445px\"><span style=\"font-size:16px\">L\u00fcnettenfassung<\/span><\/td>\n<\/tr>\n<tr>\n<td style=\"width: 123px\"><span style=\"font-size:16px\">Geschlecht<\/span><\/td>\n<td style=\"width: 445px\"><span style=\"font-size:16px\">Frauen<\/span><\/td>\n<\/tr>\n<tr>\n<td style=\"width: 123px\"><span style=\"font-size:16px\">Hauptstein<\/span><\/td>\n<td style=\"width: 445px\">Moissanit<\/td>\n<\/tr>\n<tr>\n<td style=\"width: 123px\"><span style=\"font-size:16px\">Dimension<\/span><\/td>\n<td style=\"width: 445px\"><span style=\"font-size:16px\">RD 4MM<\/span><\/td>\n<\/tr>\n<tr>\n<td style=\"width: 123px\"><span style=\"font-size:16px\">Anlass<\/span><\/td>\n<td style=\"width: 445px\"><span style=\"font-size:16px\">Jahrestag, Verlobung, Geschenk, Party, Hochzeit<\/span><\/td>\n<\/tr>\n<\/tbody>\n<\/table>\n<p>&nbsp;<\/p>\n<p>&nbsp;<\/p>\n<p><span style=\"font-size:16px\"><strong>Warum uns w\u00e4hlen:<\/strong><\/span><\/p>\n<p><span style=\"font-size:16px\">1: K-Gold hat etwa 21 Jahre Erfahrung im Schmuckbereich und 17 Jahre Produktionserfahrung.<\/span><\/p>\n<p><span style=\"font-size:16px\">2: Auch unser professionelles F &amp; E-Team, um sicherzustellen, dass unsere Produkte st\u00e4ndig aktualisiert werden und vor der Industrie. So haben wir mehr als 3000 verschiedene Entw\u00fcrfe und mehr dann 46 Sammlungen k\u00f6nnen von verschiedenen Marktanforderung treffen.<\/span><\/p>\n<p><span style=\"font-size:16px\">3: F\u00fcr kundenspezifische Artikel k\u00f6nnen Sie CAD am gleichen Tag oder am n\u00e4chsten Tag erhalten, um die Daten vor der Bestellung zu best\u00e4tigen.<\/span><\/p>\n<p><span style=\"font-size:16px\">4: Das Ziel von K-gold ist es, den Kunden die richtigen Produkte zum richtigen Preis anzubieten und rechtzeitig zu liefern.<\/span><\/p>\n<p><span style=\"font-size:16px\">5: Wir haben ein leistungsf\u00e4higes Kundendienstteam, das den gesamten Verkaufsprozess im Auge beh\u00e4lt und Ihnen bei allen Fragen hilft, vom CAD-Entwurf bis zur Lieferung.<\/span><\/p>\n<p>&nbsp;<\/p>\n<p><span style=\"font-size:16px\">K-Gold Werksdienst:<\/span><\/p>\n<p><span style=\"font-size:16px\"><img decoding=\"async\" src=\"https:\/\/www.gold-jewellerys.com\/test\/gold-jewellerys.com\/photo\/pl36123473-remark.jpg\"><\/span><\/p>\n<p><span style=\"font-size:16px\"><img decoding=\"async\" src=\"https:\/\/www.gold-jewellerys.com\/test\/gold-jewellerys.com\/photo\/pl36153526-remark.jpg\"><\/span><\/p>\n<p><span style=\"font-size:16px\"><img decoding=\"async\" src=\"https:\/\/www.gold-jewellerys.com\/test\/gold-jewellerys.com\/photo\/pl36219445-remark.jpg\"><\/span><\/p>\n<p><span style=\"font-size:16px\">FAQ:&nbsp;<\/span><\/p>\n<p><span style=\"font-size:16px\">1:<\/span>&nbsp;<span style=\"font-size:16px\">Ist 14-kar\u00e4tiges Gold das Beste f\u00fcr Verlobungsringe?<\/span><\/p>\n<p><span style=\"font-size:16px\">Wir bieten 14- und 18-kar\u00e4tiges Gold und Platin an. 14-kar\u00e4tiges Gold ist bei weitem die erschwinglichste Option und gleichzeitig die haltbarste. Je h\u00f6her die Karatzahl, desto weicher ist der Ring, da er mehr reines Gold enth\u00e4lt. Weiche Ringe sind anf\u00e4lliger f\u00fcr Kratzer oder andere Sch\u00e4den, weshalb sie als Eheringe gew\u00e4hlt werden.<\/span><\/p>\n<p style=\"padding: 0px;border: 0px\">&nbsp;<\/p>\n<p style=\"padding: 0px;border: 0px;font-family: arial\"><span style=\"font-size:16px\">2:<\/span> <span style=\"font-size:16px\">Wie hoch ist Ihr MOQ?<\/span><\/p>\n<p style=\"padding: 0px;border: 0px;font-family: arial\"><span style=\"font-size:16px\">Unsere MOQ ist 3pcs jedes Designs.<\/span><\/p>\n<p style=\"padding: 0px;border: 0px;font-family: arial\">&nbsp;<\/p>\n<p style=\"padding: 0px;border: 0px;font-family: arial\"><span style=\"font-size:16px\">3: Was ist Ihre Zahlungsmethode? <\/span><\/p>\n<p style=\"padding: 0px;border: 0px;font-family: arial\"><span style=\"font-size:16px\">Sie k\u00f6nnen durch T\/T, Western Union, Paypal zahlen. 30% Ablagerung, 70% Balance zahlte vor Versand.<\/span><\/p>\n<p style=\"padding: 0px;border: 0px;font-family: arial\">&nbsp;<\/p>\n<p style=\"padding: 0px;border: 0px\"><span style=\"font-family:arial,helvetica,sans-serif\"><span style=\"font-size:16px\">4:<\/span><\/span> <span style=\"font-size:16px\">Kann ich bei der Bestellung Muster kaufen? <\/span><\/p>\n<p style=\"padding: 0px;border: 0px\"><span style=\"font-size:16px\">Ja, bitte nehmen Sie Kontakt mit uns auf.<\/span><\/p>\n<p>&nbsp;<\/p>\n<p><span style=\"font-size:16px\"><span>5:<\/span>Wie k\u00f6nnen Sie unsere Gesch\u00e4ftsbeziehung langfristig und gut gestalten?<\/span><\/p>\n<p><span style=\"font-size:16px\">-1. Wir halten gute Qualit\u00e4t und wettbewerbsf\u00e4higen Preis zu gew\u00e4hrleisten, unsere Kunden profitieren;<br \/>\n-2. Wir respektieren jeden Kunden als unseren Freund und wir machen aufrichtig Gesch\u00e4fte und schlie\u00dfen Freundschaften mit ihnen, egal woher sie kommen.<\/span><\/p>\n<p>&nbsp;<\/p>\n<p>&nbsp;<\/p>\n<p>&nbsp;<\/p><\/p>","protected":false},"excerpt":{"rendered":"<br \/>\n<table class=\"tables data\" width=\"100%\" border=\"0\" cellpadding=\"0\" cellspacing=\"0\">\n<tbody>\n<tr>\n<th width=\"35%\">Ort der Herkunft:<\/th>\n<td>China<\/td>\n<\/tr>\n<tr>\n<th width=\"35%\">Markenname:<\/th>\n<td>K-Gold-Schmuck<\/td>\n<\/tr>\n<tr>\n<th width=\"35%\">Zertifizierung:<\/th>\n<td>Schmuck-Zertifikat<\/td>\n<\/tr>\n<tr>\n<th width=\"35%\">Modellnummer:<\/th>\n<td>DR17504R<\/td>\n<\/tr>\n<\/tbody>\n<\/table>\n<p>                                                                            <span class=\"title_s\">Zahlungs- und Versandbedingungen:<\/span>                            <\/p>\n<table class=\"tables data\" width=\"100%\" border=\"0\" cellpadding=\"0\" cellspacing=\"0\">\n<tbody>\n<tr>\n<th width=\"35%\" nowrap=\"nowrap\">Mindestbestellmenge:<\/th>\n<td>3<\/td>\n<\/tr>\n<tr>\n<th width=\"35%\" nowrap=\"nowrap\">Preis:<\/th>\n<td>Verhandlungsf\u00e4hig<\/td>\n<\/tr>\n<tr>\n<th width=\"35%\" nowrap=\"nowrap\">Einzelheiten zur Verpackung:<\/th>\n<td>Standardm\u00e4\u00dfig dicker PP-Beutel<\/td>\n<\/tr>\n<tr>\n<th width=\"35%\" nowrap=\"nowrap\">Lieferzeiten:<\/th>\n<td>5-15 Arbeitstage<\/td>\n<\/tr>\n<tr>\n<th width=\"35%\" nowrap=\"nowrap\">Zahlungsbedingungen:<\/th>\n<td>T\/T, Western Union<\/td>\n<\/tr>\n<tr>\n<th width=\"35%\" nowrap=\"nowrap\">Lieferf\u00e4higkeit:<\/th>\n<td>2000St\u00fcck\/Monat<\/td>\n<\/tr>\n<\/tbody>\n<\/table>","protected":false},"featured_media":4550,"comment_status":"closed","ping_status":"closed","template":"","meta":{"_gspb_post_css":""},"product_brand":[],"product_cat":[22],"product_tag":[],"class_list":{"0":"post-4554","1":"product","2":"type-product","3":"status-publish","4":"has-post-thumbnail","6":"product_cat-customized-silver-jewelry","8":"first","9":"instock","10":"shipping-taxable","11":"product-type-simple"},"aioseo_notices":[],"_links":{"self":[{"href":"https:\/\/dearjewelry.ltd\/de\/wp-json\/wp\/v2\/product\/4554","targetHints":{"allow":["GET"]}}],"collection":[{"href":"https:\/\/dearjewelry.ltd\/de\/wp-json\/wp\/v2\/product"}],"about":[{"href":"https:\/\/dearjewelry.ltd\/de\/wp-json\/wp\/v2\/types\/product"}],"replies":[{"embeddable":true,"href":"https:\/\/dearjewelry.ltd\/de\/wp-json\/wp\/v2\/comments?post=4554"}],"wp:featuredmedia":[{"embeddable":true,"href":"https:\/\/dearjewelry.ltd\/de\/wp-json\/wp\/v2\/media\/4550"}],"wp:attachment":[{"href":"https:\/\/dearjewelry.ltd\/de\/wp-json\/wp\/v2\/media?parent=4554"}],"wp:term":[{"taxonomy":"product_brand","embeddable":true,"href":"https:\/\/dearjewelry.ltd\/de\/wp-json\/wp\/v2\/product_brand?post=4554"},{"taxonomy":"product_cat","embeddable":true,"href":"https:\/\/dearjewelry.ltd\/de\/wp-json\/wp\/v2\/product_cat?post=4554"},{"taxonomy":"product_tag","embeddable":true,"href":"https:\/\/dearjewelry.ltd\/de\/wp-json\/wp\/v2\/product_tag?post=4554"}],"curies":[{"name":"wp","href":"https:\/\/api.w.org\/{rel}","templated":true}]}}