{"id":4493,"date":"2025-07-13T10:38:34","date_gmt":"2025-07-13T10:38:34","guid":{"rendered":"https:\/\/dearjewelry.ltd\/product\/white-925-sterling-silver-custom-moissanite-ring-engagement\/"},"modified":"2025-07-13T10:38:34","modified_gmt":"2025-07-13T10:38:34","slug":"weis-925-sterling-silber-benutzerdefinierte-moissanit-ring-engagement","status":"publish","type":"product","link":"https:\/\/dearjewelry.ltd\/de\/produkt\/weis-925-sterling-silber-benutzerdefinierte-moissanit-ring-engagement\/","title":{"rendered":"Wei\u00df 925 Sterling Silber benutzerdefinierte Moissanite Ring Engagement"},"content":{"rendered":"<h2>Wei\u00df 925 Sterling Silber benutzerdefinierte Moissanite Ring Engagement<\/h2>\n<p> Beschreibung<\/p>\n<table cellpadding=\"0\" cellspacing=\"0\" class=\"details_table\">\n<tbody>\n<tr>\n<th>Hauptstein:<\/th>\n<td>Nat\u00fcrlicher wei\u00dfer Moissanit<\/td>\n<th>Material:<\/th>\n<td>Wei\u00dfer Moissanit<\/td>\n<\/tr>\n<tr class=\"bg_gray\">\n<th>Farbe:<\/th>\n<td>Wei\u00df<\/td>\n<th>Stil:<\/th>\n<td>Moderner wei\u00dfer Moissanit<\/td>\n<\/tr>\n<tr>\n<th>Anpassen:<\/th>\n<td>Verf\u00fcgbar Anpassen<\/td>\n<th>Anlass:<\/th>\n<td>Jahrestag, Verlobung, Geschenk, Partei, WeddiNaturalng<\/td>\n<\/tr>\n<tr class=\"bg_gray\">\n<th>Schnitt:<\/th>\n<td>Rundschnitt<\/td>\n<\/tr>\n<tr>\n<th colspan=\"1\">Helles Licht:<\/th>\n<td colspan=\"3\">\n<h2 style='font-weight: bold;font-size: 14px'>925 Sterling Silber Wei\u00dfer Moissanit Ring<\/h2>\n<p>, <\/p>\n<h2 style='font-weight: bold;font-size: 14px'>Verlobungsring aus Moissanit<\/h2>\n<\/td>\n<\/tr>\n<\/tbody>\n<\/table>\n<p><p><span style=\"font-size:16px\"><strong>Beschreibung des Produkts:<\/strong><\/span><\/p>\n<p><span style=\"font-size:16px\"><strong>Gro\u00dfhandel Moissanit-Schmuck 925 Sterling Silber benutzerdefinierte Moissanit Ring Engagement<\/strong><\/span><\/p>\n<p><span style=\"font-size:16px\"><strong>Einzelheiten zum Produkt:&nbsp;<\/strong><\/span><\/p>\n<table border=\"1\" cellpadding=\"0\" cellspacing=\"0\" style=\"width: 576px\">\n<tbody>\n<tr>\n<td style=\"width: 126px\"><span style=\"font-size:16px\">Artikel Nr.<\/span><\/td>\n<td style=\"width: 443px\">SW019R<\/td>\n<\/tr>\n<tr>\n<td style=\"width: 126px\"><span style=\"font-size:16px\">Produktname<\/span><\/td>\n<td style=\"width: 443px\">Moissanit Ring Verlobung<\/td>\n<\/tr>\n<tr>\n<td style=\"width: 126px\"><span style=\"font-size:16px\">Stil<\/span><\/td>\n<td style=\"width: 443px\">\n<p><span style=\"font-size:16px\">Mode-Stil&nbsp;<\/span><\/p>\n<\/td>\n<\/tr>\n<tr>\n<td style=\"width: 126px\"><span style=\"font-size:16px\">Material<\/span><\/td>\n<td style=\"width: 443px\"><span style=\"font-size: 16px\">Sterling Splitter<\/span><\/td>\n<\/tr>\n<tr>\n<td style=\"width: 126px\"><span style=\"font-size:16px\">Einstellung Typ<\/span><\/td>\n<td style=\"width: 443px\"><span style=\"font-size:16px\">L\u00fcnettenfassung&nbsp;<\/span><\/td>\n<\/tr>\n<tr>\n<td style=\"width: 126px\"><span style=\"font-size:16px\">Geschlecht<\/span><\/td>\n<td style=\"width: 443px\"><span style=\"font-size:16px\">Frauen<\/span><\/td>\n<\/tr>\n<tr>\n<td style=\"width: 126px\"><span style=\"font-size:16px\">Hauptstein<\/span><\/td>\n<td style=\"width: 443px\"><span style=\"font-size:16px\">Nat\u00fcrlich&nbsp;<\/span>Moissanit&nbsp;<\/td>\n<\/tr>\n<tr>\n<td style=\"width: 126px\"><span style=\"font-size:16px\">Dimension<\/span><\/td>\n<td style=\"width: 443px\"><span style=\"font-size:16px\">RD 4MM<\/span><\/td>\n<\/tr>\n<tr>\n<td style=\"width: 126px\"><span style=\"font-size:16px\">Anlass<\/span><\/td>\n<td style=\"width: 443px\"><span style=\"font-size:16px\">Jahrestag, Verlobung, Geschenk, Party, Hochzeit<\/span><\/td>\n<\/tr>\n<\/tbody>\n<\/table>\n<p>&nbsp;<\/p>\n<p><img decoding=\"async\" src=\"https:\/\/www.gold-jewellerys.com\/test\/gold-jewellerys.com\/photo\/pl148385790-remark.jpg\"><img decoding=\"async\" src=\"https:\/\/www.gold-jewellerys.com\/test\/gold-jewellerys.com\/photo\/pl148385789-remark.jpg\"><img decoding=\"async\" src=\"https:\/\/www.gold-jewellerys.com\/test\/gold-jewellerys.com\/photo\/pl148385788-remark.jpg\"><img decoding=\"async\" src=\"https:\/\/www.gold-jewellerys.com\/test\/gold-jewellerys.com\/photo\/pl148385787-remark.jpg\"><img decoding=\"async\" src=\"https:\/\/www.gold-jewellerys.com\/test\/gold-jewellerys.com\/photo\/pl148385786-remark.jpg\"><\/p>\n<p>&nbsp;<\/p>\n<p>&nbsp;<\/p>\n<p>&nbsp;<\/p>\n<p><span style=\"font-size:16px\"><strong>Warum uns w\u00e4hlen:<\/strong><\/span><\/p>\n<p><span style=\"font-size:16px\">1: K-Gold hat etwa 21 Jahre Erfahrung im Schmuckbereich und 17 Jahre Produktionserfahrung.<\/span><\/p>\n<p><span style=\"font-size:16px\">2: Auch unser professionelles F &amp; E-Team, um sicherzustellen, dass unsere Produkte st\u00e4ndig aktualisiert werden und vor der Industrie. So haben wir mehr als 3000 verschiedene Entw\u00fcrfe und mehr dann 46 Sammlungen k\u00f6nnen von verschiedenen Marktanforderung treffen.<\/span><\/p>\n<p><span style=\"font-size:16px\">3: F\u00fcr kundenspezifische Artikel k\u00f6nnen Sie CAD am gleichen Tag oder am n\u00e4chsten Tag erhalten, um die Daten vor der Bestellung zu best\u00e4tigen.<\/span><\/p>\n<p><span style=\"font-size:16px\">4: Das Ziel von K-gold ist es, den Kunden die richtigen Produkte zum richtigen Preis anzubieten und rechtzeitig zu liefern.<\/span><\/p>\n<p><span style=\"font-size:16px\">5: Wir haben ein leistungsf\u00e4higes Kundendienstteam, das den gesamten Verkaufsprozess im Auge beh\u00e4lt und Ihnen bei allen Fragen hilft, vom CAD-Entwurf bis zur Lieferung.<\/span><\/p>\n<p>&nbsp;<\/p>\n<p><span style=\"font-size:16px\">K-Gold Werksdienst:<\/span><\/p>\n<p><span style=\"font-size:16px\"><img decoding=\"async\" src=\"https:\/\/www.gold-jewellerys.com\/test\/gold-jewellerys.com\/photo\/pl36123473-remark.jpg\"><\/span><\/p>\n<p><span style=\"font-size:16px\"><img decoding=\"async\" src=\"https:\/\/www.gold-jewellerys.com\/test\/gold-jewellerys.com\/photo\/pl36153526-remark.jpg\"><\/span><\/p>\n<p><span style=\"font-size:16px\"><img decoding=\"async\" src=\"https:\/\/www.gold-jewellerys.com\/test\/gold-jewellerys.com\/photo\/pl36219445-remark.jpg\"><\/span><\/p>\n<p><span style=\"font-size:16px\">FAQ:&nbsp;<\/span><\/p>\n<p><span style=\"font-size:16px\">1:<\/span>&nbsp;<span style=\"font-size:16px\">Ist 14-kar\u00e4tiges Gold das Beste f\u00fcr Verlobungsringe?<\/span><\/p>\n<p><span style=\"font-size:16px\">Wir bieten 14- und 18-kar\u00e4tiges Gold und Platin an. 14-kar\u00e4tiges Gold ist bei weitem die erschwinglichste Option und gleichzeitig die haltbarste. Je h\u00f6her die Karatzahl, desto weicher ist der Ring, da er mehr reines Gold enth\u00e4lt. Weiche Ringe sind anf\u00e4lliger f\u00fcr Kratzer oder andere Sch\u00e4den, weshalb sie als Eheringe gew\u00e4hlt werden.<\/span><\/p>\n<p style=\"padding: 0px;border: 0px\">&nbsp;<\/p>\n<p style=\"padding: 0px;border: 0px;font-family: arial\"><span style=\"font-size:16px\">2:<\/span> <span style=\"font-size:16px\">Wie hoch ist Ihr MOQ?<\/span><\/p>\n<p style=\"padding: 0px;border: 0px;font-family: arial\"><span style=\"font-size:16px\">Unsere MOQ ist 3pcs jedes Designs.<\/span><\/p>\n<p style=\"padding: 0px;border: 0px;font-family: arial\">&nbsp;<\/p>\n<p style=\"padding: 0px;border: 0px;font-family: arial\"><span style=\"font-size:16px\">3: Was ist Ihre Zahlungsmethode? <\/span><\/p>\n<p style=\"padding: 0px;border: 0px;font-family: arial\"><span style=\"font-size:16px\">Sie k\u00f6nnen durch T\/T, Western Union, Paypal zahlen. 30% Ablagerung, 70% Balance zahlte vor Versand.<\/span><\/p>\n<p style=\"padding: 0px;border: 0px;font-family: arial\">&nbsp;<\/p>\n<p style=\"padding: 0px;border: 0px\"><span style=\"font-family:arial,helvetica,sans-serif\"><span style=\"font-size:16px\">4:<\/span><\/span> <span style=\"font-size:16px\">Sind Sie eine Fabrik, ein Gro\u00dfh\u00e4ndler oder ein Handelsunternehmen? <\/span><\/p>\n<p style=\"padding: 0px;border: 0px\"><span style=\"font-size:16px\">Wir sind ein Schmuckhersteller mit \u00fcber 17 Jahren Erfahrung.<\/span><\/p>\n<p style=\"padding: 0px;border: 0px\">&nbsp;<\/p>\n<p>&nbsp;<\/p>\n<p><span style=\"font-size:16px\">5: <\/span>Was ist der Unterschied zwischen 14k, 18k und 24k Gold?<\/p>\n<p><span style=\"font-size:16px\">Der Unterschied zwischen 14-, 18- und 24-kar\u00e4tigem Gold liegt in der Menge des reinen Goldes. 14 Karat Gold hat etwa 58% reines Gold, 18 Karat hat etwa 75% und 24 Karat hat 100% reines Gold. Je mehr reines Gold, desto weicher ist das Metall.<\/span><\/p>\n<p>&nbsp;<\/p><\/p>","protected":false},"excerpt":{"rendered":"<br \/>\n<table class=\"tables data\" width=\"100%\" border=\"0\" cellpadding=\"0\" cellspacing=\"0\">\n<tbody>\n<tr>\n<th width=\"35%\">Ort der Herkunft:<\/th>\n<td>China<\/td>\n<\/tr>\n<tr>\n<th width=\"35%\">Markenname:<\/th>\n<td>K-Gold-Schmuck<\/td>\n<\/tr>\n<tr>\n<th width=\"35%\">Zertifizierung:<\/th>\n<td>Schmuck-Zertifikat<\/td>\n<\/tr>\n<tr>\n<th width=\"35%\">Modellnummer:<\/th>\n<td>SW019R<\/td>\n<\/tr>\n<\/tbody>\n<\/table>\n<p>                                                                            <span class=\"title_s\">Zahlungs- und Versandbedingungen:<\/span>                            <\/p>\n<table class=\"tables data\" width=\"100%\" border=\"0\" cellpadding=\"0\" cellspacing=\"0\">\n<tbody>\n<tr>\n<th width=\"35%\" nowrap=\"nowrap\">Mindestbestellmenge:<\/th>\n<td>3<\/td>\n<\/tr>\n<tr>\n<th width=\"35%\" nowrap=\"nowrap\">Preis:<\/th>\n<td>Verhandlungsf\u00e4hig<\/td>\n<\/tr>\n<tr>\n<th width=\"35%\" nowrap=\"nowrap\">Einzelheiten zur Verpackung:<\/th>\n<td>Standardm\u00e4\u00dfig dicker PP-Beutel<\/td>\n<\/tr>\n<tr>\n<th width=\"35%\" nowrap=\"nowrap\">Lieferzeiten:<\/th>\n<td>5-15 Arbeitstage<\/td>\n<\/tr>\n<tr>\n<th width=\"35%\" nowrap=\"nowrap\">Zahlungsbedingungen:<\/th>\n<td>T\/T, Western Union<\/td>\n<\/tr>\n<tr>\n<th width=\"35%\" nowrap=\"nowrap\">Lieferf\u00e4higkeit:<\/th>\n<td>2000St\u00fcck\/Monat<\/td>\n<\/tr>\n<\/tbody>\n<\/table>","protected":false},"featured_media":4488,"comment_status":"closed","ping_status":"closed","template":"","meta":{"_gspb_post_css":""},"product_brand":[],"product_cat":[22],"product_tag":[],"class_list":{"0":"post-4493","1":"product","2":"type-product","3":"status-publish","4":"has-post-thumbnail","6":"product_cat-customized-silver-jewelry","8":"first","9":"instock","10":"shipping-taxable","11":"product-type-simple"},"aioseo_notices":[],"_links":{"self":[{"href":"https:\/\/dearjewelry.ltd\/de\/wp-json\/wp\/v2\/product\/4493","targetHints":{"allow":["GET"]}}],"collection":[{"href":"https:\/\/dearjewelry.ltd\/de\/wp-json\/wp\/v2\/product"}],"about":[{"href":"https:\/\/dearjewelry.ltd\/de\/wp-json\/wp\/v2\/types\/product"}],"replies":[{"embeddable":true,"href":"https:\/\/dearjewelry.ltd\/de\/wp-json\/wp\/v2\/comments?post=4493"}],"wp:featuredmedia":[{"embeddable":true,"href":"https:\/\/dearjewelry.ltd\/de\/wp-json\/wp\/v2\/media\/4488"}],"wp:attachment":[{"href":"https:\/\/dearjewelry.ltd\/de\/wp-json\/wp\/v2\/media?parent=4493"}],"wp:term":[{"taxonomy":"product_brand","embeddable":true,"href":"https:\/\/dearjewelry.ltd\/de\/wp-json\/wp\/v2\/product_brand?post=4493"},{"taxonomy":"product_cat","embeddable":true,"href":"https:\/\/dearjewelry.ltd\/de\/wp-json\/wp\/v2\/product_cat?post=4493"},{"taxonomy":"product_tag","embeddable":true,"href":"https:\/\/dearjewelry.ltd\/de\/wp-json\/wp\/v2\/product_tag?post=4493"}],"curies":[{"name":"wp","href":"https:\/\/api.w.org\/{rel}","templated":true}]}}