{"id":4414,"date":"2025-07-13T10:38:04","date_gmt":"2025-07-13T10:38:04","guid":{"rendered":"https:\/\/dearjewelry.ltd\/product\/1-20-carat-14k-gold-necklaces-yellow-gold-material-oem-for-anniversary\/"},"modified":"2025-07-13T10:38:04","modified_gmt":"2025-07-13T10:38:04","slug":"1-20-carat-14k-gold-necklaces-yellow-gold-material-oem-for-anniversary","status":"publish","type":"product","link":"https:\/\/dearjewelry.ltd\/de\/produkt\/1-20-carat-14k-gold-necklaces-yellow-gold-material-oem-for-anniversary\/","title":{"rendered":"1,20 Karat 14K Gold Halsketten Gelbgold Material OEM f\u00fcr Jahrestag"},"content":{"rendered":"<h2>1,20 Karat 14K Gold Halsketten Gelbgold Material OEM f\u00fcr Jahrestag<\/h2>\n<p> Beschreibung<\/p>\n<table cellpadding=\"0\" cellspacing=\"0\" class=\"details_table\">\n<tbody>\n<tr>\n<th>Hauptstein:<\/th>\n<td>Natural Diamond Necklace<\/td>\n<th>Stein Gr\u00f6\u00dfe:<\/th>\n<td>4mm=0.23ct<\/td>\n<\/tr>\n<tr class=\"bg_gray\">\n<th>Schnitt:<\/th>\n<td>Rundgeschliffener Diamant<\/td>\n<th>Material:<\/th>\n<td>14 Karat White Gold<\/td>\n<\/tr>\n<tr>\n<th>Farbe:<\/th>\n<td>14K Gold Necklace<\/td>\n<th>Stil:<\/th>\n<td>Diamond Necklace<\/td>\n<\/tr>\n<tr class=\"bg_gray\">\n<th>Anpassen:<\/th>\n<td>Customize Designs<\/td>\n<th>Anlass:<\/th>\n<td>Anniversary, Engagement, Gift, Party, Birthday<\/td>\n<\/tr>\n<tr>\n<th colspan=\"1\">Helles Licht:<\/th>\n<td colspan=\"3\">\n<h2 style='font-weight: bold;font-size: 14px'>14K Gold Necklaces 1.20 Carat<\/h2>\n<p>, <\/p>\n<h2 style='font-weight: bold;font-size: 14px'>14K Gold Necklaces OEM<\/h2>\n<\/td>\n<\/tr>\n<\/tbody>\n<\/table>\n<p><p><span style=\"font-size:16px\"><span style=\"font-family:arial,helvetica,sans-serif\"><span style=\"color:#000000\"><strong>Beschreibung des Produkts:<\/strong><\/span><\/span><\/span><\/p>\n<p>14K Gold Necklace Round 1.20 Carat Diamond Solitaire Necklace in 14kt Yellow Gold<\/p>\n<p>&nbsp;<\/p>\n<p><span style=\"font-size:16px\"><span style=\"font-family:arial,helvetica,sans-serif\"><span style=\"color:#000000\">Round 4mm 0.23ct Diamond Solitaire Necklace 14K Gold Necklace 4 Prongs White Gold<\/span><\/span><\/span><\/p>\n<p>&nbsp;<\/p>\n<p><span style=\"font-size:16px\"><span style=\"font-family:arial,helvetica,sans-serif\"><span style=\"color:#000000\"><strong>Einzelheiten zum Produkt:&nbsp;<\/strong><\/span><\/span><\/span><\/p>\n<table border=\"1\" cellpadding=\"0\" cellspacing=\"0\" style=\"width: 576px\">\n<tbody>\n<tr>\n<td style=\"width: 125px\"><span style=\"font-size:16px\"><span style=\"font-family:arial,helvetica,sans-serif\"><span style=\"color:#000000\">Artikel Nr.<\/span><\/span><\/span><\/td>\n<td style=\"width: 445px\"><span style=\"font-size:16px\"><span style=\"font-family:arial,helvetica,sans-serif\"><span style=\"color:#000000\">KD266N<\/span><\/span><\/span><\/td>\n<\/tr>\n<tr>\n<td style=\"width: 125px\"><span style=\"font-size:16px\"><span style=\"font-family:arial,helvetica,sans-serif\"><span style=\"color:#000000\">Produktname<\/span><\/span><\/span><\/td>\n<td style=\"width: 445px\"><span style=\"font-size:16px\"><span style=\"font-family:arial,helvetica,sans-serif\"><span style=\"color:#000000\">14K Gold Necklace<\/span><\/span><\/span><\/td>\n<\/tr>\n<tr>\n<td style=\"width: 125px\"><span style=\"font-size:16px\"><span style=\"font-family:arial,helvetica,sans-serif\"><span style=\"color:#000000\">Stil<\/span><\/span><\/span><\/td>\n<td style=\"width: 445px\"><span style=\"font-size:16px\"><span style=\"font-family:arial,helvetica,sans-serif\"><span style=\"color:#000000\">Vintage-Stil&nbsp;<\/span><\/span><\/span><\/td>\n<\/tr>\n<tr>\n<td style=\"width: 125px\"><span style=\"font-size:16px\"><span style=\"font-family:arial,helvetica,sans-serif\"><span style=\"color:#000000\">Material<\/span><\/span><\/span><\/td>\n<td style=\"width: 445px\"><span style=\"font-size:16px\"><span style=\"font-family:arial,helvetica,sans-serif\"><span style=\"color:#000000\">14K Wei\u00dfgold<\/span><\/span><\/span><\/td>\n<\/tr>\n<tr>\n<td style=\"width: 125px\"><span style=\"font-size:16px\"><span style=\"font-family:arial,helvetica,sans-serif\"><span style=\"color:#000000\">Einstellung Typ<\/span><\/span><\/span><\/td>\n<td style=\"width: 445px\"><span style=\"font-size:16px\"><span style=\"font-family:arial,helvetica,sans-serif\"><span style=\"color:#000000\">L\u00fcnettenfassung<\/span><\/span><\/span><\/td>\n<\/tr>\n<tr>\n<td style=\"width: 125px\"><span style=\"font-size:16px\"><span style=\"font-family:arial,helvetica,sans-serif\"><span style=\"color:#000000\">Geschlecht<\/span><\/span><\/span><\/td>\n<td style=\"width: 445px\"><span style=\"font-size:16px\"><span style=\"font-family:arial,helvetica,sans-serif\"><span style=\"color:#000000\">Frauen<\/span><\/span><\/span><\/td>\n<\/tr>\n<tr>\n<td style=\"width: 125px\"><span style=\"font-size:16px\"><span style=\"font-family:arial,helvetica,sans-serif\"><span style=\"color:#000000\">Hauptstein<\/span><\/span><\/span><\/td>\n<td style=\"width: 445px\"><span style=\"font-size:16px\"><span style=\"font-family:arial,helvetica,sans-serif\"><span style=\"color:#000000\">Nat\u00fcrlicher Diamant<\/span><\/span><\/span><\/td>\n<\/tr>\n<tr>\n<td style=\"width: 125px\"><span style=\"font-size:16px\"><span style=\"font-family:arial,helvetica,sans-serif\"><span style=\"color:#000000\">Dimension<\/span><\/span><\/span><\/td>\n<td style=\"width: 445px\"><span style=\"font-size:16px\"><span style=\"font-family:arial,helvetica,sans-serif\"><span style=\"color:#000000\">4mm=0.23ct<\/span><\/span><\/span><\/td>\n<\/tr>\n<tr>\n<td style=\"width: 125px\"><span style=\"font-size:16px\"><span style=\"font-family:arial,helvetica,sans-serif\"><span style=\"color:#000000\">Anlass<\/span><\/span><\/span><\/td>\n<td style=\"width: 445px\"><span style=\"font-size:16px\"><span style=\"font-family:arial,helvetica,sans-serif\"><span style=\"color:#000000\">Jahrestag, Verlobung, Geschenk, Party, Hochzeit<\/span><\/span><\/span><\/td>\n<\/tr>\n<\/tbody>\n<\/table>\n<p>&nbsp;<\/p>\n<p>&nbsp;<\/p>\n<p><span style=\"font-size:16px\"><span style=\"font-family:arial,helvetica,sans-serif\"><span style=\"color:#000000\"><strong>Warum uns w\u00e4hlen:<\/strong><\/span><\/span><\/span><\/p>\n<p><span style=\"font-size:16px\"><span style=\"font-family:arial,helvetica,sans-serif\"><span style=\"color:#000000\">1: K-Gold hat etwa 21 Jahre Erfahrung im Schmuckbereich und 17 Jahre Produktionserfahrung.<\/span><\/span><\/span><\/p>\n<p><span style=\"font-size:16px\"><span style=\"font-family:arial,helvetica,sans-serif\"><span style=\"color:#000000\">2: Auch unser professionelles F &amp; E-Team, um sicherzustellen, dass unsere Produkte st\u00e4ndig aktualisiert werden und vor der Industrie. So haben wir mehr als 3000 verschiedene Entw\u00fcrfe und mehr dann 46 Sammlungen k\u00f6nnen von verschiedenen Marktanforderung treffen.<\/span><\/span><\/span><\/p>\n<p><span style=\"font-size:16px\"><span style=\"font-family:arial,helvetica,sans-serif\"><span style=\"color:#000000\">3: F\u00fcr kundenspezifische Artikel k\u00f6nnen Sie CAD am gleichen Tag oder am n\u00e4chsten Tag erhalten, um die Daten vor der Bestellung zu best\u00e4tigen.<\/span><\/span><\/span><\/p>\n<p><span style=\"font-size:16px\"><span style=\"font-family:arial,helvetica,sans-serif\"><span style=\"color:#000000\">4: Das Ziel von K-gold ist es, den Kunden die richtigen Produkte zum richtigen Preis anzubieten und rechtzeitig zu liefern.<\/span><\/span><\/span><\/p>\n<p><span style=\"font-size:16px\"><span style=\"font-family:arial,helvetica,sans-serif\"><span style=\"color:#000000\">5: Wir haben ein leistungsf\u00e4higes Kundendienstteam, das den gesamten Verkaufsprozess im Auge beh\u00e4lt und Ihnen bei allen Fragen hilft, vom CAD-Entwurf bis zur Lieferung.<\/span><\/span><\/span><\/p>\n<p>&nbsp;<\/p>\n<p><span style=\"font-size:16px\"><span style=\"font-family:arial,helvetica,sans-serif\"><span style=\"color:#000000\">K-Gold Werksdienst:<\/span><\/span><\/span><\/p>\n<p>&nbsp;<\/p>\n<p><span style=\"font-size:16px\"><span style=\"font-family:arial,helvetica,sans-serif\"><span style=\"color:#000000\"><img decoding=\"async\" src=\"https:\/\/www.gold-jewellerys.com\/test\/gold-jewellerys.com\/photo\/pl36123473-remark.jpg\"><\/span><\/span><\/span><\/p>\n<p><span style=\"font-size:16px\"><span style=\"font-family:arial,helvetica,sans-serif\"><span style=\"color:#000000\"><img decoding=\"async\" src=\"https:\/\/www.gold-jewellerys.com\/test\/gold-jewellerys.com\/photo\/pl36219445-remark.jpg\"><\/span><\/span><\/span><\/p>\n<p><span style=\"font-size:16px\"><span style=\"font-family:arial,helvetica,sans-serif\"><span style=\"color:#000000\">FAQ:&nbsp;<\/span><\/span><\/span><\/p>\n<p><span style=\"font-size:16px\"><span style=\"font-family:arial,helvetica,sans-serif\"><span style=\"color:#000000\">1: Wie k\u00f6nnen wir den Preis erfahren?<\/span><\/span><\/span><\/p>\n<p style=\"padding: 0px;border: 0px;font-family: arial\"><span style=\"font-size:16px\"><span style=\"font-family:arial,helvetica,sans-serif\"><span style=\"color:#000000\">Wir begr\u00fc\u00dfen Sie, um uns auf whatsapp zu kontaktieren. Schicken Sie uns einfach die Bilder der Elemente, die Sie wollen, dann werden wir Ihnen die Preise so schnell wie m\u00f6glich.<\/span><\/span><\/span><\/p>\n<p style=\"padding: 0px;border: 0px;font-family: arial\">&nbsp;<\/p>\n<p style=\"padding: 0px;border: 0px\"><span style=\"font-size:16px\"><span style=\"font-family:arial,helvetica,sans-serif\"><span style=\"color:#000000\">Contact Person:&nbsp;Cherry Lee<br data-filtered=\"filtered\" style=\"font-family: arial\" \/><br \/>\nWhatsApp: +86-18520267369 \/ Tell:+8618520267369<br data-filtered=\"filtered\" style=\"font-family: arial\" \/><br \/>\nE-Mail:&nbsp;<br data-filtered=\"filtered\" style=\"font-family: arial\" \/><br \/>\nWebsite:&nbsp;<\/span><\/span><\/span><\/p>\n<p style=\"padding: 0px;border: 0px;font-family: arial\">&nbsp;<\/p>\n<p style=\"padding: 0px;border: 0px;font-family: arial\"><span style=\"font-size:16px\"><span style=\"font-family:arial,helvetica,sans-serif\"><span style=\"color:#000000\">2: Wie hoch ist das MOQ?<\/span><\/span><\/span><\/p>\n<p style=\"padding: 0px;border: 0px;font-family: arial\"><span style=\"font-size:16px\"><span style=\"font-family:arial,helvetica,sans-serif\"><span style=\"color:#000000\">Die MOQ ist 1pcs pro Stil, wenn Sie 3pcs pro Stil tun k\u00f6nnen, wird der Preis mehr am besten.<\/span><\/span><\/span><\/p>\n<p style=\"padding: 0px;border: 0px;font-family: arial\">&nbsp;<\/p>\n<p style=\"padding: 0px;border: 0px;font-family: arial\"><span style=\"font-size:16px\"><span style=\"font-family:arial,helvetica,sans-serif\"><span style=\"color:#000000\">3: Was ist Ihre Zahlungsmethode? <\/span><\/span><\/span><\/p>\n<p style=\"padding: 0px;border: 0px;font-family: arial\"><span style=\"font-size:16px\"><span style=\"font-family:arial,helvetica,sans-serif\"><span style=\"color:#000000\">You can pay by T\/T,Western Union,Paypal. 30% deposit, The balance should paid before shipment .<\/span><\/span><\/span><\/p>\n<p style=\"padding: 0px;border: 0px;font-family: arial\">&nbsp;<\/p>\n<p style=\"padding: 0px;border: 0px\"><span style=\"font-size:16px\"><span style=\"font-family:arial,helvetica,sans-serif\"><span style=\"color:#000000\">4:Do&nbsp;you offer the certificate&nbsp;?<\/span><\/span><\/span><\/p>\n<p><span style=\"font-size:16px\"><span style=\"font-family:arial,helvetica,sans-serif\"><span style=\"color:#000000\">Yes, there have the certificated if you need and price will not include the fee. The Diamond there&nbsp;GIA certificated<\/span><\/span><\/span><\/p>\n<p>&nbsp;<\/p>\n<p><span style=\"font-size:16px\"><span style=\"font-family:arial,helvetica,sans-serif\"><span style=\"color:#000000\">5: Kann ich Ihnen den Stein schicken und Sie fertigen den Schmuck f\u00fcr uns an?<\/span><\/span><\/span><\/p>\n<p><span style=\"font-size:16px\"><span style=\"font-family:arial,helvetica,sans-serif\"><span style=\"color:#000000\">Ja, Sie k\u00f6nnen uns den Stein schicken, und wir k\u00f6nnen das Schmuckst\u00fcck entsprechend der Gr\u00f6\u00dfe Ihres Steins anfertigen.<\/span><\/span><\/span><\/p>\n<p>&nbsp;<\/p>\n<p><span style=\"font-size:16px\"><span style=\"font-family:arial,helvetica,sans-serif\"><span style=\"color:#000000\">6: <\/span>Do you make jewellry for personal buyer or only for wholesaler?<\/span><\/span><\/p>\n<p><span style=\"font-size:16px\"><span style=\"font-family:arial,helvetica,sans-serif\">Eigentlich sind wir den gesamten Verkauf zu machen, die online zu verkaufen oder haben Sie Ihr eigenes Gesch\u00e4ft f\u00fcr Original-Designs, f\u00fcr die Marke Schmuck erlaubt den pers\u00f6nlichen K\u00e4ufer zu. Sie k\u00f6nnen feine Qualit\u00e4t Markenschmuck f\u00fcr Ihre Familie, Freunde und sich selbst zu Fabrikpreisen zu bestellen. Auch wird es gro\u00df sein, wenn Sie ein Schmuck Wiederverk\u00e4ufer sind. Wir bieten kostenlosen Versand und kostenlose Original-Marke-Boxen, wenn Sie viele Artikel jedes Mal bestellen k\u00f6nnen. Mehr Menge dann besten Preis.<\/span><\/span><\/p><\/p>","protected":false},"excerpt":{"rendered":"<br \/>\n<table class=\"tables data\" width=\"100%\" border=\"0\" cellpadding=\"0\" cellspacing=\"0\">\n<tbody>\n<tr>\n<th width=\"35%\">Ort der Herkunft:<\/th>\n<td>China<\/td>\n<\/tr>\n<tr>\n<th width=\"35%\">Markenname:<\/th>\n<td>K-Gold-Schmuck<\/td>\n<\/tr>\n<tr>\n<th width=\"35%\">Zertifizierung:<\/th>\n<td>Schmuck-Zertifikat<\/td>\n<\/tr>\n<tr>\n<th width=\"35%\">Modellnummer:<\/th>\n<td>KD266N<\/td>\n<\/tr>\n<\/tbody>\n<\/table>\n<p>                                                                            <span class=\"title_s\">Zahlungs- und Versandbedingungen:<\/span>                            <\/p>\n<table class=\"tables data\" width=\"100%\" border=\"0\" cellpadding=\"0\" cellspacing=\"0\">\n<tbody>\n<tr>\n<th width=\"35%\" nowrap=\"nowrap\">Mindestbestellmenge:<\/th>\n<td>3<\/td>\n<\/tr>\n<tr>\n<th width=\"35%\" nowrap=\"nowrap\">Preis:<\/th>\n<td>Verhandlungsf\u00e4hig<\/td>\n<\/tr>\n<tr>\n<th width=\"35%\" nowrap=\"nowrap\">Einzelheiten zur Verpackung:<\/th>\n<td>Standardm\u00e4\u00dfig dicker PP-Beutel<\/td>\n<\/tr>\n<tr>\n<th width=\"35%\" nowrap=\"nowrap\">Lieferzeiten:<\/th>\n<td>5-15 Arbeitstage<\/td>\n<\/tr>\n<tr>\n<th width=\"35%\" nowrap=\"nowrap\">Zahlungsbedingungen:<\/th>\n<td>T\/T, Western Union<\/td>\n<\/tr>\n<tr>\n<th width=\"35%\" nowrap=\"nowrap\">Lieferf\u00e4higkeit:<\/th>\n<td>2000St\u00fcck\/Monat<\/td>\n<\/tr>\n<\/tbody>\n<\/table>","protected":false},"featured_media":4412,"comment_status":"closed","ping_status":"closed","template":"","meta":{"_gspb_post_css":""},"product_brand":[],"product_cat":[22],"product_tag":[],"class_list":{"0":"post-4414","1":"product","2":"type-product","3":"status-publish","4":"has-post-thumbnail","6":"product_cat-customized-silver-jewelry","8":"first","9":"instock","10":"shipping-taxable","11":"product-type-simple"},"aioseo_notices":[],"_links":{"self":[{"href":"https:\/\/dearjewelry.ltd\/de\/wp-json\/wp\/v2\/product\/4414","targetHints":{"allow":["GET"]}}],"collection":[{"href":"https:\/\/dearjewelry.ltd\/de\/wp-json\/wp\/v2\/product"}],"about":[{"href":"https:\/\/dearjewelry.ltd\/de\/wp-json\/wp\/v2\/types\/product"}],"replies":[{"embeddable":true,"href":"https:\/\/dearjewelry.ltd\/de\/wp-json\/wp\/v2\/comments?post=4414"}],"wp:featuredmedia":[{"embeddable":true,"href":"https:\/\/dearjewelry.ltd\/de\/wp-json\/wp\/v2\/media\/4412"}],"wp:attachment":[{"href":"https:\/\/dearjewelry.ltd\/de\/wp-json\/wp\/v2\/media?parent=4414"}],"wp:term":[{"taxonomy":"product_brand","embeddable":true,"href":"https:\/\/dearjewelry.ltd\/de\/wp-json\/wp\/v2\/product_brand?post=4414"},{"taxonomy":"product_cat","embeddable":true,"href":"https:\/\/dearjewelry.ltd\/de\/wp-json\/wp\/v2\/product_cat?post=4414"},{"taxonomy":"product_tag","embeddable":true,"href":"https:\/\/dearjewelry.ltd\/de\/wp-json\/wp\/v2\/product_tag?post=4414"}],"curies":[{"name":"wp","href":"https:\/\/api.w.org\/{rel}","templated":true}]}}