{"id":4018,"date":"2025-07-13T10:35:37","date_gmt":"2025-07-13T10:35:37","guid":{"rendered":"https:\/\/dearjewelry.ltd\/product\/925-sterling-silver-round-shape-rose-gold-platedt-morganite-cuff-earrings\/"},"modified":"2025-07-13T10:35:38","modified_gmt":"2025-07-13T10:35:38","slug":"925-sterling-silber-runde-form-rose-vergoldetmorganit-manschettenohrringe","status":"publish","type":"product","link":"https:\/\/dearjewelry.ltd\/de\/produkt\/925-sterling-silber-runde-form-rose-vergoldetmorganit-manschettenohrringe\/","title":{"rendered":"925 Sterling Silber Runde Form Rose vergoldet Morganit Manschettenohrringe"},"content":{"rendered":"<h2>925 Sterling Silber Runde Form Rose vergoldet Morganit Manschettenohrringe<\/h2>\n<p> Beschreibung<\/p>\n<table cellpadding=\"0\" cellspacing=\"0\" class=\"details_table\">\n<tbody>\n<tr>\n<th>Material:<\/th>\n<td>9K Gold-Schmuck Ohrringe<\/td>\n<th>Schmuck Typ:<\/th>\n<td>Massiver Goldschmuck Ohrringe<\/td>\n<\/tr>\n<tr class=\"bg_gray\">\n<th>Winziger Stein:<\/th>\n<td>Echter Diamant G-H VS1\/SI1\/SI2<\/td>\n<th>Hauptstein:<\/th>\n<td>Rosa Morganit-Schmuck Ohrringe<\/td>\n<\/tr>\n<tr>\n<th>Die Form:<\/th>\n<td>Runde Form<\/td>\n<th>Einstellung Typ:<\/th>\n<td>Rosa Morganit-Verlobungsohrringe mit Zackenfassung<\/td>\n<\/tr>\n<tr class=\"bg_gray\">\n<th>Anpassen:<\/th>\n<td>Customized Available Morganit Schmuck Ohrringe<\/td>\n<th>Farbe:<\/th>\n<td>Rose Gold<\/td>\n<\/tr>\n<tr>\n<th>Gewicht:<\/th>\n<td>0,8 Karat Echter Diamant<\/td>\n<\/tr>\n<\/tbody>\n<\/table>\n<p><p><span style=\"font-size:16px\"><strong>Beschreibung des Produkts:<\/strong><\/span><\/p>\n<p><span style=\"font-size:16px\"><strong>925 Sterling Silber Runde Form Rose vergoldet Morganit Manschettenohrringe<\/strong><\/span><\/p>\n<table border=\"1\" cellpadding=\"0\" cellspacing=\"0\" style=\"width: 576px\">\n<tbody>\n<tr>\n<td style=\"width: 126px\"><span style=\"font-size:16px\">Artikel Nr.<\/span><\/td>\n<td style=\"width: 444px\">KD878E<\/td>\n<\/tr>\n<tr>\n<td style=\"width: 126px\"><span style=\"font-size:16px\">Produktname<\/span><\/td>\n<td style=\"width: 444px\"><span style=\"font-size:16px\">Gro\u00dfhandel Rosa<\/span>&nbsp;<span style=\"font-size:16px\">Morganit-Schmuck <\/span>Ohrringe<\/td>\n<\/tr>\n<tr>\n<td style=\"width: 126px\"><span style=\"font-size:16px\">Stil<\/span><\/td>\n<td style=\"width: 444px\"><span style=\"font-size:16px\">Morganit Verlobungsschmuck <\/span>Ohrringe<\/td>\n<\/tr>\n<tr>\n<td style=\"width: 126px\"><span style=\"font-size:16px\">Material<\/span><\/td>\n<td style=\"width: 444px\"><span style=\"font-size:16px\">14K\/18K\/10K\/9K<\/span><\/td>\n<\/tr>\n<tr>\n<td style=\"width: 126px\"><span style=\"font-size:16px\">Einstellung Typ<\/span><\/td>\n<td style=\"width: 444px\"><span style=\"font-size:16px\">Prong Handfassung&nbsp;<\/span><\/td>\n<\/tr>\n<tr>\n<td style=\"width: 126px\"><span style=\"font-size:16px\">Geschlecht<\/span><\/td>\n<td style=\"width: 444px\"><span style=\"font-size:16px\">Lady's, Yound girls<\/span><\/td>\n<\/tr>\n<tr>\n<td style=\"width: 126px\"><span style=\"font-size:16px\">Winziger Stein<\/span><\/td>\n<td style=\"width: 444px\"><span style=\"font-size:16px\">Nat\u00fcrlicher Diamant G-H SI1\/SI2\/VS1<\/span><\/td>\n<\/tr>\n<tr>\n<td style=\"width: 126px\"><span style=\"font-size:16px\">Hauptstein<\/span><\/td>\n<td style=\"width: 444px\"><span style=\"font-size:16px\">Nat\u00fcrlicher Morganit-Schmuck <\/span>Ohrringe<\/td>\n<\/tr>\n<tr>\n<td style=\"width: 126px\"><span style=\"font-size:16px\">Dimension<\/span><\/td>\n<td style=\"width: 444px\"><span style=\"font-size:16px\">&nbsp;6.0MM<\/span><\/td>\n<\/tr>\n<tr>\n<td style=\"width: 126px\"><span style=\"font-size:16px\">Anlass<\/span><\/td>\n<td style=\"width: 444px\"><span style=\"font-size:16px\">Jahrestag, Verlobung, Geschenk, Party, Hochzeit<\/span><\/td>\n<\/tr>\n<tr>\n<td style=\"width: 126px\"><span style=\"font-size:16px\">Ringgr\u00f6\u00dfe<\/span><\/td>\n<td style=\"width: 444px\"><span style=\"font-size:16px\">Jede Gr\u00f6\u00dfe erh\u00e4ltlich #4#5#6#7#8#9#10#11#12<\/span><\/td>\n<\/tr>\n<\/tbody>\n<\/table>\n<p>&nbsp;<\/p>\n<p><span style=\"font-size:16px\"><strong>Angaben zur Produktion :<\/strong><br \/>\nTiny Diamond Informationen:<br \/>\nAnzahl der Diamanten : 58 St\u00fcck<br \/>\nKaratgewicht gesamt: 0,60ct<br \/>\nDurchschnittliche Farbe: VS1\/SI1\/SI2<br \/>\nDurchschnittliche Klarheit: G\/H oder Anpassung nach Kundenwunsch<br \/>\nDurchschnittlicher Schliff :Rundschliff<br \/>\nFassungstyp :Zackenfassung<\/span><\/p>\n<p>\n<span style=\"font-size:16px\">Informationen zum Hauptstein: Nat\u00fcrlicher Diamant\/Labor-Diamant<br \/>\nKaratgewicht gesamt: 0,8ct<\/span><\/p>\n<p><span style=\"font-size:16px\">Gr\u00f6\u00dfe : Rund 6.0MM<\/span><\/p>\n<p><img decoding=\"async\" src=\"https:\/\/www.gold-jewellerys.com\/test\/gold-jewellerys.com\/photo\/pl145439218-remark.jpg\"><br \/>\n<span style=\"font-size:16px\">Warum uns w\u00e4hlen:<br \/>\n1: K-Gold hat etwa 21 Jahre Erfahrung im Schmuckbereich und 17 Jahre Produktionserfahrung.<br \/>\n2: Auch unser professionelles F &amp; E-Team, um sicherzustellen, dass unsere Produkte st\u00e4ndig aktualisiert werden und vor der Industrie. So haben wir mehr als 3000 verschiedene Entw\u00fcrfe und mehr dann 46 Sammlungen k\u00f6nnen von verschiedenen Marktanforderung treffen.<br \/>\n3: F\u00fcr kundenspezifische Artikel k\u00f6nnen Sie CAD am gleichen Tag oder am n\u00e4chsten Tag erhalten, um die Daten vor der Bestellung zu best\u00e4tigen.<br \/>\n4: Das Ziel von K-gold ist es, den Kunden die richtigen Produkte zum richtigen Preis anzubieten und rechtzeitig zu liefern.<br \/>\n5: Wir haben ein leistungsf\u00e4higes Kundendienstteam, das den gesamten Verkaufsprozess im Auge beh\u00e4lt und Ihnen bei allen Fragen hilft, vom CAD-Entwurf bis zur Lieferung.<br \/>\nK-Gold Werksdienst:<br \/>\n<img decoding=\"async\" src=\"https:\/\/www.gold-jewellerys.com\/test\/gold-jewellerys.com\/photo\/pl36123473-remark.jpg\"><\/span><\/p>\n<p><span style=\"font-size:16px\"><img decoding=\"async\" src=\"https:\/\/www.gold-jewellerys.com\/test\/gold-jewellerys.com\/photo\/pl36153524-remark.jpg\"><br \/>\n<img decoding=\"async\" src=\"https:\/\/www.gold-jewellerys.com\/test\/gold-jewellerys.com\/photo\/pl36123397-remark.jpg\"><br \/>\n<img decoding=\"async\" src=\"https:\/\/www.gold-jewellerys.com\/test\/gold-jewellerys.com\/photo\/pl36219389-remark.jpg\"><\/span><\/p>\n<p><span style=\"font-size:16px\"><img decoding=\"async\" src=\"https:\/\/www.gold-jewellerys.com\/test\/gold-jewellerys.com\/photo\/pl36219445-remark.jpg\"><\/span><\/p>\n<p><span style=\"font-size:16px\">FAQ:<\/span><\/p>\n<p><span style=\"font-size:16px\">1:&nbsp;<\/span>&nbsp;<span style=\"font-size:16px\">Ist 14-kar\u00e4tiges Gold das Beste f\u00fcr Verlobungsringe?<\/span><\/p>\n<p><span style=\"font-size:16px\">Wir bieten 14- und 18-kar\u00e4tiges Gold und Platin an. 14-kar\u00e4tiges Gold ist bei weitem die erschwinglichste Option und gleichzeitig die haltbarste. Je h\u00f6her die Karatzahl, desto weicher ist der Ring, da er mehr reines Gold enth\u00e4lt. Weiche Ringe sind anf\u00e4lliger f\u00fcr Kratzer oder andere Sch\u00e4den, weshalb sie als Eheringe gew\u00e4hlt werden.<\/span><\/p>\n<p>&nbsp;<\/p>\n<p>&nbsp;<\/p>\n<p><span style=\"font-size:16px\">2: K\u00f6nnen Sie mein Logo anpassen?<br \/>\nJa, auf jeden Fall k\u00f6nnen Sie, Bitte senden Sie uns Ihr LOGO, wir werden frei, es zu unterzeichnen. F\u00fcr Markenschmuck immer mit Orginal-Logo,<\/span><\/p>\n<p><span style=\"font-size:16px\">und wenn Sie etwas Besonderes brauchen, lassen Sie es mich einfach wissen.<\/span><\/p>\n<p>&nbsp;<\/p>\n<p><span style=\"font-size:16px\">3: Wie kann ich meine Bestellung bezahlen?<\/span><\/p>\n<p><span style=\"font-size:16px\">Bitte sagen Sie mir Ihre Bestellung, dann werden wir Ihnen sagen, das Element Preis, Versandkosten und Original-Box Geb\u00fchr und Gesamtbetrag. Sie k\u00f6nnen die Zahlung per Western Union \/ T\/T, oder Payoneer machen, werden wir verarbeiten und versenden Sie Ihre Bestellung so schnell wie m\u00f6glich nach Zahlung gemacht.<\/span><\/p>\n<p>&nbsp;<\/p>\n<p><span style=\"font-size:16px\">4: Kann ich eine Bescheinigung erhalten?<\/span><\/p>\n<p><span style=\"font-size:16px\">Ja, es gibt die zertifizierte, wenn Sie brauchen und Preis wird nicht die Geb\u00fchr enthalten. Der Diamant dort GIA-zertifiziert oder ohne es nur<\/span>&nbsp;<span style=\"font-size:16px\"><span style=\"font-family:arial,helvetica,sans-serif\">Lassen Sie es mich wissen, denn es gibt Preisunterschiede.<\/span><\/span><\/p>\n<p>&nbsp;<\/p>\n<p><span style=\"font-size:16px\"><span style=\"font-family:arial,helvetica,sans-serif\">5.&nbsp;<\/span>Was ist der Vorteil Ihres Unternehmens?<\/span><\/p>\n<p><span style=\"font-size:16px\">Unser Unternehmen verf\u00fcgt \u00fcber ein professionelles Team und eine professionelle Produktionslinie.<\/span><\/p>\n<p>&nbsp;<\/p>\n<p>&nbsp;<\/p>\n<p><span style=\"font-size:16px\"><span style=\"font-family:arial,helvetica,sans-serif\">6: <\/span>Wie pflegt man 14-kar\u00e4tigen Goldschmuck?<\/span><\/p>\n<p><span style=\"font-size:16px\">Bitte vermeiden Sie den Umgang mit scharfen Chemikalien (wie Chlor oder Bleichmittel), nehmen Sie Ihre Ringe bei stark belastenden Sportarten oder Aktivit\u00e4ten ab, und lassen Sie Ihren Ring einmal im Jahr professionell reinigen.<\/span><\/p>\n<p>&nbsp;<\/p>\n<p style=\"padding: 0px;border: 0px\">&nbsp;<\/p><\/p>","protected":false},"excerpt":{"rendered":"<br \/>\n<table class=\"tables data\" width=\"100%\" border=\"0\" cellpadding=\"0\" cellspacing=\"0\">\n<tbody>\n<tr>\n<th width=\"35%\">Ort der Herkunft:<\/th>\n<td>China<\/td>\n<\/tr>\n<tr>\n<th width=\"35%\">Markenname:<\/th>\n<td>K-Gold-Schmuck<\/td>\n<\/tr>\n<tr>\n<th width=\"35%\">Zertifizierung:<\/th>\n<td>Schmuck-Zertifikat<\/td>\n<\/tr>\n<tr>\n<th width=\"35%\">Modellnummer:<\/th>\n<td>KD878E<\/td>\n<\/tr>\n<\/tbody>\n<\/table>\n<p>                                                                            <span class=\"title_s\">Zahlungs- und Versandbedingungen:<\/span>                            <\/p>\n<table class=\"tables data\" width=\"100%\" border=\"0\" cellpadding=\"0\" cellspacing=\"0\">\n<tbody>\n<tr>\n<th width=\"35%\" nowrap=\"nowrap\">Mindestbestellmenge:<\/th>\n<td>3<\/td>\n<\/tr>\n<tr>\n<th width=\"35%\" nowrap=\"nowrap\">Preis:<\/th>\n<td>Verhandlungsf\u00e4hig<\/td>\n<\/tr>\n<tr>\n<th width=\"35%\" nowrap=\"nowrap\">Einzelheiten zur Verpackung:<\/th>\n<td>Standard dicke PP Tasche, Marke wird mit Marke kommen Verpackung<\/td>\n<\/tr>\n<tr>\n<th width=\"35%\" nowrap=\"nowrap\">Lieferzeiten:<\/th>\n<td>5-15 Arbeitstage<\/td>\n<\/tr>\n<tr>\n<th width=\"35%\" nowrap=\"nowrap\">Zahlungsbedingungen:<\/th>\n<td>T\/T, Western Union<\/td>\n<\/tr>\n<tr>\n<th width=\"35%\" nowrap=\"nowrap\">Lieferf\u00e4higkeit:<\/th>\n<td>2000St\u00fcck\/Monat<\/td>\n<\/tr>\n<\/tbody>\n<\/table>","protected":false},"featured_media":4012,"comment_status":"closed","ping_status":"closed","template":"","meta":{"_gspb_post_css":""},"product_brand":[],"product_cat":[23],"product_tag":[],"class_list":{"0":"post-4018","1":"product","2":"type-product","3":"status-publish","4":"has-post-thumbnail","6":"product_cat-caribbean-style-jewelry","8":"first","9":"instock","10":"shipping-taxable","11":"product-type-simple"},"aioseo_notices":[],"_links":{"self":[{"href":"https:\/\/dearjewelry.ltd\/de\/wp-json\/wp\/v2\/product\/4018","targetHints":{"allow":["GET"]}}],"collection":[{"href":"https:\/\/dearjewelry.ltd\/de\/wp-json\/wp\/v2\/product"}],"about":[{"href":"https:\/\/dearjewelry.ltd\/de\/wp-json\/wp\/v2\/types\/product"}],"replies":[{"embeddable":true,"href":"https:\/\/dearjewelry.ltd\/de\/wp-json\/wp\/v2\/comments?post=4018"}],"wp:featuredmedia":[{"embeddable":true,"href":"https:\/\/dearjewelry.ltd\/de\/wp-json\/wp\/v2\/media\/4012"}],"wp:attachment":[{"href":"https:\/\/dearjewelry.ltd\/de\/wp-json\/wp\/v2\/media?parent=4018"}],"wp:term":[{"taxonomy":"product_brand","embeddable":true,"href":"https:\/\/dearjewelry.ltd\/de\/wp-json\/wp\/v2\/product_brand?post=4018"},{"taxonomy":"product_cat","embeddable":true,"href":"https:\/\/dearjewelry.ltd\/de\/wp-json\/wp\/v2\/product_cat?post=4018"},{"taxonomy":"product_tag","embeddable":true,"href":"https:\/\/dearjewelry.ltd\/de\/wp-json\/wp\/v2\/product_tag?post=4018"}],"curies":[{"name":"wp","href":"https:\/\/api.w.org\/{rel}","templated":true}]}}