{"id":3327,"date":"2025-07-13T10:31:19","date_gmt":"2025-07-13T10:31:19","guid":{"rendered":"https:\/\/dearjewelry.ltd\/product\/jewellery-mythos-claw-amethyst-silver-drop-earrings-for-women\/"},"modified":"2025-07-13T10:31:19","modified_gmt":"2025-07-13T10:31:19","slug":"jewellery-mythos-claw-amethyst-silver-drop-earrings-for-women","status":"publish","type":"product","link":"https:\/\/dearjewelry.ltd\/de\/produkt\/jewellery-mythos-claw-amethyst-silver-drop-earrings-for-women\/","title":{"rendered":"Schmuck Mythos Klaue Amethyst Silber Tropfen Ohrringe f\u00fcr Frauen"},"content":{"rendered":"<h2>Schmuck Mythos Klaue Amethyst Silber Tropfen Ohrringe f\u00fcr Frauen<\/h2>\n<p> Beschreibung<\/p>\n<table cellpadding=\"0\" cellspacing=\"0\" class=\"details_table\">\n<tbody>\n<tr>\n<th>Material:<\/th>\n<td>925 Sterling Silber<\/td>\n<th>Hauptstein:<\/th>\n<td>Amethyst<\/td>\n<\/tr>\n<tr class=\"bg_gray\">\n<th>Einstellung Typ:<\/th>\n<td>Zinkeneinstellung<\/td>\n<th>Anpassen:<\/th>\n<td>Natura LAmethyst<\/td>\n<\/tr>\n<tr>\n<th>Farbe:<\/th>\n<td>Lila<\/td>\n<th>Logo:<\/th>\n<td>Kostenloses Stempel-Logo<\/td>\n<\/tr>\n<\/tbody>\n<\/table>\n<p><p><span style=\"font-size:16px\"><strong>Produktbeschreibung<\/strong><\/span><span style=\"font-size:16px\"><strong>ription:<\/strong><\/span><\/p>\n<p><span style=\"font-size:16px\"><strong>Schmuck Mythos Klaue Amethyst Silber Tropfen Ohrringe f\u00fcr Frauen<\/strong><\/span><\/p>\n<table border=\"1\" cellpadding=\"0\" cellspacing=\"0\" style=\"width: 576px\">\n<tbody>\n<tr>\n<td style=\"width: 125px\"><span style=\"font-size:16px\">Artikel Nr.<\/span><\/td>\n<td style=\"width: 445px\">KD656E<\/td>\n<\/tr>\n<tr>\n<td style=\"width: 125px\"><span style=\"font-size:16px\">Produktname<\/span><\/td>\n<td style=\"width: 445px\"><span style=\"font-size:16px\">Nat\u00fcrlich <\/span>&nbsp;<span style=\"font-size:16px\">Geburtstag Stein-Ohrringe<\/span><\/td>\n<\/tr>\n<tr>\n<td style=\"width: 125px\"><span style=\"font-size:16px\">Material<\/span><\/td>\n<td style=\"width: 445px\"><span style=\"font-size: 16px\">Nat\u00fcrlich&nbsp;&nbsp;<\/span><span style=\"font-size:16px\">Amethyst<\/span><\/td>\n<\/tr>\n<tr>\n<td style=\"width: 125px\"><span style=\"font-size:16px\">Geschlecht<\/span><\/td>\n<td style=\"width: 445px\"><span style=\"font-size:16px\">Frauen<\/span><\/td>\n<\/tr>\n<tr>\n<td style=\"width: 125px\"><span style=\"font-size:16px\">Hauptsteinfarbe<\/span><\/td>\n<td style=\"width: 445px\"><span style=\"font-size: 16px\">Lila<\/span><\/td>\n<\/tr>\n<tr>\n<td style=\"width: 125px\"><span style=\"font-size:16px\">Hauptstein<\/span><\/td>\n<td style=\"width: 445px\"><span style=\"font-size:16px\">Natural&nbsp;Amethyst<\/span><\/td>\n<\/tr>\n<tr>\n<td style=\"width: 125px\"><span style=\"font-size: 16px\">Logo<\/span><\/td>\n<td style=\"width: 445px\"><span style=\"font-size:16px\">Kostenloses Stempel-Logo<\/span><\/td>\n<\/tr>\n<\/tbody>\n<\/table>\n<p>&nbsp;<\/p>\n<p>\n<span style=\"font-size:16px\"><strong><span style=\"font-family:arial,helvetica,sans-serif\">Angaben zur Produktion :<\/span><\/strong><\/span><\/p>\n<p>&nbsp;<\/p>\n<p><img decoding=\"async\" src=\"https:\/\/www.gold-jewellerys.com\/test\/gold-jewellerys.com\/photo\/pl145115975-remark.jpg\"><img decoding=\"async\" src=\"https:\/\/www.gold-jewellerys.com\/test\/gold-jewellerys.com\/photo\/pl145115974-remark.jpg\"><img decoding=\"async\" src=\"https:\/\/www.gold-jewellerys.com\/test\/gold-jewellerys.com\/photo\/pl145115973-remark.jpg\"><br \/>\n<span style=\"font-size:16px\"><span style=\"font-family:arial,helvetica,sans-serif\">Warum uns w\u00e4hlen:<\/span><br \/>\n<span style=\"font-family:arial,helvetica,sans-serif\">1: K-Gold hat etwa 21 Jahre Erfahrung im Schmuckbereich und 19 Jahre Produktionserfahrung.<\/span><br \/>\n<span style=\"font-family:arial,helvetica,sans-serif\">2: Auch unser professionelles F &amp; E-Team, um sicherzustellen, dass unsere Produkte st\u00e4ndig aktualisiert werden und vor der Industrie. So haben wir mehr als 3000 verschiedene Entw\u00fcrfe und mehr dann 46 Sammlungen k\u00f6nnen von verschiedenen Marktanforderung treffen.<\/span><br \/>\n<span style=\"font-family:arial,helvetica,sans-serif\">3: F\u00fcr kundenspezifische Artikel k\u00f6nnen Sie CAD am gleichen Tag oder am n\u00e4chsten Tag erhalten, um die Daten vor der Bestellung zu best\u00e4tigen.<\/span><br \/>\n<span style=\"font-family:arial,helvetica,sans-serif\">4: Das Ziel von K-gold ist es, den Kunden die richtigen Produkte zum richtigen Preis anzubieten und rechtzeitig zu liefern.<\/span><br \/>\n<span style=\"font-family:arial,helvetica,sans-serif\">5: Wir verf\u00fcgen \u00fcber ein leistungsf\u00e4higes Kundendienstteam, das den gesamten Verkaufsprozess im Auge beh\u00e4lt und Ihnen bei allen Fragen hilft, vom CAD-Entwurf bis zur Lieferung.<\/span><\/span><\/p>\n<p>\n<span style=\"font-size:16px\"><span style=\"font-family:arial,helvetica,sans-serif\">K-Gold Werksdienst:<\/span><\/span><br \/>\n&nbsp;<\/p>\n<p><img decoding=\"async\" src=\"https:\/\/www.gold-jewellerys.com\/test\/gold-jewellerys.com\/photo\/pl36153524-remark.jpg\"><\/p>\n<p><img decoding=\"async\" src=\"https:\/\/www.gold-jewellerys.com\/test\/gold-jewellerys.com\/photo\/pl36219389-remark.jpg\"><\/p>\n<p>&nbsp;<\/p>\n<p><span style=\"font-size:9px\"><img decoding=\"async\" alt=\"Jewellery Mythos Claw Amethyst Silver Drop Earrings For Women 5\" src=\"https:\/\/www.gold-jewellerys.com\/photo\/gold-jewellerys\/editor\/20230221111517_89499.jpg\"><\/span><\/p>\n<p><span style=\"font-size:16px\"><span style=\"font-family:arial,helvetica,sans-serif\">FAQ:<\/span><\/span>.<\/p>\n<p>&nbsp;<\/p>\n<p style=\"margin: 0px;font-size: 14px\"><span style=\"font-size:16px\">1:&nbsp;<\/span>&nbsp;<span style=\"font-size:16px\">Sind Sie Hersteller oder ein Handelsunternehmen?<\/span><\/p>\n<p><span style=\"font-size:16px\">Ja, wir sind auch Hersteller und Exporteur von reinem Gold.<\/span><\/p>\n<p>&nbsp;<\/p>\n<p><span style=\"font-size:16px\"><span style=\"font-family:arial,helvetica,sans-serif\">2:<\/span>Wie pflegt man 14-kar\u00e4tigen Goldschmuck?<\/span><\/p>\n<p><span style=\"font-size:16px\">Bitte vermeiden Sie den Umgang mit scharfen Chemikalien (wie Chlor oder Bleichmittel), nehmen Sie Ihre Ringe bei stark belastenden Sportarten oder Aktivit\u00e4ten ab, und lassen Sie Ihren Ring einmal im Jahr professionell reinigen.<\/span><\/p>\n<p><span style=\"font-size:16px\"><span style=\"font-family:arial,helvetica,sans-serif\">&nbsp;<\/span><\/span><span style=\"font-family: arial, helvetica, sans-serif;font-size: 16px\">.<\/span><\/p>\n<p>&nbsp;<\/p>\n<p><span style=\"font-size:16px\"><span style=\"font-family:arial,helvetica,sans-serif\">3:&nbsp;<\/span>Kann ich mein eigenes Logo mit Ihrem Design erstellen?<\/span><\/p>\n<p><span style=\"font-size:16px\">Ja, wir k\u00f6nnen Ihr Logo kostenlos auf Schmuckst\u00fccke aufbringen.<\/span><\/p>\n<p>&nbsp;<\/p>\n<p>&nbsp;<\/p>\n<p><span style=\"font-size:16px\"><span style=\"font-family:arial,helvetica,sans-serif\">4:&nbsp;<\/span><\/span>Kann ich 9K oder 10K Gold anstelle von 18K bestellen?<br \/>\nJa, sicher k\u00f6nnen Sie, die MOQ nur 5 St\u00fcck f\u00fcr 9K oder 10k Schmuck<\/p>\n<p><span style=\"font-family: arial, helvetica, sans-serif;font-size: 16px\">5:<\/span><span style=\"font-size:16px\">Wie sieht es in Ihrem Betrieb mit der Qualit\u00e4tskontrolle aus?<\/span><\/p>\n<p><span style=\"font-size:16px\">QC legt stets gro\u00dfen Wert auf die Qualit\u00e4tskontrolle von Anfang bis Ende.<\/span><\/p>\n<p>&nbsp;<\/p>\n<p>&nbsp;<\/p>\n<p style=\"padding: 0px;border: 0px\">&nbsp;<\/p><\/p>","protected":false},"excerpt":{"rendered":"<br \/>\n<table class=\"tables data\" width=\"100%\" border=\"0\" cellpadding=\"0\" cellspacing=\"0\">\n<tbody>\n<tr>\n<th width=\"35%\">Ort der Herkunft:<\/th>\n<td>China<\/td>\n<\/tr>\n<tr>\n<th width=\"35%\">Markenname:<\/th>\n<td>K-Gold-Schmuck<\/td>\n<\/tr>\n<tr>\n<th width=\"35%\">Zertifizierung:<\/th>\n<td>Schmuck-Zertifikat<\/td>\n<\/tr>\n<tr>\n<th width=\"35%\">Modellnummer:<\/th>\n<td>KD656E<\/td>\n<\/tr>\n<\/tbody>\n<\/table>\n<p>                                                                            <span class=\"title_s\">Zahlungs- und Versandbedingungen:<\/span>                            <\/p>\n<table class=\"tables data\" width=\"100%\" border=\"0\" cellpadding=\"0\" cellspacing=\"0\">\n<tbody>\n<tr>\n<th width=\"35%\" nowrap=\"nowrap\">Mindestbestellmenge:<\/th>\n<td>30<\/td>\n<\/tr>\n<tr>\n<th width=\"35%\" nowrap=\"nowrap\">Preis:<\/th>\n<td>Verhandlungsf\u00e4hig<\/td>\n<\/tr>\n<tr>\n<th width=\"35%\" nowrap=\"nowrap\">Einzelheiten zur Verpackung:<\/th>\n<td>Standard dicke PP Tasche, Marke wird mit Marke kommen Verpackung<\/td>\n<\/tr>\n<tr>\n<th width=\"35%\" nowrap=\"nowrap\">Lieferzeiten:<\/th>\n<td>5-15 Arbeitstage<\/td>\n<\/tr>\n<tr>\n<th width=\"35%\" nowrap=\"nowrap\">Zahlungsbedingungen:<\/th>\n<td>T\/T, Western Union<\/td>\n<\/tr>\n<tr>\n<th width=\"35%\" nowrap=\"nowrap\">Lieferf\u00e4higkeit:<\/th>\n<td>2000St\u00fcck\/Monat<\/td>\n<\/tr>\n<\/tbody>\n<\/table>","protected":false},"featured_media":3323,"comment_status":"closed","ping_status":"closed","template":"","meta":{"_gspb_post_css":""},"product_brand":[],"product_cat":[20],"product_tag":[],"class_list":{"0":"post-3327","1":"product","2":"type-product","3":"status-publish","4":"has-post-thumbnail","6":"product_cat-birthday-stone-jewelry","8":"first","9":"instock","10":"shipping-taxable","11":"product-type-simple"},"aioseo_notices":[],"_links":{"self":[{"href":"https:\/\/dearjewelry.ltd\/de\/wp-json\/wp\/v2\/product\/3327","targetHints":{"allow":["GET"]}}],"collection":[{"href":"https:\/\/dearjewelry.ltd\/de\/wp-json\/wp\/v2\/product"}],"about":[{"href":"https:\/\/dearjewelry.ltd\/de\/wp-json\/wp\/v2\/types\/product"}],"replies":[{"embeddable":true,"href":"https:\/\/dearjewelry.ltd\/de\/wp-json\/wp\/v2\/comments?post=3327"}],"wp:featuredmedia":[{"embeddable":true,"href":"https:\/\/dearjewelry.ltd\/de\/wp-json\/wp\/v2\/media\/3323"}],"wp:attachment":[{"href":"https:\/\/dearjewelry.ltd\/de\/wp-json\/wp\/v2\/media?parent=3327"}],"wp:term":[{"taxonomy":"product_brand","embeddable":true,"href":"https:\/\/dearjewelry.ltd\/de\/wp-json\/wp\/v2\/product_brand?post=3327"},{"taxonomy":"product_cat","embeddable":true,"href":"https:\/\/dearjewelry.ltd\/de\/wp-json\/wp\/v2\/product_cat?post=3327"},{"taxonomy":"product_tag","embeddable":true,"href":"https:\/\/dearjewelry.ltd\/de\/wp-json\/wp\/v2\/product_tag?post=3327"}],"curies":[{"name":"wp","href":"https:\/\/api.w.org\/{rel}","templated":true}]}}