{"id":2698,"date":"2025-07-13T10:27:42","date_gmt":"2025-07-13T10:27:42","guid":{"rendered":"https:\/\/dearjewelry.ltd\/product\/carat-in-karats-sterling-silver-antiqued-rhodium-plated-lobster-clasp-pendant-with-sterling-silver-cable-chain-necklace\/"},"modified":"2025-07-13T10:27:42","modified_gmt":"2025-07-13T10:27:42","slug":"carat-in-karats-sterling-silver-antiqued-rhodium-plated-lobster-clasp-pendant-with-sterling-silver-cable-chain-necklace","status":"publish","type":"product","link":"https:\/\/dearjewelry.ltd\/de\/produkt\/carat-in-karats-sterling-silver-antiqued-rhodium-plated-lobster-clasp-pendant-with-sterling-silver-cable-chain-necklace\/","title":{"rendered":"Karat in Karat Sterling Silber antik rhodiniert Karabinerverschluss Anh\u00e4nger mit Sterling Silber Kabel Kette Halskette"},"content":{"rendered":"<h2>Karat in Karat Sterling Silber antik rhodiniert Karabinerverschluss Anh\u00e4nger mit Sterling Silber Kabel Kette Halskette<\/h2>\n<p> Beschreibung<\/p>\n<table cellpadding=\"0\" cellspacing=\"0\" class=\"details_table\">\n<tbody>\n<tr>\n<th>Anlass:<\/th>\n<td>Geschenk,Verlobung,Party,Hochzeit<\/td>\n<th>Logo:<\/th>\n<td>Benutzerdefiniertes Logo<\/td>\n<\/tr>\n<tr class=\"bg_gray\">\n<th>Steinschneiden:<\/th>\n<td>Gemeinsame Zinkeneinstellung<\/td>\n<th>Die Form:<\/th>\n<td>Sea Animals Shape<\/td>\n<\/tr>\n<tr>\n<th>Schmuck Material:<\/th>\n<td>Sterling Splitter<\/td>\n<th>Geschlecht:<\/th>\n<td>Damen,Unisex,Kinder<\/td>\n<\/tr>\n<tr class=\"bg_gray\">\n<th>Schmuck Typ:<\/th>\n<td>Sterling Splitter<\/td>\n<th>Stil:<\/th>\n<td>Elegant<\/td>\n<\/tr>\n<\/tbody>\n<\/table>\n<p><p><span style=\"font-size:16px\"><strong><span style=\"font-family:arial,helvetica,sans-serif\">Beschreibung des Produkts:<\/span><\/strong><\/span><\/p>\n<p><span style=\"font-size:16px\"><strong>Carat in Karats Sterling Silver Antiqued Rhodium-Plated Lobster Clasp Pendant With Sterling Silver Cable Chain Necklace<\/strong><\/span> <span style=\"font-size:16px\"><strong> <\/strong><\/span><\/p>\n<table border=\"1\" cellpadding=\"0\" cellspacing=\"0\" style=\"width: 576px\">\n<tbody>\n<tr>\n<td style=\"width: 126px\"><span style=\"font-size:16px\">Artikel Nr.<\/span><\/td>\n<td style=\"width: 444px\"><span style=\"font-size:16px\">&nbsp;KD803P<\/span><\/td>\n<\/tr>\n<tr>\n<td style=\"width: 126px\"><span style=\"font-size:16px\">Produktname<\/span><\/td>\n<td style=\"width: 444px\"><span style=\"font-size:16px\">&nbsp;<\/span>Halskette in Form von Meerestieren<\/td>\n<\/tr>\n<tr>\n<td style=\"width: 126px\"><span style=\"font-size:16px\">Stil<\/span><\/td>\n<td style=\"width: 444px\"><span style=\"font-size:16px\">&nbsp;Designs Benutzerdefiniert&nbsp;<\/span><\/td>\n<\/tr>\n<tr>\n<td style=\"width: 126px\"><span style=\"font-size:16px\">Material<\/span><\/td>\n<td style=\"width: 444px\"><span style=\"font-size:16px\">&nbsp;Sterling Splitter<\/span><\/td>\n<\/tr>\n<tr>\n<td style=\"width: 126px\"><span style=\"font-size:16px\">Einstellung Typ<\/span><\/td>\n<td style=\"width: 444px\"><span style=\"font-family:arial,helvetica,sans-serif\"><span style=\"font-size:16px\">&nbsp;Gemeinsame Zinkeneinstellung<\/span><\/span><\/td>\n<\/tr>\n<tr>\n<td style=\"width: 126px\"><span style=\"font-size:16px\">Geschlecht<\/span><\/td>\n<td style=\"width: 444px\"><span style=\"font-size:16px\">&nbsp;Frauen,Damen,Paar<\/span><\/td>\n<\/tr>\n<tr>\n<td style=\"width: 126px\"><span style=\"font-size:16px\">Dimension<\/span><\/td>\n<td style=\"width: 444px\"><span style=\"font-size:16px\">&nbsp;<span style=\"font-family:arial,helvetica,sans-serif\">6,43x 4,7x 3,03<\/span><\/span><span style=\"font-size:16px\">mm&nbsp;<\/span><\/td>\n<\/tr>\n<tr>\n<td style=\"width: 126px\"><span style=\"font-size:16px\">Anlass<\/span><\/td>\n<td style=\"width: 444px\"><span style=\"font-size:16px\">&nbsp;Jahrestag, Verlobung, Geschenk, Party,&nbsp;<\/span><\/td>\n<\/tr>\n<tr>\n<td style=\"width: 126px\"><span style=\"font-size:16px\">Ringgr\u00f6\u00dfe<\/span><\/td>\n<td style=\"width: 444px\"><span style=\"font-size:16px\">&nbsp;Jede Gr\u00f6\u00dfe verf\u00fcgbar<\/span><\/td>\n<\/tr>\n<\/tbody>\n<\/table>\n<p>&nbsp;<\/p>\n<p><span style=\"font-size:16px\"><strong>Angaben zur Produktion:<\/strong><\/span><\/p>\n<p>Informationen zu Diamanten:<br \/>\nDIA:<br \/>\nOV: 6.43\u00d74.7\u00d7 3.03MM X5(Zinken)<br \/>\n18KY: 5,8g<\/p>\n<p>Anzahl der Diamanten: 5St\u00fcck<br \/>\nDurchschnittliche Farbe: G-H<br \/>\nDurchschnittliche Klarheit: S11\/SI2\/VS1 Anfrage anpassen<br \/>\nDurchschnittlicher Schliff: Brillantschliff<br \/>\nFassung Typ: Gemeinsame Zackenfassung<\/p>\n<p style=\"text-align: justify\">&nbsp;<\/p>\n<p style=\"text-align: justify\"><img decoding=\"async\" src=\"https:\/\/www.gold-jewellerys.com\/test\/gold-jewellerys.com\/photo\/pl145419225-remark.jpg\"><img decoding=\"async\" src=\"https:\/\/www.gold-jewellerys.com\/test\/gold-jewellerys.com\/photo\/pl145419158-remark.jpg\"><img decoding=\"async\" src=\"https:\/\/www.gold-jewellerys.com\/test\/gold-jewellerys.com\/photo\/pl145419160-remark.jpg\"><img decoding=\"async\" src=\"https:\/\/www.gold-jewellerys.com\/test\/gold-jewellerys.com\/photo\/pl145419061-remark.jpg\"><img decoding=\"async\" src=\"https:\/\/www.gold-jewellerys.com\/test\/gold-jewellerys.com\/photo\/pl145418927-remark.jpg\"><br \/>\n<span style=\"font-size:16px\"><span style=\"font-family:arial,helvetica,sans-serif\">Warum uns w\u00e4hlen:<\/span><br \/>\n<span style=\"font-family:arial,helvetica,sans-serif\">1: K-Gold hat etwa 21 Jahre Erfahrung im Schmuckbereich und 17 Jahre Produktionserfahrung.<\/span><br \/>\n<span style=\"font-family:arial,helvetica,sans-serif\">2: Auch unser professionelles F &amp; E-Team, um sicherzustellen, dass unsere Produkte st\u00e4ndig aktualisiert werden und vor der Industrie. So haben wir mehr als 3000 verschiedene Entw\u00fcrfe und mehr dann 46 Sammlungen k\u00f6nnen von verschiedenen Marktanforderung treffen.<\/span><br \/>\n<span style=\"font-family:arial,helvetica,sans-serif\">3: F\u00fcr kundenspezifische Artikel k\u00f6nnen Sie CAD am gleichen Tag oder am n\u00e4chsten Tag erhalten, um die Daten vor der Bestellung zu best\u00e4tigen.<\/span><br \/>\n<span style=\"font-family:arial,helvetica,sans-serif\">4: Das Ziel von K-gold ist es, den Kunden die richtigen Produkte zum richtigen Preis anzubieten und rechtzeitig zu liefern.<\/span><br \/>\n<span style=\"font-family:arial,helvetica,sans-serif\">5: Wir verf\u00fcgen \u00fcber ein leistungsf\u00e4higes Kundendienstteam, das den gesamten Verkaufsprozess im Auge beh\u00e4lt und Ihnen bei allen Fragen hilft, vom CAD-Entwurf bis zur Lieferung.<\/span><br \/>\n<span style=\"font-family:arial,helvetica,sans-serif\">K-Gold Werksdienst:<\/span><\/span><br \/>\n&nbsp;<\/p>\n<p>\n<img decoding=\"async\" src=\"https:\/\/www.gold-jewellerys.com\/test\/gold-jewellerys.com\/photo\/pl36219389-remark.jpg\"><br \/>\n&nbsp;<\/p>\n<p><img decoding=\"async\" src=\"https:\/\/www.gold-jewellerys.com\/test\/gold-jewellerys.com\/photo\/pl36219445-remark.jpg\"><\/p>\n<p>FAQ:<\/p>\n<p>1: F: Wie packen Sie?<\/p>\n<p>&nbsp; &nbsp; A: Normalerweise opp Tasche, Verpackung Box ist auch verf\u00fcgbar. und plus Blase verpacken, um die Waren zu sch\u00fctzen.&nbsp;<\/p>\n<p>&nbsp;<\/p>\n<p>2: F: Was ist Ihre Zahlungsmethode?<br \/>\n&nbsp; &nbsp; A: Sie k\u00f6nnen durch T\/T, Western Union, Paypal zahlen. 30% Ablagerung, 70% Balance zahlte vor Versand.<\/p>\n<p>&nbsp;<\/p>\n<p>3: F: Kann ich mein eigenes Logo auf dem Schmuck anbringen?<\/p>\n<p>&nbsp; &nbsp; A: Ja, bitte senden Sie uns Ihr Logo und wir werden Ihr Logo kostenlos stempeln<\/p>\n<p>&nbsp;<\/p>\n<p>4: F: Wie k\u00f6nnen wir den Preis senken, wenn wir das gleiche Design beibehalten?<\/p>\n<p>&nbsp; &nbsp; A: Sie k\u00f6nnen zu Moissanit-Diamanten oder Lab-Diamanten wechseln.<\/p>\n<p>&nbsp;<\/p>\n<p>5. F: Wie lange kann ich meine Waren erhalten?<\/p>\n<p>&nbsp; &nbsp; A: Bestellung wird immer nach der Anzahlung \u00fcber Ihre Bestellung bearbeitet. Making Zeit 2-10 Arbeitstage je nach Design Verarbeitung<\/p>\n<p>&nbsp; &nbsp; Schwierigkeit, plus 3-7 Tage Versandzeit Expressversandmethode in alle fo der Welt.<\/p>\n<p>&nbsp;<\/p>\n<p>6. F: Welches Material haben Sie?<\/p>\n<p>&nbsp; &nbsp; A: Wir haben 9K Gold\/10K Gold\/14K Gold\/18K Gold\/22K Gold.<\/p><\/p>","protected":false},"excerpt":{"rendered":"<br \/>\n<table class=\"tables data\" width=\"100%\" border=\"0\" cellpadding=\"0\" cellspacing=\"0\">\n<tbody>\n<tr>\n<th width=\"35%\">Ort der Herkunft:<\/th>\n<td>China<\/td>\n<\/tr>\n<tr>\n<th width=\"35%\">Markenname:<\/th>\n<td>K-Gold-Schmuck<\/td>\n<\/tr>\n<tr>\n<th width=\"35%\">Zertifizierung:<\/th>\n<td>Schmuck-Zertifikat<\/td>\n<\/tr>\n<tr>\n<th width=\"35%\">Modellnummer:<\/th>\n<td>KD803P<\/td>\n<\/tr>\n<\/tbody>\n<\/table>\n<p>                                                                            <span class=\"title_s\">Zahlungs- und Versandbedingungen:<\/span>                            <\/p>\n<table class=\"tables data\" width=\"100%\" border=\"0\" cellpadding=\"0\" cellspacing=\"0\">\n<tbody>\n<tr>\n<th width=\"35%\" nowrap=\"nowrap\">Mindestbestellmenge:<\/th>\n<td>3<\/td>\n<\/tr>\n<tr>\n<th width=\"35%\" nowrap=\"nowrap\">Preis:<\/th>\n<td>Verhandlungsf\u00e4hig<\/td>\n<\/tr>\n<tr>\n<th width=\"35%\" nowrap=\"nowrap\">Einzelheiten zur Verpackung:<\/th>\n<td>Standard dicke PP Tasche, Marke wird mit Marke kommen Verpackung<\/td>\n<\/tr>\n<tr>\n<th width=\"35%\" nowrap=\"nowrap\">Lieferzeiten:<\/th>\n<td>5-15 Arbeitstage<\/td>\n<\/tr>\n<tr>\n<th width=\"35%\" nowrap=\"nowrap\">Zahlungsbedingungen:<\/th>\n<td>T\/T, Western Union<\/td>\n<\/tr>\n<tr>\n<th width=\"35%\" nowrap=\"nowrap\">Lieferf\u00e4higkeit:<\/th>\n<td>2000St\u00fcck\/Monat<\/td>\n<\/tr>\n<\/tbody>\n<\/table>","protected":false},"featured_media":2692,"comment_status":"closed","ping_status":"closed","template":"","meta":{"_gspb_post_css":""},"product_brand":[],"product_cat":[21],"product_tag":[],"class_list":{"0":"post-2698","1":"product","2":"type-product","3":"status-publish","4":"has-post-thumbnail","6":"product_cat-sea-life-jewelry","8":"first","9":"instock","10":"shipping-taxable","11":"product-type-simple"},"aioseo_notices":[],"_links":{"self":[{"href":"https:\/\/dearjewelry.ltd\/de\/wp-json\/wp\/v2\/product\/2698","targetHints":{"allow":["GET"]}}],"collection":[{"href":"https:\/\/dearjewelry.ltd\/de\/wp-json\/wp\/v2\/product"}],"about":[{"href":"https:\/\/dearjewelry.ltd\/de\/wp-json\/wp\/v2\/types\/product"}],"replies":[{"embeddable":true,"href":"https:\/\/dearjewelry.ltd\/de\/wp-json\/wp\/v2\/comments?post=2698"}],"wp:featuredmedia":[{"embeddable":true,"href":"https:\/\/dearjewelry.ltd\/de\/wp-json\/wp\/v2\/media\/2692"}],"wp:attachment":[{"href":"https:\/\/dearjewelry.ltd\/de\/wp-json\/wp\/v2\/media?parent=2698"}],"wp:term":[{"taxonomy":"product_brand","embeddable":true,"href":"https:\/\/dearjewelry.ltd\/de\/wp-json\/wp\/v2\/product_brand?post=2698"},{"taxonomy":"product_cat","embeddable":true,"href":"https:\/\/dearjewelry.ltd\/de\/wp-json\/wp\/v2\/product_cat?post=2698"},{"taxonomy":"product_tag","embeddable":true,"href":"https:\/\/dearjewelry.ltd\/de\/wp-json\/wp\/v2\/product_tag?post=2698"}],"curies":[{"name":"wp","href":"https:\/\/api.w.org\/{rel}","templated":true}]}}