{"id":2424,"date":"2025-07-13T10:26:02","date_gmt":"2025-07-13T10:26:02","guid":{"rendered":"https:\/\/dearjewelry.ltd\/product\/round-cut-white-gold-engagement-rings-6pcs-4-1mm-vs1-real-diamond-wedding-rings\/"},"modified":"2025-07-13T10:26:02","modified_gmt":"2025-07-13T10:26:02","slug":"rund-geschliffene-verlobungsringe-aus-weisgold-6-stuck-4-1mm-vs1-echte-diamanten-eheringe","status":"publish","type":"product","link":"https:\/\/dearjewelry.ltd\/de\/produkt\/rund-geschliffene-verlobungsringe-aus-weisgold-6-stuck-4-1mm-vs1-echte-diamanten-eheringe\/","title":{"rendered":"Rundschliff Wei\u00dfgold Verlobungsringe , 6 St\u00fcck 4,1mm VS1 Echte Diamant Eheringe"},"content":{"rendered":"<h2>Rundschliff Wei\u00dfgold Verlobungsringe , 6 St\u00fcck 4,1mm VS1 Echte Diamant Eheringe<\/h2>\n<p> Beschreibung<\/p>\n<table cellpadding=\"0\" cellspacing=\"0\" class=\"details_table\">\n<tbody>\n<tr>\n<th>Geschlecht:<\/th>\n<td>Kinder, M\u00e4nner, Unisex, Frauen<\/td>\n<th>Muster verf\u00fcgbar:<\/th>\n<td>Verf\u00fcgbar<\/td>\n<\/tr>\n<tr class=\"bg_gray\">\n<th>Steinschneiden:<\/th>\n<td>Brillant-Rundschliff<\/td>\n<th>Stein:<\/th>\n<td>Naturdiamant\/Labordiamant\/Mossanit<\/td>\n<\/tr>\n<tr>\n<th>Einstellung:<\/th>\n<td>Gemeinsame Zinkeneinstellung<\/td>\n<th>Anpassen:<\/th>\n<td>Verf\u00fcgbar Anpassen<\/td>\n<\/tr>\n<tr class=\"bg_gray\">\n<th>Steinschneiden:<\/th>\n<td>Gemeinsame Zinkeneinstellung<\/td>\n<th>Gold Farbe:<\/th>\n<td>18K Rose Gold<\/td>\n<\/tr>\n<tr>\n<th>Anlass:<\/th>\n<td>Irgendwo<\/td>\n<th>Ringe Typ:<\/th>\n<td>Eternity Band Ringe,Jahrestag Ring<\/td>\n<\/tr>\n<tr class=\"bg_gray\">\n<th colspan=\"1\">Helles Licht:<\/th>\n<td colspan=\"3\">\n<h2 style='font-weight: bold;font-size: 14px'>4,1 mm 6 St\u00fcck Wei\u00dfgold Verlobungsringe<\/h2>\n<p>, <\/p>\n<h2 style='font-weight: bold;font-size: 14px'>VS1 4,1mm Wei\u00dfgold Verlobungsringe<\/h2>\n<p>, <\/p>\n<h2 style='font-weight: bold;font-size: 14px'>6St\u00fcck VS1 Echte Diamant Trauringe<\/h2>\n<\/td>\n<\/tr>\n<\/tbody>\n<\/table>\n<p><p><span style=\"font-size:16px\"><span style=\"font-family:arial,helvetica,sans-serif\">Beschreibung des Produkts:<\/span><\/span><\/p>\n<p><span style=\"font-size:16px\"><span style=\"font-family:arial,helvetica,sans-serif\"><strong>18K Rose Gold Ring Real Diamond Ring PT950 Feine Frauen M\u00e4dchen Beste Geschenk-Schmuck <\/strong><\/span><\/span><\/p>\n<table border=\"1\" cellpadding=\"0\" cellspacing=\"0\" style=\"width: 576px\">\n<tbody>\n<tr>\n<td style=\"width: 126px\"><span style=\"font-size:16px\">Artikel Nr.<\/span><\/td>\n<td style=\"width: 444px\"><span style=\"font-size:16px\">&nbsp;KD051R<\/span><\/td>\n<\/tr>\n<tr>\n<td style=\"width: 126px\"><span style=\"font-size:16px\">Produktname<\/span><\/td>\n<td style=\"width: 444px\"><span style=\"font-size:16px\">&nbsp;<span style=\"font-family:arial,helvetica,sans-serif\">18K Rose Gold<\/span><\/span><\/td>\n<\/tr>\n<tr>\n<td style=\"width: 126px\"><span style=\"font-size:16px\">Stil<\/span><\/td>\n<td style=\"width: 444px\"><span style=\"font-size:16px\">&nbsp;Benutzerdefiniert<\/span><\/td>\n<\/tr>\n<tr>\n<td style=\"width: 126px\"><span style=\"font-size:16px\">Material<\/span><\/td>\n<td style=\"width: 444px\"><span style=\"font-size:16px\">&nbsp;18K Rose Gold<\/span><\/td>\n<\/tr>\n<tr>\n<td style=\"width: 126px\"><span style=\"font-size:16px\">Einstellung Typ<\/span><\/td>\n<td style=\"width: 444px\"><span style=\"font-family:arial,helvetica,sans-serif\"><span style=\"font-size:16px\">&nbsp;Gemeinsame Zinkeneinstellung<\/span><\/span><\/td>\n<\/tr>\n<tr>\n<td style=\"width: 126px\"><span style=\"font-size:16px\">Geschlecht<\/span><\/td>\n<td style=\"width: 444px\"><span style=\"font-size:16px\">&nbsp;Frauen,Damen,Paare,Junge M\u00e4dchen<\/span><\/td>\n<\/tr>\n<tr>\n<td style=\"width: 126px\"><span style=\"font-size:16px\">Winziger Stein<\/span><\/td>\n<td style=\"width: 444px\"><span style=\"font-size:16px\">&nbsp;Nat\u00fcrlicher Diamant F-H SI1\/SI2\/VS1\/Labordiamant \/ Mossianit<\/span><\/td>\n<\/tr>\n<tr>\n<td style=\"width: 126px\"><span style=\"font-size:16px\">Hauptstein<\/span><\/td>\n<td style=\"width: 444px\"><span style=\"font-size:16px\">&nbsp;Naturdiamant\/Labordiamant\/Mossianit\/Alle Edelsteine<\/span><\/td>\n<\/tr>\n<tr>\n<td style=\"width: 126px\"><span style=\"font-size:16px\">Dimension<\/span><\/td>\n<td style=\"width: 444px\"><span style=\"font-size:16px\">&nbsp;<font face=\"arial, helvetica, sans-serif\">4.1MM<\/font><\/span><span style=\"font-size:16px\">&nbsp;Runder Brillantschliff<\/span><\/td>\n<\/tr>\n<tr>\n<td style=\"width: 126px\"><span style=\"font-size:16px\">Anlass<\/span><\/td>\n<td style=\"width: 444px\"><span style=\"font-size:16px\">&nbsp;Jahrestag, Verlobung, Geschenk, Party, Hochzeit<\/span><\/td>\n<\/tr>\n<tr>\n<td style=\"width: 126px\"><span style=\"font-size:16px\">Ringgr\u00f6\u00dfe<\/span><\/td>\n<td style=\"width: 444px\"><span style=\"font-size:16px\">&nbsp;Jede Gr\u00f6\u00dfe erh\u00e4ltlich #4,#5,#6,#7,#8,#9,#10,#11,#12<\/span><\/td>\n<\/tr>\n<\/tbody>\n<\/table>\n<p>&nbsp;<\/p>\n<p><span style=\"font-size:16px\"><span style=\"font-family:arial,helvetica,sans-serif\">Angaben zur Produktion:<\/span><\/span><\/p>\n<p><span style=\"font-size:16px\">Informationen zu Diamanten:<\/span><\/p>\n<p><span style=\"font-family:arial,helvetica,sans-serif\"><span style=\"font-size:16px\">DIA<br \/>\nRD: 4.1MM X3(Zinke)<br \/>\n&nbsp; &nbsp; &nbsp; &nbsp;4.0MM X1(Zinken)<br \/>\n&nbsp; &nbsp; &nbsp; &nbsp;3.0MM X2(Stifte)<br \/>\n18KW: 5,5g<\/span><\/span><\/p>\n<p>&nbsp;<\/p>\n<p><span style=\"font-size:16px\">Anzahl der Diamanten: 6 St\u00fcck<br \/>\nDurchschnittliche Farbe: G-H<br \/>\nDurchschnittliche Klarheit: S11\/SI2\/VS1 Anfrage anpassen<br \/>\nDurchschnittlicher Schliff: Brillantschliff<br \/>\nEinstellung Typ: <\/span><span style=\"font-family: arial, helvetica, sans-serif;font-size: 16px\">Gemeinsame Zinkeneinstellung<\/span><\/p>\n<p>&nbsp;<\/p>\n<p>\n<span style=\"font-size:16px\"><span style=\"font-family:arial,helvetica,sans-serif\">Warum uns w\u00e4hlen:<\/span><br \/>\n<span style=\"font-family:arial,helvetica,sans-serif\">1: K-Gold hat etwa 21 Jahre Erfahrung im Schmuckbereich und 17 Jahre Produktionserfahrung.<\/span><br \/>\n<span style=\"font-family:arial,helvetica,sans-serif\">2: Auch unser professionelles F &amp; E-Team, um sicherzustellen, dass unsere Produkte st\u00e4ndig aktualisiert werden und vor der Industrie. So haben wir mehr als 3000 verschiedene Entw\u00fcrfe und mehr dann 46 Sammlungen k\u00f6nnen von verschiedenen Marktanforderung treffen.<\/span><br \/>\n<span style=\"font-family:arial,helvetica,sans-serif\">3: F\u00fcr kundenspezifische Artikel k\u00f6nnen Sie CAD am gleichen Tag oder am n\u00e4chsten Tag erhalten, um die Daten vor der Bestellung zu best\u00e4tigen.<\/span><br \/>\n<span style=\"font-family:arial,helvetica,sans-serif\">4: Das Ziel von K-gold ist es, den Kunden die richtigen Produkte zum richtigen Preis anzubieten und rechtzeitig zu liefern.<\/span><br \/>\n<span style=\"font-family:arial,helvetica,sans-serif\">5: Wir verf\u00fcgen \u00fcber ein leistungsf\u00e4higes Kundendienstteam, das den gesamten Verkaufsprozess im Auge beh\u00e4lt und Ihnen bei allen Fragen hilft, vom CAD-Entwurf bis zur Lieferung.<\/span><br \/>\n<span style=\"font-family:arial,helvetica,sans-serif\">K-Gold Werksdienst:<\/span><\/span><br \/>\n&nbsp;<\/p>\n<p>\n<img decoding=\"async\" src=\"https:\/\/www.gold-jewellerys.com\/test\/gold-jewellerys.com\/photo\/pl36219389-remark.jpg\"><br \/>\n&nbsp;<\/p>\n<p><img decoding=\"async\" src=\"https:\/\/www.gold-jewellerys.com\/test\/gold-jewellerys.com\/photo\/pl36219445-remark.jpg\"><\/p>\n<p>FAQ:<\/p>\n<p>1: Q: Wie k\u00f6nnen wir den Preis erhalten?<\/p>\n<p>&nbsp; &nbsp; A: Wir begr\u00fc\u00dfen Sie, um uns auf whatsapp zu kontaktieren. Senden Sie uns einfach die Bilder der Elemente, die Sie wollen, dann werden wir Ihnen die Preise so schnell wie m\u00f6glich sagen.<\/p>\n<p>&nbsp;<\/p>\n<p>2: F: K\u00f6nnen Sie Schmuck mit Halbeinfassung herstellen?<br \/>\n&nbsp; &nbsp; A: Ja, sicher, wir haben Kunden jeden Monat haben mehr als 60 St\u00fcck f\u00fcr semi mout Artikel, wenn Sie Steine Schiff zu uns Hilfe zu setzen sind auch availabe oder Sie k\u00f6nnen yourselft setzen.<\/p>\n<p>&nbsp;<\/p>\n<p>3: F: Wie kann ich meine Bestellung bezahlen?<\/p>\n<p>&nbsp; &nbsp; A: Bitte sagen Sie mir Ihre Bestellung, dann werden wir Ihnen sagen, das Element Preis, Versandkosten und Original-Box Geb\u00fchr und Gesamtbetrag. Sie k\u00f6nnen die Zahlung per Western Union \/ T\/T, oder Payoneer machen, werden wir verarbeiten und versenden Sie Ihre Bestellung so schnell wie m\u00f6glich nach Zahlung gemacht.<\/p>\n<p>&nbsp;<\/p>\n<p>4: F: Kann ich ein Zertifikat erhalten?<\/p>\n<p>&nbsp; &nbsp; A: Ja, es gibt die zertifizierte, wenn Sie brauchen und Preis wird nicht die Geb\u00fchr enthalten. Der Diamant dort GIA-zertifiziert oder ohne es nur<\/p>\n<p>&nbsp; &nbsp; Lassen Sie es mich wissen, denn es gibt Preisunterschiede.<\/p>\n<p>&nbsp;<\/p>\n<p>5. F: Wie lange kann ich meine Waren erhalten?<\/p>\n<p>&nbsp; &nbsp; A: Bestellung wird immer nach der Anzahlung \u00fcber Ihre Bestellung bearbeitet. Making Zeit 2-10 Arbeitstage je nach Design Verarbeitung<\/p>\n<p>&nbsp; &nbsp; Schwierigkeit, plus 3-7 Tage Versandzeit Expressversandmethode in alle fo der Welt.<\/p>\n<p>&nbsp;<\/p>\n<p>6. F: Wie steht es um die Qualit\u00e4t Ihrer Diamanten?<\/p>\n<p>&nbsp; &nbsp; A: Wir haben immer VS, SI G-H nat\u00fcrliche Diamanten verwendet, wenn Sie zu VVS \u00e4ndern wollen, sind auch verf\u00fcgbar, wir k\u00f6nnen Ihnen den genauen Preis nach Ihrer Anfrage anbieten.<\/p><\/p>","protected":false},"excerpt":{"rendered":"<br \/>\n<table class=\"tables data\" width=\"100%\" border=\"0\" cellpadding=\"0\" cellspacing=\"0\">\n<tbody>\n<tr>\n<th width=\"35%\">Ort der Herkunft:<\/th>\n<td>China<\/td>\n<\/tr>\n<tr>\n<th width=\"35%\">Markenname:<\/th>\n<td>K-Gold-Schmuck<\/td>\n<\/tr>\n<tr>\n<th width=\"35%\">Zertifizierung:<\/th>\n<td>Schmuck-Zertifikat<\/td>\n<\/tr>\n<tr>\n<th width=\"35%\">Modellnummer:<\/th>\n<td>KD051R<\/td>\n<\/tr>\n<\/tbody>\n<\/table>\n<p>                                                                            <span class=\"title_s\">Zahlungs- und Versandbedingungen:<\/span>                            <\/p>\n<table class=\"tables data\" width=\"100%\" border=\"0\" cellpadding=\"0\" cellspacing=\"0\">\n<tbody>\n<tr>\n<th width=\"35%\" nowrap=\"nowrap\">Mindestbestellmenge:<\/th>\n<td>3<\/td>\n<\/tr>\n<tr>\n<th width=\"35%\" nowrap=\"nowrap\">Preis:<\/th>\n<td>Verhandlungsf\u00e4hig<\/td>\n<\/tr>\n<tr>\n<th width=\"35%\" nowrap=\"nowrap\">Einzelheiten zur Verpackung:<\/th>\n<td>Standard dicke PP Tasche, Marke wird mit Marke kommen Verpackung<\/td>\n<\/tr>\n<tr>\n<th width=\"35%\" nowrap=\"nowrap\">Lieferzeiten:<\/th>\n<td>5-15 Arbeitstage<\/td>\n<\/tr>\n<tr>\n<th width=\"35%\" nowrap=\"nowrap\">Zahlungsbedingungen:<\/th>\n<td>T\/T, Western Union<\/td>\n<\/tr>\n<tr>\n<th width=\"35%\" nowrap=\"nowrap\">Lieferf\u00e4higkeit:<\/th>\n<td>2000St\u00fcck\/Monat<\/td>\n<\/tr>\n<\/tbody>\n<\/table>","protected":false},"featured_media":2420,"comment_status":"closed","ping_status":"closed","template":"","meta":{"_gspb_post_css":""},"product_brand":[],"product_cat":[21],"product_tag":[],"class_list":{"0":"post-2424","1":"product","2":"type-product","3":"status-publish","4":"has-post-thumbnail","6":"product_cat-sea-life-jewelry","8":"first","9":"instock","10":"shipping-taxable","11":"product-type-simple"},"aioseo_notices":[],"_links":{"self":[{"href":"https:\/\/dearjewelry.ltd\/de\/wp-json\/wp\/v2\/product\/2424","targetHints":{"allow":["GET"]}}],"collection":[{"href":"https:\/\/dearjewelry.ltd\/de\/wp-json\/wp\/v2\/product"}],"about":[{"href":"https:\/\/dearjewelry.ltd\/de\/wp-json\/wp\/v2\/types\/product"}],"replies":[{"embeddable":true,"href":"https:\/\/dearjewelry.ltd\/de\/wp-json\/wp\/v2\/comments?post=2424"}],"wp:featuredmedia":[{"embeddable":true,"href":"https:\/\/dearjewelry.ltd\/de\/wp-json\/wp\/v2\/media\/2420"}],"wp:attachment":[{"href":"https:\/\/dearjewelry.ltd\/de\/wp-json\/wp\/v2\/media?parent=2424"}],"wp:term":[{"taxonomy":"product_brand","embeddable":true,"href":"https:\/\/dearjewelry.ltd\/de\/wp-json\/wp\/v2\/product_brand?post=2424"},{"taxonomy":"product_cat","embeddable":true,"href":"https:\/\/dearjewelry.ltd\/de\/wp-json\/wp\/v2\/product_cat?post=2424"},{"taxonomy":"product_tag","embeddable":true,"href":"https:\/\/dearjewelry.ltd\/de\/wp-json\/wp\/v2\/product_tag?post=2424"}],"curies":[{"name":"wp","href":"https:\/\/api.w.org\/{rel}","templated":true}]}}