{"id":2394,"date":"2025-07-13T10:25:50","date_gmt":"2025-07-13T10:25:50","guid":{"rendered":"https:\/\/dearjewelry.ltd\/product\/oval-cut-18k-white-gold-engagement-ring-8-0x6-0mm-dimension-odm\/"},"modified":"2025-07-13T10:25:50","modified_gmt":"2025-07-13T10:25:50","slug":"verlobungsring-mit-ovalem-schliff-aus-18k-weisgold-8-0x6-0mm-grose-odm","status":"publish","type":"product","link":"https:\/\/dearjewelry.ltd\/de\/produkt\/verlobungsring-mit-ovalem-schliff-aus-18k-weisgold-8-0x6-0mm-grose-odm\/","title":{"rendered":"Ovaler Schliff 18k Wei\u00dfgold Verlobungsring 8.0\u00d76.0mm Dimension ODM"},"content":{"rendered":"<h2>Ovaler Schliff 18k Wei\u00dfgold Verlobungsring 8.0\u00d76.0mm Dimension ODM<\/h2>\n<p> Beschreibung<\/p>\n<table cellpadding=\"0\" cellspacing=\"0\" class=\"details_table\">\n<tbody>\n<tr>\n<th>Ringe Typ:<\/th>\n<td>Edelstein-Ringe<\/td>\n<th>Schmuck Typ:<\/th>\n<td>K Gold Ring<\/td>\n<\/tr>\n<tr class=\"bg_gray\">\n<th>Stein:<\/th>\n<td>Echter Diamant<\/td>\n<th>Hauptstein:<\/th>\n<td>Diamant<\/td>\n<\/tr>\n<tr>\n<th>Hauptsteinschnitt:<\/th>\n<td>Ovaler Schnitt<\/td>\n<th>Die Form:<\/th>\n<td>Ovaler Schnitt<\/td>\n<\/tr>\n<tr class=\"bg_gray\">\n<th>Einstellung:<\/th>\n<td>Gemeinsamer Zinken<\/td>\n<th>Anpassen:<\/th>\n<td>Verf\u00fcgbar Anpassen<\/td>\n<\/tr>\n<tr>\n<th>Gold Farbe:<\/th>\n<td>Wei\u00dfgold \/ Gelbgold \/ Ros\u00e9gold<\/td>\n<th>Anlass:<\/th>\n<td>Jahrestag, Verlobung, Geschenk, Party, Hochzeit<\/td>\n<\/tr>\n<tr class=\"bg_gray\">\n<th colspan=\"1\">Helles Licht:<\/th>\n<td colspan=\"3\">\n<h2 style='font-weight: bold;font-size: 14px'>ODM 18k Wei\u00dfgold Verlobungsring<\/h2>\n<p>, <\/p>\n<h2 style='font-weight: bold;font-size: 14px'>8,0mm 18k Wei\u00dfgold Verlobungsring<\/h2>\n<p>, <\/p>\n<h2 style='font-weight: bold;font-size: 14px'>6,0mm 18k Wei\u00dfgold Ring<\/h2>\n<\/td>\n<\/tr>\n<\/tbody>\n<\/table>\n<p><p><span style=\"font-size:16px\"><span style=\"font-family:arial,helvetica,sans-serif\">Beschreibung des Produkts:<\/span><\/span><\/p>\n<p><span style=\"font-size:16px\">18K Rose Gold Ring Oval Diamond Custom Schmuck einfaches Design Ringe<\/span><\/p>\n<table border=\"1\" cellpadding=\"0\" cellspacing=\"0\" style=\"width: 576px\">\n<tbody>\n<tr>\n<td style=\"width: 126px\"><span style=\"font-size:16px\">Artikel Nr.<\/span><\/td>\n<td style=\"width: 444px\"><span style=\"font-size:16px\">KD040R<\/span><\/td>\n<\/tr>\n<tr>\n<td style=\"width: 126px\"><span style=\"font-size:16px\">Produktname<\/span><\/td>\n<td style=\"width: 444px\"><span style=\"font-size:16px\">18K Rose Gold Ring<\/span><\/td>\n<\/tr>\n<tr>\n<td style=\"width: 126px\"><span style=\"font-size:16px\">Stil<\/span><\/td>\n<td style=\"width: 444px\"><span style=\"font-size:16px\">18K Rose Gold-Schmuck<\/span><\/td>\n<\/tr>\n<tr>\n<td style=\"width: 126px\"><span style=\"font-size:16px\">Material<\/span><\/td>\n<td style=\"width: 444px\"><span style=\"font-size:16px\">14K\/18K Gold<\/span><\/td>\n<\/tr>\n<tr>\n<td style=\"width: 126px\"><span style=\"font-size:16px\">Einstellung Typ<\/span><\/td>\n<td style=\"width: 444px\"><span style=\"font-size:16px\">Gemeinsamer Zinken<\/span><\/td>\n<\/tr>\n<tr>\n<td style=\"width: 126px\"><span style=\"font-size:16px\">Geschlecht<\/span><\/td>\n<td style=\"width: 444px\"><span style=\"font-size:16px\">Frauen,Damen,Paare,Junge M\u00e4dchen<\/span><\/td>\n<\/tr>\n<tr>\n<td style=\"width: 126px\"><span style=\"font-size:16px\">Winziger Stein<\/span><\/td>\n<td style=\"width: 444px\"><span style=\"font-size:16px\">Echter Diamant\/Labordiamant\/Mossianit\/Alle Edelsteine<\/span><\/td>\n<\/tr>\n<tr>\n<td style=\"width: 126px\"><span style=\"font-size:16px\">Hauptstein<\/span><\/td>\n<td style=\"width: 444px\"><span style=\"font-size:16px\">Echter Diamant<\/span><\/td>\n<\/tr>\n<tr>\n<td style=\"width: 126px\"><span style=\"font-size:16px\">Dimension<\/span><\/td>\n<td style=\"width: 444px\"><span style=\"font-size:16px\">8.0*6.0mm Ovaler Schliff<\/span><\/td>\n<\/tr>\n<tr>\n<td style=\"width: 126px\"><span style=\"font-size:16px\">Anlass<\/span><\/td>\n<td style=\"width: 444px\"><span style=\"font-size:16px\">Jahrestag, Verlobung, Geschenk, Party, Hochzeit<\/span><\/td>\n<\/tr>\n<tr>\n<td style=\"width: 126px\"><span style=\"font-size:16px\">Ringgr\u00f6\u00dfe<\/span><\/td>\n<td style=\"width: 444px\"><span style=\"font-size:16px\">Jede Gr\u00f6\u00dfe erh\u00e4ltlich #4#5,#6#7#8#9#10#11#12<\/span><\/td>\n<\/tr>\n<\/tbody>\n<\/table>\n<p>&nbsp;<\/p>\n<p><span style=\"font-size:16px\"><span style=\"font-family:arial,helvetica,sans-serif\">Angaben zur Produktion:<\/span><\/span><\/p>\n<p><span style=\"font-size:16px\">Informationen \u00fcber Diamanten:DIA<br \/>\nOV: 8.0X6.0MM X1(Zinken)<br \/>\nRD:1.2MM X16(Zinken)<br \/>\n1.3MM X2(Zacken)<br \/>\n1.3MM X2(Zapfen+Kanal)<br \/>\n14KW:3,6g<\/span><\/p>\n<p>&nbsp;<\/p>\n<p><span style=\"font-size:16px\">Anzahl der Diamanten: 21 St\u00fcck<br \/>\nDurchschnittliche Farbe: G-H<br \/>\nDurchschnittliche Klarheit: S11\/SI2\/VS1 Anfrage anpassen<br \/>\nDurchschnittlicher Schliff: Ovaler Schliff<br \/>\nFassungstyp: Gemeinsamer Zacken<\/span><\/p>\n<p>&nbsp;<\/p>\n<p>\n<span style=\"font-size:16px\"><span style=\"font-family:arial,helvetica,sans-serif\">Warum uns w\u00e4hlen:<\/span><br \/>\n<span style=\"font-family:arial,helvetica,sans-serif\">1: K-Gold hat etwa 21 Jahre Erfahrung im Schmuckbereich und 17 Jahre Produktionserfahrung.<\/span><br \/>\n<span style=\"font-family:arial,helvetica,sans-serif\">2: Auch unser professionelles F &amp; E-Team, um sicherzustellen, dass unsere Produkte st\u00e4ndig aktualisiert werden und vor der Industrie. So haben wir mehr als 3000 verschiedene Entw\u00fcrfe und mehr dann 46 Sammlungen k\u00f6nnen von verschiedenen Marktanforderung treffen.<\/span><br \/>\n<span style=\"font-family:arial,helvetica,sans-serif\">3: F\u00fcr kundenspezifische Artikel k\u00f6nnen Sie CAD am gleichen Tag oder am n\u00e4chsten Tag erhalten, um die Daten vor der Bestellung zu best\u00e4tigen.<\/span><br \/>\n<span style=\"font-family:arial,helvetica,sans-serif\">4: Das Ziel von K-gold ist es, den Kunden die richtigen Produkte zum richtigen Preis anzubieten und rechtzeitig zu liefern.<\/span><br \/>\n<span style=\"font-family:arial,helvetica,sans-serif\">5: Wir verf\u00fcgen \u00fcber ein leistungsf\u00e4higes Kundendienstteam, das den gesamten Verkaufsprozess im Auge beh\u00e4lt und Ihnen bei allen Fragen hilft, vom CAD-Entwurf bis zur Lieferung.<\/span><br \/>\n<span style=\"font-family:arial,helvetica,sans-serif\">K-Gold Werksdienst:<\/span><\/span><br \/>\n<img decoding=\"async\" src=\"https:\/\/www.gold-jewellerys.com\/test\/gold-jewellerys.com\/photo\/pl36123473-remark.jpg\"><\/p>\n<p>&nbsp;<\/p>\n<p>\n<img decoding=\"async\" src=\"https:\/\/www.gold-jewellerys.com\/test\/gold-jewellerys.com\/photo\/pl36123397-remark.jpg\"><\/p>\n<p>&nbsp;<\/p>\n<p>&nbsp;<\/p>\n<p>FAQ:<\/p>\n<p>1: Wie k\u00f6nnen wir den Preis erfahren?<\/p>\n<p>Wir begr\u00fc\u00dfen Sie, um uns auf whatsapp zu kontaktieren. Schicken Sie uns einfach die Bilder der Elemente, die Sie wollen, dann werden wir Ihnen die Preise so schnell wie m\u00f6glich.<\/p>\n<p>&nbsp;<\/p>\n<p>2: K\u00f6nnen Sie mein Logo anpassen?<br \/>\nJa, auf jeden Fall k\u00f6nnen Sie, Bitte senden Sie uns Ihr LOGO, wir werden frei, es zu unterzeichnen. F\u00fcr Markenschmuck immer mit Orginal-Logo,<\/p>\n<p>und wenn Sie etwas Besonderes brauchen, lassen Sie es mich einfach wissen.<\/p>\n<p>&nbsp;<\/p>\n<p>3: Wie kann ich meine Bestellung bezahlen?<\/p>\n<p>Bitte sagen Sie mir Ihre Bestellung, dann werden wir Ihnen sagen, das Element Preis, Versandkosten und Original-Box Geb\u00fchr und Gesamtbetrag. Sie k\u00f6nnen die Zahlung per Western Union \/ T\/T, oder Payoneer machen, werden wir verarbeiten und versenden Sie Ihre Bestellung so schnell wie m\u00f6glich nach Zahlung gemacht.<\/p>\n<p>&nbsp;<\/p>\n<p>4: Kann ich eine Bescheinigung erhalten?<\/p>\n<p>Ja, es gibt die zertifizierte, wenn Sie brauchen und Preis wird nicht die Geb\u00fchr enthalten. Der Diamant dort GIA-zertifiziert oder ohne es nur<\/p>\n<p>Lassen Sie es mich wissen, denn es gibt Preisunterschiede.<\/p>\n<p>&nbsp;<\/p>\n<p>5: Kann ich mein eigenes Logo f\u00fcr den Ring stempeln?<\/p>\n<p>Ja, in der Regel k\u00f6nnen wir das Logo f\u00fcr Sie kostenlos stempeln.<\/p>\n<p>&nbsp;<\/p>\n<p>6: Stellen Sie Schmuck f\u00fcr Privatkunden oder nur f\u00fcr Gro\u00dfh\u00e4ndler her?<br \/>\nEigentlich sind wir den gesamten Verkauf zu machen, die online zu verkaufen oder haben Sie Ihr eigenes Gesch\u00e4ft f\u00fcr Original-Designs, f\u00fcr die Marke Schmuck erlaubt den pers\u00f6nlichen K\u00e4ufer zu. Sie k\u00f6nnen feine Qualit\u00e4t Markenschmuck f\u00fcr Ihre Familie, Freunde und sich selbst zu Fabrikpreisen zu bestellen. Auch wird es gro\u00df sein, wenn Sie ein Schmuck Wiederverk\u00e4ufer sind. Wir bieten kostenlosen Versand und kostenlose Original-Marke-Boxen, wenn Sie viele Artikel jedes Mal bestellen k\u00f6nnen. Mehr Menge dann besten Preis.<\/p>\n<p style=\"padding: 0px;border: 0px\">\n&nbsp;<\/p><\/p>","protected":false},"excerpt":{"rendered":"<br \/>\n<table class=\"tables data\" width=\"100%\" border=\"0\" cellpadding=\"0\" cellspacing=\"0\">\n<tbody>\n<tr>\n<th width=\"35%\">Ort der Herkunft:<\/th>\n<td>China<\/td>\n<\/tr>\n<tr>\n<th width=\"35%\">Markenname:<\/th>\n<td>K-Gold-Schmuck<\/td>\n<\/tr>\n<tr>\n<th width=\"35%\">Zertifizierung:<\/th>\n<td>Schmuck-Zertifikat<\/td>\n<\/tr>\n<tr>\n<th width=\"35%\">Modellnummer:<\/th>\n<td>KD040R<\/td>\n<\/tr>\n<\/tbody>\n<\/table>\n<p>                                                                            <span class=\"title_s\">Zahlungs- und Versandbedingungen:<\/span>                            <\/p>\n<table class=\"tables data\" width=\"100%\" border=\"0\" cellpadding=\"0\" cellspacing=\"0\">\n<tbody>\n<tr>\n<th width=\"35%\" nowrap=\"nowrap\">Mindestbestellmenge:<\/th>\n<td>3<\/td>\n<\/tr>\n<tr>\n<th width=\"35%\" nowrap=\"nowrap\">Preis:<\/th>\n<td>Verhandlungsf\u00e4hig<\/td>\n<\/tr>\n<tr>\n<th width=\"35%\" nowrap=\"nowrap\">Einzelheiten zur Verpackung:<\/th>\n<td>Standard dicke PP Tasche, Marke wird mit Marke kommen Verpackung<\/td>\n<\/tr>\n<tr>\n<th width=\"35%\" nowrap=\"nowrap\">Lieferzeiten:<\/th>\n<td>5-15 Arbeitstage<\/td>\n<\/tr>\n<tr>\n<th width=\"35%\" nowrap=\"nowrap\">Zahlungsbedingungen:<\/th>\n<td>T\/T, Western Union<\/td>\n<\/tr>\n<tr>\n<th width=\"35%\" nowrap=\"nowrap\">Lieferf\u00e4higkeit:<\/th>\n<td>2000St\u00fcck\/Monat<\/td>\n<\/tr>\n<\/tbody>\n<\/table>","protected":false},"featured_media":2390,"comment_status":"closed","ping_status":"closed","template":"","meta":{"_gspb_post_css":""},"product_brand":[],"product_cat":[21],"product_tag":[],"class_list":{"0":"post-2394","1":"product","2":"type-product","3":"status-publish","4":"has-post-thumbnail","6":"product_cat-sea-life-jewelry","8":"first","9":"instock","10":"shipping-taxable","11":"product-type-simple"},"aioseo_notices":[],"_links":{"self":[{"href":"https:\/\/dearjewelry.ltd\/de\/wp-json\/wp\/v2\/product\/2394","targetHints":{"allow":["GET"]}}],"collection":[{"href":"https:\/\/dearjewelry.ltd\/de\/wp-json\/wp\/v2\/product"}],"about":[{"href":"https:\/\/dearjewelry.ltd\/de\/wp-json\/wp\/v2\/types\/product"}],"replies":[{"embeddable":true,"href":"https:\/\/dearjewelry.ltd\/de\/wp-json\/wp\/v2\/comments?post=2394"}],"wp:featuredmedia":[{"embeddable":true,"href":"https:\/\/dearjewelry.ltd\/de\/wp-json\/wp\/v2\/media\/2390"}],"wp:attachment":[{"href":"https:\/\/dearjewelry.ltd\/de\/wp-json\/wp\/v2\/media?parent=2394"}],"wp:term":[{"taxonomy":"product_brand","embeddable":true,"href":"https:\/\/dearjewelry.ltd\/de\/wp-json\/wp\/v2\/product_brand?post=2394"},{"taxonomy":"product_cat","embeddable":true,"href":"https:\/\/dearjewelry.ltd\/de\/wp-json\/wp\/v2\/product_cat?post=2394"},{"taxonomy":"product_tag","embeddable":true,"href":"https:\/\/dearjewelry.ltd\/de\/wp-json\/wp\/v2\/product_tag?post=2394"}],"curies":[{"name":"wp","href":"https:\/\/api.w.org\/{rel}","templated":true}]}}