{"id":1502,"date":"2025-07-13T04:41:20","date_gmt":"2025-07-13T04:41:20","guid":{"rendered":"https:\/\/dearjewelry.ltd\/product\/handmade-14k-yellow-gold-jewelry-natural-14k-yellow-gold-earrings-topaz-gemstone\/"},"modified":"2025-07-13T04:41:20","modified_gmt":"2025-07-13T04:41:20","slug":"handmade-14k-yellow-gold-jewelry-natural-14k-yellow-gold-earrings-topaz-gemstone","status":"publish","type":"product","link":"https:\/\/dearjewelry.ltd\/de\/produkt\/handmade-14k-yellow-gold-jewelry-natural-14k-yellow-gold-earrings-topaz-gemstone\/","title":{"rendered":"Handgemachter 14k Gelbgold Schmuck , Nat\u00fcrliche 14k Gelbgold Ohrringe Topas Edelstein"},"content":{"rendered":"<h2>Handgemachter 14k Gelbgold Schmuck , Nat\u00fcrliche 14k Gelbgold Ohrringe Topas Edelstein<\/h2>\n<p> Beschreibung<\/p>\n<table cellpadding=\"0\" cellspacing=\"0\" class=\"details_table\">\n<tbody>\n<tr>\n<th>Material:<\/th>\n<td>14K Gelbgold<\/td>\n<th>Schmuck Typ:<\/th>\n<td>Ear Wire Blue Topaz Earring<\/td>\n<\/tr>\n<tr class=\"bg_gray\">\n<th>Stein:<\/th>\n<td>Natural Blue Topaz<\/td>\n<th>Einstellung Typ:<\/th>\n<td>L\u00fcnettenfassung<\/td>\n<\/tr>\n<tr>\n<th>Stil:<\/th>\n<td>Minimalist<\/td>\n<th>Nat\u00fcrlich\/Labor-erschaffen:<\/th>\n<td>Nat\u00fcrlich\/Labor-erschaffen<\/td>\n<\/tr>\n<tr class=\"bg_gray\">\n<th>Location:<\/th>\n<td>Earlobe<\/td>\n<th>Closure:<\/th>\n<td>Ear Wire<\/td>\n<\/tr>\n<tr>\n<th colspan=\"1\">Helles Licht:<\/th>\n<td colspan=\"3\">\n<h2 style='font-weight: bold;font-size: 14px'>Topaz Gemstone 14k Yellow Gold Jewelry<\/h2>\n<p>, <\/p>\n<h2 style='font-weight: bold;font-size: 14px'>Topaz Gemstone 14k Yellow Gold Earrings<\/h2>\n<p>, <\/p>\n<h2 style='font-weight: bold;font-size: 14px'>Earlobe Minimalist 14K Yellow Gold Jewelry<\/h2>\n<\/td>\n<\/tr>\n<\/tbody>\n<\/table>\n<p><p><span style=\"font-size:16px\"><strong><span style=\"font-family:arial,helvetica,sans-serif\">Beschreibung des Produkts:<\/span><\/strong><\/span><\/p>\n<p>&nbsp;<\/p>\n<p><strong>14k Yellow Gold Jewelry 14k Yellow Gold Earrings Handmade Natural Blue Topaz Gemstone Jewelry<\/strong><\/p>\n<p>&nbsp;<\/p>\n<p><span style=\"font-size:16px\"><strong>Einzelheiten zum Produkt:&nbsp;<\/strong><\/span><\/p>\n<table border=\"1\" cellpadding=\"0\" cellspacing=\"0\" style=\"width: 668px\">\n<tbody>\n<tr>\n<td style=\"width: 182px\"><span style=\"font-size:16px\">Artikel Nr.<\/span><\/td>\n<td style=\"width: 478px\"><span style=\"font-size:16px\">K43736E<\/span><\/td>\n<\/tr>\n<tr>\n<td style=\"width: 182px\"><span style=\"font-size:16px\">Produktname<\/span><\/td>\n<td style=\"width: 478px\"><span style=\"font-size:16px\">14K Yellow Solid Gold Earring<\/span><\/td>\n<\/tr>\n<tr>\n<td style=\"width: 182px\"><span style=\"font-size:16px\">Stil<\/span><\/td>\n<td style=\"width: 478px\">Minimalist<span style=\"font-size:16px\"> Stil&nbsp;<\/span><\/td>\n<\/tr>\n<tr>\n<td style=\"width: 182px\"><span style=\"font-size:16px\">Material<\/span><\/td>\n<td style=\"width: 478px\"><span style=\"font-size:16px\">14K Gelbgold<\/span><\/td>\n<\/tr>\n<tr>\n<td style=\"width: 182px\"><span style=\"font-size:16px\">Einstellung Typ<\/span><\/td>\n<td style=\"width: 478px\"><span style=\"font-size:16px\">L\u00fcnettenfassung<\/span><\/td>\n<\/tr>\n<tr>\n<td style=\"width: 182px\"><span style=\"font-size:16px\">Geschlecht<\/span><\/td>\n<td style=\"width: 478px\"><span style=\"font-size:16px\">Frauen<\/span><\/td>\n<\/tr>\n<tr>\n<td style=\"width: 182px\"><span style=\"font-size:16px\">Diamant<\/span><\/td>\n<td style=\"width: 478px\"><span style=\"font-size:16px\">Natural Blue topaz<\/span><\/td>\n<\/tr>\n<tr>\n<td style=\"width: 182px\"><span style=\"font-size:16px\">Blue topaz Weight<\/span><\/td>\n<td style=\"width: 478px\"><span style=\"font-size:16px\">0.30ct<\/span><\/td>\n<\/tr>\n<\/tbody>\n<\/table>\n<p>&nbsp;<\/p>\n<p><span style=\"font-size:16px\"><strong><span style=\"font-family:arial,helvetica,sans-serif\"><span>Produkt anzeigen:<\/span><\/span><\/strong><\/span><\/p>\n<p><img decoding=\"async\" src=\"https:\/\/www.gold-jewellerys.com\/test\/gold-jewellerys.com\/photo\/pl117179132-remark.jpg\"><img decoding=\"async\" src=\"https:\/\/www.gold-jewellerys.com\/test\/gold-jewellerys.com\/photo\/pl117179131-remark.jpg\"><img decoding=\"async\" src=\"https:\/\/www.gold-jewellerys.com\/test\/gold-jewellerys.com\/photo\/pl117179130-remark.jpg\"><\/p>\n<p><span style=\"font-size:16px\"><strong>Angaben zur Produktion :<\/strong><\/span><\/p>\n<p><span style=\"font-size:16px\">&#8211;<\/span><span style=\", Arial, sans-serif;font-size: 16px\">Gemstone : Swiss blue topaz<\/span><br data-filtered=\"filtered\" style=\"margin: 0px;, Arial, sans-serif;font-size: 16px\" \/><br \/>\n<span style=\", Arial, sans-serif;font-size: 16px\">-Gemstone shape, size and weight:<\/span><br data-filtered=\"filtered\" style=\"margin: 0px;, Arial, sans-serif;font-size: 16px\" \/><br \/>\n<span style=\", Arial, sans-serif;font-size: 16px\">-Round &#8211; 3&#215;3 mm , 0.30 carats<\/span><br data-filtered=\"filtered\" style=\"margin: 0px;, Arial, sans-serif;font-size: 16px\" \/><br \/>\n<span style=\", Arial, sans-serif;font-size: 16px\">-oval &#8211; 8&#215;6 mm , 2.71 carats<\/span><br data-filtered=\"filtered\" style=\"margin: 0px;, Arial, sans-serif;font-size: 16px\" \/><br \/>\n<span style=\", Arial, sans-serif;font-size: 16px\">-total gem weight: 3.01 carat<\/span><br \/>\n&nbsp;<\/p>\n<p><span style=\", Arial, sans-serif;font-size: 16px\">Metal: GOLD<\/span><br data-filtered=\"filtered\" style=\"margin: 0px;, Arial, sans-serif;font-size: 16px\" \/><br \/>\n<span style=\", Arial, sans-serif;font-size: 16px\">Purity: 14K<\/span><br data-filtered=\"filtered\" style=\"margin: 0px;, Arial, sans-serif;font-size: 16px\" \/><br \/>\n<span style=\", Arial, sans-serif;font-size: 16px\">Gold Weight: 0.63 grams<\/span><br data-filtered=\"filtered\" style=\"margin: 0px;, Arial, sans-serif;font-size: 16px\" \/><br \/>\n<span style=\", Arial, sans-serif;font-size: 16px\">Total weight: 1.23 grams<\/span><\/p>\n<p>&nbsp;<\/p>\n<p><span style=\", Arial, sans-serif;font-size: 16px\">Natural blue topaz gemstones set in solid 14k yellow gold studs.<\/span><br data-filtered=\"filtered\" style=\"margin: 0px;, Arial, sans-serif;font-size: 16px\" \/><br \/>\n<span style=\", Arial, sans-serif;font-size: 16px\">The Gold purity is absolutely guaranteed and it comes with an authentic 14 kt gold hallmark.<\/span><br data-filtered=\"filtered\" style=\"margin: 0px;, Arial, sans-serif;font-size: 16px\" \/><br \/>\n<span style=\", Arial, sans-serif;font-size: 16px\">Since these earrings are handmade,<\/span><br data-filtered=\"filtered\" style=\"margin: 0px;, Arial, sans-serif;font-size: 16px\" \/><br \/>\n<span style=\", Arial, sans-serif;font-size: 16px\">Gemstone customization is available and the main gemstone can be substituted with a gem of your choice.<\/span><br data-filtered=\"filtered\" style=\"margin: 0px;, Arial, sans-serif;font-size: 16px\" \/><br \/>\n<span style=\", Arial, sans-serif;font-size: 16px\">Free handmade jewelry box with every purchase.<\/span><\/p>\n<p>&nbsp;<\/p>\n<p><span style=\"font-size:16px\"><strong>Warum uns w\u00e4hlen:<\/strong><\/span><\/p>\n<p>&nbsp;<\/p>\n<p><span style=\"font-size:16px\">1: K-Gold hat etwa 21 Jahre Erfahrung im Schmuckbereich und 17 Jahre Produktionserfahrung.<\/span><\/p>\n<p><span style=\"font-size:16px\">2: Auch unser professionelles F &amp; E-Team, um sicherzustellen, dass unsere Produkte st\u00e4ndig aktualisiert werden und vor der Industrie. So haben wir mehr als 3000 verschiedene Entw\u00fcrfe und mehr dann 46 Sammlungen k\u00f6nnen von verschiedenen Marktanforderung treffen.<\/span><\/p>\n<p><span style=\"font-size:16px\">3: Wir verf\u00fcgen \u00fcber ein leistungsf\u00e4higes Kundendienstteam, das den gesamten Verkaufsprozess im Auge beh\u00e4lt und Ihnen bei allen Fragen hilft, vom CAD-Entwurf bis zur Lieferung.<\/span><\/p>\n<p><span style=\"font-size:16px\">4: Das Ziel von K-gold ist es, den Kunden die richtigen Produkte zum richtigen Preis und zur richtigen Zeit zu liefern.<\/span><\/p>\n<p><span style=\"font-size:16px\">5: F\u00fcr kundenspezifische Artikel k\u00f6nnen Sie CAD am gleichen Tag oder am n\u00e4chsten Tag erhalten, um die Daten vor der Bestellung zu best\u00e4tigen.<\/span><\/p>\n<p>&nbsp;<\/p>\n<p><span style=\"font-size:16px\"><strong>K-Gold Werksdienst:<\/strong><\/span><\/p>\n<p><span style=\"font-size:16px\"><img decoding=\"async\" src=\"https:\/\/www.gold-jewellerys.com\/test\/gold-jewellerys.com\/photo\/pl36123473-remark.jpg\"><\/span><\/p>\n<p><span style=\"font-size:16px\"><img decoding=\"async\" alt=\"Handmade 14k Yellow Gold Jewelry , Natural 14k Yellow Gold Earrings Topaz Gemstone 4\" src=\"https:\/\/www.gold-jewellerys.com\/photo\/gold-jewellerys\/editor\/20211204102248_90778.png\"><\/span><\/p>\n<p><span style=\"font-size:16px\"><img decoding=\"async\" src=\"https:\/\/www.gold-jewellerys.com\/test\/gold-jewellerys.com\/photo\/pl36153529-remark.jpg\"><img decoding=\"async\" src=\"https:\/\/www.gold-jewellerys.com\/test\/gold-jewellerys.com\/photo\/pl36153528-remark.jpg\"><\/span><\/p>\n<p>&nbsp;<\/p>\n<p><span style=\"font-size:16px\"><strong>FAQ:<\/strong><\/span><\/p>\n<p><span style=\"font-size:16px\">1: Wie k\u00f6nnen wir den Preis erfahren?<\/span><\/p>\n<p><span style=\"font-size:16px\">Wir begr\u00fc\u00dfen Sie, um uns auf whatsapp zu kontaktieren. Schicken Sie uns einfach die Bilder der Elemente, die Sie wollen, dann werden wir Ihnen die Preise so schnell wie m\u00f6glich.<\/span><\/p>\n<p>&nbsp;<\/p>\n<p><span style=\"font-size:16px\">Ansprechpartnerin: Cherry Lee<br \/>\nWhatsApp: +86-18520267369 \/ Tell:+8618520267369<br \/>\nE-Mail:<br \/>\nWebsite:<\/span><\/p>\n<p>&nbsp;<\/p>\n<p><span style=\"font-size:16px\">2: K\u00f6nnen Sie mein Logo anpassen?<br \/>\nJa, nat\u00fcrlich k\u00f6nnen Sie das. Bitte senden Sie uns Ihr LOGO durch Fotos oder Datei, wir k\u00f6nnen es in der Regel f\u00fcr Sie kostenlos stempeln.<\/span><\/p>\n<p>&nbsp;<\/p>\n<p><span style=\"font-size:16px\">3: Vorlaufzeit?<\/span><\/p>\n<p><span style=\"font-size:16px\">1-2 Wochen f\u00fcr Probeauftrag, 2-4 Wochen f\u00fcr Gro\u00dfauftrag, k\u00f6nnen wir fr\u00fcher, wie Sie m\u00f6chten.<\/span><\/p>\n<p>&nbsp;<\/p>\n<p><span style=\"font-size:16px\">4: Kann ich ein Zertifikat erhalten?<\/span><\/p>\n<p><span style=\"font-size:16px\">Ja, es haben die bescheinigt, wenn Sie brauchen und Preis wird nicht die Geb\u00fchr enthalten. Der Diamant dort GIA bescheinigt oder ohne es lassen Sie mich wissen, weil es Preisunterschied.<\/span><\/p>\n<p>&nbsp;<\/p>\n<p><span style=\"font-size:16px\">5: Versandart?<\/span><\/p>\n<p><span style=\"font-size:16px\">Wir versenden in der Regel mit DHL\/Fedex\/EMS\/UPS und so weiter, die Versandzeit betr\u00e4gt etwa 2~7 Tage.<\/span><\/p>\n<p>&nbsp;<\/p>\n<p><span style=\"font-size:16px\">6: Sind Sie eine Fabrik, ein Gro\u00dfh\u00e4ndler oder eine Handelsgesellschaft? <\/span><\/p>\n<p><span style=\"font-size:16px\">Wir sind ein Schmuckhersteller mit \u00fcber 17 Jahren Erfahrung.<\/span><\/p>\n<p>&nbsp;<\/p>\n<p><span style=\"font-size: 16px\"><span style=\"font-family: arial, helvetica, sans-serif\">8: <\/span><\/span>Welche ist die beste Farbe bei Diamanten?<\/p>\n<p>Ein Diamant der Farbe D ist die h\u00f6chste Stufe und extrem selten - die h\u00f6chste Farbstufe, die man f\u00fcr Geld kaufen kann. Acht Prozent der Kunden entscheiden sich f\u00fcr einen Diamanten der Farbe D.<\/p><\/p>","protected":false},"excerpt":{"rendered":"<br \/>\n<table class=\"tables data\" width=\"100%\" border=\"0\" cellpadding=\"0\" cellspacing=\"0\">\n<tbody>\n<tr>\n<th width=\"35%\">Ort der Herkunft:<\/th>\n<td>China<\/td>\n<\/tr>\n<tr>\n<th width=\"35%\">Markenname:<\/th>\n<td>K-Gold-Schmuck<\/td>\n<\/tr>\n<tr>\n<th width=\"35%\">Zertifizierung:<\/th>\n<td>Schmuck-Zertifikat<\/td>\n<\/tr>\n<tr>\n<th width=\"35%\">Modellnummer:<\/th>\n<td>KD43736E<\/td>\n<\/tr>\n<\/tbody>\n<\/table>\n<p>                                                                            <span class=\"title_s\">Zahlungs- und Versandbedingungen:<\/span>                            <\/p>\n<table class=\"tables data\" width=\"100%\" border=\"0\" cellpadding=\"0\" cellspacing=\"0\">\n<tbody>\n<tr>\n<th width=\"35%\" nowrap=\"nowrap\">Mindestbestellmenge:<\/th>\n<td>3<\/td>\n<\/tr>\n<tr>\n<th width=\"35%\" nowrap=\"nowrap\">Preis:<\/th>\n<td>Verhandlungsf\u00e4hig<\/td>\n<\/tr>\n<tr>\n<th width=\"35%\" nowrap=\"nowrap\">Einzelheiten zur Verpackung:<\/th>\n<td>Standardm\u00e4\u00dfig dicker PP-Beutel<\/td>\n<\/tr>\n<tr>\n<th width=\"35%\" nowrap=\"nowrap\">Lieferzeiten:<\/th>\n<td>5-15 Arbeitstage<\/td>\n<\/tr>\n<tr>\n<th width=\"35%\" nowrap=\"nowrap\">Zahlungsbedingungen:<\/th>\n<td>T\/T, Western Union<\/td>\n<\/tr>\n<tr>\n<th width=\"35%\" nowrap=\"nowrap\">Lieferf\u00e4higkeit:<\/th>\n<td>2000St\u00fcck\/Monat<\/td>\n<\/tr>\n<\/tbody>\n<\/table>","protected":false},"featured_media":1497,"comment_status":"closed","ping_status":"closed","template":"","meta":{"_gspb_post_css":""},"product_brand":[],"product_cat":[16],"product_tag":[],"class_list":{"0":"post-1502","1":"product","2":"type-product","3":"status-publish","4":"has-post-thumbnail","6":"product_cat-solid-gold-jewellery","8":"first","9":"instock","10":"shipping-taxable","11":"product-type-simple"},"aioseo_notices":[],"_links":{"self":[{"href":"https:\/\/dearjewelry.ltd\/de\/wp-json\/wp\/v2\/product\/1502","targetHints":{"allow":["GET"]}}],"collection":[{"href":"https:\/\/dearjewelry.ltd\/de\/wp-json\/wp\/v2\/product"}],"about":[{"href":"https:\/\/dearjewelry.ltd\/de\/wp-json\/wp\/v2\/types\/product"}],"replies":[{"embeddable":true,"href":"https:\/\/dearjewelry.ltd\/de\/wp-json\/wp\/v2\/comments?post=1502"}],"wp:featuredmedia":[{"embeddable":true,"href":"https:\/\/dearjewelry.ltd\/de\/wp-json\/wp\/v2\/media\/1497"}],"wp:attachment":[{"href":"https:\/\/dearjewelry.ltd\/de\/wp-json\/wp\/v2\/media?parent=1502"}],"wp:term":[{"taxonomy":"product_brand","embeddable":true,"href":"https:\/\/dearjewelry.ltd\/de\/wp-json\/wp\/v2\/product_brand?post=1502"},{"taxonomy":"product_cat","embeddable":true,"href":"https:\/\/dearjewelry.ltd\/de\/wp-json\/wp\/v2\/product_cat?post=1502"},{"taxonomy":"product_tag","embeddable":true,"href":"https:\/\/dearjewelry.ltd\/de\/wp-json\/wp\/v2\/product_tag?post=1502"}],"curies":[{"name":"wp","href":"https:\/\/api.w.org\/{rel}","templated":true}]}}