{"id":1446,"date":"2025-07-13T04:40:56","date_gmt":"2025-07-13T04:40:56","guid":{"rendered":"https:\/\/dearjewelry.ltd\/product\/14k-yellow-gold-emerald-cut-solitaire-engagement-rings-0-11ct-2x4mm-stone-size\/"},"modified":"2025-07-13T04:40:56","modified_gmt":"2025-07-13T04:40:56","slug":"14k-yellow-gold-emerald-cut-solitaire-engagement-rings-0-11ct-2x4mm-stone-size","status":"publish","type":"product","link":"https:\/\/dearjewelry.ltd\/de\/produkt\/14k-yellow-gold-emerald-cut-solitaire-engagement-rings-0-11ct-2x4mm-stone-size\/","title":{"rendered":"14K Gelbgold Smaragdschliff Solit\u00e4r Verlobungsringe 0,11ct 2\u00d74mm Steingr\u00f6\u00dfe"},"content":{"rendered":"<h2>14K Gelbgold Smaragdschliff Solit\u00e4r Verlobungsringe 0,11ct 2\u00d74mm Steingr\u00f6\u00dfe<\/h2>\n<p> Beschreibung<\/p>\n<table cellpadding=\"0\" cellspacing=\"0\" class=\"details_table\">\n<tbody>\n<tr>\n<th>Material:<\/th>\n<td>14K Gelbgold<\/td>\n<th>Stein:<\/th>\n<td>Diamant<\/td>\n<\/tr>\n<tr class=\"bg_gray\">\n<th>Nat\u00fcrlich\/Labor-erschaffen:<\/th>\n<td>Nat\u00fcrlich<\/td>\n<th>Einstellung Typ:<\/th>\n<td>Kanaleinstellung<\/td>\n<\/tr>\n<tr>\n<th>Schnitt:<\/th>\n<td>Smaragdschliff<\/td>\n<th>Reinheitsgrad:<\/th>\n<td>VS1<\/td>\n<\/tr>\n<tr class=\"bg_gray\">\n<th>Farbe Grad:<\/th>\n<td>F-H<\/td>\n<th>Gewicht der Diamanten:<\/th>\n<td>0.11ct<\/td>\n<\/tr>\n<tr>\n<th>Geschlecht:<\/th>\n<td>Women&#8217;s And Men&#8217;s<\/td>\n<th>Stein Gr\u00f6\u00dfe:<\/th>\n<td>2*4mm<\/td>\n<\/tr>\n<tr class=\"bg_gray\">\n<th colspan=\"1\">Helles Licht:<\/th>\n<td colspan=\"3\">\n<h2 style='font-weight: bold;font-size: 14px'>4mm Emerald Cut Solitaire Engagement Rings<\/h2>\n<p>, <\/p>\n<h2 style='font-weight: bold;font-size: 14px'>0.11ct Emerald Cut Solitaire Engagement Rings<\/h2>\n<p>, <\/p>\n<h2 style='font-weight: bold;font-size: 14px'>2mm Solitaire Emerald Ring<\/h2>\n<\/td>\n<\/tr>\n<\/tbody>\n<\/table>\n<p><p><span style=\"font-size:16px\"><strong><span style=\"font-family:arial,helvetica,sans-serif\">Beschreibung des Produkts:<\/span><\/strong><\/span><\/p>\n<p>&nbsp;<\/p>\n<p><span style=\"font-size:16px\"><strong>Solitaire Emerald Cut Diamond Dainty Band Ring in 14K Yellow Gold Jewelry<\/strong><\/span><\/p>\n<p>&nbsp;<\/p>\n<p><span style=\"font-size:16px\"><strong>Einzelheiten zum Produkt:&nbsp;<\/strong><\/span><\/p>\n<table border=\"1\" cellpadding=\"0\" cellspacing=\"0\" style=\"width: 576px\">\n<tbody>\n<tr>\n<td style=\"width: 136px\"><span style=\"font-size:16px\">Artikel Nr.<\/span><\/td>\n<td style=\"width: 434px\">\n<p><span style=\"font-size:16px\">KD7580R<\/span><\/p>\n<\/td>\n<\/tr>\n<tr>\n<td style=\"width: 136px\"><span style=\"font-size:16px\">Produktname<\/span><\/td>\n<td style=\"width: 434px\"><span style=\"font-size:16px\">14K Gelbgold Ring<\/span><\/td>\n<\/tr>\n<tr>\n<td style=\"width: 136px\"><span style=\"font-size:16px\">Stil<\/span><\/td>\n<td style=\"width: 434px\"><span style=\"font-size:16px\">Ehering<\/span><\/td>\n<\/tr>\n<tr>\n<td style=\"width: 136px\"><span style=\"font-size:16px\">Material<\/span><\/td>\n<td style=\"width: 434px\"><span style=\"font-size:16px\">14K Gelbgold<\/span><\/td>\n<\/tr>\n<tr>\n<td style=\"width: 136px\"><span style=\"font-size:16px\">Schneiden<\/span><\/td>\n<td style=\"width: 434px\"><span style=\"font-size:16px\">Smaragdschliff<\/span><\/td>\n<\/tr>\n<tr>\n<td style=\"width: 136px\"><span style=\"font-size:16px\">Stein Gr\u00f6\u00dfe<\/span><\/td>\n<td style=\"width: 434px\"><span style=\"font-size: 16px\">2*4mm<\/span><\/td>\n<\/tr>\n<tr>\n<td style=\"width: 136px\"><span style=\"font-size:16px\">Diamant<\/span><\/td>\n<td style=\"width: 434px\"><span style=\"font-size:16px\">Nat\u00fcrlicher Didamond&nbsp;<\/span><\/td>\n<\/tr>\n<tr>\n<td style=\"width: 136px\"><span style=\"font-size:16px\">Klarheit und Farbe<\/span><\/td>\n<td style=\"width: 434px\"><span style=\"font-size:16px\">F-H VS1<\/span><\/td>\n<\/tr>\n<tr>\n<td style=\"width: 136px\"><span style=\"font-size:16px\">Einstellung<\/span><\/td>\n<td style=\"width: 434px\"><span style=\"font-size:16px\">Channel setting<\/span><\/td>\n<\/tr>\n<tr>\n<td style=\"width: 136px\"><span style=\"font-size:16px\">Diamant Gewicht<\/span><\/td>\n<td style=\"width: 434px\"><span style=\"font-size:16px\">0.11ct<\/span><\/td>\n<\/tr>\n<\/tbody>\n<\/table>\n<p>&nbsp;<\/p>\n<p><span style=\"font-size:16px\"><strong><span style=\"font-family:arial,helvetica,sans-serif\"><span>Produkt anzeigen:<\/span><\/span><\/strong><\/span><\/p>\n<p><span style=\"font-size:16px\"><img decoding=\"async\" src=\"https:\/\/www.gold-jewellerys.com\/test\/gold-jewellerys.com\/photo\/pl36796679-remark.jpg\"><\/span><\/p>\n<p><span style=\"font-size:16px\"><strong>Angaben zur Produktion :<\/strong><\/span><\/p>\n<p><span style=\"font-size:16px\">Diese feine Diamant zierliche Band Ring verf\u00fcgt \u00fcber eine GIA zertifiziert der Mitte Diamant.<\/span><\/p>\n<p><span style=\"font-size: 16px\">-100% Augensauber und keine sichtbaren Einschl\u00fcsse mit dem blo\u00dfen Auge.<\/span><\/p>\n<p><span style=\"font-size:16px\">-100% Nat\u00fcrlicher Diamant.<\/span><\/p>\n<p><span style=\"font-size:16px\">-100% Wei\u00df und funkelnd (voller Leben) .<\/span><\/p>\n<p><span style=\"font-size:16px\">-Unsere Steine sind \u00fcberhaupt nicht tr\u00fcb oder milchig.<\/span><\/p>\n<p>&nbsp;<\/p>\n<p><span style=\"font-size:16px\"><span style=\"font-family:arial,helvetica,sans-serif\">1: Karat Diamantring<\/span><\/span><\/p>\n<p><span style=\"font-size: 16px;font-family: arial, helvetica, sans-serif\">2: Diamant-Reinheit&nbsp;<\/span><span style=\"font-size: 16px\">Bewertung&nbsp;<\/span><span style=\"font-size: 16px;font-family: arial, helvetica, sans-serif\">: VS1<\/span><\/p>\n<p><span style=\"font-size:16px\"><span style=\"font-family:arial,helvetica,sans-serif\">3: Farbe des Diamanten <\/span>Bewertung <span style=\"font-family:arial,helvetica,sans-serif\">: G-H<\/span><\/span><\/p>\n<p><span style=\"font-size:16px\"><span style=\"font-family:arial,helvetica,sans-serif\">4: Diamond Cut: Emerald Cut<\/span><\/span><\/p>\n<p><span style=\"font-size:16px\"><span style=\"font-family:arial,helvetica,sans-serif\">5: Material: 14K Gelbgold&nbsp;<\/span><\/span><\/p>\n<p><span style=\"font-size:16px\"><span style=\"font-family:arial,helvetica,sans-serif\">6: Stone Shape:&nbsp;<\/span>Baguette<\/span><\/p>\n<p><span style=\"font-size:16px\"><span style=\"font-family: arial, helvetica, sans-serif\">7: All gemstone carat weights (ct.), if mentioned, are approximate; variance may be 0.05 carat.<\/span><\/span><\/p>\n<p><span style=\"font-size:16px\"><span style=\"font-family: arial, helvetica, sans-serif\">8: Die Fotos k\u00f6nnen vergr\u00f6\u00dfert und \/ oder verbessert worden sein.<\/span><\/span><\/p>\n<p>&nbsp;<\/p>\n<p><span style=\"font-size:16px\"><strong>Warum uns w\u00e4hlen:<\/strong><\/span><\/p>\n<p><span style=\"font-size:16px\">1: K-Gold hat etwa 21 Jahre Erfahrung im Schmuckbereich und 17 Jahre Produktionserfahrung.<\/span><\/p>\n<p><span style=\"font-size: 16px\">2: Das Ziel von K-gold ist es, den Kunden die richtigen Produkte zum richtigen Preis und zur richtigen Zeit zu liefern.<\/span><\/p>\n<p><span style=\"font-size:16px\">3: Also our the professional R &amp; D team to ensure that our products are constantly updated and ahead of the industry. So we have more than 3000 different designs and more then 46 collections can meet of different market request.<\/span><\/p>\n<p><span style=\"font-size:16px\">4: F\u00fcr kundenspezifische Artikel k\u00f6nnen Sie CAD am gleichen Tag oder am n\u00e4chsten Tag erhalten, um die Daten vor der Bestellung zu best\u00e4tigen.<\/span><\/p>\n<p><span style=\"font-size:16px\">5: Wir verf\u00fcgen \u00fcber ein leistungsf\u00e4higes Kundendienstteam, das den gesamten Verkaufsprozess im Auge beh\u00e4lt und Ihnen bei allen Fragen hilft, vom CAD-Entwurf bis zur Lieferung.<\/span><\/p>\n<p>&nbsp;<\/p>\n<p><span style=\"font-size:16px\"><strong>K-Gold Werksdienst:<\/strong><\/span><\/p>\n<p><span style=\"font-size:16px\"><img decoding=\"async\" src=\"https:\/\/www.gold-jewellerys.com\/test\/gold-jewellerys.com\/photo\/pl36123473-remark.jpg\"><\/span><\/p>\n<p><span style=\"font-size:16px\"><img decoding=\"async\" alt=\"14K Yellow Gold Emerald Cut Solitaire Engagement Rings 0.11ct 2&times;4mm Stone Size 2\" src=\"https:\/\/www.gold-jewellerys.com\/photo\/gold-jewellerys\/editor\/20211207154638_98801.jpg\"><\/span><\/p>\n<p>&nbsp;<\/p>\n<p><span style=\"font-size:16px\"><strong>FAQ:<\/strong><\/span><\/p>\n<p><span style=\"font-size:16px\">1: Wie k\u00f6nnen wir den Preis erfahren?<\/span><\/p>\n<p><span style=\"font-size:16px\">Wir begr\u00fc\u00dfen Sie, um uns auf whatsapp zu kontaktieren. Senden Sie uns einfach die Bilder der Elemente, die Sie wollen, dann werden wir Ihnen die Preise so bald wie m\u00f6glich.<\/span><\/p>\n<p>&nbsp;<\/p>\n<p><span style=\"font-size:16px\">Ansprechpartnerin: Cherry Lee<br \/>\nWhatsApp: +86-18520267369 \/ Tell:+8618520267369<br \/>\nE-Mail:<br \/>\nWebsite:<\/span><\/p>\n<p>&nbsp;<\/p>\n<p><span style=\"font-size:16px\">2: Was packen Sie ein?<\/span><\/p>\n<p><span style=\"font-size:16px\">Opp Tasche \/ Schmuckk\u00e4stchen als Ihre Anfrage.<\/span><\/p>\n<p>&nbsp;<\/p>\n<p><span style=\"font-size:16px\">3: K\u00f6nnen Sie mein Logo anpassen?<br \/>\nJa, nat\u00fcrlich k\u00f6nnen Sie das. Bitte senden Sie uns Ihr LOGO per Foto oder Datei, wir k\u00f6nnen es in der Regel kostenlos f\u00fcr Sie stempeln.<\/span><\/p>\n<p>&nbsp;<\/p>\n<p><span style=\"font-size:16px\">4: Vorlaufzeit?<\/span><\/p>\n<p><span style=\"font-size:16px\">1-2 Wochen f\u00fcr Musterbestellungen, 2-4 Wochen f\u00fcr Gro\u00dfbestellungen, wir k\u00f6nnen fr\u00fcher als Sie anfordern.<span style=\"font-family:arial,helvetica,sans-serif\">Plus 2-7 Tage Versandzeit Expressversand Methode auf der ganzen Welt.<\/span><\/span><\/p>\n<p>&nbsp;<\/p>\n<p><span style=\"font-size:16px\">5: Versandart?<\/span><\/p>\n<p><span style=\"font-size:16px\">Wir versenden in der Regel mit DHL\/Fedex\/EMS\/UPS und so weiter, die Versandzeit betr\u00e4gt etwa 2~7 Tage.<\/span><\/p>\n<p>&nbsp;<\/p>\n<p><span style=\"font-size:16px\"><span style=\"font-family:arial,helvetica,sans-serif\">6: <\/span>Ist es m\u00f6glich, einen zu kaufen?<span style=\"font-family:arial,helvetica,sans-serif\"> <\/span><\/span><\/p>\n<p><span style=\"font-size:16px\">F\u00fcr Goldschmuck ist es in Ordnung, und m\u00fcssen eine Form Geb\u00fchr hinzuzuf\u00fcgen, wenn 3pcs bestellen k\u00f6nnen, um Sie f\u00fcr die Kaution oder Balance zur\u00fcck.<\/span><\/p><\/p>","protected":false},"excerpt":{"rendered":"<br \/>\n<table class=\"tables data\" width=\"100%\" border=\"0\" cellpadding=\"0\" cellspacing=\"0\">\n<tbody>\n<tr>\n<th width=\"35%\">Ort der Herkunft:<\/th>\n<td>China<\/td>\n<\/tr>\n<tr>\n<th width=\"35%\">Markenname:<\/th>\n<td>K-Gold-Schmuck<\/td>\n<\/tr>\n<tr>\n<th width=\"35%\">Zertifizierung:<\/th>\n<td>Schmuck-Zertifikat<\/td>\n<\/tr>\n<tr>\n<th width=\"35%\">Modellnummer:<\/th>\n<td>KD7580R<\/td>\n<\/tr>\n<\/tbody>\n<\/table>\n<p>                                                                            <span class=\"title_s\">Zahlungs- und Versandbedingungen:<\/span>                            <\/p>\n<table class=\"tables data\" width=\"100%\" border=\"0\" cellpadding=\"0\" cellspacing=\"0\">\n<tbody>\n<tr>\n<th width=\"35%\" nowrap=\"nowrap\">Mindestbestellmenge:<\/th>\n<td>3<\/td>\n<\/tr>\n<tr>\n<th width=\"35%\" nowrap=\"nowrap\">Preis:<\/th>\n<td>Verhandlungsf\u00e4hig<\/td>\n<\/tr>\n<tr>\n<th width=\"35%\" nowrap=\"nowrap\">Einzelheiten zur Verpackung:<\/th>\n<td>Standardm\u00e4\u00dfig dicker PP-Beutel<\/td>\n<\/tr>\n<tr>\n<th width=\"35%\" nowrap=\"nowrap\">Lieferzeiten:<\/th>\n<td>5-15 Arbeitstage<\/td>\n<\/tr>\n<tr>\n<th width=\"35%\" nowrap=\"nowrap\">Zahlungsbedingungen:<\/th>\n<td>T\/T, Western Union<\/td>\n<\/tr>\n<tr>\n<th width=\"35%\" nowrap=\"nowrap\">Lieferf\u00e4higkeit:<\/th>\n<td>2000St\u00fcck\/Monat<\/td>\n<\/tr>\n<\/tbody>\n<\/table>","protected":false},"featured_media":1444,"comment_status":"closed","ping_status":"closed","template":"","meta":{"_gspb_post_css":""},"product_brand":[],"product_cat":[16],"product_tag":[],"class_list":{"0":"post-1446","1":"product","2":"type-product","3":"status-publish","4":"has-post-thumbnail","6":"product_cat-solid-gold-jewellery","8":"first","9":"instock","10":"shipping-taxable","11":"product-type-simple"},"aioseo_notices":[],"_links":{"self":[{"href":"https:\/\/dearjewelry.ltd\/de\/wp-json\/wp\/v2\/product\/1446","targetHints":{"allow":["GET"]}}],"collection":[{"href":"https:\/\/dearjewelry.ltd\/de\/wp-json\/wp\/v2\/product"}],"about":[{"href":"https:\/\/dearjewelry.ltd\/de\/wp-json\/wp\/v2\/types\/product"}],"replies":[{"embeddable":true,"href":"https:\/\/dearjewelry.ltd\/de\/wp-json\/wp\/v2\/comments?post=1446"}],"wp:featuredmedia":[{"embeddable":true,"href":"https:\/\/dearjewelry.ltd\/de\/wp-json\/wp\/v2\/media\/1444"}],"wp:attachment":[{"href":"https:\/\/dearjewelry.ltd\/de\/wp-json\/wp\/v2\/media?parent=1446"}],"wp:term":[{"taxonomy":"product_brand","embeddable":true,"href":"https:\/\/dearjewelry.ltd\/de\/wp-json\/wp\/v2\/product_brand?post=1446"},{"taxonomy":"product_cat","embeddable":true,"href":"https:\/\/dearjewelry.ltd\/de\/wp-json\/wp\/v2\/product_cat?post=1446"},{"taxonomy":"product_tag","embeddable":true,"href":"https:\/\/dearjewelry.ltd\/de\/wp-json\/wp\/v2\/product_tag?post=1446"}],"curies":[{"name":"wp","href":"https:\/\/api.w.org\/{rel}","templated":true}]}}