{"id":1438,"date":"2025-07-13T04:40:53","date_gmt":"2025-07-13T04:40:53","guid":{"rendered":"https:\/\/dearjewelry.ltd\/product\/tiny-0-10ct-14k-yellow-gold-jewelry-diamond-ring-for-wedding-1-5mm-2-5mm-band-size\/"},"modified":"2025-07-13T04:40:53","modified_gmt":"2025-07-13T04:40:53","slug":"tiny-0-10ct-14k-yellow-gold-jewelry-diamond-ring-for-wedding-1-5mm-2-5mm-band-size","status":"publish","type":"product","link":"https:\/\/dearjewelry.ltd\/de\/produkt\/tiny-0-10ct-14k-yellow-gold-jewelry-diamond-ring-for-wedding-1-5mm-2-5mm-band-size\/","title":{"rendered":"Winziger 0,10ct 14K Gelbgold Schmuck Diamantring f\u00fcr Hochzeit 1,5mm-2,5mm Bandgr\u00f6\u00dfe"},"content":{"rendered":"<h2>Winziger 0,10ct 14K Gelbgold Schmuck Diamantring f\u00fcr Hochzeit 1,5mm-2,5mm Bandgr\u00f6\u00dfe<\/h2>\n<p> Beschreibung<\/p>\n<table cellpadding=\"0\" cellspacing=\"0\" class=\"details_table\">\n<tbody>\n<tr>\n<th>Stein:<\/th>\n<td>Diamant<\/td>\n<th>Stein Gr\u00f6\u00dfe:<\/th>\n<td>1,3 mm<\/td>\n<\/tr>\n<tr class=\"bg_gray\">\n<th>Nat\u00fcrlich\/Labor-erschaffen:<\/th>\n<td>Nat\u00fcrlich<\/td>\n<th>Material:<\/th>\n<td>14K Gelbgold<\/td>\n<\/tr>\n<tr>\n<th>Bandgr\u00f6\u00dfe:<\/th>\n<td>1,5-2,5 mm<\/td>\n<th>Einstellung Typ:<\/th>\n<td>Fishtail-Einstellung<\/td>\n<\/tr>\n<tr class=\"bg_gray\">\n<th>Schnitt:<\/th>\n<td>Rundschnitt<\/td>\n<th>Reinheitsgrad:<\/th>\n<td>VS1<\/td>\n<\/tr>\n<tr>\n<th>Farbe Grad:<\/th>\n<td>G-H<\/td>\n<th>Gewicht der Diamanten:<\/th>\n<td>0,10ct<\/td>\n<\/tr>\n<tr class=\"bg_gray\">\n<th colspan=\"1\">Helles Licht:<\/th>\n<td colspan=\"3\">\n<h2 style='font-weight: bold;font-size: 14px'>0.10ct 14K Yellow Gold Jewelry<\/h2>\n<p>, <\/p>\n<h2 style='font-weight: bold;font-size: 14px'>1.5mm 14K Gelbgold-Schmuck<\/h2>\n<p>, <\/p>\n<h2 style='font-weight: bold;font-size: 14px'>2.5mm Yellow Gold Diamond Ring<\/h2>\n<\/td>\n<\/tr>\n<\/tbody>\n<\/table>\n<p><p><span style=\"font-size:16px\"><strong><span style=\"font-family:arial,helvetica,sans-serif\">Beschreibung des Produkts:<\/span><\/strong><\/span><\/p>\n<p>&nbsp;<\/p>\n<p><span style=\"font-size:16px\"><strong>14K Yellow Gold Jewelry Diamond Ring Tiny Gemstones Dainty Special Wedding Ring<\/strong><\/span><\/p>\n<p>&nbsp;<\/p>\n<p><span style=\"font-size:16px\"><strong>Einzelheiten zum Produkt:&nbsp;<\/strong><\/span><\/p>\n<table border=\"1\" cellpadding=\"0\" cellspacing=\"0\" style=\"width: 576px\">\n<tbody>\n<tr>\n<td style=\"width: 136px\"><span style=\"font-size:16px\">Artikel Nr.<\/span><\/td>\n<td style=\"width: 434px\">\n<p><span style=\"font-size:16px\">KD7591R<\/span><\/p>\n<\/td>\n<\/tr>\n<tr>\n<td style=\"width: 136px\"><span style=\"font-size:16px\">Produktname<\/span><\/td>\n<td style=\"width: 434px\"><span style=\"font-size:16px\">14K Gelbgold Ring<\/span><\/td>\n<\/tr>\n<tr>\n<td style=\"width: 136px\"><span style=\"font-size:16px\">Stein<\/span><\/td>\n<td style=\"width: 434px\"><span style=\"font-size:16px\">Nat\u00fcrlicher Didamond <\/span><\/td>\n<\/tr>\n<tr>\n<td style=\"width: 136px\"><span style=\"font-size:16px\">Material<\/span><\/td>\n<td style=\"width: 434px\"><span style=\"font-size:16px\">14K Gold<\/span><\/td>\n<\/tr>\n<tr>\n<td style=\"width: 136px\"><span style=\"font-size:16px\">Schneiden<\/span><\/td>\n<td style=\"width: 434px\"><span style=\"font-size:16px\">Rundschnitt<\/span><\/td>\n<\/tr>\n<tr>\n<td style=\"width: 136px\"><span style=\"font-size:16px\">Stein Gr\u00f6\u00dfe<\/span><\/td>\n<td style=\"width: 434px\">\n<p><span style=\"font-size:16px\">1,3 mm<\/span><\/p>\n<\/td>\n<\/tr>\n<tr>\n<td style=\"width: 136px\"><span style=\"font-size:16px\">Stil<\/span><\/td>\n<td style=\"width: 434px\"><span style=\"font-size:16px\">Ehering<\/span><\/td>\n<\/tr>\n<tr>\n<td style=\"width: 136px\"><span style=\"font-size:16px\">Klarheit und Farbe<\/span><\/td>\n<td style=\"width: 434px\"><span style=\"font-size:16px\">F-H VS1<\/span><\/td>\n<\/tr>\n<tr>\n<td style=\"width: 136px\"><span style=\"font-size:16px\">Einstellung<\/span><\/td>\n<td style=\"width: 434px\"><span style=\"font-size:16px\">Einstellung Fischschwanz<\/span><\/td>\n<\/tr>\n<tr>\n<td style=\"width: 136px\"><span style=\"font-size:16px\">Diamant Gewicht<\/span><\/td>\n<td style=\"width: 434px\"><span style=\"font-size:16px\">0,10ct<\/span><\/td>\n<\/tr>\n<\/tbody>\n<\/table>\n<p>&nbsp;<\/p>\n<p><span style=\"font-size:16px\"><strong><span style=\"font-family:arial,helvetica,sans-serif\"><span>Produkt anzeigen:<\/span><\/span><\/strong><\/span><\/p>\n<p><span style=\"font-size:16px\"><img decoding=\"async\" src=\"https:\/\/www.gold-jewellerys.com\/test\/gold-jewellerys.com\/photo\/pl36927648-remark.jpg\"><\/span><\/p>\n<p><span style=\"font-size:16px\"><strong>Angaben zur Produktion :<\/strong><\/span><\/p>\n<p><span style=\"font-size:16px\">Diese feine Diamant zierliche Band Ring verf\u00fcgt \u00fcber eine GIA zertifiziert der Mitte Diamant.<\/span><\/p>\n<p><span style=\"font-size:16px\">-100% Augensauber und keine sichtbaren Einschl\u00fcsse mit dem blo\u00dfen Auge.<\/span><\/p>\n<p><span style=\"font-size:16px\">-100% Nat\u00fcrlicher Diamant.<\/span><\/p>\n<p><span style=\"font-size:16px\">-100% Wei\u00df und funkelnd (voller Leben) .<\/span><\/p>\n<p><span style=\"font-size:16px\">-Unsere Steine sind \u00fcberhaupt nicht tr\u00fcb oder milchig.<\/span><\/p>\n<p>&nbsp;<\/p>\n<p><span style=\"font-size:16px\"><span style=\"font-family:arial,helvetica,sans-serif\">1: Karat Diamantring<\/span><\/span><\/p>\n<p><span style=\"font-size:16px\"><span style=\"font-family: arial, helvetica, sans-serif\">2: Diamant-Reinheit&nbsp;<\/span>Bewertung&nbsp;<span style=\"font-family: arial, helvetica, sans-serif\">: VS1<\/span><\/span><\/p>\n<p><span style=\"font-size:16px\"><span style=\"font-family:arial,helvetica,sans-serif\">3: Farbe des Diamanten <\/span>Bewertung <span style=\"font-family:arial,helvetica,sans-serif\">: G-H<\/span><\/span><\/p>\n<p><span style=\"font-size:16px\"><span style=\"font-family:arial,helvetica,sans-serif\">4: Diamantschliff: Rundschliff<\/span><\/span><\/p>\n<p><span style=\"font-size:16px\"><span style=\"font-family:arial,helvetica,sans-serif\">5: Material: 14K Gold&nbsp;<\/span><\/span><\/p>\n<p><span style=\"font-size:16px\"><span style=\"font-family: arial, helvetica, sans-serif\">6: Alle Edelstein-Karat-Gewichte (ct.), falls angegeben, sind ungef\u00e4hre Angaben; die Abweichung kann 0,05 Karat betragen.<\/span><\/span><\/p>\n<p><span style=\"font-size:16px\"><span style=\"font-family: arial, helvetica, sans-serif\">7: Die Fotos k\u00f6nnen vergr\u00f6\u00dfert und \/ oder verbessert worden sein.<\/span><\/span><\/p>\n<p>&nbsp;<\/p>\n<p><span style=\"font-size:16px\"><strong>Warum uns w\u00e4hlen:<\/strong><\/span><\/p>\n<p><span style=\"font-size:16px\">1: K-Gold hat etwa 21 Jahre Erfahrung im Schmuckbereich und 17 Jahre Produktionserfahrung.<\/span><\/p>\n<p><span style=\"font-size:16px\">2: Das Ziel von K-gold ist es, den Kunden die richtigen Produkte zum richtigen Preis und zur richtigen Zeit zu liefern.<\/span><\/p>\n<p><span style=\"font-size:16px\">3: F\u00fcr kundenspezifische Artikel k\u00f6nnen Sie CAD am gleichen Tag oder am n\u00e4chsten Tag erhalten, um die Daten vor der Bestellung zu best\u00e4tigen.<\/span><\/p>\n<p><span style=\"font-size:16px\">4: Auch unser professionelles F &amp; E-Team, um sicherzustellen, dass unsere Produkte st\u00e4ndig aktualisiert werden und vor der Industrie. So haben wir mehr als 3000 verschiedene Designs und mehr als 46 Kollektionen k\u00f6nnen von verschiedenen Marktanforderungen erf\u00fcllen.<\/span><\/p>\n<p><span style=\"font-size:16px\">5: Wir verf\u00fcgen \u00fcber ein leistungsf\u00e4higes Kundendienstteam, das den gesamten Verkaufsprozess im Auge beh\u00e4lt und Ihnen bei allen Fragen hilft, vom CAD-Entwurf bis zur Lieferung.<\/span><\/p>\n<p>&nbsp;<\/p>\n<p><span style=\"font-size:16px\"><strong>K-Gold Werksdienst:<\/strong><\/span><\/p>\n<p><span style=\"font-size:16px\"><img decoding=\"async\" alt=\"Tiny 0.10ct 14K Yellow Gold Jewelry Diamond Ring for Wedding 1.5mm-2.5mm Band Size 1\" src=\"https:\/\/www.gold-jewellerys.com\/photo\/gold-jewellerys\/editor\/20211215173926_90293.jpg\"><img decoding=\"async\" alt=\"Tiny 0.10ct 14K Yellow Gold Jewelry Diamond Ring for Wedding 1.5mm-2.5mm Band Size 2\" src=\"https:\/\/www.gold-jewellerys.com\/photo\/gold-jewellerys\/editor\/20211215173940_50712.jpg\"><\/span><\/p>\n<p>&nbsp;<\/p>\n<p><span style=\"font-size:16px\"><strong>FAQ:<\/strong><\/span><\/p>\n<p><span style=\"font-size:16px\">1: Wie k\u00f6nnen wir den Preis erfahren?<\/span><\/p>\n<p><span style=\"font-size:16px\">Wir begr\u00fc\u00dfen Sie, um uns auf whatsapp zu kontaktieren. Senden Sie uns einfach die Bilder der Elemente, die Sie wollen, dann werden wir Ihnen die Preise so bald wie m\u00f6glich.<\/span><\/p>\n<p>&nbsp;<\/p>\n<p><span style=\"font-size:16px\">Ansprechpartnerin: Cherry Lee<br \/>\nWhatsApp: +86-18520267369 \/ Tell:+8618520267369<br \/>\nE-Mail:<br \/>\nWebsite:<\/span><\/p>\n<p>&nbsp;<\/p>\n<p><span style=\"font-size:16px\">2: Was sind Ihre Zahlungsm\u00f6glichkeiten?<\/span><\/p>\n<p><span style=\"font-size:16px\">Sie k\u00f6nnen die Zahlung per Paypal, Western Union, MoneyGram, T\/T machen.<\/span><\/p>\n<p>&nbsp;<\/p>\n<p><span style=\"font-size:16px\">3: Was sind die verschiedenen Schliffe von Diamanten?<\/span><\/p>\n<p><span style=\"font-size:16px\">Runder Brillantschliff; Prinzessinnenschliff; Kissenschliff; Ovalschliff; Smaragdschliff; Birnenschliff; Strahlenschliff; Marquise; Herzschliff usw.<\/span><\/p>\n<p>&nbsp;<\/p>\n<p><span style=\"font-size:16px\">4: Wie pflegt man 14-kar\u00e4tigen Goldschmuck?<\/span><\/p>\n<p><span style=\"font-size:16px\">Bitte vermeiden Sie den Umgang mit scharfen Chemikalien (wie Chlor oder Bleichmittel), nehmen Sie Ihre Ringe bei stark belastenden Sportarten oder Aktivit\u00e4ten ab, und lassen Sie Ihren Ring einmal im Jahr professionell reinigen.<\/span><\/p>\n<p>&nbsp;<\/p>\n<p><span style=\"font-size:16px\">5: Sind Sie eine Fabrik, ein Gro\u00dfh\u00e4ndler oder eine Handelsgesellschaft?<\/span><\/p>\n<p><span style=\"font-size:16px\">Wir versenden in der Regel mit DHL\/Fedex\/EMS\/UPS und so weiter, die Versandzeit betr\u00e4gt etwa 2~7 Tage.<\/span><\/p>\n<p>&nbsp;<\/p>\n<p><span style=\"font-size:16px\"><span style=\"font-family:arial,helvetica,sans-serif\">6: <\/span>Bieten Sie individuellen Schmuck an? Kann ich ein Schmuckst\u00fcck individuell gestalten?<span style=\"font-family:arial,helvetica,sans-serif\"> <\/span><\/span><\/p>\n<p><span style=\"font-size:16px\">Ja, Sie k\u00f6nnen uns Ihr Design schicken und wir fertigen es f\u00fcr Sie an (zus\u00e4tzliche Geb\u00fchren k\u00f6nnen anfallen). Alle unsere Entw\u00fcrfe k\u00f6nnen aus jedem Metall, jeder Gr\u00f6\u00dfe, jedem Karatgewicht und jedem Stein, den Sie ben\u00f6tigen, angefertigt werden.<\/span><\/p><\/p>","protected":false},"excerpt":{"rendered":"<br \/>\n<table class=\"tables data\" width=\"100%\" border=\"0\" cellpadding=\"0\" cellspacing=\"0\">\n<tbody>\n<tr>\n<th width=\"35%\">Ort der Herkunft:<\/th>\n<td>China<\/td>\n<\/tr>\n<tr>\n<th width=\"35%\">Markenname:<\/th>\n<td>K-Gold-Schmuck<\/td>\n<\/tr>\n<tr>\n<th width=\"35%\">Zertifizierung:<\/th>\n<td>Schmuck-Zertifikat<\/td>\n<\/tr>\n<tr>\n<th width=\"35%\">Modellnummer:<\/th>\n<td>KD7591R<\/td>\n<\/tr>\n<\/tbody>\n<\/table>\n<p>                                                                            <span class=\"title_s\">Zahlungs- und Versandbedingungen:<\/span>                            <\/p>\n<table class=\"tables data\" width=\"100%\" border=\"0\" cellpadding=\"0\" cellspacing=\"0\">\n<tbody>\n<tr>\n<th width=\"35%\" nowrap=\"nowrap\">Mindestbestellmenge:<\/th>\n<td>3<\/td>\n<\/tr>\n<tr>\n<th width=\"35%\" nowrap=\"nowrap\">Preis:<\/th>\n<td>Verhandlungsf\u00e4hig<\/td>\n<\/tr>\n<tr>\n<th width=\"35%\" nowrap=\"nowrap\">Einzelheiten zur Verpackung:<\/th>\n<td>Standardm\u00e4\u00dfig dicker PP-Beutel<\/td>\n<\/tr>\n<tr>\n<th width=\"35%\" nowrap=\"nowrap\">Lieferzeiten:<\/th>\n<td>5-15 Arbeitstage<\/td>\n<\/tr>\n<tr>\n<th width=\"35%\" nowrap=\"nowrap\">Zahlungsbedingungen:<\/th>\n<td>T\/T, Western Union<\/td>\n<\/tr>\n<tr>\n<th width=\"35%\" nowrap=\"nowrap\">Lieferf\u00e4higkeit:<\/th>\n<td>2000St\u00fcck\/Monat<\/td>\n<\/tr>\n<\/tbody>\n<\/table>","protected":false},"featured_media":1437,"comment_status":"closed","ping_status":"closed","template":"","meta":{"_gspb_post_css":""},"product_brand":[],"product_cat":[16],"product_tag":[],"class_list":{"0":"post-1438","1":"product","2":"type-product","3":"status-publish","4":"has-post-thumbnail","6":"product_cat-solid-gold-jewellery","8":"first","9":"instock","10":"shipping-taxable","11":"product-type-simple"},"aioseo_notices":[],"_links":{"self":[{"href":"https:\/\/dearjewelry.ltd\/de\/wp-json\/wp\/v2\/product\/1438","targetHints":{"allow":["GET"]}}],"collection":[{"href":"https:\/\/dearjewelry.ltd\/de\/wp-json\/wp\/v2\/product"}],"about":[{"href":"https:\/\/dearjewelry.ltd\/de\/wp-json\/wp\/v2\/types\/product"}],"replies":[{"embeddable":true,"href":"https:\/\/dearjewelry.ltd\/de\/wp-json\/wp\/v2\/comments?post=1438"}],"wp:featuredmedia":[{"embeddable":true,"href":"https:\/\/dearjewelry.ltd\/de\/wp-json\/wp\/v2\/media\/1437"}],"wp:attachment":[{"href":"https:\/\/dearjewelry.ltd\/de\/wp-json\/wp\/v2\/media?parent=1438"}],"wp:term":[{"taxonomy":"product_brand","embeddable":true,"href":"https:\/\/dearjewelry.ltd\/de\/wp-json\/wp\/v2\/product_brand?post=1438"},{"taxonomy":"product_cat","embeddable":true,"href":"https:\/\/dearjewelry.ltd\/de\/wp-json\/wp\/v2\/product_cat?post=1438"},{"taxonomy":"product_tag","embeddable":true,"href":"https:\/\/dearjewelry.ltd\/de\/wp-json\/wp\/v2\/product_tag?post=1438"}],"curies":[{"name":"wp","href":"https:\/\/api.w.org\/{rel}","templated":true}]}}