{"id":1427,"date":"2025-07-13T04:40:48","date_gmt":"2025-07-13T04:40:48","guid":{"rendered":"https:\/\/dearjewelry.ltd\/product\/8pcs-tiny-natural-stone-engagement-rings-1-5mm-2mm-stone-size\/"},"modified":"2025-07-13T04:40:48","modified_gmt":"2025-07-13T04:40:48","slug":"8pcs-tiny-natural-stone-engagement-rings-1-5mm-2mm-stone-size","status":"publish","type":"product","link":"https:\/\/dearjewelry.ltd\/de\/produkt\/8pcs-tiny-natural-stone-engagement-rings-1-5mm-2mm-stone-size\/","title":{"rendered":"8pcs winzigen nat\u00fcrlichen Stein Verlobungsringe 1,5 mm-2 mm Stein Gr\u00f6\u00dfe"},"content":{"rendered":"<h2>8pcs winzigen nat\u00fcrlichen Stein Verlobungsringe 1,5 mm-2 mm Stein Gr\u00f6\u00dfe<\/h2>\n<p> Beschreibung<\/p>\n<table cellpadding=\"0\" cellspacing=\"0\" class=\"details_table\">\n<tbody>\n<tr>\n<th>Material:<\/th>\n<td>14K Gelbgold<\/td>\n<th>Nat\u00fcrlich\/Labor-erschaffen:<\/th>\n<td>Natural Stones<\/td>\n<\/tr>\n<tr class=\"bg_gray\">\n<th>Einstellung Typ:<\/th>\n<td>Kanaleinstellung<\/td>\n<th>Bandgr\u00f6\u00dfe:<\/th>\n<td>2.0mm-2.3mm<\/td>\n<\/tr>\n<tr>\n<th>Stein:<\/th>\n<td>Diamond\/8PCS<\/td>\n<th>Stil:<\/th>\n<td>Band Ring<\/td>\n<\/tr>\n<tr class=\"bg_gray\">\n<th>Stein Gr\u00f6\u00dfe:<\/th>\n<td>1.5mm-2mm<\/td>\n<th>Clarity And Color Grade:<\/th>\n<td>VS1\/G-H<\/td>\n<\/tr>\n<tr>\n<th>Gewicht der Diamanten:<\/th>\n<td>0.12ct<\/td>\n<\/tr>\n<tr class=\"bg_gray\">\n<th colspan=\"1\">Helles Licht:<\/th>\n<td colspan=\"3\">\n<h2 style='font-weight: bold;font-size: 14px'>8pcs Natural Stone Engagement Rings<\/h2>\n<p>, <\/p>\n<h2 style='font-weight: bold;font-size: 14px'>Natural Stone Engagement Rings 2mm<\/h2>\n<p>, <\/p>\n<h2 style='font-weight: bold;font-size: 14px'>1.5mm Natural Stone Rings<\/h2>\n<\/td>\n<\/tr>\n<\/tbody>\n<\/table>\n<p><p><span style=\"font-size:16px\"><strong><span style=\"font-family:arial,helvetica,sans-serif\">Beschreibung des Produkts:<\/span><\/strong><\/span><\/p>\n<p>&nbsp;<\/p>\n<p><span style=\"font-size:16px\"><strong>8pcs Tiny Natural Diamond Band Ring in 14K Yellow Gold Jewelry<\/strong><\/span><\/p>\n<p>&nbsp;<\/p>\n<p><span style=\"font-size:16px\"><strong>Einzelheiten zum Produkt:&nbsp;<\/strong><\/span><\/p>\n<table border=\"1\" cellpadding=\"0\" cellspacing=\"0\" style=\"width: 576px\">\n<tbody>\n<tr>\n<td style=\"width: 136px\"><span style=\"font-size:16px\">Artikel Nr.<\/span><\/td>\n<td style=\"width: 434px\">\n<p><span style=\"font-size:16px\">KD7599R<\/span><\/p>\n<\/td>\n<\/tr>\n<tr>\n<td style=\"width: 136px\"><span style=\"font-size:16px\">Produktname<\/span><\/td>\n<td style=\"width: 434px\"><span style=\"font-size:16px\">14K Gold Ring<\/span><\/td>\n<\/tr>\n<tr>\n<td style=\"width: 136px\"><span style=\"font-size:16px\">Stein<\/span><\/td>\n<td style=\"width: 434px\"><span style=\"font-size:16px\">Nat\u00fcrlicher Didamond <\/span><\/td>\n<\/tr>\n<tr>\n<td style=\"width: 136px\"><span style=\"font-size:16px\">Material<\/span><\/td>\n<td style=\"width: 434px\"><span style=\"font-size:16px\">14K Massiv Gold<\/span><\/td>\n<\/tr>\n<tr>\n<td style=\"width: 136px\"><span style=\"font-size:16px\">Schneiden<\/span><\/td>\n<td style=\"width: 434px\"><span style=\"font-size:16px\">Rundschnitt<\/span><\/td>\n<\/tr>\n<tr>\n<td style=\"width: 136px\"><span style=\"font-size:16px\">Stein Gr\u00f6\u00dfe<\/span><\/td>\n<td style=\"width: 434px\">\n<p><span style=\"font-size:16px\">1.5mm-2mm<\/span><\/p>\n<\/td>\n<\/tr>\n<tr>\n<td style=\"width: 136px\"><span style=\"font-size:16px\">Stil<\/span><\/td>\n<td style=\"width: 434px\"><span style=\"font-size:16px\">Band Ring<\/span><\/td>\n<\/tr>\n<tr>\n<td style=\"width: 136px\"><span style=\"font-size:16px\">Clarity<\/span><\/td>\n<td style=\"width: 434px\"><span style=\"font-size:16px\">VS1<\/span><\/td>\n<\/tr>\n<tr>\n<td style=\"width: 136px\"><span style=\"font-size:16px\">Band Size<\/span><\/td>\n<td style=\"width: 434px\"><span style=\"font-size:16px\">2mm-2.3mm<\/span><\/td>\n<\/tr>\n<tr>\n<td style=\"width: 136px\"><span style=\"font-size:16px\">Diamant Gewicht<\/span><\/td>\n<td style=\"width: 434px\"><span style=\"font-size:16px\">0.12ct(0.015ct\/pcs)<\/span><\/td>\n<\/tr>\n<\/tbody>\n<\/table>\n<p>&nbsp;<\/p>\n<p><span style=\"font-size:16px\"><strong><span style=\"font-family:arial,helvetica,sans-serif\"><span>Produkt anzeigen:<\/span><\/span><\/strong><\/span><\/p>\n<p><span style=\"font-size:16px\"><img decoding=\"async\" src=\"https:\/\/www.gold-jewellerys.com\/test\/gold-jewellerys.com\/photo\/pl36958025-remark.jpg\"><\/span><\/p>\n<p><span style=\"font-size:16px\"><strong>Angaben zur Produktion :<\/strong><\/span><\/p>\n<p><span style=\"font-size:16px\">This exquisite jewellery diamond exquisite ring is set with a GIA-certified center diamond.<\/span><\/p>\n<p><span style=\"font-size:16px\">-100% Augensauber und keine sichtbaren Einschl\u00fcsse mit dem blo\u00dfen Auge.<\/span><\/p>\n<p><span style=\"font-size:16px\">-100% Real Diamond.<\/span><\/p>\n<p><span style=\"font-size:16px\">-100% Wei\u00df und funkelnd (voller Leben) .<\/span><\/p>\n<p><span style=\"font-size:16px\">-Unsere Steine sind \u00fcberhaupt nicht tr\u00fcb oder milchig.<\/span><\/p>\n<p>&nbsp;<\/p>\n<p><span style=\"font-size:16px\"><span style=\"font-family:arial,helvetica,sans-serif\">1: Karat Diamantring<\/span><\/span><\/p>\n<p><span style=\"font-size:16px\"><span style=\"font-family:arial,helvetica,sans-serif\">2: Diamond Weight : 0.02ct\/pcs<\/span><\/span><\/p>\n<p><span style=\"font-size:16px\"><span style=\"font-family: arial, helvetica, sans-serif\">3: Diamond Clarity and Color&nbsp;<\/span>Bewertung&nbsp;<span style=\"font-family: arial, helvetica, sans-serif\">: VS1 \/&nbsp;G-H<\/span><\/span><\/p>\n<p><span style=\"font-size:16px\"><span style=\"font-family:arial,helvetica,sans-serif\">4: Diamond Cut: Round&nbsp;Brilliant Cut<\/span><\/span><\/p>\n<p><span style=\"font-size:16px\"><span style=\"font-family:arial,helvetica,sans-serif\">5: Material :&nbsp;14K Solid Gold&nbsp;<\/span><\/span><\/p>\n<p><span style=\"font-size:16px\"><span style=\"font-family: arial, helvetica, sans-serif\">6: <\/span>If mentioned, all gemstone carat weights (ct.) are approximate; the difference may be 0.05 carats.<\/span><\/p>\n<p><span style=\"font-size:16px\"><span style=\"font-family: arial, helvetica, sans-serif\">7: Die Fotos k\u00f6nnen vergr\u00f6\u00dfert und \/ oder verbessert worden sein.<\/span><\/span><\/p>\n<p>&nbsp;<\/p>\n<p><span style=\"font-size:16px\"><strong>Warum uns w\u00e4hlen:<\/strong><\/span><\/p>\n<p><span style=\"font-size:16px\">1: K-Gold&nbsp;have about 21 years experience on jewelry area and 17 years produc&nbsp;experience .<\/span><\/p>\n<p><span style=\"font-size:16px\">2: K-gold&#039;s goal is to provide customers with the right products at the right price and deliver them in time.<\/span><\/p>\n<p><span style=\"font-size:16px\">3: For customize items you can get CAD same day or next day to confirm&nbsp;the data before order start production.<\/span><\/p>\n<p><span style=\"font-size:16px\">4: We have a powerful customer service team that keeps an eye on the entire sales process,help you any questions,from design CAD to deliver.<\/span><\/p>\n<p><span style=\"font-size:16px\">5: Also our the professional R &amp; D team to ensure that our products are constantly updated and ahead of the industry. So we have more than 3000 different designs and more then 46 collections can meet of different market requests.<\/span><\/p>\n<p>&nbsp;<\/p>\n<p><span style=\"font-size:16px\"><strong>K-Gold Werksdienst:<\/strong><\/span><\/p>\n<p><span style=\"font-size:16px\"><img decoding=\"async\" alt=\"8pcs Tiny Natural Stone Engagement Rings 1.5mm-2mm Stone Size 1\" src=\"https:\/\/www.gold-jewellerys.com\/photo\/gold-jewellerys\/editor\/20211217153334_45360.png\"><img decoding=\"async\" alt=\"8pcs Tiny Natural Stone Engagement Rings 1.5mm-2mm Stone Size 2\" src=\"https:\/\/www.gold-jewellerys.com\/photo\/gold-jewellerys\/editor\/20211217153348_63578.jpg\"><\/span><\/p>\n<p>&nbsp;<\/p>\n<p><span style=\"font-size:16px\"><strong>FAQ:<\/strong><\/span><\/p>\n<p><span style=\"font-size:16px\">1: Wie k\u00f6nnen wir den Preis erfahren?<\/span><\/p>\n<p><span style=\"font-size:16px\">We welcome you to contact us on whatsapp . Just send us the pictures of the items do you want then we will tell you the prices as soon as possible.<\/span><\/p>\n<p>&nbsp;<\/p>\n<p><span style=\"font-size:16px\">Ansprechpartnerin: Cherry Lee<br \/>\nWhatsApp: +86-18520267369 \/ Tell:+8618520267369<br \/>\nE-Mail:<br \/>\nWebsite:<\/span><\/p>\n<p>&nbsp;<\/p>\n<p><span style=\"font-size:16px\">2: Wie steht es um Ihren Kundendienst?<\/span><\/p>\n<p><span style=\"font-size:16px\">Unser professioneller Mitarbeiter \u00fcberpr\u00fcft jede Ware und verpackt sie sorgf\u00e4ltig vor der Auslieferung. Wenn Sie feststellen, dass eine Ware besch\u00e4digt ist, senden Sie sie bitte an uns, wir werden sie kostenlos reparieren.<\/span><\/p>\n<p>&nbsp;<\/p>\n<p><span style=\"font-size:16px\">3: Wie packst du?<\/span><\/p>\n<p><span style=\"font-size:16px\">Normalerweise opp Tasche, Verpackung Box ist auch verf\u00fcgbar. und plus Blase verpacken, um die Ware zu sch\u00fctzen.<\/span><\/p>\n<p>&nbsp;<\/p>\n<p><span style=\"font-size:16px\">4: Can I send my diamond to you ?And you can make the ring for me?<\/span><\/p>\n<p><span style=\"font-size:16px\">Ja, Sie k\u00f6nnen uns Ihre Diamanten schicken, dann k\u00f6nnen wir Ihnen den Ring entsprechend der Gr\u00f6\u00dfe Ihres Steins anfertigen.<\/span><\/p>\n<p>&nbsp;<\/p>\n<p><span style=\"font-size:16px\">5: Which ring sizes are popular for Women?<\/span><\/p>\n<p><span style=\"font-size:16px\">We can make size from #4 to #12,popular size is #5 #6 #7 #8 for Women.<\/span><\/p>\n<p>&nbsp;<\/p>\n<p><span style=\"font-size:16px\"><span style=\"font-family:arial,helvetica,sans-serif\">6: <\/span>Ist 100% echtes 14K Gold?<span style=\"font-family:arial,helvetica,sans-serif\"> <\/span><\/span><\/p>\n<p><span style=\"font-size:16px\">Ja. Echtes 14K Gold.<\/span><\/p><\/p>","protected":false},"excerpt":{"rendered":"<br \/>\n<table class=\"tables data\" width=\"100%\" border=\"0\" cellpadding=\"0\" cellspacing=\"0\">\n<tbody>\n<tr>\n<th width=\"35%\">Ort der Herkunft:<\/th>\n<td>China<\/td>\n<\/tr>\n<tr>\n<th width=\"35%\">Markenname:<\/th>\n<td>K-Gold-Schmuck<\/td>\n<\/tr>\n<tr>\n<th width=\"35%\">Zertifizierung:<\/th>\n<td>Schmuck-Zertifikat<\/td>\n<\/tr>\n<tr>\n<th width=\"35%\">Modellnummer:<\/th>\n<td>KD7599R<\/td>\n<\/tr>\n<\/tbody>\n<\/table>\n<p>                                                                            <span class=\"title_s\">Zahlungs- und Versandbedingungen:<\/span>                            <\/p>\n<table class=\"tables data\" width=\"100%\" border=\"0\" cellpadding=\"0\" cellspacing=\"0\">\n<tbody>\n<tr>\n<th width=\"35%\" nowrap=\"nowrap\">Mindestbestellmenge:<\/th>\n<td>3<\/td>\n<\/tr>\n<tr>\n<th width=\"35%\" nowrap=\"nowrap\">Preis:<\/th>\n<td>Verhandlungsf\u00e4hig<\/td>\n<\/tr>\n<tr>\n<th width=\"35%\" nowrap=\"nowrap\">Einzelheiten zur Verpackung:<\/th>\n<td>Standardm\u00e4\u00dfig dicker PP-Beutel<\/td>\n<\/tr>\n<tr>\n<th width=\"35%\" nowrap=\"nowrap\">Lieferzeiten:<\/th>\n<td>5-15 Arbeitstage<\/td>\n<\/tr>\n<tr>\n<th width=\"35%\" nowrap=\"nowrap\">Zahlungsbedingungen:<\/th>\n<td>T\/T, Western Union<\/td>\n<\/tr>\n<tr>\n<th width=\"35%\" nowrap=\"nowrap\">Lieferf\u00e4higkeit:<\/th>\n<td>2000St\u00fcck\/Monat<\/td>\n<\/tr>\n<\/tbody>\n<\/table>","protected":false},"featured_media":1426,"comment_status":"closed","ping_status":"closed","template":"","meta":{"_gspb_post_css":""},"product_brand":[],"product_cat":[16],"product_tag":[],"class_list":{"0":"post-1427","1":"product","2":"type-product","3":"status-publish","4":"has-post-thumbnail","6":"product_cat-solid-gold-jewellery","8":"first","9":"instock","10":"shipping-taxable","11":"product-type-simple"},"aioseo_notices":[],"_links":{"self":[{"href":"https:\/\/dearjewelry.ltd\/de\/wp-json\/wp\/v2\/product\/1427","targetHints":{"allow":["GET"]}}],"collection":[{"href":"https:\/\/dearjewelry.ltd\/de\/wp-json\/wp\/v2\/product"}],"about":[{"href":"https:\/\/dearjewelry.ltd\/de\/wp-json\/wp\/v2\/types\/product"}],"replies":[{"embeddable":true,"href":"https:\/\/dearjewelry.ltd\/de\/wp-json\/wp\/v2\/comments?post=1427"}],"wp:featuredmedia":[{"embeddable":true,"href":"https:\/\/dearjewelry.ltd\/de\/wp-json\/wp\/v2\/media\/1426"}],"wp:attachment":[{"href":"https:\/\/dearjewelry.ltd\/de\/wp-json\/wp\/v2\/media?parent=1427"}],"wp:term":[{"taxonomy":"product_brand","embeddable":true,"href":"https:\/\/dearjewelry.ltd\/de\/wp-json\/wp\/v2\/product_brand?post=1427"},{"taxonomy":"product_cat","embeddable":true,"href":"https:\/\/dearjewelry.ltd\/de\/wp-json\/wp\/v2\/product_cat?post=1427"},{"taxonomy":"product_tag","embeddable":true,"href":"https:\/\/dearjewelry.ltd\/de\/wp-json\/wp\/v2\/product_tag?post=1427"}],"curies":[{"name":"wp","href":"https:\/\/api.w.org\/{rel}","templated":true}]}}