{"id":1377,"date":"2025-07-13T04:40:26","date_gmt":"2025-07-13T04:40:26","guid":{"rendered":"https:\/\/dearjewelry.ltd\/product\/4mm-width-18k-solid-gold-jewellery-ring-with-0-35ct-weight-diamond\/"},"modified":"2025-07-13T04:40:26","modified_gmt":"2025-07-13T04:40:26","slug":"4mm-width-18k-solid-gold-jewellery-ring-with-0-35ct-weight-diamond","status":"publish","type":"product","link":"https:\/\/dearjewelry.ltd\/de\/produkt\/4mm-width-18k-solid-gold-jewellery-ring-with-0-35ct-weight-diamond\/","title":{"rendered":"4 mm breiter Schmuckring aus 18 Karat massivem Gold mit einem Diamanten von 0,35 Karat Gewicht"},"content":{"rendered":"<h2>4 mm breiter Schmuckring aus 18 Karat massivem Gold mit einem Diamanten von 0,35 Karat Gewicht<\/h2>\n<p> Beschreibung<\/p>\n<table cellpadding=\"0\" cellspacing=\"0\" class=\"details_table\">\n<tbody>\n<tr>\n<th>Material:<\/th>\n<td>18K Rose Gold<\/td>\n<th>Schmuck Typ:<\/th>\n<td>Wedding Rotating Ring<\/td>\n<\/tr>\n<tr class=\"bg_gray\">\n<th>Geschlecht:<\/th>\n<td>Children&#8217;s, Women&#8217;s, Unisex,<\/td>\n<th>Karat Gold:<\/th>\n<td>18K Rose Gold Ring<\/td>\n<\/tr>\n<tr>\n<th>Gr\u00f6\u00dfe:<\/th>\n<td>US#4~ #12<\/td>\n<th>Produktname:<\/th>\n<td>Solid Rotating Ring<\/td>\n<\/tr>\n<tr class=\"bg_gray\">\n<th>Breite:<\/th>\n<td>4mm Rings<\/td>\n<th>Anlass:<\/th>\n<td>Engagement, Anniversary, Party, Gift, Birthday<\/td>\n<\/tr>\n<tr>\n<th>Goldschmuck:<\/th>\n<td>Natural Dimonds Brand Jewelry<\/td>\n<th>Gewicht der Diamanten:<\/th>\n<td>0.35ct Total<\/td>\n<\/tr>\n<tr class=\"bg_gray\">\n<th colspan=\"1\">Helles Licht:<\/th>\n<td colspan=\"3\">\n<h2 style='font-weight: bold;font-size: 14px'>0.35ct 18K Solid Gold Jewellery 4mm<\/h2>\n<p>, <\/p>\n<h2 style='font-weight: bold;font-size: 14px'>4mm 0.35ct 18K Solid Gold Jewellery<\/h2>\n<\/td>\n<\/tr>\n<\/tbody>\n<\/table>\n<p><p><strong>Beschreibung des Produkts:<\/strong><\/p>\n<p>&nbsp;<\/p>\n<p>Solid 18K Rose Gold Ring Natural Diamonds Wedding Rotating ring<\/p>\n<p>&nbsp;<\/p>\n<p><strong>Einzelheiten zum Produkt:&nbsp;<\/strong><\/p>\n<p>&nbsp;<\/p>\n<table border=\"1\" cellpadding=\"0\" cellspacing=\"0\" style=\"width: 651px\">\n<tbody>\n<tr>\n<td style=\"width: 145px\"><span style=\"font-size:14px\">Artikel Nr.<\/span><\/td>\n<td style=\"width: 501px\">KD017R<\/td>\n<\/tr>\n<tr>\n<td style=\"width: 145px\"><span style=\"font-size:14px\">Produktname<\/span><\/td>\n<td style=\"width: 501px\">Gold Drehring<\/td>\n<\/tr>\n<tr>\n<td style=\"width: 145px\"><span style=\"font-size:14px\">Stil<\/span><\/td>\n<td style=\"width: 501px\">Beliebt&nbsp;<\/td>\n<\/tr>\n<tr>\n<td style=\"width: 145px\"><span style=\"font-size:14px\">Material<\/span><\/td>\n<td style=\"width: 501px\"><span style=\"font-size:14px\">18K Rose Gold&nbsp;<\/span><\/td>\n<\/tr>\n<tr>\n<td style=\"width: 145px\"><span style=\"font-size:14px\">Einstellung Typ<\/span><\/td>\n<td style=\"width: 501px\">Baze-Einstellung<\/td>\n<\/tr>\n<tr>\n<td style=\"width: 145px\"><span style=\"font-size:14px\">Geschlecht<\/span><\/td>\n<td style=\"width: 501px\"><span style=\"font-size:14px\">Frauen<\/span><\/td>\n<\/tr>\n<tr>\n<td style=\"width: 145px\">Breit<\/td>\n<td style=\"width: 501px\">4mm<\/td>\n<\/tr>\n<tr>\n<td style=\"width: 145px\"><span style=\"font-size:14px\">Armreif Gr\u00f6\u00dfe :&nbsp;<\/span><\/td>\n<td style=\"width: 501px\"><span style=\"font-size:14px\">&nbsp;<\/span>US#4~12<\/td>\n<\/tr>\n<tr>\n<td style=\"width: 145px\"><span style=\"font-size:14px\">Anpassen:&nbsp;<\/span><\/td>\n<td style=\"width: 501px\"><span style=\"font-size:14px\">18K Gold Ring<\/span><\/td>\n<\/tr>\n<tr>\n<td style=\"width: 145px\"><span style=\"font-size:14px\">Anlass<\/span><\/td>\n<td style=\"width: 501px\"><span style=\"font-size:14px\">Jahrestag, Verlobung, Geschenk, Party, Hochzeit<\/span><\/td>\n<\/tr>\n<\/tbody>\n<\/table>\n<p>\n<span style=\", Arial, sans-serif\">1: Die <\/span>Gold Drehring&nbsp;<span style=\", Arial, sans-serif\">von 4mm Breite machen,&nbsp;<\/span>Dia 0.35ct&nbsp;<\/p>\n<p style=\"padding: 0px;border: 0px;font-family: arial\">2: Diamant-Farbbewertungscode: F-H<\/p>\n<p style=\"padding: 0px;border: 0px;font-family: arial\">3: Diamant Reinheitsgrad Code: Si1<\/p>\n<p style=\"padding: 0px;border: 0px;font-family: arial\">4: Diamantform: Rund<\/p>\n<p style=\"padding: 0px;border: 0px;font-family: arial\">5:&nbsp;<span style=\", Arial, sans-serif\">Ungef\u00e4hr<\/span> weight: 3.89g<\/p>\n<p style=\"padding: 0px;border: 0px;font-family: arial\">5: Set in 18K Rose gold<\/p>\n<p style=\"padding: 0px;border: 0px;font-family: arial\">6: Foto mit dem Telefon nehmen, die realen Elemente der Qualit\u00e4t mehr Glanz.<\/p>\n<p style=\"padding: 0px;border: 0px;font-family: arial\">7: Fast alle Edelsteine wurden behandelt, um ihre Sch\u00f6nheit zu steigern, und erfordern besondere Pflege.<\/p>\n<p style=\"padding: 0px;border: 0px;font-family: arial\">&nbsp;<\/p>\n<p><strong><span>Produkt anzeigen:<\/span><\/strong><\/p>\n<p>&nbsp;<\/p>\n<p><img decoding=\"async\" src=\"https:\/\/www.gold-jewellerys.com\/test\/gold-jewellerys.com\/photo\/pl37766469-remark.jpg\"><img decoding=\"async\" src=\"https:\/\/www.gold-jewellerys.com\/test\/gold-jewellerys.com\/photo\/pl37766468-remark.jpg\"><img decoding=\"async\" src=\"https:\/\/www.gold-jewellerys.com\/test\/gold-jewellerys.com\/photo\/pl37766467-remark.jpg\"><img decoding=\"async\" src=\"https:\/\/www.gold-jewellerys.com\/test\/gold-jewellerys.com\/photo\/pl37766466-remark.jpg\"><img decoding=\"async\" src=\"https:\/\/www.gold-jewellerys.com\/test\/gold-jewellerys.com\/photo\/pl37766465-remark.jpg\"><\/p>\n<p>&nbsp;<\/p>\n<p><strong>Warum uns w\u00e4hlen:<\/strong><\/p>\n<p>1: K-Gold hat etwa 21 Jahre Erfahrung im Schmuckbereich und 17 Jahre Produktionserfahrung.<\/p>\n<p>2: Unser professionelles Forschungs- und Entwicklungsteam sorgt daf\u00fcr, dass unsere Produkte st\u00e4ndig aktualisiert werden und der Branche voraus sind. So haben wir mehr als 30000 verschiedene Entw\u00fcrfe und mehr dann 46 Sammlungen k\u00f6nnen von verschiedenen Marktanforderung erf\u00fcllen.<\/p>\n<p>3: F\u00fcr kundenspezifische Artikel k\u00f6nnen Sie CAD am gleichen Tag oder am n\u00e4chsten Tag erhalten, um die Daten vor der Bestellung zu best\u00e4tigen.<\/p>\n<p>4: Das Ziel von K-gold ist es, den Kunden die richtigen Produkte zum richtigen Preis anzubieten und rechtzeitig zu liefern.<\/p>\n<p>&nbsp; Wir verf\u00fcgen \u00fcber ein leistungsf\u00e4higes Kundendienstteam, das den gesamten Verkaufsprozess im Auge beh\u00e4lt und Ihnen bei allen Fragen hilft,<\/p>\n<p>&nbsp; vom CAD-Entwurf bis zur Auslieferung.<\/p>\n<p>&nbsp;<\/p>\n<p><strong>K-Gold Factory Show:&nbsp;<\/strong><\/p>\n<p>&nbsp;<\/p>\n<p><img decoding=\"async\" src=\"https:\/\/www.gold-jewellerys.com\/test\/gold-jewellerys.com\/photo\/pl36123473-remark.jpg\"><\/p>\n<p><img decoding=\"async\" src=\"https:\/\/www.gold-jewellerys.com\/test\/gold-jewellerys.com\/photo\/pl36123376-remark.jpg\"><\/p>\n<p>&nbsp;<\/p>\n<p>&nbsp;<\/p>\n<p>FAQ:<\/p>\n<p>1: Wie k\u00f6nnen wir den Preis erfahren?<\/p>\n<p>Wir begr\u00fc\u00dfen Sie, um uns auf whatsapp zu kontaktieren. Schicken Sie uns einfach die Bilder der Elemente, die Sie wollen, dann werden wir Ihnen die Preise so schnell wie m\u00f6glich.<\/p>\n<p>&nbsp;<\/p>\n<p>Ansprechpartnerin: Cherry Lee<br \/>\nWhatsApp: +86-18520267369 \/ Tell:+8618520267369<br \/>\nE-Mail:<br \/>\nWebsite:<\/p>\n<p>&nbsp;<\/p>\n<p>2: Was ist der eingravierte Stempel im Inneren?<br \/>\nDer Stempel ist ein originaler Markenschmuckname.<\/p>\n<p>&nbsp;<\/p>\n<p>3: How to place the orders?<\/p>\n<p>Bitte sagen Sie mir Ihre Bestellung, dann werden wir Ihnen sagen, das Element Preis, Versandkosten und Original-Box Geb\u00fchr und Gesamtbetrag. Sie k\u00f6nnen die Zahlung per Western Union \/ T\/T, oder Payoneer machen, werden wir verarbeiten und versenden Sie Ihre Bestellung so schnell wie m\u00f6glich nach Zahlung gemacht.<\/p>\n<p>&nbsp;<\/p>\n<p>4: Do you provide&nbsp;certifications&nbsp;?<\/p>\n<p>Ja, es gibt die zertifizierte, wenn Sie brauchen und Preis wird nicht die Geb\u00fchr enthalten. Der Diamant dort GIA-zertifiziert oder ohne es nur<\/p>\n<p>Lassen Sie es mich wissen, denn es gibt Preisunterschiede.<\/p>\n<p>&nbsp;<\/p>\n<p>5. How long&nbsp;the production and delivery time?&nbsp;<\/p>\n<p>Das Produktionsdatum ist etwa 7 ~ 15 Tage, und die Versandzeit ist etwa 3 ~ 5 Tage<\/p>\n<p>&nbsp;<\/p>\n<p>6: Wozu der Diamant?<\/p>\n<p>Wir verwenden in der Regel die Sorten F-H Color und Si1.<\/p><\/p>","protected":false},"excerpt":{"rendered":"<br \/>\n<table class=\"tables data\" width=\"100%\" border=\"0\" cellpadding=\"0\" cellspacing=\"0\">\n<tbody>\n<tr>\n<th width=\"35%\">Ort der Herkunft:<\/th>\n<td>China<\/td>\n<\/tr>\n<tr>\n<th width=\"35%\">Markenname:<\/th>\n<td>Luxusmarke<\/td>\n<\/tr>\n<tr>\n<th width=\"35%\">Zertifizierung:<\/th>\n<td>Gold-Diamant-Zertifikat<\/td>\n<\/tr>\n<tr>\n<th width=\"35%\">Modellnummer:<\/th>\n<td>KD017R<\/td>\n<\/tr>\n<\/tbody>\n<\/table>\n<p>                                                                            <span class=\"title_s\">Zahlungs- und Versandbedingungen:<\/span>                            <\/p>\n<table class=\"tables data\" width=\"100%\" border=\"0\" cellpadding=\"0\" cellspacing=\"0\">\n<tbody>\n<tr>\n<th width=\"35%\" nowrap=\"nowrap\">Mindestbestellmenge:<\/th>\n<td>1<\/td>\n<\/tr>\n<tr>\n<th width=\"35%\" nowrap=\"nowrap\">Preis:<\/th>\n<td>Verhandlungsf\u00e4hig<\/td>\n<\/tr>\n<tr>\n<th width=\"35%\" nowrap=\"nowrap\">Einzelheiten zur Verpackung:<\/th>\n<td>Original-Marke Geschenk-Box Verpackung<\/td>\n<\/tr>\n<tr>\n<th width=\"35%\" nowrap=\"nowrap\">Lieferzeiten:<\/th>\n<td>5-15 Arbeitstage<\/td>\n<\/tr>\n<tr>\n<th width=\"35%\" nowrap=\"nowrap\">Zahlungsbedingungen:<\/th>\n<td>T\/T, Western Union<\/td>\n<\/tr>\n<tr>\n<th width=\"35%\" nowrap=\"nowrap\">Lieferf\u00e4higkeit:<\/th>\n<td>1000St\u00fcck\/Monat<\/td>\n<\/tr>\n<\/tbody>\n<\/table>","protected":false},"featured_media":1372,"comment_status":"closed","ping_status":"closed","template":"","meta":{"_gspb_post_css":""},"product_brand":[],"product_cat":[16],"product_tag":[],"class_list":{"0":"post-1377","1":"product","2":"type-product","3":"status-publish","4":"has-post-thumbnail","6":"product_cat-solid-gold-jewellery","8":"first","9":"instock","10":"shipping-taxable","11":"product-type-simple"},"aioseo_notices":[],"_links":{"self":[{"href":"https:\/\/dearjewelry.ltd\/de\/wp-json\/wp\/v2\/product\/1377","targetHints":{"allow":["GET"]}}],"collection":[{"href":"https:\/\/dearjewelry.ltd\/de\/wp-json\/wp\/v2\/product"}],"about":[{"href":"https:\/\/dearjewelry.ltd\/de\/wp-json\/wp\/v2\/types\/product"}],"replies":[{"embeddable":true,"href":"https:\/\/dearjewelry.ltd\/de\/wp-json\/wp\/v2\/comments?post=1377"}],"wp:featuredmedia":[{"embeddable":true,"href":"https:\/\/dearjewelry.ltd\/de\/wp-json\/wp\/v2\/media\/1372"}],"wp:attachment":[{"href":"https:\/\/dearjewelry.ltd\/de\/wp-json\/wp\/v2\/media?parent=1377"}],"wp:term":[{"taxonomy":"product_brand","embeddable":true,"href":"https:\/\/dearjewelry.ltd\/de\/wp-json\/wp\/v2\/product_brand?post=1377"},{"taxonomy":"product_cat","embeddable":true,"href":"https:\/\/dearjewelry.ltd\/de\/wp-json\/wp\/v2\/product_cat?post=1377"},{"taxonomy":"product_tag","embeddable":true,"href":"https:\/\/dearjewelry.ltd\/de\/wp-json\/wp\/v2\/product_tag?post=1377"}],"curies":[{"name":"wp","href":"https:\/\/api.w.org\/{rel}","templated":true}]}}