{"id":1370,"date":"2025-07-13T04:40:23","date_gmt":"2025-07-13T04:40:23","guid":{"rendered":"https:\/\/dearjewelry.ltd\/product\/18k-rose-gold-neklace-smile-pendant-necklace-16-18inch-adjustable-length\/"},"modified":"2025-07-13T04:40:23","modified_gmt":"2025-07-13T04:40:23","slug":"18k-rose-gold-neklace-smile-anhanger-halskette-16-18inch-verstellbare-lange","status":"publish","type":"product","link":"https:\/\/dearjewelry.ltd\/de\/produkt\/18k-rose-gold-neklace-smile-anhanger-halskette-16-18inch-verstellbare-lange\/","title":{"rendered":"18K Rose Gold Neklace , L\u00e4cheln Anh\u00e4nger Halskette 16-18inch Einstellbare L\u00e4nge"},"content":{"rendered":"<h2>18K Rose Gold Neklace , L\u00e4cheln Anh\u00e4nger Halskette 16-18inch Einstellbare L\u00e4nge<\/h2>\n<p> Beschreibung<\/p>\n<table cellpadding=\"0\" cellspacing=\"0\" class=\"details_table\">\n<tbody>\n<tr>\n<th>Material:<\/th>\n<td>18K Rose Gold<\/td>\n<th>Schmuck Typ:<\/th>\n<td>L\u00e4cheln Halskette<\/td>\n<\/tr>\n<tr class=\"bg_gray\">\n<th>Geschlecht:<\/th>\n<td>Damen, Unisex, Herren<\/td>\n<th>Innendurchmesser::<\/th>\n<td>Gr\u00f6\u00dfe Klein<\/td>\n<\/tr>\n<tr>\n<th>L\u00e4nge:<\/th>\n<td>16-18\u2033 einstellbare Kette<\/td>\n<th>Produktname:<\/th>\n<td>L\u00e4cheln Halskette in 18K<\/td>\n<\/tr>\n<tr class=\"bg_gray\">\n<th>Breite:<\/th>\n<td>2,55 mm<\/td>\n<th>Anlass:<\/th>\n<td>Jahrestag, Geschenk, Verlobung, Hochzeit<\/td>\n<\/tr>\n<tr>\n<th>Gewicht:<\/th>\n<td>3.89g<\/td>\n<\/tr>\n<tr class=\"bg_gray\">\n<th colspan=\"1\">H\u00f6hepunkt:<\/th>\n<td colspan=\"3\">\n<h2 style='font-weight: bold;font-size: 14px'>Rose Gold Neklace 18Zoll<\/h2>\n<p>, <\/p>\n<h2 style='font-weight: bold;font-size: 14px'>Rose Gold Neklace 16Zoll<\/h2>\n<\/td>\n<\/tr>\n<\/tbody>\n<\/table>\n<p><p><span style=\"font-size:16px\"><span style=\"font-family:arial,helvetica,sans-serif\"><strong>Beschreibung des Produkts:<\/strong><\/span><\/span><\/p>\n<p>&nbsp;<\/p>\n<p><span style=\"font-size:16px\"><span style=\"font-family:arial,helvetica,sans-serif\">18K Rose Gold Smile Anh\u00e4nger in Rose Gold Neklace 16-18\" verstellbare Kette<\/span><\/span><\/p>\n<p>&nbsp;<\/p>\n<p><span style=\"font-size:16px\"><span style=\"font-family:arial,helvetica,sans-serif\"><strong>Einzelheiten zum Produkt:&nbsp;<\/strong><\/span><\/span><\/p>\n<p>&nbsp;<\/p>\n<table border=\"1\" cellpadding=\"0\" cellspacing=\"0\" style=\"width: 651px\">\n<tbody>\n<tr>\n<td style=\"width: 145px\"><span style=\"font-size:16px\"><span style=\"font-family:arial,helvetica,sans-serif\">Artikel Nr.<\/span><\/span><\/td>\n<td style=\"width: 501px\"><span style=\"font-size:16px\"><span style=\"font-family:arial,helvetica,sans-serif\">KD262N<\/span><\/span><\/td>\n<\/tr>\n<tr>\n<td style=\"width: 145px\"><span style=\"font-size:16px\"><span style=\"font-family:arial,helvetica,sans-serif\">Produktname<\/span><\/span><\/td>\n<td style=\"width: 501px\"><span style=\"font-size:16px\"><span style=\"font-family:arial,helvetica,sans-serif\">18K L\u00e4cheln Halskette<\/span><\/span><\/td>\n<\/tr>\n<tr>\n<td style=\"width: 145px\"><span style=\"font-size:16px\"><span style=\"font-family:arial,helvetica,sans-serif\">Stil<\/span><\/span><\/td>\n<td style=\"width: 501px\"><span style=\"font-size:16px\"><span style=\"font-family:arial,helvetica,sans-serif\">Beliebt&nbsp;<\/span><\/span><\/td>\n<\/tr>\n<tr>\n<td style=\"width: 145px\"><span style=\"font-size:16px\"><span style=\"font-family:arial,helvetica,sans-serif\">Material<\/span><\/span><\/td>\n<td style=\"width: 501px\"><span style=\"font-size:16px\"><span style=\"font-family:arial,helvetica,sans-serif\">18K Rose Gold&nbsp;<\/span><\/span><\/td>\n<\/tr>\n<tr>\n<td style=\"width: 145px\"><span style=\"font-size:16px\"><span style=\"font-family:arial,helvetica,sans-serif\">Einstellung Typ<\/span><\/span><\/td>\n<td style=\"width: 501px\"><span style=\"font-size:16px\"><span style=\"font-family:arial,helvetica,sans-serif\">keine Diamanten<\/span><\/span><\/td>\n<\/tr>\n<tr>\n<td style=\"width: 145px\"><span style=\"font-size:16px\"><span style=\"font-family:arial,helvetica,sans-serif\">Geschlecht<\/span><\/span><\/td>\n<td style=\"width: 501px\"><span style=\"font-size:16px\"><span style=\"font-family:arial,helvetica,sans-serif\">Frauen<\/span><\/span><\/td>\n<\/tr>\n<tr>\n<td style=\"width: 145px\"><span style=\"font-size:16px\"><span style=\"font-family:arial,helvetica,sans-serif\">Breit<\/span><\/span><\/td>\n<td style=\"width: 501px\"><span style=\"font-size:16px\"><span style=\"font-family:arial,helvetica,sans-serif\">2,55 mm<\/span><\/span><\/td>\n<\/tr>\n<tr>\n<td style=\"width: 145px\"><span style=\"font-size:16px\"><span style=\"font-family:arial,helvetica,sans-serif\">Armreif Gr\u00f6\u00dfe :&nbsp;<\/span><\/span><\/td>\n<td style=\"width: 501px\"><span style=\"font-size:16px\"><span style=\"font-family:arial,helvetica,sans-serif\">&nbsp;16-18&#039;&#039;<\/span><\/span><\/td>\n<\/tr>\n<tr>\n<td style=\"width: 145px\"><span style=\"font-size:16px\"><span style=\"font-family:arial,helvetica,sans-serif\">Anpassen:&nbsp;<\/span><\/span><\/td>\n<td style=\"width: 501px\"><span style=\"font-size:16px\"><span style=\"font-family:arial,helvetica,sans-serif\">18K Gold Halskette<\/span><\/span><\/td>\n<\/tr>\n<tr>\n<td style=\"width: 145px\"><span style=\"font-size:16px\"><span style=\"font-family:arial,helvetica,sans-serif\">Anlass<\/span><\/span><\/td>\n<td style=\"width: 501px\"><span style=\"font-size:16px\"><span style=\"font-family:arial,helvetica,sans-serif\">Jahrestag, Verlobung, Geschenk, Party, Hochzeit<\/span><\/span><\/td>\n<\/tr>\n<\/tbody>\n<\/table>\n<p>\n<span style=\"font-size:16px\"><span style=\"font-family:arial,helvetica,sans-serif\"><span>1: Die <\/span>Gold L\u00e4cheln Halskette<span>&nbsp;von 2,55 mm Breite machen, <\/span>16-18&#039;&#039;<\/span><\/span><\/p>\n<p style=\"padding: 0px;border: 0px;font-family: arial\"><span style=\"font-size:16px\"><span style=\"font-family:arial,helvetica,sans-serif\">2:&nbsp;<span>Ungef\u00e4hr<\/span> Gewicht: 3,98g<\/span><\/span><\/p>\n<p style=\"padding: 0px;border: 0px;font-family: arial\"><span style=\"font-size:16px\"><span style=\"font-family:arial,helvetica,sans-serif\">3: Fassung aus 18K Gelbgold<\/span><\/span><\/p>\n<p style=\"padding: 0px;border: 0px;font-family: arial\"><span style=\"font-size:16px\"><span style=\"font-family:arial,helvetica,sans-serif\">4: Foto mit dem Telefon nehmen, die realen Elemente der Qualit\u00e4t mehr Glanz.<\/span><\/span><\/p>\n<p style=\"padding: 0px;border: 0px;font-family: arial\"><span style=\"font-size:16px\"><span style=\"font-family:arial,helvetica,sans-serif\">5: Fast alle Edelsteine wurden behandelt, um ihre Sch\u00f6nheit zu steigern, und ben\u00f6tigen besondere Pflege.<\/span><\/span><\/p>\n<p style=\"padding: 0px;border: 0px;font-family: arial\">&nbsp;<\/p>\n<p><span style=\"font-size:16px\"><span style=\"font-family:arial,helvetica,sans-serif\"><strong><span>Produkt anzeigen:<\/span><\/strong><\/span><\/span><\/p>\n<p>&nbsp;<\/p>\n<p><span style=\"font-size:16px\"><span style=\"font-family:arial,helvetica,sans-serif\"><img decoding=\"async\" src=\"https:\/\/www.gold-jewellerys.com\/test\/gold-jewellerys.com\/photo\/pl37809020-remark.jpg\"><img decoding=\"async\" src=\"https:\/\/www.gold-jewellerys.com\/test\/gold-jewellerys.com\/photo\/pl37809000-remark.jpg\"><img decoding=\"async\" src=\"https:\/\/www.gold-jewellerys.com\/test\/gold-jewellerys.com\/photo\/pl37808999-remark.jpg\"><img decoding=\"async\" src=\"https:\/\/www.gold-jewellerys.com\/test\/gold-jewellerys.com\/photo\/pl37808998-remark.jpg\"><\/span><\/span><\/p>\n<p>&nbsp;<\/p>\n<p><span style=\"font-size:16px\"><span style=\"font-family:arial,helvetica,sans-serif\"><strong>Warum uns w\u00e4hlen:<\/strong><\/span><\/span><\/p>\n<p><span style=\"font-size:16px\"><span style=\"font-family:arial,helvetica,sans-serif\">1: K-Gold hat etwa 21 Jahre Erfahrung im Schmuckbereich und 17 Jahre Produktionserfahrung.<\/span><\/span><\/p>\n<p><span style=\"font-size:16px\"><span style=\"font-family:arial,helvetica,sans-serif\">2: Unser professionelles Forschungs- und Entwicklungsteam sorgt daf\u00fcr, dass unsere Produkte st\u00e4ndig aktualisiert werden und der Branche voraus sind. So haben wir mehr als 30000 verschiedene Entw\u00fcrfe und mehr dann 46 Sammlungen k\u00f6nnen von verschiedenen Marktanforderung erf\u00fcllen.<\/span><\/span><\/p>\n<p><span style=\"font-size:16px\"><span style=\"font-family:arial,helvetica,sans-serif\">3: F\u00fcr kundenspezifische Artikel k\u00f6nnen Sie CAD am gleichen Tag oder am n\u00e4chsten Tag erhalten, um die Daten vor der Bestellung zu best\u00e4tigen.<\/span><\/span><\/p>\n<p><span style=\"font-size:16px\"><span style=\"font-family:arial,helvetica,sans-serif\">4: Das Ziel von K-gold ist es, den Kunden die richtigen Produkte zum richtigen Preis anzubieten und rechtzeitig zu liefern.<\/span><\/span><\/p>\n<p><span style=\"font-size:16px\"><span style=\"font-family:arial,helvetica,sans-serif\">&nbsp; Wir verf\u00fcgen \u00fcber ein leistungsf\u00e4higes Kundendienstteam, das den gesamten Verkaufsprozess im Auge beh\u00e4lt und Ihnen bei allen Fragen hilft,<\/span><\/span><\/p>\n<p><span style=\"font-size:16px\"><span style=\"font-family:arial,helvetica,sans-serif\">&nbsp; vom CAD-Entwurf bis zur Auslieferung.<\/span><\/span><\/p>\n<p>&nbsp;<\/p>\n<p><span style=\"font-size:16px\"><span style=\"font-family:arial,helvetica,sans-serif\"><strong>K-Gold Factory Show:&nbsp;<\/strong><\/span><\/span><\/p>\n<p>&nbsp;<\/p>\n<p><span style=\"font-size:16px\"><span style=\"font-family:arial,helvetica,sans-serif\"><img decoding=\"async\" src=\"https:\/\/www.gold-jewellerys.com\/test\/gold-jewellerys.com\/photo\/pl36123473-remark.jpg\"><\/span><\/span><\/p>\n<p>&nbsp;<\/p>\n<p><span style=\"font-size:16px\"><span style=\"font-family:arial,helvetica,sans-serif\"><img decoding=\"async\" src=\"https:\/\/www.gold-jewellerys.com\/test\/gold-jewellerys.com\/photo\/pl36219445-remark.jpg\"><\/span><\/span><\/p>\n<p><span style=\"font-size:16px\"><span style=\"font-family:arial,helvetica,sans-serif\">FAQ:<\/span><\/span><\/p>\n<p><span style=\"font-size:16px\"><span style=\"font-family:arial,helvetica,sans-serif\">1: Wie k\u00f6nnen wir den Preis erfahren?<\/span><\/span><\/p>\n<p><span style=\"font-size:16px\"><span style=\"font-family:arial,helvetica,sans-serif\">Wir begr\u00fc\u00dfen Sie, um uns auf whatsapp zu kontaktieren. Schicken Sie uns einfach die Bilder der Elemente, die Sie wollen, dann werden wir Ihnen die Preise so schnell wie m\u00f6glich.<\/span><\/span><\/p>\n<p>&nbsp;<\/p>\n<p><span style=\"font-size:16px\"><span style=\"font-family:arial,helvetica,sans-serif\">Ansprechpartnerin: Cherry Lee<br \/>\nWhatsApp: +86-18520267369 \/ Tell:+8618520267369<br \/>\nE-Mail:<br \/>\nWebsite:<\/span><\/span><\/p>\n<p>&nbsp;<\/p>\n<p><span style=\"font-size:16px\"><span style=\"font-family:arial,helvetica,sans-serif\">2: Kannst du sie anpassen?<br \/>\nJa, nach 30% Anzahlung, k\u00f6nnen wir die CAD f\u00fcr Sie zu best\u00e4tigen, nachdem Sie die Entw\u00fcrfe best\u00e4tigen, dann in die Produktion gehen.<\/span><\/span><\/p>\n<p>&nbsp;<\/p>\n<p><span style=\"font-size:16px\"><span style=\"font-family:arial,helvetica,sans-serif\">3: Bieten Sie Zertifizierungen an?<\/span><\/span><\/p>\n<p><span style=\"font-size:16px\"><span style=\"font-family:arial,helvetica,sans-serif\">Ja, es gibt die zertifizierte, wenn Sie brauchen und Preis wird nicht die Geb\u00fchr enthalten. Der Diamant dort GIA-zertifiziert oder ohne es nur<\/span><\/span><\/p>\n<p><span style=\"font-size:16px\"><span style=\"font-family:arial,helvetica,sans-serif\">Lassen Sie es mich wissen, denn es gibt Preisunterschiede.<\/span><\/span><\/p>\n<p>&nbsp;<\/p>\n<p><span style=\"font-size:16px\"><span style=\"font-family:arial,helvetica,sans-serif\">5. Wie bezahle ich meine Bestellung?<\/span><\/span><\/p>\n<p><span style=\"font-size:16px\"><span style=\"font-family:arial,helvetica,sans-serif\">Bitte sagen Sie mir Ihre Bestellung, dann werden wir Ihnen sagen, das Element Preis, Versandkosten und Original-Box Geb\u00fchr und Gesamtbetrag. Sie k\u00f6nnen die Zahlung per Western Union \/ T\/T, oder Payoneer machen, werden wir verarbeiten und versenden Sie Ihre Bestellung so schnell wie m\u00f6glich nach Zahlung gemacht.<\/span><\/span><\/p>\n<p>&nbsp;<\/p>\n<p><span style=\"font-size:16px\"><span style=\"font-family:arial,helvetica,sans-serif\">7. was ist der eingravierte Stempel im Inneren?<\/span><\/span><\/p>\n<p><span style=\"font-size:16px\"><span style=\"font-family:arial,helvetica,sans-serif\">Der Stempel ist ein originaler Markenschmuckname.<\/span><\/span><\/p>\n<p>&nbsp;<\/p>\n<p><span style=\"font-size:16px\"><span style=\"font-family:arial,helvetica,sans-serif\">6: Stellen Sie Schmuck f\u00fcr Privatkunden oder nur f\u00fcr Gro\u00dfh\u00e4ndler her?<br \/>\nEigentlich sind wir den gesamten Verkauf zu machen, die online zu verkaufen oder haben Sie Ihr eigenes Gesch\u00e4ft f\u00fcr Original-Designs, f\u00fcr die Marke Schmuck erlaubt den pers\u00f6nlichen K\u00e4ufer zu. Sie k\u00f6nnen feine Qualit\u00e4t Markenschmuck f\u00fcr Ihre Familie, Freunde und sich selbst zu Fabrikpreisen zu bestellen. Auch wird es gro\u00df sein, wenn Sie ein Schmuck Wiederverk\u00e4ufer sind. Wir bieten kostenlosen Versand und kostenlose Original-Marke-Boxen, wenn Sie viele Artikel jedes Mal bestellen k\u00f6nnen. Mehr Menge dann besten Preis.<\/span><\/span><\/p><\/p>","protected":false},"excerpt":{"rendered":"<br \/>\n<table class=\"tables data\" width=\"100%\" border=\"0\" cellpadding=\"0\" cellspacing=\"0\">\n<tbody>\n<tr>\n<th width=\"35%\">Ort der Herkunft:<\/th>\n<td>China<\/td>\n<\/tr>\n<tr>\n<th width=\"35%\">Markenname:<\/th>\n<td>Luxusmarke<\/td>\n<\/tr>\n<tr>\n<th width=\"35%\">Zertifizierung:<\/th>\n<td>Gold-Zertifikat<\/td>\n<\/tr>\n<tr>\n<th width=\"35%\">Modellnummer:<\/th>\n<td>KD262N<\/td>\n<\/tr>\n<\/tbody>\n<\/table>\n<p>                                                                            <span class=\"title_s\">Zahlungs- und Versandbedingungen:<\/span>                            <\/p>\n<table class=\"tables data\" width=\"100%\" border=\"0\" cellpadding=\"0\" cellspacing=\"0\">\n<tbody>\n<tr>\n<th width=\"35%\" nowrap=\"nowrap\">Mindestbestellmenge:<\/th>\n<td>1<\/td>\n<\/tr>\n<tr>\n<th width=\"35%\" nowrap=\"nowrap\">Preis:<\/th>\n<td>Verhandlungsf\u00e4hig<\/td>\n<\/tr>\n<tr>\n<th width=\"35%\" nowrap=\"nowrap\">Einzelheiten zur Verpackung:<\/th>\n<td>Original-Marke Geschenk-Box Verpackung<\/td>\n<\/tr>\n<tr>\n<th width=\"35%\" nowrap=\"nowrap\">Lieferzeiten:<\/th>\n<td>5-15 Arbeitstage<\/td>\n<\/tr>\n<tr>\n<th width=\"35%\" nowrap=\"nowrap\">Zahlungsbedingungen:<\/th>\n<td>T\/T, Western Union<\/td>\n<\/tr>\n<tr>\n<th width=\"35%\" nowrap=\"nowrap\">Lieferf\u00e4higkeit:<\/th>\n<td>1000St\u00fcck\/Monat<\/td>\n<\/tr>\n<\/tbody>\n<\/table>","protected":false},"featured_media":1366,"comment_status":"closed","ping_status":"closed","template":"","meta":{"_gspb_post_css":""},"product_brand":[],"product_cat":[16],"product_tag":[],"class_list":{"0":"post-1370","1":"product","2":"type-product","3":"status-publish","4":"has-post-thumbnail","6":"product_cat-solid-gold-jewellery","8":"first","9":"instock","10":"shipping-taxable","11":"product-type-simple"},"aioseo_notices":[],"_links":{"self":[{"href":"https:\/\/dearjewelry.ltd\/de\/wp-json\/wp\/v2\/product\/1370","targetHints":{"allow":["GET"]}}],"collection":[{"href":"https:\/\/dearjewelry.ltd\/de\/wp-json\/wp\/v2\/product"}],"about":[{"href":"https:\/\/dearjewelry.ltd\/de\/wp-json\/wp\/v2\/types\/product"}],"replies":[{"embeddable":true,"href":"https:\/\/dearjewelry.ltd\/de\/wp-json\/wp\/v2\/comments?post=1370"}],"wp:featuredmedia":[{"embeddable":true,"href":"https:\/\/dearjewelry.ltd\/de\/wp-json\/wp\/v2\/media\/1366"}],"wp:attachment":[{"href":"https:\/\/dearjewelry.ltd\/de\/wp-json\/wp\/v2\/media?parent=1370"}],"wp:term":[{"taxonomy":"product_brand","embeddable":true,"href":"https:\/\/dearjewelry.ltd\/de\/wp-json\/wp\/v2\/product_brand?post=1370"},{"taxonomy":"product_cat","embeddable":true,"href":"https:\/\/dearjewelry.ltd\/de\/wp-json\/wp\/v2\/product_cat?post=1370"},{"taxonomy":"product_tag","embeddable":true,"href":"https:\/\/dearjewelry.ltd\/de\/wp-json\/wp\/v2\/product_tag?post=1370"}],"curies":[{"name":"wp","href":"https:\/\/api.w.org\/{rel}","templated":true}]}}