{"id":1352,"date":"2025-07-13T04:40:15","date_gmt":"2025-07-13T04:40:15","guid":{"rendered":"https:\/\/dearjewelry.ltd\/product\/odm-turquoise-circle-earrings-dia-9-65mm-18k-turquoise-earrings-2-37g-weight\/"},"modified":"2025-07-13T04:40:15","modified_gmt":"2025-07-13T04:40:15","slug":"odm-turkis-kreis-ohrringe-durchmesser-9-65mm-18k-turkis-ohrringe-2-37g-gewicht","status":"publish","type":"product","link":"https:\/\/dearjewelry.ltd\/de\/produkt\/odm-turkis-kreis-ohrringe-durchmesser-9-65mm-18k-turkis-ohrringe-2-37g-gewicht\/","title":{"rendered":"ODM T\u00fcrkis Kreis Ohrringe , Dia 9.65mm 18k T\u00fcrkis Ohrringe 2.37g Gewicht"},"content":{"rendered":"<h2>ODM T\u00fcrkis Kreis Ohrringe , Dia 9.65mm 18k T\u00fcrkis Ohrringe 2.37g Gewicht<\/h2>\n<p> Beschreibung<\/p>\n<table cellpadding=\"0\" cellspacing=\"0\" class=\"details_table\">\n<tbody>\n<tr>\n<th>Material:<\/th>\n<td>18K Wei\u00dfgold<\/td>\n<th>Schmuck Typ:<\/th>\n<td>T\u00fcrkisfarbene Kreis-Ohrringe<\/td>\n<\/tr>\n<tr class=\"bg_gray\">\n<th>Geschlecht:<\/th>\n<td>Gold Kreise Ohrringe<\/td>\n<th>Ma\u00dfgeschneidert:<\/th>\n<td>Personalisieren Sie Ihre Marke Design-Schmuck<\/td>\n<\/tr>\n<tr>\n<th>Stein:<\/th>\n<td>T\u00fcrkis<\/td>\n<th>Produktname:<\/th>\n<td>18K T\u00fcrkis Kreise Ohrringe<\/td>\n<\/tr>\n<tr class=\"bg_gray\">\n<th>Stil:<\/th>\n<td>18K Gold Ohrstecker<\/td>\n<th>Anlass:<\/th>\n<td>Jahrestag, Verlobung, Geschenk, Geburtstag<\/td>\n<\/tr>\n<tr>\n<th>Farbe:<\/th>\n<td>18K Wei\u00dfgold-Ohrringe<\/td>\n<th>Feine Juwelen:<\/th>\n<td>T\u00fcrkis-Gold-Ohrringe<\/td>\n<\/tr>\n<tr class=\"bg_gray\">\n<th colspan=\"1\">Helles Licht:<\/th>\n<td colspan=\"3\">\n<h2 style='font-weight: bold;font-size: 14px'>ODM T\u00fcrkis-Kreis-Ohrringe<\/h2>\n<p>, <\/p>\n<h2 style='font-weight: bold;font-size: 14px'>9,65mm T\u00fcrkis-Kreis-Ohrringe<\/h2>\n<p>, <\/p>\n<h2 style='font-weight: bold;font-size: 14px'>2,37g 18k T\u00fcrkis Ohrringe<\/h2>\n<\/td>\n<\/tr>\n<\/tbody>\n<\/table>\n<p><p><span style=\"font-size:16px\"><span style=\"font-family:arial,helvetica,sans-serif\"><b>Beschreibung des Produkts:<\/b><\/span><\/span><br \/>&nbsp;<br \/><span style=\"font-size:16px\"><span style=\"font-family:arial,helvetica,sans-serif\">T\u00fcrkis Kreis Ohrringe in 18k Wei\u00dfgold 9,65 mm Durchmesser Jede<\/span><\/span><br \/>&nbsp;<br \/><span style=\"font-size:16px\"><span style=\"font-family:arial,helvetica,sans-serif\"><b>Einzelheiten zum Produkt:&nbsp;<\/b><\/span><\/span><br \/>&nbsp;<\/p>\n<table border=\"1\" cellpadding=\"0\" cellspacing=\"0\" style=\"width: 651px\">\n<tr>\n<td style=\"width: 145px\"><span style=\"font-size:16px\"><span style=\"font-family:arial,helvetica,sans-serif\">Artikel Nr.<\/span><\/span><\/td>\n<td style=\"width: 501px\"><span style=\"font-size:16px\"><span style=\"font-family:arial,helvetica,sans-serif\">KD263E<\/span><\/span><\/td>\n<\/tr>\n<tr>\n<td style=\"width: 145px\"><span style=\"font-size:16px\"><span style=\"font-family:arial,helvetica,sans-serif\">Produktname<\/span><\/span><\/td>\n<td style=\"width: 501px\"><span style=\"font-size:16px\"><span style=\"font-family:arial,helvetica,sans-serif\">18K Gold T\u00fcrkis Kreise Ohrringe<\/span><\/span><\/td>\n<\/tr>\n<tr>\n<td style=\"width: 145px\"><span style=\"font-size:16px\"><span style=\"font-family:arial,helvetica,sans-serif\">Stil<\/span><\/span><\/td>\n<td style=\"width: 501px\"><span style=\"font-size:16px\"><span style=\"font-family:arial,helvetica,sans-serif\">Beliebt&nbsp;<\/span><\/span><\/td>\n<\/tr>\n<tr>\n<td style=\"width: 145px\"><span style=\"font-size:16px\"><span style=\"font-family:arial,helvetica,sans-serif\">Material<\/span><\/span><\/td>\n<td style=\"width: 501px\"><span style=\"font-size:16px\"><span style=\"font-family:arial,helvetica,sans-serif\">18K Wei\u00dfgold&nbsp;<\/span><\/span><\/td>\n<\/tr>\n<tr>\n<td style=\"width: 145px\"><span style=\"font-size:16px\"><span style=\"font-family:arial,helvetica,sans-serif\">Einstellung Typ<\/span><\/span><\/td>\n<td style=\"width: 501px\"><span style=\"font-size:16px\"><span style=\"font-family:arial,helvetica,sans-serif\">Baze-Einstellung<\/span><\/span><\/td>\n<\/tr>\n<tr>\n<td style=\"width: 145px\"><span style=\"font-size:16px\"><span style=\"font-family:arial,helvetica,sans-serif\">Geschlecht<\/span><\/span><\/td>\n<td style=\"width: 501px\"><span style=\"font-size:16px\"><span style=\"font-family:arial,helvetica,sans-serif\">Frauen<\/span><\/span><\/td>\n<\/tr>\n<tr>\n<td style=\"width: 145px\"><span style=\"font-size:16px\"><span style=\"font-family:arial,helvetica,sans-serif\">Diamant<\/span><\/span><\/td>\n<td style=\"width: 501px\"><span style=\"font-size:16px\"><span style=\"font-family:arial,helvetica,sans-serif\">T\u00fcrkis<\/span><\/span><\/td>\n<\/tr>\n<tr>\n<td style=\"width: 145px\"><span style=\"font-size:16px\"><span style=\"font-family:arial,helvetica,sans-serif\">Ohrringe Gr\u00f6\u00dfe :&nbsp;<\/span><\/span><\/td>\n<td style=\"width: 501px\"><span style=\"font-size:16px\"><span style=\"font-family:arial,helvetica,sans-serif\">9,65 mm<\/span><\/span><\/td>\n<\/tr>\n<tr>\n<td style=\"width: 145px\"><span style=\"font-size:16px\"><span style=\"font-family:arial,helvetica,sans-serif\">Anpassen:&nbsp;<\/span><\/span><\/td>\n<td style=\"width: 501px\">\n<p><span style=\"font-size:16px\"><span style=\"font-family:arial,helvetica,sans-serif\">18K Gold-Ohrringe<\/span><\/span><\/p>\n<\/td>\n<\/tr>\n<tr>\n<td style=\"width: 145px\"><span style=\"font-size:16px\"><span style=\"font-family:arial,helvetica,sans-serif\">Anlass<\/span><\/span><\/td>\n<td style=\"width: 501px\"><span style=\"font-size:16px\"><span style=\"font-family:arial,helvetica,sans-serif\">Jahrestag, Verlobung, Geschenk, Party, Hochzeit<\/span><\/span><\/td>\n<\/tr>\n<\/table>\n<p><span style=\"font-size:16px\"><span style=\"font-family:arial,helvetica,sans-serif\"><span>1: Die <\/span>T\u00fcrkis Kreise Ohrringe<span> Marke von&nbsp;<\/span>9,65 mm<span> Breite Gr\u00f6\u00dfe<\/span><\/span><\/span><\/p>\n<p style=\"padding: 0px;border: 0px;font-family: arial\"><span style=\"font-size:16px\"><span style=\"font-family:arial,helvetica,sans-serif\">2:&nbsp;<span>Ungef\u00e4hr<\/span> Gewicht: 2,37g<\/span><\/span><\/p>\n<p style=\"padding: 0px;border: 0px;font-family: arial\"><span style=\"font-size:16px\"><span style=\"font-family:arial,helvetica,sans-serif\">3: Fassung aus 18K Wei\u00dfgold<\/span><\/span><\/p>\n<p style=\"padding: 0px;border: 0px;font-family: arial\"><span style=\"font-size:16px\"><span style=\"font-family:arial,helvetica,sans-serif\">4: Foto mit dem Telefon nehmen, die realen Elemente der Qualit\u00e4t mehr Glanz.<\/span><\/span><\/p>\n<p style=\"padding: 0px;border: 0px;font-family: arial\"><span style=\"font-size:16px\"><span style=\"font-family:arial,helvetica,sans-serif\">5: Fast alle Edelsteine wurden behandelt, um ihre Sch\u00f6nheit zu steigern, und ben\u00f6tigen besondere Pflege.<\/span><\/span><\/p>\n<p style=\"padding: 0px;border: 0px;font-family: arial\">&nbsp;<br \/><span style=\"font-size:16px\"><span style=\"font-family:arial,helvetica,sans-serif\"><b><span>Produkt anzeigen:<\/span><\/b><\/span><\/span><br \/>&nbsp;<br \/><span style=\"font-size:16px\"><span style=\"font-family:arial,helvetica,sans-serif\"><img decoding=\"async\" src=\"https:\/\/www.gold-jewellerys.com\/test\/gold-jewellerys.com\/photo\/pl37815198-remark.jpg\"><img decoding=\"async\" src=\"https:\/\/www.gold-jewellerys.com\/test\/gold-jewellerys.com\/photo\/pl37815196-remark.jpg\"><img decoding=\"async\" src=\"https:\/\/www.gold-jewellerys.com\/test\/gold-jewellerys.com\/photo\/pl37815195-remark.jpg\"><img decoding=\"async\" src=\"https:\/\/www.gold-jewellerys.com\/test\/gold-jewellerys.com\/photo\/pl37815199-remark.jpg\"><\/span><\/span><br \/>&nbsp;<br \/><span style=\"font-size:16px\"><span style=\"font-family:arial,helvetica,sans-serif\"><b>Warum uns w\u00e4hlen:<\/b><\/span><\/span><br \/><span style=\"font-size:16px\"><span style=\"font-family:arial,helvetica,sans-serif\">1: K-Gold hat etwa 21 Jahre Erfahrung im Schmuckbereich und 17 Jahre Produktionserfahrung.<\/span><\/span><br \/><span style=\"font-size:16px\"><span style=\"font-family:arial,helvetica,sans-serif\">2: Unser professionelles Forschungs- und Entwicklungsteam sorgt daf\u00fcr, dass unsere Produkte st\u00e4ndig aktualisiert werden und der Branche voraus sind. So haben wir mehr als 30000 verschiedene Entw\u00fcrfe und mehr dann 46 Sammlungen k\u00f6nnen von verschiedenen Marktanforderung erf\u00fcllen.<\/span><\/span><br \/><span style=\"font-size:16px\"><span style=\"font-family:arial,helvetica,sans-serif\">3: F\u00fcr kundenspezifische Artikel k\u00f6nnen Sie CAD am gleichen Tag oder am n\u00e4chsten Tag erhalten, um die Daten vor der Bestellung zu best\u00e4tigen.<\/span><\/span><br \/><span style=\"font-size:16px\"><span style=\"font-family:arial,helvetica,sans-serif\">4: Das Ziel von K-gold ist es, den Kunden die richtigen Produkte zum richtigen Preis anzubieten und rechtzeitig zu liefern.<\/span><\/span><br \/><span style=\"font-size:16px\"><span style=\"font-family:arial,helvetica,sans-serif\">&nbsp; Wir verf\u00fcgen \u00fcber ein leistungsf\u00e4higes Kundendienstteam, das den gesamten Verkaufsprozess im Auge beh\u00e4lt und Ihnen bei allen Fragen hilft,<\/span><\/span><br \/><span style=\"font-size:16px\"><span style=\"font-family:arial,helvetica,sans-serif\">&nbsp; vom CAD-Entwurf bis zur Auslieferung.<\/span><\/span><br \/>&nbsp;<br \/><span style=\"font-size:16px\"><span style=\"font-family:arial,helvetica,sans-serif\"><b>K-Gold Factory Show:&nbsp;<\/b><\/span><\/span><br \/>&nbsp;<br \/><span style=\"font-size:16px\"><span style=\"font-family:arial,helvetica,sans-serif\"><img decoding=\"async\" src=\"https:\/\/www.gold-jewellerys.com\/test\/gold-jewellerys.com\/photo\/pl36123473-remark.jpg\"><\/span><\/span><br \/>&nbsp;<br \/><span style=\"font-size:16px\"><span style=\"font-family:arial,helvetica,sans-serif\"><img decoding=\"async\" src=\"https:\/\/www.gold-jewellerys.com\/test\/gold-jewellerys.com\/photo\/pl36906274-remark.jpg\"><\/span><\/span><br \/>&nbsp;<br \/>&nbsp;<br \/><span style=\"font-size:16px\"><span style=\"font-family:arial,helvetica,sans-serif\">FAQ:<\/span><\/span><br \/><span style=\"font-size:16px\"><span style=\"font-family:arial,helvetica,sans-serif\">1: Wie k\u00f6nnen wir den Preis erfahren?<\/span><\/span><br \/><span style=\"font-size:16px\"><span style=\"font-family:arial,helvetica,sans-serif\">Wir begr\u00fc\u00dfen Sie, um uns auf whatsapp zu kontaktieren. Schicken Sie uns einfach die Bilder der Elemente, die Sie wollen, dann werden wir Ihnen die Preise so schnell wie m\u00f6glich.<\/span><\/span><br \/>&nbsp;<br \/><span style=\"font-size:16px\"><span style=\"font-family:arial,helvetica,sans-serif\">Ansprechpartnerin: Cherry Lee<br \/>WhatsApp: +86-18520267369 \/ Tell:+8618520267369<\/span><\/span><br \/>&nbsp;<br \/><span style=\"font-size:16px\"><span style=\"font-family:arial,helvetica,sans-serif\">2: Wie hoch ist das MOQ?<\/span><\/span><br \/><span style=\"font-size:16px\"><span style=\"font-family:arial,helvetica,sans-serif\">Die MOQ ist 1pcs pro Stil, wenn Sie 3pcs pro Stil tun k\u00f6nnen, wird der Preis mehr am besten.<\/span><\/span><br \/>&nbsp;<br \/><span style=\"font-size:16px\"><span style=\"font-family:arial,helvetica,sans-serif\">3. Wie lange wird die Produktion dauern?<\/span><\/span><br \/><span style=\"font-size:16px\"><span style=\"font-family:arial,helvetica,sans-serif\">Die Produktionszeit betr\u00e4gt etwa 7 bis 15 Tage.<\/span><\/span><br \/>&nbsp;<br \/><span style=\"font-size:16px\"><span style=\"font-family:arial,helvetica,sans-serif\">3: Was ist der eingravierte Stempel im Inneren?<br \/>Der Stempel ist original Markenschmuck Name. Wir k\u00f6nnen auch Ihr eigenes Logo auf die Elemente hinzuf\u00fcgen<\/span><\/span><br \/>&nbsp;<br \/><span style=\"font-size:16px\"><span style=\"font-family:arial,helvetica,sans-serif\">4: Wie sind die Zahlungsbedingungen?<\/span><\/span><br \/><span style=\"font-size:16px\"><span style=\"font-family:arial,helvetica,sans-serif\">Sie k\u00f6nnen 30% Anzahlung first.And der Restbetrag sollte vor der Auslieferung bezahlt werden.<\/span><\/span><br \/>&nbsp;<br \/><span style=\"font-size:16px\"><span style=\"font-family:arial,helvetica,sans-serif\">5. Stellen Sie Schmuck f\u00fcr private K\u00e4ufer oder nur f\u00fcr Gro\u00dfh\u00e4ndler her?<\/span><\/span><br \/><span style=\"font-size:16px\"><span style=\"font-family:arial,helvetica,sans-serif\">Eigentlich sind wir den gesamten Verkauf zu machen, die online zu verkaufen oder haben Sie Ihr eigenes Gesch\u00e4ft f\u00fcr Original-Designs, f\u00fcr die Marke Schmuck erlaubt den pers\u00f6nlichen K\u00e4ufer zu. Sie k\u00f6nnen feine Qualit\u00e4t Markenschmuck f\u00fcr Ihre Familie, Freunde und sich selbst zu Fabrikpreisen zu bestellen. Auch wird es gro\u00df sein, wenn Sie ein Schmuck Wiederverk\u00e4ufer sind.<\/span><\/span><\/p><\/p>","protected":false},"excerpt":{"rendered":"<br \/>\n<table class=\"tables data\" width=\"100%\" border=\"0\" cellpadding=\"0\" cellspacing=\"0\">\n<tbody>\n<tr>\n<th width=\"35%\">Ort der Herkunft:<\/th>\n<td>China<\/td>\n<\/tr>\n<tr>\n<th width=\"35%\">Markenname:<\/th>\n<td>Luxusmarke<\/td>\n<\/tr>\n<tr>\n<th width=\"35%\">Zertifizierung:<\/th>\n<td>Gold-Zertifikat<\/td>\n<\/tr>\n<tr>\n<th width=\"35%\">Modellnummer:<\/th>\n<td>KD263E<\/td>\n<\/tr>\n<\/tbody>\n<\/table>\n<p>                                                                            <span class=\"title_s\">Zahlungs- und Versandbedingungen:<\/span>                            <\/p>\n<table class=\"tables data\" width=\"100%\" border=\"0\" cellpadding=\"0\" cellspacing=\"0\">\n<tbody>\n<tr>\n<th width=\"35%\" nowrap=\"nowrap\">Mindestbestellmenge:<\/th>\n<td>1<\/td>\n<\/tr>\n<tr>\n<th width=\"35%\" nowrap=\"nowrap\">Preis:<\/th>\n<td>Verhandlungsf\u00e4hig<\/td>\n<\/tr>\n<tr>\n<th width=\"35%\" nowrap=\"nowrap\">Einzelheiten zur Verpackung:<\/th>\n<td>Original-Marke Geschenk-Box Verpackung<\/td>\n<\/tr>\n<tr>\n<th width=\"35%\" nowrap=\"nowrap\">Lieferzeiten:<\/th>\n<td>5-15 Arbeitstage<\/td>\n<\/tr>\n<tr>\n<th width=\"35%\" nowrap=\"nowrap\">Zahlungsbedingungen:<\/th>\n<td>T\/T, Western Union<\/td>\n<\/tr>\n<tr>\n<th width=\"35%\" nowrap=\"nowrap\">Lieferf\u00e4higkeit:<\/th>\n<td>1000St\u00fcck\/Monat<\/td>\n<\/tr>\n<\/tbody>\n<\/table>","protected":false},"featured_media":1347,"comment_status":"closed","ping_status":"closed","template":"","meta":{"_gspb_post_css":""},"product_brand":[],"product_cat":[16],"product_tag":[],"class_list":{"0":"post-1352","1":"product","2":"type-product","3":"status-publish","4":"has-post-thumbnail","6":"product_cat-solid-gold-jewellery","8":"first","9":"instock","10":"shipping-taxable","11":"product-type-simple"},"aioseo_notices":[],"_links":{"self":[{"href":"https:\/\/dearjewelry.ltd\/de\/wp-json\/wp\/v2\/product\/1352","targetHints":{"allow":["GET"]}}],"collection":[{"href":"https:\/\/dearjewelry.ltd\/de\/wp-json\/wp\/v2\/product"}],"about":[{"href":"https:\/\/dearjewelry.ltd\/de\/wp-json\/wp\/v2\/types\/product"}],"replies":[{"embeddable":true,"href":"https:\/\/dearjewelry.ltd\/de\/wp-json\/wp\/v2\/comments?post=1352"}],"wp:featuredmedia":[{"embeddable":true,"href":"https:\/\/dearjewelry.ltd\/de\/wp-json\/wp\/v2\/media\/1347"}],"wp:attachment":[{"href":"https:\/\/dearjewelry.ltd\/de\/wp-json\/wp\/v2\/media?parent=1352"}],"wp:term":[{"taxonomy":"product_brand","embeddable":true,"href":"https:\/\/dearjewelry.ltd\/de\/wp-json\/wp\/v2\/product_brand?post=1352"},{"taxonomy":"product_cat","embeddable":true,"href":"https:\/\/dearjewelry.ltd\/de\/wp-json\/wp\/v2\/product_cat?post=1352"},{"taxonomy":"product_tag","embeddable":true,"href":"https:\/\/dearjewelry.ltd\/de\/wp-json\/wp\/v2\/product_tag?post=1352"}],"curies":[{"name":"wp","href":"https:\/\/api.w.org\/{rel}","templated":true}]}}