{"id":1335,"date":"2025-07-13T04:40:08","date_gmt":"2025-07-13T04:40:08","guid":{"rendered":"https:\/\/dearjewelry.ltd\/product\/0-41ct-serpenti-viper-ring-18k-natural-diamond-ring-width-4mm\/"},"modified":"2025-07-13T04:40:08","modified_gmt":"2025-07-13T04:40:08","slug":"0-41ct-serpenti-viper-ring-18k-naturliche-diamant-ring-breite-4mm","status":"publish","type":"product","link":"https:\/\/dearjewelry.ltd\/de\/produkt\/0-41ct-serpenti-viper-ring-18k-naturliche-diamant-ring-breite-4mm\/","title":{"rendered":"0.41ct Serpenti Viper Ring , 18K Nat\u00fcrlicher Diamant Ring Breite 4mm"},"content":{"rendered":"<h2>0.41ct Serpenti Viper Ring , 18K Nat\u00fcrlicher Diamant Ring Breite 4mm<\/h2>\n<p> Beschreibung<\/p>\n<table cellpadding=\"0\" cellspacing=\"0\" class=\"details_table\">\n<tbody>\n<tr>\n<th>Material:<\/th>\n<td>18K Rose Gold<\/td>\n<th>Schmuck Typ:<\/th>\n<td>Diamant-Schlangenring<\/td>\n<\/tr>\n<tr class=\"bg_gray\">\n<th>Geschlecht:<\/th>\n<td>Damen, Herren, Kinder<\/td>\n<th>Massives Gold:<\/th>\n<td>18K Rose Gold Ring<\/td>\n<\/tr>\n<tr>\n<th>Gr\u00f6\u00dfe:<\/th>\n<td>Gr\u00f6\u00dfe US# 5~ #16<\/td>\n<th>Produktname:<\/th>\n<td>Serpenti Viper Ring<\/td>\n<\/tr>\n<tr class=\"bg_gray\">\n<th>Ringe:<\/th>\n<td>Breite: 4 mm<\/td>\n<th>Anlass:<\/th>\n<td>Jahrestag, Party, Geschenk, Hochzeit, Geburtstag<\/td>\n<\/tr>\n<tr>\n<th>Goldschmuck:<\/th>\n<td>18K Gold Schlangenring<\/td>\n<th>Gewicht der Diamanten:<\/th>\n<td>0,41ct Gesamt<\/td>\n<\/tr>\n<tr class=\"bg_gray\">\n<th colspan=\"1\">H\u00f6hepunkt:<\/th>\n<td colspan=\"3\">\n<h2 style='font-weight: bold;font-size: 14px'>0,41ct Serpenti Viper Ring<\/h2>\n<p>, <\/p>\n<h2 style='font-weight: bold;font-size: 14px'>Diamant-Serpenti-Viper-Ring<\/h2>\n<p>, <\/p>\n<h2 style='font-weight: bold;font-size: 14px'>Serpenti Nat\u00fcrlicher Diamant Ring<\/h2>\n<\/td>\n<\/tr>\n<\/tbody>\n<\/table>\n<p><p><span style=\"font-size:16px\"><span style=\"font-family:arial,helvetica,sans-serif\"><strong>Beschreibung des Produkts:<\/strong><\/span><\/span><\/p>\n<p>&nbsp;<\/p>\n<p><span style=\"font-size:16px\"><span style=\"font-family:arial,helvetica,sans-serif\">Serpenti Viper Paare Ring 18K massivem Gold Schmuck Rose Gold 0,41ct nat\u00fcrlichen Diamant Schlange Ring<\/span><\/span><\/p>\n<p>&nbsp;<\/p>\n<p><span style=\"font-size:16px\"><span style=\"font-family:arial,helvetica,sans-serif\"><strong>Einzelheiten zum Produkt:&nbsp;<\/strong><\/span><\/span><\/p>\n<p>&nbsp;<\/p>\n<table border=\"1\" cellpadding=\"0\" cellspacing=\"0\" style=\"width: 651px\">\n<tbody>\n<tr>\n<td style=\"width: 145px\"><span style=\"font-size:16px\"><span style=\"font-family:arial,helvetica,sans-serif\">Artikel Nr.<\/span><\/span><\/td>\n<td style=\"width: 501px\"><span style=\"font-size:16px\"><span style=\"font-family:arial,helvetica,sans-serif\">KD011R<\/span><\/span><\/td>\n<\/tr>\n<tr>\n<td style=\"width: 145px\"><span style=\"font-size:16px\"><span style=\"font-family:arial,helvetica,sans-serif\">Produktname<\/span><\/span><\/td>\n<td style=\"width: 501px\"><span style=\"font-size:16px\"><span style=\"font-family:arial,helvetica,sans-serif\">Diamant-Schlangenring<\/span><\/span><\/td>\n<\/tr>\n<tr>\n<td style=\"width: 145px\"><span style=\"font-size:16px\"><span style=\"font-family:arial,helvetica,sans-serif\">Stil<\/span><\/span><\/td>\n<td style=\"width: 501px\"><span style=\"font-size:16px\"><span style=\"font-family:arial,helvetica,sans-serif\">Beliebt&nbsp;<\/span><\/span><\/td>\n<\/tr>\n<tr>\n<td style=\"width: 145px\"><span style=\"font-size:16px\"><span style=\"font-family:arial,helvetica,sans-serif\">Material<\/span><\/span><\/td>\n<td style=\"width: 501px\"><span style=\"font-size:16px\"><span style=\"font-family:arial,helvetica,sans-serif\">18K Rose Gold&nbsp;<\/span><\/span><\/td>\n<\/tr>\n<tr>\n<td style=\"width: 145px\"><span style=\"font-size:16px\"><span style=\"font-family:arial,helvetica,sans-serif\">Einstellung Typ<\/span><\/span><\/td>\n<td style=\"width: 501px\"><span style=\"font-size:16px\"><span style=\"font-family:arial,helvetica,sans-serif\">Baze-Einstellung<\/span><\/span><\/td>\n<\/tr>\n<tr>\n<td style=\"width: 145px\"><span style=\"font-size:16px\"><span style=\"font-family:arial,helvetica,sans-serif\">Geschlecht<\/span><\/span><\/td>\n<td style=\"width: 501px\"><span style=\"font-size:16px\"><span style=\"font-family:arial,helvetica,sans-serif\">Frauen<\/span><\/span><\/td>\n<\/tr>\n<tr>\n<td style=\"width: 145px\"><span style=\"font-size:16px\"><span style=\"font-family:arial,helvetica,sans-serif\">Breit<\/span><\/span><\/td>\n<td style=\"width: 501px\"><span style=\"font-size:16px\"><span style=\"font-family:arial,helvetica,sans-serif\">4mm<\/span><\/span><\/td>\n<\/tr>\n<tr>\n<td style=\"width: 145px\"><span style=\"font-size:16px\"><span style=\"font-family:arial,helvetica,sans-serif\">Armreif Gr\u00f6\u00dfe :&nbsp;<\/span><\/span><\/td>\n<td style=\"width: 501px\"><span style=\"font-size:16px\"><span style=\"font-family:arial,helvetica,sans-serif\">&nbsp;US#5~16<\/span><\/span><\/td>\n<\/tr>\n<tr>\n<td style=\"width: 145px\"><span style=\"font-size:16px\"><span style=\"font-family:arial,helvetica,sans-serif\">Anpassen:&nbsp;<\/span><\/span><\/td>\n<td style=\"width: 501px\"><span style=\"font-size:16px\"><span style=\"font-family:arial,helvetica,sans-serif\">18K Gold Ring<\/span><\/span><\/td>\n<\/tr>\n<tr>\n<td style=\"width: 145px\"><span style=\"font-size:16px\"><span style=\"font-family:arial,helvetica,sans-serif\">Anlass<\/span><\/span><\/td>\n<td style=\"width: 501px\"><span style=\"font-size:16px\"><span style=\"font-family:arial,helvetica,sans-serif\">Jahrestag, Verlobung, Geschenk, Party, Hochzeit<\/span><\/span><\/td>\n<\/tr>\n<\/tbody>\n<\/table>\n<p>\n<span style=\"font-size:16px\"><span style=\"font-family:arial,helvetica,sans-serif\"><span>1: Die <\/span>Diamant-Schlangenring&nbsp;<span>von 4mm Breite machen,&nbsp;<\/span>Durchm. 0,42ct gesamt<\/span><\/span><\/p>\n<p style=\"padding: 0px;border: 0px;font-family: arial\"><span style=\"font-size:16px\"><span style=\"font-family:arial,helvetica,sans-serif\">2: Diamant-Farbbewertungscode: F-H<\/span><\/span><\/p>\n<p style=\"padding: 0px;border: 0px;font-family: arial\"><span style=\"font-size:16px\"><span style=\"font-family:arial,helvetica,sans-serif\">3: Diamant Reinheitsgrad Code: Si1<\/span><\/span><\/p>\n<p style=\"padding: 0px;border: 0px;font-family: arial\"><span style=\"font-size:16px\"><span style=\"font-family:arial,helvetica,sans-serif\">4: Diamantform: Rund<\/span><\/span><\/p>\n<p style=\"padding: 0px;border: 0px;font-family: arial\"><span style=\"font-size:16px\"><span style=\"font-family:arial,helvetica,sans-serif\">5:&nbsp;<span>Ungef\u00e4hr<\/span> Gewicht: 3,62g<\/span><\/span><\/p>\n<p style=\"padding: 0px;border: 0px;font-family: arial\"><span style=\"font-size:16px\"><span style=\"font-family:arial,helvetica,sans-serif\">5: Fassung aus 18K Gelbgold<\/span><\/span><\/p>\n<p style=\"padding: 0px;border: 0px;font-family: arial\"><span style=\"font-size:16px\"><span style=\"font-family:arial,helvetica,sans-serif\">6: Foto mit dem Telefon nehmen, die realen Elemente der Qualit\u00e4t mehr Glanz.<\/span><\/span><\/p>\n<p style=\"padding: 0px;border: 0px;font-family: arial\"><span style=\"font-size:16px\"><span style=\"font-family:arial,helvetica,sans-serif\">7: Fast alle Edelsteine wurden behandelt, um ihre Sch\u00f6nheit zu steigern, und erfordern besondere Pflege.<\/span><\/span><\/p>\n<p style=\"padding: 0px;border: 0px;font-family: arial\">&nbsp;<\/p>\n<p><span style=\"font-size:16px\"><span style=\"font-family:arial,helvetica,sans-serif\"><strong><span>Produkt anzeigen:<\/span><\/strong><\/span><\/span><\/p>\n<p>&nbsp;<\/p>\n<p>&nbsp;<\/p>\n<p>&nbsp;<\/p>\n<p><span style=\"font-size:16px\"><span style=\"font-family:arial,helvetica,sans-serif\"><strong>Warum uns w\u00e4hlen:<\/strong><\/span><\/span><\/p>\n<p><span style=\"font-size:16px\"><span style=\"font-family:arial,helvetica,sans-serif\">1: K-Gold hat etwa 21 Jahre Erfahrung im Schmuckbereich und 17 Jahre Produktionserfahrung.<\/span><\/span><\/p>\n<p><span style=\"font-size:16px\"><span style=\"font-family:arial,helvetica,sans-serif\">2: Unser professionelles Forschungs- und Entwicklungsteam sorgt daf\u00fcr, dass unsere Produkte st\u00e4ndig aktualisiert werden und der Branche voraus sind. So haben wir mehr als 30000 verschiedene Entw\u00fcrfe und mehr dann 46 Sammlungen k\u00f6nnen von verschiedenen Marktanforderung erf\u00fcllen.<\/span><\/span><\/p>\n<p><span style=\"font-size:16px\"><span style=\"font-family:arial,helvetica,sans-serif\">3: F\u00fcr kundenspezifische Artikel k\u00f6nnen Sie CAD am gleichen Tag oder am n\u00e4chsten Tag erhalten, um die Daten vor der Bestellung zu best\u00e4tigen.<\/span><\/span><\/p>\n<p><span style=\"font-size:16px\"><span style=\"font-family:arial,helvetica,sans-serif\">4: Das Ziel von K-gold ist es, den Kunden die richtigen Produkte zum richtigen Preis anzubieten und rechtzeitig zu liefern.<\/span><\/span><\/p>\n<p><span style=\"font-size:16px\"><span style=\"font-family:arial,helvetica,sans-serif\">&nbsp; Wir verf\u00fcgen \u00fcber ein leistungsf\u00e4higes Kundendienstteam, das den gesamten Verkaufsprozess im Auge beh\u00e4lt und Ihnen bei allen Fragen hilft,<\/span><\/span><\/p>\n<p><span style=\"font-size:16px\"><span style=\"font-family:arial,helvetica,sans-serif\">&nbsp; vom CAD-Entwurf bis zur Auslieferung.<\/span><\/span><\/p>\n<p>&nbsp;<\/p>\n<p><span style=\"font-size:16px\"><span style=\"font-family:arial,helvetica,sans-serif\"><strong>K-Gold Factory Show:&nbsp;<\/strong><\/span><\/span><\/p>\n<p>&nbsp;<\/p>\n<p><span style=\"font-size:16px\"><span style=\"font-family:arial,helvetica,sans-serif\"><img decoding=\"async\" src=\"https:\/\/www.gold-jewellerys.com\/test\/gold-jewellerys.com\/photo\/pl36123473-remark.jpg\"><\/span><\/span><\/p>\n<p><span style=\"font-size:16px\"><span style=\"font-family:arial,helvetica,sans-serif\"><img decoding=\"async\" src=\"https:\/\/www.gold-jewellerys.com\/test\/gold-jewellerys.com\/photo\/pl36461422-remark.jpg\"><\/span><\/span><\/p>\n<p><span style=\"font-size:16px\"><span style=\"font-family:arial,helvetica,sans-serif\"><img decoding=\"async\" src=\"https:\/\/www.gold-jewellerys.com\/test\/gold-jewellerys.com\/photo\/pl36461389-remark.jpg\"><\/span><\/span><\/p>\n<p>&nbsp;<\/p>\n<p><span style=\"font-size:16px\"><span style=\"font-family:arial,helvetica,sans-serif\">FAQ:<\/span><\/span><\/p>\n<p><span style=\"font-size:16px\"><span style=\"font-family:arial,helvetica,sans-serif\">1: Wie k\u00f6nnen wir den Preis erfahren?<\/span><\/span><\/p>\n<p><span style=\"font-size:16px\"><span style=\"font-family:arial,helvetica,sans-serif\">Wir begr\u00fc\u00dfen Sie, um uns auf whatsapp zu kontaktieren. Schicken Sie uns einfach die Bilder der Elemente, die Sie wollen, dann werden wir Ihnen die Preise so schnell wie m\u00f6glich.<\/span><\/span><\/p>\n<p>&nbsp;<\/p>\n<p><span style=\"font-size:16px\"><span style=\"font-family:arial,helvetica,sans-serif\">Ansprechpartnerin: Cherry Lee<br \/>\nWhatsApp: +86-18520267369 \/ Tell:+8618520267369<br \/>\nE-Mail:<br \/>\nWebsite:<\/span><\/span><\/p>\n<p>&nbsp;<\/p>\n<p><span style=\"font-size:16px\"><span style=\"font-family:arial,helvetica,sans-serif\">2: Was ist der eingravierte Stempel im Inneren?<br \/>\nDer Stempel ist ein originaler Markenschmuckname.<\/span><\/span><\/p>\n<p>&nbsp;<\/p>\n<p><span style=\"font-size:16px\"><span style=\"font-family:arial,helvetica,sans-serif\">3:Bieten Sie Zertifizierungen an?<\/span><\/span><\/p>\n<p><span style=\"font-size:16px\"><span style=\"font-family:arial,helvetica,sans-serif\">Ja, es gibt die zertifizierte, wenn Sie brauchen und Preis wird nicht die Geb\u00fchr enthalten. Der Diamant dort GIA-zertifiziert oder ohne es nur<\/span><\/span><\/p>\n<p><span style=\"font-size:16px\"><span style=\"font-family:arial,helvetica,sans-serif\">Lassen Sie es mich wissen, denn es gibt Preisunterschiede.<\/span><\/span><\/p>\n<p>&nbsp;<\/p>\n<p><span style=\"font-size:16px\"><span style=\"font-family:arial,helvetica,sans-serif\">4. Wie lange wird die Produktion dauern?&nbsp;<\/span><\/span><\/p>\n<p><span style=\"font-size:16px\"><span style=\"font-family:arial,helvetica,sans-serif\">Die Produktionszeit betr\u00e4gt etwa 7 bis 15 Tage.<\/span><\/span><\/p>\n<p>&nbsp;<\/p>\n<p><span style=\"font-size:16px\"><span style=\"font-family:arial,helvetica,sans-serif\">5. welche Arten von Materialien verwenden Sie?<\/span><\/span><\/p>\n<p><span style=\"font-size:16px\"><span style=\"font-family:arial,helvetica,sans-serif\">Wir bieten massives Gold (9K, 10K, 14K, 18K).<\/span><\/span><\/p>\n<p>&nbsp;<\/p>\n<p><span style=\"font-size:16px\"><span style=\"font-family:arial,helvetica,sans-serif\">6. K\u00f6nnen Sie 1:1 das gleiche wie die urspr\u00fcngliche Marke Schmuck-Designs zu tun?<\/span><\/span><\/p>\n<p><span style=\"font-size:16px\"><span style=\"font-family:arial,helvetica,sans-serif\">Ja, alle Markenschmuckst\u00fccke sind 1:1 mit den Originaldesigns identisch.<\/span><\/span><\/p>\n<p>&nbsp;<\/p>\n<p><span style=\"font-size:16px\"><span style=\"font-family:arial,helvetica,sans-serif\">7. Stellen Sie Schmuck f\u00fcr private K\u00e4ufer oder nur f\u00fcr Gro\u00dfh\u00e4ndler her?<\/span><\/span><\/p>\n<p><span style=\"font-size:16px\"><span style=\"font-family:arial,helvetica,sans-serif\">Eigentlich sind wir den gesamten Verkauf zu machen, die online zu verkaufen oder haben Sie Ihr eigenes Gesch\u00e4ft f\u00fcr Original-Designs, f\u00fcr die Marke Schmuck erlaubt den pers\u00f6nlichen K\u00e4ufer zu. Sie k\u00f6nnen feine Qualit\u00e4t Markenschmuck f\u00fcr Ihre Familie, Freunde und sich selbst zu Fabrikpreisen zu bestellen. Auch wird es gro\u00df sein, wenn Sie ein Schmuck Wiederverk\u00e4ufer sind. Wir bieten kostenlosen Versand und kostenlose Original-Marke-Boxen, wenn Sie viele Artikel jedes Mal bestellen k\u00f6nnen. Mehr Menge dann besten Preis.<\/span><\/span><\/p><\/p>","protected":false},"excerpt":{"rendered":"<br \/>\n<table class=\"tables data\" width=\"100%\" border=\"0\" cellpadding=\"0\" cellspacing=\"0\">\n<tbody>\n<tr>\n<th width=\"35%\">Ort der Herkunft:<\/th>\n<td>China<\/td>\n<\/tr>\n<tr>\n<th width=\"35%\">Markenname:<\/th>\n<td>Luxusmarke<\/td>\n<\/tr>\n<tr>\n<th width=\"35%\">Zertifizierung:<\/th>\n<td>Gold-Diamant-Zertifikat<\/td>\n<\/tr>\n<tr>\n<th width=\"35%\">Modellnummer:<\/th>\n<td>KD011R<\/td>\n<\/tr>\n<\/tbody>\n<\/table>\n<p>                                                                            <span class=\"title_s\">Zahlungs- und Versandbedingungen:<\/span>                            <\/p>\n<table class=\"tables data\" width=\"100%\" border=\"0\" cellpadding=\"0\" cellspacing=\"0\">\n<tbody>\n<tr>\n<th width=\"35%\" nowrap=\"nowrap\">Mindestbestellmenge:<\/th>\n<td>1<\/td>\n<\/tr>\n<tr>\n<th width=\"35%\" nowrap=\"nowrap\">Preis:<\/th>\n<td>Verhandlungsf\u00e4hig<\/td>\n<\/tr>\n<tr>\n<th width=\"35%\" nowrap=\"nowrap\">Einzelheiten zur Verpackung:<\/th>\n<td>Original-Marke Geschenk-Box Verpackung<\/td>\n<\/tr>\n<tr>\n<th width=\"35%\" nowrap=\"nowrap\">Lieferzeiten:<\/th>\n<td>5-15 Arbeitstage<\/td>\n<\/tr>\n<tr>\n<th width=\"35%\" nowrap=\"nowrap\">Zahlungsbedingungen:<\/th>\n<td>T\/T, Western Union<\/td>\n<\/tr>\n<tr>\n<th width=\"35%\" nowrap=\"nowrap\">Lieferf\u00e4higkeit:<\/th>\n<td>1000St\u00fcck\/Monat<\/td>\n<\/tr>\n<\/tbody>\n<\/table>","protected":false},"featured_media":1334,"comment_status":"closed","ping_status":"closed","template":"","meta":{"_gspb_post_css":""},"product_brand":[],"product_cat":[16],"product_tag":[],"class_list":{"0":"post-1335","1":"product","2":"type-product","3":"status-publish","4":"has-post-thumbnail","6":"product_cat-solid-gold-jewellery","8":"first","9":"instock","10":"shipping-taxable","11":"product-type-simple"},"aioseo_notices":[],"_links":{"self":[{"href":"https:\/\/dearjewelry.ltd\/de\/wp-json\/wp\/v2\/product\/1335","targetHints":{"allow":["GET"]}}],"collection":[{"href":"https:\/\/dearjewelry.ltd\/de\/wp-json\/wp\/v2\/product"}],"about":[{"href":"https:\/\/dearjewelry.ltd\/de\/wp-json\/wp\/v2\/types\/product"}],"replies":[{"embeddable":true,"href":"https:\/\/dearjewelry.ltd\/de\/wp-json\/wp\/v2\/comments?post=1335"}],"wp:featuredmedia":[{"embeddable":true,"href":"https:\/\/dearjewelry.ltd\/de\/wp-json\/wp\/v2\/media\/1334"}],"wp:attachment":[{"href":"https:\/\/dearjewelry.ltd\/de\/wp-json\/wp\/v2\/media?parent=1335"}],"wp:term":[{"taxonomy":"product_brand","embeddable":true,"href":"https:\/\/dearjewelry.ltd\/de\/wp-json\/wp\/v2\/product_brand?post=1335"},{"taxonomy":"product_cat","embeddable":true,"href":"https:\/\/dearjewelry.ltd\/de\/wp-json\/wp\/v2\/product_cat?post=1335"},{"taxonomy":"product_tag","embeddable":true,"href":"https:\/\/dearjewelry.ltd\/de\/wp-json\/wp\/v2\/product_tag?post=1335"}],"curies":[{"name":"wp","href":"https:\/\/api.w.org\/{rel}","templated":true}]}}